{"id":13,"date":"2025-10-20T09:21:27","date_gmt":"2025-10-20T09:21:27","guid":{"rendered":"https:\/\/gtartistoo.com\/?page_id=13"},"modified":"2026-01-12T07:18:10","modified_gmt":"2026-01-12T07:18:10","slug":"retouren-erstattungen","status":"publish","type":"page","link":"https:\/\/gtartistoo.com\/de\/retouren-erstattungen\/","title":{"rendered":"R\u00fcckerstattung und R\u00fccksendung"},"content":{"rendered":"<div data-elementor-type=\"wp-page\" data-elementor-id=\"13\" class=\"elementor elementor-13\" data-elementor-post-type=\"page\">\n\t\t\t\t<div class=\"wd-negative-gap elementor-element elementor-element-428c3976 e-flex e-con-boxed e-con e-parent\" data-id=\"428c3976\" data-element_type=\"container\" data-e-type=\"container\" data-settings=\"{&quot;ekit_has_onepagescroll_dot&quot;:&quot;yes&quot;}\">\n\t\t\t\t\t<div class=\"e-con-inner\">\n\t\t<div class=\"elementor-element elementor-element-cb994ea e-con-full e-flex e-con e-child\" data-id=\"cb994ea\" data-element_type=\"container\" data-e-type=\"container\" data-settings=\"{&quot;ekit_has_onepagescroll_dot&quot;:&quot;yes&quot;}\">\n\t\t\t\t<div class=\"elementor-element elementor-element-0c0e663 elementor-widget elementor-widget-wd_text_block\" data-id=\"0c0e663\" data-element_type=\"widget\" data-e-type=\"widget\" data-settings=\"{&quot;ekit_we_effect_on&quot;:&quot;none&quot;}\" data-widget_type=\"wd_text_block.default\">\n\t\t\t\t<div class=\"elementor-widget-container\">\n\t\t\t\t\t\t\t<div class=\"wd-text-block reset-last-child text-left\">\n\t\t\t\n\t\t\t<h2><strong>gtartistoo R\u00fcckgabe- und Erstattungsbedingungen<\/strong><\/h2>\n\t\t\t\t\t<\/div>\n\t\t\t\t\t\t<\/div>\n\t\t\t\t<\/div>\n\t\t\t\t<\/div>\n\t\t<div class=\"elementor-element elementor-element-b643512 e-con-full e-flex e-con e-child\" data-id=\"b643512\" data-element_type=\"container\" data-e-type=\"container\" data-settings=\"{&quot;ekit_has_onepagescroll_dot&quot;:&quot;yes&quot;}\">\n\t\t\t\t<div class=\"elementor-element elementor-element-7f14e1b elementor-widget elementor-widget-wd_text_block\" data-id=\"7f14e1b\" data-element_type=\"widget\" data-e-type=\"widget\" data-settings=\"{&quot;ekit_we_effect_on&quot;:&quot;none&quot;}\" data-widget_type=\"wd_text_block.default\">\n\t\t\t\t<div class=\"elementor-widget-container\">\n\t\t\t\t\t\t\t<div class=\"wd-text-block reset-last-child text-left color-title\">\n\t\t\t\n\t\t\t<p>gtartistoo bietet ein 30-t\u00e4giges R\u00fcckgaberecht f\u00fcr alle Bestellungen auf unserer offiziellen Website. Wenn Sie mit Ihrer Bestellung aus irgendeinem Grund nicht zufrieden sind, k\u00f6nnen Sie uns kontaktieren, um eine R\u00fcckgabe zu vereinbaren.<\/p><p>F\u00fcr diese Politik gelten die folgenden Bedingungen: \u00a0<\/p><ol><li>gtartistoo muss benachrichtigt werden <strong>sp\u00e4testens 30 Tage nach Ihrer Bestellung<\/strong>(um den R\u00fcckgabeprozess einzuleiten). \u00a0<\/li><li>Zur\u00fcckgegebene Produkte m\u00fcssen in <strong>\u201cZustand \u201dNeu\"<\/strong>(unbenutzt, unbesch\u00e4digt und ohne Gebrauchsspuren), in der Originalverpackung und mit allem Originalzubeh\u00f6r (z. B. Handb\u00fccher, Anh\u00e4nger, Werbegeschenke). gtartistoo beh\u00e4lt sich das Recht vor, Geb\u00fchren f\u00fcr Produkte mit Sch\u00e4den, fehlenden Teilen oder unvollst\u00e4ndiger Verpackung zu erheben - diese Geb\u00fchren werden von Ihrem R\u00fcckerstattungsbetrag abgezogen. \u00a0<\/li><li>Versand- und Bearbeitungskosten sind <strong>nicht erstattungsf\u00e4hig<\/strong>. Wenn Ihre Bestellung urspr\u00fcnglich f\u00fcr den kostenlosen Versand qualifiziert war, werden die tats\u00e4chlichen Versandkosten, die gtartistoo entstanden sind (zu unserem Selbstkostenpreis), von Ihrer Gesamterstattung abgezogen. \u00a0<\/li><li>Sie (der Kunde) sind daf\u00fcr verantwortlich, alle Kosten zu tragen und den Zeitpunkt der R\u00fccksendung des Artikels zu arrangieren. Alle Versandkosten und die damit verbundenen Geb\u00fchren f\u00fcr die R\u00fccksendung m\u00fcssen von Ihnen im Voraus bezahlt werden. \u00a0<\/li><li>Du sollst tragen<strong>die volle Verantwortung f\u00fcr den Verlust oder die Besch\u00e4digung des Produkts w\u00e4hrend des Transports<\/strong>zum Lager von gtartistoo.<\/li><li>oder ohne ordnungsgem\u00e4\u00dfe Verpackung (was zu Sch\u00e4den f\u00fchrt)<\/li><\/ol><ol start=\"7\"><li>gtartistoo beh\u00e4lt sich das Recht vor, die Zustellung der R\u00fccksendung zu verweigern oder den Artikel auf eigene Kosten an Sie zur\u00fcckzusenden (ohne R\u00fcckerstattung), wenn ein zur\u00fcckgesandter Artikel unter einem der folgenden Umst\u00e4nde verschickt wird:<\/li><li>Die Erstattungen werden bearbeitet <strong>innerhalb von 7 Tagen nach Pr\u00fcfung und Freigabe des zur\u00fcckgesandten Artikels<\/strong>von gtartistoo. Wir \u00fcbernehmen keine Verantwortung f\u00fcr Verz\u00f6gerungen, die durch Dritte (z.B. Zahlungsabwickler, Banken oder Kurierdienste) verursacht werden. \u00a0<\/li><\/ol><p><strong>Wie kann ich einen Artikel zur\u00fcckgeben?<\/strong><\/p><p>Um eine R\u00fccksendung zu veranlassen, senden Sie uns bitte eine E-Mail an <a href=\"mailto:service@gtartistoo.com\"><strong>service@gtartistoo.com<\/strong><\/a>\u00a0mit den folgenden Informationen: \u00a0<\/p><ol><li>Ihre Bestellnummer \u00a0<\/li><li>Name\/Modell des\/der zur\u00fcckzusendenden Artikel(s) \u00a0<\/li><li>Aktueller Zustand der Ware(n) (z. B. \u201cunbenutzt, originalverpackt\u201d) \u00a0<\/li><li>Grund f\u00fcr die R\u00fcckgabe (z. B. \u201cMeinungs\u00e4nderung\u201d, \u201cGr\u00f6\u00dfeninkongruenz\u201d) \u00a0<\/li><\/ol><p>Wir antworten auf Ihre Anfrage innerhalb von <strong>24 Gesch\u00e4ftsstunden<\/strong>\u00a0(au\u00dfer an Wochenenden und Feiertagen), um Ihre RMA-Nummer und die genaue R\u00fccksendeadresse anzugeben (da die R\u00fccksendeadressen je nach Region variieren k\u00f6nnen). \u00a0<\/p><p><strong>WICHTIG: Senden Sie KEINE Artikel ohne Autorisierung zur\u00fcck<\/strong><\/p><p>BITTE VERSUCHEN SIE NICHT, IHRE WAREN OHNE VORHERIGE AUTORISIERUNG ODER EINE G\u00dcLTIGE RMA-NUMMER AN gtartistoo ZUR\u00dcCKZUGEBEN. \u00a0<\/p><p>Dies ist wichtig, damit wir Ihre R\u00fccksendung verfolgen, Versandfehler vermeiden und Ihre R\u00fccksendung effizient bearbeiten k\u00f6nnen. \u00a0<\/p><p><strong>Erstattungen (falls zutreffend)<\/strong><\/p><ol><li>Sobald Ihr zur\u00fcckgesandter Artikel bei uns eingegangen ist und von unserem Team gepr\u00fcft wurde, erhalten Sie eine E-Mail, in der wir den Erhalt des Artikels best\u00e4tigen. \u00a0<\/li><li>Wir werden Sie auch per E-Mail benachrichtigen, ob Ihre R\u00fcckerstattung erfolgt ist <strong>genehmigt oder abgelehnt<\/strong>(auf der Grundlage der Einhaltung der oben genannten Bedingungen). \u00a0<\/li><li>Wenn die Erstattung genehmigt wird, wird sie sofort bearbeitet. Eine Gutschrift wird automatisch auf Ihre urspr\u00fcngliche Zahlungsmethode (z. B. Kreditkarte, PayPal oder andere f\u00fcr die Bestellung verwendete Zahlungsplattformen) angewendet. \u00a0<\/li><\/ol><p><strong>Versp\u00e4tete oder fehlende Erstattungen (falls zutreffend)<\/strong><\/p><ul><li>Wenn Sie benachrichtigt wurden, dass Ihre R\u00fcckerstattung ausgestellt wurde, diese aber noch nicht erhalten haben, wenden Sie sich bitte zun\u00e4chst an Ihr Finanzinstitut (z. B. Ihre Bank, Ihren Kreditkartenaussteller oder PayPal), um sich \u00fcber m\u00f6gliche Verz\u00f6gerungen bei der Bearbeitung zu erkundigen - die meisten Zahlungsplattformen ben\u00f6tigen 3 bis 7 Werktage, um die R\u00fcckerstattung auf Ihrem Konto zu ber\u00fccksichtigen. \u00a0<\/li><li>Wenn Sie sich bei Ihrem Finanzinstitut r\u00fcckversichert haben und Ihre R\u00fcckerstattung immer noch nicht erhalten haben, kontaktieren Sie uns bitte unter <a href=\"mailto:service@gtartistoo.com\"><strong>service@gtartistoo.com<\/strong><\/a>-Unser Team wird Ihnen helfen, das Problem umgehend zu l\u00f6sen. \u00a0<\/li><\/ul><p><strong>Umtausch (falls zutreffend)<\/strong><\/p><p>gtartistoo ersetzt Artikel nur unter den folgenden Umst\u00e4nden: \u00a0<\/p><ul><li>Der Artikel ist defekt oder besch\u00e4digt (durch unsere Inspektion best\u00e4tigt); \u00a0<\/li><li>Sie haben aufgrund eines Fehlers von gtartistoo einen falschen Artikel erhalten (z. B. ein falsches Modell, eine falsche Farbe oder Gr\u00f6\u00dfe). \u00a0<\/li><\/ul><p>F\u00fcr den Umtausch aus anderen Gr\u00fcnden (z.B. \u201cMeinungs\u00e4nderung\u201d oder \u201cGr\u00f6\u00dfeninkongruenz\u201d) kontaktieren Sie uns bitte unter <a href=\"mailto:service@gtartistoo.com\"><strong>service@gtartistoo.com<\/strong><\/a>\u00a0um alternative L\u00f6sungen zu diskutieren. \u00a0<\/p><p><strong>Richtlinien f\u00fcr die R\u00fccksendung<\/strong><\/p><ul><li>Bei R\u00fccksendungen, die aufgrund von \u201cMeinungs\u00e4nderungen\u201d oder Fehlern, die nicht von gtartistoo stammen, sind Sie f\u00fcr alle mit der R\u00fccksendung des Artikels verbundenen Versandkosten verantwortlich. Diese Kosten sind nicht erstattungsf\u00e4hig. \u00a0<\/li><li>Wir empfehlen dringend die Verwendung eines <strong>verfolgbarer Versanddienst<\/strong>(z. B. DHL, FedEx oder \u00f6rtliche Einschreiben) und den Abschluss einer Versandversicherung f\u00fcr hochwertige Sendungen - so k\u00f6nnen Sie den Versandstatus \u00fcberwachen und sich vor Verlust oder Besch\u00e4digung sch\u00fctzen. \u00a0<\/li><\/ul><p><strong>Zugelassene R\u00fccksendeadresse<\/strong><\/p><p>Bitte beachten Sie die R\u00fccksendeadresse, die Sie von unserem Kundenservice erhalten haben. \u00a0<\/p><p>Nachdem Ihre R\u00fccksendungsanfrage best\u00e4tigt wurde, sendet Ihnen unser Kundenservice-Team die spezifische R\u00fccksendeadresse per E-Mail zu (R\u00fccksendeadressen k\u00f6nnen je nach Region variieren, um eine effiziente Bearbeitung zu gew\u00e4hrleisten). Senden Sie nicht an eine unbest\u00e4tigte Adresse, da dies zu einer verz\u00f6gerten Bearbeitung oder zu verlorenen Artikeln f\u00fchren kann, f\u00fcr die gtartistoo nicht haftbar gemacht werden kann.<\/p><p>Bei weiteren Fragen zu R\u00fcckgaben oder R\u00fcckerstattungen senden Sie uns bitte eine E-Mail an <a href=\"mailto:service@gtartistoo.com\"><strong>service@gtartistoo.com<\/strong><\/a>-Unser Kundendienstteam hilft Ihnen gerne weiter!<\/p>\n\t\t\t\t\t<\/div>\n\t\t\t\t\t\t<\/div>\n\t\t\t\t<\/div>\n\t\t\t\t<\/div>\n\t\t\t\t\t<\/div>\n\t\t\t\t<\/div>\n\t\t\t\t<\/div>","protected":false},"excerpt":{"rendered":"<p>gtartistoo Return &amp; Refund Policy gtartistoo offers a 30-day return policy for all orders placed on our official website, and<\/p>","protected":false},"author":1,"featured_media":0,"parent":0,"menu_order":0,"comment_status":"closed","ping_status":"closed","template":"","meta":{"footnotes":""},"class_list":["post-13","page","type-page","status-publish","hentry"],"yoast_head":"<!-- This site is optimized with the Yoast SEO Premium plugin v26.2 (Yoast SEO v26.2) - https:\/\/yoast.com\/wordpress\/plugins\/seo\/ -->\n<title>Refund &amp; Returns - gtartistoo.com<\/title>\n<meta name=\"robots\" content=\"noindex, nofollow\" \/>\n<meta property=\"og:locale\" content=\"de_DE\" \/>\n<meta property=\"og:type\" content=\"article\" \/>\n<meta property=\"og:title\" content=\"Refund &amp; Returns\" \/>\n<meta property=\"og:description\" content=\"gtartistoo Return &amp; Refund Policy gtartistoo offers a 30-day return policy for all orders placed on our official website, and\" \/>\n<meta property=\"og:url\" content=\"https:\/\/gtartistoo.com\/de\/retouren-erstattungen\/\" \/>\n<meta property=\"og:site_name\" content=\"gtartistoo.com\" \/>\n<meta property=\"article:modified_time\" content=\"2026-01-12T07:18:10+00:00\" \/>\n<meta name=\"twitter:card\" content=\"summary_large_image\" \/>\n<meta name=\"twitter:label1\" content=\"Gesch\u00e4tzte Lesezeit\" \/>\n\t<meta name=\"twitter:data1\" content=\"4\u00a0Minuten\" \/>\n<script type=\"application\/ld+json\" class=\"yoast-schema-graph\">{\"@context\":\"https:\/\/schema.org\",\"@graph\":[{\"@type\":\"WebPage\",\"@id\":\"https:\/\/gtartistoo.com\/returns-refunds\/\",\"url\":\"https:\/\/gtartistoo.com\/returns-refunds\/\",\"name\":\"Refund & Returns - gtartistoo.com\",\"isPartOf\":{\"@id\":\"https:\/\/gtartistoo.com\/#website\"},\"datePublished\":\"2025-10-20T09:21:27+00:00\",\"dateModified\":\"2026-01-12T07:18:10+00:00\",\"breadcrumb\":{\"@id\":\"https:\/\/gtartistoo.com\/returns-refunds\/#breadcrumb\"},\"inLanguage\":\"de\",\"potentialAction\":[{\"@type\":\"ReadAction\",\"target\":[\"https:\/\/gtartistoo.com\/returns-refunds\/\"]}]},{\"@type\":\"BreadcrumbList\",\"@id\":\"https:\/\/gtartistoo.com\/returns-refunds\/#breadcrumb\",\"itemListElement\":[{\"@type\":\"ListItem\",\"position\":1,\"name\":\"Home\",\"item\":\"https:\/\/gtartistoo.com\/\"},{\"@type\":\"ListItem\",\"position\":2,\"name\":\"Refund &#038; Returns\"}]},{\"@type\":\"WebSite\",\"@id\":\"https:\/\/gtartistoo.com\/#website\",\"url\":\"https:\/\/gtartistoo.com\/\",\"name\":\"gtartistoo.com\",\"description\":\"\",\"publisher\":{\"@id\":\"https:\/\/gtartistoo.com\/#organization\"},\"potentialAction\":[{\"@type\":\"SearchAction\",\"target\":{\"@type\":\"EntryPoint\",\"urlTemplate\":\"https:\/\/gtartistoo.com\/?s={search_term_string}\"},\"query-input\":{\"@type\":\"PropertyValueSpecification\",\"valueRequired\":true,\"valueName\":\"search_term_string\"}}],\"inLanguage\":\"de\"},{\"@type\":\"Organization\",\"@id\":\"https:\/\/gtartistoo.com\/#organization\",\"name\":\"gtartistoo.com\",\"url\":\"https:\/\/gtartistoo.com\/\",\"logo\":{\"@type\":\"ImageObject\",\"inLanguage\":\"de\",\"@id\":\"https:\/\/gtartistoo.com\/#\/schema\/logo\/image\/\",\"url\":\"https:\/\/gtartistoo.com\/wp-content\/uploads\/2025\/10\/logo.svg\",\"contentUrl\":\"https:\/\/gtartistoo.com\/wp-content\/uploads\/2025\/10\/logo.svg\",\"width\":369,\"height\":124,\"caption\":\"gtartistoo.com\"},\"image\":{\"@id\":\"https:\/\/gtartistoo.com\/#\/schema\/logo\/image\/\"}}]}<\/script>\n<!-- \/ Yoast SEO Premium plugin. -->","yoast_head_json":{"title":"R\u00fcckerstattung und R\u00fcckgabe - gtartistoo.com","robots":{"index":"noindex","follow":"nofollow"},"og_locale":"de_DE","og_type":"article","og_title":"Refund & Returns","og_description":"gtartistoo Return &amp; Refund Policy gtartistoo offers a 30-day return policy for all orders placed on our official website, and","og_url":"https:\/\/gtartistoo.com\/de\/retouren-erstattungen\/","og_site_name":"gtartistoo.com","article_modified_time":"2026-01-12T07:18:10+00:00","twitter_card":"summary_large_image","twitter_misc":{"Gesch\u00e4tzte Lesezeit":"4\u00a0Minuten"},"schema":{"@context":"https:\/\/schema.org","@graph":[{"@type":"WebPage","@id":"https:\/\/gtartistoo.com\/returns-refunds\/","url":"https:\/\/gtartistoo.com\/returns-refunds\/","name":"R\u00fcckerstattung und R\u00fcckgabe - gtartistoo.com","isPartOf":{"@id":"https:\/\/gtartistoo.com\/#website"},"datePublished":"2025-10-20T09:21:27+00:00","dateModified":"2026-01-12T07:18:10+00:00","breadcrumb":{"@id":"https:\/\/gtartistoo.com\/returns-refunds\/#breadcrumb"},"inLanguage":"de","potentialAction":[{"@type":"ReadAction","target":["https:\/\/gtartistoo.com\/returns-refunds\/"]}]},{"@type":"BreadcrumbList","@id":"https:\/\/gtartistoo.com\/returns-refunds\/#breadcrumb","itemListElement":[{"@type":"ListItem","position":1,"name":"Home","item":"https:\/\/gtartistoo.com\/"},{"@type":"ListItem","position":2,"name":"Refund &#038; Returns"}]},{"@type":"WebSite","@id":"https:\/\/gtartistoo.com\/#website","url":"https:\/\/gtartistoo.com\/","name":"gtartistoo.com","description":"","publisher":{"@id":"https:\/\/gtartistoo.com\/#organization"},"potentialAction":[{"@type":"SearchAction","target":{"@type":"EntryPoint","urlTemplate":"https:\/\/gtartistoo.com\/?s={search_term_string}"},"query-input":{"@type":"PropertyValueSpecification","valueRequired":true,"valueName":"search_term_string"}}],"inLanguage":"de"},{"@type":"Organization","@id":"https:\/\/gtartistoo.com\/#organization","name":"gtartistoo.com","url":"https:\/\/gtartistoo.com\/","logo":{"@type":"ImageObject","inLanguage":"de","@id":"https:\/\/gtartistoo.com\/#\/schema\/logo\/image\/","url":"https:\/\/gtartistoo.com\/wp-content\/uploads\/2025\/10\/logo.svg","contentUrl":"https:\/\/gtartistoo.com\/wp-content\/uploads\/2025\/10\/logo.svg","width":369,"height":124,"caption":"gtartistoo.com"},"image":{"@id":"https:\/\/gtartistoo.com\/#\/schema\/logo\/image\/"}}]}},"_hostinger_reach_plugin_has_subscription_block":false,"_hostinger_reach_plugin_is_elementor":false,"_links":{"self":[{"href":"https:\/\/gtartistoo.com\/de\/wp-json\/wp\/v2\/pages\/13","targetHints":{"allow":["GET"]}}],"collection":[{"href":"https:\/\/gtartistoo.com\/de\/wp-json\/wp\/v2\/pages"}],"about":[{"href":"https:\/\/gtartistoo.com\/de\/wp-json\/wp\/v2\/types\/page"}],"author":[{"embeddable":true,"href":"https:\/\/gtartistoo.com\/de\/wp-json\/wp\/v2\/users\/1"}],"replies":[{"embeddable":true,"href":"https:\/\/gtartistoo.com\/de\/wp-json\/wp\/v2\/comments?post=13"}],"version-history":[{"count":23,"href":"https:\/\/gtartistoo.com\/de\/wp-json\/wp\/v2\/pages\/13\/revisions"}],"predecessor-version":[{"id":30551,"href":"https:\/\/gtartistoo.com\/de\/wp-json\/wp\/v2\/pages\/13\/revisions\/30551"}],"wp:attachment":[{"href":"https:\/\/gtartistoo.com\/de\/wp-json\/wp\/v2\/media?parent=13"}],"curies":[{"name":"wp","href":"https:\/\/api.w.org\/{rel}","templated":true}]}}