{"id":29642,"date":"2025-10-23T08:46:56","date_gmt":"2025-10-23T08:46:56","guid":{"rendered":"https:\/\/gtartistoo.com\/?page_id=29642"},"modified":"2026-01-12T06:56:41","modified_gmt":"2026-01-12T06:56:41","slug":"ubersicht-uber-die-produktzertifizierung","status":"publish","type":"page","link":"https:\/\/gtartistoo.com\/de\/ubersicht-uber-die-produktzertifizierung\/","title":{"rendered":"\u00dcbersicht \u00fcber die Produktzertifizierung"},"content":{"rendered":"<div data-elementor-type=\"wp-page\" data-elementor-id=\"29642\" class=\"elementor elementor-29642\" data-elementor-post-type=\"page\">\n\t\t\t\t<div class=\"wd-negative-gap elementor-element elementor-element-69b3f35 e-flex e-con-boxed e-con e-parent\" data-id=\"69b3f35\" data-element_type=\"container\" data-e-type=\"container\" data-settings=\"{&quot;ekit_has_onepagescroll_dot&quot;:&quot;yes&quot;}\">\n\t\t\t\t\t<div class=\"e-con-inner\">\n\t\t\t\t<div class=\"elementor-element elementor-element-83fc12b color-scheme-inherit text-left elementor-widget elementor-widget-text-editor\" data-id=\"83fc12b\" data-element_type=\"widget\" data-e-type=\"widget\" data-settings=\"{&quot;ekit_we_effect_on&quot;:&quot;none&quot;}\" data-widget_type=\"text-editor.default\">\n\t\t\t\t\t\t\t\t\t<div style=\"font-family: Arial, sans-serif; color: #000; line-height: 1.8; font-size: 16px;  margin: auto;\">\n\n  <h2 style=\"font-size: 28px; color: #000; text-align: center; margin-bottom: 20px;\">\u00dcbersicht \u00fcber die Produktzertifizierung<\/h2>\n\n  <p style=\"text-align: justify;\">Unser <strong>\u201cGTARTISTOO\u201d<\/strong> Die Produkte der Marke verf\u00fcgen \u00fcber ma\u00dfgebliche Zertifizierungen in verschiedenen Regionen und nach verschiedenen Standards, die die Einhaltung von Gesetzen, die zuverl\u00e4ssige Produktqualit\u00e4t und die Sicherheit f\u00fcr Benutzer weltweit gew\u00e4hrleisten. Alle folgenden Zertifikate stehen zum Download und zur \u00dcberpr\u00fcfung zur Verf\u00fcgung. Sie k\u00f6nnen auf die elektronischen Kopien der Originalzertifikate \u00fcber die entsprechenden Download-Links zugreifen, die unter jedem Zertifizierungsabschnitt angegeben sind.<\/p>\n\n  <hr style=\"border: none; border-top: 2px solid #eee; margin: 40px 0;\">\n\n  <h3 style=\"font-size: 22px; color: #000;\">1. Eintragungen von Markenzeichen<\/h3>\n\n  <div style=\"background-color: #fafafa; padding: 25px; border-radius: 10px; box-shadow: 0 2px 6px rgba(0,0,0,0.05); margin-top: 20px;\">\n    <h4 style=\"color: #000; margin-top: 0;\">Vereinigtes K\u00f6nigreich &amp; Nordirland<\/h4>\n    <ul>\n      <li>Registrierungs-Nr.: <strong>UK00004166746<\/strong><\/li>\n      <li>Datum des Inkrafttretens: Februar 28, 2025<\/li>\n      <li>Datum der Registrierung: Mai 23, 2025<\/li>\n      <li>Abgedeckte Klassen:<\/li>\n      <ul>\n        <li>Klasse 2: T\u00e4towiertinten, T\u00e4towierfarben, Bastelfarben (Aquarellfarben, \u00d6lfarben), Druckfarben f\u00fcr die grafische Industrie, Farbpigmente, K\u00fcnstlerfarben, Farben f\u00fcr die Hautpflege usw.<\/li>\n        <li>Klasse 8: Handwerkzeuge f\u00fcr die Sch\u00f6nheitspflege, T\u00e4towierger\u00e4te\/Nadeln, sterile Instrumente f\u00fcr K\u00f6rperpiercings, Laser-Haarentfernungsger\u00e4te (nicht f\u00fcr medizinische Zwecke), elektrische Manik\u00fcre-Sets, Rasierapparate, Manik\u00fcre- und Pedik\u00fcre-Werkzeuge, K\u00f6rperkunstwerkzeuge usw.<\/li>\n      <\/ul>\n    <\/ul>\n    <a href=\"https:\/\/gtartistoo.com\/wp-content\/uploads\/2025\/10\/GTARTISTOO-UK-Trademark-Certificate.pdf\" style=\"display:inline-block; margin-top:10px; padding:10px 22px; background-color:#555; color:#fff; border-radius:6px; text-decoration:none;\">Download UK Trademark Certificate<\/a>\n  <\/div>\n\n  <div style=\"background-color: #fafafa; padding: 25px; border-radius: 10px; box-shadow: 0 2px 6px rgba(0,0,0,0.05); margin-top: 30px;\">\n    <h4 style=\"color: #000; margin-top: 0;\">Vereinigte Staaten<\/h4>\n    <ul>\n      <li>Registrierungs-Nr.: <strong>7,664,645<\/strong><\/li>\n      <li>Datum der Registrierung: Januar 21, 2025<\/li>\n      <li>Datum der ersten Verwendung: 20. September 2023 (erste Verwendung im Handel)<\/li>\n      <li>Abgedeckte Klasse: Klasse 2<\/li>\n      <li>Zu den Produkten geh\u00f6ren Farbpigmente, Malsets f\u00fcr K\u00fcnstler, Farben f\u00fcr Kunst und Handwerk, T\u00e4towierfarben und Aquarellfarben.<\/li>\n    <\/ul>\n    <a href=\"https:\/\/gtartistoo.com\/wp-content\/uploads\/2025\/10\/GTARTISTOO-US-Certificate-98141997.pdf\" style=\"display:inline-block; margin-top:10px; padding:10px 22px; background-color:#555; color:#fff; border-radius:6px; text-decoration:none;\">Download US-Markenzeichen-Zertifikat<\/a>\n  <\/div>\n\n  <div style=\"background-color: #fafafa; padding: 25px; border-radius: 10px; box-shadow: 0 2px 6px rgba(0,0,0,0.05); margin-top: 30px;\">\n    <h4 style=\"color: #000; margin-top: 0;\">Europ\u00e4ische Union<\/h4>\n    <ul>\n      <li>Registrierungs-Nr.: <strong>018922793<\/strong><\/li>\n      <li>Registrierungsdatum: Dezember 21, 2023<\/li>\n      <li>G\u00fcltigkeitsdauer: G\u00fcltig bis zum 7. September 2033<\/li>\n      <li>Abgedeckte Klassen:<\/li>\n      <ul>\n        <li>Klasse 2: T\u00e4towiertinten\/-farben, Bastelfarben (Aquarellfarben, \u00d6lfarben), Druckfarben f\u00fcr die grafische Industrie, Farbpigmente, K\u00fcnstlerfarben, Farben f\u00fcr die Hautpflege usw.<\/li>\n        <li>Klasse 8: Handwerkzeuge f\u00fcr die Sch\u00f6nheitspflege, T\u00e4towierger\u00e4te\/Nadeln, sterile Instrumente f\u00fcr K\u00f6rperpiercings, Laser-Haarentfernungsger\u00e4te (nicht f\u00fcr medizinische Zwecke), elektrische Manik\u00fcre-Sets, Rasierapparate, Manik\u00fcre- und Pedik\u00fcre-Werkzeuge, K\u00f6rperkunstwerkzeuge usw.<\/li>\n      <\/ul>\n    <\/ul>\n    <a href=\"https:\/\/gtartistoo.com\/wp-content\/uploads\/2025\/10\/018922793-GTARTISTOO-EU-Certificate.pdf\" style=\"display:inline-block; margin-top:10px; padding:10px 22px; background-color:#555; color:#fff; border-radius:6px; text-decoration:none;\">Download EU-Markenurkunde<\/a>\n  <\/div>\n\n  <hr style=\"border: none; border-top: 2px solid #eee; margin: 50px 0;\">\n\n  <h3 style=\"font-size: 22px; color: #000;\">2. ROHS-Konformit\u00e4tsbescheinigung<\/h3>\n\n  <div style=\"background-color: #fafafa; padding: 25px; border-radius: 10px; box-shadow: 0 2px 6px rgba(0,0,0,0.05); margin-top: 20px;\">\n    <ul>\n      <li>Zertifikat Nr.: <strong>AZT250609118C-EV0<\/strong><\/li>\n      <li>Ausgabedatum: Juni 13, 2025<\/li>\n      <li>Zertifizierungsstelle: Shenzhen AZT Technology Co, Ltd.<\/li>\n      <li>Einhaltung der Norm: Entspricht der RoHS-Richtlinie 2011\/65\/EU Anhang II (ge\u00e4ndert durch die Richtlinie (EU) 2015\/863) - zur Beschr\u00e4nkung der Verwendung bestimmter gef\u00e4hrlicher Stoffe in Elektro- und Elektronikger\u00e4ten.<\/li>\n      <li>Pr\u00fcfmethoden: IEC 62321-5:2013; IEC 62321-4:2013+AMD1:2017 CSV; IEC 62321-6:2015; IEC 62321-7-2:2017; IEC 62321-8:2017<\/li>\n      <li>Abgedeckte Produkte: GTARTISTOO Tattoo Ink (Modelle: 14 Farben 15ml, 14 Farben 30ml, 60ml schwarz, 120ml schwarz)<\/li>\n    <\/ul>\n    <a href=\"https:\/\/gtartistoo.com\/wp-content\/uploads\/2025\/10\/AZT250609118C-EV0-TattooInk-cert-ROHS.pdf\" style=\"display:inline-block; margin-top:10px; padding:10px 22px; background-color:#555; color:#fff; border-radius:6px; text-decoration:none;\">ROHS-Konformit\u00e4tszertifikat herunterladen<\/a>\n  <\/div>\n\n  <hr style=\"border: none; border-top: 2px solid #eee; margin: 50px 0;\">\n\n  <h3 style=\"font-size: 22px; color: #000;\">3. Zertifizierung der REACH-Konformit\u00e4t<\/h3>\n\n  <div style=\"background-color: #fafafa; padding: 25px; border-radius: 10px; box-shadow: 0 2px 6px rgba(0,0,0,0.05); margin-top: 20px;\">\n    <ul>\n      <li>Zertifikat Nr. (Pr\u00fcfbericht Nr.): <strong>M2510208XY-R0169<\/strong><\/li>\n      <li>Ausgabedatum: Oktober 22, 2025<\/li>\n      <li>Testzeitraum: Oktober 16, 2025 bis Oktober 22, 2025<\/li>\n      <li>Zertifizierungsstelle: Shenzhen Meiou Testing Technology Co, Ltd.<\/li>\n      <li>Einhaltung der Norm: Entspricht der Verordnung (EG) Nr. 1907\/2006 (REACH) und ihren nachfolgenden \u00c4nderungen auf der Grundlage der von der Europ\u00e4ischen Chemikalienagentur (ECHA) ver\u00f6ffentlichten Kandidatenliste besonders besorgniserregender Stoffe (SVHC), die 250 besonders besorgniserregende Stoffe (SVHC) umfasst.<\/li>\n      <li>Testmethoden: Interne Methode (Nachweisgrenze: 0,005%)<\/li>\n      <li>Testergebnis: PASS (Alle getesteten SVHC in der Kandidatenliste wurden nicht nachgewiesen, markiert als \u201cN.D.\u201d)<\/li>\n      <li>Abgedeckte Produkte: GTARTISTOO Tattoo-Tinte (Hauptmodell: 14 Farben 15ml; Serienmodelle: 14 Farben 30ml, 60ml Schwarz, 120ml Schwarz, 8 Farben 15ml, 16 Farben 16ml, 300ml Schwarz).<\/li>\n    <\/ul>\n    <a href=\"https:\/\/gtartistoo.com\/wp-content\/uploads\/2025\/10\/M2510208XY-R0169-tattoo-ink-REACH250.pdf\" style=\"display:inline-block; margin-top:10px; padding:10px 22px; background-color:#555; color:#fff; border-radius:6px; text-decoration:none;\">REACH-Konformit\u00e4tsbescheinigung herunterladen<\/a>\n  <\/div>\n\n  <p style=\"margin-top: 40px; text-align: justify;\">Alle oben genannten Zertifizierungen sind im Besitz von <strong>Yiwu Yiran E-Commerce Co, Ltd.<\/strong>, Wir garantieren, dass unsere Produkte die strengen regionalen und internationalen Normen f\u00fcr Qualit\u00e4t, Sicherheit und legalen Betrieb auf den globalen M\u00e4rkten vollst\u00e4ndig erf\u00fcllen.<\/p>\n\n<\/div>\t\t\t\t\t\t\t\t<\/div>\n\t\t\t\t\t<\/div>\n\t\t\t\t<\/div>\n\t\t\t\t<\/div>","protected":false},"excerpt":{"rendered":"<p>Product Certification Overview Our &#8220;GTARTISTOO&#8221; brand products hold authoritative certifications across multiple regions and compliance standards, ensuring legal compliance, reliable<\/p>","protected":false},"author":1,"featured_media":0,"parent":0,"menu_order":0,"comment_status":"closed","ping_status":"closed","template":"","meta":{"footnotes":""},"class_list":["post-29642","page","type-page","status-publish","hentry"],"yoast_head":"<!-- This site is optimized with the Yoast SEO Premium plugin v26.2 (Yoast SEO v26.2) - https:\/\/yoast.com\/wordpress\/plugins\/seo\/ -->\n<title>Tattoo Product Certifications | Safety &amp; Compliance<\/title>\n<meta name=\"description\" content=\"Learn about our tattoo product certifications and quality standards. Designed to meet professional and international compliance requirements.\" \/>\n<meta name=\"robots\" content=\"index, follow, max-snippet:-1, max-image-preview:large, max-video-preview:-1\" \/>\n<link rel=\"canonical\" href=\"https:\/\/gtartistoo.com\/de\/ubersicht-uber-die-produktzertifizierung\/\" \/>\n<meta property=\"og:locale\" content=\"de_DE\" \/>\n<meta property=\"og:type\" content=\"article\" \/>\n<meta property=\"og:title\" content=\"Product Certification Overview\" \/>\n<meta property=\"og:description\" content=\"Learn about our tattoo product certifications and quality standards. Designed to meet professional and international compliance requirements.\" \/>\n<meta property=\"og:url\" content=\"https:\/\/gtartistoo.com\/de\/ubersicht-uber-die-produktzertifizierung\/\" \/>\n<meta property=\"og:site_name\" content=\"gtartistoo.com\" \/>\n<meta property=\"article:modified_time\" content=\"2026-01-12T06:56:41+00:00\" \/>\n<meta name=\"twitter:card\" content=\"summary_large_image\" \/>\n<meta name=\"twitter:label1\" content=\"Gesch\u00e4tzte Lesezeit\" \/>\n\t<meta name=\"twitter:data1\" content=\"3\u00a0Minuten\" \/>\n<script type=\"application\/ld+json\" class=\"yoast-schema-graph\">{\"@context\":\"https:\/\/schema.org\",\"@graph\":[{\"@type\":\"WebPage\",\"@id\":\"https:\/\/gtartistoo.com\/product-certification-overview\/\",\"url\":\"https:\/\/gtartistoo.com\/product-certification-overview\/\",\"name\":\"Tattoo Product Certifications | Safety & Compliance\",\"isPartOf\":{\"@id\":\"https:\/\/gtartistoo.com\/#website\"},\"datePublished\":\"2025-10-23T08:46:56+00:00\",\"dateModified\":\"2026-01-12T06:56:41+00:00\",\"description\":\"Learn about our tattoo product certifications and quality standards. Designed to meet professional and international compliance requirements.\",\"breadcrumb\":{\"@id\":\"https:\/\/gtartistoo.com\/product-certification-overview\/#breadcrumb\"},\"inLanguage\":\"de\",\"potentialAction\":[{\"@type\":\"ReadAction\",\"target\":[\"https:\/\/gtartistoo.com\/product-certification-overview\/\"]}]},{\"@type\":\"BreadcrumbList\",\"@id\":\"https:\/\/gtartistoo.com\/product-certification-overview\/#breadcrumb\",\"itemListElement\":[{\"@type\":\"ListItem\",\"position\":1,\"name\":\"Home\",\"item\":\"https:\/\/gtartistoo.com\/\"},{\"@type\":\"ListItem\",\"position\":2,\"name\":\"Product Certification Overview\"}]},{\"@type\":\"WebSite\",\"@id\":\"https:\/\/gtartistoo.com\/#website\",\"url\":\"https:\/\/gtartistoo.com\/\",\"name\":\"gtartistoo.com\",\"description\":\"\",\"publisher\":{\"@id\":\"https:\/\/gtartistoo.com\/#organization\"},\"potentialAction\":[{\"@type\":\"SearchAction\",\"target\":{\"@type\":\"EntryPoint\",\"urlTemplate\":\"https:\/\/gtartistoo.com\/?s={search_term_string}\"},\"query-input\":{\"@type\":\"PropertyValueSpecification\",\"valueRequired\":true,\"valueName\":\"search_term_string\"}}],\"inLanguage\":\"de\"},{\"@type\":\"Organization\",\"@id\":\"https:\/\/gtartistoo.com\/#organization\",\"name\":\"gtartistoo.com\",\"url\":\"https:\/\/gtartistoo.com\/\",\"logo\":{\"@type\":\"ImageObject\",\"inLanguage\":\"de\",\"@id\":\"https:\/\/gtartistoo.com\/#\/schema\/logo\/image\/\",\"url\":\"https:\/\/gtartistoo.com\/wp-content\/uploads\/2025\/10\/logo.svg\",\"contentUrl\":\"https:\/\/gtartistoo.com\/wp-content\/uploads\/2025\/10\/logo.svg\",\"width\":369,\"height\":124,\"caption\":\"gtartistoo.com\"},\"image\":{\"@id\":\"https:\/\/gtartistoo.com\/#\/schema\/logo\/image\/\"}}]}<\/script>\n<!-- \/ Yoast SEO Premium plugin. -->","yoast_head_json":{"title":"Tattoo-Produktzertifizierungen | Sicherheit &amp; Konformit\u00e4t","description":"Informieren Sie sich \u00fcber unsere Zertifizierungen und Qualit\u00e4tsstandards f\u00fcr T\u00e4towierprodukte. Entwickelt, um professionelle und internationale Compliance-Anforderungen zu erf\u00fcllen.","robots":{"index":"index","follow":"follow","max-snippet":"max-snippet:-1","max-image-preview":"max-image-preview:large","max-video-preview":"max-video-preview:-1"},"canonical":"https:\/\/gtartistoo.com\/de\/ubersicht-uber-die-produktzertifizierung\/","og_locale":"de_DE","og_type":"article","og_title":"Product Certification Overview","og_description":"Learn about our tattoo product certifications and quality standards. Designed to meet professional and international compliance requirements.","og_url":"https:\/\/gtartistoo.com\/de\/ubersicht-uber-die-produktzertifizierung\/","og_site_name":"gtartistoo.com","article_modified_time":"2026-01-12T06:56:41+00:00","twitter_card":"summary_large_image","twitter_misc":{"Gesch\u00e4tzte Lesezeit":"3\u00a0Minuten"},"schema":{"@context":"https:\/\/schema.org","@graph":[{"@type":"WebPage","@id":"https:\/\/gtartistoo.com\/product-certification-overview\/","url":"https:\/\/gtartistoo.com\/product-certification-overview\/","name":"Tattoo-Produktzertifizierungen | Sicherheit &amp; Konformit\u00e4t","isPartOf":{"@id":"https:\/\/gtartistoo.com\/#website"},"datePublished":"2025-10-23T08:46:56+00:00","dateModified":"2026-01-12T06:56:41+00:00","description":"Informieren Sie sich \u00fcber unsere Zertifizierungen und Qualit\u00e4tsstandards f\u00fcr T\u00e4towierprodukte. Entwickelt, um professionelle und internationale Compliance-Anforderungen zu erf\u00fcllen.","breadcrumb":{"@id":"https:\/\/gtartistoo.com\/product-certification-overview\/#breadcrumb"},"inLanguage":"de","potentialAction":[{"@type":"ReadAction","target":["https:\/\/gtartistoo.com\/product-certification-overview\/"]}]},{"@type":"BreadcrumbList","@id":"https:\/\/gtartistoo.com\/product-certification-overview\/#breadcrumb","itemListElement":[{"@type":"ListItem","position":1,"name":"Home","item":"https:\/\/gtartistoo.com\/"},{"@type":"ListItem","position":2,"name":"Product Certification Overview"}]},{"@type":"WebSite","@id":"https:\/\/gtartistoo.com\/#website","url":"https:\/\/gtartistoo.com\/","name":"gtartistoo.com","description":"","publisher":{"@id":"https:\/\/gtartistoo.com\/#organization"},"potentialAction":[{"@type":"SearchAction","target":{"@type":"EntryPoint","urlTemplate":"https:\/\/gtartistoo.com\/?s={search_term_string}"},"query-input":{"@type":"PropertyValueSpecification","valueRequired":true,"valueName":"search_term_string"}}],"inLanguage":"de"},{"@type":"Organization","@id":"https:\/\/gtartistoo.com\/#organization","name":"gtartistoo.com","url":"https:\/\/gtartistoo.com\/","logo":{"@type":"ImageObject","inLanguage":"de","@id":"https:\/\/gtartistoo.com\/#\/schema\/logo\/image\/","url":"https:\/\/gtartistoo.com\/wp-content\/uploads\/2025\/10\/logo.svg","contentUrl":"https:\/\/gtartistoo.com\/wp-content\/uploads\/2025\/10\/logo.svg","width":369,"height":124,"caption":"gtartistoo.com"},"image":{"@id":"https:\/\/gtartistoo.com\/#\/schema\/logo\/image\/"}}]}},"_hostinger_reach_plugin_has_subscription_block":false,"_hostinger_reach_plugin_is_elementor":false,"_links":{"self":[{"href":"https:\/\/gtartistoo.com\/de\/wp-json\/wp\/v2\/pages\/29642","targetHints":{"allow":["GET"]}}],"collection":[{"href":"https:\/\/gtartistoo.com\/de\/wp-json\/wp\/v2\/pages"}],"about":[{"href":"https:\/\/gtartistoo.com\/de\/wp-json\/wp\/v2\/types\/page"}],"author":[{"embeddable":true,"href":"https:\/\/gtartistoo.com\/de\/wp-json\/wp\/v2\/users\/1"}],"replies":[{"embeddable":true,"href":"https:\/\/gtartistoo.com\/de\/wp-json\/wp\/v2\/comments?post=29642"}],"version-history":[{"count":25,"href":"https:\/\/gtartistoo.com\/de\/wp-json\/wp\/v2\/pages\/29642\/revisions"}],"predecessor-version":[{"id":29683,"href":"https:\/\/gtartistoo.com\/de\/wp-json\/wp\/v2\/pages\/29642\/revisions\/29683"}],"wp:attachment":[{"href":"https:\/\/gtartistoo.com\/de\/wp-json\/wp\/v2\/media?parent=29642"}],"curies":[{"name":"wp","href":"https:\/\/api.w.org\/{rel}","templated":true}]}}