{"id":3,"date":"2025-10-13T04:00:44","date_gmt":"2025-10-13T04:00:44","guid":{"rendered":"http:\/\/gtartistoo.com\/?page_id=3"},"modified":"2026-01-12T07:17:35","modified_gmt":"2026-01-12T07:17:35","slug":"datenschutzbestimmungen","status":"publish","type":"page","link":"https:\/\/gtartistoo.com\/de\/datenschutzbestimmungen\/","title":{"rendered":"Datenschutzbestimmungen"},"content":{"rendered":"<div data-elementor-type=\"wp-page\" data-elementor-id=\"3\" class=\"elementor elementor-3\" data-elementor-post-type=\"page\">\n\t\t\t\t<div class=\"wd-negative-gap elementor-element elementor-element-fa9461d e-flex e-con-boxed e-con e-parent\" data-id=\"fa9461d\" data-element_type=\"container\" data-e-type=\"container\" data-settings=\"{&quot;ekit_has_onepagescroll_dot&quot;:&quot;yes&quot;}\">\n\t\t\t\t\t<div class=\"e-con-inner\">\n\t\t\t\t<div class=\"elementor-element elementor-element-34310a4 elementor-widget elementor-widget-wd_text_block\" data-id=\"34310a4\" data-element_type=\"widget\" data-e-type=\"widget\" data-settings=\"{&quot;ekit_we_effect_on&quot;:&quot;none&quot;}\" data-widget_type=\"wd_text_block.default\">\n\t\t\t\t<div class=\"elementor-widget-container\">\n\t\t\t\t\t\t\t<div class=\"wd-text-block reset-last-child text-left color-title\">\n\t\t\t\n\t\t\t<p>Wir nehmen den Schutz Ihrer Daten sehr ernst. In dieser Datenschutzerkl\u00e4rung wird erl\u00e4utert, wie wir Ihre Daten erfassen, verwenden, weitergeben und verarbeiten.<\/p><p><strong><u>Erhebung und Verwendung personenbezogener Daten<\/u><\/strong><\/p><p>Personenbezogene Daten sind Informationen, die dazu dienen k\u00f6nnen, Sie direkt oder indirekt zu identifizieren. Zu den personenbezogenen Daten geh\u00f6ren auch anonyme Daten, die mit Informationen verkn\u00fcpft sind, anhand derer Sie direkt oder indirekt identifiziert werden k\u00f6nnen. Zu den personenbezogenen Daten geh\u00f6ren keine Daten, die unwiderruflich anonymisiert oder aggregiert wurden, so dass sie es uns nicht mehr erm\u00f6glichen, Sie zu identifizieren, sei es in Kombination mit anderen Informationen oder auf andere Weise.<\/p><p><strong><u>F\u00f6rderung von Sicherheit und Schutz<\/u><\/strong><\/p><p>Wir halten uns an die Grunds\u00e4tze der Legalit\u00e4t, Legitimit\u00e4t und Transparenz, verwenden und verarbeiten die wenigsten Daten in einem begrenzten Rahmen und ergreifen technische und administrative Ma\u00dfnahmen, um die Sicherheit der Daten zu sch\u00fctzen. Wir verwenden personenbezogene Daten zur \u00dcberpr\u00fcfung von Konten und Nutzeraktivit\u00e4ten sowie zur F\u00f6rderung der Sicherheit, z. B. durch Betrugs\u00fcberwachung und Untersuchung verd\u00e4chtiger oder potenziell illegaler Aktivit\u00e4ten oder Verst\u00f6\u00dfe gegen unsere Bedingungen oder Richtlinien. Eine solche Verarbeitung beruht auf unserem berechtigten Interesse, die Sicherheit unserer Produkte und Dienstleistungen zu gew\u00e4hrleisten.<\/p><p>Nachfolgend finden Sie eine Beschreibung der Arten von personenbezogenen Daten, die wir sammeln k\u00f6nnen, und wie wir sie verwenden k\u00f6nnen:<\/p><p><strong><u>Welche pers\u00f6nlichen Daten wir sammeln<\/u><\/strong><\/p><p>\u2160. Daten, die Sie bereitstellen:\u00a0<\/p><p>Wir erfassen die personenbezogenen Daten, die Sie uns zur Verf\u00fcgung stellen, wenn Sie unsere Produkte und Dienstleistungen nutzen oder anderweitig mit uns interagieren, z. B. wenn Sie ein Konto erstellen, uns kontaktieren, an einer Online-Umfrage teilnehmen, unsere Online-Hilfe oder unser Online-Chat-Tool nutzen. Wenn Sie einen Kauf t\u00e4tigen, erfassen wir personenbezogene Daten im Zusammenhang mit dem Kauf. Zu diesen Daten geh\u00f6ren Ihre Zahlungsdaten, wie z. B. Ihre Kredit- oder Debitkartennummer und andere Karteninformationen, und andere Konto- und Authentifizierungsinformationen sowie Rechnungs-, Versand- und Kontaktinformationen.<\/p><p>\u2161. Daten \u00fcber die Nutzung unserer Dienstleistungen und Produkte:<\/p><p>Wenn Sie unsere Websites besuchen, k\u00f6nnen wir Daten \u00fcber die Art des von Ihnen verwendeten Ger\u00e4ts, die eindeutige Kennung Ihres Ger\u00e4ts, die IP-Adresse Ihres Ger\u00e4ts, Ihr Betriebssystem, die Art des von Ihnen verwendeten Internetbrowsers, Nutzungsinformationen, Diagnoseinformationen und Standortinformationen von oder \u00fcber die Computer, Telefone oder andere Ger\u00e4te erfassen, auf denen Sie unsere Produkte oder Dienstleistungen installieren oder darauf zugreifen. Sofern verf\u00fcgbar, k\u00f6nnen unsere Dienste GPS, Ihre IP-Adresse und andere Technologien nutzen, um den ungef\u00e4hren Standort eines Ger\u00e4ts zu bestimmen, damit wir unsere Produkte und Dienste verbessern k\u00f6nnen.<\/p><p><strong><u>Wie wir Ihre pers\u00f6nlichen Daten verwenden<\/u><\/strong><\/p><p>Im Allgemeinen verwenden wir personenbezogene Daten, um unsere Produkte und Dienstleistungen bereitzustellen, zu verbessern und weiterzuentwickeln, um mit Ihnen zu kommunizieren, um Ihnen gezielte Werbung und Dienstleistungen anzubieten und um uns und unsere Kunden zu sch\u00fctzen.<\/p><p>\u2160. Die Bereitstellung, Verbesserung und Entwicklung unserer Produkte und Dienstleistungen:<\/p><p>Wir verwenden personenbezogene Daten, um unsere Produkte, Dienstleistungen und Werbung anzubieten, zu verbessern und weiterzuentwickeln. Dazu geh\u00f6rt auch die Verwendung personenbezogener Daten f\u00fcr Zwecke wie Datenanalyse, Forschung und Audits. Eine solche Verarbeitung beruht auf unserem berechtigten Interesse, Ihnen Produkte und Dienstleistungen anzubieten und die Kontinuit\u00e4t des Gesch\u00e4ftsbetriebs zu gew\u00e4hrleisten.<\/p><p>\u2161. Wir kommunizieren mit Ihnen:<\/p><p>Vorbehaltlich Ihrer vorherigen ausdr\u00fccklichen Zustimmung k\u00f6nnen wir personenbezogene Daten verwenden, um Ihnen Marketingmitteilungen in Bezug auf unsere eigenen Produkte und Dienstleistungen zu senden, mit Ihnen \u00fcber Ihr Konto oder Ihre Transaktionen zu kommunizieren und Sie \u00fcber unsere Richtlinien und Bedingungen zu informieren. Wenn Sie keine E-Mail-Nachrichten zu Marketingzwecken mehr erhalten m\u00f6chten, setzen Sie sich bitte mit uns in Verbindung, um dies abzulehnen. Wir k\u00f6nnen Ihre Daten auch verwenden, um Ihre Anfragen zu bearbeiten und zu beantworten, wenn Sie uns kontaktieren.<\/p><p>HINWEIS: F\u00fcr jede der oben beschriebenen Verwendungen Ihrer Daten, die Ihre vorherige ausdr\u00fcckliche Zustimmung erfordern, k\u00f6nnen Sie Ihre Zustimmung widerrufen, indem Sie sich mit uns in Verbindung setzen.<\/p><p><strong><u>Definition von \u201cCookies\u201d<\/u><\/strong><\/p><p>Cookies sind kleine Textdateien, die zum Speichern von Informationen in Webbrowsern verwendet werden. Cookies werden h\u00e4ufig verwendet, um Kennungen und andere Informationen auf Computern, Telefonen und anderen Ger\u00e4ten zu speichern und zu empfangen. Wir verwenden auch andere Technologien, einschlie\u00dflich Daten, die wir in Ihrem Webbrowser oder auf Ihrem Ger\u00e4t speichern, Kennungen, die mit Ihrem Ger\u00e4t verbunden sind, und andere Software, f\u00fcr \u00e4hnliche Zwecke. In dieser Cookie-Erkl\u00e4rung bezeichnen wir alle diese Technologien als \u201cCookies\u201d.\u201d<\/p><p><strong><u>Verwendung von Cookies<\/u><\/strong><\/p><p>Wir verwenden Cookies, um unsere Produkte und Dienstleistungen bereitzustellen, zu sch\u00fctzen und zu verbessern, z. B. um Inhalte zu personalisieren, Werbung anzubieten und zu messen, das Nutzerverhalten zu verstehen und ein sichereres Erlebnis zu bieten. Bitte beachten Sie, dass die spezifischen Cookies, die wir verwenden, je nach den von Ihnen genutzten Websites und Diensten variieren k\u00f6nnen.<\/p><p><strong><u>Kinder<\/u><\/strong><\/p><p>Unsere Produkte und Dienstleistungen sind f\u00fcr Erwachsene bestimmt. Dementsprechend sammeln, verwenden oder ver\u00f6ffentlichen wir nicht wissentlich Daten von Kindern unter 16 Jahren. Wenn wir erfahren, dass wir personenbezogene Daten eines Kindes unter 16 Jahren oder dem entsprechenden Mindestalter je nach Gerichtsbarkeit erfasst haben, werden wir Ma\u00dfnahmen ergreifen, um die Daten so schnell wie m\u00f6glich zu l\u00f6schen. Bitte setzen Sie sich unverz\u00fcglich mit uns in Verbindung, wenn Sie erfahren, dass ein Kind unter 16 Jahren uns personenbezogene Daten zur Verf\u00fcgung gestellt hat.<\/p><p><strong><u>Ihre Rechte<\/u><\/strong><\/p><p>Wir ergreifen angemessene Ma\u00dfnahmen, um sicherzustellen, dass Ihre personenbezogenen Daten richtig, vollst\u00e4ndig und aktuell sind. Sie haben das Recht, auf die von uns erhobenen personenbezogenen Daten zuzugreifen, sie zu korrigieren oder zu l\u00f6schen. Sie haben auch das Recht, die weitere Verarbeitung Ihrer personenbezogenen Daten einzuschr\u00e4nken oder ihr jederzeit zu widersprechen. Sie haben das Recht, Ihre personenbezogenen Daten in einem strukturierten und standardisierten Format zu erhalten. Sie k\u00f6nnen bei der zust\u00e4ndigen Datenschutzbeh\u00f6rde eine Beschwerde \u00fcber die Verarbeitung Ihrer personenbezogenen Daten einreichen.  Um die Privatsph\u00e4re und die Sicherheit Ihrer personenbezogenen Daten zu sch\u00fctzen, k\u00f6nnen wir Sie um Daten bitten, die es uns erm\u00f6glichen, Ihre Identit\u00e4t und Ihr Recht auf Zugang zu diesen Daten zu best\u00e4tigen, sowie die von uns verwalteten personenbezogenen Daten zu suchen und Ihnen zur Verf\u00fcgung zu stellen. Es gibt F\u00e4lle, in denen geltende Gesetze oder beh\u00f6rdliche Vorschriften es uns erlauben oder vorschreiben, die Bereitstellung einiger oder aller von uns gespeicherten personenbezogenen Daten zu verweigern oder sie zu l\u00f6schen. Sie k\u00f6nnen uns kontaktieren, um Ihre Rechte auszu\u00fcben. Wir werden Ihre Anfrage innerhalb eines angemessenen Zeitraums, auf jeden Fall aber innerhalb von 30 Tagen beantworten.<\/p><p><strong><u>Websites und Dienste von Drittanbietern<\/u><\/strong><\/p><p>Wenn ein Kunde einen Link zu einer Website eines Drittanbieters schaltet, der mit uns in Beziehung steht, \u00fcbernehmen wir aufgrund der Datenschutzrichtlinien des Drittanbieters keine Verpflichtung oder Verantwortung f\u00fcr diese Richtlinien. Unsere Websites, Produkte und Dienstleistungen k\u00f6nnen Links zu Websites, Produkten und Dienstleistungen Dritter enthalten oder Ihnen den Zugang zu diesen erm\u00f6glichen. Wir sind weder verantwortlich f\u00fcr die Datenschutzpraktiken dieser Dritten noch f\u00fcr die Informationen oder Inhalte ihrer Produkte und Dienstleistungen. Diese Datenschutzerkl\u00e4rung gilt ausschlie\u00dflich f\u00fcr Daten, die wir durch unsere Produkte und Dienste erfassen. Wir empfehlen Ihnen, die Datenschutzrichtlinien von Drittanbietern zu lesen, bevor Sie deren Websites, Produkte oder Dienstleistungen nutzen.<\/p><p><strong><u>Datensicherheit, -integrit\u00e4t und -aufbewahrung<\/u><\/strong><\/p><p>Wir setzen angemessene technische, administrative und physische Sicherheitsma\u00dfnahmen ein, um den unbefugten Zugriff auf Ihre Daten zu sch\u00fctzen und zu verhindern und die von uns erfassten Daten korrekt zu verwenden. Wir werden Ihre personenbezogenen Daten so lange aufbewahren, wie es f\u00fcr die Erf\u00fcllung der in dieser Datenschutzerkl\u00e4rung genannten Zwecke erforderlich ist, es sei denn, eine l\u00e4ngere Aufbewahrungsfrist ist gesetzlich vorgeschrieben oder zul\u00e4ssig.<\/p><p><strong><u>\u00c4nderungen an dieser Erkl\u00e4rung zum Datenschutz<\/u><\/strong><\/p><p>Wir k\u00f6nnen diese Datenschutzerkl\u00e4rung von Zeit zu Zeit \u00e4ndern, um mit neuen Technologien, Branchenpraktiken und gesetzlichen Anforderungen Schritt zu halten.  Wenn Sie unsere Produkte und Dienstleistungen nach dem Datum des Inkrafttretens der Datenschutzerkl\u00e4rung weiterhin nutzen, bedeutet dies, dass Sie die \u00fcberarbeitete Datenschutzerkl\u00e4rung akzeptieren. Wenn Sie mit der \u00fcberarbeiteten Datenschutzerkl\u00e4rung nicht einverstanden sind, sehen Sie bitte von der Nutzung unserer Produkte und Dienstleistungen ab und setzen Sie sich mit uns in Verbindung, um ein eventuell von Ihnen eingerichtetes Konto zu schlie\u00dfen.<\/p><p><strong><u>Kontakt<\/u><\/strong><\/p><p>Wenn Sie Fragen zu dieser Datenschutzerkl\u00e4rung oder ihrer Umsetzung haben, k\u00f6nnen Sie uns wie folgt erreichen:\u00a0<a href=\"mailto:service@gtartistoo.com\"><u>service@gtartistoo.com<\/u><\/a><\/p>\n\t\t\t\t\t<\/div>\n\t\t\t\t\t\t<\/div>\n\t\t\t\t<\/div>\n\t\t\t\t\t<\/div>\n\t\t\t\t<\/div>\n\t\t\t\t<\/div>","protected":false},"excerpt":{"rendered":"<p>Wir nehmen den Schutz Ihrer Daten sehr ernst. In dieser Datenschutzerkl\u00e4rung wird erl\u00e4utert, wie wir Ihre Daten erfassen, verwenden, weitergeben und verarbeiten. Sammlung<\/p>","protected":false},"author":1,"featured_media":0,"parent":0,"menu_order":0,"comment_status":"closed","ping_status":"open","template":"elementor_header_footer","meta":{"footnotes":""},"class_list":["post-3","page","type-page","status-publish","hentry"],"yoast_head":"<!-- This site is optimized with the Yoast SEO Premium plugin v26.2 (Yoast SEO v26.2) - https:\/\/yoast.com\/wordpress\/plugins\/seo\/ -->\n<title>Privacy Policy - gtartistoo.com<\/title>\n<meta name=\"robots\" content=\"noindex, nofollow\" \/>\n<meta property=\"og:locale\" content=\"de_DE\" \/>\n<meta property=\"og:type\" content=\"article\" \/>\n<meta property=\"og:title\" content=\"Privacy Policy\" \/>\n<meta property=\"og:description\" content=\"We take your privacy seriously and this privacy statement explains how we collect, use, share and process your information. Collection\" \/>\n<meta property=\"og:url\" content=\"https:\/\/gtartistoo.com\/de\/datenschutzbestimmungen\/\" \/>\n<meta property=\"og:site_name\" content=\"gtartistoo.com\" \/>\n<meta property=\"article:modified_time\" content=\"2026-01-12T07:17:35+00:00\" \/>\n<meta name=\"twitter:card\" content=\"summary_large_image\" \/>\n<meta name=\"twitter:label1\" content=\"Gesch\u00e4tzte Lesezeit\" \/>\n\t<meta name=\"twitter:data1\" content=\"6\u00a0Minuten\" \/>\n<script type=\"application\/ld+json\" class=\"yoast-schema-graph\">{\"@context\":\"https:\/\/schema.org\",\"@graph\":[{\"@type\":\"WebPage\",\"@id\":\"https:\/\/gtartistoo.com\/privacy-policy\/\",\"url\":\"https:\/\/gtartistoo.com\/privacy-policy\/\",\"name\":\"Privacy Policy - gtartistoo.com\",\"isPartOf\":{\"@id\":\"https:\/\/gtartistoo.com\/#website\"},\"datePublished\":\"2025-10-13T04:00:44+00:00\",\"dateModified\":\"2026-01-12T07:17:35+00:00\",\"breadcrumb\":{\"@id\":\"https:\/\/gtartistoo.com\/privacy-policy\/#breadcrumb\"},\"inLanguage\":\"de\",\"potentialAction\":[{\"@type\":\"ReadAction\",\"target\":[\"https:\/\/gtartistoo.com\/privacy-policy\/\"]}]},{\"@type\":\"BreadcrumbList\",\"@id\":\"https:\/\/gtartistoo.com\/privacy-policy\/#breadcrumb\",\"itemListElement\":[{\"@type\":\"ListItem\",\"position\":1,\"name\":\"Home\",\"item\":\"https:\/\/gtartistoo.com\/\"},{\"@type\":\"ListItem\",\"position\":2,\"name\":\"Privacy Policy\"}]},{\"@type\":\"WebSite\",\"@id\":\"https:\/\/gtartistoo.com\/#website\",\"url\":\"https:\/\/gtartistoo.com\/\",\"name\":\"gtartistoo.com\",\"description\":\"\",\"publisher\":{\"@id\":\"https:\/\/gtartistoo.com\/#organization\"},\"potentialAction\":[{\"@type\":\"SearchAction\",\"target\":{\"@type\":\"EntryPoint\",\"urlTemplate\":\"https:\/\/gtartistoo.com\/?s={search_term_string}\"},\"query-input\":{\"@type\":\"PropertyValueSpecification\",\"valueRequired\":true,\"valueName\":\"search_term_string\"}}],\"inLanguage\":\"de\"},{\"@type\":\"Organization\",\"@id\":\"https:\/\/gtartistoo.com\/#organization\",\"name\":\"gtartistoo.com\",\"url\":\"https:\/\/gtartistoo.com\/\",\"logo\":{\"@type\":\"ImageObject\",\"inLanguage\":\"de\",\"@id\":\"https:\/\/gtartistoo.com\/#\/schema\/logo\/image\/\",\"url\":\"https:\/\/gtartistoo.com\/wp-content\/uploads\/2025\/10\/logo.svg\",\"contentUrl\":\"https:\/\/gtartistoo.com\/wp-content\/uploads\/2025\/10\/logo.svg\",\"width\":369,\"height\":124,\"caption\":\"gtartistoo.com\"},\"image\":{\"@id\":\"https:\/\/gtartistoo.com\/#\/schema\/logo\/image\/\"}}]}<\/script>\n<!-- \/ Yoast SEO Premium plugin. -->","yoast_head_json":{"title":"Datenschutzerkl\u00e4rung - gtartistoo.com","robots":{"index":"noindex","follow":"nofollow"},"og_locale":"de_DE","og_type":"article","og_title":"Privacy Policy","og_description":"We take your privacy seriously and this privacy statement explains how we collect, use, share and process your information. Collection","og_url":"https:\/\/gtartistoo.com\/de\/datenschutzbestimmungen\/","og_site_name":"gtartistoo.com","article_modified_time":"2026-01-12T07:17:35+00:00","twitter_card":"summary_large_image","twitter_misc":{"Gesch\u00e4tzte Lesezeit":"6\u00a0Minuten"},"schema":{"@context":"https:\/\/schema.org","@graph":[{"@type":"WebPage","@id":"https:\/\/gtartistoo.com\/privacy-policy\/","url":"https:\/\/gtartistoo.com\/privacy-policy\/","name":"Datenschutzerkl\u00e4rung - gtartistoo.com","isPartOf":{"@id":"https:\/\/gtartistoo.com\/#website"},"datePublished":"2025-10-13T04:00:44+00:00","dateModified":"2026-01-12T07:17:35+00:00","breadcrumb":{"@id":"https:\/\/gtartistoo.com\/privacy-policy\/#breadcrumb"},"inLanguage":"de","potentialAction":[{"@type":"ReadAction","target":["https:\/\/gtartistoo.com\/privacy-policy\/"]}]},{"@type":"BreadcrumbList","@id":"https:\/\/gtartistoo.com\/privacy-policy\/#breadcrumb","itemListElement":[{"@type":"ListItem","position":1,"name":"Home","item":"https:\/\/gtartistoo.com\/"},{"@type":"ListItem","position":2,"name":"Privacy Policy"}]},{"@type":"WebSite","@id":"https:\/\/gtartistoo.com\/#website","url":"https:\/\/gtartistoo.com\/","name":"gtartistoo.com","description":"","publisher":{"@id":"https:\/\/gtartistoo.com\/#organization"},"potentialAction":[{"@type":"SearchAction","target":{"@type":"EntryPoint","urlTemplate":"https:\/\/gtartistoo.com\/?s={search_term_string}"},"query-input":{"@type":"PropertyValueSpecification","valueRequired":true,"valueName":"search_term_string"}}],"inLanguage":"de"},{"@type":"Organization","@id":"https:\/\/gtartistoo.com\/#organization","name":"gtartistoo.com","url":"https:\/\/gtartistoo.com\/","logo":{"@type":"ImageObject","inLanguage":"de","@id":"https:\/\/gtartistoo.com\/#\/schema\/logo\/image\/","url":"https:\/\/gtartistoo.com\/wp-content\/uploads\/2025\/10\/logo.svg","contentUrl":"https:\/\/gtartistoo.com\/wp-content\/uploads\/2025\/10\/logo.svg","width":369,"height":124,"caption":"gtartistoo.com"},"image":{"@id":"https:\/\/gtartistoo.com\/#\/schema\/logo\/image\/"}}]}},"_hostinger_reach_plugin_has_subscription_block":false,"_hostinger_reach_plugin_is_elementor":false,"_links":{"self":[{"href":"https:\/\/gtartistoo.com\/de\/wp-json\/wp\/v2\/pages\/3","targetHints":{"allow":["GET"]}}],"collection":[{"href":"https:\/\/gtartistoo.com\/de\/wp-json\/wp\/v2\/pages"}],"about":[{"href":"https:\/\/gtartistoo.com\/de\/wp-json\/wp\/v2\/types\/page"}],"author":[{"embeddable":true,"href":"https:\/\/gtartistoo.com\/de\/wp-json\/wp\/v2\/users\/1"}],"replies":[{"embeddable":true,"href":"https:\/\/gtartistoo.com\/de\/wp-json\/wp\/v2\/comments?post=3"}],"version-history":[{"count":12,"href":"https:\/\/gtartistoo.com\/de\/wp-json\/wp\/v2\/pages\/3\/revisions"}],"predecessor-version":[{"id":29469,"href":"https:\/\/gtartistoo.com\/de\/wp-json\/wp\/v2\/pages\/3\/revisions\/29469"}],"wp:attachment":[{"href":"https:\/\/gtartistoo.com\/de\/wp-json\/wp\/v2\/media?parent=3"}],"curies":[{"name":"wp","href":"https:\/\/api.w.org\/{rel}","templated":true}]}}