{"id":4439,"date":"2021-10-12T16:27:24","date_gmt":"2021-10-12T16:27:24","guid":{"rendered":"http:\/\/dummy.xtemos.com\/woodmart2\/elementor\/?page_id=4439"},"modified":"2026-01-12T07:03:34","modified_gmt":"2026-01-12T07:03:34","slug":"kontaktieren-sie-uns","status":"publish","type":"page","link":"https:\/\/gtartistoo.com\/de\/kontaktieren-sie-uns\/","title":{"rendered":"Kontakt"},"content":{"rendered":"<div data-elementor-type=\"wp-page\" data-elementor-id=\"4439\" class=\"elementor elementor-4439\" data-elementor-post-type=\"page\">\n\t\t\t\t<div class=\"elementor-element elementor-element-cb322d0 e-flex e-con-boxed e-con e-parent\" data-id=\"cb322d0\" data-element_type=\"container\" data-e-type=\"container\" data-settings=\"{&quot;ekit_has_onepagescroll_dot&quot;:&quot;yes&quot;}\">\n\t\t\t\t\t<div class=\"e-con-inner\">\n\t\t<div class=\"elementor-element elementor-element-1f0abe4 e-con-full e-flex e-con e-child\" data-id=\"1f0abe4\" data-element_type=\"container\" data-e-type=\"container\" data-settings=\"{&quot;ekit_has_onepagescroll_dot&quot;:&quot;yes&quot;}\">\n\t\t<div class=\"elementor-element elementor-element-ef7a1cd e-con-full e-flex e-con e-child\" data-id=\"ef7a1cd\" data-element_type=\"container\" data-e-type=\"container\" data-settings=\"{&quot;ekit_has_onepagescroll_dot&quot;:&quot;yes&quot;}\">\n\t\t\t\t<div class=\"elementor-element elementor-element-071523a wd-width-100 elementor-widget elementor-widget-wd_title\" data-id=\"071523a\" data-element_type=\"widget\" data-e-type=\"widget\" data-settings=\"{&quot;ekit_we_effect_on&quot;:&quot;none&quot;}\" data-widget_type=\"wd_title.default\">\n\t\t\t\t<div class=\"elementor-widget-container\">\n\t\t\t\t\t\t\t<div class=\"title-wrapper wd-set-mb reset-last-child wd-title-color-default wd-title-style-default wd-title-size-default text-left\">\n\n\t\t\t\n\t\t\t<div class=\"liner-continer\">\n\t\t\t\t<h4 class=\"woodmart-title-container title wd-fontsize-l\">K\u00f6nnen wir helfen?<\/h4> \n\t\t\t\t\t\t\t<\/div>\n\n\t\t\t\t\t\t\t<div class=\"title-after_title reset-last-child wd-fontsize-xs\">\n\t\t\t\t\t<h5>Wir w\u00fcrden uns freuen, von Ihnen zu h\u00f6ren. Egal, ob Sie Fragen zu Funktionen, Testversionen, Preisen, eine Demo oder etwas anderes haben, unser Team ist bereit, alle Ihre Fragen zu beantworten.<\/h5>\t\t\t\t<\/div>\n\t\t\t\t\t<\/div>\n\t\t\t\t\t\t<\/div>\n\t\t\t\t<\/div>\n\t\t\t\t<\/div>\n\t\t<div class=\"elementor-element elementor-element-18c681c e-con-full e-flex e-con e-child\" data-id=\"18c681c\" data-element_type=\"container\" data-e-type=\"container\" data-settings=\"{&quot;ekit_has_onepagescroll_dot&quot;:&quot;yes&quot;}\">\n\t\t\t\t<div class=\"elementor-element elementor-element-8ca5e4d wd-width-100 elementor-widget elementor-widget-wd_title\" data-id=\"8ca5e4d\" data-element_type=\"widget\" data-e-type=\"widget\" data-settings=\"{&quot;ekit_we_effect_on&quot;:&quot;none&quot;}\" data-widget_type=\"wd_title.default\">\n\t\t\t\t<div class=\"elementor-widget-container\">\n\t\t\t\t\t\t\t<div class=\"title-wrapper wd-set-mb reset-last-child wd-title-color-default wd-title-style-default wd-title-size-default text-left\">\n\n\t\t\t\n\t\t\t<div class=\"liner-continer\">\n\t\t\t\t<h4 class=\"woodmart-title-container title wd-fontsize-l\">Kundenbetreuung<\/h4> \n\t\t\t\t\t\t\t<\/div>\n\n\t\t\t\t\t\t\t<div class=\"title-after_title reset-last-child wd-fontsize-xs\">\n\t\t\t\t\t<h5>Montag bis Samstag, 9 Uhr bis 18 Uhr\u00a0<\/h5><h4>E-Mail:\u00a0<a href=\"mailto:service@dragonhawkofficial.com\">service@gtartistoo.com<\/a><\/h4>\t\t\t\t<\/div>\n\t\t\t\t\t<\/div>\n\t\t\t\t\t\t<\/div>\n\t\t\t\t<\/div>\n\t\t\t\t<\/div>\n\t\t<div class=\"elementor-element elementor-element-9530ba7 e-con-full e-flex e-con e-child\" data-id=\"9530ba7\" data-element_type=\"container\" data-e-type=\"container\" data-settings=\"{&quot;ekit_has_onepagescroll_dot&quot;:&quot;yes&quot;}\">\n\t\t\t\t<div class=\"elementor-element elementor-element-7420c20 wd-width-100 elementor-widget elementor-widget-wd_title\" data-id=\"7420c20\" data-element_type=\"widget\" data-e-type=\"widget\" data-settings=\"{&quot;ekit_we_effect_on&quot;:&quot;none&quot;}\" data-widget_type=\"wd_title.default\">\n\t\t\t\t<div class=\"elementor-widget-container\">\n\t\t\t\t\t\t\t<div class=\"title-wrapper wd-set-mb reset-last-child wd-title-color-default wd-title-style-default wd-title-size-default text-left\">\n\n\t\t\t\n\t\t\t<div class=\"liner-continer\">\n\t\t\t\t<h4 class=\"woodmart-title-container title wd-fontsize-l\">Presse Kontakt<\/h4> \n\t\t\t\t\t\t\t<\/div>\n\n\t\t\t\t\t\t\t<div class=\"title-after_title reset-last-child wd-fontsize-xs\">\n\t\t\t\t\t<h5>Globales Marketing<\/h5><h4>E-Mail:\u00a0<a href=\"mailto:service@dragonhawkofficial.com\">marketing@gtartistoo.com<\/a><\/h4>\t\t\t\t<\/div>\n\t\t\t\t\t<\/div>\n\t\t\t\t\t\t<\/div>\n\t\t\t\t<\/div>\n\t\t\t\t<\/div>\n\t\t\t\t<\/div>\n\t\t<div class=\"elementor-element elementor-element-789122a e-con-full e-flex e-con e-child\" data-id=\"789122a\" data-element_type=\"container\" data-e-type=\"container\" data-settings=\"{&quot;ekit_has_onepagescroll_dot&quot;:&quot;yes&quot;}\">\n\t\t\t\t<div class=\"elementor-element elementor-element-775ddc4 wd-width-100 elementor-widget elementor-widget-wd_title\" data-id=\"775ddc4\" data-element_type=\"widget\" data-e-type=\"widget\" data-settings=\"{&quot;ekit_we_effect_on&quot;:&quot;none&quot;}\" data-widget_type=\"wd_title.default\">\n\t\t\t\t<div class=\"elementor-widget-container\">\n\t\t\t\t\t\t\t<div class=\"title-wrapper wd-set-mb reset-last-child wd-title-color-default wd-title-style-default wd-title-size-default text-left\">\n\n\t\t\t\n\t\t\t<div class=\"liner-continer\">\n\t\t\t\t<h4 class=\"woodmart-title-container title wd-fontsize-l\">KONTAKTIEREN SIE UNS F\u00dcR ALLE FRAGEN<\/h4> \n\t\t\t\t\t\t\t<\/div>\n\n\t\t\t\t\t<\/div>\n\t\t\t\t\t\t<\/div>\n\t\t\t\t<\/div>\n\t\t\t\t<div class=\"elementor-element elementor-element-aba67f5 elementor-widget elementor-widget-wpforms\" data-id=\"aba67f5\" data-element_type=\"widget\" data-e-type=\"widget\" data-settings=\"{&quot;ekit_we_effect_on&quot;:&quot;none&quot;}\" data-widget_type=\"wpforms.default\">\n\t\t\t\t<div class=\"elementor-widget-container\">\n\t\t\t\t\t<style id=\"wpforms-css-vars-elementor-widget-aba67f5\">\n\t\t\t\t.elementor-widget-wpforms.elementor-element-aba67f5 {\n\t\t\t\t--wpforms-field-border-color: #cccccc;\n--wpforms-field-border-color-spare: #cccccc;\n--wpforms-field-text-color: #444444;\n--wpforms-label-color: #262626;\n--wpforms-label-sublabel-color: #7f7f7f;\n--wpforms-label-error-color: #ff0000;\n--wpforms-button-border-style: solid;\n--wpforms-button-background-color: #dddddd;\n--wpforms-button-border-color: #cccccc;\n--wpforms-button-text-color: #666666;\n--wpforms-page-break-color: #dddddd;\n\t\t\t}\n\t\t\t<\/style><div class=\"wpforms-container wpforms-container-full wpforms-render-modern\" id=\"wpforms-30135\"><form id=\"wpforms-form-30135\" class=\"wpforms-validate wpforms-form wpforms-ajax-form\" data-formid=\"30135\" method=\"post\" enctype=\"multipart\/form-data\" action=\"\/de\/wp-json\/wp\/v2\/pages\/4439\" data-token=\"f6b6439794b308a5e4ec90e830b8bb4e\" data-token-time=\"1776688242\" data-trp-original-action=\"\/de\/wp-json\/wp\/v2\/pages\/4439\"><noscript class=\"wpforms-error-noscript\">Bitte aktiviere JavaScript in deinem Browser, um dieses Formular fertigzustellen.<\/noscript><div id=\"wpforms-error-noscript\" style=\"display: none;\">Bitte aktiviere JavaScript in deinem Browser, um dieses Formular fertigzustellen.<\/div><div class=\"wpforms-field-container\">\t\t<div id=\"wpforms-30135-field_1-container\"\n\t\t\tclass=\"wpforms-field wpforms-field-text\"\n\t\t\tdata-field-type=\"text\"\n\t\t\tdata-field-id=\"1\"\n\t\t\t>\n\t\t\t<label class=\"wpforms-field-label\" for=\"wpforms-30135-field_1\" >Land E-Mail Nachricht<\/label>\n\t\t\t<input type=\"text\" id=\"wpforms-30135-field_1\" class=\"wpforms-field-medium\" name=\"wpforms[fields][1]\" >\n\t\t<\/div>\n\t\t<div id=\"wpforms-30135-field_8-container\" class=\"wpforms-field wpforms-field-name\" data-field-id=\"8\"><fieldset><legend class=\"wpforms-field-label\">Name <span class=\"wpforms-required-label\" aria-hidden=\"true\">*<\/span><\/legend><div class=\"wpforms-field-row wpforms-field-medium\"><div class=\"wpforms-field-row-block wpforms-first wpforms-one-half\"><input type=\"text\" id=\"wpforms-30135-field_8\" class=\"wpforms-field-name-first wpforms-field-required\" name=\"wpforms[fields][8][first]\" aria-errormessage=\"wpforms-30135-field_8-error\" required><label for=\"wpforms-30135-field_8\" class=\"wpforms-field-sublabel after\">Vorname<\/label><\/div><div class=\"wpforms-field-row-block wpforms-one-half\"><input type=\"text\" id=\"wpforms-30135-field_8-last\" class=\"wpforms-field-name-last wpforms-field-required\" name=\"wpforms[fields][8][last]\" aria-errormessage=\"wpforms-30135-field_8-last-error\" required><label for=\"wpforms-30135-field_8-last\" class=\"wpforms-field-sublabel after\">Nachname<\/label><\/div><\/div><\/fieldset><\/div><div id=\"wpforms-30135-field_3-container\" class=\"wpforms-field wpforms-field-text\" data-field-id=\"3\"><label class=\"wpforms-field-label\" for=\"wpforms-30135-field_3\">Land <span class=\"wpforms-required-label\" aria-hidden=\"true\">*<\/span><\/label><input type=\"text\" id=\"wpforms-30135-field_3\" class=\"wpforms-field-medium wpforms-field-required\" name=\"wpforms[fields][3]\" aria-errormessage=\"wpforms-30135-field_3-error\" required><\/div><div id=\"wpforms-30135-field_7-container\" class=\"wpforms-field wpforms-field-email\" data-field-id=\"7\"><label class=\"wpforms-field-label\" for=\"wpforms-30135-field_7\">E-Mail <span class=\"wpforms-required-label\" aria-hidden=\"true\">*<\/span><\/label><input type=\"email\" id=\"wpforms-30135-field_7\" class=\"wpforms-field-medium wpforms-field-required\" name=\"wpforms[fields][7]\" spellcheck=\"false\" aria-errormessage=\"wpforms-30135-field_7-error\" required><\/div><div id=\"wpforms-30135-field_9-container\" class=\"wpforms-field wpforms-field-textarea\" data-field-id=\"9\"><label class=\"wpforms-field-label\" for=\"wpforms-30135-field_9\">Nachricht<\/label><textarea id=\"wpforms-30135-field_9\" class=\"wpforms-field-medium\" name=\"wpforms[fields][9]\" aria-errormessage=\"wpforms-30135-field_9-error\" ><\/textarea><\/div><script>\n\t\t\t\t( function() {\n\t\t\t\t\tconst style = document.createElement( 'style' );\n\t\t\t\t\tstyle.appendChild( document.createTextNode( '#wpforms-30135-field_1-container { position: absolute !important; overflow: hidden !important; display: inline !important; height: 1px !important; width: 1px !important; z-index: -1000 !important; padding: 0 !important; } #wpforms-30135-field_1-container input { visibility: hidden; } #wpforms-conversational-form-page #wpforms-30135-field_1-container label { counter-increment: none; }' ) );\n\t\t\t\t\tdocument.head.appendChild( style );\n\t\t\t\t\tdocument.currentScript?.remove();\n\t\t\t\t} )();\n\t\t\t<\/script><\/div><!-- .wpforms-field-container --><div class=\"wpforms-submit-container\" ><input type=\"hidden\" name=\"wpforms[id]\" value=\"30135\"><input type=\"hidden\" name=\"page_title\" value=\"\"><input type=\"hidden\" name=\"page_url\" value=\"https:\/\/gtartistoo.com\/de\/wp-json\/wp\/v2\/pages\/4439\"><input type=\"hidden\" name=\"url_referer\" value=\"\"><button type=\"submit\" name=\"wpforms[submit]\" id=\"wpforms-submit-30135\" class=\"wpforms-submit\" data-alt-text=\"Sending...\" data-submit-text=\"Submit\" aria-live=\"assertive\" value=\"wpforms-submit\">Einreichen<\/button><img decoding=\"async\" src=\"https:\/\/gtartistoo.com\/wp-content\/plugins\/wpforms-lite\/assets\/images\/submit-spin.svg\" class=\"wpforms-submit-spinner\" style=\"display: none;\" width=\"26\" height=\"26\" alt=\"Wird geladen\"><\/div><input type=\"hidden\" name=\"trp-form-language\" value=\"de\"\/><\/form><\/div>  <!-- .wpforms-container -->\t\t\t\t<\/div>\n\t\t\t\t<\/div>\n\t\t\t\t<\/div>\n\t\t\t\t\t<\/div>\n\t\t\t\t<\/div>\n\t\t\t\t<\/div>","protected":false},"excerpt":{"rendered":"<p>K\u00f6nnen wir helfen? Wir w\u00fcrden uns freuen, von Ihnen zu h\u00f6ren. Egal, ob Sie eine Frage zu Funktionen, Testversionen oder Preisen haben oder eine<\/p>","protected":false},"author":1,"featured_media":30339,"parent":0,"menu_order":0,"comment_status":"closed","ping_status":"closed","template":"","meta":{"footnotes":""},"class_list":["post-4439","page","type-page","status-publish","has-post-thumbnail","hentry"],"yoast_head":"<!-- This site is optimized with the Yoast SEO Premium plugin v26.2 (Yoast SEO v26.2) - https:\/\/yoast.com\/wordpress\/plugins\/seo\/ -->\n<title>Contact Us | Tattoo Supplies Support<\/title>\n<meta name=\"description\" content=\"Contact our tattoo supplies team for product questions, orders, and professional support.\" \/>\n<meta name=\"robots\" content=\"index, follow, max-snippet:-1, max-image-preview:large, max-video-preview:-1\" \/>\n<link rel=\"canonical\" href=\"https:\/\/gtartistoo.com\/de\/kontaktieren-sie-uns\/\" \/>\n<meta property=\"og:locale\" content=\"de_DE\" \/>\n<meta property=\"og:type\" content=\"article\" \/>\n<meta property=\"og:title\" content=\"Contact us\" \/>\n<meta property=\"og:description\" content=\"Contact our tattoo supplies team for product questions, orders, and professional support.\" \/>\n<meta property=\"og:url\" content=\"https:\/\/gtartistoo.com\/de\/kontaktieren-sie-uns\/\" \/>\n<meta property=\"og:site_name\" content=\"gtartistoo.com\" \/>\n<meta property=\"article:modified_time\" content=\"2026-01-12T07:03:34+00:00\" \/>\n<meta property=\"og:image\" content=\"https:\/\/gtartistoo.com\/wp-content\/uploads\/2025\/11\/gtartistoo.com-2025-11-13_08-04-24_405798.jpg\" \/>\n\t<meta property=\"og:image:width\" content=\"600\" \/>\n\t<meta property=\"og:image:height\" content=\"450\" \/>\n\t<meta property=\"og:image:type\" content=\"image\/jpeg\" \/>\n<meta name=\"twitter:card\" content=\"summary_large_image\" \/>\n<meta name=\"twitter:label1\" content=\"Gesch\u00e4tzte Lesezeit\" \/>\n\t<meta name=\"twitter:data1\" content=\"1\u00a0Minute\" \/>\n<script type=\"application\/ld+json\" class=\"yoast-schema-graph\">{\"@context\":\"https:\/\/schema.org\",\"@graph\":[{\"@type\":\"WebPage\",\"@id\":\"https:\/\/gtartistoo.com\/contact-us\/\",\"url\":\"https:\/\/gtartistoo.com\/contact-us\/\",\"name\":\"Contact Us | Tattoo Supplies Support\",\"isPartOf\":{\"@id\":\"https:\/\/gtartistoo.com\/#website\"},\"primaryImageOfPage\":{\"@id\":\"https:\/\/gtartistoo.com\/contact-us\/#primaryimage\"},\"image\":{\"@id\":\"https:\/\/gtartistoo.com\/contact-us\/#primaryimage\"},\"thumbnailUrl\":\"https:\/\/gtartistoo.com\/wp-content\/uploads\/2025\/11\/gtartistoo.com-2025-11-18_01-22-55_303840.jpg\",\"datePublished\":\"2021-10-12T16:27:24+00:00\",\"dateModified\":\"2026-01-12T07:03:34+00:00\",\"description\":\"Contact our tattoo supplies team for product questions, orders, and professional support.\",\"breadcrumb\":{\"@id\":\"https:\/\/gtartistoo.com\/contact-us\/#breadcrumb\"},\"inLanguage\":\"de\",\"potentialAction\":[{\"@type\":\"ReadAction\",\"target\":[\"https:\/\/gtartistoo.com\/contact-us\/\"]}]},{\"@type\":\"ImageObject\",\"inLanguage\":\"de\",\"@id\":\"https:\/\/gtartistoo.com\/contact-us\/#primaryimage\",\"url\":\"https:\/\/gtartistoo.com\/wp-content\/uploads\/2025\/11\/gtartistoo.com-2025-11-18_01-22-55_303840.jpg\",\"contentUrl\":\"https:\/\/gtartistoo.com\/wp-content\/uploads\/2025\/11\/gtartistoo.com-2025-11-18_01-22-55_303840.jpg\",\"width\":1500,\"height\":1493},{\"@type\":\"BreadcrumbList\",\"@id\":\"https:\/\/gtartistoo.com\/contact-us\/#breadcrumb\",\"itemListElement\":[{\"@type\":\"ListItem\",\"position\":1,\"name\":\"Home\",\"item\":\"https:\/\/gtartistoo.com\/\"},{\"@type\":\"ListItem\",\"position\":2,\"name\":\"Contact us\"}]},{\"@type\":\"WebSite\",\"@id\":\"https:\/\/gtartistoo.com\/#website\",\"url\":\"https:\/\/gtartistoo.com\/\",\"name\":\"gtartistoo.com\",\"description\":\"\",\"publisher\":{\"@id\":\"https:\/\/gtartistoo.com\/#organization\"},\"potentialAction\":[{\"@type\":\"SearchAction\",\"target\":{\"@type\":\"EntryPoint\",\"urlTemplate\":\"https:\/\/gtartistoo.com\/?s={search_term_string}\"},\"query-input\":{\"@type\":\"PropertyValueSpecification\",\"valueRequired\":true,\"valueName\":\"search_term_string\"}}],\"inLanguage\":\"de\"},{\"@type\":\"Organization\",\"@id\":\"https:\/\/gtartistoo.com\/#organization\",\"name\":\"gtartistoo.com\",\"url\":\"https:\/\/gtartistoo.com\/\",\"logo\":{\"@type\":\"ImageObject\",\"inLanguage\":\"de\",\"@id\":\"https:\/\/gtartistoo.com\/#\/schema\/logo\/image\/\",\"url\":\"https:\/\/gtartistoo.com\/wp-content\/uploads\/2025\/10\/logo.svg\",\"contentUrl\":\"https:\/\/gtartistoo.com\/wp-content\/uploads\/2025\/10\/logo.svg\",\"width\":369,\"height\":124,\"caption\":\"gtartistoo.com\"},\"image\":{\"@id\":\"https:\/\/gtartistoo.com\/#\/schema\/logo\/image\/\"}}]}<\/script>\n<!-- \/ Yoast SEO Premium plugin. -->","yoast_head_json":{"title":"Kontaktieren Sie uns | Tattoo Supplies Support","description":"Wenden Sie sich an unser Team f\u00fcr Tattoo-Zubeh\u00f6r, wenn Sie Fragen zu Produkten, Bestellungen und professionellem Support haben.","robots":{"index":"index","follow":"follow","max-snippet":"max-snippet:-1","max-image-preview":"max-image-preview:large","max-video-preview":"max-video-preview:-1"},"canonical":"https:\/\/gtartistoo.com\/de\/kontaktieren-sie-uns\/","og_locale":"de_DE","og_type":"article","og_title":"Contact us","og_description":"Contact our tattoo supplies team for product questions, orders, and professional support.","og_url":"https:\/\/gtartistoo.com\/de\/kontaktieren-sie-uns\/","og_site_name":"gtartistoo.com","article_modified_time":"2026-01-12T07:03:34+00:00","og_image":[{"width":600,"height":450,"url":"https:\/\/gtartistoo.com\/wp-content\/uploads\/2025\/11\/gtartistoo.com-2025-11-13_08-04-24_405798.jpg","type":"image\/jpeg"}],"twitter_card":"summary_large_image","twitter_misc":{"Gesch\u00e4tzte Lesezeit":"1\u00a0Minute"},"schema":{"@context":"https:\/\/schema.org","@graph":[{"@type":"WebPage","@id":"https:\/\/gtartistoo.com\/contact-us\/","url":"https:\/\/gtartistoo.com\/contact-us\/","name":"Kontaktieren Sie uns | Tattoo Supplies Support","isPartOf":{"@id":"https:\/\/gtartistoo.com\/#website"},"primaryImageOfPage":{"@id":"https:\/\/gtartistoo.com\/contact-us\/#primaryimage"},"image":{"@id":"https:\/\/gtartistoo.com\/contact-us\/#primaryimage"},"thumbnailUrl":"https:\/\/gtartistoo.com\/wp-content\/uploads\/2025\/11\/gtartistoo.com-2025-11-18_01-22-55_303840.jpg","datePublished":"2021-10-12T16:27:24+00:00","dateModified":"2026-01-12T07:03:34+00:00","description":"Wenden Sie sich an unser Team f\u00fcr Tattoo-Zubeh\u00f6r, wenn Sie Fragen zu Produkten, Bestellungen und professionellem Support haben.","breadcrumb":{"@id":"https:\/\/gtartistoo.com\/contact-us\/#breadcrumb"},"inLanguage":"de","potentialAction":[{"@type":"ReadAction","target":["https:\/\/gtartistoo.com\/contact-us\/"]}]},{"@type":"ImageObject","inLanguage":"de","@id":"https:\/\/gtartistoo.com\/contact-us\/#primaryimage","url":"https:\/\/gtartistoo.com\/wp-content\/uploads\/2025\/11\/gtartistoo.com-2025-11-18_01-22-55_303840.jpg","contentUrl":"https:\/\/gtartistoo.com\/wp-content\/uploads\/2025\/11\/gtartistoo.com-2025-11-18_01-22-55_303840.jpg","width":1500,"height":1493},{"@type":"BreadcrumbList","@id":"https:\/\/gtartistoo.com\/contact-us\/#breadcrumb","itemListElement":[{"@type":"ListItem","position":1,"name":"Home","item":"https:\/\/gtartistoo.com\/"},{"@type":"ListItem","position":2,"name":"Contact us"}]},{"@type":"WebSite","@id":"https:\/\/gtartistoo.com\/#website","url":"https:\/\/gtartistoo.com\/","name":"gtartistoo.com","description":"","publisher":{"@id":"https:\/\/gtartistoo.com\/#organization"},"potentialAction":[{"@type":"SearchAction","target":{"@type":"EntryPoint","urlTemplate":"https:\/\/gtartistoo.com\/?s={search_term_string}"},"query-input":{"@type":"PropertyValueSpecification","valueRequired":true,"valueName":"search_term_string"}}],"inLanguage":"de"},{"@type":"Organization","@id":"https:\/\/gtartistoo.com\/#organization","name":"gtartistoo.com","url":"https:\/\/gtartistoo.com\/","logo":{"@type":"ImageObject","inLanguage":"de","@id":"https:\/\/gtartistoo.com\/#\/schema\/logo\/image\/","url":"https:\/\/gtartistoo.com\/wp-content\/uploads\/2025\/10\/logo.svg","contentUrl":"https:\/\/gtartistoo.com\/wp-content\/uploads\/2025\/10\/logo.svg","width":369,"height":124,"caption":"gtartistoo.com"},"image":{"@id":"https:\/\/gtartistoo.com\/#\/schema\/logo\/image\/"}}]}},"_hostinger_reach_plugin_has_subscription_block":false,"_hostinger_reach_plugin_is_elementor":false,"_links":{"self":[{"href":"https:\/\/gtartistoo.com\/de\/wp-json\/wp\/v2\/pages\/4439","targetHints":{"allow":["GET"]}}],"collection":[{"href":"https:\/\/gtartistoo.com\/de\/wp-json\/wp\/v2\/pages"}],"about":[{"href":"https:\/\/gtartistoo.com\/de\/wp-json\/wp\/v2\/types\/page"}],"author":[{"embeddable":true,"href":"https:\/\/gtartistoo.com\/de\/wp-json\/wp\/v2\/users\/1"}],"replies":[{"embeddable":true,"href":"https:\/\/gtartistoo.com\/de\/wp-json\/wp\/v2\/comments?post=4439"}],"version-history":[{"count":42,"href":"https:\/\/gtartistoo.com\/de\/wp-json\/wp\/v2\/pages\/4439\/revisions"}],"predecessor-version":[{"id":31193,"href":"https:\/\/gtartistoo.com\/de\/wp-json\/wp\/v2\/pages\/4439\/revisions\/31193"}],"wp:featuredmedia":[{"embeddable":true,"href":"https:\/\/gtartistoo.com\/de\/wp-json\/wp\/v2\/media\/30339"}],"wp:attachment":[{"href":"https:\/\/gtartistoo.com\/de\/wp-json\/wp\/v2\/media?parent=4439"}],"curies":[{"name":"wp","href":"https:\/\/api.w.org\/{rel}","templated":true}]}}