{"id":30315,"date":"2025-11-13T08:07:17","date_gmt":"2025-11-13T08:07:17","guid":{"rendered":"https:\/\/gtartistoo.com\/?post_type=product&#038;p=30315"},"modified":"2026-01-28T06:35:50","modified_gmt":"2026-01-28T06:35:50","slug":"14farben-30ml-tattoo-tinten-set","status":"publish","type":"product","link":"https:\/\/gtartistoo.com\/de\/shop\/tattoo-tinten\/14farben-30ml-tattoo-tinten-set\/","title":{"rendered":"Gtartistoo Tattoo Ink Set - 14 Farben, 1 oz Flaschen"},"content":{"rendered":"<p data-start=\"1323\" data-end=\"1516\">Diese Tattoo-Tinte Set bietet eine ausgewogene Palette von Farben f\u00fcr professionelle Tattoo-Arbeit. Jede Flasche enth\u00e4lt 1 oz Tattoo-Tinte. Das Set unterst\u00fctzt farbfokussierte Designs und eine kontrollierte Anwendung.<\/p>\n<h3 data-start=\"1518\" data-end=\"1536\">Wesentliche Merkmale<\/h3>\n<ul data-start=\"1537\" data-end=\"1723\">\n<li data-start=\"1537\" data-end=\"1571\">\n<p data-start=\"1539\" data-end=\"1571\">14-Farben-Tattoo-Tintensortiment<\/p>\n<\/li>\n<li data-start=\"1572\" data-end=\"1599\">\n<p data-start=\"1574\" data-end=\"1599\">Einzelne 1 oz-Flaschen<\/p>\n<\/li>\n<li data-start=\"1600\" data-end=\"1643\">\n<p data-start=\"1602\" data-end=\"1643\">Klare Beschriftung zur Farbidentifikation<\/p>\n<\/li>\n<li data-start=\"1644\" data-end=\"1690\">\n<p data-start=\"1646\" data-end=\"1690\">Geeignet f\u00fcr professionelle Tattoo-Ausr\u00fcstung<\/p>\n<\/li>\n<li data-start=\"1691\" data-end=\"1723\">\n<p data-start=\"1693\" data-end=\"1723\">Organisiertes Set f\u00fcr den Einsatz im Studio<\/p>\n<\/li>\n<\/ul>\n<h3 data-start=\"1725\" data-end=\"1755\">Technische Daten<\/h3>\n<ul data-start=\"1756\" data-end=\"1859\">\n<li data-start=\"1756\" data-end=\"1777\">\n<p data-start=\"1758\" data-end=\"1777\">Marke: Gtartistoo<\/p>\n<\/li>\n<li data-start=\"1778\" data-end=\"1806\">\n<p data-start=\"1780\" data-end=\"1806\">Produkttyp: T\u00e4towiertinte<\/p>\n<\/li>\n<li data-start=\"1807\" data-end=\"1834\">\n<p data-start=\"1809\" data-end=\"1834\">Volumen pro Flasche: 1 oz<\/p>\n<\/li>\n<li data-start=\"1835\" data-end=\"1859\">\n<p data-start=\"1837\" data-end=\"1859\">Menge: 14 Flaschen<\/p>\n<\/li>\n<\/ul>\n<h3 data-start=\"1861\" data-end=\"1888\">Kompatibilit\u00e4t\/Verwendung<\/h3>\n<p data-start=\"1889\" data-end=\"2135\">Dieses Tattoo-Tintenset ist f\u00fcr die Verwendung mit professionellen Standard-T\u00e4towiermaschinen und Zubeh\u00f6r bestimmt. Verwenden Sie es gem\u00e4\u00df den professionellen T\u00e4towierpraktiken und den geltenden \u00f6rtlichen Vorschriften. Die Farbe kann unter verschiedenen Lichtverh\u00e4ltnissen unterschiedlich aussehen.<\/p>","protected":false},"excerpt":{"rendered":"<p dir=\"auto\">Das Gtartistoo Tattoo Ink 14-Color Set enth\u00e4lt vierzehn einzelne 1 oz Flaschen. Dieses Set bietet eine breite Auswahl an Farben f\u00fcr professionelle Tattoo-Anwendungen entwickelt. Jede Farbe kommt in einer klar beschrifteten Flasche f\u00fcr eine einfache Identifizierung w\u00e4hrend des Gebrauchs.<\/p>\n<p data-start=\"1150\" data-end=\"1169\"><strong data-start=\"1150\" data-end=\"1167\">Merkmale des Sets:<\/strong><\/p>\n<ul data-start=\"1170\" data-end=\"1270\">\n<li data-start=\"1170\" data-end=\"1205\">\n<p data-start=\"1172\" data-end=\"1205\">14 individuelle Tattoo-Farben<\/p>\n<\/li>\n<li data-start=\"1206\" data-end=\"1236\">\n<p data-start=\"1208\" data-end=\"1236\">1 oz Flaschengr\u00f6\u00dfe pro Farbe<\/p>\n<\/li>\n<li data-start=\"1237\" data-end=\"1270\">\n<p data-start=\"1239\" data-end=\"1270\">F\u00fcr den professionellen Einsatz konzipiert<\/p>\n<\/li>\n<\/ul>","protected":false},"featured_media":30347,"comment_status":"open","ping_status":"closed","template":"","meta":[],"product_brand":[71],"product_cat":[353,72],"product_tag":[222,224,206,223,198,201],"class_list":{"0":"post-30315","1":"product","2":"type-product","3":"status-publish","4":"has-post-thumbnail","6":"product_brand-gtartistoo","7":"product_cat-tattoo-ink-sets","8":"product_cat-tattoo-inks","9":"product_tag-1oz-tattoo-ink","10":"product_tag-blackwhite-ink","11":"product_tag-bright-red-ink","12":"product_tag-full-color-tattoo-ink","13":"product_tag-shading-black-ink","14":"product_tag-true-black-ink","16":"first","17":"instock","18":"sale","19":"featured","20":"taxable","21":"shipping-taxable","22":"purchasable","23":"product-type-simple"},"yoast_head":"<!-- This site is optimized with the Yoast SEO Premium plugin v26.2 (Yoast SEO v26.2) - https:\/\/yoast.com\/wordpress\/plugins\/seo\/ -->\n<title>Tattoo Supplies Shop | Professional Tattoo Equipment<\/title>\n<meta name=\"description\" content=\"Gtartistoo 14-color tattoo ink set with 1 oz bottles. Includes a wide range of colors for professional tattoo applications and color-focused designs.\" \/>\n<meta name=\"robots\" content=\"index, follow, max-snippet:-1, max-image-preview:large, max-video-preview:-1\" \/>\n<link rel=\"canonical\" href=\"https:\/\/gtartistoo.com\/de\/shop\/tattoo-tinten\/14farben-30ml-tattoo-tinten-set\/\" \/>\n<meta property=\"og:locale\" content=\"de_DE\" \/>\n<meta property=\"og:type\" content=\"article\" \/>\n<meta property=\"og:title\" content=\"Gtartistoo Tattoo Ink Set \u2013 14 Colors, 1 oz Bottles\" \/>\n<meta property=\"og:description\" content=\"Gtartistoo 14-color tattoo ink set with 1 oz bottles. Includes a wide range of colors for professional tattoo applications and color-focused designs.\" \/>\n<meta property=\"og:url\" content=\"https:\/\/gtartistoo.com\/de\/shop\/tattoo-tinten\/14farben-30ml-tattoo-tinten-set\/\" \/>\n<meta property=\"og:site_name\" content=\"gtartistoo.com\" \/>\n<meta property=\"article:modified_time\" content=\"2026-01-28T06:35:50+00:00\" \/>\n<meta property=\"og:image\" content=\"https:\/\/gtartistoo.com\/wp-content\/uploads\/2025\/11\/gtartistoo.com-2025-11-18_01-23-34_620942.jpg\" \/>\n\t<meta property=\"og:image:width\" content=\"1500\" \/>\n\t<meta property=\"og:image:height\" content=\"1493\" \/>\n\t<meta property=\"og:image:type\" content=\"image\/jpeg\" \/>\n<meta name=\"twitter:card\" content=\"summary_large_image\" \/>\n<meta name=\"twitter:label1\" content=\"Preis\" \/>\n\t<meta name=\"twitter:data1\" content=\"33.99&#036;\" \/>\n\t<meta name=\"twitter:label2\" content=\"Verf\u00fcgbarkeit\" \/>\n\t<meta name=\"twitter:data2\" content=\"Auf Lager\" \/>\n<script type=\"application\/ld+json\" class=\"yoast-schema-graph\">{\"@context\":\"https:\/\/schema.org\",\"@graph\":[{\"@type\":\"WebPage\",\"@id\":\"https:\/\/gtartistoo.com\/shop\/tattoo-inks\/14colors-30ml-tattoo-ink-set\/\",\"url\":\"https:\/\/gtartistoo.com\/shop\/tattoo-inks\/14colors-30ml-tattoo-ink-set\/\",\"name\":\"Tattoo Supplies Shop | Professional Tattoo Equipment\",\"isPartOf\":{\"@id\":\"https:\/\/gtartistoo.com\/#website\"},\"primaryImageOfPage\":{\"@id\":\"https:\/\/gtartistoo.com\/shop\/tattoo-inks\/14colors-30ml-tattoo-ink-set\/#primaryimage\"},\"image\":{\"@id\":\"https:\/\/gtartistoo.com\/shop\/tattoo-inks\/14colors-30ml-tattoo-ink-set\/#primaryimage\"},\"thumbnailUrl\":\"https:\/\/gtartistoo.com\/wp-content\/uploads\/2025\/11\/gtartistoo.com-2025-11-18_01-23-34_620942.jpg\",\"datePublished\":\"2025-11-13T08:07:17+00:00\",\"dateModified\":\"2026-01-28T06:35:50+00:00\",\"description\":\"Gtartistoo 14-color tattoo ink set with 1 oz bottles. Includes a wide range of colors for professional tattoo applications and color-focused designs.\",\"breadcrumb\":{\"@id\":\"https:\/\/gtartistoo.com\/shop\/tattoo-inks\/14colors-30ml-tattoo-ink-set\/#breadcrumb\"},\"inLanguage\":\"de\",\"potentialAction\":[{\"@type\":\"ReadAction\",\"target\":[\"https:\/\/gtartistoo.com\/shop\/tattoo-inks\/14colors-30ml-tattoo-ink-set\/\"]}]},{\"@type\":\"ImageObject\",\"inLanguage\":\"de\",\"@id\":\"https:\/\/gtartistoo.com\/shop\/tattoo-inks\/14colors-30ml-tattoo-ink-set\/#primaryimage\",\"url\":\"https:\/\/gtartistoo.com\/wp-content\/uploads\/2025\/11\/gtartistoo.com-2025-11-18_01-23-34_620942.jpg\",\"contentUrl\":\"https:\/\/gtartistoo.com\/wp-content\/uploads\/2025\/11\/gtartistoo.com-2025-11-18_01-23-34_620942.jpg\",\"width\":1500,\"height\":1493,\"caption\":\"Gtartistoo tattoo ink 14 color set with 1 oz bottles\"},{\"@type\":\"BreadcrumbList\",\"@id\":\"https:\/\/gtartistoo.com\/shop\/tattoo-inks\/14colors-30ml-tattoo-ink-set\/#breadcrumb\",\"itemListElement\":[{\"@type\":\"ListItem\",\"position\":1,\"name\":\"Home\",\"item\":\"https:\/\/gtartistoo.com\/\"},{\"@type\":\"ListItem\",\"position\":2,\"name\":\"Shop\",\"item\":\"https:\/\/gtartistoo.com\/shop\/\"},{\"@type\":\"ListItem\",\"position\":3,\"name\":\"Gtartistoo Tattoo Ink Set \u2013 14 Colors, 1 oz Bottles\"}]},{\"@type\":\"WebSite\",\"@id\":\"https:\/\/gtartistoo.com\/#website\",\"url\":\"https:\/\/gtartistoo.com\/\",\"name\":\"gtartistoo.com\",\"description\":\"\",\"publisher\":{\"@id\":\"https:\/\/gtartistoo.com\/#organization\"},\"potentialAction\":[{\"@type\":\"SearchAction\",\"target\":{\"@type\":\"EntryPoint\",\"urlTemplate\":\"https:\/\/gtartistoo.com\/?s={search_term_string}\"},\"query-input\":{\"@type\":\"PropertyValueSpecification\",\"valueRequired\":true,\"valueName\":\"search_term_string\"}}],\"inLanguage\":\"de\"},{\"@type\":\"Organization\",\"@id\":\"https:\/\/gtartistoo.com\/#organization\",\"name\":\"gtartistoo.com\",\"url\":\"https:\/\/gtartistoo.com\/\",\"logo\":{\"@type\":\"ImageObject\",\"inLanguage\":\"de\",\"@id\":\"https:\/\/gtartistoo.com\/#\/schema\/logo\/image\/\",\"url\":\"https:\/\/gtartistoo.com\/wp-content\/uploads\/2025\/10\/logo.svg\",\"contentUrl\":\"https:\/\/gtartistoo.com\/wp-content\/uploads\/2025\/10\/logo.svg\",\"width\":369,\"height\":124,\"caption\":\"gtartistoo.com\"},\"image\":{\"@id\":\"https:\/\/gtartistoo.com\/#\/schema\/logo\/image\/\"}}]}<\/script>\n<meta property=\"product:price:amount\" content=\"33.99\" \/>\n<meta property=\"product:price:currency\" content=\"USD\" \/>\n<meta property=\"og:availability\" content=\"instock\" \/>\n<meta property=\"product:availability\" content=\"instock\" \/>\n<meta property=\"product:retailer_item_id\" content=\"30315\" \/>\n<meta property=\"product:condition\" content=\"new\" \/>\n<!-- \/ Yoast SEO Premium plugin. -->","yoast_head_json":{"title":"Tattoo Supplies Shop | Professionelle Tattoo Ausr\u00fcstung","description":"Gtartistoo 14-Farben-Tattoo-Tintenset mit 1 oz Flaschen. Enth\u00e4lt eine breite Palette von Farben f\u00fcr professionelle Tattoo-Anwendungen und Farbe fokussiert Designs.","robots":{"index":"index","follow":"follow","max-snippet":"max-snippet:-1","max-image-preview":"max-image-preview:large","max-video-preview":"max-video-preview:-1"},"canonical":"https:\/\/gtartistoo.com\/de\/shop\/tattoo-tinten\/14farben-30ml-tattoo-tinten-set\/","og_locale":"de_DE","og_type":"article","og_title":"Gtartistoo Tattoo Ink Set \u2013 14 Colors, 1 oz Bottles","og_description":"Gtartistoo 14-color tattoo ink set with 1 oz bottles. Includes a wide range of colors for professional tattoo applications and color-focused designs.","og_url":"https:\/\/gtartistoo.com\/de\/shop\/tattoo-tinten\/14farben-30ml-tattoo-tinten-set\/","og_site_name":"gtartistoo.com","article_modified_time":"2026-01-28T06:35:50+00:00","og_image":[{"width":1500,"height":1493,"url":"https:\/\/gtartistoo.com\/wp-content\/uploads\/2025\/11\/gtartistoo.com-2025-11-18_01-23-34_620942.jpg","type":"image\/jpeg"}],"twitter_card":"summary_large_image","twitter_misc":{"Preis":"33.99&#36;","Verf\u00fcgbarkeit":"Auf Lager"},"schema":{"@context":"https:\/\/schema.org","@graph":[{"@type":"WebPage","@id":"https:\/\/gtartistoo.com\/shop\/tattoo-inks\/14colors-30ml-tattoo-ink-set\/","url":"https:\/\/gtartistoo.com\/shop\/tattoo-inks\/14colors-30ml-tattoo-ink-set\/","name":"Tattoo Supplies Shop | Professionelle Tattoo Ausr\u00fcstung","isPartOf":{"@id":"https:\/\/gtartistoo.com\/#website"},"primaryImageOfPage":{"@id":"https:\/\/gtartistoo.com\/shop\/tattoo-inks\/14colors-30ml-tattoo-ink-set\/#primaryimage"},"image":{"@id":"https:\/\/gtartistoo.com\/shop\/tattoo-inks\/14colors-30ml-tattoo-ink-set\/#primaryimage"},"thumbnailUrl":"https:\/\/gtartistoo.com\/wp-content\/uploads\/2025\/11\/gtartistoo.com-2025-11-18_01-23-34_620942.jpg","datePublished":"2025-11-13T08:07:17+00:00","dateModified":"2026-01-28T06:35:50+00:00","description":"Gtartistoo 14-Farben-Tattoo-Tintenset mit 1 oz Flaschen. Enth\u00e4lt eine breite Palette von Farben f\u00fcr professionelle Tattoo-Anwendungen und Farbe fokussiert Designs.","breadcrumb":{"@id":"https:\/\/gtartistoo.com\/shop\/tattoo-inks\/14colors-30ml-tattoo-ink-set\/#breadcrumb"},"inLanguage":"de","potentialAction":[{"@type":"ReadAction","target":["https:\/\/gtartistoo.com\/shop\/tattoo-inks\/14colors-30ml-tattoo-ink-set\/"]}]},{"@type":"ImageObject","inLanguage":"de","@id":"https:\/\/gtartistoo.com\/shop\/tattoo-inks\/14colors-30ml-tattoo-ink-set\/#primaryimage","url":"https:\/\/gtartistoo.com\/wp-content\/uploads\/2025\/11\/gtartistoo.com-2025-11-18_01-23-34_620942.jpg","contentUrl":"https:\/\/gtartistoo.com\/wp-content\/uploads\/2025\/11\/gtartistoo.com-2025-11-18_01-23-34_620942.jpg","width":1500,"height":1493,"caption":"Gtartistoo tattoo ink 14 color set with 1 oz bottles"},{"@type":"BreadcrumbList","@id":"https:\/\/gtartistoo.com\/shop\/tattoo-inks\/14colors-30ml-tattoo-ink-set\/#breadcrumb","itemListElement":[{"@type":"ListItem","position":1,"name":"Home","item":"https:\/\/gtartistoo.com\/"},{"@type":"ListItem","position":2,"name":"Shop","item":"https:\/\/gtartistoo.com\/shop\/"},{"@type":"ListItem","position":3,"name":"Gtartistoo Tattoo Ink Set \u2013 14 Colors, 1 oz Bottles"}]},{"@type":"WebSite","@id":"https:\/\/gtartistoo.com\/#website","url":"https:\/\/gtartistoo.com\/","name":"gtartistoo.com","description":"","publisher":{"@id":"https:\/\/gtartistoo.com\/#organization"},"potentialAction":[{"@type":"SearchAction","target":{"@type":"EntryPoint","urlTemplate":"https:\/\/gtartistoo.com\/?s={search_term_string}"},"query-input":{"@type":"PropertyValueSpecification","valueRequired":true,"valueName":"search_term_string"}}],"inLanguage":"de"},{"@type":"Organization","@id":"https:\/\/gtartistoo.com\/#organization","name":"gtartistoo.com","url":"https:\/\/gtartistoo.com\/","logo":{"@type":"ImageObject","inLanguage":"de","@id":"https:\/\/gtartistoo.com\/#\/schema\/logo\/image\/","url":"https:\/\/gtartistoo.com\/wp-content\/uploads\/2025\/10\/logo.svg","contentUrl":"https:\/\/gtartistoo.com\/wp-content\/uploads\/2025\/10\/logo.svg","width":369,"height":124,"caption":"gtartistoo.com"},"image":{"@id":"https:\/\/gtartistoo.com\/#\/schema\/logo\/image\/"}}]},"product_price_amount":"33.99","product_price_currency":"USD","og_availability":"instock","product_availability":"instock","product_retailer_item_id":"30315","product_condition":"new"},"_links":{"self":[{"href":"https:\/\/gtartistoo.com\/de\/wp-json\/wp\/v2\/product\/30315","targetHints":{"allow":["GET"]}}],"collection":[{"href":"https:\/\/gtartistoo.com\/de\/wp-json\/wp\/v2\/product"}],"about":[{"href":"https:\/\/gtartistoo.com\/de\/wp-json\/wp\/v2\/types\/product"}],"replies":[{"embeddable":true,"href":"https:\/\/gtartistoo.com\/de\/wp-json\/wp\/v2\/comments?post=30315"}],"version-history":[{"count":6,"href":"https:\/\/gtartistoo.com\/de\/wp-json\/wp\/v2\/product\/30315\/revisions"}],"predecessor-version":[{"id":31629,"href":"https:\/\/gtartistoo.com\/de\/wp-json\/wp\/v2\/product\/30315\/revisions\/31629"}],"wp:featuredmedia":[{"embeddable":true,"href":"https:\/\/gtartistoo.com\/de\/wp-json\/wp\/v2\/media\/30347"}],"wp:attachment":[{"href":"https:\/\/gtartistoo.com\/de\/wp-json\/wp\/v2\/media?parent=30315"}],"wp:term":[{"taxonomy":"product_brand","embeddable":true,"href":"https:\/\/gtartistoo.com\/de\/wp-json\/wp\/v2\/product_brand?post=30315"},{"taxonomy":"product_cat","embeddable":true,"href":"https:\/\/gtartistoo.com\/de\/wp-json\/wp\/v2\/product_cat?post=30315"},{"taxonomy":"product_tag","embeddable":true,"href":"https:\/\/gtartistoo.com\/de\/wp-json\/wp\/v2\/product_tag?post=30315"}],"curies":[{"name":"wp","href":"https:\/\/api.w.org\/{rel}","templated":true}]}}