{"id":30573,"date":"2026-01-29T05:31:55","date_gmt":"2026-01-29T05:31:55","guid":{"rendered":"https:\/\/gtartistoo.com\/?post_type=product&#038;p=30573"},"modified":"2026-01-29T05:31:56","modified_gmt":"2026-01-29T05:31:56","slug":"cnc-e400-kabellose-tattoo-stift-maschine-schwarz","status":"publish","type":"product","link":"https:\/\/gtartistoo.com\/de\/shop\/tatowiermaschine\/cnc-e400-kabellose-tattoo-stift-maschine-schwarz\/","title":{"rendered":"CNC E400 Kabellose Tattoo-Stift-Maschine - Schwarz"},"content":{"rendered":"<h1 class=\"header-iWP5WJ auto-hide-last-sibling-br\">E400 Kabelloser Tattoo-Stift: Professionelle Leistung f\u00fcr nahtloses T\u00e4towieren<\/h1>\n<div class=\"auto-hide-last-sibling-br paragraph-pP9ZLC paragraph-element br-paragraph-space\">Der kabellose Tattoo-Stift E400 wurde speziell f\u00fcr T\u00e4towierer entwickelt. Er vereint dauerhafte Zuverl\u00e4ssigkeit, pr\u00e4zise Einstellbarkeit und stabilen Betrieb, um jede Phase Ihres kreativen Prozesses zu unterst\u00fctzen - von feinen Konturen bis hin zu satten Texturen.<\/div>\n<h3 class=\"header-iWP5WJ auto-hide-last-sibling-br\">Zwei 1800mAh RCA-Batterien: Keine Ausfallzeiten f\u00fcr ununterbrochene Sessions<\/h3>\n<div class=\"auto-hide-last-sibling-br paragraph-pP9ZLC paragraph-element br-paragraph-space\">Ausgestattet mit zwei leistungsstarken 1800mAh RCA-Akkus bietet der Stift bis zu 10 Stunden kabellosen Dauerbetrieb - genug f\u00fcr eine ganzt\u00e4gige Tattoo-Sitzung. Wenn ein Akku in Gebrauch ist, kann der andere parallel aufgeladen werden. Durch einen schnellen Wechsel k\u00f6nnen Sie ohne Unterbrechung weiterarbeiten, was die Frustration durch Stromausf\u00e4lle mitten in der Sitzung beseitigt und eine ununterbrochene Produktivit\u00e4t gew\u00e4hrleistet.<\/div>\n<h3 class=\"header-iWP5WJ auto-hide-last-sibling-br\">7-Hub-Einstellung und 0-4,5 mm Nadeltiefe: Pr\u00e4zision f\u00fcr jede Technik<\/h3>\n<div class=\"auto-hide-last-sibling-br paragraph-pP9ZLC paragraph-element br-paragraph-space\">Es bietet 7 anpassbare Hubl\u00e4ngen (2,4 mm - 4,2 mm) und einen flexiblen Nadeltiefenbereich (0 - 4,5 mm), so dass Sie das Werkzeug genau auf Ihre Bed\u00fcrfnisse abstimmen k\u00f6nnen.\u00a0<em>genau<\/em>\u00a0was Ihre Kunst erfordert:<\/div>\n<div class=\"container-Uxvbjy md-box-line-break wrapper-GYqxgQ undefined\"><\/div>\n<ul class=\"auto-hide-last-sibling-br\">\n<li>Verwenden Sie k\u00fcrzere Striche (2,4 mm bis 3,0 mm) f\u00fcr eine klare, pr\u00e4zise Linie;<\/li>\n<li>Entscheiden Sie sich f\u00fcr mittlere Strichst\u00e4rken (3,2 mm-3,8 mm), um lebendige Farben zu erhalten;<\/li>\n<li>W\u00e4hlen Sie l\u00e4ngere Striche (4,0 mm bis 4,2 mm) f\u00fcr eine gleichm\u00e4\u00dfige, weiche Schattierung.\n<div class=\"container-Uxvbjy md-box-line-break wrapper-GYqxgQ undefined\"><\/div>\n<p>Diese Anpassungsf\u00e4higkeit bedeutet, dass der E400 f\u00fcr k\u00fchne traditionelle Stile, zarten Mikrorealismus und alles dazwischen geeignet ist.<\/li>\n<\/ul>\n<h3 class=\"header-iWP5WJ auto-hide-last-sibling-br\">B\u00fcrstenloser kernloser Motor + Anti-Roll-Design: Stabiler, erm\u00fcdungsfreier Betrieb<\/h3>\n<div class=\"auto-hide-last-sibling-br paragraph-pP9ZLC paragraph-element br-paragraph-space\">Der Stift wird von einem b\u00fcrstenlosen, kernlosen Motor und einem Direktantriebssystem angetrieben und arbeitet mit extrem geringer Vibration und minimaler Ger\u00e4uschentwicklung - entscheidend f\u00fcr die Verringerung der Erm\u00fcdung der Hand bei Sitzungen von mehr als 4 Stunden. Das roll- und rutschfeste Geh\u00e4use sorgt daf\u00fcr, dass der Stift sicher auf Ihrem Arbeitsplatz liegt (auch wenn Tinte oder Gel in der N\u00e4he sind) und verhindert so ein versehentliches Verrutschen, das feine Details ruinieren k\u00f6nnte. Das Direktantriebssystem sorgt au\u00dferdem f\u00fcr eine gleichm\u00e4\u00dfige Kraft\u00fcbertragung auf die Nadel, so dass jede Linie und jeder Farbton gleichm\u00e4\u00dfig bleibt.<\/div>\n<h3 class=\"header-iWP5WJ auto-hide-last-sibling-br\">Zwei Modi und 3 Speichervoreinstellungen: Zeit sparen, Kreativit\u00e4t f\u00f6rdern<\/h3>\n<div class=\"auto-hide-last-sibling-br paragraph-pP9ZLC paragraph-element br-paragraph-space\">Wechseln Sie mit einem Fingertipp zwischen zwei spezialisierten Modi:<\/div>\n<div class=\"container-Uxvbjy md-box-line-break wrapper-GYqxgQ undefined\"><\/div>\n<ul class=\"auto-hide-last-sibling-br\">\n<li><strong>Normaler Modus<\/strong>: F\u00fcr Standard-T\u00e4towierungen (Unterf\u00fctterung, Schattierung, Farbe);<\/li>\n<li><strong>Stippling-Modus<\/strong>: F\u00fcr strukturierte Details (z. B. Hauttextur, Haarstr\u00e4hnen).\n<div class=\"container-Uxvbjy md-box-line-break wrapper-GYqxgQ undefined\"><\/div>\n<p>Au\u00dferdem verf\u00fcgt sie \u00fcber eine Jump-Start-Funktion (sofortiges Einschalten f\u00fcr eine schnelle Einrichtung) und 3 Speicher-Voreinstellungen - speichern Sie Ihre bevorzugten Einstellungen (z. B. Hubl\u00e4nge + Spannung) f\u00fcr verschiedene Nadeltypen (runde Liner, Magnum Shader) oder Projekte. Keine wiederholten Einstellungen mehr: W\u00e4hlen Sie einfach Ihre Voreinstellung und beginnen Sie mit der Arbeit.<\/li>\n<\/ul>\n<h3 class=\"header-iWP5WJ auto-hide-last-sibling-br\">HD-Farbdisplay: Echtzeit-Kontrolle auf einen Blick<\/h3>\n<div class=\"auto-hide-last-sibling-br paragraph-pP9ZLC paragraph-element br-paragraph-space\">Ein integrierter HD-Farbbildschirm zeigt die wichtigsten Informationen in Echtzeit an: Batteriestand (damit Ihnen nicht unerwartet die Batterie ausgeht), aktuelle Spannung, Hubl\u00e4nge und aktiver Modus. Die Benutzeroberfl\u00e4che ist intuitiv - es gibt keine komplizierten Men\u00fcs -, sodass Sie die Einstellungen w\u00e4hrend der Sitzung \u00e4ndern k\u00f6nnen, ohne den Fokus von der Haut des Kunden abzuwenden.<\/div>","protected":false},"excerpt":{"rendered":"<p>E400 Wireless Tattoo Pen: Professional-Grade Performance for Seamless Tattooing The E400 Wireless Tattoo Pen is tailor-made for tattoo artists, combining<\/p>","protected":false},"featured_media":30561,"comment_status":"open","ping_status":"closed","template":"","meta":[],"product_brand":[248],"product_cat":[77],"product_tag":[],"class_list":{"0":"post-30573","1":"product","2":"type-product","3":"status-publish","4":"has-post-thumbnail","6":"product_brand-cnc","7":"product_cat-tattoo-machine","9":"first","10":"instock","11":"taxable","12":"shipping-taxable","13":"purchasable","14":"product-type-simple"},"yoast_head":"<!-- This site is optimized with the Yoast SEO Premium plugin v26.2 (Yoast SEO v26.2) - https:\/\/yoast.com\/wordpress\/plugins\/seo\/ -->\n<title>Tattoo Supplies Shop | Professional Tattoo Equipment<\/title>\n<meta name=\"description\" content=\"The E400 Wireless Tattoo Pen is tailor-made for tattoo artists, combining long-lasting reliability, precise adjustability, and stable operation to support every stage of your creative process\u2014from fine outlines to rich textures.\" \/>\n<meta name=\"robots\" content=\"index, follow, max-snippet:-1, max-image-preview:large, max-video-preview:-1\" \/>\n<link rel=\"canonical\" href=\"https:\/\/gtartistoo.com\/de\/shop\/tatowiermaschine\/cnc-e400-kabellose-tattoo-stift-maschine-schwarz\/\" \/>\n<meta property=\"og:locale\" content=\"de_DE\" \/>\n<meta property=\"og:type\" content=\"article\" \/>\n<meta property=\"og:title\" content=\"CNC E400 Wireless Tattoo Pen Machine - Black\" \/>\n<meta property=\"og:description\" content=\"The E400 Wireless Tattoo Pen is tailor-made for tattoo artists, combining long-lasting reliability, precise adjustability, and stable operation to support every stage of your creative process\u2014from fine outlines to rich textures.\" \/>\n<meta property=\"og:url\" content=\"https:\/\/gtartistoo.com\/de\/shop\/tatowiermaschine\/cnc-e400-kabellose-tattoo-stift-maschine-schwarz\/\" \/>\n<meta property=\"og:site_name\" content=\"gtartistoo.com\" \/>\n<meta property=\"article:modified_time\" content=\"2026-01-29T05:31:56+00:00\" \/>\n<meta property=\"og:image\" content=\"https:\/\/gtartistoo.com\/wp-content\/uploads\/2025\/12\/CNC-E400-5.jpg\" \/>\n\t<meta property=\"og:image:width\" content=\"1600\" \/>\n\t<meta property=\"og:image:height\" content=\"1600\" \/>\n\t<meta property=\"og:image:type\" content=\"image\/jpeg\" \/>\n<meta name=\"twitter:card\" content=\"summary_large_image\" \/>\n<meta name=\"twitter:label1\" content=\"Preis\" \/>\n\t<meta name=\"twitter:data1\" content=\"309.98&#036;\" \/>\n\t<meta name=\"twitter:label2\" content=\"Verf\u00fcgbarkeit\" \/>\n\t<meta name=\"twitter:data2\" content=\"Auf Lager\" \/>\n<script type=\"application\/ld+json\" class=\"yoast-schema-graph\">{\"@context\":\"https:\/\/schema.org\",\"@graph\":[{\"@type\":\"WebPage\",\"@id\":\"https:\/\/gtartistoo.com\/shop\/tattoo-machine\/cnc-e400-wireless-tattoo-pen-machine-black\/\",\"url\":\"https:\/\/gtartistoo.com\/shop\/tattoo-machine\/cnc-e400-wireless-tattoo-pen-machine-black\/\",\"name\":\"Tattoo Supplies Shop | Professional Tattoo Equipment\",\"isPartOf\":{\"@id\":\"https:\/\/gtartistoo.com\/#website\"},\"primaryImageOfPage\":{\"@id\":\"https:\/\/gtartistoo.com\/shop\/tattoo-machine\/cnc-e400-wireless-tattoo-pen-machine-black\/#primaryimage\"},\"image\":{\"@id\":\"https:\/\/gtartistoo.com\/shop\/tattoo-machine\/cnc-e400-wireless-tattoo-pen-machine-black\/#primaryimage\"},\"thumbnailUrl\":\"https:\/\/gtartistoo.com\/wp-content\/uploads\/2025\/12\/CNC-E400-5.jpg\",\"datePublished\":\"2026-01-29T05:31:55+00:00\",\"dateModified\":\"2026-01-29T05:31:56+00:00\",\"description\":\"The E400 Wireless Tattoo Pen is tailor-made for tattoo artists, combining long-lasting reliability, precise adjustability, and stable operation to support every stage of your creative process\u2014from fine outlines to rich textures.\",\"breadcrumb\":{\"@id\":\"https:\/\/gtartistoo.com\/shop\/tattoo-machine\/cnc-e400-wireless-tattoo-pen-machine-black\/#breadcrumb\"},\"inLanguage\":\"de\",\"potentialAction\":[{\"@type\":\"ReadAction\",\"target\":[\"https:\/\/gtartistoo.com\/shop\/tattoo-machine\/cnc-e400-wireless-tattoo-pen-machine-black\/\"]}]},{\"@type\":\"ImageObject\",\"inLanguage\":\"de\",\"@id\":\"https:\/\/gtartistoo.com\/shop\/tattoo-machine\/cnc-e400-wireless-tattoo-pen-machine-black\/#primaryimage\",\"url\":\"https:\/\/gtartistoo.com\/wp-content\/uploads\/2025\/12\/CNC-E400-5.jpg\",\"contentUrl\":\"https:\/\/gtartistoo.com\/wp-content\/uploads\/2025\/12\/CNC-E400-5.jpg\",\"width\":1600,\"height\":1600},{\"@type\":\"BreadcrumbList\",\"@id\":\"https:\/\/gtartistoo.com\/shop\/tattoo-machine\/cnc-e400-wireless-tattoo-pen-machine-black\/#breadcrumb\",\"itemListElement\":[{\"@type\":\"ListItem\",\"position\":1,\"name\":\"Home\",\"item\":\"https:\/\/gtartistoo.com\/\"},{\"@type\":\"ListItem\",\"position\":2,\"name\":\"Shop\",\"item\":\"https:\/\/gtartistoo.com\/shop\/\"},{\"@type\":\"ListItem\",\"position\":3,\"name\":\"CNC E400 Wireless Tattoo Pen Machine &#8211; Black\"}]},{\"@type\":\"WebSite\",\"@id\":\"https:\/\/gtartistoo.com\/#website\",\"url\":\"https:\/\/gtartistoo.com\/\",\"name\":\"gtartistoo.com\",\"description\":\"\",\"publisher\":{\"@id\":\"https:\/\/gtartistoo.com\/#organization\"},\"potentialAction\":[{\"@type\":\"SearchAction\",\"target\":{\"@type\":\"EntryPoint\",\"urlTemplate\":\"https:\/\/gtartistoo.com\/?s={search_term_string}\"},\"query-input\":{\"@type\":\"PropertyValueSpecification\",\"valueRequired\":true,\"valueName\":\"search_term_string\"}}],\"inLanguage\":\"de\"},{\"@type\":\"Organization\",\"@id\":\"https:\/\/gtartistoo.com\/#organization\",\"name\":\"gtartistoo.com\",\"url\":\"https:\/\/gtartistoo.com\/\",\"logo\":{\"@type\":\"ImageObject\",\"inLanguage\":\"de\",\"@id\":\"https:\/\/gtartistoo.com\/#\/schema\/logo\/image\/\",\"url\":\"https:\/\/gtartistoo.com\/wp-content\/uploads\/2025\/10\/logo.svg\",\"contentUrl\":\"https:\/\/gtartistoo.com\/wp-content\/uploads\/2025\/10\/logo.svg\",\"width\":369,\"height\":124,\"caption\":\"gtartistoo.com\"},\"image\":{\"@id\":\"https:\/\/gtartistoo.com\/#\/schema\/logo\/image\/\"}}]}<\/script>\n<meta property=\"product:price:amount\" content=\"309.98\" \/>\n<meta property=\"product:price:currency\" content=\"USD\" \/>\n<meta property=\"og:availability\" content=\"instock\" \/>\n<meta property=\"product:availability\" content=\"instock\" \/>\n<meta property=\"product:retailer_item_id\" content=\"30573\" \/>\n<meta property=\"product:condition\" content=\"new\" \/>\n<!-- \/ Yoast SEO Premium plugin. -->","yoast_head_json":{"title":"Tattoo Supplies Shop | Professionelle Tattoo Ausr\u00fcstung","description":"Der kabellose Tattoo-Stift E400 wurde speziell f\u00fcr T\u00e4towierer entwickelt. Er vereint dauerhafte Zuverl\u00e4ssigkeit, pr\u00e4zise Einstellbarkeit und stabilen Betrieb, um jede Phase Ihres kreativen Prozesses zu unterst\u00fctzen - von feinen Konturen bis hin zu satten Texturen.","robots":{"index":"index","follow":"follow","max-snippet":"max-snippet:-1","max-image-preview":"max-image-preview:large","max-video-preview":"max-video-preview:-1"},"canonical":"https:\/\/gtartistoo.com\/de\/shop\/tatowiermaschine\/cnc-e400-kabellose-tattoo-stift-maschine-schwarz\/","og_locale":"de_DE","og_type":"article","og_title":"CNC E400 Wireless Tattoo Pen Machine - Black","og_description":"The E400 Wireless Tattoo Pen is tailor-made for tattoo artists, combining long-lasting reliability, precise adjustability, and stable operation to support every stage of your creative process\u2014from fine outlines to rich textures.","og_url":"https:\/\/gtartistoo.com\/de\/shop\/tatowiermaschine\/cnc-e400-kabellose-tattoo-stift-maschine-schwarz\/","og_site_name":"gtartistoo.com","article_modified_time":"2026-01-29T05:31:56+00:00","og_image":[{"width":1600,"height":1600,"url":"https:\/\/gtartistoo.com\/wp-content\/uploads\/2025\/12\/CNC-E400-5.jpg","type":"image\/jpeg"}],"twitter_card":"summary_large_image","twitter_misc":{"Preis":"309.98&#36;","Verf\u00fcgbarkeit":"Auf Lager"},"schema":{"@context":"https:\/\/schema.org","@graph":[{"@type":"WebPage","@id":"https:\/\/gtartistoo.com\/shop\/tattoo-machine\/cnc-e400-wireless-tattoo-pen-machine-black\/","url":"https:\/\/gtartistoo.com\/shop\/tattoo-machine\/cnc-e400-wireless-tattoo-pen-machine-black\/","name":"Tattoo Supplies Shop | Professionelle Tattoo Ausr\u00fcstung","isPartOf":{"@id":"https:\/\/gtartistoo.com\/#website"},"primaryImageOfPage":{"@id":"https:\/\/gtartistoo.com\/shop\/tattoo-machine\/cnc-e400-wireless-tattoo-pen-machine-black\/#primaryimage"},"image":{"@id":"https:\/\/gtartistoo.com\/shop\/tattoo-machine\/cnc-e400-wireless-tattoo-pen-machine-black\/#primaryimage"},"thumbnailUrl":"https:\/\/gtartistoo.com\/wp-content\/uploads\/2025\/12\/CNC-E400-5.jpg","datePublished":"2026-01-29T05:31:55+00:00","dateModified":"2026-01-29T05:31:56+00:00","description":"Der kabellose Tattoo-Stift E400 wurde speziell f\u00fcr T\u00e4towierer entwickelt. Er vereint dauerhafte Zuverl\u00e4ssigkeit, pr\u00e4zise Einstellbarkeit und stabilen Betrieb, um jede Phase Ihres kreativen Prozesses zu unterst\u00fctzen - von feinen Konturen bis hin zu satten Texturen.","breadcrumb":{"@id":"https:\/\/gtartistoo.com\/shop\/tattoo-machine\/cnc-e400-wireless-tattoo-pen-machine-black\/#breadcrumb"},"inLanguage":"de","potentialAction":[{"@type":"ReadAction","target":["https:\/\/gtartistoo.com\/shop\/tattoo-machine\/cnc-e400-wireless-tattoo-pen-machine-black\/"]}]},{"@type":"ImageObject","inLanguage":"de","@id":"https:\/\/gtartistoo.com\/shop\/tattoo-machine\/cnc-e400-wireless-tattoo-pen-machine-black\/#primaryimage","url":"https:\/\/gtartistoo.com\/wp-content\/uploads\/2025\/12\/CNC-E400-5.jpg","contentUrl":"https:\/\/gtartistoo.com\/wp-content\/uploads\/2025\/12\/CNC-E400-5.jpg","width":1600,"height":1600},{"@type":"BreadcrumbList","@id":"https:\/\/gtartistoo.com\/shop\/tattoo-machine\/cnc-e400-wireless-tattoo-pen-machine-black\/#breadcrumb","itemListElement":[{"@type":"ListItem","position":1,"name":"Home","item":"https:\/\/gtartistoo.com\/"},{"@type":"ListItem","position":2,"name":"Shop","item":"https:\/\/gtartistoo.com\/shop\/"},{"@type":"ListItem","position":3,"name":"CNC E400 Wireless Tattoo Pen Machine &#8211; Black"}]},{"@type":"WebSite","@id":"https:\/\/gtartistoo.com\/#website","url":"https:\/\/gtartistoo.com\/","name":"gtartistoo.com","description":"","publisher":{"@id":"https:\/\/gtartistoo.com\/#organization"},"potentialAction":[{"@type":"SearchAction","target":{"@type":"EntryPoint","urlTemplate":"https:\/\/gtartistoo.com\/?s={search_term_string}"},"query-input":{"@type":"PropertyValueSpecification","valueRequired":true,"valueName":"search_term_string"}}],"inLanguage":"de"},{"@type":"Organization","@id":"https:\/\/gtartistoo.com\/#organization","name":"gtartistoo.com","url":"https:\/\/gtartistoo.com\/","logo":{"@type":"ImageObject","inLanguage":"de","@id":"https:\/\/gtartistoo.com\/#\/schema\/logo\/image\/","url":"https:\/\/gtartistoo.com\/wp-content\/uploads\/2025\/10\/logo.svg","contentUrl":"https:\/\/gtartistoo.com\/wp-content\/uploads\/2025\/10\/logo.svg","width":369,"height":124,"caption":"gtartistoo.com"},"image":{"@id":"https:\/\/gtartistoo.com\/#\/schema\/logo\/image\/"}}]},"product_price_amount":"309.98","product_price_currency":"USD","og_availability":"instock","product_availability":"instock","product_retailer_item_id":"30573","product_condition":"new"},"_links":{"self":[{"href":"https:\/\/gtartistoo.com\/de\/wp-json\/wp\/v2\/product\/30573","targetHints":{"allow":["GET"]}}],"collection":[{"href":"https:\/\/gtartistoo.com\/de\/wp-json\/wp\/v2\/product"}],"about":[{"href":"https:\/\/gtartistoo.com\/de\/wp-json\/wp\/v2\/types\/product"}],"replies":[{"embeddable":true,"href":"https:\/\/gtartistoo.com\/de\/wp-json\/wp\/v2\/comments?post=30573"}],"version-history":[{"count":1,"href":"https:\/\/gtartistoo.com\/de\/wp-json\/wp\/v2\/product\/30573\/revisions"}],"predecessor-version":[{"id":30574,"href":"https:\/\/gtartistoo.com\/de\/wp-json\/wp\/v2\/product\/30573\/revisions\/30574"}],"wp:featuredmedia":[{"embeddable":true,"href":"https:\/\/gtartistoo.com\/de\/wp-json\/wp\/v2\/media\/30561"}],"wp:attachment":[{"href":"https:\/\/gtartistoo.com\/de\/wp-json\/wp\/v2\/media?parent=30573"}],"wp:term":[{"taxonomy":"product_brand","embeddable":true,"href":"https:\/\/gtartistoo.com\/de\/wp-json\/wp\/v2\/product_brand?post=30573"},{"taxonomy":"product_cat","embeddable":true,"href":"https:\/\/gtartistoo.com\/de\/wp-json\/wp\/v2\/product_cat?post=30573"},{"taxonomy":"product_tag","embeddable":true,"href":"https:\/\/gtartistoo.com\/de\/wp-json\/wp\/v2\/product_tag?post=30573"}],"curies":[{"name":"wp","href":"https:\/\/api.w.org\/{rel}","templated":true}]}}