{"id":30576,"date":"2025-12-13T07:11:15","date_gmt":"2025-12-13T07:11:15","guid":{"rendered":"https:\/\/gtartistoo.com\/?post_type=product&#038;p=30576"},"modified":"2025-12-15T01:26:17","modified_gmt":"2025-12-15T01:26:17","slug":"silikonkatze-ubungsmodell-fur-tatowierer","status":"publish","type":"product","link":"https:\/\/gtartistoo.com\/de\/shop\/tattoo-zubehor\/tattoo-haut\/silikonkatze-ubungsmodell-fur-tatowierer\/","title":{"rendered":"Silikon Katze Praxis Modell f\u00fcr Tattoo-K\u00fcnstler"},"content":{"rendered":"<h1 class=\"header-iWP5WJ auto-hide-last-sibling-br\" data-cici-select-uid=\"a6118a8e-4ba5-4877-9797-97e52a985e57\">100% Silikon Katze Praxis Modell f\u00fcr Tattoo-K\u00fcnstler<\/h1>\n<div class=\"auto-hide-last-sibling-br paragraph-pP9ZLC paragraph-element br-paragraph-space\" data-cici-select-uid=\"bcb899ff-e556-4fe4-af01-fa07a0d3837e\">Dieses Silikonkatzenmodell 100% ist eine praktische Erg\u00e4nzung f\u00fcr Ihr 3D-Tattoo-Portfolio. Inspiriert von der Sphynx-Katze, weist es eine authentische Textur und Form auf. Speziell f\u00fcr die Tattoo-Praxis entwickelt, steht dieses Modell in Form einer haarlosen Katze aufrecht und bietet eine stabile Oberfl\u00e4che, um Ihre Tattoo-Arbeiten zu pr\u00e4sentieren.<\/div>\n<h2 class=\"header-iWP5WJ auto-hide-last-sibling-br\" data-cici-select-uid=\"00bfdb9e-1037-49ca-8899-c19c0e837ebe\">Wichtige Spezifikationen<\/h2>\n<ul class=\"auto-hide-last-sibling-br\" data-cici-select-uid=\"31334fe9-7b4e-4cde-95ca-12f29043a612\">\n<li data-cici-select-uid=\"d4d7fbea-980c-4cf7-9f34-43df8af2adf6\"><strong data-cici-select-uid=\"f03cfba4-b47b-4c45-b636-c94a87050242\">Typ<\/strong>: 100% Silikon Katze Modell f\u00fcr Tattoo Praxis (f\u00fcr T\u00e4towierer)<\/li>\n<li data-cici-select-uid=\"7071208d-c9bb-4406-8fc4-2e1fb637728d\"><strong data-cici-select-uid=\"1cc0f988-99de-4448-b814-805dc592d234\">T\u00e4towierbare Abmessungen<\/strong>: 13,5 Zoll (B) \u00d7 4 Zoll (H) \u00d7 5,5 Zoll (T)<\/li>\n<li data-cici-select-uid=\"066fe546-65ee-4200-9143-96e35977ac5d\"><strong data-cici-select-uid=\"29603628-e352-49f5-9b7f-ab8ad3883539\">Design-Inspiration<\/strong>: Sphynx-Katze<\/li>\n<li data-cici-select-uid=\"c4de8acd-5dc9-4c2f-8e72-f99f65c1123d\"><strong data-cici-select-uid=\"b006f793-7bc2-4e61-9c3b-42c2375d4678\">Realismus<\/strong>: Naturgetreu in Form, Gr\u00f6\u00dfe und Beschaffenheit<\/li>\n<li data-cici-select-uid=\"5882bbf7-9d0a-4c67-900e-d7b7ef675619\"><strong data-cici-select-uid=\"fdb917f8-b3ba-47f2-9c1e-dfb3dec75bb9\">Material<\/strong>: 100% Silikon (erg\u00e4nzt durch Materialien auf Kautschukbasis f\u00fcr strukturelle Stabilit\u00e4t)<\/li>\n<li data-cici-select-uid=\"0b996c93-6798-4552-980d-3167e6361f24\"><strong data-cici-select-uid=\"35fc5ffc-8f4a-4772-ba65-19db77c485de\">Hersteller<\/strong>: Geformt von einem Pfund Fleisch<\/li>\n<li data-cici-select-uid=\"99e20028-16dc-49b7-a9f1-9c6fe70601ab\"><strong data-cici-select-uid=\"24f17c01-d025-4995-bba9-97cf343c0e2f\">Anwendungsfall<\/strong>: Geeignet f\u00fcr die Aufnahme in eine 3D-Tattoo-Mappe; ideal f\u00fcr T\u00e4towierer zum \u00dcben von Techniken<\/li>\n<\/ul>\n<h2 class=\"header-iWP5WJ auto-hide-last-sibling-br\" data-cici-select-uid=\"003d931f-4aec-4c4f-b67f-2203e0315d2e\">Schritte der Schablonenanwendung und Hygienetipp<\/h2>\n<h3 class=\"header-iWP5WJ auto-hide-last-sibling-br\" data-cici-select-uid=\"960ca812-695f-4f79-a029-ca2146b1d6bd\">Hygiene-Tipp<\/h3>\n<div class=\"auto-hide-last-sibling-br paragraph-pP9ZLC paragraph-element br-paragraph-space\" data-cici-select-uid=\"22f8aaae-c364-4275-b307-ee07cd351d03\">Tragen Sie Speed Stick Deodorant nicht direkt auf die zu t\u00e4towierende Oberfl\u00e4che des Modells auf.<\/div>\n<h3 class=\"header-iWP5WJ auto-hide-last-sibling-br\" data-cici-select-uid=\"ad7bed30-677f-449b-98b7-f91eaa919645\">Schritte zur Anwendung<\/h3>\n<ol class=\"auto-hide-last-sibling-br\" data-cici-select-uid=\"0c25d873-4567-467c-a2d5-aeeb62f097a8\">\n<li data-cici-select-uid=\"e9ae0a60-0a51-4336-9763-f9ce62608ab2\">Befeuchten Sie ein Papiertuch mit Isopropylalkohol und wischen Sie dann die Stelle des Modells ab, an der Sie die T\u00e4towierung anbringen wollen, um sie zu reinigen.<\/li>\n<li data-cici-select-uid=\"e78e0976-adf4-4384-be12-fe642b494e05\">Nehmen Sie ein anderes Papiertuch, tr\u00e4nken Sie es mit Isopropylalkohol und reiben Sie ein Speed Stick Deo direkt auf das alkoholgetr\u00e4nkte Tuch.<\/li>\n<li data-cici-select-uid=\"28b8ea3d-9fa7-4d1f-ad4a-27e00276f7ae\">Reiben Sie die Mischung aus Deodorant und Alkohol gleichm\u00e4\u00dfig auf die vorgereinigte Stelle des Modells.<\/li>\n<li data-cici-select-uid=\"ba18491d-9bb5-4ea4-8cd5-b476c3d03698\">Legen Sie Ihre T\u00e4towierschablone auf die zu behandelnde Stelle und dr\u00fccken Sie sie 5-10 Sekunden lang fest an.<\/li>\n<li data-cici-select-uid=\"ca706625-a7d1-4a93-aa3d-8ab6599aa43a\">Ziehen Sie die Schablone vorsichtig von dem Modell ab.<\/li>\n<li data-cici-select-uid=\"60f913d1-c3c7-435c-9c0b-d59ae7b1fa92\">F\u00f6hnen Sie die aufgetragene Schablone 5-10 Minuten lang und lassen Sie sie dann vor dem T\u00e4towieren \u00fcber Nacht vollst\u00e4ndig trocknen.<\/li>\n<\/ol>","protected":false},"excerpt":{"rendered":"<p>100% Silicone Cat Practice Model for Tattoo Artists This 100% silicone cat practice model is a practical addition to your<\/p>","protected":false},"featured_media":30592,"comment_status":"open","ping_status":"closed","template":"","meta":[],"product_brand":[71],"product_cat":[74,83],"product_tag":[],"class_list":{"0":"post-30576","1":"product","2":"type-product","3":"status-publish","4":"has-post-thumbnail","6":"product_brand-gtartistoo","7":"product_cat-tattoo-skin","8":"product_cat-tattoo-supplies","10":"first","11":"instock","12":"taxable","13":"shipping-taxable","14":"purchasable","15":"product-type-simple"},"yoast_head":"<!-- This site is optimized with the Yoast SEO Premium plugin v26.2 (Yoast SEO v26.2) - https:\/\/yoast.com\/wordpress\/plugins\/seo\/ -->\n<title>Tattoo Supplies Shop | Professional Tattoo Equipment<\/title>\n<meta name=\"description\" content=\"100% Silicone Cat Practice Model for Tattoo Artists \u2013 lifelike Sphynx-inspired design with authentic texture. Stable, durable &amp; ideal for stencil practice, 3D portfolio. 13.5\u201d size. Shop now for your tattoo practice needs!\" \/>\n<meta name=\"robots\" content=\"index, follow, max-snippet:-1, max-image-preview:large, max-video-preview:-1\" \/>\n<link rel=\"canonical\" href=\"https:\/\/gtartistoo.com\/de\/shop\/tattoo-zubehor\/tattoo-haut\/silikonkatze-ubungsmodell-fur-tatowierer\/\" \/>\n<meta property=\"og:locale\" content=\"de_DE\" \/>\n<meta property=\"og:type\" content=\"article\" \/>\n<meta property=\"og:title\" content=\"Silicone Cat Practice Model for Tattoo Artists\" \/>\n<meta property=\"og:description\" content=\"100% Silicone Cat Practice Model for Tattoo Artists \u2013 lifelike Sphynx-inspired design with authentic texture. Stable, durable &amp; ideal for stencil practice, 3D portfolio. 13.5\u201d size. Shop now for your tattoo practice needs!\" \/>\n<meta property=\"og:url\" content=\"https:\/\/gtartistoo.com\/de\/shop\/tattoo-zubehor\/tattoo-haut\/silikonkatze-ubungsmodell-fur-tatowierer\/\" \/>\n<meta property=\"og:site_name\" content=\"gtartistoo.com\" \/>\n<meta property=\"article:modified_time\" content=\"2025-12-15T01:26:17+00:00\" \/>\n<meta property=\"og:image\" content=\"https:\/\/gtartistoo.com\/wp-content\/uploads\/2025\/12\/10007.webp\" \/>\n\t<meta property=\"og:image:width\" content=\"700\" \/>\n\t<meta property=\"og:image:height\" content=\"700\" \/>\n\t<meta property=\"og:image:type\" content=\"image\/webp\" \/>\n<meta name=\"twitter:card\" content=\"summary_large_image\" \/>\n<meta name=\"twitter:label1\" content=\"Preis\" \/>\n\t<meta name=\"twitter:data1\" content=\"149.00&#036;\" \/>\n\t<meta name=\"twitter:label2\" content=\"Verf\u00fcgbarkeit\" \/>\n\t<meta name=\"twitter:data2\" content=\"Auf Lager\" \/>\n<script type=\"application\/ld+json\" class=\"yoast-schema-graph\">{\"@context\":\"https:\/\/schema.org\",\"@graph\":[{\"@type\":\"WebPage\",\"@id\":\"https:\/\/gtartistoo.com\/shop\/tattoo-supplies\/tattoo-skin\/silicone-cat-practice-model-for-tattoo-artists\/\",\"url\":\"https:\/\/gtartistoo.com\/shop\/tattoo-supplies\/tattoo-skin\/silicone-cat-practice-model-for-tattoo-artists\/\",\"name\":\"Tattoo Supplies Shop | Professional Tattoo Equipment\",\"isPartOf\":{\"@id\":\"https:\/\/gtartistoo.com\/#website\"},\"primaryImageOfPage\":{\"@id\":\"https:\/\/gtartistoo.com\/shop\/tattoo-supplies\/tattoo-skin\/silicone-cat-practice-model-for-tattoo-artists\/#primaryimage\"},\"image\":{\"@id\":\"https:\/\/gtartistoo.com\/shop\/tattoo-supplies\/tattoo-skin\/silicone-cat-practice-model-for-tattoo-artists\/#primaryimage\"},\"thumbnailUrl\":\"https:\/\/gtartistoo.com\/wp-content\/uploads\/2025\/12\/10007.webp\",\"datePublished\":\"2025-12-13T07:11:15+00:00\",\"dateModified\":\"2025-12-15T01:26:17+00:00\",\"description\":\"100% Silicone Cat Practice Model for Tattoo Artists \u2013 lifelike Sphynx-inspired design with authentic texture. Stable, durable & ideal for stencil practice, 3D portfolio. 13.5\u201d size. Shop now for your tattoo practice needs!\",\"breadcrumb\":{\"@id\":\"https:\/\/gtartistoo.com\/shop\/tattoo-supplies\/tattoo-skin\/silicone-cat-practice-model-for-tattoo-artists\/#breadcrumb\"},\"inLanguage\":\"de\",\"potentialAction\":[{\"@type\":\"ReadAction\",\"target\":[\"https:\/\/gtartistoo.com\/shop\/tattoo-supplies\/tattoo-skin\/silicone-cat-practice-model-for-tattoo-artists\/\"]}]},{\"@type\":\"ImageObject\",\"inLanguage\":\"de\",\"@id\":\"https:\/\/gtartistoo.com\/shop\/tattoo-supplies\/tattoo-skin\/silicone-cat-practice-model-for-tattoo-artists\/#primaryimage\",\"url\":\"https:\/\/gtartistoo.com\/wp-content\/uploads\/2025\/12\/10007.webp\",\"contentUrl\":\"https:\/\/gtartistoo.com\/wp-content\/uploads\/2025\/12\/10007.webp\",\"width\":700,\"height\":700},{\"@type\":\"BreadcrumbList\",\"@id\":\"https:\/\/gtartistoo.com\/shop\/tattoo-supplies\/tattoo-skin\/silicone-cat-practice-model-for-tattoo-artists\/#breadcrumb\",\"itemListElement\":[{\"@type\":\"ListItem\",\"position\":1,\"name\":\"Home\",\"item\":\"https:\/\/gtartistoo.com\/\"},{\"@type\":\"ListItem\",\"position\":2,\"name\":\"Shop\",\"item\":\"https:\/\/gtartistoo.com\/shop\/\"},{\"@type\":\"ListItem\",\"position\":3,\"name\":\"Silicone Cat Practice Model for Tattoo Artists\"}]},{\"@type\":\"WebSite\",\"@id\":\"https:\/\/gtartistoo.com\/#website\",\"url\":\"https:\/\/gtartistoo.com\/\",\"name\":\"gtartistoo.com\",\"description\":\"\",\"publisher\":{\"@id\":\"https:\/\/gtartistoo.com\/#organization\"},\"potentialAction\":[{\"@type\":\"SearchAction\",\"target\":{\"@type\":\"EntryPoint\",\"urlTemplate\":\"https:\/\/gtartistoo.com\/?s={search_term_string}\"},\"query-input\":{\"@type\":\"PropertyValueSpecification\",\"valueRequired\":true,\"valueName\":\"search_term_string\"}}],\"inLanguage\":\"de\"},{\"@type\":\"Organization\",\"@id\":\"https:\/\/gtartistoo.com\/#organization\",\"name\":\"gtartistoo.com\",\"url\":\"https:\/\/gtartistoo.com\/\",\"logo\":{\"@type\":\"ImageObject\",\"inLanguage\":\"de\",\"@id\":\"https:\/\/gtartistoo.com\/#\/schema\/logo\/image\/\",\"url\":\"https:\/\/gtartistoo.com\/wp-content\/uploads\/2025\/10\/logo.svg\",\"contentUrl\":\"https:\/\/gtartistoo.com\/wp-content\/uploads\/2025\/10\/logo.svg\",\"width\":369,\"height\":124,\"caption\":\"gtartistoo.com\"},\"image\":{\"@id\":\"https:\/\/gtartistoo.com\/#\/schema\/logo\/image\/\"}}]}<\/script>\n<meta property=\"product:price:amount\" content=\"149.00\" \/>\n<meta property=\"product:price:currency\" content=\"USD\" \/>\n<meta property=\"og:availability\" content=\"instock\" \/>\n<meta property=\"product:availability\" content=\"instock\" \/>\n<meta property=\"product:retailer_item_id\" content=\"30576\" \/>\n<meta property=\"product:condition\" content=\"new\" \/>\n<!-- \/ Yoast SEO Premium plugin. -->","yoast_head_json":{"title":"Tattoo Supplies Shop | Professionelle Tattoo Ausr\u00fcstung","description":"100% Silikonkatzen-\u00dcbungsmodell f\u00fcr T\u00e4towierer - lebensechtes, von Sphynx inspiriertes Design mit authentischer Textur. Stabil, langlebig &amp; ideal f\u00fcr Schablonen Praxis, 3D-Portfolio. 13,5\u201d Gr\u00f6\u00dfe. Kaufen Sie jetzt f\u00fcr Ihre Tattoo-Praxis braucht!","robots":{"index":"index","follow":"follow","max-snippet":"max-snippet:-1","max-image-preview":"max-image-preview:large","max-video-preview":"max-video-preview:-1"},"canonical":"https:\/\/gtartistoo.com\/de\/shop\/tattoo-zubehor\/tattoo-haut\/silikonkatze-ubungsmodell-fur-tatowierer\/","og_locale":"de_DE","og_type":"article","og_title":"Silicone Cat Practice Model for Tattoo Artists","og_description":"100% Silicone Cat Practice Model for Tattoo Artists \u2013 lifelike Sphynx-inspired design with authentic texture. Stable, durable & ideal for stencil practice, 3D portfolio. 13.5\u201d size. Shop now for your tattoo practice needs!","og_url":"https:\/\/gtartistoo.com\/de\/shop\/tattoo-zubehor\/tattoo-haut\/silikonkatze-ubungsmodell-fur-tatowierer\/","og_site_name":"gtartistoo.com","article_modified_time":"2025-12-15T01:26:17+00:00","og_image":[{"width":700,"height":700,"url":"https:\/\/gtartistoo.com\/wp-content\/uploads\/2025\/12\/10007.webp","type":"image\/webp"}],"twitter_card":"summary_large_image","twitter_misc":{"Preis":"149.00&#36;","Verf\u00fcgbarkeit":"Auf Lager"},"schema":{"@context":"https:\/\/schema.org","@graph":[{"@type":"WebPage","@id":"https:\/\/gtartistoo.com\/shop\/tattoo-supplies\/tattoo-skin\/silicone-cat-practice-model-for-tattoo-artists\/","url":"https:\/\/gtartistoo.com\/shop\/tattoo-supplies\/tattoo-skin\/silicone-cat-practice-model-for-tattoo-artists\/","name":"Tattoo Supplies Shop | Professionelle Tattoo Ausr\u00fcstung","isPartOf":{"@id":"https:\/\/gtartistoo.com\/#website"},"primaryImageOfPage":{"@id":"https:\/\/gtartistoo.com\/shop\/tattoo-supplies\/tattoo-skin\/silicone-cat-practice-model-for-tattoo-artists\/#primaryimage"},"image":{"@id":"https:\/\/gtartistoo.com\/shop\/tattoo-supplies\/tattoo-skin\/silicone-cat-practice-model-for-tattoo-artists\/#primaryimage"},"thumbnailUrl":"https:\/\/gtartistoo.com\/wp-content\/uploads\/2025\/12\/10007.webp","datePublished":"2025-12-13T07:11:15+00:00","dateModified":"2025-12-15T01:26:17+00:00","description":"100% Silikonkatzen-\u00dcbungsmodell f\u00fcr T\u00e4towierer - lebensechtes, von Sphynx inspiriertes Design mit authentischer Textur. Stabil, langlebig &amp; ideal f\u00fcr Schablonen Praxis, 3D-Portfolio. 13,5\u201d Gr\u00f6\u00dfe. Kaufen Sie jetzt f\u00fcr Ihre Tattoo-Praxis braucht!","breadcrumb":{"@id":"https:\/\/gtartistoo.com\/shop\/tattoo-supplies\/tattoo-skin\/silicone-cat-practice-model-for-tattoo-artists\/#breadcrumb"},"inLanguage":"de","potentialAction":[{"@type":"ReadAction","target":["https:\/\/gtartistoo.com\/shop\/tattoo-supplies\/tattoo-skin\/silicone-cat-practice-model-for-tattoo-artists\/"]}]},{"@type":"ImageObject","inLanguage":"de","@id":"https:\/\/gtartistoo.com\/shop\/tattoo-supplies\/tattoo-skin\/silicone-cat-practice-model-for-tattoo-artists\/#primaryimage","url":"https:\/\/gtartistoo.com\/wp-content\/uploads\/2025\/12\/10007.webp","contentUrl":"https:\/\/gtartistoo.com\/wp-content\/uploads\/2025\/12\/10007.webp","width":700,"height":700},{"@type":"BreadcrumbList","@id":"https:\/\/gtartistoo.com\/shop\/tattoo-supplies\/tattoo-skin\/silicone-cat-practice-model-for-tattoo-artists\/#breadcrumb","itemListElement":[{"@type":"ListItem","position":1,"name":"Home","item":"https:\/\/gtartistoo.com\/"},{"@type":"ListItem","position":2,"name":"Shop","item":"https:\/\/gtartistoo.com\/shop\/"},{"@type":"ListItem","position":3,"name":"Silicone Cat Practice Model for Tattoo Artists"}]},{"@type":"WebSite","@id":"https:\/\/gtartistoo.com\/#website","url":"https:\/\/gtartistoo.com\/","name":"gtartistoo.com","description":"","publisher":{"@id":"https:\/\/gtartistoo.com\/#organization"},"potentialAction":[{"@type":"SearchAction","target":{"@type":"EntryPoint","urlTemplate":"https:\/\/gtartistoo.com\/?s={search_term_string}"},"query-input":{"@type":"PropertyValueSpecification","valueRequired":true,"valueName":"search_term_string"}}],"inLanguage":"de"},{"@type":"Organization","@id":"https:\/\/gtartistoo.com\/#organization","name":"gtartistoo.com","url":"https:\/\/gtartistoo.com\/","logo":{"@type":"ImageObject","inLanguage":"de","@id":"https:\/\/gtartistoo.com\/#\/schema\/logo\/image\/","url":"https:\/\/gtartistoo.com\/wp-content\/uploads\/2025\/10\/logo.svg","contentUrl":"https:\/\/gtartistoo.com\/wp-content\/uploads\/2025\/10\/logo.svg","width":369,"height":124,"caption":"gtartistoo.com"},"image":{"@id":"https:\/\/gtartistoo.com\/#\/schema\/logo\/image\/"}}]},"product_price_amount":"149.00","product_price_currency":"USD","og_availability":"instock","product_availability":"instock","product_retailer_item_id":"30576","product_condition":"new"},"_links":{"self":[{"href":"https:\/\/gtartistoo.com\/de\/wp-json\/wp\/v2\/product\/30576","targetHints":{"allow":["GET"]}}],"collection":[{"href":"https:\/\/gtartistoo.com\/de\/wp-json\/wp\/v2\/product"}],"about":[{"href":"https:\/\/gtartistoo.com\/de\/wp-json\/wp\/v2\/types\/product"}],"replies":[{"embeddable":true,"href":"https:\/\/gtartistoo.com\/de\/wp-json\/wp\/v2\/comments?post=30576"}],"version-history":[{"count":1,"href":"https:\/\/gtartistoo.com\/de\/wp-json\/wp\/v2\/product\/30576\/revisions"}],"predecessor-version":[{"id":30582,"href":"https:\/\/gtartistoo.com\/de\/wp-json\/wp\/v2\/product\/30576\/revisions\/30582"}],"wp:featuredmedia":[{"embeddable":true,"href":"https:\/\/gtartistoo.com\/de\/wp-json\/wp\/v2\/media\/30592"}],"wp:attachment":[{"href":"https:\/\/gtartistoo.com\/de\/wp-json\/wp\/v2\/media?parent=30576"}],"wp:term":[{"taxonomy":"product_brand","embeddable":true,"href":"https:\/\/gtartistoo.com\/de\/wp-json\/wp\/v2\/product_brand?post=30576"},{"taxonomy":"product_cat","embeddable":true,"href":"https:\/\/gtartistoo.com\/de\/wp-json\/wp\/v2\/product_cat?post=30576"},{"taxonomy":"product_tag","embeddable":true,"href":"https:\/\/gtartistoo.com\/de\/wp-json\/wp\/v2\/product_tag?post=30576"}],"curies":[{"name":"wp","href":"https:\/\/api.w.org\/{rel}","templated":true}]}}