{"id":30596,"date":"2025-12-15T05:36:26","date_gmt":"2025-12-15T05:36:26","guid":{"rendered":"https:\/\/gtartistoo.com\/?post_type=product&#038;p=30596"},"modified":"2025-12-27T06:39:21","modified_gmt":"2025-12-27T06:39:21","slug":"tattoo-praxis-haut","status":"publish","type":"product","link":"https:\/\/gtartistoo.com\/de\/shop\/tattoo-zubehor\/tattoo-praxis-haut\/","title":{"rendered":"Tattoo Praxis Haut 8\u2033x12\u2033x0.12\u2033 | 3mm dick"},"content":{"rendered":"<h1 class=\"header-iWP5WJ auto-hide-last-sibling-br\" data-cici-select-uid=\"13ae3a34-c823-4f0f-8acd-20cd1ab16262\">Tattoo Practice Skin 8\u2033x12\u2033x0.12\u2033 (3mm dick) - Anf\u00e4ngerfreundliches Training Essential<\/h1>\n<p><strong>Materialien:<\/strong>\u00a0Silikongummi<br \/>\n<strong>Gr\u00f6\u00dfe:<\/strong><br \/>\nMedium-12\u2033 x 8\u2033;<\/p>\n<p><strong>Dicke:0,12 Zoll (3,0 mm)<\/strong><\/p>\n<ul>\n<li>Hohe Elastizit\u00e4t, echte R\u00fcckmeldung \u00fcber die Hautbeschaffenheit<\/li>\n<li>Angedicktes Silikon, beidseitig verwendet<\/li>\n<li>Kein eigenartiger Geruch, sicher und unbedenklich<\/li>\n<li>Geeignet f\u00fcr die t\u00e4gliche Praxis von Tattoo-Anf\u00e4ngern<\/li>\n<\/ul>\n<div class=\"auto-hide-last-sibling-br paragraph-pP9ZLC paragraph-element br-paragraph-space\" data-cici-select-uid=\"54aea7a9-7c49-4d57-8e15-c250a8918c23\">F\u00fcr Tattoo-Neulinge entwickelt, bietet diese \u00dcbungshaut ein realistisches Gef\u00fchl und Haltbarkeit, um die wichtigsten F\u00e4higkeiten zu meistern. Mit den Ma\u00dfen 8\u2033x12\u2033 (20,3 cm x 30,5 cm) und einer 3 mm dicken Silikonschicht bietet sie ein Gleichgewicht zwischen Tragbarkeit f\u00fcr den t\u00e4glichen Gebrauch und Robustheit f\u00fcr wiederholtes \u00dcben.<\/div>\n<div class=\"container-Uxvbjy md-box-line-break wrapper-GYqxgQ undefined\" data-cici-select-uid=\"8f1b4f1e-3961-477b-a4c6-2cdd020d0abc\"><\/div>\n<div class=\"auto-hide-last-sibling-br paragraph-pP9ZLC paragraph-element br-paragraph-space\" data-cici-select-uid=\"210570a8-4e55-416e-9f63-67e881d9d50d\">Realit\u00e4tsnahes Training: Seine Oberfl\u00e4che ahmt den Widerstand und die Farbaufnahme echter Haut nach, so dass Sie Nadelkontrolle, Linienf\u00fchrung und Schattierung direkt an echten Kunden \u00fcben k\u00f6nnen - keine \u201cPraxis gegen Realit\u00e4t\u201d.\u201d<\/div>\n<div class=\"container-Uxvbjy md-box-line-break wrapper-GYqxgQ undefined\" data-cici-select-uid=\"1236354c-af55-4c28-be2f-8a14c6fb4389\"><\/div>\n<div class=\"auto-hide-last-sibling-br paragraph-pP9ZLC paragraph-element br-paragraph-space\" data-cici-select-uid=\"a6f59778-6872-47d2-809e-f32778c10107\">Strapazierf\u00e4higes 3 mm (0,12 Zoll) Silikon ist resistent gegen Einstiche, verformt sich nicht und rei\u00dft auch nach wiederholtem Gebrauch nicht ein und l\u00e4sst sich leicht abwischen. Es ist sicher und geruchsneutral, da es aus ungiftigem Silikon hergestellt ist - keine sch\u00e4dlichen D\u00e4mpfe oder Hautreizungen, selbst bei langen Sitzungen.<\/div>\n<div class=\"container-Uxvbjy md-box-line-break wrapper-GYqxgQ undefined\" data-cici-select-uid=\"f3f17fc7-dc12-46d6-b869-c0dee528073d\"><\/div>\n<div class=\"auto-hide-last-sibling-br paragraph-pP9ZLC paragraph-element br-paragraph-space\" data-cici-select-uid=\"c0123735-07fc-4e6d-85f0-08c5ee1039bd\">Ideal f\u00fcr das t\u00e4gliche \u00dcben: Die Gr\u00f6\u00dfe von 8\u2033x12\u2033 passt zu den meisten \u00dcbungsmustern (kleine bis mittlere Designs) und ist leicht zu verstauen\/tragen. Perfekt f\u00fcr den Feinschliff von Linien, das Testen von Schattierungen oder das Kopieren von Referenzmustern, um Vertrauen f\u00fcr echte Tattoos aufzubauen.<\/div>","protected":false},"excerpt":{"rendered":"<p>Tattoo Practice Skin 8\u2033x12\u2033x0.12\u2033 (3mm Thick) \u2013 Beginner-Friendly Training Essential Materials:\u00a0Silicone Rubber Size: Medium-12\u2033 x 8\u2033; Thickness:0.12 inches (3.0mm) High<\/p>","protected":false},"featured_media":30604,"comment_status":"open","ping_status":"closed","template":"","meta":[],"product_brand":[71],"product_cat":[74,83],"product_tag":[249,250,251],"class_list":{"0":"post-30596","1":"product","2":"type-product","3":"status-publish","4":"has-post-thumbnail","6":"product_brand-gtartistoo","7":"product_cat-tattoo-skin","8":"product_cat-tattoo-supplies","9":"product_tag-practice","10":"product_tag-tattoo-training","11":"product_tag-training","13":"first","14":"instock","15":"taxable","16":"shipping-taxable","17":"purchasable","18":"product-type-variable","19":"has-default-attributes"},"yoast_head":"<!-- This site is optimized with the Yoast SEO Premium plugin v26.2 (Yoast SEO v26.2) - https:\/\/yoast.com\/wordpress\/plugins\/seo\/ -->\n<title>Tattoo Supplies Shop | Professional Tattoo Equipment<\/title>\n<meta name=\"description\" content=\"Tattoo Practice Skin 8\u2033x12\u2033x0.12\u2033 (3mm Thick) \u2013 Beginner-friendly with realistic skin feel. Durable, odorless silicone for line work\/shading drills. Build confidence for real tattoos.\" \/>\n<meta name=\"robots\" content=\"index, follow, max-snippet:-1, max-image-preview:large, max-video-preview:-1\" \/>\n<link rel=\"canonical\" href=\"https:\/\/gtartistoo.com\/de\/shop\/tattoo-zubehor\/tattoo-praxis-haut\/\" \/>\n<meta property=\"og:locale\" content=\"de_DE\" \/>\n<meta property=\"og:type\" content=\"article\" \/>\n<meta property=\"og:title\" content=\"Tattoo Practice Skin 8\u2033x12\u2033x0.12\u2033 | 3mm Thick\" \/>\n<meta property=\"og:description\" content=\"Tattoo Practice Skin 8\u2033x12\u2033x0.12\u2033 (3mm Thick) \u2013 Beginner-friendly with realistic skin feel. Durable, odorless silicone for line work\/shading drills. Build confidence for real tattoos.\" \/>\n<meta property=\"og:url\" content=\"https:\/\/gtartistoo.com\/de\/shop\/tattoo-zubehor\/tattoo-praxis-haut\/\" \/>\n<meta property=\"og:site_name\" content=\"gtartistoo.com\" \/>\n<meta property=\"article:modified_time\" content=\"2025-12-27T06:39:21+00:00\" \/>\n<meta property=\"og:image\" content=\"https:\/\/gtartistoo.com\/wp-content\/uploads\/2025\/12\/Tattoo-Practice-Skin4.jpg\" \/>\n\t<meta property=\"og:image:width\" content=\"1500\" \/>\n\t<meta property=\"og:image:height\" content=\"1500\" \/>\n\t<meta property=\"og:image:type\" content=\"image\/jpeg\" \/>\n<meta name=\"twitter:card\" content=\"summary_large_image\" \/>\n<meta name=\"twitter:label1\" content=\"Verf\u00fcgbarkeit\" \/>\n\t<meta name=\"twitter:data1\" content=\"Auf Lager\" \/>\n<script type=\"application\/ld+json\" class=\"yoast-schema-graph\">{\"@context\":\"https:\/\/schema.org\",\"@graph\":[{\"@type\":\"WebPage\",\"@id\":\"https:\/\/gtartistoo.com\/shop\/tattoo-supplies\/tattoo-practice-skin\/\",\"url\":\"https:\/\/gtartistoo.com\/shop\/tattoo-supplies\/tattoo-practice-skin\/\",\"name\":\"Tattoo Supplies Shop | Professional Tattoo Equipment\",\"isPartOf\":{\"@id\":\"https:\/\/gtartistoo.com\/#website\"},\"primaryImageOfPage\":{\"@id\":\"https:\/\/gtartistoo.com\/shop\/tattoo-supplies\/tattoo-practice-skin\/#primaryimage\"},\"image\":{\"@id\":\"https:\/\/gtartistoo.com\/shop\/tattoo-supplies\/tattoo-practice-skin\/#primaryimage\"},\"thumbnailUrl\":\"https:\/\/gtartistoo.com\/wp-content\/uploads\/2025\/12\/Tattoo-Practice-Skin4.jpg\",\"datePublished\":\"2025-12-15T05:36:26+00:00\",\"dateModified\":\"2025-12-27T06:39:21+00:00\",\"description\":\"Tattoo Practice Skin 8\u2033x12\u2033x0.12\u2033 (3mm Thick) \u2013 Beginner-friendly with realistic skin feel. Durable, odorless silicone for line work\/shading drills. Build confidence for real tattoos.\",\"breadcrumb\":{\"@id\":\"https:\/\/gtartistoo.com\/shop\/tattoo-supplies\/tattoo-practice-skin\/#breadcrumb\"},\"inLanguage\":\"de\",\"potentialAction\":[{\"@type\":\"ReadAction\",\"target\":[\"https:\/\/gtartistoo.com\/shop\/tattoo-supplies\/tattoo-practice-skin\/\"]}]},{\"@type\":\"ImageObject\",\"inLanguage\":\"de\",\"@id\":\"https:\/\/gtartistoo.com\/shop\/tattoo-supplies\/tattoo-practice-skin\/#primaryimage\",\"url\":\"https:\/\/gtartistoo.com\/wp-content\/uploads\/2025\/12\/Tattoo-Practice-Skin4.jpg\",\"contentUrl\":\"https:\/\/gtartistoo.com\/wp-content\/uploads\/2025\/12\/Tattoo-Practice-Skin4.jpg\",\"width\":1500,\"height\":1500},{\"@type\":\"BreadcrumbList\",\"@id\":\"https:\/\/gtartistoo.com\/shop\/tattoo-supplies\/tattoo-practice-skin\/#breadcrumb\",\"itemListElement\":[{\"@type\":\"ListItem\",\"position\":1,\"name\":\"Home\",\"item\":\"https:\/\/gtartistoo.com\/\"},{\"@type\":\"ListItem\",\"position\":2,\"name\":\"Shop\",\"item\":\"https:\/\/gtartistoo.com\/shop\/\"},{\"@type\":\"ListItem\",\"position\":3,\"name\":\"Tattoo Practice Skin 8\u2033x12\u2033x0.12\u2033 | 3mm Thick\"}]},{\"@type\":\"WebSite\",\"@id\":\"https:\/\/gtartistoo.com\/#website\",\"url\":\"https:\/\/gtartistoo.com\/\",\"name\":\"gtartistoo.com\",\"description\":\"\",\"publisher\":{\"@id\":\"https:\/\/gtartistoo.com\/#organization\"},\"potentialAction\":[{\"@type\":\"SearchAction\",\"target\":{\"@type\":\"EntryPoint\",\"urlTemplate\":\"https:\/\/gtartistoo.com\/?s={search_term_string}\"},\"query-input\":{\"@type\":\"PropertyValueSpecification\",\"valueRequired\":true,\"valueName\":\"search_term_string\"}}],\"inLanguage\":\"de\"},{\"@type\":\"Organization\",\"@id\":\"https:\/\/gtartistoo.com\/#organization\",\"name\":\"gtartistoo.com\",\"url\":\"https:\/\/gtartistoo.com\/\",\"logo\":{\"@type\":\"ImageObject\",\"inLanguage\":\"de\",\"@id\":\"https:\/\/gtartistoo.com\/#\/schema\/logo\/image\/\",\"url\":\"https:\/\/gtartistoo.com\/wp-content\/uploads\/2025\/10\/logo.svg\",\"contentUrl\":\"https:\/\/gtartistoo.com\/wp-content\/uploads\/2025\/10\/logo.svg\",\"width\":369,\"height\":124,\"caption\":\"gtartistoo.com\"},\"image\":{\"@id\":\"https:\/\/gtartistoo.com\/#\/schema\/logo\/image\/\"}}]}<\/script>\n<meta property=\"og:availability\" content=\"instock\" \/>\n<meta property=\"product:availability\" content=\"instock\" \/>\n<meta property=\"product:retailer_item_id\" content=\"30596\" \/>\n<meta property=\"product:condition\" content=\"new\" \/>\n<!-- \/ Yoast SEO Premium plugin. -->","yoast_head_json":{"title":"Tattoo Supplies Shop | Professionelle Tattoo Ausr\u00fcstung","description":"Tattoo Practice Skin 8\u2033x12\u2033x0.12\u2033 (3mm dick) - Anf\u00e4ngerfreundlich mit realistischem Hautgef\u00fchl. Langlebig, geruchlos Silikon f\u00fcr Linie Arbeit \/ Schattierung Bohrer. Bauen Sie Vertrauen f\u00fcr echte Tattoos.","robots":{"index":"index","follow":"follow","max-snippet":"max-snippet:-1","max-image-preview":"max-image-preview:large","max-video-preview":"max-video-preview:-1"},"canonical":"https:\/\/gtartistoo.com\/de\/shop\/tattoo-zubehor\/tattoo-praxis-haut\/","og_locale":"de_DE","og_type":"article","og_title":"Tattoo Practice Skin 8\u2033x12\u2033x0.12\u2033 | 3mm Thick","og_description":"Tattoo Practice Skin 8\u2033x12\u2033x0.12\u2033 (3mm Thick) \u2013 Beginner-friendly with realistic skin feel. Durable, odorless silicone for line work\/shading drills. Build confidence for real tattoos.","og_url":"https:\/\/gtartistoo.com\/de\/shop\/tattoo-zubehor\/tattoo-praxis-haut\/","og_site_name":"gtartistoo.com","article_modified_time":"2025-12-27T06:39:21+00:00","og_image":[{"width":1500,"height":1500,"url":"https:\/\/gtartistoo.com\/wp-content\/uploads\/2025\/12\/Tattoo-Practice-Skin4.jpg","type":"image\/jpeg"}],"twitter_card":"summary_large_image","twitter_misc":{"Verf\u00fcgbarkeit":"Auf Lager"},"schema":{"@context":"https:\/\/schema.org","@graph":[{"@type":"WebPage","@id":"https:\/\/gtartistoo.com\/shop\/tattoo-supplies\/tattoo-practice-skin\/","url":"https:\/\/gtartistoo.com\/shop\/tattoo-supplies\/tattoo-practice-skin\/","name":"Tattoo Supplies Shop | Professionelle Tattoo Ausr\u00fcstung","isPartOf":{"@id":"https:\/\/gtartistoo.com\/#website"},"primaryImageOfPage":{"@id":"https:\/\/gtartistoo.com\/shop\/tattoo-supplies\/tattoo-practice-skin\/#primaryimage"},"image":{"@id":"https:\/\/gtartistoo.com\/shop\/tattoo-supplies\/tattoo-practice-skin\/#primaryimage"},"thumbnailUrl":"https:\/\/gtartistoo.com\/wp-content\/uploads\/2025\/12\/Tattoo-Practice-Skin4.jpg","datePublished":"2025-12-15T05:36:26+00:00","dateModified":"2025-12-27T06:39:21+00:00","description":"Tattoo Practice Skin 8\u2033x12\u2033x0.12\u2033 (3mm dick) - Anf\u00e4ngerfreundlich mit realistischem Hautgef\u00fchl. Langlebig, geruchlos Silikon f\u00fcr Linie Arbeit \/ Schattierung Bohrer. Bauen Sie Vertrauen f\u00fcr echte Tattoos.","breadcrumb":{"@id":"https:\/\/gtartistoo.com\/shop\/tattoo-supplies\/tattoo-practice-skin\/#breadcrumb"},"inLanguage":"de","potentialAction":[{"@type":"ReadAction","target":["https:\/\/gtartistoo.com\/shop\/tattoo-supplies\/tattoo-practice-skin\/"]}]},{"@type":"ImageObject","inLanguage":"de","@id":"https:\/\/gtartistoo.com\/shop\/tattoo-supplies\/tattoo-practice-skin\/#primaryimage","url":"https:\/\/gtartistoo.com\/wp-content\/uploads\/2025\/12\/Tattoo-Practice-Skin4.jpg","contentUrl":"https:\/\/gtartistoo.com\/wp-content\/uploads\/2025\/12\/Tattoo-Practice-Skin4.jpg","width":1500,"height":1500},{"@type":"BreadcrumbList","@id":"https:\/\/gtartistoo.com\/shop\/tattoo-supplies\/tattoo-practice-skin\/#breadcrumb","itemListElement":[{"@type":"ListItem","position":1,"name":"Home","item":"https:\/\/gtartistoo.com\/"},{"@type":"ListItem","position":2,"name":"Shop","item":"https:\/\/gtartistoo.com\/shop\/"},{"@type":"ListItem","position":3,"name":"Tattoo Practice Skin 8\u2033x12\u2033x0.12\u2033 | 3mm Thick"}]},{"@type":"WebSite","@id":"https:\/\/gtartistoo.com\/#website","url":"https:\/\/gtartistoo.com\/","name":"gtartistoo.com","description":"","publisher":{"@id":"https:\/\/gtartistoo.com\/#organization"},"potentialAction":[{"@type":"SearchAction","target":{"@type":"EntryPoint","urlTemplate":"https:\/\/gtartistoo.com\/?s={search_term_string}"},"query-input":{"@type":"PropertyValueSpecification","valueRequired":true,"valueName":"search_term_string"}}],"inLanguage":"de"},{"@type":"Organization","@id":"https:\/\/gtartistoo.com\/#organization","name":"gtartistoo.com","url":"https:\/\/gtartistoo.com\/","logo":{"@type":"ImageObject","inLanguage":"de","@id":"https:\/\/gtartistoo.com\/#\/schema\/logo\/image\/","url":"https:\/\/gtartistoo.com\/wp-content\/uploads\/2025\/10\/logo.svg","contentUrl":"https:\/\/gtartistoo.com\/wp-content\/uploads\/2025\/10\/logo.svg","width":369,"height":124,"caption":"gtartistoo.com"},"image":{"@id":"https:\/\/gtartistoo.com\/#\/schema\/logo\/image\/"}}]},"og_availability":"instock","product_availability":"instock","product_retailer_item_id":"30596","product_condition":"new"},"_links":{"self":[{"href":"https:\/\/gtartistoo.com\/de\/wp-json\/wp\/v2\/product\/30596","targetHints":{"allow":["GET"]}}],"collection":[{"href":"https:\/\/gtartistoo.com\/de\/wp-json\/wp\/v2\/product"}],"about":[{"href":"https:\/\/gtartistoo.com\/de\/wp-json\/wp\/v2\/types\/product"}],"replies":[{"embeddable":true,"href":"https:\/\/gtartistoo.com\/de\/wp-json\/wp\/v2\/comments?post=30596"}],"version-history":[{"count":1,"href":"https:\/\/gtartistoo.com\/de\/wp-json\/wp\/v2\/product\/30596\/revisions"}],"predecessor-version":[{"id":30608,"href":"https:\/\/gtartistoo.com\/de\/wp-json\/wp\/v2\/product\/30596\/revisions\/30608"}],"wp:featuredmedia":[{"embeddable":true,"href":"https:\/\/gtartistoo.com\/de\/wp-json\/wp\/v2\/media\/30604"}],"wp:attachment":[{"href":"https:\/\/gtartistoo.com\/de\/wp-json\/wp\/v2\/media?parent=30596"}],"wp:term":[{"taxonomy":"product_brand","embeddable":true,"href":"https:\/\/gtartistoo.com\/de\/wp-json\/wp\/v2\/product_brand?post=30596"},{"taxonomy":"product_cat","embeddable":true,"href":"https:\/\/gtartistoo.com\/de\/wp-json\/wp\/v2\/product_cat?post=30596"},{"taxonomy":"product_tag","embeddable":true,"href":"https:\/\/gtartistoo.com\/de\/wp-json\/wp\/v2\/product_tag?post=30596"}],"curies":[{"name":"wp","href":"https:\/\/api.w.org\/{rel}","templated":true}]}}