{"id":30625,"date":"2025-12-15T07:35:17","date_gmt":"2025-12-15T07:35:17","guid":{"rendered":"https:\/\/gtartistoo.com\/?post_type=product&#038;p=30625"},"modified":"2025-12-17T05:26:21","modified_gmt":"2025-12-17T05:26:21","slug":"tragbarer-tattoo-armstander-rosa","status":"publish","type":"product","link":"https:\/\/gtartistoo.com\/de\/shop\/tattoo-zubehor\/tattoo-mobel\/tragbarer-tattoo-armstander-rosa\/","title":{"rendered":"Tragbarer Tattoo-Armst\u00e4nder - rosa"},"content":{"rendered":"<div data-page-id=\"TQjVf5CH0dCdZYcTNKrcjlTpnwN\" data-lark-html-role=\"root\" data-docx-has-block-data=\"false\">\n<h1 class=\"heading-1 ace-line old-record-id-XtZ4fCdSydcaercurH9rpLrgz0O\">Vier-Ecken-Basis-Tattoo-Armlehne, starkes, stabiles Design<\/h1>\n<div class=\"ace-line ace-line old-record-id-MCIQfCvcqd5TSTcsvnEkGmJdemh\">Doppelte feste H\u00f6he mit einem verstellbaren Bereich von 72-104 cm, plus eine 40 cm x 37 cm gro\u00dfe, vierkantige Basis f\u00fcr einen superstarken Halt. Die stabile Struktur verhindert ein Wackeln w\u00e4hrend der Arbeit und verbessert so direkt die Effizienz der T\u00e4towierer.<\/div>\n<h1 class=\"heading-1 ace-line old-record-id-HddpfrKT1dVQdJcuyB0Ii4FgrQY\">H\u00f6henverstellbar, gr\u00f6\u00dferes und dickeres Panel<\/h1>\n<div class=\"ace-line ace-line old-record-id-A6KMfHcv8dnDEVcyJkBbwugdiLK\">Das um 360\u00b0 drehbare Paneel (Gr\u00f6\u00dfe: 35,5 cm x 24 cm x 6,5 cm) eignet sich f\u00fcr den Einsatz in verschiedenen Winkeln. Die verdickte Platte unterst\u00fctzt eine stabile Armhaltung, w\u00e4hrend sich die verstellbare H\u00f6he (72-104 cm) an die verschiedenen Arbeitshaltungen der K\u00fcnstler und Kunden anpasst.<\/div>\n<h1 class=\"heading-1 ace-line old-record-id-TXkffhxqvdVUs4c7gqDoC5kepok\">Hochwertiges Material<\/h1>\n<div class=\"ace-line ace-line old-record-id-F1zEfdpMPdzeVFc4ovBW3tRfXV3\">St\u00e4nder und Sockel aus Edelstahl + PU-Lederplatte: Der Edelstahlrahmen ist robust und verschlei\u00dffest f\u00fcr eine lange Lebensdauer; die PU-Oberfl\u00e4che ist weich, hautfreundlich und leicht abwischbar (wischen Sie einfach die Tintenreste nach dem Gebrauch schnell ab).<\/div>\n<h1 class=\"heading-1 ace-line old-record-id-WLKyfeCKodptA4cxDKogQXRfYcj\">Einfach zu installieren und tragbar<\/h1>\n<div class=\"ace-line ace-line old-record-id-H6GFfsuj8d7p1QcodKgGvlJcDYl\">Wiegt 3,2 kg, abnehmbares Design f\u00fcr einfache Lagerung und Transport. Kein komplexes Werkzeug erforderlich - die Installation ist in etwa 5 Minuten abgeschlossen, perfekt f\u00fcr den Wechsel zwischen Salons, Studios oder f\u00fcr Arbeiten vor Ort.<\/div>\n<h1 class=\"heading-1 ace-line old-record-id-GIzEfxiKYdgOnscKyfP2Fc4gEKO\">Breite Verwendung Tattoo Armlehne<\/h1>\n<div class=\"ace-line ace-line old-record-id-SkjlfZ8Pwdram1chGP1OmS4cPHZ\">Ideal f\u00fcr professionelle Tattoo-Salons, pers\u00f6nliche T\u00e4towierer und sogar Tattoo-Trainingsszenarien. Es bietet eine stabile Armst\u00fctze f\u00fcr alle T\u00e4towierungsstile (Linienarbeit, Schattierungen, Ganzk\u00f6rperdesigns) und erf\u00fcllt die t\u00e4glichen Arbeits- und Schulungsanforderungen.<\/div>\n<h1 class=\"heading-1 ace-line old-record-id-NDrgf6pPddwY0fcPOQ6HHVUgwd8\">Tattoo Armlehnenst\u00e4nder Upgrade<\/h1>\n<div class=\"ace-line ace-line old-record-id-RRcCfRvYRdMqUec0RAJQm8Kh2vC\">Upgrade von 5 kleinen Schrauben (alte Version) auf 2 gro\u00dfe Schrauben (neue Version): Die 2 gro\u00dfen Schrauben sorgen f\u00fcr die gleiche Stabilit\u00e4t wie das alte Design, w\u00e4hrend sie die Installationszeit verk\u00fcrzen - schnellerer Aufbau, keine Kompromisse bei der Stabilit\u00e4t.<\/div>\n<\/div>","protected":false},"excerpt":{"rendered":"<p>Four-corner Base Tattoo Arm Rest, Strong Stable Design Double fixed height with a 72-104cm (28.3-40.9in) adjustable range, plus a 40cm<\/p>","protected":false},"featured_media":30636,"comment_status":"open","ping_status":"closed","template":"","meta":[],"product_brand":[71],"product_cat":[252,83],"product_tag":[253],"class_list":{"0":"post-30625","1":"product","2":"type-product","3":"status-publish","4":"has-post-thumbnail","6":"product_brand-gtartistoo","7":"product_cat-tattoo-furniture","8":"product_cat-tattoo-supplies","9":"product_tag-furniture","11":"first","12":"instock","13":"taxable","14":"shipping-taxable","15":"purchasable","16":"product-type-simple"},"yoast_head":"<!-- This site is optimized with the Yoast SEO Premium plugin v26.2 (Yoast SEO v26.2) - https:\/\/yoast.com\/wordpress\/plugins\/seo\/ -->\n<title>Tattoo Supplies Shop | Professional Tattoo Equipment<\/title>\n<meta name=\"description\" content=\"Stable Four-Corner Base Tattoo Arm Rest: 35.5\u00d724cm adjustable pad, 72-104cm height, portable &amp; durable. Ideal for tattoo artists\/studio\u2014steady support to boost work efficiency.\" \/>\n<meta name=\"robots\" content=\"index, follow, max-snippet:-1, max-image-preview:large, max-video-preview:-1\" \/>\n<link rel=\"canonical\" href=\"https:\/\/gtartistoo.com\/de\/shop\/tattoo-zubehor\/tattoo-mobel\/tragbarer-tattoo-armstander-rosa\/\" \/>\n<meta property=\"og:locale\" content=\"de_DE\" \/>\n<meta property=\"og:type\" content=\"article\" \/>\n<meta property=\"og:title\" content=\"Portable Tattoo Arm rest Stand-Pink\" \/>\n<meta property=\"og:description\" content=\"Stable Four-Corner Base Tattoo Arm Rest: 35.5\u00d724cm adjustable pad, 72-104cm height, portable &amp; durable. Ideal for tattoo artists\/studio\u2014steady support to boost work efficiency.\" \/>\n<meta property=\"og:url\" content=\"https:\/\/gtartistoo.com\/de\/shop\/tattoo-zubehor\/tattoo-mobel\/tragbarer-tattoo-armstander-rosa\/\" \/>\n<meta property=\"og:site_name\" content=\"gtartistoo.com\" \/>\n<meta property=\"article:modified_time\" content=\"2025-12-17T05:26:21+00:00\" \/>\n<meta property=\"og:image\" content=\"https:\/\/gtartistoo.com\/wp-content\/uploads\/2025\/12\/Portable-Tattoo-Armrest-Stand-Pink1.jpg\" \/>\n\t<meta property=\"og:image:width\" content=\"1500\" \/>\n\t<meta property=\"og:image:height\" content=\"1500\" \/>\n\t<meta property=\"og:image:type\" content=\"image\/jpeg\" \/>\n<meta name=\"twitter:card\" content=\"summary_large_image\" \/>\n<meta name=\"twitter:label1\" content=\"Preis\" \/>\n\t<meta name=\"twitter:data1\" content=\"59.99&#036;\" \/>\n\t<meta name=\"twitter:label2\" content=\"Verf\u00fcgbarkeit\" \/>\n\t<meta name=\"twitter:data2\" content=\"Auf Lager\" \/>\n<script type=\"application\/ld+json\" class=\"yoast-schema-graph\">{\"@context\":\"https:\/\/schema.org\",\"@graph\":[{\"@type\":\"WebPage\",\"@id\":\"https:\/\/gtartistoo.com\/shop\/tattoo-supplies\/tattoo-furniture\/portable-tattoo-arm-rest-stand-pink\/\",\"url\":\"https:\/\/gtartistoo.com\/shop\/tattoo-supplies\/tattoo-furniture\/portable-tattoo-arm-rest-stand-pink\/\",\"name\":\"Tattoo Supplies Shop | Professional Tattoo Equipment\",\"isPartOf\":{\"@id\":\"https:\/\/gtartistoo.com\/#website\"},\"primaryImageOfPage\":{\"@id\":\"https:\/\/gtartistoo.com\/shop\/tattoo-supplies\/tattoo-furniture\/portable-tattoo-arm-rest-stand-pink\/#primaryimage\"},\"image\":{\"@id\":\"https:\/\/gtartistoo.com\/shop\/tattoo-supplies\/tattoo-furniture\/portable-tattoo-arm-rest-stand-pink\/#primaryimage\"},\"thumbnailUrl\":\"https:\/\/gtartistoo.com\/wp-content\/uploads\/2025\/12\/Portable-Tattoo-Armrest-Stand-Pink1.jpg\",\"datePublished\":\"2025-12-15T07:35:17+00:00\",\"dateModified\":\"2025-12-17T05:26:21+00:00\",\"description\":\"Stable Four-Corner Base Tattoo Arm Rest: 35.5\u00d724cm adjustable pad, 72-104cm height, portable & durable. Ideal for tattoo artists\/studio\u2014steady support to boost work efficiency.\",\"breadcrumb\":{\"@id\":\"https:\/\/gtartistoo.com\/shop\/tattoo-supplies\/tattoo-furniture\/portable-tattoo-arm-rest-stand-pink\/#breadcrumb\"},\"inLanguage\":\"de\",\"potentialAction\":[{\"@type\":\"ReadAction\",\"target\":[\"https:\/\/gtartistoo.com\/shop\/tattoo-supplies\/tattoo-furniture\/portable-tattoo-arm-rest-stand-pink\/\"]}]},{\"@type\":\"ImageObject\",\"inLanguage\":\"de\",\"@id\":\"https:\/\/gtartistoo.com\/shop\/tattoo-supplies\/tattoo-furniture\/portable-tattoo-arm-rest-stand-pink\/#primaryimage\",\"url\":\"https:\/\/gtartistoo.com\/wp-content\/uploads\/2025\/12\/Portable-Tattoo-Armrest-Stand-Pink1.jpg\",\"contentUrl\":\"https:\/\/gtartistoo.com\/wp-content\/uploads\/2025\/12\/Portable-Tattoo-Armrest-Stand-Pink1.jpg\",\"width\":1500,\"height\":1500},{\"@type\":\"BreadcrumbList\",\"@id\":\"https:\/\/gtartistoo.com\/shop\/tattoo-supplies\/tattoo-furniture\/portable-tattoo-arm-rest-stand-pink\/#breadcrumb\",\"itemListElement\":[{\"@type\":\"ListItem\",\"position\":1,\"name\":\"Home\",\"item\":\"https:\/\/gtartistoo.com\/\"},{\"@type\":\"ListItem\",\"position\":2,\"name\":\"Shop\",\"item\":\"https:\/\/gtartistoo.com\/shop\/\"},{\"@type\":\"ListItem\",\"position\":3,\"name\":\"Portable Tattoo Arm rest Stand-Pink\"}]},{\"@type\":\"WebSite\",\"@id\":\"https:\/\/gtartistoo.com\/#website\",\"url\":\"https:\/\/gtartistoo.com\/\",\"name\":\"gtartistoo.com\",\"description\":\"\",\"publisher\":{\"@id\":\"https:\/\/gtartistoo.com\/#organization\"},\"potentialAction\":[{\"@type\":\"SearchAction\",\"target\":{\"@type\":\"EntryPoint\",\"urlTemplate\":\"https:\/\/gtartistoo.com\/?s={search_term_string}\"},\"query-input\":{\"@type\":\"PropertyValueSpecification\",\"valueRequired\":true,\"valueName\":\"search_term_string\"}}],\"inLanguage\":\"de\"},{\"@type\":\"Organization\",\"@id\":\"https:\/\/gtartistoo.com\/#organization\",\"name\":\"gtartistoo.com\",\"url\":\"https:\/\/gtartistoo.com\/\",\"logo\":{\"@type\":\"ImageObject\",\"inLanguage\":\"de\",\"@id\":\"https:\/\/gtartistoo.com\/#\/schema\/logo\/image\/\",\"url\":\"https:\/\/gtartistoo.com\/wp-content\/uploads\/2025\/10\/logo.svg\",\"contentUrl\":\"https:\/\/gtartistoo.com\/wp-content\/uploads\/2025\/10\/logo.svg\",\"width\":369,\"height\":124,\"caption\":\"gtartistoo.com\"},\"image\":{\"@id\":\"https:\/\/gtartistoo.com\/#\/schema\/logo\/image\/\"}}]}<\/script>\n<meta property=\"product:price:amount\" content=\"59.99\" \/>\n<meta property=\"product:price:currency\" content=\"USD\" \/>\n<meta property=\"og:availability\" content=\"instock\" \/>\n<meta property=\"product:availability\" content=\"instock\" \/>\n<meta property=\"product:retailer_item_id\" content=\"30625\" \/>\n<meta property=\"product:condition\" content=\"new\" \/>\n<!-- \/ Yoast SEO Premium plugin. -->","yoast_head_json":{"title":"Tattoo Supplies Shop | Professionelle Tattoo Ausr\u00fcstung","description":"Stabile Vier-Ecken-Basis Tattoo-Armst\u00fctze: 35,5\u00d724cm verstellbare Auflage, 72-104cm H\u00f6he, tragbar und langlebig. Ideal f\u00fcr Tattoo-K\u00fcnstler\/Studio-steady Unterst\u00fctzung zur Steigerung der Arbeitseffizienz.","robots":{"index":"index","follow":"follow","max-snippet":"max-snippet:-1","max-image-preview":"max-image-preview:large","max-video-preview":"max-video-preview:-1"},"canonical":"https:\/\/gtartistoo.com\/de\/shop\/tattoo-zubehor\/tattoo-mobel\/tragbarer-tattoo-armstander-rosa\/","og_locale":"de_DE","og_type":"article","og_title":"Portable Tattoo Arm rest Stand-Pink","og_description":"Stable Four-Corner Base Tattoo Arm Rest: 35.5\u00d724cm adjustable pad, 72-104cm height, portable & durable. Ideal for tattoo artists\/studio\u2014steady support to boost work efficiency.","og_url":"https:\/\/gtartistoo.com\/de\/shop\/tattoo-zubehor\/tattoo-mobel\/tragbarer-tattoo-armstander-rosa\/","og_site_name":"gtartistoo.com","article_modified_time":"2025-12-17T05:26:21+00:00","og_image":[{"width":1500,"height":1500,"url":"https:\/\/gtartistoo.com\/wp-content\/uploads\/2025\/12\/Portable-Tattoo-Armrest-Stand-Pink1.jpg","type":"image\/jpeg"}],"twitter_card":"summary_large_image","twitter_misc":{"Preis":"59.99&#36;","Verf\u00fcgbarkeit":"Auf Lager"},"schema":{"@context":"https:\/\/schema.org","@graph":[{"@type":"WebPage","@id":"https:\/\/gtartistoo.com\/shop\/tattoo-supplies\/tattoo-furniture\/portable-tattoo-arm-rest-stand-pink\/","url":"https:\/\/gtartistoo.com\/shop\/tattoo-supplies\/tattoo-furniture\/portable-tattoo-arm-rest-stand-pink\/","name":"Tattoo Supplies Shop | Professionelle Tattoo Ausr\u00fcstung","isPartOf":{"@id":"https:\/\/gtartistoo.com\/#website"},"primaryImageOfPage":{"@id":"https:\/\/gtartistoo.com\/shop\/tattoo-supplies\/tattoo-furniture\/portable-tattoo-arm-rest-stand-pink\/#primaryimage"},"image":{"@id":"https:\/\/gtartistoo.com\/shop\/tattoo-supplies\/tattoo-furniture\/portable-tattoo-arm-rest-stand-pink\/#primaryimage"},"thumbnailUrl":"https:\/\/gtartistoo.com\/wp-content\/uploads\/2025\/12\/Portable-Tattoo-Armrest-Stand-Pink1.jpg","datePublished":"2025-12-15T07:35:17+00:00","dateModified":"2025-12-17T05:26:21+00:00","description":"Stabile Vier-Ecken-Basis Tattoo-Armst\u00fctze: 35,5\u00d724cm verstellbare Auflage, 72-104cm H\u00f6he, tragbar und langlebig. Ideal f\u00fcr Tattoo-K\u00fcnstler\/Studio-steady Unterst\u00fctzung zur Steigerung der Arbeitseffizienz.","breadcrumb":{"@id":"https:\/\/gtartistoo.com\/shop\/tattoo-supplies\/tattoo-furniture\/portable-tattoo-arm-rest-stand-pink\/#breadcrumb"},"inLanguage":"de","potentialAction":[{"@type":"ReadAction","target":["https:\/\/gtartistoo.com\/shop\/tattoo-supplies\/tattoo-furniture\/portable-tattoo-arm-rest-stand-pink\/"]}]},{"@type":"ImageObject","inLanguage":"de","@id":"https:\/\/gtartistoo.com\/shop\/tattoo-supplies\/tattoo-furniture\/portable-tattoo-arm-rest-stand-pink\/#primaryimage","url":"https:\/\/gtartistoo.com\/wp-content\/uploads\/2025\/12\/Portable-Tattoo-Armrest-Stand-Pink1.jpg","contentUrl":"https:\/\/gtartistoo.com\/wp-content\/uploads\/2025\/12\/Portable-Tattoo-Armrest-Stand-Pink1.jpg","width":1500,"height":1500},{"@type":"BreadcrumbList","@id":"https:\/\/gtartistoo.com\/shop\/tattoo-supplies\/tattoo-furniture\/portable-tattoo-arm-rest-stand-pink\/#breadcrumb","itemListElement":[{"@type":"ListItem","position":1,"name":"Home","item":"https:\/\/gtartistoo.com\/"},{"@type":"ListItem","position":2,"name":"Shop","item":"https:\/\/gtartistoo.com\/shop\/"},{"@type":"ListItem","position":3,"name":"Portable Tattoo Arm rest Stand-Pink"}]},{"@type":"WebSite","@id":"https:\/\/gtartistoo.com\/#website","url":"https:\/\/gtartistoo.com\/","name":"gtartistoo.com","description":"","publisher":{"@id":"https:\/\/gtartistoo.com\/#organization"},"potentialAction":[{"@type":"SearchAction","target":{"@type":"EntryPoint","urlTemplate":"https:\/\/gtartistoo.com\/?s={search_term_string}"},"query-input":{"@type":"PropertyValueSpecification","valueRequired":true,"valueName":"search_term_string"}}],"inLanguage":"de"},{"@type":"Organization","@id":"https:\/\/gtartistoo.com\/#organization","name":"gtartistoo.com","url":"https:\/\/gtartistoo.com\/","logo":{"@type":"ImageObject","inLanguage":"de","@id":"https:\/\/gtartistoo.com\/#\/schema\/logo\/image\/","url":"https:\/\/gtartistoo.com\/wp-content\/uploads\/2025\/10\/logo.svg","contentUrl":"https:\/\/gtartistoo.com\/wp-content\/uploads\/2025\/10\/logo.svg","width":369,"height":124,"caption":"gtartistoo.com"},"image":{"@id":"https:\/\/gtartistoo.com\/#\/schema\/logo\/image\/"}}]},"product_price_amount":"59.99","product_price_currency":"USD","og_availability":"instock","product_availability":"instock","product_retailer_item_id":"30625","product_condition":"new"},"_links":{"self":[{"href":"https:\/\/gtartistoo.com\/de\/wp-json\/wp\/v2\/product\/30625","targetHints":{"allow":["GET"]}}],"collection":[{"href":"https:\/\/gtartistoo.com\/de\/wp-json\/wp\/v2\/product"}],"about":[{"href":"https:\/\/gtartistoo.com\/de\/wp-json\/wp\/v2\/types\/product"}],"replies":[{"embeddable":true,"href":"https:\/\/gtartistoo.com\/de\/wp-json\/wp\/v2\/comments?post=30625"}],"version-history":[{"count":1,"href":"https:\/\/gtartistoo.com\/de\/wp-json\/wp\/v2\/product\/30625\/revisions"}],"predecessor-version":[{"id":30644,"href":"https:\/\/gtartistoo.com\/de\/wp-json\/wp\/v2\/product\/30625\/revisions\/30644"}],"wp:featuredmedia":[{"embeddable":true,"href":"https:\/\/gtartistoo.com\/de\/wp-json\/wp\/v2\/media\/30636"}],"wp:attachment":[{"href":"https:\/\/gtartistoo.com\/de\/wp-json\/wp\/v2\/media?parent=30625"}],"wp:term":[{"taxonomy":"product_brand","embeddable":true,"href":"https:\/\/gtartistoo.com\/de\/wp-json\/wp\/v2\/product_brand?post=30625"},{"taxonomy":"product_cat","embeddable":true,"href":"https:\/\/gtartistoo.com\/de\/wp-json\/wp\/v2\/product_cat?post=30625"},{"taxonomy":"product_tag","embeddable":true,"href":"https:\/\/gtartistoo.com\/de\/wp-json\/wp\/v2\/product_tag?post=30625"}],"curies":[{"name":"wp","href":"https:\/\/api.w.org\/{rel}","templated":true}]}}