{"id":31102,"date":"2026-01-06T09:09:37","date_gmt":"2026-01-06T09:09:37","guid":{"rendered":"https:\/\/gtartistoo.com\/?post_type=product&#038;p=31102"},"modified":"2026-01-12T06:44:04","modified_gmt":"2026-01-12T06:44:04","slug":"magic-creator-professionelles-tattoo-transferpapier","status":"publish","type":"product","link":"https:\/\/gtartistoo.com\/de\/shop\/tattoo-zubehor\/tattoo-transferpapier\/magic-creator-professionelles-tattoo-transferpapier\/","title":{"rendered":"Magic Creator Professionelles Tattoo-Transferpapier - 100 Blatt A4"},"content":{"rendered":"<p data-path-to-node=\"11\">Verbessern Sie Ihre T\u00e4towierpr\u00e4zision mit <b data-path-to-node=\"11\" data-index-in-node=\"38\">Premium-Transferpapier von Magic Creator<\/b>. Unser 4-lagiges Schablonenpapier wurde f\u00fcr professionelle T\u00e4towierer in Nordamerika und Europa entwickelt und gew\u00e4hrleistet, dass jede feine Linie Ihres Designs mit klinischer Klarheit erfasst und \u00fcbertragen wird.<\/p>\n<p data-path-to-node=\"12\"><b data-path-to-node=\"12\" data-index-in-node=\"0\">\u00a0Hauptmerkmale:<\/b><\/p>\n<ul data-path-to-node=\"13\">\n<li>\n<p data-path-to-node=\"13,0,0\"><b data-path-to-node=\"13,0,0\" data-index-in-node=\"0\">Hervorragende \u00dcbertragungsqualit\u00e4t:<\/b> Erzeugen Sie gestochen scharfe, dunkle und langlebige Schablonen, die w\u00e4hrend des T\u00e4towierens nicht verschmieren.<\/p>\n<\/li>\n<li>\n<p data-path-to-node=\"13,1,0\"><b data-path-to-node=\"13,1,0\" data-index-in-node=\"0\">Vielseitigkeit f\u00fcr zwei Zwecke:<\/b> Vollst\u00e4ndig kompatibel mit allen <b data-path-to-node=\"13,1,0\" data-index-in-node=\"48\">Thermokopierger\u00e4te<\/b> und perfekt f\u00fcr hochpr\u00e4zise <b data-path-to-node=\"13,1,0\" data-index-in-node=\"103\">Freihandzeichnen<\/b>.<\/p>\n<\/li>\n<li>\n<p data-path-to-node=\"13,2,0\"><b data-path-to-node=\"13,2,0\" data-index-in-node=\"0\">Standard A4-Format:<\/b> Jedes der 100 Bl\u00e4tter misst <b data-path-to-node=\"13,2,0\" data-index-in-node=\"50\">210x292mm<\/b>, und bietet reichlich Platz f\u00fcr gro\u00dfe und komplexe Gegenst\u00fccke oder mehrere kleine Designs.<\/p>\n<\/li>\n<li>\n<p data-path-to-node=\"13,3,0\"><b data-path-to-node=\"13,3,0\" data-index-in-node=\"0\">Fortschrittlicher 4-Lagen-Schutz:<\/b> 1. <b data-path-to-node=\"13,3,0\" data-index-in-node=\"31\">Stammblatt:<\/b> Wo Ihr Geschmacksmuster verwendet wird. 2. <b data-path-to-node=\"13,3,0\" data-index-in-node=\"79\">Sch\u00fctzendes Gewebe:<\/b> Muss vor der Verwendung entfernt werden. 3. <b data-path-to-node=\"13,3,0\" data-index-in-node=\"128\">Kohlenstoff Seite:<\/b> Hochwertige blaue Kohle f\u00fcr lebendige Transfers. 4. <b data-path-to-node=\"13,3,0\" data-index-in-node=\"191\">Unterlage:<\/b> H\u00e4lt alles an Ort und Stelle f\u00fcr eine gleichm\u00e4\u00dfige Durchzeichnung.<\/p>\n<\/li>\n<\/ul>\n<p data-path-to-node=\"14\"><b data-path-to-node=\"14\" data-index-in-node=\"0\">Spezifikationen:<\/b><\/p>\n<ul data-path-to-node=\"15\">\n<li>\n<p data-path-to-node=\"15,0,0\"><b data-path-to-node=\"15,0,0\" data-index-in-node=\"0\">Marke:<\/b> Magischer Sch\u00f6pfer<\/p>\n<\/li>\n<li>\n<p data-path-to-node=\"15,1,0\"><b data-path-to-node=\"15,1,0\" data-index-in-node=\"0\">Menge:<\/b> 100 Blatt\/Packung<\/p>\n<\/li>\n<li>\n<p data-path-to-node=\"15,2,0\"><b data-path-to-node=\"15,2,0\" data-index-in-node=\"0\">Gewicht:<\/b> 750g pro Packung<\/p>\n<\/li>\n<li>\n<p data-path-to-node=\"15,3,0\"><b data-path-to-node=\"15,3,0\" data-index-in-node=\"0\">Abmessungen:<\/b> 210 x 292 mm (A4)<\/p>\n<\/li>\n<li>\n<p data-path-to-node=\"15,4,0\"><b data-path-to-node=\"15,4,0\" data-index-in-node=\"0\">Anwendung:<\/b> Professionelle Tattoo-Schablonen\u00fcbertragung<\/p>\n<\/li>\n<\/ul>","protected":false},"excerpt":{"rendered":"<p>Elevate your tattooing precision with Magic Creator\u2019s Premium Transfer Paper. Engineered for professional tattoo artists across North America and Europe,<\/p>","protected":false},"featured_media":31104,"comment_status":"open","ping_status":"closed","template":"","meta":[],"product_brand":[256],"product_cat":[307,83,288],"product_tag":[276,270],"class_list":{"0":"post-31102","1":"product","2":"type-product","3":"status-publish","4":"has-post-thumbnail","6":"product_brand-other","7":"product_cat-disposable-tattoo-supplies","8":"product_cat-tattoo-supplies","9":"product_cat-tattoo-transfer-paper","10":"product_tag-stencil-paper","11":"product_tag-tattoo-supplies","13":"first","14":"instock","15":"sale","16":"taxable","17":"shipping-taxable","18":"purchasable","19":"product-type-simple"},"yoast_head":"<!-- This site is optimized with the Yoast SEO Premium plugin v26.2 (Yoast SEO v26.2) - https:\/\/yoast.com\/wordpress\/plugins\/seo\/ -->\n<title>Tattoo Supplies Shop | Professional Tattoo Equipment<\/title>\n<meta name=\"description\" content=\"Shop Magic Creator high-quality tattoo transfer paper. 100 sheets of 4-ply A4 thermal stencil paper for clear, long-lasting designs. Perfect for thermal printers &amp; freehand drawing.\" \/>\n<meta name=\"robots\" content=\"index, follow, max-snippet:-1, max-image-preview:large, max-video-preview:-1\" \/>\n<link rel=\"canonical\" href=\"https:\/\/gtartistoo.com\/de\/shop\/tattoo-zubehor\/tattoo-transferpapier\/magic-creator-professionelles-tattoo-transferpapier\/\" \/>\n<meta property=\"og:locale\" content=\"de_DE\" \/>\n<meta property=\"og:type\" content=\"article\" \/>\n<meta property=\"og:title\" content=\"Magic Creator Professional Tattoo Transfer Paper - 100 Sheets A4\" \/>\n<meta property=\"og:description\" content=\"Shop Magic Creator high-quality tattoo transfer paper. 100 sheets of 4-ply A4 thermal stencil paper for clear, long-lasting designs. Perfect for thermal printers &amp; freehand drawing.\" \/>\n<meta property=\"og:url\" content=\"https:\/\/gtartistoo.com\/de\/shop\/tattoo-zubehor\/tattoo-transferpapier\/magic-creator-professionelles-tattoo-transferpapier\/\" \/>\n<meta property=\"og:site_name\" content=\"gtartistoo.com\" \/>\n<meta property=\"article:modified_time\" content=\"2026-01-12T06:44:04+00:00\" \/>\n<meta property=\"og:image\" content=\"https:\/\/gtartistoo.com\/wp-content\/uploads\/2026\/01\/thermal-printer-tattoo-stencil-hand-draw2.jpg\" \/>\n\t<meta property=\"og:image:width\" content=\"1000\" \/>\n\t<meta property=\"og:image:height\" content=\"1000\" \/>\n\t<meta property=\"og:image:type\" content=\"image\/jpeg\" \/>\n<meta name=\"twitter:card\" content=\"summary_large_image\" \/>\n<meta name=\"twitter:label1\" content=\"Preis\" \/>\n\t<meta name=\"twitter:data1\" content=\"33.99&#036;\" \/>\n\t<meta name=\"twitter:label2\" content=\"Verf\u00fcgbarkeit\" \/>\n\t<meta name=\"twitter:data2\" content=\"Auf Lager\" \/>\n<script type=\"application\/ld+json\" class=\"yoast-schema-graph\">{\"@context\":\"https:\/\/schema.org\",\"@graph\":[{\"@type\":\"WebPage\",\"@id\":\"https:\/\/gtartistoo.com\/shop\/tattoo-supplies\/tattoo-transfer-paper\/magic-creator-professional-tattoo-transfer-paper\/\",\"url\":\"https:\/\/gtartistoo.com\/shop\/tattoo-supplies\/tattoo-transfer-paper\/magic-creator-professional-tattoo-transfer-paper\/\",\"name\":\"Tattoo Supplies Shop | Professional Tattoo Equipment\",\"isPartOf\":{\"@id\":\"https:\/\/gtartistoo.com\/#website\"},\"primaryImageOfPage\":{\"@id\":\"https:\/\/gtartistoo.com\/shop\/tattoo-supplies\/tattoo-transfer-paper\/magic-creator-professional-tattoo-transfer-paper\/#primaryimage\"},\"image\":{\"@id\":\"https:\/\/gtartistoo.com\/shop\/tattoo-supplies\/tattoo-transfer-paper\/magic-creator-professional-tattoo-transfer-paper\/#primaryimage\"},\"thumbnailUrl\":\"https:\/\/gtartistoo.com\/wp-content\/uploads\/2026\/01\/thermal-printer-tattoo-stencil-hand-draw2.jpg\",\"datePublished\":\"2026-01-06T09:09:37+00:00\",\"dateModified\":\"2026-01-12T06:44:04+00:00\",\"description\":\"Shop Magic Creator high-quality tattoo transfer paper. 100 sheets of 4-ply A4 thermal stencil paper for clear, long-lasting designs. Perfect for thermal printers & freehand drawing.\",\"breadcrumb\":{\"@id\":\"https:\/\/gtartistoo.com\/shop\/tattoo-supplies\/tattoo-transfer-paper\/magic-creator-professional-tattoo-transfer-paper\/#breadcrumb\"},\"inLanguage\":\"de\",\"potentialAction\":[{\"@type\":\"ReadAction\",\"target\":[\"https:\/\/gtartistoo.com\/shop\/tattoo-supplies\/tattoo-transfer-paper\/magic-creator-professional-tattoo-transfer-paper\/\"]}]},{\"@type\":\"ImageObject\",\"inLanguage\":\"de\",\"@id\":\"https:\/\/gtartistoo.com\/shop\/tattoo-supplies\/tattoo-transfer-paper\/magic-creator-professional-tattoo-transfer-paper\/#primaryimage\",\"url\":\"https:\/\/gtartistoo.com\/wp-content\/uploads\/2026\/01\/thermal-printer-tattoo-stencil-hand-draw2.jpg\",\"contentUrl\":\"https:\/\/gtartistoo.com\/wp-content\/uploads\/2026\/01\/thermal-printer-tattoo-stencil-hand-draw2.jpg\",\"width\":1000,\"height\":1000,\"caption\":\"Premium 100-Sheet Tattoo Thermal Transfer Paper.\"},{\"@type\":\"BreadcrumbList\",\"@id\":\"https:\/\/gtartistoo.com\/shop\/tattoo-supplies\/tattoo-transfer-paper\/magic-creator-professional-tattoo-transfer-paper\/#breadcrumb\",\"itemListElement\":[{\"@type\":\"ListItem\",\"position\":1,\"name\":\"Home\",\"item\":\"https:\/\/gtartistoo.com\/\"},{\"@type\":\"ListItem\",\"position\":2,\"name\":\"Shop\",\"item\":\"https:\/\/gtartistoo.com\/shop\/\"},{\"@type\":\"ListItem\",\"position\":3,\"name\":\"Magic Creator Professional Tattoo Transfer Paper &#8211; 100 Sheets A4\"}]},{\"@type\":\"WebSite\",\"@id\":\"https:\/\/gtartistoo.com\/#website\",\"url\":\"https:\/\/gtartistoo.com\/\",\"name\":\"gtartistoo.com\",\"description\":\"\",\"publisher\":{\"@id\":\"https:\/\/gtartistoo.com\/#organization\"},\"potentialAction\":[{\"@type\":\"SearchAction\",\"target\":{\"@type\":\"EntryPoint\",\"urlTemplate\":\"https:\/\/gtartistoo.com\/?s={search_term_string}\"},\"query-input\":{\"@type\":\"PropertyValueSpecification\",\"valueRequired\":true,\"valueName\":\"search_term_string\"}}],\"inLanguage\":\"de\"},{\"@type\":\"Organization\",\"@id\":\"https:\/\/gtartistoo.com\/#organization\",\"name\":\"gtartistoo.com\",\"url\":\"https:\/\/gtartistoo.com\/\",\"logo\":{\"@type\":\"ImageObject\",\"inLanguage\":\"de\",\"@id\":\"https:\/\/gtartistoo.com\/#\/schema\/logo\/image\/\",\"url\":\"https:\/\/gtartistoo.com\/wp-content\/uploads\/2025\/10\/logo.svg\",\"contentUrl\":\"https:\/\/gtartistoo.com\/wp-content\/uploads\/2025\/10\/logo.svg\",\"width\":369,\"height\":124,\"caption\":\"gtartistoo.com\"},\"image\":{\"@id\":\"https:\/\/gtartistoo.com\/#\/schema\/logo\/image\/\"}}]}<\/script>\n<meta property=\"product:price:amount\" content=\"33.99\" \/>\n<meta property=\"product:price:currency\" content=\"USD\" \/>\n<meta property=\"og:availability\" content=\"instock\" \/>\n<meta property=\"product:availability\" content=\"instock\" \/>\n<meta property=\"product:retailer_item_id\" content=\"31102\" \/>\n<meta property=\"product:condition\" content=\"new\" \/>\n<!-- \/ Yoast SEO Premium plugin. -->","yoast_head_json":{"title":"Tattoo Supplies Shop | Professionelle Tattoo Ausr\u00fcstung","description":"Shop Magic Creator hochwertiges Tattoo-Transferpapier. 100 Blatt 4-lagiges A4-Thermoschablonenpapier f\u00fcr klare, lang anhaltende Designs. Perfekt f\u00fcr Thermodrucker und Freihandzeichnen.","robots":{"index":"index","follow":"follow","max-snippet":"max-snippet:-1","max-image-preview":"max-image-preview:large","max-video-preview":"max-video-preview:-1"},"canonical":"https:\/\/gtartistoo.com\/de\/shop\/tattoo-zubehor\/tattoo-transferpapier\/magic-creator-professionelles-tattoo-transferpapier\/","og_locale":"de_DE","og_type":"article","og_title":"Magic Creator Professional Tattoo Transfer Paper - 100 Sheets A4","og_description":"Shop Magic Creator high-quality tattoo transfer paper. 100 sheets of 4-ply A4 thermal stencil paper for clear, long-lasting designs. Perfect for thermal printers & freehand drawing.","og_url":"https:\/\/gtartistoo.com\/de\/shop\/tattoo-zubehor\/tattoo-transferpapier\/magic-creator-professionelles-tattoo-transferpapier\/","og_site_name":"gtartistoo.com","article_modified_time":"2026-01-12T06:44:04+00:00","og_image":[{"width":1000,"height":1000,"url":"https:\/\/gtartistoo.com\/wp-content\/uploads\/2026\/01\/thermal-printer-tattoo-stencil-hand-draw2.jpg","type":"image\/jpeg"}],"twitter_card":"summary_large_image","twitter_misc":{"Preis":"33.99&#36;","Verf\u00fcgbarkeit":"Auf Lager"},"schema":{"@context":"https:\/\/schema.org","@graph":[{"@type":"WebPage","@id":"https:\/\/gtartistoo.com\/shop\/tattoo-supplies\/tattoo-transfer-paper\/magic-creator-professional-tattoo-transfer-paper\/","url":"https:\/\/gtartistoo.com\/shop\/tattoo-supplies\/tattoo-transfer-paper\/magic-creator-professional-tattoo-transfer-paper\/","name":"Tattoo Supplies Shop | Professionelle Tattoo Ausr\u00fcstung","isPartOf":{"@id":"https:\/\/gtartistoo.com\/#website"},"primaryImageOfPage":{"@id":"https:\/\/gtartistoo.com\/shop\/tattoo-supplies\/tattoo-transfer-paper\/magic-creator-professional-tattoo-transfer-paper\/#primaryimage"},"image":{"@id":"https:\/\/gtartistoo.com\/shop\/tattoo-supplies\/tattoo-transfer-paper\/magic-creator-professional-tattoo-transfer-paper\/#primaryimage"},"thumbnailUrl":"https:\/\/gtartistoo.com\/wp-content\/uploads\/2026\/01\/thermal-printer-tattoo-stencil-hand-draw2.jpg","datePublished":"2026-01-06T09:09:37+00:00","dateModified":"2026-01-12T06:44:04+00:00","description":"Shop Magic Creator hochwertiges Tattoo-Transferpapier. 100 Blatt 4-lagiges A4-Thermoschablonenpapier f\u00fcr klare, lang anhaltende Designs. Perfekt f\u00fcr Thermodrucker und Freihandzeichnen.","breadcrumb":{"@id":"https:\/\/gtartistoo.com\/shop\/tattoo-supplies\/tattoo-transfer-paper\/magic-creator-professional-tattoo-transfer-paper\/#breadcrumb"},"inLanguage":"de","potentialAction":[{"@type":"ReadAction","target":["https:\/\/gtartistoo.com\/shop\/tattoo-supplies\/tattoo-transfer-paper\/magic-creator-professional-tattoo-transfer-paper\/"]}]},{"@type":"ImageObject","inLanguage":"de","@id":"https:\/\/gtartistoo.com\/shop\/tattoo-supplies\/tattoo-transfer-paper\/magic-creator-professional-tattoo-transfer-paper\/#primaryimage","url":"https:\/\/gtartistoo.com\/wp-content\/uploads\/2026\/01\/thermal-printer-tattoo-stencil-hand-draw2.jpg","contentUrl":"https:\/\/gtartistoo.com\/wp-content\/uploads\/2026\/01\/thermal-printer-tattoo-stencil-hand-draw2.jpg","width":1000,"height":1000,"caption":"Premium 100-Sheet Tattoo Thermal Transfer Paper."},{"@type":"BreadcrumbList","@id":"https:\/\/gtartistoo.com\/shop\/tattoo-supplies\/tattoo-transfer-paper\/magic-creator-professional-tattoo-transfer-paper\/#breadcrumb","itemListElement":[{"@type":"ListItem","position":1,"name":"Home","item":"https:\/\/gtartistoo.com\/"},{"@type":"ListItem","position":2,"name":"Shop","item":"https:\/\/gtartistoo.com\/shop\/"},{"@type":"ListItem","position":3,"name":"Magic Creator Professional Tattoo Transfer Paper &#8211; 100 Sheets A4"}]},{"@type":"WebSite","@id":"https:\/\/gtartistoo.com\/#website","url":"https:\/\/gtartistoo.com\/","name":"gtartistoo.com","description":"","publisher":{"@id":"https:\/\/gtartistoo.com\/#organization"},"potentialAction":[{"@type":"SearchAction","target":{"@type":"EntryPoint","urlTemplate":"https:\/\/gtartistoo.com\/?s={search_term_string}"},"query-input":{"@type":"PropertyValueSpecification","valueRequired":true,"valueName":"search_term_string"}}],"inLanguage":"de"},{"@type":"Organization","@id":"https:\/\/gtartistoo.com\/#organization","name":"gtartistoo.com","url":"https:\/\/gtartistoo.com\/","logo":{"@type":"ImageObject","inLanguage":"de","@id":"https:\/\/gtartistoo.com\/#\/schema\/logo\/image\/","url":"https:\/\/gtartistoo.com\/wp-content\/uploads\/2025\/10\/logo.svg","contentUrl":"https:\/\/gtartistoo.com\/wp-content\/uploads\/2025\/10\/logo.svg","width":369,"height":124,"caption":"gtartistoo.com"},"image":{"@id":"https:\/\/gtartistoo.com\/#\/schema\/logo\/image\/"}}]},"product_price_amount":"33.99","product_price_currency":"USD","og_availability":"instock","product_availability":"instock","product_retailer_item_id":"31102","product_condition":"new"},"_links":{"self":[{"href":"https:\/\/gtartistoo.com\/de\/wp-json\/wp\/v2\/product\/31102","targetHints":{"allow":["GET"]}}],"collection":[{"href":"https:\/\/gtartistoo.com\/de\/wp-json\/wp\/v2\/product"}],"about":[{"href":"https:\/\/gtartistoo.com\/de\/wp-json\/wp\/v2\/types\/product"}],"replies":[{"embeddable":true,"href":"https:\/\/gtartistoo.com\/de\/wp-json\/wp\/v2\/comments?post=31102"}],"version-history":[{"count":1,"href":"https:\/\/gtartistoo.com\/de\/wp-json\/wp\/v2\/product\/31102\/revisions"}],"predecessor-version":[{"id":31110,"href":"https:\/\/gtartistoo.com\/de\/wp-json\/wp\/v2\/product\/31102\/revisions\/31110"}],"wp:featuredmedia":[{"embeddable":true,"href":"https:\/\/gtartistoo.com\/de\/wp-json\/wp\/v2\/media\/31104"}],"wp:attachment":[{"href":"https:\/\/gtartistoo.com\/de\/wp-json\/wp\/v2\/media?parent=31102"}],"wp:term":[{"taxonomy":"product_brand","embeddable":true,"href":"https:\/\/gtartistoo.com\/de\/wp-json\/wp\/v2\/product_brand?post=31102"},{"taxonomy":"product_cat","embeddable":true,"href":"https:\/\/gtartistoo.com\/de\/wp-json\/wp\/v2\/product_cat?post=31102"},{"taxonomy":"product_tag","embeddable":true,"href":"https:\/\/gtartistoo.com\/de\/wp-json\/wp\/v2\/product_tag?post=31102"}],"curies":[{"name":"wp","href":"https:\/\/api.w.org\/{rel}","templated":true}]}}