{"id":31491,"date":"2026-01-29T05:31:44","date_gmt":"2026-01-29T05:31:44","guid":{"rendered":"https:\/\/gtartistoo.com\/?post_type=product&#038;p=31491"},"modified":"2026-01-29T05:31:56","modified_gmt":"2026-01-29T05:31:56","slug":"schablone-stuff-tattoo-schablone-transfer-gel","status":"publish","type":"product","link":"https:\/\/gtartistoo.com\/de\/shop\/tattoo-zubehor\/schablone-stuff-tattoo-schablone-transfer-gel\/","title":{"rendered":"Stencil Stuff Tattoo Schablone Transfer Gel"},"content":{"rendered":"<h2 data-start=\"429\" data-end=\"473\">Professionelle Tattoo-Schablone Transfer Gel<\/h2>\n<p data-start=\"475\" data-end=\"795\"><strong data-start=\"475\" data-end=\"520\">Stencil Stuff Tattoo Schablone Transfer Gel<\/strong> ist eine professionelle L\u00f6sung, die saubere, scharfe und zuverl\u00e4ssige Schablonen\u00fcbertragungen erm\u00f6glicht. Schon bei der ersten Anwendung k\u00f6nnen die K\u00fcnstler den Unterschied in Pr\u00e4zision und Konsistenz deutlich erkennen. Das Ergebnis ist eine schnellere, einfachere und pr\u00e4zisere Platzierung der Druckvorlagen.<\/p>\n<hr data-start=\"797\" data-end=\"800\" \/>\n<h2 data-start=\"802\" data-end=\"849\">Saubere, wischfreie und lang anhaltende Transfers<\/h2>\n<p data-start=\"851\" data-end=\"1199\">W\u00e4hrend des T\u00e4towierens ist die Klarheit der Schablone entscheidend. <strong data-start=\"910\" data-end=\"923\">Deshalb<\/strong>, Dieses Transfer-Gel ist so formuliert, dass es hervorragend haftet und gleichzeitig ein Verschmieren oder Verblassen verhindert. Au\u00dferdem bleibt die Schablone nach dem Aush\u00e4rten w\u00e4hrend der gesamten Sitzung gestochen scharf. <strong data-start=\"1100\" data-end=\"1115\">Dar\u00fcber hinaus<\/strong>, Die Formel erm\u00f6glicht eine mehrfache Anwendung, ohne die Definition der Linien zu beeintr\u00e4chtigen.<\/p>\n<hr data-start=\"1201\" data-end=\"1204\" \/>\n<h2 data-start=\"1206\" data-end=\"1252\">Sanfte, hautvertr\u00e4gliche &amp; vegane Formel<\/h2>\n<p data-start=\"1254\" data-end=\"1570\">Die Sicherheit der Kunden steht immer an erster Stelle. <strong data-start=\"1288\" data-end=\"1307\">Aus diesem Grund<\/strong>, Stencil Stuff wird mit sauberen, veganen Inhaltsstoffen hergestellt, die f\u00fcr die meisten Hauttypen geeignet sind. <strong data-start=\"1406\" data-end=\"1421\">Au\u00dferdem<\/strong>, Die nicht reizende Formel reduziert das Risiko von R\u00f6tungen oder Unwohlsein und ist daher f\u00fcr professionelle Studios und Kunden mit empfindlicher Haut gleicherma\u00dfen geeignet.<\/p>\n<hr data-start=\"1572\" data-end=\"1575\" \/>\n<h2 data-start=\"1577\" data-end=\"1623\">Einfache Anwendung mit professionellen Ergebnissen<\/h2>\n<p data-start=\"1625\" data-end=\"1941\">Das Auftragen des Gels ist einfach und effizient. <strong data-start=\"1667\" data-end=\"1695\">Mit nur einer kleinen Menge<\/strong>, k\u00f6nnen K\u00fcnstler eine optimale Haftung und lang anhaltende Ergebnisse erzielen. <strong data-start=\"1760\" data-end=\"1773\">Inzwischen<\/strong>, Die glatte Textur sorgt f\u00fcr eine gleichm\u00e4\u00dfige Abdeckung, was zu einer gleichbleibenden Schablonenqualit\u00e4t beitr\u00e4gt. <strong data-start=\"1866\" data-end=\"1882\">Folglich<\/strong>, So wird weniger Produkt verschwendet und die Effizienz des Arbeitsablaufs verbessert.<\/p>\n<hr data-start=\"1943\" data-end=\"1946\" \/>\n<h2 data-start=\"1948\" data-end=\"1989\">Verf\u00fcgbare Gr\u00f6\u00dfen f\u00fcr jeden Studiobedarf<\/h2>\n<p data-start=\"1991\" data-end=\"2211\">Um den unterschiedlichen Nutzungsanforderungen gerecht zu werden, ist dieses Tattoo-Schablonen-Transfergel in verschiedenen Gr\u00f6\u00dfen erh\u00e4ltlich. <strong data-start=\"2094\" data-end=\"2172\">Ob Sie auf Reisen sind, t\u00e4glich arbeiten oder ein Studio mit hohem Arbeitsaufkommen leiten<\/strong>, ist eine geeignete Option verf\u00fcgbar.<\/p>\n<ul data-start=\"2213\" data-end=\"2370\">\n<li data-start=\"2213\" data-end=\"2257\">\n<p data-start=\"2215\" data-end=\"2257\"><strong data-start=\"2215\" data-end=\"2223\">1 Unze<\/strong> - Ideal f\u00fcr den Einsatz auf Reisen oder zur Probe<\/p>\n<\/li>\n<li data-start=\"2258\" data-end=\"2309\">\n<p data-start=\"2260\" data-end=\"2309\"><strong data-start=\"2260\" data-end=\"2268\">4 Unzen<\/strong> - Geeignet f\u00fcr regelm\u00e4\u00dfige Studiositzungen<\/p>\n<\/li>\n<li data-start=\"2310\" data-end=\"2370\">\n<p data-start=\"2312\" data-end=\"2370\"><strong data-start=\"2312\" data-end=\"2320\">8 Unzen<\/strong> - Die beste Wahl f\u00fcr den professionellen Einsatz bei hohen St\u00fcckzahlen<\/p>\n<\/li>\n<\/ul>\n<hr data-start=\"2372\" data-end=\"2375\" \/>\n<h2 data-start=\"2377\" data-end=\"2403\">Produktspezifikationen<\/h2>\n<ul data-start=\"2405\" data-end=\"2603\">\n<li data-start=\"2405\" data-end=\"2433\">\n<p data-start=\"2407\" data-end=\"2433\"><strong data-start=\"2407\" data-end=\"2417\">Marke:<\/strong> Schablonen-Zeug<\/p>\n<\/li>\n<li data-start=\"2434\" data-end=\"2458\">\n<p data-start=\"2436\" data-end=\"2458\"><strong data-start=\"2436\" data-end=\"2446\">Farbe:<\/strong> Aus Wei\u00df<\/p>\n<\/li>\n<li data-start=\"2459\" data-end=\"2483\">\n<p data-start=\"2461\" data-end=\"2483\"><strong data-start=\"2461\" data-end=\"2471\">Stil:<\/strong> Vielseitig<\/p>\n<\/li>\n<li data-start=\"2484\" data-end=\"2525\">\n<p data-start=\"2486\" data-end=\"2525\"><strong data-start=\"2486\" data-end=\"2507\">Wasserbest\u00e4ndigkeit:<\/strong> Wasserbest\u00e4ndig<\/p>\n<\/li>\n<li data-start=\"2526\" data-end=\"2571\">\n<p data-start=\"2528\" data-end=\"2571\"><strong data-start=\"2528\" data-end=\"2540\">Formel:<\/strong> Veganerfreundlich und hautvertr\u00e4glich<\/p>\n<\/li>\n<li data-start=\"2572\" data-end=\"2603\">\n<p data-start=\"2574\" data-end=\"2603\"><strong data-start=\"2574\" data-end=\"2585\">Herkunft:<\/strong> Hergestellt in den USA<\/p>\n<\/li>\n<\/ul>\n<hr data-start=\"2605\" data-end=\"2608\" \/>\n<h2 data-start=\"2610\" data-end=\"2657\">Warum T\u00e4towierer dieses Transfergel w\u00e4hlen<\/h2>\n<p data-start=\"2659\" data-end=\"2911\"><strong data-start=\"2659\" data-end=\"2670\">Insgesamt<\/strong>, Stencil Stuff Tattoo Stencil Transfer Gel vereint Pr\u00e4zision, Sicherheit und Benutzerfreundlichkeit in einer professionellen L\u00f6sung. <strong data-start=\"2790\" data-end=\"2805\">Infolgedessen<\/strong>, So k\u00f6nnen sich die K\u00fcnstler mehr auf ihr Handwerk konzentrieren und gleichzeitig saubere, pr\u00e4zise Schablonen\u00fcbertragungen f\u00fcr jede T\u00e4towierung sicherstellen.<\/p>","protected":false},"excerpt":{"rendered":"<p>Ein professionelles Gel zum \u00dcbertragen von T\u00e4towierschablonen, das f\u00fcr saubere, scharfe und wischfreie \u00dcbertragungen sorgt. Es ist sanft zur Haut, vegan-freundlich und wird von T\u00e4towierern auf der ganzen Welt gesch\u00e4tzt.<\/p>","protected":false},"featured_media":31496,"comment_status":"open","ping_status":"closed","template":"","meta":[],"product_brand":[344],"product_cat":[83],"product_tag":[345],"class_list":{"0":"post-31491","1":"product","2":"type-product","3":"status-publish","4":"has-post-thumbnail","6":"product_brand-stencil-stuff","7":"product_cat-tattoo-supplies","8":"product_tag-tattoo-stencil","10":"first","11":"instock","12":"taxable","13":"shipping-taxable","14":"purchasable","15":"product-type-variable"},"yoast_head":"<!-- This site is optimized with the Yoast SEO Premium plugin v26.2 (Yoast SEO v26.2) - https:\/\/yoast.com\/wordpress\/plugins\/seo\/ -->\n<title>Stencil Stuff Tattoo Stencil Transfer Gel | Tattoo Transfer Solution<\/title>\n<meta name=\"description\" content=\"Stencil Stuff Tattoo Stencil Transfer Gel delivers clean, sharp, and long-lasting stencil transfers. Vegan-friendly, skin-safe formula trusted by professional tattoo artists. Available in 1oz, 4oz, and 8oz sizes.\" \/>\n<meta name=\"robots\" content=\"index, follow, max-snippet:-1, max-image-preview:large, max-video-preview:-1\" \/>\n<link rel=\"canonical\" href=\"https:\/\/gtartistoo.com\/de\/shop\/tattoo-zubehor\/schablone-stuff-tattoo-schablone-transfer-gel\/\" \/>\n<meta property=\"og:locale\" content=\"de_DE\" \/>\n<meta property=\"og:type\" content=\"article\" \/>\n<meta property=\"og:title\" content=\"Stencil Stuff Tattoo Stencil Transfer Gel\" \/>\n<meta property=\"og:description\" content=\"Stencil Stuff Tattoo Stencil Transfer Gel delivers clean, sharp, and long-lasting stencil transfers. Vegan-friendly, skin-safe formula trusted by professional tattoo artists. Available in 1oz, 4oz, and 8oz sizes.\" \/>\n<meta property=\"og:url\" content=\"https:\/\/gtartistoo.com\/de\/shop\/tattoo-zubehor\/schablone-stuff-tattoo-schablone-transfer-gel\/\" \/>\n<meta property=\"og:site_name\" content=\"gtartistoo.com\" \/>\n<meta property=\"article:modified_time\" content=\"2026-01-29T05:31:56+00:00\" \/>\n<meta property=\"og:image\" content=\"https:\/\/gtartistoo.com\/wp-content\/uploads\/2026\/01\/stencil-stuff-tattoo-stencil-transfer-gel1.webp\" \/>\n\t<meta property=\"og:image:width\" content=\"800\" \/>\n\t<meta property=\"og:image:height\" content=\"800\" \/>\n\t<meta property=\"og:image:type\" content=\"image\/webp\" \/>\n<meta name=\"twitter:card\" content=\"summary_large_image\" \/>\n<meta name=\"twitter:label1\" content=\"Verf\u00fcgbarkeit\" \/>\n\t<meta name=\"twitter:data1\" content=\"Auf Lager\" \/>\n<script type=\"application\/ld+json\" class=\"yoast-schema-graph\">{\"@context\":\"https:\/\/schema.org\",\"@graph\":[{\"@type\":\"WebPage\",\"@id\":\"https:\/\/gtartistoo.com\/shop\/tattoo-supplies\/stencil-stuff-tattoo-stencil-transfer-gel\/\",\"url\":\"https:\/\/gtartistoo.com\/shop\/tattoo-supplies\/stencil-stuff-tattoo-stencil-transfer-gel\/\",\"name\":\"Stencil Stuff Tattoo Stencil Transfer Gel | Tattoo Transfer Solution\",\"isPartOf\":{\"@id\":\"https:\/\/gtartistoo.com\/#website\"},\"primaryImageOfPage\":{\"@id\":\"https:\/\/gtartistoo.com\/shop\/tattoo-supplies\/stencil-stuff-tattoo-stencil-transfer-gel\/#primaryimage\"},\"image\":{\"@id\":\"https:\/\/gtartistoo.com\/shop\/tattoo-supplies\/stencil-stuff-tattoo-stencil-transfer-gel\/#primaryimage\"},\"thumbnailUrl\":\"https:\/\/gtartistoo.com\/wp-content\/uploads\/2026\/01\/stencil-stuff-tattoo-stencil-transfer-gel1.webp\",\"datePublished\":\"2026-01-29T05:31:44+00:00\",\"dateModified\":\"2026-01-29T05:31:56+00:00\",\"description\":\"Stencil Stuff Tattoo Stencil Transfer Gel delivers clean, sharp, and long-lasting stencil transfers. Vegan-friendly, skin-safe formula trusted by professional tattoo artists. Available in 1oz, 4oz, and 8oz sizes.\",\"breadcrumb\":{\"@id\":\"https:\/\/gtartistoo.com\/shop\/tattoo-supplies\/stencil-stuff-tattoo-stencil-transfer-gel\/#breadcrumb\"},\"inLanguage\":\"de\",\"potentialAction\":[{\"@type\":\"ReadAction\",\"target\":[\"https:\/\/gtartistoo.com\/shop\/tattoo-supplies\/stencil-stuff-tattoo-stencil-transfer-gel\/\"]}]},{\"@type\":\"ImageObject\",\"inLanguage\":\"de\",\"@id\":\"https:\/\/gtartistoo.com\/shop\/tattoo-supplies\/stencil-stuff-tattoo-stencil-transfer-gel\/#primaryimage\",\"url\":\"https:\/\/gtartistoo.com\/wp-content\/uploads\/2026\/01\/stencil-stuff-tattoo-stencil-transfer-gel1.webp\",\"contentUrl\":\"https:\/\/gtartistoo.com\/wp-content\/uploads\/2026\/01\/stencil-stuff-tattoo-stencil-transfer-gel1.webp\",\"width\":800,\"height\":800,\"caption\":\"Stencil Stuff tattoo stencil transfer gel for clean and precise tattoo transfers\"},{\"@type\":\"BreadcrumbList\",\"@id\":\"https:\/\/gtartistoo.com\/shop\/tattoo-supplies\/stencil-stuff-tattoo-stencil-transfer-gel\/#breadcrumb\",\"itemListElement\":[{\"@type\":\"ListItem\",\"position\":1,\"name\":\"Home\",\"item\":\"https:\/\/gtartistoo.com\/\"},{\"@type\":\"ListItem\",\"position\":2,\"name\":\"Shop\",\"item\":\"https:\/\/gtartistoo.com\/shop\/\"},{\"@type\":\"ListItem\",\"position\":3,\"name\":\"Stencil Stuff Tattoo Stencil Transfer Gel\"}]},{\"@type\":\"WebSite\",\"@id\":\"https:\/\/gtartistoo.com\/#website\",\"url\":\"https:\/\/gtartistoo.com\/\",\"name\":\"gtartistoo.com\",\"description\":\"\",\"publisher\":{\"@id\":\"https:\/\/gtartistoo.com\/#organization\"},\"potentialAction\":[{\"@type\":\"SearchAction\",\"target\":{\"@type\":\"EntryPoint\",\"urlTemplate\":\"https:\/\/gtartistoo.com\/?s={search_term_string}\"},\"query-input\":{\"@type\":\"PropertyValueSpecification\",\"valueRequired\":true,\"valueName\":\"search_term_string\"}}],\"inLanguage\":\"de\"},{\"@type\":\"Organization\",\"@id\":\"https:\/\/gtartistoo.com\/#organization\",\"name\":\"gtartistoo.com\",\"url\":\"https:\/\/gtartistoo.com\/\",\"logo\":{\"@type\":\"ImageObject\",\"inLanguage\":\"de\",\"@id\":\"https:\/\/gtartistoo.com\/#\/schema\/logo\/image\/\",\"url\":\"https:\/\/gtartistoo.com\/wp-content\/uploads\/2025\/10\/logo.svg\",\"contentUrl\":\"https:\/\/gtartistoo.com\/wp-content\/uploads\/2025\/10\/logo.svg\",\"width\":369,\"height\":124,\"caption\":\"gtartistoo.com\"},\"image\":{\"@id\":\"https:\/\/gtartistoo.com\/#\/schema\/logo\/image\/\"}}]}<\/script>\n<meta property=\"og:availability\" content=\"instock\" \/>\n<meta property=\"product:availability\" content=\"instock\" \/>\n<meta property=\"product:retailer_item_id\" content=\"31491\" \/>\n<meta property=\"product:condition\" content=\"new\" \/>\n<!-- \/ Yoast SEO Premium plugin. -->","yoast_head_json":{"title":"Stencil Stuff Tattoo Schablone Transfer Gel | Tattoo Transfer L\u00f6sung","description":"Stencil Stuff Tattoo Stencil Transfer Gel liefert saubere, scharfe und lang anhaltende Schablonen\u00fcbertragungen. Vegan-freundliche, hautvertr\u00e4gliche Formel, die sich bei professionellen T\u00e4towierern bew\u00e4hrt hat. Erh\u00e4ltlich in den Gr\u00f6\u00dfen 1oz, 4oz und 8oz.","robots":{"index":"index","follow":"follow","max-snippet":"max-snippet:-1","max-image-preview":"max-image-preview:large","max-video-preview":"max-video-preview:-1"},"canonical":"https:\/\/gtartistoo.com\/de\/shop\/tattoo-zubehor\/schablone-stuff-tattoo-schablone-transfer-gel\/","og_locale":"de_DE","og_type":"article","og_title":"Stencil Stuff Tattoo Stencil Transfer Gel","og_description":"Stencil Stuff Tattoo Stencil Transfer Gel delivers clean, sharp, and long-lasting stencil transfers. Vegan-friendly, skin-safe formula trusted by professional tattoo artists. Available in 1oz, 4oz, and 8oz sizes.","og_url":"https:\/\/gtartistoo.com\/de\/shop\/tattoo-zubehor\/schablone-stuff-tattoo-schablone-transfer-gel\/","og_site_name":"gtartistoo.com","article_modified_time":"2026-01-29T05:31:56+00:00","og_image":[{"width":800,"height":800,"url":"https:\/\/gtartistoo.com\/wp-content\/uploads\/2026\/01\/stencil-stuff-tattoo-stencil-transfer-gel1.webp","type":"image\/webp"}],"twitter_card":"summary_large_image","twitter_misc":{"Verf\u00fcgbarkeit":"Auf Lager"},"schema":{"@context":"https:\/\/schema.org","@graph":[{"@type":"WebPage","@id":"https:\/\/gtartistoo.com\/shop\/tattoo-supplies\/stencil-stuff-tattoo-stencil-transfer-gel\/","url":"https:\/\/gtartistoo.com\/shop\/tattoo-supplies\/stencil-stuff-tattoo-stencil-transfer-gel\/","name":"Stencil Stuff Tattoo Schablone Transfer Gel | Tattoo Transfer L\u00f6sung","isPartOf":{"@id":"https:\/\/gtartistoo.com\/#website"},"primaryImageOfPage":{"@id":"https:\/\/gtartistoo.com\/shop\/tattoo-supplies\/stencil-stuff-tattoo-stencil-transfer-gel\/#primaryimage"},"image":{"@id":"https:\/\/gtartistoo.com\/shop\/tattoo-supplies\/stencil-stuff-tattoo-stencil-transfer-gel\/#primaryimage"},"thumbnailUrl":"https:\/\/gtartistoo.com\/wp-content\/uploads\/2026\/01\/stencil-stuff-tattoo-stencil-transfer-gel1.webp","datePublished":"2026-01-29T05:31:44+00:00","dateModified":"2026-01-29T05:31:56+00:00","description":"Stencil Stuff Tattoo Stencil Transfer Gel liefert saubere, scharfe und lang anhaltende Schablonen\u00fcbertragungen. Vegan-freundliche, hautvertr\u00e4gliche Formel, die sich bei professionellen T\u00e4towierern bew\u00e4hrt hat. Erh\u00e4ltlich in den Gr\u00f6\u00dfen 1oz, 4oz und 8oz.","breadcrumb":{"@id":"https:\/\/gtartistoo.com\/shop\/tattoo-supplies\/stencil-stuff-tattoo-stencil-transfer-gel\/#breadcrumb"},"inLanguage":"de","potentialAction":[{"@type":"ReadAction","target":["https:\/\/gtartistoo.com\/shop\/tattoo-supplies\/stencil-stuff-tattoo-stencil-transfer-gel\/"]}]},{"@type":"ImageObject","inLanguage":"de","@id":"https:\/\/gtartistoo.com\/shop\/tattoo-supplies\/stencil-stuff-tattoo-stencil-transfer-gel\/#primaryimage","url":"https:\/\/gtartistoo.com\/wp-content\/uploads\/2026\/01\/stencil-stuff-tattoo-stencil-transfer-gel1.webp","contentUrl":"https:\/\/gtartistoo.com\/wp-content\/uploads\/2026\/01\/stencil-stuff-tattoo-stencil-transfer-gel1.webp","width":800,"height":800,"caption":"Stencil Stuff tattoo stencil transfer gel for clean and precise tattoo transfers"},{"@type":"BreadcrumbList","@id":"https:\/\/gtartistoo.com\/shop\/tattoo-supplies\/stencil-stuff-tattoo-stencil-transfer-gel\/#breadcrumb","itemListElement":[{"@type":"ListItem","position":1,"name":"Home","item":"https:\/\/gtartistoo.com\/"},{"@type":"ListItem","position":2,"name":"Shop","item":"https:\/\/gtartistoo.com\/shop\/"},{"@type":"ListItem","position":3,"name":"Stencil Stuff Tattoo Stencil Transfer Gel"}]},{"@type":"WebSite","@id":"https:\/\/gtartistoo.com\/#website","url":"https:\/\/gtartistoo.com\/","name":"gtartistoo.com","description":"","publisher":{"@id":"https:\/\/gtartistoo.com\/#organization"},"potentialAction":[{"@type":"SearchAction","target":{"@type":"EntryPoint","urlTemplate":"https:\/\/gtartistoo.com\/?s={search_term_string}"},"query-input":{"@type":"PropertyValueSpecification","valueRequired":true,"valueName":"search_term_string"}}],"inLanguage":"de"},{"@type":"Organization","@id":"https:\/\/gtartistoo.com\/#organization","name":"gtartistoo.com","url":"https:\/\/gtartistoo.com\/","logo":{"@type":"ImageObject","inLanguage":"de","@id":"https:\/\/gtartistoo.com\/#\/schema\/logo\/image\/","url":"https:\/\/gtartistoo.com\/wp-content\/uploads\/2025\/10\/logo.svg","contentUrl":"https:\/\/gtartistoo.com\/wp-content\/uploads\/2025\/10\/logo.svg","width":369,"height":124,"caption":"gtartistoo.com"},"image":{"@id":"https:\/\/gtartistoo.com\/#\/schema\/logo\/image\/"}}]},"og_availability":"instock","product_availability":"instock","product_retailer_item_id":"31491","product_condition":"new"},"_links":{"self":[{"href":"https:\/\/gtartistoo.com\/de\/wp-json\/wp\/v2\/product\/31491","targetHints":{"allow":["GET"]}}],"collection":[{"href":"https:\/\/gtartistoo.com\/de\/wp-json\/wp\/v2\/product"}],"about":[{"href":"https:\/\/gtartistoo.com\/de\/wp-json\/wp\/v2\/types\/product"}],"replies":[{"embeddable":true,"href":"https:\/\/gtartistoo.com\/de\/wp-json\/wp\/v2\/comments?post=31491"}],"version-history":[{"count":2,"href":"https:\/\/gtartistoo.com\/de\/wp-json\/wp\/v2\/product\/31491\/revisions"}],"predecessor-version":[{"id":31504,"href":"https:\/\/gtartistoo.com\/de\/wp-json\/wp\/v2\/product\/31491\/revisions\/31504"}],"wp:featuredmedia":[{"embeddable":true,"href":"https:\/\/gtartistoo.com\/de\/wp-json\/wp\/v2\/media\/31496"}],"wp:attachment":[{"href":"https:\/\/gtartistoo.com\/de\/wp-json\/wp\/v2\/media?parent=31491"}],"wp:term":[{"taxonomy":"product_brand","embeddable":true,"href":"https:\/\/gtartistoo.com\/de\/wp-json\/wp\/v2\/product_brand?post=31491"},{"taxonomy":"product_cat","embeddable":true,"href":"https:\/\/gtartistoo.com\/de\/wp-json\/wp\/v2\/product_cat?post=31491"},{"taxonomy":"product_tag","embeddable":true,"href":"https:\/\/gtartistoo.com\/de\/wp-json\/wp\/v2\/product_tag?post=31491"}],"curies":[{"name":"wp","href":"https:\/\/api.w.org\/{rel}","templated":true}]}}