{"id":31526,"date":"2026-01-29T05:31:53","date_gmt":"2026-01-29T05:31:53","guid":{"rendered":"https:\/\/gtartistoo.com\/?post_type=product&#038;p=31526"},"modified":"2026-01-29T05:31:56","modified_gmt":"2026-01-29T05:31:56","slug":"tuffking-atk-2523-kabellose-tattoo-stift-maschine","status":"publish","type":"product","link":"https:\/\/gtartistoo.com\/de\/shop\/tatowiermaschine\/tuffking-atk-2523-kabellose-tattoo-stift-maschine\/","title":{"rendered":"Tuffking ATK-2523 Drahtlose Tattoo-Stift-Maschine"},"content":{"rendered":"<h2 data-start=\"1536\" data-end=\"1595\">Professionelle drahtlose Tattoo-Stift-Maschine f\u00fcr K\u00fcnstler<\/h2>\n<p data-start=\"1597\" data-end=\"1899\">Der Tuffking ATK-2523 ist eine leistungsstarke kabellose Tattoo-Pen-Maschine f\u00fcr professionelle T\u00e4towierer, die Pr\u00e4zision, Stabilit\u00e4t und Flexibilit\u00e4t verlangen. Im Gegensatz zu herk\u00f6mmlichen kabelgebundenen Maschinen erlaubt dieser kabellose Tattoo-Stift uneingeschr\u00e4nkte Bewegung, was lange Sitzungen bequemer und effizienter macht.<\/p>\n<p data-start=\"1901\" data-end=\"2055\">Dar\u00fcber hinaus bietet das ergonomische Geh\u00e4use aus einer Aluminiumlegierung eine hervorragende Balance, w\u00e4hrend die solide interne Struktur Vibrationen und Ger\u00e4usche w\u00e4hrend des Betriebs minimiert.<\/p>\n<hr data-start=\"2057\" data-end=\"2060\" \/>\n<h2 data-start=\"2062\" data-end=\"2113\">Einstellbarer Hub f\u00fcr verschiedene Tattoo-Stile<\/h2>\n<p data-start=\"2115\" data-end=\"2310\">Einer der Hauptvorteile dieses Tattoo-Maschinenstifts ist seine einstellbare Hubl\u00e4nge, die von <strong data-start=\"2213\" data-end=\"2231\">2,0 mm bis 4,2 mm<\/strong>. Daher k\u00f6nnen die K\u00fcnstler die Maschine leicht auf verschiedene Techniken abstimmen.<\/p>\n<h3 data-start=\"2312\" data-end=\"2364\">Ideal zum Auskleiden, Schattieren und Verpacken von Farben<\/h3>\n<ul data-start=\"2365\" data-end=\"2477\">\n<li data-start=\"2365\" data-end=\"2401\">\n<p data-start=\"2367\" data-end=\"2401\">Kurzer Hub f\u00fcr detailliertes Futter<\/p>\n<\/li>\n<li data-start=\"2402\" data-end=\"2438\">\n<p data-start=\"2404\" data-end=\"2438\">Mittlerer Strich f\u00fcr weiche Schattierungen<\/p>\n<\/li>\n<li data-start=\"2439\" data-end=\"2477\">\n<p data-start=\"2441\" data-end=\"2477\">Langer Strich f\u00fcr kr\u00e4ftige Farbpackungen<\/p>\n<\/li>\n<\/ul>\n<p data-start=\"2479\" data-end=\"2571\">Dadurch kann eine Maschine mehrere T\u00e4towierarten ohne h\u00e4ufigen Werkzeugwechsel verarbeiten.<\/p>\n<hr data-start=\"2573\" data-end=\"2576\" \/>\n<h2 data-start=\"2578\" data-end=\"2626\">Stabile Leistungsabgabe und lange Batterielebensdauer<\/h2>\n<p data-start=\"2628\" data-end=\"2896\">Der ATK-2523 ist ausgestattet mit einem <strong data-start=\"2660\" data-end=\"2692\">1600mAh wiederaufladbare Batterie<\/strong>, und bietet bis zu <strong data-start=\"2710\" data-end=\"2737\">6 Stunden Arbeitszeit<\/strong> mit einer vollen Ladung. Au\u00dferdem kann der Akku dank der Typ-C-Schnellladeschnittstelle in etwa 2 Stunden aufgeladen werden, was die Ausfallzeiten zwischen den Sitzungen reduziert.<\/p>\n<p data-start=\"2898\" data-end=\"3041\">Au\u00dferdem zeigt das OLED-Display die Spannung, den Batteriestand und den Arbeitsstatus deutlich an und gew\u00e4hrleistet so eine pr\u00e4zise Kontrolle w\u00e4hrend des gesamten T\u00e4towiervorgangs.<\/p>\n<hr data-start=\"3043\" data-end=\"3046\" \/>\n<h2 data-start=\"3048\" data-end=\"3103\">Zuverl\u00e4ssiger kabelloser Motor und vibrationsarmes Design<\/h2>\n<p data-start=\"3105\" data-end=\"3364\">Dank seines leistungsstarken kabellosen Motors liefert dieser kabellose Tattoo-Stift ein gleichm\u00e4\u00dfiges Drehmoment und eine sanfte Nadelbewegung. Die integrierte interne Struktur reduziert die Vibrationen erheblich und sorgt so f\u00fcr saubere Linien und eine bessere Reaktion der Haut.<\/p>\n<p data-start=\"3366\" data-end=\"3475\">Folglich haben die K\u00fcnstler eine bessere Kontrolle, w\u00e4hrend die Kunden ein komfortableres T\u00e4towiererlebnis genie\u00dfen.<\/p>\n<hr data-start=\"3477\" data-end=\"3480\" \/>\n<h2 data-start=\"3482\" data-end=\"3540\">Breite Kompatibilit\u00e4t und professionelle Sicherheitsmerkmale<\/h2>\n<p data-start=\"3542\" data-end=\"3698\">Diese Tattoo-Pen-Maschine ist mit den meisten Standard-Patronennadeln auf dem Markt kompatibel. Dar\u00fcber hinaus sind mehrere Sicherheitsvorkehrungen eingebaut, einschlie\u00dflich:<\/p>\n<ul data-start=\"3699\" data-end=\"3779\">\n<li data-start=\"3699\" data-end=\"3724\">\n<p data-start=\"3701\" data-end=\"3724\">Schutz vor \u00dcberladung<\/p>\n<\/li>\n<li data-start=\"3725\" data-end=\"3753\">\n<p data-start=\"3727\" data-end=\"3753\">Kurzschlussschutz<\/p>\n<\/li>\n<li data-start=\"3754\" data-end=\"3779\">\n<p data-start=\"3756\" data-end=\"3779\">Schutz vor Nadelstichverletzungen<\/p>\n<\/li>\n<\/ul>\n<p data-start=\"3781\" data-end=\"3861\">So bleibt die Maschine auch bei l\u00e4ngerem professionellen Einsatz zuverl\u00e4ssig.<\/p>\n<hr data-start=\"3863\" data-end=\"3866\" \/>\n<h2 data-start=\"3868\" data-end=\"3900\">Produktspezifikationen<\/h2>\n<ul data-start=\"3901\" data-end=\"4145\">\n<li data-start=\"3901\" data-end=\"3926\">\n<p data-start=\"3903\" data-end=\"3926\">Motor: Kabelloser Motor<\/p>\n<\/li>\n<li data-start=\"3927\" data-end=\"3956\">\n<p data-start=\"3929\" data-end=\"3956\">Batteriekapazit\u00e4t: 1600mAh<\/p>\n<\/li>\n<li data-start=\"3957\" data-end=\"3983\">\n<p data-start=\"3959\" data-end=\"3983\">Betriebsspannung: 4-12V<\/p>\n<\/li>\n<li data-start=\"3984\" data-end=\"4016\">\n<p data-start=\"3986\" data-end=\"4016\">Einstellbarer Hub: 2,0-4,2 mm<\/p>\n<\/li>\n<li data-start=\"4017\" data-end=\"4048\">\n<p data-start=\"4019\" data-end=\"4048\">Arbeitszeit: Etwa 6 Stunden<\/p>\n<\/li>\n<li data-start=\"4049\" data-end=\"4081\">\n<p data-start=\"4051\" data-end=\"4081\">Aufladezeit: Etwa 2 Stunden<\/p>\n<\/li>\n<li data-start=\"4082\" data-end=\"4120\">\n<p data-start=\"4084\" data-end=\"4120\">Schnittstelle zum Aufladen: Typ-C (5V\/2A)<\/p>\n<\/li>\n<li data-start=\"4121\" data-end=\"4145\">\n<p data-start=\"4123\" data-end=\"4145\">Gewicht: Ca. 237g<\/p>\n<\/li>\n<\/ul>","protected":false},"excerpt":{"rendered":"<p>Der Tuffking ATK-2523 ist ein professionelles, kabelloses Tattoo-Stiftger\u00e4t, das auf Pr\u00e4zision und Vielseitigkeit ausgelegt ist. Mit einem einstellbaren Hubbereich von 2,0 mm bis 4,2 mm passt er sich leicht an Linien, Schattierungen und Farbverpackungen an. Dar\u00fcber hinaus sorgen der leistungsstarke kabellose Motor und die stabile Spannungsabgabe f\u00fcr eine gleichbleibende Leistung bei langen T\u00e4towiersitzungen.<\/p>","protected":false},"featured_media":31531,"comment_status":"open","ping_status":"closed","template":"","meta":[],"product_brand":[346],"product_cat":[77],"product_tag":[347,259],"class_list":{"0":"post-31526","1":"product","2":"type-product","3":"status-publish","4":"has-post-thumbnail","6":"product_brand-tuffking","7":"product_cat-tattoo-machine","8":"product_tag-tuffking-tattoo-machine","9":"product_tag-wireless-tattoo-pen","11":"first","12":"instock","13":"taxable","14":"shipping-taxable","15":"purchasable","16":"product-type-variable"},"yoast_head":"<!-- This site is optimized with the Yoast SEO Premium plugin v26.2 (Yoast SEO v26.2) - https:\/\/yoast.com\/wordpress\/plugins\/seo\/ -->\n<title>Tuffking ATK-2523 Wireless Tattoo Pen Machine<\/title>\n<meta name=\"description\" content=\"Tuffking ATK-2523 wireless tattoo pen machine features an adjustable 2.0\u20134.2mm stroke, stable motor output, and long-lasting 1600mAh battery. As a result, it delivers smooth lining, shading, and color packing with reliable performance for professional tattoo artists.\" \/>\n<meta name=\"robots\" content=\"index, follow, max-snippet:-1, max-image-preview:large, max-video-preview:-1\" \/>\n<link rel=\"canonical\" href=\"https:\/\/gtartistoo.com\/de\/shop\/tatowiermaschine\/tuffking-atk-2523-kabellose-tattoo-stift-maschine\/\" \/>\n<meta property=\"og:locale\" content=\"de_DE\" \/>\n<meta property=\"og:type\" content=\"article\" \/>\n<meta property=\"og:title\" content=\"Tuffking ATK-2523 Wireless Tattoo Pen Machine\" \/>\n<meta property=\"og:description\" content=\"Tuffking ATK-2523 wireless tattoo pen machine features an adjustable 2.0\u20134.2mm stroke, stable motor output, and long-lasting 1600mAh battery. As a result, it delivers smooth lining, shading, and color packing with reliable performance for professional tattoo artists.\" \/>\n<meta property=\"og:url\" content=\"https:\/\/gtartistoo.com\/de\/shop\/tatowiermaschine\/tuffking-atk-2523-kabellose-tattoo-stift-maschine\/\" \/>\n<meta property=\"og:site_name\" content=\"gtartistoo.com\" \/>\n<meta property=\"article:modified_time\" content=\"2026-01-29T05:31:56+00:00\" \/>\n<meta property=\"og:image\" content=\"https:\/\/gtartistoo.com\/wp-content\/uploads\/2026\/01\/tattoo-pen-machine-adjustable-stroke-red-device-with-dual-batteries.webp\" \/>\n\t<meta property=\"og:image:width\" content=\"1200\" \/>\n\t<meta property=\"og:image:height\" content=\"1200\" \/>\n\t<meta property=\"og:image:type\" content=\"image\/webp\" \/>\n<meta name=\"twitter:card\" content=\"summary_large_image\" \/>\n<meta name=\"twitter:label1\" content=\"Verf\u00fcgbarkeit\" \/>\n\t<meta name=\"twitter:data1\" content=\"Auf Lager\" \/>\n<script type=\"application\/ld+json\" class=\"yoast-schema-graph\">{\"@context\":\"https:\/\/schema.org\",\"@graph\":[{\"@type\":\"WebPage\",\"@id\":\"https:\/\/gtartistoo.com\/shop\/tattoo-machine\/tuffking-atk-2523-wireless-tattoo-pen-machine\/\",\"url\":\"https:\/\/gtartistoo.com\/shop\/tattoo-machine\/tuffking-atk-2523-wireless-tattoo-pen-machine\/\",\"name\":\"Tuffking ATK-2523 Wireless Tattoo Pen Machine\",\"isPartOf\":{\"@id\":\"https:\/\/gtartistoo.com\/#website\"},\"primaryImageOfPage\":{\"@id\":\"https:\/\/gtartistoo.com\/shop\/tattoo-machine\/tuffking-atk-2523-wireless-tattoo-pen-machine\/#primaryimage\"},\"image\":{\"@id\":\"https:\/\/gtartistoo.com\/shop\/tattoo-machine\/tuffking-atk-2523-wireless-tattoo-pen-machine\/#primaryimage\"},\"thumbnailUrl\":\"https:\/\/gtartistoo.com\/wp-content\/uploads\/2026\/01\/tattoo-pen-machine-adjustable-stroke-red-device-with-dual-batteries.webp\",\"datePublished\":\"2026-01-29T05:31:53+00:00\",\"dateModified\":\"2026-01-29T05:31:56+00:00\",\"description\":\"Tuffking ATK-2523 wireless tattoo pen machine features an adjustable 2.0\u20134.2mm stroke, stable motor output, and long-lasting 1600mAh battery. As a result, it delivers smooth lining, shading, and color packing with reliable performance for professional tattoo artists.\",\"breadcrumb\":{\"@id\":\"https:\/\/gtartistoo.com\/shop\/tattoo-machine\/tuffking-atk-2523-wireless-tattoo-pen-machine\/#breadcrumb\"},\"inLanguage\":\"de\",\"potentialAction\":[{\"@type\":\"ReadAction\",\"target\":[\"https:\/\/gtartistoo.com\/shop\/tattoo-machine\/tuffking-atk-2523-wireless-tattoo-pen-machine\/\"]}]},{\"@type\":\"ImageObject\",\"inLanguage\":\"de\",\"@id\":\"https:\/\/gtartistoo.com\/shop\/tattoo-machine\/tuffking-atk-2523-wireless-tattoo-pen-machine\/#primaryimage\",\"url\":\"https:\/\/gtartistoo.com\/wp-content\/uploads\/2026\/01\/tattoo-pen-machine-adjustable-stroke-red-device-with-dual-batteries.webp\",\"contentUrl\":\"https:\/\/gtartistoo.com\/wp-content\/uploads\/2026\/01\/tattoo-pen-machine-adjustable-stroke-red-device-with-dual-batteries.webp\",\"width\":1200,\"height\":1200,\"caption\":\"Tuffking ATK-2523 cordless tattoo pen adjustable stroke 2.0\u20134.2mm\"},{\"@type\":\"BreadcrumbList\",\"@id\":\"https:\/\/gtartistoo.com\/shop\/tattoo-machine\/tuffking-atk-2523-wireless-tattoo-pen-machine\/#breadcrumb\",\"itemListElement\":[{\"@type\":\"ListItem\",\"position\":1,\"name\":\"Home\",\"item\":\"https:\/\/gtartistoo.com\/\"},{\"@type\":\"ListItem\",\"position\":2,\"name\":\"Shop\",\"item\":\"https:\/\/gtartistoo.com\/shop\/\"},{\"@type\":\"ListItem\",\"position\":3,\"name\":\"Tuffking ATK-2523 Wireless Tattoo Pen Machine\"}]},{\"@type\":\"WebSite\",\"@id\":\"https:\/\/gtartistoo.com\/#website\",\"url\":\"https:\/\/gtartistoo.com\/\",\"name\":\"gtartistoo.com\",\"description\":\"\",\"publisher\":{\"@id\":\"https:\/\/gtartistoo.com\/#organization\"},\"potentialAction\":[{\"@type\":\"SearchAction\",\"target\":{\"@type\":\"EntryPoint\",\"urlTemplate\":\"https:\/\/gtartistoo.com\/?s={search_term_string}\"},\"query-input\":{\"@type\":\"PropertyValueSpecification\",\"valueRequired\":true,\"valueName\":\"search_term_string\"}}],\"inLanguage\":\"de\"},{\"@type\":\"Organization\",\"@id\":\"https:\/\/gtartistoo.com\/#organization\",\"name\":\"gtartistoo.com\",\"url\":\"https:\/\/gtartistoo.com\/\",\"logo\":{\"@type\":\"ImageObject\",\"inLanguage\":\"de\",\"@id\":\"https:\/\/gtartistoo.com\/#\/schema\/logo\/image\/\",\"url\":\"https:\/\/gtartistoo.com\/wp-content\/uploads\/2025\/10\/logo.svg\",\"contentUrl\":\"https:\/\/gtartistoo.com\/wp-content\/uploads\/2025\/10\/logo.svg\",\"width\":369,\"height\":124,\"caption\":\"gtartistoo.com\"},\"image\":{\"@id\":\"https:\/\/gtartistoo.com\/#\/schema\/logo\/image\/\"}}]}<\/script>\n<meta property=\"og:availability\" content=\"instock\" \/>\n<meta property=\"product:availability\" content=\"instock\" \/>\n<meta property=\"product:retailer_item_id\" content=\"31526\" \/>\n<meta property=\"product:condition\" content=\"new\" \/>\n<!-- \/ Yoast SEO Premium plugin. -->","yoast_head_json":{"title":"Tuffking ATK-2523 Drahtlose Tattoo-Stift-Maschine","description":"Tuffking ATK-2523 kabellose Tattoo-Stift-Maschine verf\u00fcgt \u00fcber eine einstellbare 2,0-4,2mm Hub, stabile Motorleistung und langlebige 1600mAh Batterie. Als Ergebnis liefert es glatte Linie, Schattierung und Farbe Verpackung mit zuverl\u00e4ssiger Leistung f\u00fcr professionelle T\u00e4towierer.","robots":{"index":"index","follow":"follow","max-snippet":"max-snippet:-1","max-image-preview":"max-image-preview:large","max-video-preview":"max-video-preview:-1"},"canonical":"https:\/\/gtartistoo.com\/de\/shop\/tatowiermaschine\/tuffking-atk-2523-kabellose-tattoo-stift-maschine\/","og_locale":"de_DE","og_type":"article","og_title":"Tuffking ATK-2523 Wireless Tattoo Pen Machine","og_description":"Tuffking ATK-2523 wireless tattoo pen machine features an adjustable 2.0\u20134.2mm stroke, stable motor output, and long-lasting 1600mAh battery. As a result, it delivers smooth lining, shading, and color packing with reliable performance for professional tattoo artists.","og_url":"https:\/\/gtartistoo.com\/de\/shop\/tatowiermaschine\/tuffking-atk-2523-kabellose-tattoo-stift-maschine\/","og_site_name":"gtartistoo.com","article_modified_time":"2026-01-29T05:31:56+00:00","og_image":[{"width":1200,"height":1200,"url":"https:\/\/gtartistoo.com\/wp-content\/uploads\/2026\/01\/tattoo-pen-machine-adjustable-stroke-red-device-with-dual-batteries.webp","type":"image\/webp"}],"twitter_card":"summary_large_image","twitter_misc":{"Verf\u00fcgbarkeit":"Auf Lager"},"schema":{"@context":"https:\/\/schema.org","@graph":[{"@type":"WebPage","@id":"https:\/\/gtartistoo.com\/shop\/tattoo-machine\/tuffking-atk-2523-wireless-tattoo-pen-machine\/","url":"https:\/\/gtartistoo.com\/shop\/tattoo-machine\/tuffking-atk-2523-wireless-tattoo-pen-machine\/","name":"Tuffking ATK-2523 Drahtlose Tattoo-Stift-Maschine","isPartOf":{"@id":"https:\/\/gtartistoo.com\/#website"},"primaryImageOfPage":{"@id":"https:\/\/gtartistoo.com\/shop\/tattoo-machine\/tuffking-atk-2523-wireless-tattoo-pen-machine\/#primaryimage"},"image":{"@id":"https:\/\/gtartistoo.com\/shop\/tattoo-machine\/tuffking-atk-2523-wireless-tattoo-pen-machine\/#primaryimage"},"thumbnailUrl":"https:\/\/gtartistoo.com\/wp-content\/uploads\/2026\/01\/tattoo-pen-machine-adjustable-stroke-red-device-with-dual-batteries.webp","datePublished":"2026-01-29T05:31:53+00:00","dateModified":"2026-01-29T05:31:56+00:00","description":"Tuffking ATK-2523 kabellose Tattoo-Stift-Maschine verf\u00fcgt \u00fcber eine einstellbare 2,0-4,2mm Hub, stabile Motorleistung und langlebige 1600mAh Batterie. Als Ergebnis liefert es glatte Linie, Schattierung und Farbe Verpackung mit zuverl\u00e4ssiger Leistung f\u00fcr professionelle T\u00e4towierer.","breadcrumb":{"@id":"https:\/\/gtartistoo.com\/shop\/tattoo-machine\/tuffking-atk-2523-wireless-tattoo-pen-machine\/#breadcrumb"},"inLanguage":"de","potentialAction":[{"@type":"ReadAction","target":["https:\/\/gtartistoo.com\/shop\/tattoo-machine\/tuffking-atk-2523-wireless-tattoo-pen-machine\/"]}]},{"@type":"ImageObject","inLanguage":"de","@id":"https:\/\/gtartistoo.com\/shop\/tattoo-machine\/tuffking-atk-2523-wireless-tattoo-pen-machine\/#primaryimage","url":"https:\/\/gtartistoo.com\/wp-content\/uploads\/2026\/01\/tattoo-pen-machine-adjustable-stroke-red-device-with-dual-batteries.webp","contentUrl":"https:\/\/gtartistoo.com\/wp-content\/uploads\/2026\/01\/tattoo-pen-machine-adjustable-stroke-red-device-with-dual-batteries.webp","width":1200,"height":1200,"caption":"Tuffking ATK-2523 cordless tattoo pen adjustable stroke 2.0\u20134.2mm"},{"@type":"BreadcrumbList","@id":"https:\/\/gtartistoo.com\/shop\/tattoo-machine\/tuffking-atk-2523-wireless-tattoo-pen-machine\/#breadcrumb","itemListElement":[{"@type":"ListItem","position":1,"name":"Home","item":"https:\/\/gtartistoo.com\/"},{"@type":"ListItem","position":2,"name":"Shop","item":"https:\/\/gtartistoo.com\/shop\/"},{"@type":"ListItem","position":3,"name":"Tuffking ATK-2523 Wireless Tattoo Pen Machine"}]},{"@type":"WebSite","@id":"https:\/\/gtartistoo.com\/#website","url":"https:\/\/gtartistoo.com\/","name":"gtartistoo.com","description":"","publisher":{"@id":"https:\/\/gtartistoo.com\/#organization"},"potentialAction":[{"@type":"SearchAction","target":{"@type":"EntryPoint","urlTemplate":"https:\/\/gtartistoo.com\/?s={search_term_string}"},"query-input":{"@type":"PropertyValueSpecification","valueRequired":true,"valueName":"search_term_string"}}],"inLanguage":"de"},{"@type":"Organization","@id":"https:\/\/gtartistoo.com\/#organization","name":"gtartistoo.com","url":"https:\/\/gtartistoo.com\/","logo":{"@type":"ImageObject","inLanguage":"de","@id":"https:\/\/gtartistoo.com\/#\/schema\/logo\/image\/","url":"https:\/\/gtartistoo.com\/wp-content\/uploads\/2025\/10\/logo.svg","contentUrl":"https:\/\/gtartistoo.com\/wp-content\/uploads\/2025\/10\/logo.svg","width":369,"height":124,"caption":"gtartistoo.com"},"image":{"@id":"https:\/\/gtartistoo.com\/#\/schema\/logo\/image\/"}}]},"og_availability":"instock","product_availability":"instock","product_retailer_item_id":"31526","product_condition":"new"},"_links":{"self":[{"href":"https:\/\/gtartistoo.com\/de\/wp-json\/wp\/v2\/product\/31526","targetHints":{"allow":["GET"]}}],"collection":[{"href":"https:\/\/gtartistoo.com\/de\/wp-json\/wp\/v2\/product"}],"about":[{"href":"https:\/\/gtartistoo.com\/de\/wp-json\/wp\/v2\/types\/product"}],"replies":[{"embeddable":true,"href":"https:\/\/gtartistoo.com\/de\/wp-json\/wp\/v2\/comments?post=31526"}],"version-history":[{"count":1,"href":"https:\/\/gtartistoo.com\/de\/wp-json\/wp\/v2\/product\/31526\/revisions"}],"predecessor-version":[{"id":31536,"href":"https:\/\/gtartistoo.com\/de\/wp-json\/wp\/v2\/product\/31526\/revisions\/31536"}],"wp:featuredmedia":[{"embeddable":true,"href":"https:\/\/gtartistoo.com\/de\/wp-json\/wp\/v2\/media\/31531"}],"wp:attachment":[{"href":"https:\/\/gtartistoo.com\/de\/wp-json\/wp\/v2\/media?parent=31526"}],"wp:term":[{"taxonomy":"product_brand","embeddable":true,"href":"https:\/\/gtartistoo.com\/de\/wp-json\/wp\/v2\/product_brand?post=31526"},{"taxonomy":"product_cat","embeddable":true,"href":"https:\/\/gtartistoo.com\/de\/wp-json\/wp\/v2\/product_cat?post=31526"},{"taxonomy":"product_tag","embeddable":true,"href":"https:\/\/gtartistoo.com\/de\/wp-json\/wp\/v2\/product_tag?post=31526"}],"curies":[{"name":"wp","href":"https:\/\/api.w.org\/{rel}","templated":true}]}}