{"id":31566,"date":"2026-01-29T05:31:54","date_gmt":"2026-01-29T05:31:54","guid":{"rendered":"https:\/\/gtartistoo.com\/?post_type=product&#038;p=31566"},"modified":"2026-01-29T05:31:56","modified_gmt":"2026-01-29T05:31:56","slug":"tuffking-ii-drahtlose-tattoo-stromversorgung","status":"publish","type":"product","link":"https:\/\/gtartistoo.com\/de\/shop\/tattoo-zubehor\/tattoo-power-zubehor\/tuffking-ii-drahtlose-tattoo-stromversorgung\/","title":{"rendered":"Tuffking-II Drahtloses Tattoo-Netzteil"},"content":{"rendered":"<h2 data-start=\"1181\" data-end=\"1248\"><strong data-start=\"1185\" data-end=\"1248\">Professionelle kabellose Tattoo-Stromversorgung mit OLED-Display<\/strong><\/h2>\n<p data-start=\"1250\" data-end=\"1581\">Tuffking-II ist ein professionelles, kabelloses Tattoo-Netzteil, das f\u00fcr T\u00e4towierer entwickelt wurde, die eine stabile Leistung, eine pr\u00e4zise Spannungsregelung und maximale Mobilit\u00e4t ben\u00f6tigen.<br data-start=\"1410\" data-end=\"1413\" \/>Mit einem verbesserten OLED-Bildschirm, fortschrittlichem Schutz der Schaltkreise und RCA- und DC-Kompatibilit\u00e4t bietet er eine gleichbleibende Leistung bei Auskleidung, Schattierung und Farbverpackung.<\/p>\n<h2 data-start=\"1608\" data-end=\"1670\"><strong data-start=\"1612\" data-end=\"1670\">Fortschrittliches OLED-Tattoo-Netzteil f\u00fcr den t\u00e4glichen Studioeinsatz<\/strong><\/h2>\n<ul data-start=\"1672\" data-end=\"2067\">\n<li data-start=\"1672\" data-end=\"1763\">\n<p data-start=\"1674\" data-end=\"1763\">Das hochaufl\u00f6sende OLED-Display zeigt Spannung, Batteriestand und Betriebsstatus deutlich an<\/p>\n<\/li>\n<li data-start=\"1764\" data-end=\"1832\">\n<p data-start=\"1766\" data-end=\"1832\">Gro\u00dfer Spannungsbereich von <strong data-start=\"1790\" data-end=\"1830\">4-12V mit 0,1V Pr\u00e4zisionseinstellung<\/strong><\/p>\n<\/li>\n<li data-start=\"1833\" data-end=\"1925\">\n<p data-start=\"1835\" data-end=\"1925\">Zwei Startmodi: <strong data-start=\"1853\" data-end=\"1871\">Standardstart<\/strong> und <strong data-start=\"1876\" data-end=\"1891\">Boost-Start<\/strong> f\u00fcr verschiedene T\u00e4towiertechniken<\/p>\n<\/li>\n<li data-start=\"1926\" data-end=\"2007\">\n<p data-start=\"1928\" data-end=\"2007\">Eingebauter Schutz gegen \u00dcberladung, Nadelstau und Kurzschl\u00fcsse<\/p>\n<\/li>\n<li data-start=\"2008\" data-end=\"2067\">\n<p data-start=\"2010\" data-end=\"2067\">Kompaktes und leichtes Design f\u00fcr weniger Erm\u00fcdung der H\u00e4nde<\/p>\n<\/li>\n<\/ul>\n<h2 data-start=\"2162\" data-end=\"2192\">Technische Daten<\/h2>\n<h3 data-start=\"2194\" data-end=\"2257\"><strong data-start=\"2198\" data-end=\"2257\">Tuffking-II Wireless Tattoo Power Supply Spezifikationen<\/strong><\/h3>\n<div class=\"TyagGW_tableContainer\">\n<div class=\"group TyagGW_tableWrapper flex flex-col-reverse w-fit\" tabindex=\"-1\">\n<table class=\"w-fit min-w-(--thread-content-width)\" style=\"height: 371px;\" width=\"647\" data-start=\"2259\" data-end=\"2624\">\n<thead data-start=\"2259\" data-end=\"2277\">\n<tr data-start=\"2259\" data-end=\"2277\">\n<th data-start=\"2259\" data-end=\"2266\" data-col-size=\"sm\">Artikel<\/th>\n<th data-start=\"2266\" data-end=\"2277\" data-col-size=\"sm\">Einzelheiten<\/th>\n<\/tr>\n<\/thead>\n<tbody data-start=\"2290\" data-end=\"2624\">\n<tr data-start=\"2290\" data-end=\"2313\">\n<td data-start=\"2290\" data-end=\"2298\" data-col-size=\"sm\">Modell<\/td>\n<td data-start=\"2298\" data-end=\"2313\" data-col-size=\"sm\">Tuffking-II<\/td>\n<\/tr>\n<tr data-start=\"2314\" data-end=\"2334\">\n<td data-start=\"2314\" data-end=\"2325\" data-col-size=\"sm\">Durchmesser<\/td>\n<td data-col-size=\"sm\" data-start=\"2325\" data-end=\"2334\">28 mm<\/td>\n<\/tr>\n<tr data-start=\"2335\" data-end=\"2353\">\n<td data-start=\"2335\" data-end=\"2344\" data-col-size=\"sm\">L\u00e4nge<\/td>\n<td data-start=\"2344\" data-end=\"2353\" data-col-size=\"sm\">77 mm<\/td>\n<\/tr>\n<tr data-start=\"2354\" data-end=\"2372\">\n<td data-start=\"2354\" data-end=\"2363\" data-col-size=\"sm\">Gewicht<\/td>\n<td data-start=\"2363\" data-end=\"2372\" data-col-size=\"sm\">117 g<\/td>\n<\/tr>\n<tr data-start=\"2373\" data-end=\"2417\">\n<td data-start=\"2373\" data-end=\"2390\" data-col-size=\"sm\">Ausgangsspannung<\/td>\n<td data-col-size=\"sm\" data-start=\"2390\" data-end=\"2417\">4-12V (0,1V Einstellung)<\/td>\n<\/tr>\n<tr data-start=\"2418\" data-end=\"2453\">\n<td data-start=\"2418\" data-end=\"2428\" data-col-size=\"sm\">Anzeige<\/td>\n<td data-col-size=\"sm\" data-start=\"2428\" data-end=\"2453\">OLED 0,5 Zoll (88\u00d748)<\/td>\n<\/tr>\n<tr data-start=\"2454\" data-end=\"2484\">\n<td data-start=\"2454\" data-end=\"2473\" data-col-size=\"sm\">Batteriekapazit\u00e4t<\/td>\n<td data-col-size=\"sm\" data-start=\"2473\" data-end=\"2484\">1300mAh<\/td>\n<\/tr>\n<tr data-start=\"2485\" data-end=\"2522\">\n<td data-start=\"2485\" data-end=\"2500\" data-col-size=\"sm\">Arbeitszeiten<\/td>\n<td data-col-size=\"sm\" data-start=\"2500\" data-end=\"2522\">Etwa 6 Stunden (8V)<\/td>\n<\/tr>\n<tr data-start=\"2523\" data-end=\"2556\">\n<td data-start=\"2523\" data-end=\"2539\" data-col-size=\"sm\">Aufladezeit<\/td>\n<td data-start=\"2539\" data-end=\"2556\" data-col-size=\"sm\">Etwa 3 Stunden<\/td>\n<\/tr>\n<tr data-start=\"2557\" data-end=\"2598\">\n<td data-start=\"2557\" data-end=\"2578\" data-col-size=\"sm\">Ladeschnittstelle<\/td>\n<td data-col-size=\"sm\" data-start=\"2578\" data-end=\"2598\">Typ-C (5V \/ 1A)<\/td>\n<\/tr>\n<tr data-start=\"2599\" data-end=\"2624\">\n<td data-start=\"2599\" data-end=\"2612\" data-col-size=\"sm\">Verbindung<\/td>\n<td data-col-size=\"sm\" data-start=\"2612\" data-end=\"2624\">RCA \/ DC<\/td>\n<\/tr>\n<\/tbody>\n<\/table>\n<h2 data-start=\"2631\" data-end=\"2647\">Wie zu verwenden<\/h2>\n<h3 data-start=\"2649\" data-end=\"2700\"><strong data-start=\"2653\" data-end=\"2700\">Einfache Bedienung f\u00fcr kabellose Tattoo-Maschinen<\/strong><\/h3>\n<ol data-start=\"2702\" data-end=\"3082\">\n<li data-start=\"2702\" data-end=\"2787\">\n<p data-start=\"2705\" data-end=\"2787\">Schlie\u00dfen Sie den Akku \u00fcber eine RCA- oder DC-Schnittstelle an Ihre T\u00e4towiermaschine an.<\/p>\n<\/li>\n<li data-start=\"2788\" data-end=\"2850\">\n<p data-start=\"2791\" data-end=\"2850\">Dr\u00fccken Sie lange auf die Einschalttaste, um in den Standardstartmodus zu gelangen.<\/p>\n<\/li>\n<li data-start=\"2851\" data-end=\"2940\">\n<p data-start=\"2854\" data-end=\"2940\">Ein Doppelklick auf die Einschalttaste aktiviert den Boost-Start-Modus f\u00fcr sofortige Leistungsabgabe.<\/p>\n<\/li>\n<li data-start=\"2941\" data-end=\"3011\">\n<p data-start=\"2944\" data-end=\"3011\">Die Spannung l\u00e4sst sich mit den Tasten + \/ - mit einer Genauigkeit von 0,1 V einstellen.<\/p>\n<\/li>\n<li data-start=\"3012\" data-end=\"3082\">\n<p data-start=\"3015\" data-end=\"3082\">Aufladen \u00fcber Typ-C-Kabel; OLED-Bildschirm zeigt den Ladestatus deutlich an.<\/p>\n<\/li>\n<\/ol>\n<\/div>\n<h2 data-start=\"3089\" data-end=\"3119\">F\u00fcr wen ist dieses Produkt geeignet?<\/h2>\n<h3 data-start=\"3121\" data-end=\"3179\"><strong data-start=\"3125\" data-end=\"3179\">Ideale Tattoo-Stromversorgung f\u00fcr professionelle K\u00fcnstler<\/strong><\/h3>\n<p data-start=\"3181\" data-end=\"3385\">Dieses kabellose Tattoo-Netzteil ist f\u00fcr professionelle T\u00e4towierer, Studios und reisende K\u00fcnstler geeignet, die eine zuverl\u00e4ssige Leistung, kompakte Gr\u00f6\u00dfe und flexible Kompatibilit\u00e4t mit verschiedenen Ger\u00e4ten ben\u00f6tigen.<\/p>\n<\/div>","protected":false},"excerpt":{"rendered":"<p>Professional Wireless Tattoo Power Supply with OLED Display Tuffking-II is a professional wireless tattoo power supply designed for tattoo artists<\/p>","protected":false},"featured_media":31573,"comment_status":"open","ping_status":"closed","template":"","meta":[],"product_brand":[346],"product_cat":[317,83],"product_tag":[349],"class_list":{"0":"post-31566","1":"product","2":"type-product","3":"status-publish","4":"has-post-thumbnail","6":"product_brand-tuffking","7":"product_cat-tattoo-power-accessories","8":"product_cat-tattoo-supplies","9":"product_tag-wireless-tattoo-power-supply","11":"first","12":"instock","13":"taxable","14":"shipping-taxable","15":"purchasable","16":"product-type-variable"},"yoast_head":"<!-- This site is optimized with the Yoast SEO Premium plugin v26.2 (Yoast SEO v26.2) - https:\/\/yoast.com\/wordpress\/plugins\/seo\/ -->\n<title>Wireless Tattoo Power Supply with OLED Screen | Tuffking-II<\/title>\n<meta name=\"description\" content=\"Tuffking-II wireless tattoo power supply features an OLED screen, 4\u201312V precise voltage control, RCA connection, and long-lasting 1300mAh battery for professional tattoo artists.\" \/>\n<meta name=\"robots\" content=\"index, follow, max-snippet:-1, max-image-preview:large, max-video-preview:-1\" \/>\n<link rel=\"canonical\" href=\"https:\/\/gtartistoo.com\/de\/shop\/tattoo-zubehor\/tattoo-power-zubehor\/tuffking-ii-drahtlose-tattoo-stromversorgung\/\" \/>\n<meta property=\"og:locale\" content=\"de_DE\" \/>\n<meta property=\"og:type\" content=\"article\" \/>\n<meta property=\"og:title\" content=\"Tuffking-II Wireless Tattoo Power Supply\" \/>\n<meta property=\"og:description\" content=\"Tuffking-II wireless tattoo power supply features an OLED screen, 4\u201312V precise voltage control, RCA connection, and long-lasting 1300mAh battery for professional tattoo artists.\" \/>\n<meta property=\"og:url\" content=\"https:\/\/gtartistoo.com\/de\/shop\/tattoo-zubehor\/tattoo-power-zubehor\/tuffking-ii-drahtlose-tattoo-stromversorgung\/\" \/>\n<meta property=\"og:site_name\" content=\"gtartistoo.com\" \/>\n<meta property=\"article:modified_time\" content=\"2026-01-29T05:31:56+00:00\" \/>\n<meta property=\"og:image\" content=\"https:\/\/gtartistoo.com\/wp-content\/uploads\/2026\/01\/tuffking-ii-wireless-tattoo-power-supply-oled.webp\" \/>\n\t<meta property=\"og:image:width\" content=\"1600\" \/>\n\t<meta property=\"og:image:height\" content=\"1600\" \/>\n\t<meta property=\"og:image:type\" content=\"image\/webp\" \/>\n<meta name=\"twitter:card\" content=\"summary_large_image\" \/>\n<meta name=\"twitter:label1\" content=\"Verf\u00fcgbarkeit\" \/>\n\t<meta name=\"twitter:data1\" content=\"Auf Lager\" \/>\n<script type=\"application\/ld+json\" class=\"yoast-schema-graph\">{\"@context\":\"https:\/\/schema.org\",\"@graph\":[{\"@type\":\"WebPage\",\"@id\":\"https:\/\/gtartistoo.com\/shop\/tattoo-supplies\/tattoo-power-accessories\/tuffking-ii-wireless-tattoo-power-supply\/\",\"url\":\"https:\/\/gtartistoo.com\/shop\/tattoo-supplies\/tattoo-power-accessories\/tuffking-ii-wireless-tattoo-power-supply\/\",\"name\":\"Wireless Tattoo Power Supply with OLED Screen | Tuffking-II\",\"isPartOf\":{\"@id\":\"https:\/\/gtartistoo.com\/#website\"},\"primaryImageOfPage\":{\"@id\":\"https:\/\/gtartistoo.com\/shop\/tattoo-supplies\/tattoo-power-accessories\/tuffking-ii-wireless-tattoo-power-supply\/#primaryimage\"},\"image\":{\"@id\":\"https:\/\/gtartistoo.com\/shop\/tattoo-supplies\/tattoo-power-accessories\/tuffking-ii-wireless-tattoo-power-supply\/#primaryimage\"},\"thumbnailUrl\":\"https:\/\/gtartistoo.com\/wp-content\/uploads\/2026\/01\/tuffking-ii-wireless-tattoo-power-supply-oled.webp\",\"datePublished\":\"2026-01-29T05:31:54+00:00\",\"dateModified\":\"2026-01-29T05:31:56+00:00\",\"description\":\"Tuffking-II wireless tattoo power supply features an OLED screen, 4\u201312V precise voltage control, RCA connection, and long-lasting 1300mAh battery for professional tattoo artists.\",\"breadcrumb\":{\"@id\":\"https:\/\/gtartistoo.com\/shop\/tattoo-supplies\/tattoo-power-accessories\/tuffking-ii-wireless-tattoo-power-supply\/#breadcrumb\"},\"inLanguage\":\"de\",\"potentialAction\":[{\"@type\":\"ReadAction\",\"target\":[\"https:\/\/gtartistoo.com\/shop\/tattoo-supplies\/tattoo-power-accessories\/tuffking-ii-wireless-tattoo-power-supply\/\"]}]},{\"@type\":\"ImageObject\",\"inLanguage\":\"de\",\"@id\":\"https:\/\/gtartistoo.com\/shop\/tattoo-supplies\/tattoo-power-accessories\/tuffking-ii-wireless-tattoo-power-supply\/#primaryimage\",\"url\":\"https:\/\/gtartistoo.com\/wp-content\/uploads\/2026\/01\/tuffking-ii-wireless-tattoo-power-supply-oled.webp\",\"contentUrl\":\"https:\/\/gtartistoo.com\/wp-content\/uploads\/2026\/01\/tuffking-ii-wireless-tattoo-power-supply-oled.webp\",\"width\":1600,\"height\":1600,\"caption\":\"Tuffking-II wireless tattoo power supply with OLED display and RCA connection\"},{\"@type\":\"BreadcrumbList\",\"@id\":\"https:\/\/gtartistoo.com\/shop\/tattoo-supplies\/tattoo-power-accessories\/tuffking-ii-wireless-tattoo-power-supply\/#breadcrumb\",\"itemListElement\":[{\"@type\":\"ListItem\",\"position\":1,\"name\":\"Home\",\"item\":\"https:\/\/gtartistoo.com\/\"},{\"@type\":\"ListItem\",\"position\":2,\"name\":\"Shop\",\"item\":\"https:\/\/gtartistoo.com\/shop\/\"},{\"@type\":\"ListItem\",\"position\":3,\"name\":\"Tuffking-II Wireless Tattoo Power Supply\"}]},{\"@type\":\"WebSite\",\"@id\":\"https:\/\/gtartistoo.com\/#website\",\"url\":\"https:\/\/gtartistoo.com\/\",\"name\":\"gtartistoo.com\",\"description\":\"\",\"publisher\":{\"@id\":\"https:\/\/gtartistoo.com\/#organization\"},\"potentialAction\":[{\"@type\":\"SearchAction\",\"target\":{\"@type\":\"EntryPoint\",\"urlTemplate\":\"https:\/\/gtartistoo.com\/?s={search_term_string}\"},\"query-input\":{\"@type\":\"PropertyValueSpecification\",\"valueRequired\":true,\"valueName\":\"search_term_string\"}}],\"inLanguage\":\"de\"},{\"@type\":\"Organization\",\"@id\":\"https:\/\/gtartistoo.com\/#organization\",\"name\":\"gtartistoo.com\",\"url\":\"https:\/\/gtartistoo.com\/\",\"logo\":{\"@type\":\"ImageObject\",\"inLanguage\":\"de\",\"@id\":\"https:\/\/gtartistoo.com\/#\/schema\/logo\/image\/\",\"url\":\"https:\/\/gtartistoo.com\/wp-content\/uploads\/2025\/10\/logo.svg\",\"contentUrl\":\"https:\/\/gtartistoo.com\/wp-content\/uploads\/2025\/10\/logo.svg\",\"width\":369,\"height\":124,\"caption\":\"gtartistoo.com\"},\"image\":{\"@id\":\"https:\/\/gtartistoo.com\/#\/schema\/logo\/image\/\"}}]}<\/script>\n<meta property=\"og:availability\" content=\"instock\" \/>\n<meta property=\"product:availability\" content=\"instock\" \/>\n<meta property=\"product:retailer_item_id\" content=\"31566\" \/>\n<meta property=\"product:condition\" content=\"new\" \/>\n<!-- \/ Yoast SEO Premium plugin. -->","yoast_head_json":{"title":"Kabellose Tattoo-Stromversorgung mit OLED-Bildschirm | Tuffking-II","description":"Das kabellose Tattoo-Netzteil Tuffking-II verf\u00fcgt \u00fcber einen OLED-Bildschirm, eine pr\u00e4zise Spannungsregelung von 4-12 V, einen Cinch-Anschluss und eine langlebige 1300-mAh-Batterie f\u00fcr professionelle T\u00e4towierer.","robots":{"index":"index","follow":"follow","max-snippet":"max-snippet:-1","max-image-preview":"max-image-preview:large","max-video-preview":"max-video-preview:-1"},"canonical":"https:\/\/gtartistoo.com\/de\/shop\/tattoo-zubehor\/tattoo-power-zubehor\/tuffking-ii-drahtlose-tattoo-stromversorgung\/","og_locale":"de_DE","og_type":"article","og_title":"Tuffking-II Wireless Tattoo Power Supply","og_description":"Tuffking-II wireless tattoo power supply features an OLED screen, 4\u201312V precise voltage control, RCA connection, and long-lasting 1300mAh battery for professional tattoo artists.","og_url":"https:\/\/gtartistoo.com\/de\/shop\/tattoo-zubehor\/tattoo-power-zubehor\/tuffking-ii-drahtlose-tattoo-stromversorgung\/","og_site_name":"gtartistoo.com","article_modified_time":"2026-01-29T05:31:56+00:00","og_image":[{"width":1600,"height":1600,"url":"https:\/\/gtartistoo.com\/wp-content\/uploads\/2026\/01\/tuffking-ii-wireless-tattoo-power-supply-oled.webp","type":"image\/webp"}],"twitter_card":"summary_large_image","twitter_misc":{"Verf\u00fcgbarkeit":"Auf Lager"},"schema":{"@context":"https:\/\/schema.org","@graph":[{"@type":"WebPage","@id":"https:\/\/gtartistoo.com\/shop\/tattoo-supplies\/tattoo-power-accessories\/tuffking-ii-wireless-tattoo-power-supply\/","url":"https:\/\/gtartistoo.com\/shop\/tattoo-supplies\/tattoo-power-accessories\/tuffking-ii-wireless-tattoo-power-supply\/","name":"Kabellose Tattoo-Stromversorgung mit OLED-Bildschirm | Tuffking-II","isPartOf":{"@id":"https:\/\/gtartistoo.com\/#website"},"primaryImageOfPage":{"@id":"https:\/\/gtartistoo.com\/shop\/tattoo-supplies\/tattoo-power-accessories\/tuffking-ii-wireless-tattoo-power-supply\/#primaryimage"},"image":{"@id":"https:\/\/gtartistoo.com\/shop\/tattoo-supplies\/tattoo-power-accessories\/tuffking-ii-wireless-tattoo-power-supply\/#primaryimage"},"thumbnailUrl":"https:\/\/gtartistoo.com\/wp-content\/uploads\/2026\/01\/tuffking-ii-wireless-tattoo-power-supply-oled.webp","datePublished":"2026-01-29T05:31:54+00:00","dateModified":"2026-01-29T05:31:56+00:00","description":"Das kabellose Tattoo-Netzteil Tuffking-II verf\u00fcgt \u00fcber einen OLED-Bildschirm, eine pr\u00e4zise Spannungsregelung von 4-12 V, einen Cinch-Anschluss und eine langlebige 1300-mAh-Batterie f\u00fcr professionelle T\u00e4towierer.","breadcrumb":{"@id":"https:\/\/gtartistoo.com\/shop\/tattoo-supplies\/tattoo-power-accessories\/tuffking-ii-wireless-tattoo-power-supply\/#breadcrumb"},"inLanguage":"de","potentialAction":[{"@type":"ReadAction","target":["https:\/\/gtartistoo.com\/shop\/tattoo-supplies\/tattoo-power-accessories\/tuffking-ii-wireless-tattoo-power-supply\/"]}]},{"@type":"ImageObject","inLanguage":"de","@id":"https:\/\/gtartistoo.com\/shop\/tattoo-supplies\/tattoo-power-accessories\/tuffking-ii-wireless-tattoo-power-supply\/#primaryimage","url":"https:\/\/gtartistoo.com\/wp-content\/uploads\/2026\/01\/tuffking-ii-wireless-tattoo-power-supply-oled.webp","contentUrl":"https:\/\/gtartistoo.com\/wp-content\/uploads\/2026\/01\/tuffking-ii-wireless-tattoo-power-supply-oled.webp","width":1600,"height":1600,"caption":"Tuffking-II wireless tattoo power supply with OLED display and RCA connection"},{"@type":"BreadcrumbList","@id":"https:\/\/gtartistoo.com\/shop\/tattoo-supplies\/tattoo-power-accessories\/tuffking-ii-wireless-tattoo-power-supply\/#breadcrumb","itemListElement":[{"@type":"ListItem","position":1,"name":"Home","item":"https:\/\/gtartistoo.com\/"},{"@type":"ListItem","position":2,"name":"Shop","item":"https:\/\/gtartistoo.com\/shop\/"},{"@type":"ListItem","position":3,"name":"Tuffking-II Wireless Tattoo Power Supply"}]},{"@type":"WebSite","@id":"https:\/\/gtartistoo.com\/#website","url":"https:\/\/gtartistoo.com\/","name":"gtartistoo.com","description":"","publisher":{"@id":"https:\/\/gtartistoo.com\/#organization"},"potentialAction":[{"@type":"SearchAction","target":{"@type":"EntryPoint","urlTemplate":"https:\/\/gtartistoo.com\/?s={search_term_string}"},"query-input":{"@type":"PropertyValueSpecification","valueRequired":true,"valueName":"search_term_string"}}],"inLanguage":"de"},{"@type":"Organization","@id":"https:\/\/gtartistoo.com\/#organization","name":"gtartistoo.com","url":"https:\/\/gtartistoo.com\/","logo":{"@type":"ImageObject","inLanguage":"de","@id":"https:\/\/gtartistoo.com\/#\/schema\/logo\/image\/","url":"https:\/\/gtartistoo.com\/wp-content\/uploads\/2025\/10\/logo.svg","contentUrl":"https:\/\/gtartistoo.com\/wp-content\/uploads\/2025\/10\/logo.svg","width":369,"height":124,"caption":"gtartistoo.com"},"image":{"@id":"https:\/\/gtartistoo.com\/#\/schema\/logo\/image\/"}}]},"og_availability":"instock","product_availability":"instock","product_retailer_item_id":"31566","product_condition":"new"},"_links":{"self":[{"href":"https:\/\/gtartistoo.com\/de\/wp-json\/wp\/v2\/product\/31566","targetHints":{"allow":["GET"]}}],"collection":[{"href":"https:\/\/gtartistoo.com\/de\/wp-json\/wp\/v2\/product"}],"about":[{"href":"https:\/\/gtartistoo.com\/de\/wp-json\/wp\/v2\/types\/product"}],"replies":[{"embeddable":true,"href":"https:\/\/gtartistoo.com\/de\/wp-json\/wp\/v2\/comments?post=31566"}],"version-history":[{"count":1,"href":"https:\/\/gtartistoo.com\/de\/wp-json\/wp\/v2\/product\/31566\/revisions"}],"predecessor-version":[{"id":31577,"href":"https:\/\/gtartistoo.com\/de\/wp-json\/wp\/v2\/product\/31566\/revisions\/31577"}],"wp:featuredmedia":[{"embeddable":true,"href":"https:\/\/gtartistoo.com\/de\/wp-json\/wp\/v2\/media\/31573"}],"wp:attachment":[{"href":"https:\/\/gtartistoo.com\/de\/wp-json\/wp\/v2\/media?parent=31566"}],"wp:term":[{"taxonomy":"product_brand","embeddable":true,"href":"https:\/\/gtartistoo.com\/de\/wp-json\/wp\/v2\/product_brand?post=31566"},{"taxonomy":"product_cat","embeddable":true,"href":"https:\/\/gtartistoo.com\/de\/wp-json\/wp\/v2\/product_cat?post=31566"},{"taxonomy":"product_tag","embeddable":true,"href":"https:\/\/gtartistoo.com\/de\/wp-json\/wp\/v2\/product_tag?post=31566"}],"curies":[{"name":"wp","href":"https:\/\/api.w.org\/{rel}","templated":true}]}}