{"id":13,"date":"2025-10-20T09:21:27","date_gmt":"2025-10-20T09:21:27","guid":{"rendered":"https:\/\/gtartistoo.com\/?page_id=13"},"modified":"2026-01-12T07:18:10","modified_gmt":"2026-01-12T07:18:10","slug":"devoluciones-reembolsos","status":"publish","type":"page","link":"https:\/\/gtartistoo.com\/es\/devoluciones-reembolsos\/","title":{"rendered":"Reembolsos y devoluciones"},"content":{"rendered":"<div data-elementor-type=\"wp-page\" data-elementor-id=\"13\" class=\"elementor elementor-13\" data-elementor-post-type=\"page\">\n\t\t\t\t<div class=\"wd-negative-gap elementor-element elementor-element-428c3976 e-flex e-con-boxed e-con e-parent\" data-id=\"428c3976\" data-element_type=\"container\" data-e-type=\"container\" data-settings=\"{&quot;ekit_has_onepagescroll_dot&quot;:&quot;yes&quot;}\">\n\t\t\t\t\t<div class=\"e-con-inner\">\n\t\t<div class=\"elementor-element elementor-element-cb994ea e-con-full e-flex e-con e-child\" data-id=\"cb994ea\" data-element_type=\"container\" data-e-type=\"container\" data-settings=\"{&quot;ekit_has_onepagescroll_dot&quot;:&quot;yes&quot;}\">\n\t\t\t\t<div class=\"elementor-element elementor-element-0c0e663 elementor-widget elementor-widget-wd_text_block\" data-id=\"0c0e663\" data-element_type=\"widget\" data-e-type=\"widget\" data-settings=\"{&quot;ekit_we_effect_on&quot;:&quot;none&quot;}\" data-widget_type=\"wd_text_block.default\">\n\t\t\t\t<div class=\"elementor-widget-container\">\n\t\t\t\t\t\t\t<div class=\"wd-text-block reset-last-child text-left\">\n\t\t\t\n\t\t\t<h2><strong>Pol\u00edtica de devoluciones y reembolsos de gtartistoo<\/strong><\/h2>\n\t\t\t\t\t<\/div>\n\t\t\t\t\t\t<\/div>\n\t\t\t\t<\/div>\n\t\t\t\t<\/div>\n\t\t<div class=\"elementor-element elementor-element-b643512 e-con-full e-flex e-con e-child\" data-id=\"b643512\" data-element_type=\"container\" data-e-type=\"container\" data-settings=\"{&quot;ekit_has_onepagescroll_dot&quot;:&quot;yes&quot;}\">\n\t\t\t\t<div class=\"elementor-element elementor-element-7f14e1b elementor-widget elementor-widget-wd_text_block\" data-id=\"7f14e1b\" data-element_type=\"widget\" data-e-type=\"widget\" data-settings=\"{&quot;ekit_we_effect_on&quot;:&quot;none&quot;}\" data-widget_type=\"wd_text_block.default\">\n\t\t\t\t<div class=\"elementor-widget-container\">\n\t\t\t\t\t\t\t<div class=\"wd-text-block reset-last-child text-left color-title\">\n\t\t\t\n\t\t\t<p>gtartistoo ofrece una pol\u00edtica de devoluci\u00f3n de 30 d\u00edas para todos los pedidos realizados en nuestro sitio web oficial, y si no est\u00e1 satisfecho con su pedido por cualquier motivo, puede ponerse en contacto con nosotros para organizar una devoluci\u00f3n.<\/p><p>Esta p\u00f3liza est\u00e1 sujeta a las siguientes condiciones: \u00a0<\/p><ol><li>gtartistoo debe ser notificado <strong>a m\u00e1s tardar 30 d\u00edas despu\u00e9s de realizar el pedido<\/strong>(para iniciar el proceso de devoluci\u00f3n). \u00a0<\/li><li>Los productos devueltos deben estar en <strong>\u201cEstado \u201dNuevo<\/strong>(sin usar, sin da\u00f1os y sin signos de desgaste), en su embalaje original y acompa\u00f1ados de todos los accesorios originales (por ejemplo, manuales, etiquetas, obsequios). gtartistoo se reserva el derecho a cobrar tasas por productos da\u00f1ados, a los que les falten piezas o cuyo embalaje est\u00e9 incompleto; estas tasas se deducir\u00e1n del importe del reembolso. \u00a0<\/li><li>Los gastos de env\u00edo son <strong>no reembolsable<\/strong>. Si su pedido originalmente cumpl\u00eda los requisitos para el env\u00edo gratuito, los gastos de env\u00edo reales incurridos por gtartistoo (a nuestro precio de coste) se deducir\u00e1n de su reembolso total. \u00a0<\/li><li>Usted (el cliente) es responsable de cubrir todos los costes y organizar el momento de la devoluci\u00f3n del art\u00edculo. Todos los gastos de env\u00edo y tasas asociadas a la devoluci\u00f3n deber\u00e1n ser pagados por usted. \u00a0<\/li><li>Llevar\u00e1s<strong>plena responsabilidad por cualquier p\u00e9rdida o da\u00f1o que sufra el producto durante el transporte<\/strong>al almac\u00e9n de gtartistoo.<\/li><li>O sin el embalaje adecuado (con los consiguientes da\u00f1os)<\/li><\/ol><ol start=\"7\"><li>gtartistoo se reserva el derecho a rechazar la entrega de la devoluci\u00f3n o a devolverle el art\u00edculo a su cargo (sin derecho a reembolso) si se env\u00eda un art\u00edculo devuelto en cualquiera de las siguientes circunstancias:<\/li><li>Las devoluciones se tramitar\u00e1n <strong>en un plazo de 7 d\u00edas tras la inspecci\u00f3n y aprobaci\u00f3n del art\u00edculo devuelto<\/strong>por gtartistoo. No aceptamos ninguna responsabilidad por los retrasos causados por terceros (por ejemplo, procesadores de pagos, bancos o servicios de mensajer\u00eda). \u00a0<\/li><\/ol><p><strong>\u00bfC\u00f3mo devuelvo un art\u00edculo?<\/strong><\/p><p>Para iniciar una devoluci\u00f3n, env\u00edenos un correo electr\u00f3nico a <a href=\"mailto:service@gtartistoo.com\"><strong>service@gtartistoo.com<\/strong><\/a>\u00a0con la siguiente informaci\u00f3n: \u00a0<\/p><ol><li>Su n\u00famero de pedido \u00a0<\/li><li>El nombre\/modelo de los art\u00edculos a devolver \u00a0<\/li><li>Estado actual de los art\u00edculos (por ejemplo, \u201csin usar, en su embalaje original\u201d) \u00a0<\/li><li>Motivo de la devoluci\u00f3n (por ejemplo, \u201ccambio de opini\u00f3n\u201d, \u201ctalla inadecuada\u201d) \u00a0<\/li><\/ol><p>Responderemos a su solicitud en el plazo de <strong>24 horas laborables<\/strong>\u00a0(excepto fines de semana y festivos) para facilitarle su n\u00famero de RMA y la direcci\u00f3n de devoluci\u00f3n espec\u00edfica (ya que las direcciones de devoluci\u00f3n pueden variar seg\u00fan la regi\u00f3n). \u00a0<\/p><p><strong>IMPORTANTE: NO devuelva art\u00edculos sin autorizaci\u00f3n<\/strong><\/p><p>POR FAVOR NO INTENTE DEVOLVER SU ART\u00cdCULO A gtartistoo SIN AUTORIZACI\u00d3N PREVIA O UN N\u00daMERO DE RMA V\u00c1LIDO. \u00a0<\/p><p>Esto es vital para que podamos rastrear su art\u00edculo devuelto, evitar errores de env\u00edo y procesar su devoluci\u00f3n de manera eficiente. \u00a0<\/p><p><strong>Reembolsos (si procede)<\/strong><\/p><ol><li>Una vez recibido el art\u00edculo devuelto e inspeccionado por nuestro equipo, le enviaremos un correo electr\u00f3nico para confirmar la recepci\u00f3n del art\u00edculo. \u00a0<\/li><li>Tambi\u00e9n le notificaremos por correo electr\u00f3nico si su reembolso ha sido <strong>aprobado o rechazado<\/strong>(en funci\u00f3n del cumplimiento de las condiciones anteriores). \u00a0<\/li><li>Si se aprueba, el reembolso se procesar\u00e1 inmediatamente. Se aplicar\u00e1 autom\u00e1ticamente un abono a su m\u00e9todo de pago original (por ejemplo, tarjeta de cr\u00e9dito, PayPal u otras plataformas de pago utilizadas para el pedido). \u00a0<\/li><\/ol><p><strong>Reembolsos atrasados o no efectuados (si procede)<\/strong><\/p><ul><li>Si se le ha notificado que se ha emitido el reembolso pero no lo ha recibido, p\u00f3ngase primero en contacto con su entidad financiera (por ejemplo, su banco, la entidad emisora de su tarjeta de cr\u00e9dito o PayPal) para informarse sobre posibles retrasos en la tramitaci\u00f3n: la mayor\u00eda de las plataformas de pago necesitan entre 3 y 7 d\u00edas laborables para reflejar los reembolsos en su cuenta. \u00a0<\/li><li>Si lo ha confirmado con su entidad financiera y a\u00fan no ha recibido el reembolso, p\u00f3ngase en contacto con nosotros en <a href=\"mailto:service@gtartistoo.com\"><strong>service@gtartistoo.com<\/strong><\/a>-nuestro equipo le ayudar\u00e1 a resolver el problema r\u00e1pidamente. \u00a0<\/li><\/ul><p><strong>Intercambios (si procede)<\/strong><\/p><p>gtartistoo s\u00f3lo sustituye art\u00edculos en las siguientes circunstancias: \u00a0<\/p><ul><li>El art\u00edculo est\u00e1 defectuoso o da\u00f1ado (confirmado por nuestra inspecci\u00f3n); \u00a0<\/li><li>Ha recibido un art\u00edculo equivocado (por ejemplo, modelo, color o talla incorrectos) debido a un error de gtartistoo. \u00a0<\/li><\/ul><p>Para cambios por otros motivos (por ejemplo, \u201ccambio de opini\u00f3n\u201d o \u201cdesajuste de talla\u201d), p\u00f3ngase en contacto con nosotros en <a href=\"mailto:service@gtartistoo.com\"><strong>service@gtartistoo.com<\/strong><\/a>\u00a0para debatir soluciones alternativas. \u00a0<\/p><p><strong>Directrices para el env\u00edo de devoluciones<\/strong><\/p><ul><li>Para devoluciones iniciadas por \u201ccambio de opini\u00f3n\u201d o errores ajenos a gtartistoo, usted es responsable de todos los gastos de env\u00edo asociados a la devoluci\u00f3n del art\u00edculo. Estos gastos no son reembolsables. \u00a0<\/li><li>Recomendamos encarecidamente utilizar un <strong>servicio de env\u00edo con seguimiento<\/strong>(por ejemplo, DHL, FedEx o correo certificado local) y contratar un seguro de env\u00edo para los art\u00edculos de gran valor, lo que le permitir\u00e1 controlar el estado del tr\u00e1nsito y protegerse contra p\u00e9rdidas o da\u00f1os. \u00a0<\/li><\/ul><p><strong>Direcci\u00f3n de devoluci\u00f3n autorizada<\/strong><\/p><p>Siga la direcci\u00f3n de devoluci\u00f3n facilitada por nuestro equipo de atenci\u00f3n al cliente. \u00a0<\/p><p>Una vez confirmada su solicitud de devoluci\u00f3n, nuestro equipo de atenci\u00f3n al cliente le enviar\u00e1 la direcci\u00f3n de devoluci\u00f3n espec\u00edfica por correo electr\u00f3nico (las direcciones de devoluci\u00f3n pueden variar seg\u00fan la regi\u00f3n para garantizar un procesamiento eficaz). No realices env\u00edos a direcciones no confirmadas, ya que podr\u00edan retrasarse los tr\u00e1mites o perderse art\u00edculos, por lo que gtartistoo no se har\u00e1 responsable.<\/p><p>Si tiene m\u00e1s preguntas sobre devoluciones o reembolsos, env\u00edenos un correo electr\u00f3nico a <a href=\"mailto:service@gtartistoo.com\"><strong>service@gtartistoo.com<\/strong><\/a>-Nuestro equipo de atenci\u00f3n al cliente estar\u00e1 encantado de ayudarle.<\/p>\n\t\t\t\t\t<\/div>\n\t\t\t\t\t\t<\/div>\n\t\t\t\t<\/div>\n\t\t\t\t<\/div>\n\t\t\t\t\t<\/div>\n\t\t\t\t<\/div>\n\t\t\t\t<\/div>","protected":false},"excerpt":{"rendered":"<p>gtartistoo Return &amp; Refund Policy gtartistoo offers a 30-day return policy for all orders placed on our official website, and<\/p>","protected":false},"author":1,"featured_media":0,"parent":0,"menu_order":0,"comment_status":"closed","ping_status":"closed","template":"","meta":{"footnotes":""},"class_list":["post-13","page","type-page","status-publish","hentry"],"yoast_head":"<!-- This site is optimized with the Yoast SEO Premium plugin v26.2 (Yoast SEO v26.2) - https:\/\/yoast.com\/wordpress\/plugins\/seo\/ -->\n<title>Refund &amp; Returns - gtartistoo.com<\/title>\n<meta name=\"robots\" content=\"noindex, nofollow\" \/>\n<meta property=\"og:locale\" content=\"es_ES\" \/>\n<meta property=\"og:type\" content=\"article\" \/>\n<meta property=\"og:title\" content=\"Refund &amp; Returns\" \/>\n<meta property=\"og:description\" content=\"gtartistoo Return &amp; Refund Policy gtartistoo offers a 30-day return policy for all orders placed on our official website, and\" \/>\n<meta property=\"og:url\" content=\"https:\/\/gtartistoo.com\/es\/devoluciones-reembolsos\/\" \/>\n<meta property=\"og:site_name\" content=\"gtartistoo.com\" \/>\n<meta property=\"article:modified_time\" content=\"2026-01-12T07:18:10+00:00\" \/>\n<meta name=\"twitter:card\" content=\"summary_large_image\" \/>\n<meta name=\"twitter:label1\" content=\"Tiempo de lectura\" \/>\n\t<meta name=\"twitter:data1\" content=\"4 minutos\" \/>\n<script type=\"application\/ld+json\" class=\"yoast-schema-graph\">{\"@context\":\"https:\/\/schema.org\",\"@graph\":[{\"@type\":\"WebPage\",\"@id\":\"https:\/\/gtartistoo.com\/returns-refunds\/\",\"url\":\"https:\/\/gtartistoo.com\/returns-refunds\/\",\"name\":\"Refund & Returns - gtartistoo.com\",\"isPartOf\":{\"@id\":\"https:\/\/gtartistoo.com\/#website\"},\"datePublished\":\"2025-10-20T09:21:27+00:00\",\"dateModified\":\"2026-01-12T07:18:10+00:00\",\"breadcrumb\":{\"@id\":\"https:\/\/gtartistoo.com\/returns-refunds\/#breadcrumb\"},\"inLanguage\":\"es\",\"potentialAction\":[{\"@type\":\"ReadAction\",\"target\":[\"https:\/\/gtartistoo.com\/returns-refunds\/\"]}]},{\"@type\":\"BreadcrumbList\",\"@id\":\"https:\/\/gtartistoo.com\/returns-refunds\/#breadcrumb\",\"itemListElement\":[{\"@type\":\"ListItem\",\"position\":1,\"name\":\"Home\",\"item\":\"https:\/\/gtartistoo.com\/\"},{\"@type\":\"ListItem\",\"position\":2,\"name\":\"Refund &#038; Returns\"}]},{\"@type\":\"WebSite\",\"@id\":\"https:\/\/gtartistoo.com\/#website\",\"url\":\"https:\/\/gtartistoo.com\/\",\"name\":\"gtartistoo.com\",\"description\":\"\",\"publisher\":{\"@id\":\"https:\/\/gtartistoo.com\/#organization\"},\"potentialAction\":[{\"@type\":\"SearchAction\",\"target\":{\"@type\":\"EntryPoint\",\"urlTemplate\":\"https:\/\/gtartistoo.com\/?s={search_term_string}\"},\"query-input\":{\"@type\":\"PropertyValueSpecification\",\"valueRequired\":true,\"valueName\":\"search_term_string\"}}],\"inLanguage\":\"es\"},{\"@type\":\"Organization\",\"@id\":\"https:\/\/gtartistoo.com\/#organization\",\"name\":\"gtartistoo.com\",\"url\":\"https:\/\/gtartistoo.com\/\",\"logo\":{\"@type\":\"ImageObject\",\"inLanguage\":\"es\",\"@id\":\"https:\/\/gtartistoo.com\/#\/schema\/logo\/image\/\",\"url\":\"https:\/\/gtartistoo.com\/wp-content\/uploads\/2025\/10\/logo.svg\",\"contentUrl\":\"https:\/\/gtartistoo.com\/wp-content\/uploads\/2025\/10\/logo.svg\",\"width\":369,\"height\":124,\"caption\":\"gtartistoo.com\"},\"image\":{\"@id\":\"https:\/\/gtartistoo.com\/#\/schema\/logo\/image\/\"}}]}<\/script>\n<!-- \/ Yoast SEO Premium plugin. -->","yoast_head_json":{"title":"Reembolsos y devoluciones - gtartistoo.com","robots":{"index":"noindex","follow":"nofollow"},"og_locale":"es_ES","og_type":"article","og_title":"Refund & Returns","og_description":"gtartistoo Return &amp; Refund Policy gtartistoo offers a 30-day return policy for all orders placed on our official website, and","og_url":"https:\/\/gtartistoo.com\/es\/devoluciones-reembolsos\/","og_site_name":"gtartistoo.com","article_modified_time":"2026-01-12T07:18:10+00:00","twitter_card":"summary_large_image","twitter_misc":{"Tiempo de lectura":"4 minutos"},"schema":{"@context":"https:\/\/schema.org","@graph":[{"@type":"WebPage","@id":"https:\/\/gtartistoo.com\/returns-refunds\/","url":"https:\/\/gtartistoo.com\/returns-refunds\/","name":"Reembolsos y devoluciones - gtartistoo.com","isPartOf":{"@id":"https:\/\/gtartistoo.com\/#website"},"datePublished":"2025-10-20T09:21:27+00:00","dateModified":"2026-01-12T07:18:10+00:00","breadcrumb":{"@id":"https:\/\/gtartistoo.com\/returns-refunds\/#breadcrumb"},"inLanguage":"es","potentialAction":[{"@type":"ReadAction","target":["https:\/\/gtartistoo.com\/returns-refunds\/"]}]},{"@type":"BreadcrumbList","@id":"https:\/\/gtartistoo.com\/returns-refunds\/#breadcrumb","itemListElement":[{"@type":"ListItem","position":1,"name":"Home","item":"https:\/\/gtartistoo.com\/"},{"@type":"ListItem","position":2,"name":"Refund &#038; Returns"}]},{"@type":"WebSite","@id":"https:\/\/gtartistoo.com\/#website","url":"https:\/\/gtartistoo.com\/","name":"gtartistoo.com","description":"","publisher":{"@id":"https:\/\/gtartistoo.com\/#organization"},"potentialAction":[{"@type":"SearchAction","target":{"@type":"EntryPoint","urlTemplate":"https:\/\/gtartistoo.com\/?s={search_term_string}"},"query-input":{"@type":"PropertyValueSpecification","valueRequired":true,"valueName":"search_term_string"}}],"inLanguage":"es"},{"@type":"Organization","@id":"https:\/\/gtartistoo.com\/#organization","name":"gtartistoo.com","url":"https:\/\/gtartistoo.com\/","logo":{"@type":"ImageObject","inLanguage":"es","@id":"https:\/\/gtartistoo.com\/#\/schema\/logo\/image\/","url":"https:\/\/gtartistoo.com\/wp-content\/uploads\/2025\/10\/logo.svg","contentUrl":"https:\/\/gtartistoo.com\/wp-content\/uploads\/2025\/10\/logo.svg","width":369,"height":124,"caption":"gtartistoo.com"},"image":{"@id":"https:\/\/gtartistoo.com\/#\/schema\/logo\/image\/"}}]}},"_hostinger_reach_plugin_has_subscription_block":false,"_hostinger_reach_plugin_is_elementor":false,"_links":{"self":[{"href":"https:\/\/gtartistoo.com\/es\/wp-json\/wp\/v2\/pages\/13","targetHints":{"allow":["GET"]}}],"collection":[{"href":"https:\/\/gtartistoo.com\/es\/wp-json\/wp\/v2\/pages"}],"about":[{"href":"https:\/\/gtartistoo.com\/es\/wp-json\/wp\/v2\/types\/page"}],"author":[{"embeddable":true,"href":"https:\/\/gtartistoo.com\/es\/wp-json\/wp\/v2\/users\/1"}],"replies":[{"embeddable":true,"href":"https:\/\/gtartistoo.com\/es\/wp-json\/wp\/v2\/comments?post=13"}],"version-history":[{"count":23,"href":"https:\/\/gtartistoo.com\/es\/wp-json\/wp\/v2\/pages\/13\/revisions"}],"predecessor-version":[{"id":30551,"href":"https:\/\/gtartistoo.com\/es\/wp-json\/wp\/v2\/pages\/13\/revisions\/30551"}],"wp:attachment":[{"href":"https:\/\/gtartistoo.com\/es\/wp-json\/wp\/v2\/media?parent=13"}],"curies":[{"name":"wp","href":"https:\/\/api.w.org\/{rel}","templated":true}]}}