{"id":29511,"date":"2025-10-21T05:15:05","date_gmt":"2025-10-21T05:15:05","guid":{"rendered":"https:\/\/gtartistoo.com\/?page_id=29511"},"modified":"2026-01-14T01:33:40","modified_gmt":"2026-01-14T01:33:40","slug":"politica-de-envios","status":"publish","type":"page","link":"https:\/\/gtartistoo.com\/es\/politica-de-envios\/","title":{"rendered":"Pol\u00edtica de env\u00edos"},"content":{"rendered":"<div data-elementor-type=\"wp-page\" data-elementor-id=\"29511\" class=\"elementor elementor-29511\" data-elementor-post-type=\"page\">\n\t\t\t\t<div class=\"wd-negative-gap elementor-element elementor-element-b841402 e-flex e-con-boxed e-con e-parent\" data-id=\"b841402\" data-element_type=\"container\" data-e-type=\"container\" data-settings=\"{&quot;ekit_has_onepagescroll_dot&quot;:&quot;yes&quot;}\">\n\t\t\t\t\t<div class=\"e-con-inner\">\n\t\t<div class=\"elementor-element elementor-element-1de0686 e-con-full e-flex e-con e-child\" data-id=\"1de0686\" data-element_type=\"container\" data-e-type=\"container\" data-settings=\"{&quot;ekit_has_onepagescroll_dot&quot;:&quot;yes&quot;}\">\n\t\t\t\t<div class=\"elementor-element elementor-element-ea8bb0b elementor-widget elementor-widget-wd_text_block\" data-id=\"ea8bb0b\" data-element_type=\"widget\" data-e-type=\"widget\" data-settings=\"{&quot;ekit_we_effect_on&quot;:&quot;none&quot;}\" data-widget_type=\"wd_text_block.default\">\n\t\t\t\t<div class=\"elementor-widget-container\">\n\t\t\t\t\t\t\t<div class=\"wd-text-block reset-last-child text-left\">\n\t\t\t\n\t\t\t<h3><strong><b>Pol\u00edtica de env\u00edos de gtartistoo<\/b><\/strong><\/h3>\n\t\t\t\t\t<\/div>\n\t\t\t\t\t\t<\/div>\n\t\t\t\t<\/div>\n\t\t\t\t<\/div>\n\t\t<div class=\"elementor-element elementor-element-a985542 e-con-full e-flex e-con e-child\" data-id=\"a985542\" data-element_type=\"container\" data-e-type=\"container\" data-settings=\"{&quot;ekit_has_onepagescroll_dot&quot;:&quot;yes&quot;}\">\n\t\t\t\t<div class=\"elementor-element elementor-element-e4891bc elementor-widget elementor-widget-wd_text_block\" data-id=\"e4891bc\" data-element_type=\"widget\" data-e-type=\"widget\" data-settings=\"{&quot;ekit_we_effect_on&quot;:&quot;none&quot;}\" data-widget_type=\"wd_text_block.default\">\n\t\t\t\t<div class=\"elementor-widget-container\">\n\t\t\t\t\t\t\t<div class=\"wd-text-block reset-last-child text-left color-title\">\n\t\t\t\n\t\t\t<h3><strong><b>1. <\/b><\/strong><strong><b>\u00bfA d\u00f3nde podemos realizar env\u00edos?<\/b><\/strong><\/h3><p>Nuestro tiempo de env\u00edo est\u00e1ndar es de 6-14 d\u00edas laborables. \u00a1Muchas gracias por su apoyo y comprensi\u00f3n!<\/p><h4><strong><b>Pa\u00edses a los que se puede enviar<\/b><\/strong><\/h4><p>A continuaci\u00f3n encontrar\u00e1 una lista de los pa\u00edses a los que actualmente realizamos env\u00edos:<\/p><p><strong>Norteam\u00e9rica<\/strong>: Canad\u00e1, M\u00e9xico, Estados Unidos (US)<\/p><p><strong>Europa<\/strong>: Alemania, Austria, B\u00e9lgica, Bulgaria, Chipre, Croacia, Dinamarca, Eslovaquia, Eslovenia, Espa\u00f1a, Estonia, Finlandia, Francia, Grecia, Hungr\u00eda, Irlanda, Italia, Letonia, Lituania, Luxemburgo, Malta, Pa\u00edses Bajos, Polonia, Portugal, Reino Unido, Rep\u00fablica Checa, Ruman\u00eda y Suecia.&nbsp;<\/p><h3><strong><b>2. \u00bfCu\u00e1les son los gastos de env\u00edo?<\/b><\/strong><\/h3><p>Los clientes que realicen compras superiores a $99 (o el valor equivalente en otras divisas) tendr\u00e1n derecho a env\u00edo gratuito.<\/p><h3><strong><b>3. \u00bfCu\u00e1l es el plazo de entrega?<\/b><\/strong><\/h3><p>El plazo de entrega del pedido se divide en dos partes:<\/p><p>- <strong>Tiempo de tramitaci\u00f3n (2-3 d\u00edas laborables)<\/strong>: Todos los pedidos se tramitan en 24 horas. Se le enviar\u00e1 una confirmaci\u00f3n del pedido en los 10 minutos siguientes a la realizaci\u00f3n del mismo. Adem\u00e1s, necesitamos 1-2 d\u00edas laborables para inspeccionar y embalar los productos antes de enviarlos, asegur\u00e1ndonos de que todo est\u00e1 en buenas condiciones.<\/p><p>- <strong>Plazo de env\u00edo (4-11 d\u00edas laborables)<\/strong>: Despu\u00e9s de procesarse y salir del almac\u00e9n, los pedidos suelen tardar entre 4 y 11 d\u00edas laborables en llegar a su destino. Tenga en cuenta que los dispositivos inal\u00e1mbricos o las bater\u00edas son art\u00edculos especiales (debido a las normas de env\u00edo) y suelen tardar entre 8 y 18 d\u00edas en llegar.<\/p><p><strong>Nota<\/strong>: Estos plazos son estimaciones y no est\u00e1n garantizados. No reembolsaremos los gastos de env\u00edo urgente de los paquetes que no cumplan la fecha de entrega estimada, ni los gastos de env\u00edo de los art\u00edculos devueltos. Si tiene alguna pregunta sobre el env\u00edo o la entrega, p\u00f3ngase en contacto con nuestro equipo de Atenci\u00f3n al cliente.<\/p><h3><strong><b>4. \u00bfTendr\u00e9 que pagar derechos de aduana o impuestos por mis pedidos?<\/b><\/strong><\/h3><p>Es posible que los clientes de algunos pa\u00edses europeos (por ejemplo, Alemania, Italia y Reino Unido) y de Canad\u00e1 tengan que pagar derechos de aduana, el impuesto sobre el valor a\u00f1adido (IVA) u otros impuestos aplicables, en funci\u00f3n de la normativa sobre derechos e impuestos de su pa\u00eds.<\/p>\n\t\t\t\t\t<\/div>\n\t\t\t\t\t\t<\/div>\n\t\t\t\t<\/div>\n\t\t\t\t<\/div>\n\t\t\t\t\t<\/div>\n\t\t\t\t<\/div>\n\t\t\t\t<\/div>","protected":false},"excerpt":{"rendered":"<p>Pol\u00edtica de env\u00edos de gtartistoo 1. \u00bfA d\u00f3nde podemos enviar? Nuestro tiempo de env\u00edo est\u00e1ndar es de 6-14 d\u00edas laborables. Muchas Gracias<\/p>","protected":false},"author":1,"featured_media":0,"parent":0,"menu_order":0,"comment_status":"closed","ping_status":"closed","template":"","meta":{"footnotes":""},"class_list":["post-29511","page","type-page","status-publish","hentry"],"yoast_head":"<!-- This site is optimized with the Yoast SEO Premium plugin v26.2 (Yoast SEO v26.2) - https:\/\/yoast.com\/wordpress\/plugins\/seo\/ -->\n<title>Shipping Policy - gtartistoo.com<\/title>\n<meta name=\"robots\" content=\"noindex, nofollow\" \/>\n<meta property=\"og:locale\" content=\"es_ES\" \/>\n<meta property=\"og:type\" content=\"article\" \/>\n<meta property=\"og:title\" content=\"Shipping Policy\" \/>\n<meta property=\"og:description\" content=\"gtartistoo\u00a0Shipping Policy 1. Where we can ship to? Our standard shipping time is 6-14 working days. Thank you very much\" \/>\n<meta property=\"og:url\" content=\"https:\/\/gtartistoo.com\/es\/politica-de-envios\/\" \/>\n<meta property=\"og:site_name\" content=\"gtartistoo.com\" \/>\n<meta property=\"article:modified_time\" content=\"2026-01-14T01:33:40+00:00\" \/>\n<meta name=\"twitter:card\" content=\"summary_large_image\" \/>\n<meta name=\"twitter:label1\" content=\"Tiempo de lectura\" \/>\n\t<meta name=\"twitter:data1\" content=\"2 minutos\" \/>\n<script type=\"application\/ld+json\" class=\"yoast-schema-graph\">{\"@context\":\"https:\/\/schema.org\",\"@graph\":[{\"@type\":\"WebPage\",\"@id\":\"https:\/\/gtartistoo.com\/shipping-policy\/\",\"url\":\"https:\/\/gtartistoo.com\/shipping-policy\/\",\"name\":\"Shipping Policy - gtartistoo.com\",\"isPartOf\":{\"@id\":\"https:\/\/gtartistoo.com\/#website\"},\"datePublished\":\"2025-10-21T05:15:05+00:00\",\"dateModified\":\"2026-01-14T01:33:40+00:00\",\"breadcrumb\":{\"@id\":\"https:\/\/gtartistoo.com\/shipping-policy\/#breadcrumb\"},\"inLanguage\":\"es\",\"potentialAction\":[{\"@type\":\"ReadAction\",\"target\":[\"https:\/\/gtartistoo.com\/shipping-policy\/\"]}]},{\"@type\":\"BreadcrumbList\",\"@id\":\"https:\/\/gtartistoo.com\/shipping-policy\/#breadcrumb\",\"itemListElement\":[{\"@type\":\"ListItem\",\"position\":1,\"name\":\"Home\",\"item\":\"https:\/\/gtartistoo.com\/\"},{\"@type\":\"ListItem\",\"position\":2,\"name\":\"Shipping Policy\"}]},{\"@type\":\"WebSite\",\"@id\":\"https:\/\/gtartistoo.com\/#website\",\"url\":\"https:\/\/gtartistoo.com\/\",\"name\":\"gtartistoo.com\",\"description\":\"\",\"publisher\":{\"@id\":\"https:\/\/gtartistoo.com\/#organization\"},\"potentialAction\":[{\"@type\":\"SearchAction\",\"target\":{\"@type\":\"EntryPoint\",\"urlTemplate\":\"https:\/\/gtartistoo.com\/?s={search_term_string}\"},\"query-input\":{\"@type\":\"PropertyValueSpecification\",\"valueRequired\":true,\"valueName\":\"search_term_string\"}}],\"inLanguage\":\"es\"},{\"@type\":\"Organization\",\"@id\":\"https:\/\/gtartistoo.com\/#organization\",\"name\":\"gtartistoo.com\",\"url\":\"https:\/\/gtartistoo.com\/\",\"logo\":{\"@type\":\"ImageObject\",\"inLanguage\":\"es\",\"@id\":\"https:\/\/gtartistoo.com\/#\/schema\/logo\/image\/\",\"url\":\"https:\/\/gtartistoo.com\/wp-content\/uploads\/2025\/10\/logo.svg\",\"contentUrl\":\"https:\/\/gtartistoo.com\/wp-content\/uploads\/2025\/10\/logo.svg\",\"width\":369,\"height\":124,\"caption\":\"gtartistoo.com\"},\"image\":{\"@id\":\"https:\/\/gtartistoo.com\/#\/schema\/logo\/image\/\"}}]}<\/script>\n<!-- \/ Yoast SEO Premium plugin. -->","yoast_head_json":{"title":"Pol\u00edtica de env\u00edos - gtartistoo.com","robots":{"index":"noindex","follow":"nofollow"},"og_locale":"es_ES","og_type":"article","og_title":"Shipping Policy","og_description":"gtartistoo\u00a0Shipping Policy 1. Where we can ship to? Our standard shipping time is 6-14 working days. Thank you very much","og_url":"https:\/\/gtartistoo.com\/es\/politica-de-envios\/","og_site_name":"gtartistoo.com","article_modified_time":"2026-01-14T01:33:40+00:00","twitter_card":"summary_large_image","twitter_misc":{"Tiempo de lectura":"2 minutos"},"schema":{"@context":"https:\/\/schema.org","@graph":[{"@type":"WebPage","@id":"https:\/\/gtartistoo.com\/shipping-policy\/","url":"https:\/\/gtartistoo.com\/shipping-policy\/","name":"Pol\u00edtica de env\u00edos - gtartistoo.com","isPartOf":{"@id":"https:\/\/gtartistoo.com\/#website"},"datePublished":"2025-10-21T05:15:05+00:00","dateModified":"2026-01-14T01:33:40+00:00","breadcrumb":{"@id":"https:\/\/gtartistoo.com\/shipping-policy\/#breadcrumb"},"inLanguage":"es","potentialAction":[{"@type":"ReadAction","target":["https:\/\/gtartistoo.com\/shipping-policy\/"]}]},{"@type":"BreadcrumbList","@id":"https:\/\/gtartistoo.com\/shipping-policy\/#breadcrumb","itemListElement":[{"@type":"ListItem","position":1,"name":"Home","item":"https:\/\/gtartistoo.com\/"},{"@type":"ListItem","position":2,"name":"Shipping Policy"}]},{"@type":"WebSite","@id":"https:\/\/gtartistoo.com\/#website","url":"https:\/\/gtartistoo.com\/","name":"gtartistoo.com","description":"","publisher":{"@id":"https:\/\/gtartistoo.com\/#organization"},"potentialAction":[{"@type":"SearchAction","target":{"@type":"EntryPoint","urlTemplate":"https:\/\/gtartistoo.com\/?s={search_term_string}"},"query-input":{"@type":"PropertyValueSpecification","valueRequired":true,"valueName":"search_term_string"}}],"inLanguage":"es"},{"@type":"Organization","@id":"https:\/\/gtartistoo.com\/#organization","name":"gtartistoo.com","url":"https:\/\/gtartistoo.com\/","logo":{"@type":"ImageObject","inLanguage":"es","@id":"https:\/\/gtartistoo.com\/#\/schema\/logo\/image\/","url":"https:\/\/gtartistoo.com\/wp-content\/uploads\/2025\/10\/logo.svg","contentUrl":"https:\/\/gtartistoo.com\/wp-content\/uploads\/2025\/10\/logo.svg","width":369,"height":124,"caption":"gtartistoo.com"},"image":{"@id":"https:\/\/gtartistoo.com\/#\/schema\/logo\/image\/"}}]}},"_hostinger_reach_plugin_has_subscription_block":false,"_hostinger_reach_plugin_is_elementor":false,"_links":{"self":[{"href":"https:\/\/gtartistoo.com\/es\/wp-json\/wp\/v2\/pages\/29511","targetHints":{"allow":["GET"]}}],"collection":[{"href":"https:\/\/gtartistoo.com\/es\/wp-json\/wp\/v2\/pages"}],"about":[{"href":"https:\/\/gtartistoo.com\/es\/wp-json\/wp\/v2\/types\/page"}],"author":[{"embeddable":true,"href":"https:\/\/gtartistoo.com\/es\/wp-json\/wp\/v2\/users\/1"}],"replies":[{"embeddable":true,"href":"https:\/\/gtartistoo.com\/es\/wp-json\/wp\/v2\/comments?post=29511"}],"version-history":[{"count":34,"href":"https:\/\/gtartistoo.com\/es\/wp-json\/wp\/v2\/pages\/29511\/revisions"}],"predecessor-version":[{"id":31302,"href":"https:\/\/gtartistoo.com\/es\/wp-json\/wp\/v2\/pages\/29511\/revisions\/31302"}],"wp:attachment":[{"href":"https:\/\/gtartistoo.com\/es\/wp-json\/wp\/v2\/media?parent=29511"}],"curies":[{"name":"wp","href":"https:\/\/api.w.org\/{rel}","templated":true}]}}