{"id":29642,"date":"2025-10-23T08:46:56","date_gmt":"2025-10-23T08:46:56","guid":{"rendered":"https:\/\/gtartistoo.com\/?page_id=29642"},"modified":"2026-01-12T06:56:41","modified_gmt":"2026-01-12T06:56:41","slug":"certificacion-de-productos","status":"publish","type":"page","link":"https:\/\/gtartistoo.com\/es\/certificacion-de-productos\/","title":{"rendered":"Certificaci\u00f3n de productos"},"content":{"rendered":"<div data-elementor-type=\"wp-page\" data-elementor-id=\"29642\" class=\"elementor elementor-29642\" data-elementor-post-type=\"page\">\n\t\t\t\t<div class=\"wd-negative-gap elementor-element elementor-element-69b3f35 e-flex e-con-boxed e-con e-parent\" data-id=\"69b3f35\" data-element_type=\"container\" data-e-type=\"container\" data-settings=\"{&quot;ekit_has_onepagescroll_dot&quot;:&quot;yes&quot;}\">\n\t\t\t\t\t<div class=\"e-con-inner\">\n\t\t\t\t<div class=\"elementor-element elementor-element-83fc12b color-scheme-inherit text-left elementor-widget elementor-widget-text-editor\" data-id=\"83fc12b\" data-element_type=\"widget\" data-e-type=\"widget\" data-settings=\"{&quot;ekit_we_effect_on&quot;:&quot;none&quot;}\" data-widget_type=\"text-editor.default\">\n\t\t\t\t\t\t\t\t\t<div style=\"font-family: Arial, sans-serif; color: #000; line-height: 1.8; font-size: 16px;  margin: auto;\">\n\n  <h2 style=\"font-size: 28px; color: #000; text-align: center; margin-bottom: 20px;\">Certificaci\u00f3n de productos<\/h2>\n\n  <p style=\"text-align: justify;\">Nuestra <strong>\u201cGTARTISTOO\u201d<\/strong> cuentan con certificaciones autorizadas en varias regiones y normas de conformidad, lo que garantiza el cumplimiento de la legislaci\u00f3n, la calidad fiable de los productos y la seguridad para los usuarios de todo el mundo. Puede acceder a las copias electr\u00f3nicas de los certificados originales a trav\u00e9s de los enlaces de descarga disponibles en cada secci\u00f3n de certificaci\u00f3n.<\/p>\n\n  <hr style=\"border: none; border-top: 2px solid #eee; margin: 40px 0;\">\n\n  <h3 style=\"font-size: 22px; color: #000;\">1. Registros de marcas<\/h3>\n\n  <div style=\"background-color: #fafafa; padding: 25px; border-radius: 10px; box-shadow: 0 2px 6px rgba(0,0,0,0.05); margin-top: 20px;\">\n    <h4 style=\"color: #000; margin-top: 0;\">Reino Unido e Irlanda del Norte<\/h4>\n    <ul>\n      <li>N\u00famero de registro <strong>UK00004166746<\/strong><\/li>\n      <li>Fecha de entrada en vigor: 28 de febrero de 2025<\/li>\n      <li>Fecha de inscripci\u00f3n: 23 de mayo de 2025<\/li>\n      <li>Clases cubiertas:<\/li>\n      <ul>\n        <li>Clase 2: Tintas para tatuajes, tintes para tatuajes, pinturas para artes y oficios (acuarelas, \u00f3leos), tintas de imprenta para la industria de las artes gr\u00e1ficas, pigmentos colorantes, pinturas para artistas, tintas para vendajes cut\u00e1neos, etc.<\/li>\n        <li>Clase 8: Herramientas manuales para cuidados de belleza, aparatos\/agujas de tatuaje, instrumentos est\u00e9riles de perforaci\u00f3n corporal, aparatos de depilaci\u00f3n l\u00e1ser (fines no m\u00e9dicos), juegos de manicura el\u00e9ctricos, maquinillas de afeitar, herramientas de manicura y pedicura, herramientas de arte corporal, etc.<\/li>\n      <\/ul>\n    <\/ul>\n    <a href=\"https:\/\/gtartistoo.com\/wp-content\/uploads\/2025\/10\/GTARTISTOO-UK-Trademark-Certificate.pdf\" style=\"display:inline-block; margin-top:10px; padding:10px 22px; background-color:#555; color:#fff; border-radius:6px; text-decoration:none;\">Descargar el certificado de marca brit\u00e1nica<\/a>\n  <\/div>\n\n  <div style=\"background-color: #fafafa; padding: 25px; border-radius: 10px; box-shadow: 0 2px 6px rgba(0,0,0,0.05); margin-top: 30px;\">\n    <h4 style=\"color: #000; margin-top: 0;\">Estados Unidos<\/h4>\n    <ul>\n      <li>N\u00famero de registro <strong>7,664,645<\/strong><\/li>\n      <li>Fecha de inscripci\u00f3n: 21 de enero de 2025<\/li>\n      <li>Fecha de primer uso: 20 de septiembre de 2023 (primer uso en el comercio)<\/li>\n      <li>Clase cubierta: Clase 2<\/li>\n      <li>Los productos incluyen pigmentos de color, sets de pintura para artistas, pinturas para manualidades, colores\/tintes\/tintas para tatuajes y pinturas para acuarelas.<\/li>\n    <\/ul>\n    <a href=\"https:\/\/gtartistoo.com\/wp-content\/uploads\/2025\/10\/GTARTISTOO-US-Certificate-98141997.pdf\" style=\"display:inline-block; margin-top:10px; padding:10px 22px; background-color:#555; color:#fff; border-radius:6px; text-decoration:none;\">Descargar el certificado de marca estadounidense<\/a>\n  <\/div>\n\n  <div style=\"background-color: #fafafa; padding: 25px; border-radius: 10px; box-shadow: 0 2px 6px rgba(0,0,0,0.05); margin-top: 30px;\">\n    <h4 style=\"color: #000; margin-top: 0;\">Uni\u00f3n Europea<\/h4>\n    <ul>\n      <li>N\u00famero de registro <strong>018922793<\/strong><\/li>\n      <li>Fecha de registro: 21 de diciembre de 2023<\/li>\n      <li>Periodo de validez: Expira el 7 de septiembre de 2033<\/li>\n      <li>Clases cubiertas:<\/li>\n      <ul>\n        <li>Clase 2: Tintas\/tintes\/colores para tatuajes, pinturas para artes y oficios (acuarelas, \u00f3leos), tintas de impresi\u00f3n para la industria de las artes gr\u00e1ficas, pigmentos de color, pinturas para artistas, tintas para vendajes cut\u00e1neos, etc.<\/li>\n        <li>Clase 8: Herramientas manuales para cuidados de belleza, aparatos\/agujas de tatuaje, instrumentos est\u00e9riles de perforaci\u00f3n corporal, aparatos de depilaci\u00f3n l\u00e1ser (fines no m\u00e9dicos), juegos de manicura el\u00e9ctricos, maquinillas de afeitar, herramientas de manicura y pedicura, herramientas de arte corporal, etc.<\/li>\n      <\/ul>\n    <\/ul>\n    <a href=\"https:\/\/gtartistoo.com\/wp-content\/uploads\/2025\/10\/018922793-GTARTISTOO-EU-Certificate.pdf\" style=\"display:inline-block; margin-top:10px; padding:10px 22px; background-color:#555; color:#fff; border-radius:6px; text-decoration:none;\">Descargar el certificado de marca comunitaria<\/a>\n  <\/div>\n\n  <hr style=\"border: none; border-top: 2px solid #eee; margin: 50px 0;\">\n\n  <h3 style=\"font-size: 22px; color: #000;\">2. Certificaci\u00f3n de conformidad ROHS<\/h3>\n\n  <div style=\"background-color: #fafafa; padding: 25px; border-radius: 10px; box-shadow: 0 2px 6px rgba(0,0,0,0.05); margin-top: 20px;\">\n    <ul>\n      <li>Certificado No: <strong>AZT250609118C-EV0<\/strong><\/li>\n      <li>Fecha de emisi\u00f3n: 13 de junio de 2025<\/li>\n      <li>Organismo de certificaci\u00f3n: Shenzhen AZT Technology Co.<\/li>\n      <li>Norma de conformidad: Cumple la Directiva RoHS 2011\/65\/UE Anexo II (modificada por la Directiva (UE) 2015\/863) - que restringe el uso de determinadas sustancias peligrosas en aparatos el\u00e9ctricos y electr\u00f3nicos.<\/li>\n      <li>M\u00e9todos de ensayo: IEC 62321-5:2013; IEC 62321-4:2013+AMD1:2017 CSV; IEC 62321-6:2015; IEC 62321-7-2:2017; IEC 62321-8:2017<\/li>\n      <li>Productos cubiertos: Tinta de tatuaje GTARTISTOO (Modelos: 14 colores 15ml, 14 colores 30ml, 60ml negro, 120ml negro)<\/li>\n    <\/ul>\n    <a href=\"https:\/\/gtartistoo.com\/wp-content\/uploads\/2025\/10\/AZT250609118C-EV0-TattooInk-cert-ROHS.pdf\" style=\"display:inline-block; margin-top:10px; padding:10px 22px; background-color:#555; color:#fff; border-radius:6px; text-decoration:none;\">Descargar el certificado de conformidad ROHS<\/a>\n  <\/div>\n\n  <hr style=\"border: none; border-top: 2px solid #eee; margin: 50px 0;\">\n\n  <h3 style=\"font-size: 22px; color: #000;\">3. Certificaci\u00f3n de conformidad con REACH<\/h3>\n\n  <div style=\"background-color: #fafafa; padding: 25px; border-radius: 10px; box-shadow: 0 2px 6px rgba(0,0,0,0.05); margin-top: 20px;\">\n    <ul>\n      <li>N\u00ba de certificado (N\u00ba de informe de ensayo): <strong>M2510208XY-R0169<\/strong><\/li>\n      <li>Fecha de emisi\u00f3n: 22 de octubre de 2025<\/li>\n      <li>Periodo de pruebas: Del 16 de octubre de 2025 al 22 de octubre de 2025<\/li>\n      <li>Organismo de certificaci\u00f3n: Shenzhen Meiou Testing Technology Co., Ltd.<\/li>\n      <li>Norma de cumplimiento: Cumple el Reglamento (CE) n\u00ba 1907\/2006 (REACH) y sus modificaciones posteriores, basadas en la Lista de sustancias candidatas extremadamente preocupantes (SVHC) publicada por la Agencia Europea de Sustancias y Preparados Qu\u00edmicos (ECHA) - que abarca 250 sustancias altamente preocupantes (SVHC).<\/li>\n      <li>M\u00e9todos de prueba: M\u00e9todo propio (l\u00edmite de detecci\u00f3n: 0,005%)<\/li>\n      <li>Resultado de la prueba: APROBADO (No se detectaron todas las SEP de la lista de candidatos, marcadas como \u201cN.D.\u201d)<\/li>\n      <li>Productos cubiertos: Tinta de tatuaje GTARTISTOO (Modelo principal: 14 Colores 15ml; Modelos de Serie: 14 Colores 30ml, 60ml Negro, 120ml Negro, 8 Colores 15ml, 16 Colores 16ml, 300ml Negro).<\/li>\n    <\/ul>\n    <a href=\"https:\/\/gtartistoo.com\/wp-content\/uploads\/2025\/10\/M2510208XY-R0169-tattoo-ink-REACH250.pdf\" style=\"display:inline-block; margin-top:10px; padding:10px 22px; background-color:#555; color:#fff; border-radius:6px; text-decoration:none;\">Descargar el certificado de conformidad REACH<\/a>\n  <\/div>\n\n  <p style=\"margin-top: 40px; text-align: justify;\">Todas estas certificaciones est\u00e1n en manos de <strong>Yiwu Yiran E-commerce Co.<\/strong>, garantizando que nuestros productos cumplen plenamente las estrictas normas regionales e internacionales de calidad, seguridad y funcionamiento legal en los mercados mundiales.<\/p>\n\n<\/div>\t\t\t\t\t\t\t\t<\/div>\n\t\t\t\t\t<\/div>\n\t\t\t\t<\/div>\n\t\t\t\t<\/div>","protected":false},"excerpt":{"rendered":"<p>Product Certification Overview Our &#8220;GTARTISTOO&#8221; brand products hold authoritative certifications across multiple regions and compliance standards, ensuring legal compliance, reliable<\/p>","protected":false},"author":1,"featured_media":0,"parent":0,"menu_order":0,"comment_status":"closed","ping_status":"closed","template":"","meta":{"footnotes":""},"class_list":["post-29642","page","type-page","status-publish","hentry"],"yoast_head":"<!-- This site is optimized with the Yoast SEO Premium plugin v26.2 (Yoast SEO v26.2) - https:\/\/yoast.com\/wordpress\/plugins\/seo\/ -->\n<title>Tattoo Product Certifications | Safety &amp; Compliance<\/title>\n<meta name=\"description\" content=\"Learn about our tattoo product certifications and quality standards. Designed to meet professional and international compliance requirements.\" \/>\n<meta name=\"robots\" content=\"index, follow, max-snippet:-1, max-image-preview:large, max-video-preview:-1\" \/>\n<link rel=\"canonical\" href=\"https:\/\/gtartistoo.com\/es\/certificacion-de-productos\/\" \/>\n<meta property=\"og:locale\" content=\"es_ES\" \/>\n<meta property=\"og:type\" content=\"article\" \/>\n<meta property=\"og:title\" content=\"Product Certification Overview\" \/>\n<meta property=\"og:description\" content=\"Learn about our tattoo product certifications and quality standards. Designed to meet professional and international compliance requirements.\" \/>\n<meta property=\"og:url\" content=\"https:\/\/gtartistoo.com\/es\/certificacion-de-productos\/\" \/>\n<meta property=\"og:site_name\" content=\"gtartistoo.com\" \/>\n<meta property=\"article:modified_time\" content=\"2026-01-12T06:56:41+00:00\" \/>\n<meta name=\"twitter:card\" content=\"summary_large_image\" \/>\n<meta name=\"twitter:label1\" content=\"Tiempo de lectura\" \/>\n\t<meta name=\"twitter:data1\" content=\"3 minutos\" \/>\n<script type=\"application\/ld+json\" class=\"yoast-schema-graph\">{\"@context\":\"https:\/\/schema.org\",\"@graph\":[{\"@type\":\"WebPage\",\"@id\":\"https:\/\/gtartistoo.com\/product-certification-overview\/\",\"url\":\"https:\/\/gtartistoo.com\/product-certification-overview\/\",\"name\":\"Tattoo Product Certifications | Safety & Compliance\",\"isPartOf\":{\"@id\":\"https:\/\/gtartistoo.com\/#website\"},\"datePublished\":\"2025-10-23T08:46:56+00:00\",\"dateModified\":\"2026-01-12T06:56:41+00:00\",\"description\":\"Learn about our tattoo product certifications and quality standards. Designed to meet professional and international compliance requirements.\",\"breadcrumb\":{\"@id\":\"https:\/\/gtartistoo.com\/product-certification-overview\/#breadcrumb\"},\"inLanguage\":\"es\",\"potentialAction\":[{\"@type\":\"ReadAction\",\"target\":[\"https:\/\/gtartistoo.com\/product-certification-overview\/\"]}]},{\"@type\":\"BreadcrumbList\",\"@id\":\"https:\/\/gtartistoo.com\/product-certification-overview\/#breadcrumb\",\"itemListElement\":[{\"@type\":\"ListItem\",\"position\":1,\"name\":\"Home\",\"item\":\"https:\/\/gtartistoo.com\/\"},{\"@type\":\"ListItem\",\"position\":2,\"name\":\"Product Certification Overview\"}]},{\"@type\":\"WebSite\",\"@id\":\"https:\/\/gtartistoo.com\/#website\",\"url\":\"https:\/\/gtartistoo.com\/\",\"name\":\"gtartistoo.com\",\"description\":\"\",\"publisher\":{\"@id\":\"https:\/\/gtartistoo.com\/#organization\"},\"potentialAction\":[{\"@type\":\"SearchAction\",\"target\":{\"@type\":\"EntryPoint\",\"urlTemplate\":\"https:\/\/gtartistoo.com\/?s={search_term_string}\"},\"query-input\":{\"@type\":\"PropertyValueSpecification\",\"valueRequired\":true,\"valueName\":\"search_term_string\"}}],\"inLanguage\":\"es\"},{\"@type\":\"Organization\",\"@id\":\"https:\/\/gtartistoo.com\/#organization\",\"name\":\"gtartistoo.com\",\"url\":\"https:\/\/gtartistoo.com\/\",\"logo\":{\"@type\":\"ImageObject\",\"inLanguage\":\"es\",\"@id\":\"https:\/\/gtartistoo.com\/#\/schema\/logo\/image\/\",\"url\":\"https:\/\/gtartistoo.com\/wp-content\/uploads\/2025\/10\/logo.svg\",\"contentUrl\":\"https:\/\/gtartistoo.com\/wp-content\/uploads\/2025\/10\/logo.svg\",\"width\":369,\"height\":124,\"caption\":\"gtartistoo.com\"},\"image\":{\"@id\":\"https:\/\/gtartistoo.com\/#\/schema\/logo\/image\/\"}}]}<\/script>\n<!-- \/ Yoast SEO Premium plugin. -->","yoast_head_json":{"title":"Certificaciones de productos de tatuaje | Seguridad y conformidad","description":"Conozca nuestras certificaciones de productos para tatuajes y nuestras normas de calidad. Dise\u00f1ados para cumplir los requisitos profesionales e internacionales.","robots":{"index":"index","follow":"follow","max-snippet":"max-snippet:-1","max-image-preview":"max-image-preview:large","max-video-preview":"max-video-preview:-1"},"canonical":"https:\/\/gtartistoo.com\/es\/certificacion-de-productos\/","og_locale":"es_ES","og_type":"article","og_title":"Product Certification Overview","og_description":"Learn about our tattoo product certifications and quality standards. Designed to meet professional and international compliance requirements.","og_url":"https:\/\/gtartistoo.com\/es\/certificacion-de-productos\/","og_site_name":"gtartistoo.com","article_modified_time":"2026-01-12T06:56:41+00:00","twitter_card":"summary_large_image","twitter_misc":{"Tiempo de lectura":"3 minutos"},"schema":{"@context":"https:\/\/schema.org","@graph":[{"@type":"WebPage","@id":"https:\/\/gtartistoo.com\/product-certification-overview\/","url":"https:\/\/gtartistoo.com\/product-certification-overview\/","name":"Certificaciones de productos de tatuaje | Seguridad y conformidad","isPartOf":{"@id":"https:\/\/gtartistoo.com\/#website"},"datePublished":"2025-10-23T08:46:56+00:00","dateModified":"2026-01-12T06:56:41+00:00","description":"Conozca nuestras certificaciones de productos para tatuajes y nuestras normas de calidad. Dise\u00f1ados para cumplir los requisitos profesionales e internacionales.","breadcrumb":{"@id":"https:\/\/gtartistoo.com\/product-certification-overview\/#breadcrumb"},"inLanguage":"es","potentialAction":[{"@type":"ReadAction","target":["https:\/\/gtartistoo.com\/product-certification-overview\/"]}]},{"@type":"BreadcrumbList","@id":"https:\/\/gtartistoo.com\/product-certification-overview\/#breadcrumb","itemListElement":[{"@type":"ListItem","position":1,"name":"Home","item":"https:\/\/gtartistoo.com\/"},{"@type":"ListItem","position":2,"name":"Product Certification Overview"}]},{"@type":"WebSite","@id":"https:\/\/gtartistoo.com\/#website","url":"https:\/\/gtartistoo.com\/","name":"gtartistoo.com","description":"","publisher":{"@id":"https:\/\/gtartistoo.com\/#organization"},"potentialAction":[{"@type":"SearchAction","target":{"@type":"EntryPoint","urlTemplate":"https:\/\/gtartistoo.com\/?s={search_term_string}"},"query-input":{"@type":"PropertyValueSpecification","valueRequired":true,"valueName":"search_term_string"}}],"inLanguage":"es"},{"@type":"Organization","@id":"https:\/\/gtartistoo.com\/#organization","name":"gtartistoo.com","url":"https:\/\/gtartistoo.com\/","logo":{"@type":"ImageObject","inLanguage":"es","@id":"https:\/\/gtartistoo.com\/#\/schema\/logo\/image\/","url":"https:\/\/gtartistoo.com\/wp-content\/uploads\/2025\/10\/logo.svg","contentUrl":"https:\/\/gtartistoo.com\/wp-content\/uploads\/2025\/10\/logo.svg","width":369,"height":124,"caption":"gtartistoo.com"},"image":{"@id":"https:\/\/gtartistoo.com\/#\/schema\/logo\/image\/"}}]}},"_hostinger_reach_plugin_has_subscription_block":false,"_hostinger_reach_plugin_is_elementor":false,"_links":{"self":[{"href":"https:\/\/gtartistoo.com\/es\/wp-json\/wp\/v2\/pages\/29642","targetHints":{"allow":["GET"]}}],"collection":[{"href":"https:\/\/gtartistoo.com\/es\/wp-json\/wp\/v2\/pages"}],"about":[{"href":"https:\/\/gtartistoo.com\/es\/wp-json\/wp\/v2\/types\/page"}],"author":[{"embeddable":true,"href":"https:\/\/gtartistoo.com\/es\/wp-json\/wp\/v2\/users\/1"}],"replies":[{"embeddable":true,"href":"https:\/\/gtartistoo.com\/es\/wp-json\/wp\/v2\/comments?post=29642"}],"version-history":[{"count":25,"href":"https:\/\/gtartistoo.com\/es\/wp-json\/wp\/v2\/pages\/29642\/revisions"}],"predecessor-version":[{"id":29683,"href":"https:\/\/gtartistoo.com\/es\/wp-json\/wp\/v2\/pages\/29642\/revisions\/29683"}],"wp:attachment":[{"href":"https:\/\/gtartistoo.com\/es\/wp-json\/wp\/v2\/media?parent=29642"}],"curies":[{"name":"wp","href":"https:\/\/api.w.org\/{rel}","templated":true}]}}