{"id":3,"date":"2025-10-13T04:00:44","date_gmt":"2025-10-13T04:00:44","guid":{"rendered":"http:\/\/gtartistoo.com\/?page_id=3"},"modified":"2026-01-12T07:17:35","modified_gmt":"2026-01-12T07:17:35","slug":"politica-de-privacidad","status":"publish","type":"page","link":"https:\/\/gtartistoo.com\/es\/politica-de-privacidad\/","title":{"rendered":"Pol\u00edtica de privacidad"},"content":{"rendered":"<div data-elementor-type=\"wp-page\" data-elementor-id=\"3\" class=\"elementor elementor-3\" data-elementor-post-type=\"page\">\n\t\t\t\t<div class=\"wd-negative-gap elementor-element elementor-element-fa9461d e-flex e-con-boxed e-con e-parent\" data-id=\"fa9461d\" data-element_type=\"container\" data-e-type=\"container\" data-settings=\"{&quot;ekit_has_onepagescroll_dot&quot;:&quot;yes&quot;}\">\n\t\t\t\t\t<div class=\"e-con-inner\">\n\t\t\t\t<div class=\"elementor-element elementor-element-34310a4 elementor-widget elementor-widget-wd_text_block\" data-id=\"34310a4\" data-element_type=\"widget\" data-e-type=\"widget\" data-settings=\"{&quot;ekit_we_effect_on&quot;:&quot;none&quot;}\" data-widget_type=\"wd_text_block.default\">\n\t\t\t\t<div class=\"elementor-widget-container\">\n\t\t\t\t\t\t\t<div class=\"wd-text-block reset-last-child text-left color-title\">\n\t\t\t\n\t\t\t<p>Nos tomamos muy en serio su privacidad y esta declaraci\u00f3n de privacidad explica c\u00f3mo recogemos, utilizamos, compartimos y procesamos su informaci\u00f3n.<\/p><p><strong><u>Recogida y uso de datos personales<\/u><\/strong><\/p><p>Los datos personales son informaci\u00f3n que puede utilizarse para identificarle directa o indirectamente. Los datos personales tambi\u00e9n incluyen datos an\u00f3nimos que est\u00e1n vinculados a informaci\u00f3n que puede utilizarse para identificarle directa o indirectamente. Los datos personales no incluyen datos que hayan sido irreversiblemente anonimizados o agregados de modo que ya no puedan permitirnos identificarle, ya sea en combinaci\u00f3n con otra informaci\u00f3n o de otro modo.<\/p><p><strong><u>Fomentar la seguridad<\/u><\/strong><\/p><p>Respetamos los principios de legalidad, legitimidad y transparencia, utilizamos y procesamos los datos m\u00ednimos dentro de un \u00e1mbito de finalidad limitado y adoptamos medidas t\u00e9cnicas y administrativas para proteger la seguridad de los datos. Utilizamos los datos personales para ayudar a verificar las cuentas y la actividad de los usuarios, as\u00ed como para promover la seguridad y la protecci\u00f3n, por ejemplo mediante el control del fraude y la investigaci\u00f3n de actividades sospechosas o potencialmente ilegales o de infracciones de nuestras condiciones o pol\u00edticas. Este tratamiento se basa en nuestro inter\u00e9s leg\u00edtimo por contribuir a garantizar la seguridad de nuestros productos y servicios.<\/p><p>A continuaci\u00f3n se describen los tipos de datos personales que podemos recopilar y c\u00f3mo podemos utilizarlos:<\/p><p><strong><u>Qu\u00e9 datos personales recopilamos<\/u><\/strong><\/p><p>\u2160. Datos que proporciona:\u00a0<\/p><p>Recogemos los datos personales que usted nos proporciona cuando utiliza nuestros productos y servicios o interact\u00faa con nosotros de cualquier otra forma, como cuando crea una cuenta, se pone en contacto con nosotros, participa en una encuesta en l\u00ednea, utiliza nuestra ayuda en l\u00ednea o la herramienta de chat en l\u00ednea. Si realiza una compra, recopilamos datos personales relacionados con la misma. Estos datos incluyen sus datos de pago, como el n\u00famero de su tarjeta de cr\u00e9dito o d\u00e9bito y otra informaci\u00f3n de la tarjeta, y otra informaci\u00f3n de cuenta y autenticaci\u00f3n, as\u00ed como datos de facturaci\u00f3n, env\u00edo y contacto.<\/p><p>\u2161. Datos sobre el uso de nuestros servicios y productos:<\/p><p>Cuando visita nuestros sitios web, podemos recopilar datos sobre el tipo de dispositivo que utiliza, el identificador \u00fanico de su dispositivo, la direcci\u00f3n IP de su dispositivo, su sistema operativo, el tipo de navegador de Internet que utiliza, informaci\u00f3n de uso, informaci\u00f3n de diagn\u00f3stico e informaci\u00f3n de ubicaci\u00f3n de o sobre los ordenadores, tel\u00e9fonos u otros dispositivos en los que instala o accede a nuestros productos o servicios. Cuando est\u00e1n disponibles, nuestros servicios pueden utilizar el GPS, su direcci\u00f3n IP y otras tecnolog\u00edas para determinar la ubicaci\u00f3n aproximada de un dispositivo y permitirnos mejorar nuestros productos y servicios.<\/p><p><strong><u>C\u00f3mo utilizamos sus datos personales<\/u><\/strong><\/p><p>En t\u00e9rminos generales, utilizamos los datos personales para suministrar, mejorar y desarrollar nuestros productos y servicios, para comunicarnos con usted, para ofrecerle publicidad y servicios espec\u00edficos y para protegernos a nosotros y a nuestros clientes.<\/p><p>\u2160. Proporcionar, mejorar y desarrollar nuestros productos y servicios:<\/p><p>Utilizamos los datos personales para proporcionar, mejorar y desarrollar nuestros productos, servicios y publicidad. Esto incluye el uso de datos personales para fines como el an\u00e1lisis de datos, la investigaci\u00f3n y las auditor\u00edas. Dicho tratamiento se basa en nuestro inter\u00e9s leg\u00edtimo en ofrecerle productos y servicios y para la continuidad del negocio.<\/p><p>\u2161. Comunicarnos con usted:<\/p><p>Previo consentimiento expreso por su parte, podemos utilizar sus datos personales para enviarle comunicaciones de marketing relacionadas con nuestros productos y servicios, comunicarnos con usted en relaci\u00f3n con su cuenta o sus transacciones e informarle sobre nuestras pol\u00edticas y condiciones. Si no desea seguir recibiendo comunicaciones por correo electr\u00f3nico con fines de marketing, p\u00f3ngase en contacto con nosotros para darse de baja. Tambi\u00e9n podemos utilizar sus datos para procesar y responder a sus solicitudes cuando se ponga en contacto con nosotros.<\/p><p>NOTA: Para cualquiera de los usos de sus datos descritos anteriormente que requieran su consentimiento expreso previo, tenga en cuenta que puede retirar su consentimiento poni\u00e9ndose en contacto con nosotros.<\/p><p><strong><u>Definici\u00f3n de \u201cCookies\u201d<\/u><\/strong><\/p><p>Las cookies son peque\u00f1os fragmentos de texto que se utilizan para almacenar informaci\u00f3n en los navegadores web. Las cookies se utilizan ampliamente para almacenar y recibir identificadores y otra informaci\u00f3n en ordenadores, tel\u00e9fonos y otros dispositivos. Tambi\u00e9n utilizamos otras tecnolog\u00edas, incluidos los datos que almacenamos en su navegador web o dispositivo, identificadores asociados a su dispositivo y otro software, con fines similares. En esta Declaraci\u00f3n de Cookies, nos referimos a todas estas tecnolog\u00edas como \u201ccookies.\u201d<\/p><p><strong><u>Uso de cookies<\/u><\/strong><\/p><p>Utilizamos cookies para proporcionar, proteger y mejorar nuestros productos y servicios, por ejemplo personalizando contenidos, ofreciendo y midiendo anuncios, comprendiendo el comportamiento de los usuarios y proporcionando una experiencia m\u00e1s segura. Tenga en cuenta que las cookies espec\u00edficas que podemos utilizar var\u00edan en funci\u00f3n de los sitios web y servicios concretos que utilice.<\/p><p><strong><u>Ni\u00f1os<\/u><\/strong><\/p><p>Nuestros productos y servicios est\u00e1n destinados a adultos. En consecuencia, no recopilamos, utilizamos ni revelamos conscientemente datos de menores de 16 a\u00f1os. Si nos enteramos de que hemos recogido datos personales de un menor de 16 a\u00f1os, o la edad m\u00ednima equivalente seg\u00fan la jurisdicci\u00f3n, tomaremos medidas para eliminar los datos lo antes posible. P\u00f3ngase inmediatamente en contacto con nosotros si tiene conocimiento de que un menor de 16 a\u00f1os nos ha proporcionado datos personales.<\/p><p><strong><u>Sus derechos<\/u><\/strong><\/p><p>Tomamos medidas razonables para garantizar que sus datos personales sean exactos, completos y est\u00e9n actualizados. Tiene derecho a acceder a los datos personales que recopilamos, corregirlos o eliminarlos. Tambi\u00e9n tiene derecho a restringir u oponerse, en cualquier momento, al tratamiento posterior de sus datos personales. Tiene derecho a recibir sus datos personales en un formato estructurado y normalizado. Puede presentar una reclamaci\u00f3n ante la autoridad de protecci\u00f3n de datos competente en relaci\u00f3n con el tratamiento de sus datos personales.  Para proteger la privacidad y la seguridad de sus datos personales, podemos solicitarle datos que nos permitan confirmar su identidad y su derecho a acceder a dichos datos, as\u00ed como buscar y facilitarle los datos personales que conservamos. Hay casos en los que las leyes aplicables o los requisitos normativos nos permiten o exigen negarnos a proporcionar o eliminar algunos o todos los datos personales que conservamos. Puede ponerse en contacto con nosotros para ejercer sus derechos. Responderemos a su solicitud en un plazo razonable y, en cualquier caso, en menos de 30 d\u00edas.<\/p><p><strong><u>Sitios web y servicios de terceros<\/u><\/strong><\/p><p>Cuando un cliente opera un enlace a un sitio web de terceros que tiene una relaci\u00f3n con nosotros, no asumimos ninguna obligaci\u00f3n o responsabilidad por dicha pol\u00edtica debido a la pol\u00edtica de privacidad del tercero. Nuestros sitios web, productos y servicios pueden contener enlaces o la posibilidad de acceder a sitios web, productos y servicios de terceros. No somos responsables de las pr\u00e1cticas de privacidad empleadas por dichos terceros, ni de la informaci\u00f3n o el contenido de sus productos y servicios. Esta Declaraci\u00f3n de Privacidad se aplica \u00fanicamente a los datos recogidos por nosotros a trav\u00e9s de nuestros productos y servicios. Le recomendamos que lea las pol\u00edticas de privacidad de terceros antes de utilizar sus sitios web, productos o servicios.<\/p><p><strong><u>Seguridad, integridad y conservaci\u00f3n de datos<\/u><\/strong><\/p><p>Utilizamos medidas de seguridad t\u00e9cnicas, administrativas y f\u00edsicas razonables dise\u00f1adas para salvaguardar y ayudar a prevenir el acceso no autorizado a sus datos, y para utilizar correctamente los datos que recopilamos. Conservaremos sus datos personales durante el tiempo que sea necesario para cumplir los fines descritos en esta Declaraci\u00f3n de privacidad, a menos que la ley exija o permita un periodo de conservaci\u00f3n m\u00e1s largo.<\/p><p><strong><u>Cambios en esta declaraci\u00f3n de confidencialidad<\/u><\/strong><\/p><p>Es posible que modifiquemos peri\u00f3dicamente esta Declaraci\u00f3n de Privacidad para adaptarla a las nuevas tecnolog\u00edas, pr\u00e1cticas del sector y requisitos normativos, entre otros motivos.  El uso continuado de nuestros productos y servicios despu\u00e9s de la fecha de entrada en vigor de la Declaraci\u00f3n de Privacidad significa que usted acepta la Declaraci\u00f3n de Privacidad revisada. Si no est\u00e1 de acuerdo con la Declaraci\u00f3n de Privacidad revisada, abst\u00e9ngase de utilizar nuestros productos o servicios y p\u00f3ngase en contacto con nosotros para cerrar cualquier cuenta que haya creado.<\/p><p><strong><u>P\u00f3ngase en contacto con nosotros<\/u><\/strong><\/p><p>Si tiene alguna pregunta sobre esta Declaraci\u00f3n de confidencialidad o su aplicaci\u00f3n, le indicamos c\u00f3mo puede ponerse en contacto con nosotros:\u00a0<a href=\"mailto:service@gtartistoo.com\"><u>service@gtartistoo.com<\/u><\/a><\/p>\n\t\t\t\t\t<\/div>\n\t\t\t\t\t\t<\/div>\n\t\t\t\t<\/div>\n\t\t\t\t\t<\/div>\n\t\t\t\t<\/div>\n\t\t\t\t<\/div>","protected":false},"excerpt":{"rendered":"<p>Nos tomamos muy en serio su privacidad y esta declaraci\u00f3n de privacidad explica c\u00f3mo recogemos, utilizamos, compartimos y procesamos su informaci\u00f3n. Recogida<\/p>","protected":false},"author":1,"featured_media":0,"parent":0,"menu_order":0,"comment_status":"closed","ping_status":"open","template":"elementor_header_footer","meta":{"footnotes":""},"class_list":["post-3","page","type-page","status-publish","hentry"],"yoast_head":"<!-- This site is optimized with the Yoast SEO Premium plugin v26.2 (Yoast SEO v26.2) - https:\/\/yoast.com\/wordpress\/plugins\/seo\/ -->\n<title>Privacy Policy - gtartistoo.com<\/title>\n<meta name=\"robots\" content=\"noindex, nofollow\" \/>\n<meta property=\"og:locale\" content=\"es_ES\" \/>\n<meta property=\"og:type\" content=\"article\" \/>\n<meta property=\"og:title\" content=\"Privacy Policy\" \/>\n<meta property=\"og:description\" content=\"We take your privacy seriously and this privacy statement explains how we collect, use, share and process your information. Collection\" \/>\n<meta property=\"og:url\" content=\"https:\/\/gtartistoo.com\/es\/politica-de-privacidad\/\" \/>\n<meta property=\"og:site_name\" content=\"gtartistoo.com\" \/>\n<meta property=\"article:modified_time\" content=\"2026-01-12T07:17:35+00:00\" \/>\n<meta name=\"twitter:card\" content=\"summary_large_image\" \/>\n<meta name=\"twitter:label1\" content=\"Tiempo de lectura\" \/>\n\t<meta name=\"twitter:data1\" content=\"6 minutos\" \/>\n<script type=\"application\/ld+json\" class=\"yoast-schema-graph\">{\"@context\":\"https:\/\/schema.org\",\"@graph\":[{\"@type\":\"WebPage\",\"@id\":\"https:\/\/gtartistoo.com\/privacy-policy\/\",\"url\":\"https:\/\/gtartistoo.com\/privacy-policy\/\",\"name\":\"Privacy Policy - gtartistoo.com\",\"isPartOf\":{\"@id\":\"https:\/\/gtartistoo.com\/#website\"},\"datePublished\":\"2025-10-13T04:00:44+00:00\",\"dateModified\":\"2026-01-12T07:17:35+00:00\",\"breadcrumb\":{\"@id\":\"https:\/\/gtartistoo.com\/privacy-policy\/#breadcrumb\"},\"inLanguage\":\"es\",\"potentialAction\":[{\"@type\":\"ReadAction\",\"target\":[\"https:\/\/gtartistoo.com\/privacy-policy\/\"]}]},{\"@type\":\"BreadcrumbList\",\"@id\":\"https:\/\/gtartistoo.com\/privacy-policy\/#breadcrumb\",\"itemListElement\":[{\"@type\":\"ListItem\",\"position\":1,\"name\":\"Home\",\"item\":\"https:\/\/gtartistoo.com\/\"},{\"@type\":\"ListItem\",\"position\":2,\"name\":\"Privacy Policy\"}]},{\"@type\":\"WebSite\",\"@id\":\"https:\/\/gtartistoo.com\/#website\",\"url\":\"https:\/\/gtartistoo.com\/\",\"name\":\"gtartistoo.com\",\"description\":\"\",\"publisher\":{\"@id\":\"https:\/\/gtartistoo.com\/#organization\"},\"potentialAction\":[{\"@type\":\"SearchAction\",\"target\":{\"@type\":\"EntryPoint\",\"urlTemplate\":\"https:\/\/gtartistoo.com\/?s={search_term_string}\"},\"query-input\":{\"@type\":\"PropertyValueSpecification\",\"valueRequired\":true,\"valueName\":\"search_term_string\"}}],\"inLanguage\":\"es\"},{\"@type\":\"Organization\",\"@id\":\"https:\/\/gtartistoo.com\/#organization\",\"name\":\"gtartistoo.com\",\"url\":\"https:\/\/gtartistoo.com\/\",\"logo\":{\"@type\":\"ImageObject\",\"inLanguage\":\"es\",\"@id\":\"https:\/\/gtartistoo.com\/#\/schema\/logo\/image\/\",\"url\":\"https:\/\/gtartistoo.com\/wp-content\/uploads\/2025\/10\/logo.svg\",\"contentUrl\":\"https:\/\/gtartistoo.com\/wp-content\/uploads\/2025\/10\/logo.svg\",\"width\":369,\"height\":124,\"caption\":\"gtartistoo.com\"},\"image\":{\"@id\":\"https:\/\/gtartistoo.com\/#\/schema\/logo\/image\/\"}}]}<\/script>\n<!-- \/ Yoast SEO Premium plugin. -->","yoast_head_json":{"title":"Pol\u00edtica de privacidad - gtartistoo.com","robots":{"index":"noindex","follow":"nofollow"},"og_locale":"es_ES","og_type":"article","og_title":"Privacy Policy","og_description":"We take your privacy seriously and this privacy statement explains how we collect, use, share and process your information. Collection","og_url":"https:\/\/gtartistoo.com\/es\/politica-de-privacidad\/","og_site_name":"gtartistoo.com","article_modified_time":"2026-01-12T07:17:35+00:00","twitter_card":"summary_large_image","twitter_misc":{"Tiempo de lectura":"6 minutos"},"schema":{"@context":"https:\/\/schema.org","@graph":[{"@type":"WebPage","@id":"https:\/\/gtartistoo.com\/privacy-policy\/","url":"https:\/\/gtartistoo.com\/privacy-policy\/","name":"Pol\u00edtica de privacidad - gtartistoo.com","isPartOf":{"@id":"https:\/\/gtartistoo.com\/#website"},"datePublished":"2025-10-13T04:00:44+00:00","dateModified":"2026-01-12T07:17:35+00:00","breadcrumb":{"@id":"https:\/\/gtartistoo.com\/privacy-policy\/#breadcrumb"},"inLanguage":"es","potentialAction":[{"@type":"ReadAction","target":["https:\/\/gtartistoo.com\/privacy-policy\/"]}]},{"@type":"BreadcrumbList","@id":"https:\/\/gtartistoo.com\/privacy-policy\/#breadcrumb","itemListElement":[{"@type":"ListItem","position":1,"name":"Home","item":"https:\/\/gtartistoo.com\/"},{"@type":"ListItem","position":2,"name":"Privacy Policy"}]},{"@type":"WebSite","@id":"https:\/\/gtartistoo.com\/#website","url":"https:\/\/gtartistoo.com\/","name":"gtartistoo.com","description":"","publisher":{"@id":"https:\/\/gtartistoo.com\/#organization"},"potentialAction":[{"@type":"SearchAction","target":{"@type":"EntryPoint","urlTemplate":"https:\/\/gtartistoo.com\/?s={search_term_string}"},"query-input":{"@type":"PropertyValueSpecification","valueRequired":true,"valueName":"search_term_string"}}],"inLanguage":"es"},{"@type":"Organization","@id":"https:\/\/gtartistoo.com\/#organization","name":"gtartistoo.com","url":"https:\/\/gtartistoo.com\/","logo":{"@type":"ImageObject","inLanguage":"es","@id":"https:\/\/gtartistoo.com\/#\/schema\/logo\/image\/","url":"https:\/\/gtartistoo.com\/wp-content\/uploads\/2025\/10\/logo.svg","contentUrl":"https:\/\/gtartistoo.com\/wp-content\/uploads\/2025\/10\/logo.svg","width":369,"height":124,"caption":"gtartistoo.com"},"image":{"@id":"https:\/\/gtartistoo.com\/#\/schema\/logo\/image\/"}}]}},"_hostinger_reach_plugin_has_subscription_block":false,"_hostinger_reach_plugin_is_elementor":false,"_links":{"self":[{"href":"https:\/\/gtartistoo.com\/es\/wp-json\/wp\/v2\/pages\/3","targetHints":{"allow":["GET"]}}],"collection":[{"href":"https:\/\/gtartistoo.com\/es\/wp-json\/wp\/v2\/pages"}],"about":[{"href":"https:\/\/gtartistoo.com\/es\/wp-json\/wp\/v2\/types\/page"}],"author":[{"embeddable":true,"href":"https:\/\/gtartistoo.com\/es\/wp-json\/wp\/v2\/users\/1"}],"replies":[{"embeddable":true,"href":"https:\/\/gtartistoo.com\/es\/wp-json\/wp\/v2\/comments?post=3"}],"version-history":[{"count":12,"href":"https:\/\/gtartistoo.com\/es\/wp-json\/wp\/v2\/pages\/3\/revisions"}],"predecessor-version":[{"id":29469,"href":"https:\/\/gtartistoo.com\/es\/wp-json\/wp\/v2\/pages\/3\/revisions\/29469"}],"wp:attachment":[{"href":"https:\/\/gtartistoo.com\/es\/wp-json\/wp\/v2\/media?parent=3"}],"curies":[{"name":"wp","href":"https:\/\/api.w.org\/{rel}","templated":true}]}}