{"id":30296,"date":"2025-11-13T07:35:13","date_gmt":"2025-11-13T07:35:13","guid":{"rendered":"https:\/\/gtartistoo.com\/?post_type=product&#038;p=30296"},"modified":"2026-01-28T06:35:51","modified_gmt":"2026-01-28T06:35:51","slug":"tattoo-ink-16-color-set","status":"publish","type":"product","link":"https:\/\/gtartistoo.com\/es\/tienda\/tintas-para-tatuajes\/tattoo-ink-16-color-set\/","title":{"rendered":"Gtartistoo Set de Tinta para Tatuaje de 16 Colores"},"content":{"rendered":"<p data-start=\"1330\" data-end=\"1515\">Este set de tintas de tatuaje proporciona una gama de colores ampliada para trabajos de tatuaje profesionales. Cada botella contiene 1\/2oz de tinta de tatuaje. El set admite delineados, sombreados y dise\u00f1os centrados en el color.<\/p>\n<h3 data-start=\"1517\" data-end=\"1535\">Caracter\u00edsticas principales<\/h3>\n<ul data-start=\"1536\" data-end=\"1742\">\n<li data-start=\"1536\" data-end=\"1570\">\n<p data-start=\"1538\" data-end=\"1570\">Surtido de tintas para tatuajes de 16 colores<\/p>\n<\/li>\n<li data-start=\"1571\" data-end=\"1614\">\n<p data-start=\"1573\" data-end=\"1614\">Incluye forro negro y sombreado negro<\/p>\n<\/li>\n<li data-start=\"1615\" data-end=\"1643\">\n<p data-start=\"1617\" data-end=\"1643\">Botellas individuales de 1\/2oz<\/p>\n<\/li>\n<li data-start=\"1644\" data-end=\"1695\">\n<p data-start=\"1646\" data-end=\"1695\">Botellas claramente etiquetadas para facilitar su identificaci\u00f3n<\/p>\n<\/li>\n<li data-start=\"1696\" data-end=\"1742\">\n<p data-start=\"1698\" data-end=\"1742\">Adecuado para equipos de tatuaje profesionales<\/p>\n<\/li>\n<\/ul>\n<h3 data-start=\"1744\" data-end=\"1774\">Especificaciones t\u00e9cnicas<\/h3>\n<ul data-start=\"1775\" data-end=\"1889\">\n<li data-start=\"1775\" data-end=\"1796\">\n<p data-start=\"1777\" data-end=\"1796\">Marca: Gtartistoo<\/p>\n<\/li>\n<li data-start=\"1797\" data-end=\"1825\">\n<p data-start=\"1799\" data-end=\"1825\">Tipo de producto: Tinta para tatuajes<\/p>\n<\/li>\n<li data-start=\"1826\" data-end=\"1864\">\n<p data-start=\"1828\" data-end=\"1864\">Volumen por botella: 0,5 oz (1\/2 oz)<\/p>\n<\/li>\n<li data-start=\"1865\" data-end=\"1889\">\n<p data-start=\"1867\" data-end=\"1889\">Cantidad: 16 botellas<\/p>\n<\/li>\n<\/ul>\n<h3 data-start=\"1891\" data-end=\"1918\">Compatibilidad \/ Uso<\/h3>\n<p data-start=\"1919\" data-end=\"2165\">Este juego de tintas de tatuaje est\u00e1 dise\u00f1ado para su uso con m\u00e1quinas y accesorios de tatuaje profesionales est\u00e1ndar. Util\u00edcelo de acuerdo con las pr\u00e1cticas de tatuaje profesionales y la normativa local aplicable. El aspecto del color puede variar en funci\u00f3n de las condiciones de iluminaci\u00f3n.<\/p>","protected":false},"excerpt":{"rendered":"<p data-start=\"886\" data-end=\"1176\">El Gtartistoo 16 Colors Tattoo Ink Set incluye diecis\u00e9is botellas de 1\/2oz en una amplia gama de colores. Este set combina tonos b\u00e1sicos con negros para delinear y sombrear para aplicaciones profesionales de tatuaje. Cada botella tiene un etiquetado claro para facilitar la selecci\u00f3n de color durante el trabajo en el estudio.<\/p>\n<p data-start=\"1178\" data-end=\"1197\"><strong data-start=\"1178\" data-end=\"1195\">El juego incluye:<\/strong><\/p>\n<ul data-start=\"1198\" data-end=\"1277\">\n<li data-start=\"1198\" data-end=\"1222\">\n<p data-start=\"1200\" data-end=\"1222\">16 colores de tinta para tatuajes<\/p>\n<\/li>\n<li data-start=\"1223\" data-end=\"1243\">\n<p data-start=\"1225\" data-end=\"1243\">1\/2oz por botella<\/p>\n<\/li>\n<li data-start=\"1244\" data-end=\"1277\">\n<p data-start=\"1246\" data-end=\"1277\">Dise\u00f1ado para uso profesional<\/p>\n<\/li>\n<\/ul>","protected":false},"featured_media":31635,"comment_status":"open","ping_status":"closed","template":"","meta":[],"product_brand":[71],"product_cat":[353,72],"product_tag":[215,197,207,210,198,201,216,214],"class_list":{"0":"post-30296","1":"product","2":"type-product","3":"status-publish","4":"has-post-thumbnail","6":"product_brand-gtartistoo","7":"product_cat-tattoo-ink-sets","8":"product_cat-tattoo-inks","9":"product_tag-full-color-ink","10":"product_tag-lemon-yellow-ink","11":"product_tag-red-ink","12":"product_tag-rose-pink-ink","13":"product_tag-shading-black-ink","14":"product_tag-true-black-ink","15":"product_tag-vegan-friendly-certified-safe","16":"product_tag-whiteblack-ink","18":"first","19":"instock","20":"sale","21":"taxable","22":"shipping-taxable","23":"purchasable","24":"product-type-simple"},"yoast_head":"<!-- This site is optimized with the Yoast SEO Premium plugin v26.2 (Yoast SEO v26.2) - https:\/\/yoast.com\/wordpress\/plugins\/seo\/ -->\n<title>Gtartistoo Tattoo Ink Set \u2013 16 Colors, 1\/2oz Bottles<\/title>\n<meta name=\"description\" content=\"Gtartistoo 16-color tattoo ink set with 1\/2oz bottles. Includes lining, shading, and color inks for professional tattoo applications.\" \/>\n<meta name=\"robots\" content=\"index, follow, max-snippet:-1, max-image-preview:large, max-video-preview:-1\" \/>\n<link rel=\"canonical\" href=\"https:\/\/gtartistoo.com\/es\/tienda\/tintas-para-tatuajes\/tattoo-ink-16-color-set\/\" \/>\n<meta property=\"og:locale\" content=\"es_ES\" \/>\n<meta property=\"og:type\" content=\"article\" \/>\n<meta property=\"og:title\" content=\"Gtartistoo 16 Colors Tattoo Ink Set\" \/>\n<meta property=\"og:description\" content=\"Gtartistoo 16-color tattoo ink set with 1\/2oz bottles. Includes lining, shading, and color inks for professional tattoo applications.\" \/>\n<meta property=\"og:url\" content=\"https:\/\/gtartistoo.com\/es\/tienda\/tintas-para-tatuajes\/tattoo-ink-16-color-set\/\" \/>\n<meta property=\"og:site_name\" content=\"gtartistoo.com\" \/>\n<meta property=\"article:modified_time\" content=\"2026-01-28T06:35:51+00:00\" \/>\n<meta property=\"og:image\" content=\"https:\/\/gtartistoo.com\/wp-content\/uploads\/2025\/11\/gtartistoo-tattoo-ink-16-color-set-0.5oz-1.jpg\" \/>\n\t<meta property=\"og:image:width\" content=\"1600\" \/>\n\t<meta property=\"og:image:height\" content=\"1600\" \/>\n\t<meta property=\"og:image:type\" content=\"image\/jpeg\" \/>\n<meta name=\"twitter:card\" content=\"summary_large_image\" \/>\n<meta name=\"twitter:label1\" content=\"Precio\" \/>\n\t<meta name=\"twitter:data1\" content=\"27.99&#036;\" \/>\n\t<meta name=\"twitter:label2\" content=\"Disponibilidad\" \/>\n\t<meta name=\"twitter:data2\" content=\"Disponible\" \/>\n<script type=\"application\/ld+json\" class=\"yoast-schema-graph\">{\"@context\":\"https:\/\/schema.org\",\"@graph\":[{\"@type\":\"WebPage\",\"@id\":\"https:\/\/gtartistoo.com\/shop\/tattoo-inks\/tattoo-ink-16-color-set\/\",\"url\":\"https:\/\/gtartistoo.com\/shop\/tattoo-inks\/tattoo-ink-16-color-set\/\",\"name\":\"Gtartistoo Tattoo Ink Set \u2013 16 Colors, 1\/2oz Bottles\",\"isPartOf\":{\"@id\":\"https:\/\/gtartistoo.com\/#website\"},\"primaryImageOfPage\":{\"@id\":\"https:\/\/gtartistoo.com\/shop\/tattoo-inks\/tattoo-ink-16-color-set\/#primaryimage\"},\"image\":{\"@id\":\"https:\/\/gtartistoo.com\/shop\/tattoo-inks\/tattoo-ink-16-color-set\/#primaryimage\"},\"thumbnailUrl\":\"https:\/\/gtartistoo.com\/wp-content\/uploads\/2025\/11\/gtartistoo-tattoo-ink-16-color-set-0.5oz-1.jpg\",\"datePublished\":\"2025-11-13T07:35:13+00:00\",\"dateModified\":\"2026-01-28T06:35:51+00:00\",\"description\":\"Gtartistoo 16-color tattoo ink set with 1\/2oz bottles. Includes lining, shading, and color inks for professional tattoo applications.\",\"breadcrumb\":{\"@id\":\"https:\/\/gtartistoo.com\/shop\/tattoo-inks\/tattoo-ink-16-color-set\/#breadcrumb\"},\"inLanguage\":\"es\",\"potentialAction\":[{\"@type\":\"ReadAction\",\"target\":[\"https:\/\/gtartistoo.com\/shop\/tattoo-inks\/tattoo-ink-16-color-set\/\"]}]},{\"@type\":\"ImageObject\",\"inLanguage\":\"es\",\"@id\":\"https:\/\/gtartistoo.com\/shop\/tattoo-inks\/tattoo-ink-16-color-set\/#primaryimage\",\"url\":\"https:\/\/gtartistoo.com\/wp-content\/uploads\/2025\/11\/gtartistoo-tattoo-ink-16-color-set-0.5oz-1.jpg\",\"contentUrl\":\"https:\/\/gtartistoo.com\/wp-content\/uploads\/2025\/11\/gtartistoo-tattoo-ink-16-color-set-0.5oz-1.jpg\",\"width\":1600,\"height\":1600,\"caption\":\"Gtartistoo tattoo ink 16 color set with 1\/2oz bottles\"},{\"@type\":\"BreadcrumbList\",\"@id\":\"https:\/\/gtartistoo.com\/shop\/tattoo-inks\/tattoo-ink-16-color-set\/#breadcrumb\",\"itemListElement\":[{\"@type\":\"ListItem\",\"position\":1,\"name\":\"Home\",\"item\":\"https:\/\/gtartistoo.com\/\"},{\"@type\":\"ListItem\",\"position\":2,\"name\":\"Shop\",\"item\":\"https:\/\/gtartistoo.com\/shop\/\"},{\"@type\":\"ListItem\",\"position\":3,\"name\":\"Gtartistoo 16 Colors Tattoo Ink Set\"}]},{\"@type\":\"WebSite\",\"@id\":\"https:\/\/gtartistoo.com\/#website\",\"url\":\"https:\/\/gtartistoo.com\/\",\"name\":\"gtartistoo.com\",\"description\":\"\",\"publisher\":{\"@id\":\"https:\/\/gtartistoo.com\/#organization\"},\"potentialAction\":[{\"@type\":\"SearchAction\",\"target\":{\"@type\":\"EntryPoint\",\"urlTemplate\":\"https:\/\/gtartistoo.com\/?s={search_term_string}\"},\"query-input\":{\"@type\":\"PropertyValueSpecification\",\"valueRequired\":true,\"valueName\":\"search_term_string\"}}],\"inLanguage\":\"es\"},{\"@type\":\"Organization\",\"@id\":\"https:\/\/gtartistoo.com\/#organization\",\"name\":\"gtartistoo.com\",\"url\":\"https:\/\/gtartistoo.com\/\",\"logo\":{\"@type\":\"ImageObject\",\"inLanguage\":\"es\",\"@id\":\"https:\/\/gtartistoo.com\/#\/schema\/logo\/image\/\",\"url\":\"https:\/\/gtartistoo.com\/wp-content\/uploads\/2025\/10\/logo.svg\",\"contentUrl\":\"https:\/\/gtartistoo.com\/wp-content\/uploads\/2025\/10\/logo.svg\",\"width\":369,\"height\":124,\"caption\":\"gtartistoo.com\"},\"image\":{\"@id\":\"https:\/\/gtartistoo.com\/#\/schema\/logo\/image\/\"}}]}<\/script>\n<meta property=\"product:price:amount\" content=\"27.99\" \/>\n<meta property=\"product:price:currency\" content=\"USD\" \/>\n<meta property=\"og:availability\" content=\"instock\" \/>\n<meta property=\"product:availability\" content=\"instock\" \/>\n<meta property=\"product:retailer_item_id\" content=\"30296\" \/>\n<meta property=\"product:condition\" content=\"new\" \/>\n<!-- \/ Yoast SEO Premium plugin. -->","yoast_head_json":{"title":"Gtartistoo Tattoo Ink Set - 16 Colores, Botellas 1\/2oz","description":"Gtartistoo set de tintas de tatuaje de 16 colores con botellas de 1\/2oz. Incluye forro, sombreado y tintas de color para aplicaciones de tatuaje profesional.","robots":{"index":"index","follow":"follow","max-snippet":"max-snippet:-1","max-image-preview":"max-image-preview:large","max-video-preview":"max-video-preview:-1"},"canonical":"https:\/\/gtartistoo.com\/es\/tienda\/tintas-para-tatuajes\/tattoo-ink-16-color-set\/","og_locale":"es_ES","og_type":"article","og_title":"Gtartistoo 16 Colors Tattoo Ink Set","og_description":"Gtartistoo 16-color tattoo ink set with 1\/2oz bottles. Includes lining, shading, and color inks for professional tattoo applications.","og_url":"https:\/\/gtartistoo.com\/es\/tienda\/tintas-para-tatuajes\/tattoo-ink-16-color-set\/","og_site_name":"gtartistoo.com","article_modified_time":"2026-01-28T06:35:51+00:00","og_image":[{"width":1600,"height":1600,"url":"https:\/\/gtartistoo.com\/wp-content\/uploads\/2025\/11\/gtartistoo-tattoo-ink-16-color-set-0.5oz-1.jpg","type":"image\/jpeg"}],"twitter_card":"summary_large_image","twitter_misc":{"Precio":"27.99&#36;","Disponibilidad":"Disponible"},"schema":{"@context":"https:\/\/schema.org","@graph":[{"@type":"WebPage","@id":"https:\/\/gtartistoo.com\/shop\/tattoo-inks\/tattoo-ink-16-color-set\/","url":"https:\/\/gtartistoo.com\/shop\/tattoo-inks\/tattoo-ink-16-color-set\/","name":"Gtartistoo Tattoo Ink Set - 16 Colores, Botellas 1\/2oz","isPartOf":{"@id":"https:\/\/gtartistoo.com\/#website"},"primaryImageOfPage":{"@id":"https:\/\/gtartistoo.com\/shop\/tattoo-inks\/tattoo-ink-16-color-set\/#primaryimage"},"image":{"@id":"https:\/\/gtartistoo.com\/shop\/tattoo-inks\/tattoo-ink-16-color-set\/#primaryimage"},"thumbnailUrl":"https:\/\/gtartistoo.com\/wp-content\/uploads\/2025\/11\/gtartistoo-tattoo-ink-16-color-set-0.5oz-1.jpg","datePublished":"2025-11-13T07:35:13+00:00","dateModified":"2026-01-28T06:35:51+00:00","description":"Gtartistoo set de tintas de tatuaje de 16 colores con botellas de 1\/2oz. Incluye forro, sombreado y tintas de color para aplicaciones de tatuaje profesional.","breadcrumb":{"@id":"https:\/\/gtartistoo.com\/shop\/tattoo-inks\/tattoo-ink-16-color-set\/#breadcrumb"},"inLanguage":"es","potentialAction":[{"@type":"ReadAction","target":["https:\/\/gtartistoo.com\/shop\/tattoo-inks\/tattoo-ink-16-color-set\/"]}]},{"@type":"ImageObject","inLanguage":"es","@id":"https:\/\/gtartistoo.com\/shop\/tattoo-inks\/tattoo-ink-16-color-set\/#primaryimage","url":"https:\/\/gtartistoo.com\/wp-content\/uploads\/2025\/11\/gtartistoo-tattoo-ink-16-color-set-0.5oz-1.jpg","contentUrl":"https:\/\/gtartistoo.com\/wp-content\/uploads\/2025\/11\/gtartistoo-tattoo-ink-16-color-set-0.5oz-1.jpg","width":1600,"height":1600,"caption":"Gtartistoo tattoo ink 16 color set with 1\/2oz bottles"},{"@type":"BreadcrumbList","@id":"https:\/\/gtartistoo.com\/shop\/tattoo-inks\/tattoo-ink-16-color-set\/#breadcrumb","itemListElement":[{"@type":"ListItem","position":1,"name":"Home","item":"https:\/\/gtartistoo.com\/"},{"@type":"ListItem","position":2,"name":"Shop","item":"https:\/\/gtartistoo.com\/shop\/"},{"@type":"ListItem","position":3,"name":"Gtartistoo 16 Colors Tattoo Ink Set"}]},{"@type":"WebSite","@id":"https:\/\/gtartistoo.com\/#website","url":"https:\/\/gtartistoo.com\/","name":"gtartistoo.com","description":"","publisher":{"@id":"https:\/\/gtartistoo.com\/#organization"},"potentialAction":[{"@type":"SearchAction","target":{"@type":"EntryPoint","urlTemplate":"https:\/\/gtartistoo.com\/?s={search_term_string}"},"query-input":{"@type":"PropertyValueSpecification","valueRequired":true,"valueName":"search_term_string"}}],"inLanguage":"es"},{"@type":"Organization","@id":"https:\/\/gtartistoo.com\/#organization","name":"gtartistoo.com","url":"https:\/\/gtartistoo.com\/","logo":{"@type":"ImageObject","inLanguage":"es","@id":"https:\/\/gtartistoo.com\/#\/schema\/logo\/image\/","url":"https:\/\/gtartistoo.com\/wp-content\/uploads\/2025\/10\/logo.svg","contentUrl":"https:\/\/gtartistoo.com\/wp-content\/uploads\/2025\/10\/logo.svg","width":369,"height":124,"caption":"gtartistoo.com"},"image":{"@id":"https:\/\/gtartistoo.com\/#\/schema\/logo\/image\/"}}]},"product_price_amount":"27.99","product_price_currency":"USD","og_availability":"instock","product_availability":"instock","product_retailer_item_id":"30296","product_condition":"new"},"_links":{"self":[{"href":"https:\/\/gtartistoo.com\/es\/wp-json\/wp\/v2\/product\/30296","targetHints":{"allow":["GET"]}}],"collection":[{"href":"https:\/\/gtartistoo.com\/es\/wp-json\/wp\/v2\/product"}],"about":[{"href":"https:\/\/gtartistoo.com\/es\/wp-json\/wp\/v2\/types\/product"}],"replies":[{"embeddable":true,"href":"https:\/\/gtartistoo.com\/es\/wp-json\/wp\/v2\/comments?post=30296"}],"version-history":[{"count":8,"href":"https:\/\/gtartistoo.com\/es\/wp-json\/wp\/v2\/product\/30296\/revisions"}],"predecessor-version":[{"id":31637,"href":"https:\/\/gtartistoo.com\/es\/wp-json\/wp\/v2\/product\/30296\/revisions\/31637"}],"wp:featuredmedia":[{"embeddable":true,"href":"https:\/\/gtartistoo.com\/es\/wp-json\/wp\/v2\/media\/31635"}],"wp:attachment":[{"href":"https:\/\/gtartistoo.com\/es\/wp-json\/wp\/v2\/media?parent=30296"}],"wp:term":[{"taxonomy":"product_brand","embeddable":true,"href":"https:\/\/gtartistoo.com\/es\/wp-json\/wp\/v2\/product_brand?post=30296"},{"taxonomy":"product_cat","embeddable":true,"href":"https:\/\/gtartistoo.com\/es\/wp-json\/wp\/v2\/product_cat?post=30296"},{"taxonomy":"product_tag","embeddable":true,"href":"https:\/\/gtartistoo.com\/es\/wp-json\/wp\/v2\/product_tag?post=30296"}],"curies":[{"name":"wp","href":"https:\/\/api.w.org\/{rel}","templated":true}]}}