{"id":30308,"date":"2025-11-13T07:54:55","date_gmt":"2025-11-13T07:54:55","guid":{"rendered":"https:\/\/gtartistoo.com\/?post_type=product&#038;p=30308"},"modified":"2026-01-28T06:35:50","modified_gmt":"2026-01-28T06:35:50","slug":"14colors-15ml-fluorescent-tattoo-ink-set","status":"publish","type":"product","link":"https:\/\/gtartistoo.com\/es\/tienda\/tintas-para-tatuajes\/14colors-15ml-fluorescent-tattoo-ink-set\/","title":{"rendered":"Gtartistoo Juego de Tinta Fluorescente para Tatuaje - 14 Colores 1\/2oz"},"content":{"rendered":"<p data-start=\"1296\" data-end=\"1515\" data-cici-select-uid=\"badc3f18-b078-4c5e-b56a-b7723b79f485\">Este set de tintas pigmentadas fluorescentes ofrece una amplia gama de colores para aplicaciones de tatuaje profesional. Cada botella contiene 1\/2oz de tinta pigmentada. El set se centra en la respuesta visual del color bajo diferentes ambientes de iluminaci\u00f3n.<\/p>\n<h3 data-start=\"1517\" data-end=\"1535\" data-cici-select-uid=\"d68da439-b382-4d17-9db5-d272400b63ac\">Caracter\u00edsticas principales<\/h3>\n<ul data-start=\"1536\" data-end=\"1741\" data-cici-select-uid=\"7a2e8612-42d4-4783-9cd8-a9f94cb85d19\">\n<li data-start=\"1536\" data-end=\"1575\" data-cici-select-uid=\"92262adb-fdc2-43d1-b6b1-1515405dcbe3\">\n<p data-start=\"1538\" data-end=\"1575\" data-cici-select-uid=\"b0ef0e52-76f6-4c25-8858-393167d73ef5\">Surtido de tintas fluorescentes de 14 colores<\/p>\n<\/li>\n<li data-start=\"1576\" data-end=\"1604\" data-cici-select-uid=\"17022ccf-8c8f-4d8c-ae95-88d1ec0789bf\">\n<p data-start=\"1578\" data-end=\"1604\" data-cici-select-uid=\"c339ad1f-76f7-4f88-86f0-b029a00a0054\">Botellas individuales de 1\/2oz<\/p>\n<\/li>\n<li data-start=\"1605\" data-end=\"1646\" data-cici-select-uid=\"c27e4042-62c1-4749-8331-cea55cb03a88\">\n<p data-start=\"1607\" data-end=\"1646\" data-cici-select-uid=\"5b0e9dcf-a4fb-464c-b45d-c8b09d5cedf5\">Dise\u00f1ado para trabajos de tatuaje profesionales<\/p>\n<\/li>\n<li data-start=\"1647\" data-end=\"1695\" data-cici-select-uid=\"12ae6e35-c52c-472e-b992-8be29cfa4f04\">\n<p data-start=\"1649\" data-end=\"1695\" data-cici-select-uid=\"5377fc68-c474-4f07-b49c-49d8d3d46ecc\">Etiquetado en colores claros para facilitar la identificaci\u00f3n<\/p>\n<\/li>\n<li data-start=\"1696\" data-end=\"1741\" data-cici-select-uid=\"23581fbd-23ec-432a-9a30-ee0d2cfabe66\">\n<p data-start=\"1698\" data-end=\"1741\" data-cici-select-uid=\"d2fdd3c9-2916-4a03-8342-65daf2114b66\">Adecuado para dise\u00f1os de tatuajes centrados en el color<\/p>\n<\/li>\n<\/ul>\n<h3 data-start=\"1743\" data-end=\"1773\" data-cici-select-uid=\"225810fb-c44e-4d37-935f-0d0771fa45a7\">Especificaciones t\u00e9cnicas<\/h3>\n<ul data-start=\"1774\" data-end=\"1888\" data-cici-select-uid=\"24a31aef-7aac-4960-898d-9d424db7f272\">\n<li data-start=\"1774\" data-end=\"1802\" data-cici-select-uid=\"3169fb5c-2d19-407d-8a1d-f6599dedc789\">\n<p data-start=\"1776\" data-end=\"1802\" data-cici-select-uid=\"0f9d010f-c2ef-4893-a2e9-232005e55a97\">Tipo de producto: Tinta para tatuajes<\/p>\n<\/li>\n<li data-start=\"1803\" data-end=\"1824\" data-cici-select-uid=\"380a5d10-c3f2-40b2-90d1-eec8824c7e7d\">\n<p data-start=\"1805\" data-end=\"1824\" data-cici-select-uid=\"80095e5a-cb35-482b-aefc-d408de3e69d5\">Marca: Gtartistoo<\/p>\n<\/li>\n<li data-start=\"1825\" data-end=\"1863\" data-cici-select-uid=\"d2a2a066-c493-4de1-8803-e9a13ecfd793\">\n<p data-start=\"1827\" data-end=\"1863\" data-cici-select-uid=\"78e87b40-0cd3-409e-a9da-4d054fcc5378\">Volumen por botella: 0,5 oz (1\/2 oz)<\/p>\n<\/li>\n<li data-start=\"1864\" data-end=\"1888\" data-cici-select-uid=\"649e46c1-7eb7-454e-90a3-81db29a2bc89\">\n<p data-start=\"1866\" data-end=\"1888\" data-cici-select-uid=\"c2bcea6c-fca4-424f-9a49-db23d11e4953\">Cantidad: 14 botellas<\/p>\n<\/li>\n<\/ul>\n<h3 data-start=\"1890\" data-end=\"1917\" data-cici-select-uid=\"f0e13493-65ab-4de2-abcd-4619d66fd697\">Compatibilidad \/ Uso<\/h3>\n<p data-start=\"1918\" data-end=\"2140\" data-cici-select-uid=\"31594dd8-1b9d-49bc-ba4a-10746ef66d97\">Este juego de tintas est\u00e1 destinado a equipos de tatuaje profesionales y m\u00e1quinas de tatuaje est\u00e1ndar. Util\u00edcelo de acuerdo con las pr\u00e1cticas de tatuaje profesionales y la normativa local aplicable. Las condiciones de iluminaci\u00f3n pueden afectar al aspecto visual.<\/p>","protected":false},"excerpt":{"rendered":"<p data-start=\"869\" data-end=\"1111\">Gtartistoo Professional Fluorescent Pigment Ink Set incluye 14 colores distintos en botellas de 1\/2oz. Este set est\u00e1 dise\u00f1ado para aplicaciones profesionales de tatuaje que requieren efectos visibles de color fluorescente bajo condiciones espec\u00edficas de iluminaci\u00f3n.<\/p>\n<p data-start=\"1113\" data-end=\"1132\"><strong data-start=\"1113\" data-end=\"1130\">El juego incluye:<\/strong><\/p>\n<ul data-start=\"1133\" data-end=\"1243\">\n<li data-start=\"1133\" data-end=\"1169\">\n<p data-start=\"1135\" data-end=\"1169\">14 colores fluorescentes individuales<\/p>\n<\/li>\n<li data-start=\"1170\" data-end=\"1202\">\n<p data-start=\"1172\" data-end=\"1202\">Botella de 1\/2oz<\/p>\n<\/li>\n<li data-start=\"1203\" data-end=\"1243\">\n<p data-start=\"1205\" data-end=\"1243\">Dise\u00f1ado para uso profesional en tatuajes<\/p>\n<\/li>\n<\/ul>","protected":false},"featured_media":31620,"comment_status":"open","ping_status":"closed","template":"","meta":[],"product_brand":[71],"product_cat":[353,72],"product_tag":[219,217,192,221,207,220,209],"class_list":{"0":"post-30308","1":"product","2":"type-product","3":"status-publish","4":"has-post-thumbnail","6":"product_brand-gtartistoo","7":"product_cat-tattoo-ink-sets","8":"product_cat-tattoo-inks","9":"product_tag-colorful-ink","10":"product_tag-fluorescente-ink","11":"product_tag-golden-yellow-ink","12":"product_tag-magic-color","13":"product_tag-red-ink","14":"product_tag-rich-in-color","15":"product_tag-white-ink","17":"first","18":"instock","19":"sale","20":"taxable","21":"shipping-taxable","22":"purchasable","23":"product-type-simple"},"yoast_head":"<!-- This site is optimized with the Yoast SEO Premium plugin v26.2 (Yoast SEO v26.2) - https:\/\/yoast.com\/wordpress\/plugins\/seo\/ -->\n<title>Gtartistoo Fluorescent Tattoo Ink Set \u2013 14 Colors 1\/2oz<\/title>\n<meta name=\"description\" content=\"Professional fluorescent tattoo ink set with 14 colors. Each bottle contains 1\/2oz. Designed for professional tattoo applications and color-focused artwork.\" \/>\n<meta name=\"robots\" content=\"index, follow, max-snippet:-1, max-image-preview:large, max-video-preview:-1\" \/>\n<link rel=\"canonical\" href=\"https:\/\/gtartistoo.com\/es\/tienda\/tintas-para-tatuajes\/14colors-15ml-fluorescent-tattoo-ink-set\/\" \/>\n<meta property=\"og:locale\" content=\"es_ES\" \/>\n<meta property=\"og:type\" content=\"article\" \/>\n<meta property=\"og:title\" content=\"Gtartistoo Fluorescent Tattoo Ink Set \u2013 14 Colors 1\/2oz\" \/>\n<meta property=\"og:description\" content=\"Professional fluorescent tattoo ink set with 14 colors. Each bottle contains 1\/2oz. Designed for professional tattoo applications and color-focused artwork.\" \/>\n<meta property=\"og:url\" content=\"https:\/\/gtartistoo.com\/es\/tienda\/tintas-para-tatuajes\/14colors-15ml-fluorescent-tattoo-ink-set\/\" \/>\n<meta property=\"og:site_name\" content=\"gtartistoo.com\" \/>\n<meta property=\"article:modified_time\" content=\"2026-01-28T06:35:50+00:00\" \/>\n<meta property=\"og:image\" content=\"https:\/\/gtartistoo.com\/wp-content\/uploads\/2025\/11\/gtartistoo-fluorescent-tattoo-ink-set-14-colors.jpg\" \/>\n\t<meta property=\"og:image:width\" content=\"1600\" \/>\n\t<meta property=\"og:image:height\" content=\"1600\" \/>\n\t<meta property=\"og:image:type\" content=\"image\/jpeg\" \/>\n<meta name=\"twitter:card\" content=\"summary_large_image\" \/>\n<meta name=\"twitter:label1\" content=\"Precio\" \/>\n\t<meta name=\"twitter:data1\" content=\"31.99&#036;\" \/>\n\t<meta name=\"twitter:label2\" content=\"Disponibilidad\" \/>\n\t<meta name=\"twitter:data2\" content=\"Disponible\" \/>\n<script type=\"application\/ld+json\" class=\"yoast-schema-graph\">{\"@context\":\"https:\/\/schema.org\",\"@graph\":[{\"@type\":\"WebPage\",\"@id\":\"https:\/\/gtartistoo.com\/shop\/tattoo-inks\/14colors-15ml-fluorescent-tattoo-ink-set\/\",\"url\":\"https:\/\/gtartistoo.com\/shop\/tattoo-inks\/14colors-15ml-fluorescent-tattoo-ink-set\/\",\"name\":\"Gtartistoo Fluorescent Tattoo Ink Set \u2013 14 Colors 1\/2oz\",\"isPartOf\":{\"@id\":\"https:\/\/gtartistoo.com\/#website\"},\"primaryImageOfPage\":{\"@id\":\"https:\/\/gtartistoo.com\/shop\/tattoo-inks\/14colors-15ml-fluorescent-tattoo-ink-set\/#primaryimage\"},\"image\":{\"@id\":\"https:\/\/gtartistoo.com\/shop\/tattoo-inks\/14colors-15ml-fluorescent-tattoo-ink-set\/#primaryimage\"},\"thumbnailUrl\":\"https:\/\/gtartistoo.com\/wp-content\/uploads\/2025\/11\/gtartistoo-fluorescent-tattoo-ink-set-14-colors.jpg\",\"datePublished\":\"2025-11-13T07:54:55+00:00\",\"dateModified\":\"2026-01-28T06:35:50+00:00\",\"description\":\"Professional fluorescent tattoo ink set with 14 colors. Each bottle contains 1\/2oz. Designed for professional tattoo applications and color-focused artwork.\",\"breadcrumb\":{\"@id\":\"https:\/\/gtartistoo.com\/shop\/tattoo-inks\/14colors-15ml-fluorescent-tattoo-ink-set\/#breadcrumb\"},\"inLanguage\":\"es\",\"potentialAction\":[{\"@type\":\"ReadAction\",\"target\":[\"https:\/\/gtartistoo.com\/shop\/tattoo-inks\/14colors-15ml-fluorescent-tattoo-ink-set\/\"]}]},{\"@type\":\"ImageObject\",\"inLanguage\":\"es\",\"@id\":\"https:\/\/gtartistoo.com\/shop\/tattoo-inks\/14colors-15ml-fluorescent-tattoo-ink-set\/#primaryimage\",\"url\":\"https:\/\/gtartistoo.com\/wp-content\/uploads\/2025\/11\/gtartistoo-fluorescent-tattoo-ink-set-14-colors.jpg\",\"contentUrl\":\"https:\/\/gtartistoo.com\/wp-content\/uploads\/2025\/11\/gtartistoo-fluorescent-tattoo-ink-set-14-colors.jpg\",\"width\":1600,\"height\":1600,\"caption\":\"Gtartistoo fluorescent tattoo ink set with 14 colors in 1\/2oz bottles\"},{\"@type\":\"BreadcrumbList\",\"@id\":\"https:\/\/gtartistoo.com\/shop\/tattoo-inks\/14colors-15ml-fluorescent-tattoo-ink-set\/#breadcrumb\",\"itemListElement\":[{\"@type\":\"ListItem\",\"position\":1,\"name\":\"Home\",\"item\":\"https:\/\/gtartistoo.com\/\"},{\"@type\":\"ListItem\",\"position\":2,\"name\":\"Shop\",\"item\":\"https:\/\/gtartistoo.com\/shop\/\"},{\"@type\":\"ListItem\",\"position\":3,\"name\":\"Gtartistoo Fluorescent Tattoo Ink Set \u2013 14 Colors 1\/2oz\"}]},{\"@type\":\"WebSite\",\"@id\":\"https:\/\/gtartistoo.com\/#website\",\"url\":\"https:\/\/gtartistoo.com\/\",\"name\":\"gtartistoo.com\",\"description\":\"\",\"publisher\":{\"@id\":\"https:\/\/gtartistoo.com\/#organization\"},\"potentialAction\":[{\"@type\":\"SearchAction\",\"target\":{\"@type\":\"EntryPoint\",\"urlTemplate\":\"https:\/\/gtartistoo.com\/?s={search_term_string}\"},\"query-input\":{\"@type\":\"PropertyValueSpecification\",\"valueRequired\":true,\"valueName\":\"search_term_string\"}}],\"inLanguage\":\"es\"},{\"@type\":\"Organization\",\"@id\":\"https:\/\/gtartistoo.com\/#organization\",\"name\":\"gtartistoo.com\",\"url\":\"https:\/\/gtartistoo.com\/\",\"logo\":{\"@type\":\"ImageObject\",\"inLanguage\":\"es\",\"@id\":\"https:\/\/gtartistoo.com\/#\/schema\/logo\/image\/\",\"url\":\"https:\/\/gtartistoo.com\/wp-content\/uploads\/2025\/10\/logo.svg\",\"contentUrl\":\"https:\/\/gtartistoo.com\/wp-content\/uploads\/2025\/10\/logo.svg\",\"width\":369,\"height\":124,\"caption\":\"gtartistoo.com\"},\"image\":{\"@id\":\"https:\/\/gtartistoo.com\/#\/schema\/logo\/image\/\"}}]}<\/script>\n<meta property=\"product:price:amount\" content=\"31.99\" \/>\n<meta property=\"product:price:currency\" content=\"USD\" \/>\n<meta property=\"og:availability\" content=\"instock\" \/>\n<meta property=\"product:availability\" content=\"instock\" \/>\n<meta property=\"product:retailer_item_id\" content=\"30308\" \/>\n<meta property=\"product:condition\" content=\"new\" \/>\n<!-- \/ Yoast SEO Premium plugin. -->","yoast_head_json":{"title":"Gtartistoo Juego de Tinta Fluorescente para Tatuaje - 14 Colores 1\/2oz","description":"Set profesional de tinta fluorescente para tatuajes con 14 colores. Cada botella contiene 1\/2oz. Dise\u00f1ado para aplicaciones de tatuaje profesionales y obras de arte centradas en el color.","robots":{"index":"index","follow":"follow","max-snippet":"max-snippet:-1","max-image-preview":"max-image-preview:large","max-video-preview":"max-video-preview:-1"},"canonical":"https:\/\/gtartistoo.com\/es\/tienda\/tintas-para-tatuajes\/14colors-15ml-fluorescent-tattoo-ink-set\/","og_locale":"es_ES","og_type":"article","og_title":"Gtartistoo Fluorescent Tattoo Ink Set \u2013 14 Colors 1\/2oz","og_description":"Professional fluorescent tattoo ink set with 14 colors. Each bottle contains 1\/2oz. Designed for professional tattoo applications and color-focused artwork.","og_url":"https:\/\/gtartistoo.com\/es\/tienda\/tintas-para-tatuajes\/14colors-15ml-fluorescent-tattoo-ink-set\/","og_site_name":"gtartistoo.com","article_modified_time":"2026-01-28T06:35:50+00:00","og_image":[{"width":1600,"height":1600,"url":"https:\/\/gtartistoo.com\/wp-content\/uploads\/2025\/11\/gtartistoo-fluorescent-tattoo-ink-set-14-colors.jpg","type":"image\/jpeg"}],"twitter_card":"summary_large_image","twitter_misc":{"Precio":"31.99&#36;","Disponibilidad":"Disponible"},"schema":{"@context":"https:\/\/schema.org","@graph":[{"@type":"WebPage","@id":"https:\/\/gtartistoo.com\/shop\/tattoo-inks\/14colors-15ml-fluorescent-tattoo-ink-set\/","url":"https:\/\/gtartistoo.com\/shop\/tattoo-inks\/14colors-15ml-fluorescent-tattoo-ink-set\/","name":"Gtartistoo Juego de Tinta Fluorescente para Tatuaje - 14 Colores 1\/2oz","isPartOf":{"@id":"https:\/\/gtartistoo.com\/#website"},"primaryImageOfPage":{"@id":"https:\/\/gtartistoo.com\/shop\/tattoo-inks\/14colors-15ml-fluorescent-tattoo-ink-set\/#primaryimage"},"image":{"@id":"https:\/\/gtartistoo.com\/shop\/tattoo-inks\/14colors-15ml-fluorescent-tattoo-ink-set\/#primaryimage"},"thumbnailUrl":"https:\/\/gtartistoo.com\/wp-content\/uploads\/2025\/11\/gtartistoo-fluorescent-tattoo-ink-set-14-colors.jpg","datePublished":"2025-11-13T07:54:55+00:00","dateModified":"2026-01-28T06:35:50+00:00","description":"Set profesional de tinta fluorescente para tatuajes con 14 colores. Cada botella contiene 1\/2oz. Dise\u00f1ado para aplicaciones de tatuaje profesionales y obras de arte centradas en el color.","breadcrumb":{"@id":"https:\/\/gtartistoo.com\/shop\/tattoo-inks\/14colors-15ml-fluorescent-tattoo-ink-set\/#breadcrumb"},"inLanguage":"es","potentialAction":[{"@type":"ReadAction","target":["https:\/\/gtartistoo.com\/shop\/tattoo-inks\/14colors-15ml-fluorescent-tattoo-ink-set\/"]}]},{"@type":"ImageObject","inLanguage":"es","@id":"https:\/\/gtartistoo.com\/shop\/tattoo-inks\/14colors-15ml-fluorescent-tattoo-ink-set\/#primaryimage","url":"https:\/\/gtartistoo.com\/wp-content\/uploads\/2025\/11\/gtartistoo-fluorescent-tattoo-ink-set-14-colors.jpg","contentUrl":"https:\/\/gtartistoo.com\/wp-content\/uploads\/2025\/11\/gtartistoo-fluorescent-tattoo-ink-set-14-colors.jpg","width":1600,"height":1600,"caption":"Gtartistoo fluorescent tattoo ink set with 14 colors in 1\/2oz bottles"},{"@type":"BreadcrumbList","@id":"https:\/\/gtartistoo.com\/shop\/tattoo-inks\/14colors-15ml-fluorescent-tattoo-ink-set\/#breadcrumb","itemListElement":[{"@type":"ListItem","position":1,"name":"Home","item":"https:\/\/gtartistoo.com\/"},{"@type":"ListItem","position":2,"name":"Shop","item":"https:\/\/gtartistoo.com\/shop\/"},{"@type":"ListItem","position":3,"name":"Gtartistoo Fluorescent Tattoo Ink Set \u2013 14 Colors 1\/2oz"}]},{"@type":"WebSite","@id":"https:\/\/gtartistoo.com\/#website","url":"https:\/\/gtartistoo.com\/","name":"gtartistoo.com","description":"","publisher":{"@id":"https:\/\/gtartistoo.com\/#organization"},"potentialAction":[{"@type":"SearchAction","target":{"@type":"EntryPoint","urlTemplate":"https:\/\/gtartistoo.com\/?s={search_term_string}"},"query-input":{"@type":"PropertyValueSpecification","valueRequired":true,"valueName":"search_term_string"}}],"inLanguage":"es"},{"@type":"Organization","@id":"https:\/\/gtartistoo.com\/#organization","name":"gtartistoo.com","url":"https:\/\/gtartistoo.com\/","logo":{"@type":"ImageObject","inLanguage":"es","@id":"https:\/\/gtartistoo.com\/#\/schema\/logo\/image\/","url":"https:\/\/gtartistoo.com\/wp-content\/uploads\/2025\/10\/logo.svg","contentUrl":"https:\/\/gtartistoo.com\/wp-content\/uploads\/2025\/10\/logo.svg","width":369,"height":124,"caption":"gtartistoo.com"},"image":{"@id":"https:\/\/gtartistoo.com\/#\/schema\/logo\/image\/"}}]},"product_price_amount":"31.99","product_price_currency":"USD","og_availability":"instock","product_availability":"instock","product_retailer_item_id":"30308","product_condition":"new"},"_links":{"self":[{"href":"https:\/\/gtartistoo.com\/es\/wp-json\/wp\/v2\/product\/30308","targetHints":{"allow":["GET"]}}],"collection":[{"href":"https:\/\/gtartistoo.com\/es\/wp-json\/wp\/v2\/product"}],"about":[{"href":"https:\/\/gtartistoo.com\/es\/wp-json\/wp\/v2\/types\/product"}],"replies":[{"embeddable":true,"href":"https:\/\/gtartistoo.com\/es\/wp-json\/wp\/v2\/comments?post=30308"}],"version-history":[{"count":6,"href":"https:\/\/gtartistoo.com\/es\/wp-json\/wp\/v2\/product\/30308\/revisions"}],"predecessor-version":[{"id":31624,"href":"https:\/\/gtartistoo.com\/es\/wp-json\/wp\/v2\/product\/30308\/revisions\/31624"}],"wp:featuredmedia":[{"embeddable":true,"href":"https:\/\/gtartistoo.com\/es\/wp-json\/wp\/v2\/media\/31620"}],"wp:attachment":[{"href":"https:\/\/gtartistoo.com\/es\/wp-json\/wp\/v2\/media?parent=30308"}],"wp:term":[{"taxonomy":"product_brand","embeddable":true,"href":"https:\/\/gtartistoo.com\/es\/wp-json\/wp\/v2\/product_brand?post=30308"},{"taxonomy":"product_cat","embeddable":true,"href":"https:\/\/gtartistoo.com\/es\/wp-json\/wp\/v2\/product_cat?post=30308"},{"taxonomy":"product_tag","embeddable":true,"href":"https:\/\/gtartistoo.com\/es\/wp-json\/wp\/v2\/product_tag?post=30308"}],"curies":[{"name":"wp","href":"https:\/\/api.w.org\/{rel}","templated":true}]}}