{"id":30322,"date":"2025-11-13T08:18:51","date_gmt":"2025-11-13T08:18:51","guid":{"rendered":"https:\/\/gtartistoo.com\/?post_type=product&#038;p=30322"},"modified":"2026-03-05T01:46:13","modified_gmt":"2026-03-05T01:46:13","slug":"tinta-negra-para-tatuajes-4oz","status":"publish","type":"product","link":"https:\/\/gtartistoo.com\/es\/tienda\/tintas-para-tatuajes\/tinta-negra-para-tatuajes-4oz\/","title":{"rendered":"Gtartistoo Tinta Negra para Tatuajes - 4 oz .Botella"},"content":{"rendered":"<p data-start=\"1341\" data-end=\"1543\">Esta tinta de tatuaje negro est\u00e1 destinado a trabajos de tatuaje profesional que requiere un pigmento negro consistente. Cada botella contiene 4 onzas de tinta de tatuaje. El envase permite una dosificaci\u00f3n controlada durante el uso.<\/p>\n<h3 data-start=\"1545\" data-end=\"1563\">Caracter\u00edsticas principales<\/h3>\n<ul data-start=\"1564\" data-end=\"1728\">\n<li data-start=\"1564\" data-end=\"1589\">\n<p data-start=\"1566\" data-end=\"1589\">Tinta negra verdadera para tatuajes<\/p>\n<\/li>\n<li data-start=\"1590\" data-end=\"1618\">\n<p data-start=\"1592\" data-end=\"1618\">Formulaci\u00f3n monocolor<\/p>\n<\/li>\n<li data-start=\"1619\" data-end=\"1651\">\n<p data-start=\"1621\" data-end=\"1651\">Botella de 4 oz para uso prolongado<\/p>\n<\/li>\n<li data-start=\"1652\" data-end=\"1681\">\n<p data-start=\"1654\" data-end=\"1681\">Punta dosificadora controlada<\/p>\n<\/li>\n<li data-start=\"1682\" data-end=\"1728\">\n<p data-start=\"1684\" data-end=\"1728\">Adecuado para equipos de tatuaje profesionales<\/p>\n<\/li>\n<\/ul>\n<h3 data-start=\"1730\" data-end=\"1760\">Especificaciones t\u00e9cnicas<\/h3>\n<ul data-start=\"1761\" data-end=\"1850\">\n<li data-start=\"1761\" data-end=\"1782\">\n<p data-start=\"1763\" data-end=\"1782\">Marca: Gtartistoo<\/p>\n<\/li>\n<li data-start=\"1783\" data-end=\"1811\">\n<p data-start=\"1785\" data-end=\"1811\">Tipo de producto: Tinta para tatuajes<\/p>\n<\/li>\n<li data-start=\"1812\" data-end=\"1833\">\n<p data-start=\"1814\" data-end=\"1833\">Color: Negro<\/p>\n<\/li>\n<li data-start=\"1834\" data-end=\"1850\">\n<p data-start=\"1836\" data-end=\"1850\">Volumen: 4 oz<\/p>\n<\/li>\n<\/ul>\n<h3 data-start=\"1852\" data-end=\"1879\">Compatibilidad \/ Uso<\/h3>\n<p data-start=\"1880\" data-end=\"2120\">Esta tinta de tatuaje est\u00e1 destinada al uso con m\u00e1quinas y accesorios de tatuaje profesionales est\u00e1ndar. Util\u00edcela de acuerdo con las pr\u00e1cticas de tatuaje profesionales y la normativa local aplicable. El aspecto visual puede variar en funci\u00f3n de las condiciones de iluminaci\u00f3n.<\/p>","protected":false},"excerpt":{"rendered":"<p data-start=\"870\" data-end=\"1180\">La Tinta de Tatuaje Negra Gtartistoo se suministra en una botella de 4 oz y cuenta con un verdadero pigmento negro para aplicaciones de tatuaje profesional. Esta tinta de un solo color est\u00e1 dise\u00f1ada para un uso consistente en entornos de estudio. La botella incluye una punta dispensadora controlada para ayudar a un manejo preciso de la tinta durante el trabajo de tatuaje.<\/p>\n<p data-start=\"1182\" data-end=\"1207\"><strong data-start=\"1182\" data-end=\"1205\">Caracter\u00edsticas del producto:<\/strong><\/p>\n<ul data-start=\"1208\" data-end=\"1288\">\n<li data-start=\"1208\" data-end=\"1233\">\n<p data-start=\"1210\" data-end=\"1233\">Tinta negra verdadera para tatuajes<\/p>\n<\/li>\n<li data-start=\"1234\" data-end=\"1254\">\n<p data-start=\"1236\" data-end=\"1254\">Frasco de 4 oz<\/p>\n<\/li>\n<li data-start=\"1255\" data-end=\"1288\">\n<p data-start=\"1257\" data-end=\"1288\">Dise\u00f1ado para uso profesional<\/p>\n<\/li>\n<\/ul>","protected":false},"featured_media":31643,"comment_status":"open","ping_status":"closed","template":"","meta":[],"product_brand":[71],"product_cat":[352,72],"product_tag":[225,201],"class_list":{"0":"post-30322","1":"product","2":"type-product","3":"status-publish","4":"has-post-thumbnail","6":"product_brand-gtartistoo","7":"product_cat-single-bottle-tattoo-ink","8":"product_cat-tattoo-inks","9":"product_tag-large-capacity-ink","10":"product_tag-true-black-ink","12":"first","13":"instock","14":"taxable","15":"shipping-taxable","16":"purchasable","17":"product-type-simple"},"yoast_head":"<!-- This site is optimized with the Yoast SEO Premium plugin v26.2 (Yoast SEO v26.2) - https:\/\/yoast.com\/wordpress\/plugins\/seo\/ -->\n<title>Gtartistoo Black Tattoo Ink \u2013 True Black, 4 oz Bottle<\/title>\n<meta name=\"description\" content=\"Gtartistoo true black tattoo ink in a 4 oz bottle. Designed for professional tattoo applications requiring consistent black pigment.\" \/>\n<meta name=\"robots\" content=\"index, follow, max-snippet:-1, max-image-preview:large, max-video-preview:-1\" \/>\n<link rel=\"canonical\" href=\"https:\/\/gtartistoo.com\/es\/tienda\/tintas-para-tatuajes\/tinta-negra-para-tatuajes-4oz\/\" \/>\n<meta property=\"og:locale\" content=\"es_ES\" \/>\n<meta property=\"og:type\" content=\"article\" \/>\n<meta property=\"og:title\" content=\"Gtartistoo Black Tattoo Ink \u2013 4 oz .Bottle\" \/>\n<meta property=\"og:description\" content=\"Gtartistoo true black tattoo ink in a 4 oz bottle. Designed for professional tattoo applications requiring consistent black pigment.\" \/>\n<meta property=\"og:url\" content=\"https:\/\/gtartistoo.com\/es\/tienda\/tintas-para-tatuajes\/tinta-negra-para-tatuajes-4oz\/\" \/>\n<meta property=\"og:site_name\" content=\"gtartistoo.com\" \/>\n<meta property=\"article:modified_time\" content=\"2026-03-05T01:46:13+00:00\" \/>\n<meta property=\"og:image\" content=\"https:\/\/gtartistoo.com\/wp-content\/uploads\/2025\/11\/gtartistoo-black-tattoo-ink-4oz-1.jpg\" \/>\n\t<meta property=\"og:image:width\" content=\"1500\" \/>\n\t<meta property=\"og:image:height\" content=\"1500\" \/>\n\t<meta property=\"og:image:type\" content=\"image\/jpeg\" \/>\n<meta name=\"twitter:card\" content=\"summary_large_image\" \/>\n<meta name=\"twitter:label1\" content=\"Precio\" \/>\n\t<meta name=\"twitter:data1\" content=\"9.99&#036;\" \/>\n\t<meta name=\"twitter:label2\" content=\"Disponibilidad\" \/>\n\t<meta name=\"twitter:data2\" content=\"Disponible\" \/>\n<script type=\"application\/ld+json\" class=\"yoast-schema-graph\">{\"@context\":\"https:\/\/schema.org\",\"@graph\":[{\"@type\":\"WebPage\",\"@id\":\"https:\/\/gtartistoo.com\/shop\/tattoo-inks\/black-tattoo-ink-4oz\/\",\"url\":\"https:\/\/gtartistoo.com\/shop\/tattoo-inks\/black-tattoo-ink-4oz\/\",\"name\":\"Gtartistoo Black Tattoo Ink \u2013 True Black, 4 oz Bottle\",\"isPartOf\":{\"@id\":\"https:\/\/gtartistoo.com\/#website\"},\"primaryImageOfPage\":{\"@id\":\"https:\/\/gtartistoo.com\/shop\/tattoo-inks\/black-tattoo-ink-4oz\/#primaryimage\"},\"image\":{\"@id\":\"https:\/\/gtartistoo.com\/shop\/tattoo-inks\/black-tattoo-ink-4oz\/#primaryimage\"},\"thumbnailUrl\":\"https:\/\/gtartistoo.com\/wp-content\/uploads\/2025\/11\/gtartistoo-black-tattoo-ink-4oz-1.jpg\",\"datePublished\":\"2025-11-13T08:18:51+00:00\",\"dateModified\":\"2026-03-05T01:46:13+00:00\",\"description\":\"Gtartistoo true black tattoo ink in a 4 oz bottle. Designed for professional tattoo applications requiring consistent black pigment.\",\"breadcrumb\":{\"@id\":\"https:\/\/gtartistoo.com\/shop\/tattoo-inks\/black-tattoo-ink-4oz\/#breadcrumb\"},\"inLanguage\":\"es\",\"potentialAction\":[{\"@type\":\"ReadAction\",\"target\":[\"https:\/\/gtartistoo.com\/shop\/tattoo-inks\/black-tattoo-ink-4oz\/\"]}]},{\"@type\":\"ImageObject\",\"inLanguage\":\"es\",\"@id\":\"https:\/\/gtartistoo.com\/shop\/tattoo-inks\/black-tattoo-ink-4oz\/#primaryimage\",\"url\":\"https:\/\/gtartistoo.com\/wp-content\/uploads\/2025\/11\/gtartistoo-black-tattoo-ink-4oz-1.jpg\",\"contentUrl\":\"https:\/\/gtartistoo.com\/wp-content\/uploads\/2025\/11\/gtartistoo-black-tattoo-ink-4oz-1.jpg\",\"width\":1500,\"height\":1500},{\"@type\":\"BreadcrumbList\",\"@id\":\"https:\/\/gtartistoo.com\/shop\/tattoo-inks\/black-tattoo-ink-4oz\/#breadcrumb\",\"itemListElement\":[{\"@type\":\"ListItem\",\"position\":1,\"name\":\"Home\",\"item\":\"https:\/\/gtartistoo.com\/\"},{\"@type\":\"ListItem\",\"position\":2,\"name\":\"Shop\",\"item\":\"https:\/\/gtartistoo.com\/shop\/\"},{\"@type\":\"ListItem\",\"position\":3,\"name\":\"Gtartistoo Black Tattoo Ink \u2013 4 oz .Bottle\"}]},{\"@type\":\"WebSite\",\"@id\":\"https:\/\/gtartistoo.com\/#website\",\"url\":\"https:\/\/gtartistoo.com\/\",\"name\":\"gtartistoo.com\",\"description\":\"\",\"publisher\":{\"@id\":\"https:\/\/gtartistoo.com\/#organization\"},\"potentialAction\":[{\"@type\":\"SearchAction\",\"target\":{\"@type\":\"EntryPoint\",\"urlTemplate\":\"https:\/\/gtartistoo.com\/?s={search_term_string}\"},\"query-input\":{\"@type\":\"PropertyValueSpecification\",\"valueRequired\":true,\"valueName\":\"search_term_string\"}}],\"inLanguage\":\"es\"},{\"@type\":\"Organization\",\"@id\":\"https:\/\/gtartistoo.com\/#organization\",\"name\":\"gtartistoo.com\",\"url\":\"https:\/\/gtartistoo.com\/\",\"logo\":{\"@type\":\"ImageObject\",\"inLanguage\":\"es\",\"@id\":\"https:\/\/gtartistoo.com\/#\/schema\/logo\/image\/\",\"url\":\"https:\/\/gtartistoo.com\/wp-content\/uploads\/2025\/10\/logo.svg\",\"contentUrl\":\"https:\/\/gtartistoo.com\/wp-content\/uploads\/2025\/10\/logo.svg\",\"width\":369,\"height\":124,\"caption\":\"gtartistoo.com\"},\"image\":{\"@id\":\"https:\/\/gtartistoo.com\/#\/schema\/logo\/image\/\"}}]}<\/script>\n<meta property=\"product:price:amount\" content=\"9.99\" \/>\n<meta property=\"product:price:currency\" content=\"USD\" \/>\n<meta property=\"og:availability\" content=\"instock\" \/>\n<meta property=\"product:availability\" content=\"instock\" \/>\n<meta property=\"product:retailer_item_id\" content=\"30322\" \/>\n<meta property=\"product:condition\" content=\"new\" \/>\n<!-- \/ Yoast SEO Premium plugin. -->","yoast_head_json":{"title":"Gtartistoo Tinta Negra para Tatuajes - Negro Verdadero, Botella de 4 oz","description":"Gtartistoo tinta de tatuaje negro verdadero en una botella de 4 oz. Dise\u00f1ado para aplicaciones de tatuaje profesional que requieren pigmento negro consistente.","robots":{"index":"index","follow":"follow","max-snippet":"max-snippet:-1","max-image-preview":"max-image-preview:large","max-video-preview":"max-video-preview:-1"},"canonical":"https:\/\/gtartistoo.com\/es\/tienda\/tintas-para-tatuajes\/tinta-negra-para-tatuajes-4oz\/","og_locale":"es_ES","og_type":"article","og_title":"Gtartistoo Black Tattoo Ink \u2013 4 oz .Bottle","og_description":"Gtartistoo true black tattoo ink in a 4 oz bottle. Designed for professional tattoo applications requiring consistent black pigment.","og_url":"https:\/\/gtartistoo.com\/es\/tienda\/tintas-para-tatuajes\/tinta-negra-para-tatuajes-4oz\/","og_site_name":"gtartistoo.com","article_modified_time":"2026-03-05T01:46:13+00:00","og_image":[{"width":1500,"height":1500,"url":"https:\/\/gtartistoo.com\/wp-content\/uploads\/2025\/11\/gtartistoo-black-tattoo-ink-4oz-1.jpg","type":"image\/jpeg"}],"twitter_card":"summary_large_image","twitter_misc":{"Precio":"9.99&#36;","Disponibilidad":"Disponible"},"schema":{"@context":"https:\/\/schema.org","@graph":[{"@type":"WebPage","@id":"https:\/\/gtartistoo.com\/shop\/tattoo-inks\/black-tattoo-ink-4oz\/","url":"https:\/\/gtartistoo.com\/shop\/tattoo-inks\/black-tattoo-ink-4oz\/","name":"Gtartistoo Tinta Negra para Tatuajes - Negro Verdadero, Botella de 4 oz","isPartOf":{"@id":"https:\/\/gtartistoo.com\/#website"},"primaryImageOfPage":{"@id":"https:\/\/gtartistoo.com\/shop\/tattoo-inks\/black-tattoo-ink-4oz\/#primaryimage"},"image":{"@id":"https:\/\/gtartistoo.com\/shop\/tattoo-inks\/black-tattoo-ink-4oz\/#primaryimage"},"thumbnailUrl":"https:\/\/gtartistoo.com\/wp-content\/uploads\/2025\/11\/gtartistoo-black-tattoo-ink-4oz-1.jpg","datePublished":"2025-11-13T08:18:51+00:00","dateModified":"2026-03-05T01:46:13+00:00","description":"Gtartistoo tinta de tatuaje negro verdadero en una botella de 4 oz. Dise\u00f1ado para aplicaciones de tatuaje profesional que requieren pigmento negro consistente.","breadcrumb":{"@id":"https:\/\/gtartistoo.com\/shop\/tattoo-inks\/black-tattoo-ink-4oz\/#breadcrumb"},"inLanguage":"es","potentialAction":[{"@type":"ReadAction","target":["https:\/\/gtartistoo.com\/shop\/tattoo-inks\/black-tattoo-ink-4oz\/"]}]},{"@type":"ImageObject","inLanguage":"es","@id":"https:\/\/gtartistoo.com\/shop\/tattoo-inks\/black-tattoo-ink-4oz\/#primaryimage","url":"https:\/\/gtartistoo.com\/wp-content\/uploads\/2025\/11\/gtartistoo-black-tattoo-ink-4oz-1.jpg","contentUrl":"https:\/\/gtartistoo.com\/wp-content\/uploads\/2025\/11\/gtartistoo-black-tattoo-ink-4oz-1.jpg","width":1500,"height":1500},{"@type":"BreadcrumbList","@id":"https:\/\/gtartistoo.com\/shop\/tattoo-inks\/black-tattoo-ink-4oz\/#breadcrumb","itemListElement":[{"@type":"ListItem","position":1,"name":"Home","item":"https:\/\/gtartistoo.com\/"},{"@type":"ListItem","position":2,"name":"Shop","item":"https:\/\/gtartistoo.com\/shop\/"},{"@type":"ListItem","position":3,"name":"Gtartistoo Black Tattoo Ink \u2013 4 oz .Bottle"}]},{"@type":"WebSite","@id":"https:\/\/gtartistoo.com\/#website","url":"https:\/\/gtartistoo.com\/","name":"gtartistoo.com","description":"","publisher":{"@id":"https:\/\/gtartistoo.com\/#organization"},"potentialAction":[{"@type":"SearchAction","target":{"@type":"EntryPoint","urlTemplate":"https:\/\/gtartistoo.com\/?s={search_term_string}"},"query-input":{"@type":"PropertyValueSpecification","valueRequired":true,"valueName":"search_term_string"}}],"inLanguage":"es"},{"@type":"Organization","@id":"https:\/\/gtartistoo.com\/#organization","name":"gtartistoo.com","url":"https:\/\/gtartistoo.com\/","logo":{"@type":"ImageObject","inLanguage":"es","@id":"https:\/\/gtartistoo.com\/#\/schema\/logo\/image\/","url":"https:\/\/gtartistoo.com\/wp-content\/uploads\/2025\/10\/logo.svg","contentUrl":"https:\/\/gtartistoo.com\/wp-content\/uploads\/2025\/10\/logo.svg","width":369,"height":124,"caption":"gtartistoo.com"},"image":{"@id":"https:\/\/gtartistoo.com\/#\/schema\/logo\/image\/"}}]},"product_price_amount":"9.99","product_price_currency":"USD","og_availability":"instock","product_availability":"instock","product_retailer_item_id":"30322","product_condition":"new"},"_links":{"self":[{"href":"https:\/\/gtartistoo.com\/es\/wp-json\/wp\/v2\/product\/30322","targetHints":{"allow":["GET"]}}],"collection":[{"href":"https:\/\/gtartistoo.com\/es\/wp-json\/wp\/v2\/product"}],"about":[{"href":"https:\/\/gtartistoo.com\/es\/wp-json\/wp\/v2\/types\/product"}],"replies":[{"embeddable":true,"href":"https:\/\/gtartistoo.com\/es\/wp-json\/wp\/v2\/comments?post=30322"}],"version-history":[{"count":10,"href":"https:\/\/gtartistoo.com\/es\/wp-json\/wp\/v2\/product\/30322\/revisions"}],"predecessor-version":[{"id":31644,"href":"https:\/\/gtartistoo.com\/es\/wp-json\/wp\/v2\/product\/30322\/revisions\/31644"}],"wp:featuredmedia":[{"embeddable":true,"href":"https:\/\/gtartistoo.com\/es\/wp-json\/wp\/v2\/media\/31643"}],"wp:attachment":[{"href":"https:\/\/gtartistoo.com\/es\/wp-json\/wp\/v2\/media?parent=30322"}],"wp:term":[{"taxonomy":"product_brand","embeddable":true,"href":"https:\/\/gtartistoo.com\/es\/wp-json\/wp\/v2\/product_brand?post=30322"},{"taxonomy":"product_cat","embeddable":true,"href":"https:\/\/gtartistoo.com\/es\/wp-json\/wp\/v2\/product_cat?post=30322"},{"taxonomy":"product_tag","embeddable":true,"href":"https:\/\/gtartistoo.com\/es\/wp-json\/wp\/v2\/product_tag?post=30322"}],"curies":[{"name":"wp","href":"https:\/\/api.w.org\/{rel}","templated":true}]}}