{"id":30552,"date":"2026-01-29T05:31:54","date_gmt":"2026-01-29T05:31:54","guid":{"rendered":"https:\/\/gtartistoo.com\/?post_type=product&#038;p=30552"},"modified":"2026-01-29T05:31:55","modified_gmt":"2026-01-29T05:31:55","slug":"cnc-e400-wireless-tattoo-pen-machine-oro","status":"publish","type":"product","link":"https:\/\/gtartistoo.com\/es\/tienda\/maquina-de-tatuar\/cnc-e400-wireless-tattoo-pen-machine-oro\/","title":{"rendered":"M\u00e1quina inal\u00e1mbrica para hacer tatuajes con bol\u00edgrafo CNC E400 - Oro"},"content":{"rendered":"<h1 class=\"header-iWP5WJ auto-hide-last-sibling-br\">E400 L\u00e1piz Inal\u00e1mbrico para Tatuajes: Rendimiento de nivel profesional para un tatuaje perfecto<\/h1>\n<div class=\"auto-hide-last-sibling-br paragraph-pP9ZLC paragraph-element br-paragraph-space\">El l\u00e1piz inal\u00e1mbrico para tatuajes E400 est\u00e1 hecho a medida para los artistas del tatuaje, ya que combina una fiabilidad duradera, un ajuste preciso y un funcionamiento estable para ayudarle en todas las fases de su proceso creativo, desde los contornos m\u00e1s finos hasta las texturas m\u00e1s ricas.<\/div>\n<h3 class=\"header-iWP5WJ auto-hide-last-sibling-br\">Bater\u00edas dobles RCA de 1800mAh: Tiempo de inactividad cero para sesiones ininterrumpidas<\/h3>\n<div class=\"auto-hide-last-sibling-br paragraph-pP9ZLC paragraph-element br-paragraph-space\">Equipado con dos bater\u00edas RCA de 1800mAh de alta capacidad, el bol\u00edgrafo ofrece hasta 10 horas de uso inal\u00e1mbrico continuo, suficiente para sesiones de tatuaje de un d\u00eda entero. Cuando una bater\u00eda est\u00e1 en uso, la otra puede recargarse en paralelo; un r\u00e1pido intercambio te permite seguir trabajando sin pausas, eliminando la frustraci\u00f3n de los cortes de energ\u00eda a mitad de sesi\u00f3n y garantizando una productividad sin interrupciones.<\/div>\n<h3 class=\"header-iWP5WJ auto-hide-last-sibling-br\">Ajuste de 7 tiempos y profundidad de aguja de 0-4,5 mm: Precisi\u00f3n para cada t\u00e9cnica<\/h3>\n<div class=\"auto-hide-last-sibling-br paragraph-pP9ZLC paragraph-element br-paragraph-space\">Ofrece 7 longitudes de carrera personalizables (2,4 mm-4,2 mm) y un rango de profundidad de aguja flexible (0-4,5 mm), lo que le permite ajustar la herramienta para que se adapte a sus necesidades.\u00a0<em>exactamente<\/em>\u00a0lo que tu arte requiere:<\/div>\n<div class=\"container-Uxvbjy md-box-line-break wrapper-GYqxgQ undefined\"><\/div>\n<ul class=\"auto-hide-last-sibling-br\">\n<li>Utilice trazos m\u00e1s cortos (2,4 mm-3,0 mm) para obtener un delineado n\u00edtido y preciso;<\/li>\n<li>Opta por trazos medios (3,2 mm-3,8 mm) para conseguir un empaque de color vibrante;<\/li>\n<li>Elige trazos m\u00e1s largos (4,0 mm-4,2 mm) para conseguir un sombreado suave y liso.\n<div class=\"container-Uxvbjy md-box-line-break wrapper-GYqxgQ undefined\"><\/div>\n<p>Esta adaptabilidad significa que la E400 funciona para estilos tradicionales atrevidos, micro-realismo delicado, y todo lo dem\u00e1s.<\/li>\n<\/ul>\n<h3 class=\"header-iWP5WJ auto-hide-last-sibling-br\">Motor sin n\u00facleo sin escobillas + dise\u00f1o antirrotaci\u00f3n: Funcionamiento estable y sin fatiga<\/h3>\n<div class=\"auto-hide-last-sibling-br paragraph-pP9ZLC paragraph-element br-paragraph-space\">Gracias a su motor sin escobillas y a su sistema de accionamiento directo, el bol\u00edgrafo funciona con una vibraci\u00f3n ultrabaja y un ruido m\u00ednimo, algo fundamental para reducir la fatiga de la mano durante sesiones de m\u00e1s de 4 horas. El dise\u00f1o antideslizante y antivuelco del cuerpo mantiene el bol\u00edgrafo en una posici\u00f3n segura en la estaci\u00f3n de trabajo (incluso con tinta o gel cerca), evitando desplazamientos accidentales que podr\u00edan arruinar los detalles m\u00e1s finos. El sistema de accionamiento directo tambi\u00e9n garantiza una transferencia de potencia constante a la aguja, para que cada trazo y cada sombra sean uniformes.<\/div>\n<h3 class=\"header-iWP5WJ auto-hide-last-sibling-br\">Modos duales y 3 preajustes de memoria: Ahorre tiempo, aumente la creatividad<\/h3>\n<div class=\"auto-hide-last-sibling-br paragraph-pP9ZLC paragraph-element br-paragraph-space\">Cambia entre dos modos especializados con un solo toque:<\/div>\n<div class=\"container-Uxvbjy md-box-line-break wrapper-GYqxgQ undefined\"><\/div>\n<ul class=\"auto-hide-last-sibling-br\">\n<li><strong>Modo normal<\/strong>: Para el tatuaje est\u00e1ndar (delineado, sombreado, color);<\/li>\n<li><strong>Modo Stippling<\/strong>: Para detalles de textura (por ejemplo, textura de la piel, mechones de pelo).\n<div class=\"container-Uxvbjy md-box-line-break wrapper-GYqxgQ undefined\"><\/div>\n<p>Tambi\u00e9n incluye una funci\u00f3n de arranque r\u00e1pido (encendido instant\u00e1neo para una configuraci\u00f3n r\u00e1pida) y 3 preajustes de memoria: guarde sus ajustes favoritos (por ejemplo, longitud de carrera + voltaje) para diferentes tipos de agujas (forros redondos, sombreadores magnum) o proyectos. Se acabaron los ajustes repetitivos: s\u00f3lo tiene que seleccionar su preajuste y empezar a crear.<\/li>\n<\/ul>\n<h3 class=\"header-iWP5WJ auto-hide-last-sibling-br\">Pantalla HD en color: Control en tiempo real de un vistazo<\/h3>\n<div class=\"auto-hide-last-sibling-br paragraph-pP9ZLC paragraph-element br-paragraph-space\">Una pantalla a color HD integrada muestra informaci\u00f3n clave en tiempo real: nivel de bater\u00eda (para que nunca se quede sin ella inesperadamente), voltaje actual, longitud de la carrera y modo activo. La interfaz es intuitiva, sin men\u00fas complicados, para que puedas modificar los ajustes en mitad de la sesi\u00f3n sin perder de vista la piel del cliente.<\/div>","protected":false},"excerpt":{"rendered":"<p>E400 Wireless Tattoo Pen: Professional-Grade Performance for Seamless Tattooing The E400 Wireless Tattoo Pen is tailor-made for tattoo artists, combining<\/p>","protected":false},"featured_media":30557,"comment_status":"open","ping_status":"closed","template":"","meta":[],"product_brand":[248],"product_cat":[77],"product_tag":[],"class_list":{"0":"post-30552","1":"product","2":"type-product","3":"status-publish","4":"has-post-thumbnail","6":"product_brand-cnc","7":"product_cat-tattoo-machine","9":"first","10":"instock","11":"taxable","12":"shipping-taxable","13":"purchasable","14":"product-type-simple"},"yoast_head":"<!-- This site is optimized with the Yoast SEO Premium plugin v26.2 (Yoast SEO v26.2) - https:\/\/yoast.com\/wordpress\/plugins\/seo\/ -->\n<title>Tattoo Supplies Shop | Professional Tattoo Equipment<\/title>\n<meta name=\"description\" content=\"The E400 Wireless Tattoo Pen is tailor-made for tattoo artists, combining long-lasting reliability, precise adjustability, and stable operation to support every stage of your creative process\u2014from fine outlines to rich textures.\" \/>\n<meta name=\"robots\" content=\"index, follow, max-snippet:-1, max-image-preview:large, max-video-preview:-1\" \/>\n<link rel=\"canonical\" href=\"https:\/\/gtartistoo.com\/es\/tienda\/maquina-de-tatuar\/cnc-e400-wireless-tattoo-pen-machine-oro\/\" \/>\n<meta property=\"og:locale\" content=\"es_ES\" \/>\n<meta property=\"og:type\" content=\"article\" \/>\n<meta property=\"og:title\" content=\"CNC E400 Wireless Tattoo Pen Machine - Gold\" \/>\n<meta property=\"og:description\" content=\"The E400 Wireless Tattoo Pen is tailor-made for tattoo artists, combining long-lasting reliability, precise adjustability, and stable operation to support every stage of your creative process\u2014from fine outlines to rich textures.\" \/>\n<meta property=\"og:url\" content=\"https:\/\/gtartistoo.com\/es\/tienda\/maquina-de-tatuar\/cnc-e400-wireless-tattoo-pen-machine-oro\/\" \/>\n<meta property=\"og:site_name\" content=\"gtartistoo.com\" \/>\n<meta property=\"article:modified_time\" content=\"2026-01-29T05:31:55+00:00\" \/>\n<meta property=\"og:image\" content=\"https:\/\/gtartistoo.com\/wp-content\/uploads\/2025\/12\/CNC-E400-1.jpg\" \/>\n\t<meta property=\"og:image:width\" content=\"1600\" \/>\n\t<meta property=\"og:image:height\" content=\"1600\" \/>\n\t<meta property=\"og:image:type\" content=\"image\/jpeg\" \/>\n<meta name=\"twitter:card\" content=\"summary_large_image\" \/>\n<meta name=\"twitter:label1\" content=\"Precio\" \/>\n\t<meta name=\"twitter:data1\" content=\"309.98&#036;\" \/>\n\t<meta name=\"twitter:label2\" content=\"Disponibilidad\" \/>\n\t<meta name=\"twitter:data2\" content=\"Disponible\" \/>\n<script type=\"application\/ld+json\" class=\"yoast-schema-graph\">{\"@context\":\"https:\/\/schema.org\",\"@graph\":[{\"@type\":\"WebPage\",\"@id\":\"https:\/\/gtartistoo.com\/shop\/tattoo-machine\/cnc-e400-wireless-tattoo-pen-machine-gold\/\",\"url\":\"https:\/\/gtartistoo.com\/shop\/tattoo-machine\/cnc-e400-wireless-tattoo-pen-machine-gold\/\",\"name\":\"Tattoo Supplies Shop | Professional Tattoo Equipment\",\"isPartOf\":{\"@id\":\"https:\/\/gtartistoo.com\/#website\"},\"primaryImageOfPage\":{\"@id\":\"https:\/\/gtartistoo.com\/shop\/tattoo-machine\/cnc-e400-wireless-tattoo-pen-machine-gold\/#primaryimage\"},\"image\":{\"@id\":\"https:\/\/gtartistoo.com\/shop\/tattoo-machine\/cnc-e400-wireless-tattoo-pen-machine-gold\/#primaryimage\"},\"thumbnailUrl\":\"https:\/\/gtartistoo.com\/wp-content\/uploads\/2025\/12\/CNC-E400-1.jpg\",\"datePublished\":\"2026-01-29T05:31:54+00:00\",\"dateModified\":\"2026-01-29T05:31:55+00:00\",\"description\":\"The E400 Wireless Tattoo Pen is tailor-made for tattoo artists, combining long-lasting reliability, precise adjustability, and stable operation to support every stage of your creative process\u2014from fine outlines to rich textures.\",\"breadcrumb\":{\"@id\":\"https:\/\/gtartistoo.com\/shop\/tattoo-machine\/cnc-e400-wireless-tattoo-pen-machine-gold\/#breadcrumb\"},\"inLanguage\":\"es\",\"potentialAction\":[{\"@type\":\"ReadAction\",\"target\":[\"https:\/\/gtartistoo.com\/shop\/tattoo-machine\/cnc-e400-wireless-tattoo-pen-machine-gold\/\"]}]},{\"@type\":\"ImageObject\",\"inLanguage\":\"es\",\"@id\":\"https:\/\/gtartistoo.com\/shop\/tattoo-machine\/cnc-e400-wireless-tattoo-pen-machine-gold\/#primaryimage\",\"url\":\"https:\/\/gtartistoo.com\/wp-content\/uploads\/2025\/12\/CNC-E400-1.jpg\",\"contentUrl\":\"https:\/\/gtartistoo.com\/wp-content\/uploads\/2025\/12\/CNC-E400-1.jpg\",\"width\":1600,\"height\":1600},{\"@type\":\"BreadcrumbList\",\"@id\":\"https:\/\/gtartistoo.com\/shop\/tattoo-machine\/cnc-e400-wireless-tattoo-pen-machine-gold\/#breadcrumb\",\"itemListElement\":[{\"@type\":\"ListItem\",\"position\":1,\"name\":\"Home\",\"item\":\"https:\/\/gtartistoo.com\/\"},{\"@type\":\"ListItem\",\"position\":2,\"name\":\"Shop\",\"item\":\"https:\/\/gtartistoo.com\/shop\/\"},{\"@type\":\"ListItem\",\"position\":3,\"name\":\"CNC E400 Wireless Tattoo Pen Machine &#8211; Gold\"}]},{\"@type\":\"WebSite\",\"@id\":\"https:\/\/gtartistoo.com\/#website\",\"url\":\"https:\/\/gtartistoo.com\/\",\"name\":\"gtartistoo.com\",\"description\":\"\",\"publisher\":{\"@id\":\"https:\/\/gtartistoo.com\/#organization\"},\"potentialAction\":[{\"@type\":\"SearchAction\",\"target\":{\"@type\":\"EntryPoint\",\"urlTemplate\":\"https:\/\/gtartistoo.com\/?s={search_term_string}\"},\"query-input\":{\"@type\":\"PropertyValueSpecification\",\"valueRequired\":true,\"valueName\":\"search_term_string\"}}],\"inLanguage\":\"es\"},{\"@type\":\"Organization\",\"@id\":\"https:\/\/gtartistoo.com\/#organization\",\"name\":\"gtartistoo.com\",\"url\":\"https:\/\/gtartistoo.com\/\",\"logo\":{\"@type\":\"ImageObject\",\"inLanguage\":\"es\",\"@id\":\"https:\/\/gtartistoo.com\/#\/schema\/logo\/image\/\",\"url\":\"https:\/\/gtartistoo.com\/wp-content\/uploads\/2025\/10\/logo.svg\",\"contentUrl\":\"https:\/\/gtartistoo.com\/wp-content\/uploads\/2025\/10\/logo.svg\",\"width\":369,\"height\":124,\"caption\":\"gtartistoo.com\"},\"image\":{\"@id\":\"https:\/\/gtartistoo.com\/#\/schema\/logo\/image\/\"}}]}<\/script>\n<meta property=\"product:price:amount\" content=\"309.98\" \/>\n<meta property=\"product:price:currency\" content=\"USD\" \/>\n<meta property=\"og:availability\" content=\"instock\" \/>\n<meta property=\"product:availability\" content=\"instock\" \/>\n<meta property=\"product:retailer_item_id\" content=\"30552\" \/>\n<meta property=\"product:condition\" content=\"new\" \/>\n<!-- \/ Yoast SEO Premium plugin. -->","yoast_head_json":{"title":"Tattoo Supplies Shop | Equipo profesional para tatuajes","description":"El l\u00e1piz inal\u00e1mbrico para tatuajes E400 est\u00e1 hecho a medida para los artistas del tatuaje, ya que combina una fiabilidad duradera, un ajuste preciso y un funcionamiento estable para ayudarle en todas las fases de su proceso creativo, desde los contornos m\u00e1s finos hasta las texturas m\u00e1s ricas.","robots":{"index":"index","follow":"follow","max-snippet":"max-snippet:-1","max-image-preview":"max-image-preview:large","max-video-preview":"max-video-preview:-1"},"canonical":"https:\/\/gtartistoo.com\/es\/tienda\/maquina-de-tatuar\/cnc-e400-wireless-tattoo-pen-machine-oro\/","og_locale":"es_ES","og_type":"article","og_title":"CNC E400 Wireless Tattoo Pen Machine - Gold","og_description":"The E400 Wireless Tattoo Pen is tailor-made for tattoo artists, combining long-lasting reliability, precise adjustability, and stable operation to support every stage of your creative process\u2014from fine outlines to rich textures.","og_url":"https:\/\/gtartistoo.com\/es\/tienda\/maquina-de-tatuar\/cnc-e400-wireless-tattoo-pen-machine-oro\/","og_site_name":"gtartistoo.com","article_modified_time":"2026-01-29T05:31:55+00:00","og_image":[{"width":1600,"height":1600,"url":"https:\/\/gtartistoo.com\/wp-content\/uploads\/2025\/12\/CNC-E400-1.jpg","type":"image\/jpeg"}],"twitter_card":"summary_large_image","twitter_misc":{"Precio":"309.98&#36;","Disponibilidad":"Disponible"},"schema":{"@context":"https:\/\/schema.org","@graph":[{"@type":"WebPage","@id":"https:\/\/gtartistoo.com\/shop\/tattoo-machine\/cnc-e400-wireless-tattoo-pen-machine-gold\/","url":"https:\/\/gtartistoo.com\/shop\/tattoo-machine\/cnc-e400-wireless-tattoo-pen-machine-gold\/","name":"Tattoo Supplies Shop | Equipo profesional para tatuajes","isPartOf":{"@id":"https:\/\/gtartistoo.com\/#website"},"primaryImageOfPage":{"@id":"https:\/\/gtartistoo.com\/shop\/tattoo-machine\/cnc-e400-wireless-tattoo-pen-machine-gold\/#primaryimage"},"image":{"@id":"https:\/\/gtartistoo.com\/shop\/tattoo-machine\/cnc-e400-wireless-tattoo-pen-machine-gold\/#primaryimage"},"thumbnailUrl":"https:\/\/gtartistoo.com\/wp-content\/uploads\/2025\/12\/CNC-E400-1.jpg","datePublished":"2026-01-29T05:31:54+00:00","dateModified":"2026-01-29T05:31:55+00:00","description":"El l\u00e1piz inal\u00e1mbrico para tatuajes E400 est\u00e1 hecho a medida para los artistas del tatuaje, ya que combina una fiabilidad duradera, un ajuste preciso y un funcionamiento estable para ayudarle en todas las fases de su proceso creativo, desde los contornos m\u00e1s finos hasta las texturas m\u00e1s ricas.","breadcrumb":{"@id":"https:\/\/gtartistoo.com\/shop\/tattoo-machine\/cnc-e400-wireless-tattoo-pen-machine-gold\/#breadcrumb"},"inLanguage":"es","potentialAction":[{"@type":"ReadAction","target":["https:\/\/gtartistoo.com\/shop\/tattoo-machine\/cnc-e400-wireless-tattoo-pen-machine-gold\/"]}]},{"@type":"ImageObject","inLanguage":"es","@id":"https:\/\/gtartistoo.com\/shop\/tattoo-machine\/cnc-e400-wireless-tattoo-pen-machine-gold\/#primaryimage","url":"https:\/\/gtartistoo.com\/wp-content\/uploads\/2025\/12\/CNC-E400-1.jpg","contentUrl":"https:\/\/gtartistoo.com\/wp-content\/uploads\/2025\/12\/CNC-E400-1.jpg","width":1600,"height":1600},{"@type":"BreadcrumbList","@id":"https:\/\/gtartistoo.com\/shop\/tattoo-machine\/cnc-e400-wireless-tattoo-pen-machine-gold\/#breadcrumb","itemListElement":[{"@type":"ListItem","position":1,"name":"Home","item":"https:\/\/gtartistoo.com\/"},{"@type":"ListItem","position":2,"name":"Shop","item":"https:\/\/gtartistoo.com\/shop\/"},{"@type":"ListItem","position":3,"name":"CNC E400 Wireless Tattoo Pen Machine &#8211; Gold"}]},{"@type":"WebSite","@id":"https:\/\/gtartistoo.com\/#website","url":"https:\/\/gtartistoo.com\/","name":"gtartistoo.com","description":"","publisher":{"@id":"https:\/\/gtartistoo.com\/#organization"},"potentialAction":[{"@type":"SearchAction","target":{"@type":"EntryPoint","urlTemplate":"https:\/\/gtartistoo.com\/?s={search_term_string}"},"query-input":{"@type":"PropertyValueSpecification","valueRequired":true,"valueName":"search_term_string"}}],"inLanguage":"es"},{"@type":"Organization","@id":"https:\/\/gtartistoo.com\/#organization","name":"gtartistoo.com","url":"https:\/\/gtartistoo.com\/","logo":{"@type":"ImageObject","inLanguage":"es","@id":"https:\/\/gtartistoo.com\/#\/schema\/logo\/image\/","url":"https:\/\/gtartistoo.com\/wp-content\/uploads\/2025\/10\/logo.svg","contentUrl":"https:\/\/gtartistoo.com\/wp-content\/uploads\/2025\/10\/logo.svg","width":369,"height":124,"caption":"gtartistoo.com"},"image":{"@id":"https:\/\/gtartistoo.com\/#\/schema\/logo\/image\/"}}]},"product_price_amount":"309.98","product_price_currency":"USD","og_availability":"instock","product_availability":"instock","product_retailer_item_id":"30552","product_condition":"new"},"_links":{"self":[{"href":"https:\/\/gtartistoo.com\/es\/wp-json\/wp\/v2\/product\/30552","targetHints":{"allow":["GET"]}}],"collection":[{"href":"https:\/\/gtartistoo.com\/es\/wp-json\/wp\/v2\/product"}],"about":[{"href":"https:\/\/gtartistoo.com\/es\/wp-json\/wp\/v2\/types\/product"}],"replies":[{"embeddable":true,"href":"https:\/\/gtartistoo.com\/es\/wp-json\/wp\/v2\/comments?post=30552"}],"version-history":[{"count":3,"href":"https:\/\/gtartistoo.com\/es\/wp-json\/wp\/v2\/product\/30552\/revisions"}],"predecessor-version":[{"id":30572,"href":"https:\/\/gtartistoo.com\/es\/wp-json\/wp\/v2\/product\/30552\/revisions\/30572"}],"wp:featuredmedia":[{"embeddable":true,"href":"https:\/\/gtartistoo.com\/es\/wp-json\/wp\/v2\/media\/30557"}],"wp:attachment":[{"href":"https:\/\/gtartistoo.com\/es\/wp-json\/wp\/v2\/media?parent=30552"}],"wp:term":[{"taxonomy":"product_brand","embeddable":true,"href":"https:\/\/gtartistoo.com\/es\/wp-json\/wp\/v2\/product_brand?post=30552"},{"taxonomy":"product_cat","embeddable":true,"href":"https:\/\/gtartistoo.com\/es\/wp-json\/wp\/v2\/product_cat?post=30552"},{"taxonomy":"product_tag","embeddable":true,"href":"https:\/\/gtartistoo.com\/es\/wp-json\/wp\/v2\/product_tag?post=30552"}],"curies":[{"name":"wp","href":"https:\/\/api.w.org\/{rel}","templated":true}]}}