{"id":30625,"date":"2025-12-15T07:35:17","date_gmt":"2025-12-15T07:35:17","guid":{"rendered":"https:\/\/gtartistoo.com\/?post_type=product&#038;p=30625"},"modified":"2025-12-17T05:26:21","modified_gmt":"2025-12-17T05:26:21","slug":"soporte-reposabrazos-portatil-para-tatuajes-rosa","status":"publish","type":"product","link":"https:\/\/gtartistoo.com\/es\/tienda\/suministros-para-tatuajes\/muebles-para-tatuajes\/soporte-reposabrazos-portatil-para-tatuajes-rosa\/","title":{"rendered":"Soporte apoyabrazos port\u00e1til para tatuajes-Rosa"},"content":{"rendered":"<div data-page-id=\"TQjVf5CH0dCdZYcTNKrcjlTpnwN\" data-lark-html-role=\"root\" data-docx-has-block-data=\"false\">\n<h1 class=\"heading-1 ace-line old-record-id-XtZ4fCdSydcaercurH9rpLrgz0O\">Reposabrazos para tatuajes con base de cuatro esquinas, dise\u00f1o robusto y estable<\/h1>\n<div class=\"ace-line ace-line old-record-id-MCIQfCvcqd5TSTcsvnEkGmJdemh\">Doble altura fija con un rango ajustable de 72-104cm (28.3-40.9in), adem\u00e1s de una base de cuatro esquinas de 40cm x 37cm (15.6in x 14.6in) para un agarre s\u00faper fuerte. La estructura estable elimina el tambaleo durante el trabajo, mejorando directamente la eficiencia de los artistas del tatuaje.<\/div>\n<h1 class=\"heading-1 ace-line old-record-id-HddpfrKT1dVQdJcuyB0Ii4FgrQY\">Altura ajustable, panel m\u00e1s grande y grueso<\/h1>\n<div class=\"ace-line ace-line old-record-id-A6KMfHcv8dnDEVcyJkBbwugdiLK\">El panel giratorio de 360\u00b0 (tama\u00f1o: 35,5 cm x 24 cm x 6,5 cm \/ 14 pulg. x 9,4 pulg. x 2,5 pulg.) se adapta a las necesidades de funcionamiento multi\u00e1ngulo. El panel engrosado permite una colocaci\u00f3n estable del brazo, mientras que la altura ajustable (72-104 cm\/28,3-40,9 pulg.) se adapta a las diferentes posturas de trabajo de los artistas y a las posiciones de los clientes.<\/div>\n<h1 class=\"heading-1 ace-line old-record-id-TXkffhxqvdVUs4c7gqDoC5kepok\">Material de primera calidad<\/h1>\n<div class=\"ace-line ace-line old-record-id-F1zEfdpMPdzeVFc4ovBW3tRfXV3\">Soporte y base de acero inoxidable + panel de cuero PU: El marco de acero inoxidable es robusto y resistente al desgaste para una larga vida \u00fatil; la superficie de PU es suave, agradable a la piel y f\u00e1cil de limpiar (s\u00f3lo limpie los residuos de tinta r\u00e1pidamente despu\u00e9s de su uso).<\/div>\n<h1 class=\"heading-1 ace-line old-record-id-WLKyfeCKodptA4cxDKogQXRfYcj\">F\u00e1cil de instalar y port\u00e1til<\/h1>\n<div class=\"ace-line ace-line old-record-id-H6GFfsuj8d7p1QcodKgGvlJcDYl\">Pesa 3,2 kg, dise\u00f1o desmontable para facilitar su almacenamiento y transporte. No se necesitan herramientas complejas: termine la instalaci\u00f3n en unos 5 minutos, perfecto para desplazarse entre salones, estudios o trabajos in situ.<\/div>\n<h1 class=\"heading-1 ace-line old-record-id-GIzEfxiKYdgOnscKyfP2Fc4gEKO\">Apoyabrazos para tatuajes de uso amplio<\/h1>\n<div class=\"ace-line ace-line old-record-id-SkjlfZ8Pwdram1chGP1OmS4cPHZ\">Ideal para salones de tatuaje profesionales, tatuadores personales e incluso escenarios de entrenamiento de tatuaje. Proporciona un soporte estable del brazo para todos los estilos de tatuaje (trabajo de l\u00ednea, sombreado, dise\u00f1os de cuerpo entero), satisfaciendo las necesidades diarias de trabajo y formaci\u00f3n.<\/div>\n<h1 class=\"heading-1 ace-line old-record-id-NDrgf6pPddwY0fcPOQ6HHVUgwd8\">Tattoo Armrest Stand Upgrade<\/h1>\n<div class=\"ace-line ace-line old-record-id-RRcCfRvYRdMqUec0RAJQm8Kh2vC\">Actualizaci\u00f3n de 5 tornillos peque\u00f1os (versi\u00f3n antigua) a 2 tornillos grandes (versi\u00f3n nueva): Los 2 tornillos grandes mantienen la misma estabilidad que el dise\u00f1o antiguo, a la vez que reducen el tiempo de instalaci\u00f3n: montaje m\u00e1s r\u00e1pido sin comprometer la robustez.<\/div>\n<\/div>","protected":false},"excerpt":{"rendered":"<p>Four-corner Base Tattoo Arm Rest, Strong Stable Design Double fixed height with a 72-104cm (28.3-40.9in) adjustable range, plus a 40cm<\/p>","protected":false},"featured_media":30636,"comment_status":"open","ping_status":"closed","template":"","meta":[],"product_brand":[71],"product_cat":[252,83],"product_tag":[253],"class_list":{"0":"post-30625","1":"product","2":"type-product","3":"status-publish","4":"has-post-thumbnail","6":"product_brand-gtartistoo","7":"product_cat-tattoo-furniture","8":"product_cat-tattoo-supplies","9":"product_tag-furniture","11":"first","12":"instock","13":"taxable","14":"shipping-taxable","15":"purchasable","16":"product-type-simple"},"yoast_head":"<!-- This site is optimized with the Yoast SEO Premium plugin v26.2 (Yoast SEO v26.2) - https:\/\/yoast.com\/wordpress\/plugins\/seo\/ -->\n<title>Tattoo Supplies Shop | Professional Tattoo Equipment<\/title>\n<meta name=\"description\" content=\"Stable Four-Corner Base Tattoo Arm Rest: 35.5\u00d724cm adjustable pad, 72-104cm height, portable &amp; durable. Ideal for tattoo artists\/studio\u2014steady support to boost work efficiency.\" \/>\n<meta name=\"robots\" content=\"index, follow, max-snippet:-1, max-image-preview:large, max-video-preview:-1\" \/>\n<link rel=\"canonical\" href=\"https:\/\/gtartistoo.com\/es\/tienda\/suministros-para-tatuajes\/muebles-para-tatuajes\/soporte-reposabrazos-portatil-para-tatuajes-rosa\/\" \/>\n<meta property=\"og:locale\" content=\"es_ES\" \/>\n<meta property=\"og:type\" content=\"article\" \/>\n<meta property=\"og:title\" content=\"Portable Tattoo Arm rest Stand-Pink\" \/>\n<meta property=\"og:description\" content=\"Stable Four-Corner Base Tattoo Arm Rest: 35.5\u00d724cm adjustable pad, 72-104cm height, portable &amp; durable. Ideal for tattoo artists\/studio\u2014steady support to boost work efficiency.\" \/>\n<meta property=\"og:url\" content=\"https:\/\/gtartistoo.com\/es\/tienda\/suministros-para-tatuajes\/muebles-para-tatuajes\/soporte-reposabrazos-portatil-para-tatuajes-rosa\/\" \/>\n<meta property=\"og:site_name\" content=\"gtartistoo.com\" \/>\n<meta property=\"article:modified_time\" content=\"2025-12-17T05:26:21+00:00\" \/>\n<meta property=\"og:image\" content=\"https:\/\/gtartistoo.com\/wp-content\/uploads\/2025\/12\/Portable-Tattoo-Armrest-Stand-Pink1.jpg\" \/>\n\t<meta property=\"og:image:width\" content=\"1500\" \/>\n\t<meta property=\"og:image:height\" content=\"1500\" \/>\n\t<meta property=\"og:image:type\" content=\"image\/jpeg\" \/>\n<meta name=\"twitter:card\" content=\"summary_large_image\" \/>\n<meta name=\"twitter:label1\" content=\"Precio\" \/>\n\t<meta name=\"twitter:data1\" content=\"59.99&#036;\" \/>\n\t<meta name=\"twitter:label2\" content=\"Disponibilidad\" \/>\n\t<meta name=\"twitter:data2\" content=\"Disponible\" \/>\n<script type=\"application\/ld+json\" class=\"yoast-schema-graph\">{\"@context\":\"https:\/\/schema.org\",\"@graph\":[{\"@type\":\"WebPage\",\"@id\":\"https:\/\/gtartistoo.com\/shop\/tattoo-supplies\/tattoo-furniture\/portable-tattoo-arm-rest-stand-pink\/\",\"url\":\"https:\/\/gtartistoo.com\/shop\/tattoo-supplies\/tattoo-furniture\/portable-tattoo-arm-rest-stand-pink\/\",\"name\":\"Tattoo Supplies Shop | Professional Tattoo Equipment\",\"isPartOf\":{\"@id\":\"https:\/\/gtartistoo.com\/#website\"},\"primaryImageOfPage\":{\"@id\":\"https:\/\/gtartistoo.com\/shop\/tattoo-supplies\/tattoo-furniture\/portable-tattoo-arm-rest-stand-pink\/#primaryimage\"},\"image\":{\"@id\":\"https:\/\/gtartistoo.com\/shop\/tattoo-supplies\/tattoo-furniture\/portable-tattoo-arm-rest-stand-pink\/#primaryimage\"},\"thumbnailUrl\":\"https:\/\/gtartistoo.com\/wp-content\/uploads\/2025\/12\/Portable-Tattoo-Armrest-Stand-Pink1.jpg\",\"datePublished\":\"2025-12-15T07:35:17+00:00\",\"dateModified\":\"2025-12-17T05:26:21+00:00\",\"description\":\"Stable Four-Corner Base Tattoo Arm Rest: 35.5\u00d724cm adjustable pad, 72-104cm height, portable & durable. Ideal for tattoo artists\/studio\u2014steady support to boost work efficiency.\",\"breadcrumb\":{\"@id\":\"https:\/\/gtartistoo.com\/shop\/tattoo-supplies\/tattoo-furniture\/portable-tattoo-arm-rest-stand-pink\/#breadcrumb\"},\"inLanguage\":\"es\",\"potentialAction\":[{\"@type\":\"ReadAction\",\"target\":[\"https:\/\/gtartistoo.com\/shop\/tattoo-supplies\/tattoo-furniture\/portable-tattoo-arm-rest-stand-pink\/\"]}]},{\"@type\":\"ImageObject\",\"inLanguage\":\"es\",\"@id\":\"https:\/\/gtartistoo.com\/shop\/tattoo-supplies\/tattoo-furniture\/portable-tattoo-arm-rest-stand-pink\/#primaryimage\",\"url\":\"https:\/\/gtartistoo.com\/wp-content\/uploads\/2025\/12\/Portable-Tattoo-Armrest-Stand-Pink1.jpg\",\"contentUrl\":\"https:\/\/gtartistoo.com\/wp-content\/uploads\/2025\/12\/Portable-Tattoo-Armrest-Stand-Pink1.jpg\",\"width\":1500,\"height\":1500},{\"@type\":\"BreadcrumbList\",\"@id\":\"https:\/\/gtartistoo.com\/shop\/tattoo-supplies\/tattoo-furniture\/portable-tattoo-arm-rest-stand-pink\/#breadcrumb\",\"itemListElement\":[{\"@type\":\"ListItem\",\"position\":1,\"name\":\"Home\",\"item\":\"https:\/\/gtartistoo.com\/\"},{\"@type\":\"ListItem\",\"position\":2,\"name\":\"Shop\",\"item\":\"https:\/\/gtartistoo.com\/shop\/\"},{\"@type\":\"ListItem\",\"position\":3,\"name\":\"Portable Tattoo Arm rest Stand-Pink\"}]},{\"@type\":\"WebSite\",\"@id\":\"https:\/\/gtartistoo.com\/#website\",\"url\":\"https:\/\/gtartistoo.com\/\",\"name\":\"gtartistoo.com\",\"description\":\"\",\"publisher\":{\"@id\":\"https:\/\/gtartistoo.com\/#organization\"},\"potentialAction\":[{\"@type\":\"SearchAction\",\"target\":{\"@type\":\"EntryPoint\",\"urlTemplate\":\"https:\/\/gtartistoo.com\/?s={search_term_string}\"},\"query-input\":{\"@type\":\"PropertyValueSpecification\",\"valueRequired\":true,\"valueName\":\"search_term_string\"}}],\"inLanguage\":\"es\"},{\"@type\":\"Organization\",\"@id\":\"https:\/\/gtartistoo.com\/#organization\",\"name\":\"gtartistoo.com\",\"url\":\"https:\/\/gtartistoo.com\/\",\"logo\":{\"@type\":\"ImageObject\",\"inLanguage\":\"es\",\"@id\":\"https:\/\/gtartistoo.com\/#\/schema\/logo\/image\/\",\"url\":\"https:\/\/gtartistoo.com\/wp-content\/uploads\/2025\/10\/logo.svg\",\"contentUrl\":\"https:\/\/gtartistoo.com\/wp-content\/uploads\/2025\/10\/logo.svg\",\"width\":369,\"height\":124,\"caption\":\"gtartistoo.com\"},\"image\":{\"@id\":\"https:\/\/gtartistoo.com\/#\/schema\/logo\/image\/\"}}]}<\/script>\n<meta property=\"product:price:amount\" content=\"59.99\" \/>\n<meta property=\"product:price:currency\" content=\"USD\" \/>\n<meta property=\"og:availability\" content=\"instock\" \/>\n<meta property=\"product:availability\" content=\"instock\" \/>\n<meta property=\"product:retailer_item_id\" content=\"30625\" \/>\n<meta property=\"product:condition\" content=\"new\" \/>\n<!-- \/ Yoast SEO Premium plugin. -->","yoast_head_json":{"title":"Tattoo Supplies Shop | Equipo profesional para tatuajes","description":"Reposabrazos estable para tatuajes con base de cuatro esquinas: almohadilla ajustable de 35,5\u00d724 cm, altura de 72-104 cm, port\u00e1til y duradero. Ideal para artistas del tatuaje \/ estudio de apoyo estable para aumentar la eficiencia del trabajo.","robots":{"index":"index","follow":"follow","max-snippet":"max-snippet:-1","max-image-preview":"max-image-preview:large","max-video-preview":"max-video-preview:-1"},"canonical":"https:\/\/gtartistoo.com\/es\/tienda\/suministros-para-tatuajes\/muebles-para-tatuajes\/soporte-reposabrazos-portatil-para-tatuajes-rosa\/","og_locale":"es_ES","og_type":"article","og_title":"Portable Tattoo Arm rest Stand-Pink","og_description":"Stable Four-Corner Base Tattoo Arm Rest: 35.5\u00d724cm adjustable pad, 72-104cm height, portable & durable. Ideal for tattoo artists\/studio\u2014steady support to boost work efficiency.","og_url":"https:\/\/gtartistoo.com\/es\/tienda\/suministros-para-tatuajes\/muebles-para-tatuajes\/soporte-reposabrazos-portatil-para-tatuajes-rosa\/","og_site_name":"gtartistoo.com","article_modified_time":"2025-12-17T05:26:21+00:00","og_image":[{"width":1500,"height":1500,"url":"https:\/\/gtartistoo.com\/wp-content\/uploads\/2025\/12\/Portable-Tattoo-Armrest-Stand-Pink1.jpg","type":"image\/jpeg"}],"twitter_card":"summary_large_image","twitter_misc":{"Precio":"59.99&#36;","Disponibilidad":"Disponible"},"schema":{"@context":"https:\/\/schema.org","@graph":[{"@type":"WebPage","@id":"https:\/\/gtartistoo.com\/shop\/tattoo-supplies\/tattoo-furniture\/portable-tattoo-arm-rest-stand-pink\/","url":"https:\/\/gtartistoo.com\/shop\/tattoo-supplies\/tattoo-furniture\/portable-tattoo-arm-rest-stand-pink\/","name":"Tattoo Supplies Shop | Equipo profesional para tatuajes","isPartOf":{"@id":"https:\/\/gtartistoo.com\/#website"},"primaryImageOfPage":{"@id":"https:\/\/gtartistoo.com\/shop\/tattoo-supplies\/tattoo-furniture\/portable-tattoo-arm-rest-stand-pink\/#primaryimage"},"image":{"@id":"https:\/\/gtartistoo.com\/shop\/tattoo-supplies\/tattoo-furniture\/portable-tattoo-arm-rest-stand-pink\/#primaryimage"},"thumbnailUrl":"https:\/\/gtartistoo.com\/wp-content\/uploads\/2025\/12\/Portable-Tattoo-Armrest-Stand-Pink1.jpg","datePublished":"2025-12-15T07:35:17+00:00","dateModified":"2025-12-17T05:26:21+00:00","description":"Reposabrazos estable para tatuajes con base de cuatro esquinas: almohadilla ajustable de 35,5\u00d724 cm, altura de 72-104 cm, port\u00e1til y duradero. Ideal para artistas del tatuaje \/ estudio de apoyo estable para aumentar la eficiencia del trabajo.","breadcrumb":{"@id":"https:\/\/gtartistoo.com\/shop\/tattoo-supplies\/tattoo-furniture\/portable-tattoo-arm-rest-stand-pink\/#breadcrumb"},"inLanguage":"es","potentialAction":[{"@type":"ReadAction","target":["https:\/\/gtartistoo.com\/shop\/tattoo-supplies\/tattoo-furniture\/portable-tattoo-arm-rest-stand-pink\/"]}]},{"@type":"ImageObject","inLanguage":"es","@id":"https:\/\/gtartistoo.com\/shop\/tattoo-supplies\/tattoo-furniture\/portable-tattoo-arm-rest-stand-pink\/#primaryimage","url":"https:\/\/gtartistoo.com\/wp-content\/uploads\/2025\/12\/Portable-Tattoo-Armrest-Stand-Pink1.jpg","contentUrl":"https:\/\/gtartistoo.com\/wp-content\/uploads\/2025\/12\/Portable-Tattoo-Armrest-Stand-Pink1.jpg","width":1500,"height":1500},{"@type":"BreadcrumbList","@id":"https:\/\/gtartistoo.com\/shop\/tattoo-supplies\/tattoo-furniture\/portable-tattoo-arm-rest-stand-pink\/#breadcrumb","itemListElement":[{"@type":"ListItem","position":1,"name":"Home","item":"https:\/\/gtartistoo.com\/"},{"@type":"ListItem","position":2,"name":"Shop","item":"https:\/\/gtartistoo.com\/shop\/"},{"@type":"ListItem","position":3,"name":"Portable Tattoo Arm rest Stand-Pink"}]},{"@type":"WebSite","@id":"https:\/\/gtartistoo.com\/#website","url":"https:\/\/gtartistoo.com\/","name":"gtartistoo.com","description":"","publisher":{"@id":"https:\/\/gtartistoo.com\/#organization"},"potentialAction":[{"@type":"SearchAction","target":{"@type":"EntryPoint","urlTemplate":"https:\/\/gtartistoo.com\/?s={search_term_string}"},"query-input":{"@type":"PropertyValueSpecification","valueRequired":true,"valueName":"search_term_string"}}],"inLanguage":"es"},{"@type":"Organization","@id":"https:\/\/gtartistoo.com\/#organization","name":"gtartistoo.com","url":"https:\/\/gtartistoo.com\/","logo":{"@type":"ImageObject","inLanguage":"es","@id":"https:\/\/gtartistoo.com\/#\/schema\/logo\/image\/","url":"https:\/\/gtartistoo.com\/wp-content\/uploads\/2025\/10\/logo.svg","contentUrl":"https:\/\/gtartistoo.com\/wp-content\/uploads\/2025\/10\/logo.svg","width":369,"height":124,"caption":"gtartistoo.com"},"image":{"@id":"https:\/\/gtartistoo.com\/#\/schema\/logo\/image\/"}}]},"product_price_amount":"59.99","product_price_currency":"USD","og_availability":"instock","product_availability":"instock","product_retailer_item_id":"30625","product_condition":"new"},"_links":{"self":[{"href":"https:\/\/gtartistoo.com\/es\/wp-json\/wp\/v2\/product\/30625","targetHints":{"allow":["GET"]}}],"collection":[{"href":"https:\/\/gtartistoo.com\/es\/wp-json\/wp\/v2\/product"}],"about":[{"href":"https:\/\/gtartistoo.com\/es\/wp-json\/wp\/v2\/types\/product"}],"replies":[{"embeddable":true,"href":"https:\/\/gtartistoo.com\/es\/wp-json\/wp\/v2\/comments?post=30625"}],"version-history":[{"count":1,"href":"https:\/\/gtartistoo.com\/es\/wp-json\/wp\/v2\/product\/30625\/revisions"}],"predecessor-version":[{"id":30644,"href":"https:\/\/gtartistoo.com\/es\/wp-json\/wp\/v2\/product\/30625\/revisions\/30644"}],"wp:featuredmedia":[{"embeddable":true,"href":"https:\/\/gtartistoo.com\/es\/wp-json\/wp\/v2\/media\/30636"}],"wp:attachment":[{"href":"https:\/\/gtartistoo.com\/es\/wp-json\/wp\/v2\/media?parent=30625"}],"wp:term":[{"taxonomy":"product_brand","embeddable":true,"href":"https:\/\/gtartistoo.com\/es\/wp-json\/wp\/v2\/product_brand?post=30625"},{"taxonomy":"product_cat","embeddable":true,"href":"https:\/\/gtartistoo.com\/es\/wp-json\/wp\/v2\/product_cat?post=30625"},{"taxonomy":"product_tag","embeddable":true,"href":"https:\/\/gtartistoo.com\/es\/wp-json\/wp\/v2\/product_tag?post=30625"}],"curies":[{"name":"wp","href":"https:\/\/api.w.org\/{rel}","templated":true}]}}