{"id":31019,"date":"2025-12-30T08:42:35","date_gmt":"2025-12-30T08:42:35","guid":{"rendered":"https:\/\/gtartistoo.com\/?post_type=product&#038;p=31019"},"modified":"2026-01-20T05:28:41","modified_gmt":"2026-01-20T05:28:41","slug":"boligrafo-inalambrico-para-tatuajes-fy018","status":"publish","type":"product","link":"https:\/\/gtartistoo.com\/es\/tienda\/maquina-de-tatuar\/boligrafo-inalambrico-para-tatuajes-fy018\/","title":{"rendered":"Gtartistoo Bol\u00edgrafo Inal\u00e1mbrico para Tatuajes - FY018"},"content":{"rendered":"<h3 data-path-to-node=\"6\"><b data-path-to-node=\"6\" data-index-in-node=\"0\">Precisi\u00f3n y rendimiento avanzados<\/b><\/h3>\n<p data-path-to-node=\"7\">El FY018 Wireless Tattoo Pen es una m\u00e1quina rotativa de calidad profesional fabricada en aleaci\u00f3n de aluminio de calidad aeron\u00e1utica, dise\u00f1ada para ofrecer el m\u00e1ximo rendimiento con un motor CNC personalizado. Su vers\u00e1til sistema de trazo ajustable de 6 velocidades permite a los artistas cambiar de estilo sin esfuerzo, desde un delineado fino a un intenso relleno de color.<\/p>\n<h3 data-path-to-node=\"8\"><b data-path-to-node=\"8\" data-index-in-node=\"0\">Funcionamiento y visualizaci\u00f3n inteligentes<\/b><\/h3>\n<ul data-path-to-node=\"9\">\n<li>\n<p data-path-to-node=\"9,0,0\"><b data-path-to-node=\"9,0,0\" data-index-in-node=\"0\">Pantalla IPS en color de alta definici\u00f3n:<\/b> Proporciona una supervisi\u00f3n clara y en tiempo real de la corriente del motor, la frecuencia de la aguja, el tiempo de trabajo acumulado, el porcentaje de bater\u00eda y la tensi\u00f3n de salida.<\/p>\n<\/li>\n<li>\n<p data-path-to-node=\"9,1,0\"><b data-path-to-node=\"9,1,0\" data-index-in-node=\"0\">6 carreras ajustables:<\/b> Cambia r\u00e1pidamente entre 2,3 mm, 2,7 mm, 3,2 mm, 3,8 mm, 4,2 mm y 4,5 mm para adaptarse a diversas t\u00e9cnicas de tatuaje.<\/p>\n<\/li>\n<li>\n<p data-path-to-node=\"9,2,0\"><b data-path-to-node=\"9,2,0\" data-index-in-node=\"0\">Funcionalidad de doble uso:<\/b> Dispone de un sistema magn\u00e9tico intercambiable que permite cambiar entre la bater\u00eda inal\u00e1mbrica y un conector RCA magn\u00e9tico para utilizar el cable de alimentaci\u00f3n tradicional.<\/p>\n<\/li>\n<li>\n<p data-path-to-node=\"9,3,0\"><b data-path-to-node=\"9,3,0\" data-index-in-node=\"0\">Memoria y seguridad:<\/b> Incluye 3 juegos de engranajes de memoria de tensi\u00f3n (M1\/M2\/M3), una potente funci\u00f3n de arranque para grandes agrupaciones de agujas y una arquitectura interna fiable y segura.<\/p>\n<\/li>\n<\/ul>\n<h3 data-path-to-node=\"10\"><b data-path-to-node=\"10\" data-index-in-node=\"0\">Especificaciones t\u00e9cnicas<\/b><\/h3>\n<ul data-path-to-node=\"11\">\n<li>\n<p data-path-to-node=\"11,0,0\"><b data-path-to-node=\"11,0,0\" data-index-in-node=\"0\">Material:<\/b> Aleaci\u00f3n de aluminio aeron\u00e1utico.<\/p>\n<\/li>\n<li>\n<p data-path-to-node=\"11,1,0\"><b data-path-to-node=\"11,1,0\" data-index-in-node=\"0\">Dimensiones:<\/b> 32 mm (ancho) x 133 mm (alto).<\/p>\n<\/li>\n<li>\n<p data-path-to-node=\"11,2,0\"><b data-path-to-node=\"11,2,0\" data-index-in-node=\"0\">Peso de la m\u00e1quina:<\/b> 215g.<\/p>\n<\/li>\n<li>\n<p data-path-to-node=\"11,3,0\"><b data-path-to-node=\"11,3,0\" data-index-in-node=\"0\">Capacidad de la bater\u00eda:<\/b> 2000mAh para una resistencia duradera.<\/p>\n<\/li>\n<li>\n<p data-path-to-node=\"11,4,0\"><b data-path-to-node=\"11,4,0\" data-index-in-node=\"0\">Tensi\u00f3n de salida:<\/b> 4V - 12V.<\/p>\n<\/li>\n<li>\n<p data-path-to-node=\"11,5,0\"><b data-path-to-node=\"11,5,0\" data-index-in-node=\"0\">Corriente de salida:<\/b> 2A.<\/p>\n<\/li>\n<li>\n<p data-path-to-node=\"11,6,0\"><b data-path-to-node=\"11,6,0\" data-index-in-node=\"0\">Tama\u00f1o del paquete:<\/b> 16 cm x 16 cm x 5,4 cm.<\/p>\n<\/li>\n<\/ul>\n<h3 data-path-to-node=\"12\"><b data-path-to-node=\"12\" data-index-in-node=\"0\">Contenido del kit<\/b><\/h3>\n<ul data-path-to-node=\"13\">\n<li>\n<p data-path-to-node=\"13,0,0\">1 x M\u00e1quina de Tatuaje FY018 con Motor de Carrera Magn\u00e9tica<\/p>\n<\/li>\n<li>\n<p data-path-to-node=\"13,1,0\">1 x Bater\u00eda magn\u00e9tica de pantalla a color<\/p>\n<\/li>\n<li>\n<p data-path-to-node=\"13,2,0\">1 x Conector RCA magn\u00e9tico<\/p>\n<\/li>\n<li>\n<p data-path-to-node=\"13,3,0\">1 cable de alimentaci\u00f3n RCA<\/p>\n<\/li>\n<li>\n<p data-path-to-node=\"13,4,0\">1 x Cable de carga USB-C<\/p>\n<\/li>\n<li>\n<p data-path-to-node=\"13,5,0\">4 alfombrillas de goma de repuesto<\/p>\n<\/li>\n<\/ul>","protected":false},"excerpt":{"rendered":"<p>Advanced Precision &amp; Performance The FY018 Wireless Tattoo Pen is a professional-grade rotary machine crafted from aircraft-grade aluminum alloy, designed<\/p>","protected":false},"featured_media":31027,"comment_status":"open","ping_status":"closed","template":"","meta":[],"product_brand":[71],"product_cat":[77],"product_tag":[260,270,259],"class_list":{"0":"post-31019","1":"product","2":"type-product","3":"status-publish","4":"has-post-thumbnail","6":"product_brand-gtartistoo","7":"product_cat-tattoo-machine","8":"product_tag-adjustable-stroke","9":"product_tag-tattoo-supplies","10":"product_tag-wireless-tattoo-pen","12":"first","13":"instock","14":"taxable","15":"shipping-taxable","16":"purchasable","17":"product-type-variable"},"yoast_head":"<!-- This site is optimized with the Yoast SEO Premium plugin v26.2 (Yoast SEO v26.2) - https:\/\/yoast.com\/wordpress\/plugins\/seo\/ -->\n<title>Tattoo Supplies Shop | Professional Tattoo Equipment<\/title>\n<meta name=\"description\" content=\"Upgrade to the FY018 Wireless Tattoo Pen featuring an IPS color screen, 2000mAh battery, and 6 adjustable stroke lengths (2.3mm-4.5mm). Shop professional tattoo gear today.\" \/>\n<meta name=\"robots\" content=\"index, follow, max-snippet:-1, max-image-preview:large, max-video-preview:-1\" \/>\n<link rel=\"canonical\" href=\"https:\/\/gtartistoo.com\/es\/tienda\/maquina-de-tatuar\/boligrafo-inalambrico-para-tatuajes-fy018\/\" \/>\n<meta property=\"og:locale\" content=\"es_ES\" \/>\n<meta property=\"og:type\" content=\"article\" \/>\n<meta property=\"og:title\" content=\"Gtartistoo Wireless Tattoo Pen - FY018\" \/>\n<meta property=\"og:description\" content=\"Upgrade to the FY018 Wireless Tattoo Pen featuring an IPS color screen, 2000mAh battery, and 6 adjustable stroke lengths (2.3mm-4.5mm). Shop professional tattoo gear today.\" \/>\n<meta property=\"og:url\" content=\"https:\/\/gtartistoo.com\/es\/tienda\/maquina-de-tatuar\/boligrafo-inalambrico-para-tatuajes-fy018\/\" \/>\n<meta property=\"og:site_name\" content=\"gtartistoo.com\" \/>\n<meta property=\"article:modified_time\" content=\"2026-01-20T05:28:41+00:00\" \/>\n<meta property=\"og:image\" content=\"https:\/\/gtartistoo.com\/wp-content\/uploads\/2025\/12\/Wireless-Tattoo-Pen-FY018-main-1.jpg\" \/>\n\t<meta property=\"og:image:width\" content=\"800\" \/>\n\t<meta property=\"og:image:height\" content=\"800\" \/>\n\t<meta property=\"og:image:type\" content=\"image\/jpeg\" \/>\n<meta name=\"twitter:card\" content=\"summary_large_image\" \/>\n<meta name=\"twitter:label1\" content=\"Disponibilidad\" \/>\n\t<meta name=\"twitter:data1\" content=\"Disponible\" \/>\n<script type=\"application\/ld+json\" class=\"yoast-schema-graph\">{\"@context\":\"https:\/\/schema.org\",\"@graph\":[{\"@type\":\"WebPage\",\"@id\":\"https:\/\/gtartistoo.com\/shop\/tattoo-machine\/wireless-tattoo-pen-fy018\/\",\"url\":\"https:\/\/gtartistoo.com\/shop\/tattoo-machine\/wireless-tattoo-pen-fy018\/\",\"name\":\"Tattoo Supplies Shop | Professional Tattoo Equipment\",\"isPartOf\":{\"@id\":\"https:\/\/gtartistoo.com\/#website\"},\"primaryImageOfPage\":{\"@id\":\"https:\/\/gtartistoo.com\/shop\/tattoo-machine\/wireless-tattoo-pen-fy018\/#primaryimage\"},\"image\":{\"@id\":\"https:\/\/gtartistoo.com\/shop\/tattoo-machine\/wireless-tattoo-pen-fy018\/#primaryimage\"},\"thumbnailUrl\":\"https:\/\/gtartistoo.com\/wp-content\/uploads\/2025\/12\/Wireless-Tattoo-Pen-FY018-main-1.jpg\",\"datePublished\":\"2025-12-30T08:42:35+00:00\",\"dateModified\":\"2026-01-20T05:28:41+00:00\",\"description\":\"Upgrade to the FY018 Wireless Tattoo Pen featuring an IPS color screen, 2000mAh battery, and 6 adjustable stroke lengths (2.3mm-4.5mm). Shop professional tattoo gear today.\",\"breadcrumb\":{\"@id\":\"https:\/\/gtartistoo.com\/shop\/tattoo-machine\/wireless-tattoo-pen-fy018\/#breadcrumb\"},\"inLanguage\":\"es\",\"potentialAction\":[{\"@type\":\"ReadAction\",\"target\":[\"https:\/\/gtartistoo.com\/shop\/tattoo-machine\/wireless-tattoo-pen-fy018\/\"]}]},{\"@type\":\"ImageObject\",\"inLanguage\":\"es\",\"@id\":\"https:\/\/gtartistoo.com\/shop\/tattoo-machine\/wireless-tattoo-pen-fy018\/#primaryimage\",\"url\":\"https:\/\/gtartistoo.com\/wp-content\/uploads\/2025\/12\/Wireless-Tattoo-Pen-FY018-main-1.jpg\",\"contentUrl\":\"https:\/\/gtartistoo.com\/wp-content\/uploads\/2025\/12\/Wireless-Tattoo-Pen-FY018-main-1.jpg\",\"width\":800,\"height\":800,\"caption\":\"FY018 Wireless Tattoo Pen featuring an IPS color screen, 2000mAh battery, and 6 adjustable stroke lengths (2.3mm-4.5mm)\"},{\"@type\":\"BreadcrumbList\",\"@id\":\"https:\/\/gtartistoo.com\/shop\/tattoo-machine\/wireless-tattoo-pen-fy018\/#breadcrumb\",\"itemListElement\":[{\"@type\":\"ListItem\",\"position\":1,\"name\":\"Home\",\"item\":\"https:\/\/gtartistoo.com\/\"},{\"@type\":\"ListItem\",\"position\":2,\"name\":\"Shop\",\"item\":\"https:\/\/gtartistoo.com\/shop\/\"},{\"@type\":\"ListItem\",\"position\":3,\"name\":\"Gtartistoo Wireless Tattoo Pen &#8211; FY018\"}]},{\"@type\":\"WebSite\",\"@id\":\"https:\/\/gtartistoo.com\/#website\",\"url\":\"https:\/\/gtartistoo.com\/\",\"name\":\"gtartistoo.com\",\"description\":\"\",\"publisher\":{\"@id\":\"https:\/\/gtartistoo.com\/#organization\"},\"potentialAction\":[{\"@type\":\"SearchAction\",\"target\":{\"@type\":\"EntryPoint\",\"urlTemplate\":\"https:\/\/gtartistoo.com\/?s={search_term_string}\"},\"query-input\":{\"@type\":\"PropertyValueSpecification\",\"valueRequired\":true,\"valueName\":\"search_term_string\"}}],\"inLanguage\":\"es\"},{\"@type\":\"Organization\",\"@id\":\"https:\/\/gtartistoo.com\/#organization\",\"name\":\"gtartistoo.com\",\"url\":\"https:\/\/gtartistoo.com\/\",\"logo\":{\"@type\":\"ImageObject\",\"inLanguage\":\"es\",\"@id\":\"https:\/\/gtartistoo.com\/#\/schema\/logo\/image\/\",\"url\":\"https:\/\/gtartistoo.com\/wp-content\/uploads\/2025\/10\/logo.svg\",\"contentUrl\":\"https:\/\/gtartistoo.com\/wp-content\/uploads\/2025\/10\/logo.svg\",\"width\":369,\"height\":124,\"caption\":\"gtartistoo.com\"},\"image\":{\"@id\":\"https:\/\/gtartistoo.com\/#\/schema\/logo\/image\/\"}}]}<\/script>\n<meta property=\"og:availability\" content=\"instock\" \/>\n<meta property=\"product:availability\" content=\"instock\" \/>\n<meta property=\"product:retailer_item_id\" content=\"31019\" \/>\n<meta property=\"product:condition\" content=\"new\" \/>\n<!-- \/ Yoast SEO Premium plugin. -->","yoast_head_json":{"title":"Tattoo Supplies Shop | Equipo profesional para tatuajes","description":"Actual\u00edzate al l\u00e1piz inal\u00e1mbrico para tatuajes FY018 con pantalla IPS en color, bater\u00eda de 2000mAh y 6 longitudes de trazo ajustables (2,3mm-4,5mm). Compra equipo profesional para tatuajes hoy mismo.","robots":{"index":"index","follow":"follow","max-snippet":"max-snippet:-1","max-image-preview":"max-image-preview:large","max-video-preview":"max-video-preview:-1"},"canonical":"https:\/\/gtartistoo.com\/es\/tienda\/maquina-de-tatuar\/boligrafo-inalambrico-para-tatuajes-fy018\/","og_locale":"es_ES","og_type":"article","og_title":"Gtartistoo Wireless Tattoo Pen - FY018","og_description":"Upgrade to the FY018 Wireless Tattoo Pen featuring an IPS color screen, 2000mAh battery, and 6 adjustable stroke lengths (2.3mm-4.5mm). Shop professional tattoo gear today.","og_url":"https:\/\/gtartistoo.com\/es\/tienda\/maquina-de-tatuar\/boligrafo-inalambrico-para-tatuajes-fy018\/","og_site_name":"gtartistoo.com","article_modified_time":"2026-01-20T05:28:41+00:00","og_image":[{"width":800,"height":800,"url":"https:\/\/gtartistoo.com\/wp-content\/uploads\/2025\/12\/Wireless-Tattoo-Pen-FY018-main-1.jpg","type":"image\/jpeg"}],"twitter_card":"summary_large_image","twitter_misc":{"Disponibilidad":"Disponible"},"schema":{"@context":"https:\/\/schema.org","@graph":[{"@type":"WebPage","@id":"https:\/\/gtartistoo.com\/shop\/tattoo-machine\/wireless-tattoo-pen-fy018\/","url":"https:\/\/gtartistoo.com\/shop\/tattoo-machine\/wireless-tattoo-pen-fy018\/","name":"Tattoo Supplies Shop | Equipo profesional para tatuajes","isPartOf":{"@id":"https:\/\/gtartistoo.com\/#website"},"primaryImageOfPage":{"@id":"https:\/\/gtartistoo.com\/shop\/tattoo-machine\/wireless-tattoo-pen-fy018\/#primaryimage"},"image":{"@id":"https:\/\/gtartistoo.com\/shop\/tattoo-machine\/wireless-tattoo-pen-fy018\/#primaryimage"},"thumbnailUrl":"https:\/\/gtartistoo.com\/wp-content\/uploads\/2025\/12\/Wireless-Tattoo-Pen-FY018-main-1.jpg","datePublished":"2025-12-30T08:42:35+00:00","dateModified":"2026-01-20T05:28:41+00:00","description":"Actual\u00edzate al l\u00e1piz inal\u00e1mbrico para tatuajes FY018 con pantalla IPS en color, bater\u00eda de 2000mAh y 6 longitudes de trazo ajustables (2,3mm-4,5mm). Compra equipo profesional para tatuajes hoy mismo.","breadcrumb":{"@id":"https:\/\/gtartistoo.com\/shop\/tattoo-machine\/wireless-tattoo-pen-fy018\/#breadcrumb"},"inLanguage":"es","potentialAction":[{"@type":"ReadAction","target":["https:\/\/gtartistoo.com\/shop\/tattoo-machine\/wireless-tattoo-pen-fy018\/"]}]},{"@type":"ImageObject","inLanguage":"es","@id":"https:\/\/gtartistoo.com\/shop\/tattoo-machine\/wireless-tattoo-pen-fy018\/#primaryimage","url":"https:\/\/gtartistoo.com\/wp-content\/uploads\/2025\/12\/Wireless-Tattoo-Pen-FY018-main-1.jpg","contentUrl":"https:\/\/gtartistoo.com\/wp-content\/uploads\/2025\/12\/Wireless-Tattoo-Pen-FY018-main-1.jpg","width":800,"height":800,"caption":"FY018 Wireless Tattoo Pen featuring an IPS color screen, 2000mAh battery, and 6 adjustable stroke lengths (2.3mm-4.5mm)"},{"@type":"BreadcrumbList","@id":"https:\/\/gtartistoo.com\/shop\/tattoo-machine\/wireless-tattoo-pen-fy018\/#breadcrumb","itemListElement":[{"@type":"ListItem","position":1,"name":"Home","item":"https:\/\/gtartistoo.com\/"},{"@type":"ListItem","position":2,"name":"Shop","item":"https:\/\/gtartistoo.com\/shop\/"},{"@type":"ListItem","position":3,"name":"Gtartistoo Wireless Tattoo Pen &#8211; FY018"}]},{"@type":"WebSite","@id":"https:\/\/gtartistoo.com\/#website","url":"https:\/\/gtartistoo.com\/","name":"gtartistoo.com","description":"","publisher":{"@id":"https:\/\/gtartistoo.com\/#organization"},"potentialAction":[{"@type":"SearchAction","target":{"@type":"EntryPoint","urlTemplate":"https:\/\/gtartistoo.com\/?s={search_term_string}"},"query-input":{"@type":"PropertyValueSpecification","valueRequired":true,"valueName":"search_term_string"}}],"inLanguage":"es"},{"@type":"Organization","@id":"https:\/\/gtartistoo.com\/#organization","name":"gtartistoo.com","url":"https:\/\/gtartistoo.com\/","logo":{"@type":"ImageObject","inLanguage":"es","@id":"https:\/\/gtartistoo.com\/#\/schema\/logo\/image\/","url":"https:\/\/gtartistoo.com\/wp-content\/uploads\/2025\/10\/logo.svg","contentUrl":"https:\/\/gtartistoo.com\/wp-content\/uploads\/2025\/10\/logo.svg","width":369,"height":124,"caption":"gtartistoo.com"},"image":{"@id":"https:\/\/gtartistoo.com\/#\/schema\/logo\/image\/"}}]},"og_availability":"instock","product_availability":"instock","product_retailer_item_id":"31019","product_condition":"new"},"_links":{"self":[{"href":"https:\/\/gtartistoo.com\/es\/wp-json\/wp\/v2\/product\/31019","targetHints":{"allow":["GET"]}}],"collection":[{"href":"https:\/\/gtartistoo.com\/es\/wp-json\/wp\/v2\/product"}],"about":[{"href":"https:\/\/gtartistoo.com\/es\/wp-json\/wp\/v2\/types\/product"}],"replies":[{"embeddable":true,"href":"https:\/\/gtartistoo.com\/es\/wp-json\/wp\/v2\/comments?post=31019"}],"version-history":[{"count":2,"href":"https:\/\/gtartistoo.com\/es\/wp-json\/wp\/v2\/product\/31019\/revisions"}],"predecessor-version":[{"id":31447,"href":"https:\/\/gtartistoo.com\/es\/wp-json\/wp\/v2\/product\/31019\/revisions\/31447"}],"wp:featuredmedia":[{"embeddable":true,"href":"https:\/\/gtartistoo.com\/es\/wp-json\/wp\/v2\/media\/31027"}],"wp:attachment":[{"href":"https:\/\/gtartistoo.com\/es\/wp-json\/wp\/v2\/media?parent=31019"}],"wp:term":[{"taxonomy":"product_brand","embeddable":true,"href":"https:\/\/gtartistoo.com\/es\/wp-json\/wp\/v2\/product_brand?post=31019"},{"taxonomy":"product_cat","embeddable":true,"href":"https:\/\/gtartistoo.com\/es\/wp-json\/wp\/v2\/product_cat?post=31019"},{"taxonomy":"product_tag","embeddable":true,"href":"https:\/\/gtartistoo.com\/es\/wp-json\/wp\/v2\/product_tag?post=31019"}],"curies":[{"name":"wp","href":"https:\/\/api.w.org\/{rel}","templated":true}]}}