{"id":31111,"date":"2026-01-06T09:34:17","date_gmt":"2026-01-06T09:34:17","guid":{"rendered":"https:\/\/gtartistoo.com\/?post_type=product&#038;p=31111"},"modified":"2026-01-12T06:44:07","modified_gmt":"2026-01-12T06:44:07","slug":"kit-mezclador-de-tintas-para-tatuajes-agitador-electrico-de-pigmentos-con-400-barritas-desechables","status":"publish","type":"product","link":"https:\/\/gtartistoo.com\/es\/tienda\/suministros-para-tatuajes\/kit-mezclador-de-tintas-para-tatuajes-agitador-electrico-de-pigmentos-con-400-barritas-desechables\/","title":{"rendered":"Kit mezclador de tinta para tatuajes: agitador el\u00e9ctrico de pigmentos con 400 palillos desechables"},"content":{"rendered":"<p data-path-to-node=\"11\">Aseg\u00farese de que sus colores sean siempre suaves, vibrantes y est\u00e9n perfectamente mezclados. Este <b data-path-to-node=\"11\" data-index-in-node=\"75\">Kit mezclador de tinta para tatuajes<\/b> es imprescindible para los artistas profesionales que exigen coherencia e higiene en su flujo de trabajo. Diga adi\u00f3s a la sedimentaci\u00f3n de pigmentos y a los tonos desiguales.<\/p>\n<p data-path-to-node=\"12\"><b data-path-to-node=\"12\" data-index-in-node=\"0\">\u00bfPor qu\u00e9 elegir nuestro kit de mezcladora?<\/b><\/p>\n<ul data-path-to-node=\"13\">\n<li>\n<p data-path-to-node=\"13,0,0\"><b data-path-to-node=\"13,0,0\" data-index-in-node=\"0\">Pack completo:<\/b> Incluye <b data-path-to-node=\"13,0,0\" data-index-in-node=\"30\">3 Mezcladores el\u00e9ctricos de tinta<\/b> (negro elegante, blanco limpio y rojo atrevido) m\u00e1s <b data-path-to-node=\"13,0,0\" data-index-in-node=\"98\">400 Varillas agitadoras desechables<\/b> para mantener tu estaci\u00f3n abastecida durante meses.<\/p>\n<\/li>\n<li>\n<p data-path-to-node=\"13,1,0\"><b data-path-to-node=\"13,1,0\" data-index-in-node=\"0\">Mezcla minuciosa:<\/b> Con un <b data-path-to-node=\"13,1,0\" data-index-in-node=\"43\">dise\u00f1o de la varilla agitadora en cruz<\/b>, Nuestro mezclador garantiza que la tinta se mezcle uniformemente, evitando atascos y asegurando un flujo suave en las agujas.<\/p>\n<\/li>\n<li>\n<p data-path-to-node=\"13,2,0\"><b data-path-to-node=\"13,2,0\" data-index-in-node=\"0\">Funcionamiento con un solo bot\u00f3n:<\/b> Su dise\u00f1o sencillo y ergon\u00f3mico permite manejarlo r\u00e1pidamente con una sola mano. Ligera con s\u00f3lo <b data-path-to-node=\"13,2,0\" data-index-in-node=\"107\">40g<\/b> para el m\u00e1ximo confort durante las sesiones m\u00e1s ajetreadas.<\/p>\n<\/li>\n<li>\n<p data-path-to-node=\"13,3,0\"><b data-path-to-node=\"13,3,0\" data-index-in-node=\"0\">Higi\u00e9nico y seguro:<\/b> Cada una de las 400 varillas mezcladoras es desechable, lo que evita la contaminaci\u00f3n cruzada y mantiene los m\u00e1s altos niveles de seguridad para sus clientes.<\/p>\n<\/li>\n<li>\n<p data-path-to-node=\"13,4,0\"><b data-path-to-node=\"13,4,0\" data-index-in-node=\"0\">Port\u00e1til e inal\u00e1mbrico:<\/b> Desarrollado por <b data-path-to-node=\"13,4,0\" data-index-in-node=\"32\">2 pilas AA<\/b> (no incluido), lo que la convierte en la herramienta perfecta tanto para el trabajo de estudio como para los invitados a convenciones de tatuajes.<\/p>\n<\/li>\n<\/ul>\n<p data-path-to-node=\"14\"><b data-path-to-node=\"14\" data-index-in-node=\"0\">Especificaciones t\u00e9cnicas:<\/b><\/p>\n<ul data-path-to-node=\"15\">\n<li>\n<p data-path-to-node=\"15,0,0\"><b data-path-to-node=\"15,0,0\" data-index-in-node=\"0\">Dimensiones del mezclador:<\/b> 132 mm x 46 mm<\/p>\n<\/li>\n<li>\n<p data-path-to-node=\"15,1,0\"><b data-path-to-node=\"15,1,0\" data-index-in-node=\"0\">Peso del mezclador:<\/b> 40 g (ligero y port\u00e1til)<\/p>\n<\/li>\n<li>\n<p data-path-to-node=\"15,2,0\"><b data-path-to-node=\"15,2,0\" data-index-in-node=\"0\">Dimensiones de la varilla:<\/b> 33 mm de longitud, 4 mm de ancho de cabeza<\/p>\n<\/li>\n<li>\n<p data-path-to-node=\"15,3,0\"><b data-path-to-node=\"15,3,0\" data-index-in-node=\"0\">Material:<\/b> Pl\u00e1stico ABS de alta calidad<\/p>\n<\/li>\n<li>\n<p data-path-to-node=\"15,4,0\"><b data-path-to-node=\"15,4,0\" data-index-in-node=\"0\">Poder:<\/b> 2 pilas AA (se venden por separado)<\/p>\n<\/li>\n<li>\n<p data-path-to-node=\"15,5,0\"><b data-path-to-node=\"15,5,0\" data-index-in-node=\"0\">Cantidad:<\/b> 3 batidoras + 400 varillas agitadoras<\/p>\n<\/li>\n<\/ul>","protected":false},"excerpt":{"rendered":"<p>Ensure your colors are always smooth, vibrant, and perfectly blended. This Tattoo Ink Mixer Kit is a must-have for professional<\/p>","protected":false},"featured_media":31119,"comment_status":"open","ping_status":"closed","template":"","meta":[],"product_brand":[256],"product_cat":[307,83],"product_tag":[289],"class_list":{"0":"post-31111","1":"product","2":"type-product","3":"status-publish","4":"has-post-thumbnail","6":"product_brand-other","7":"product_cat-disposable-tattoo-supplies","8":"product_cat-tattoo-supplies","9":"product_tag-tattoo-ink-mixer","11":"first","12":"instock","13":"sale","14":"taxable","15":"shipping-taxable","16":"purchasable","17":"product-type-variable"},"yoast_head":"<!-- This site is optimized with the Yoast SEO Premium plugin v26.2 (Yoast SEO v26.2) - https:\/\/yoast.com\/wordpress\/plugins\/seo\/ -->\n<title>Tattoo Supplies Shop | Professional Tattoo Equipment<\/title>\n<meta name=\"description\" content=\"Achieve perfect pigment consistency with our Tattoo Ink Mixer Kit. Includes 3 electric stirrers (Black, White, Red) and 400 disposable mixing rods. Lightweight, portable, and prevents sediment. Ideal for professional tattoo studios in US, UK &amp; EU.\" \/>\n<meta name=\"robots\" content=\"index, follow, max-snippet:-1, max-image-preview:large, max-video-preview:-1\" \/>\n<link rel=\"canonical\" href=\"https:\/\/gtartistoo.com\/es\/tienda\/suministros-para-tatuajes\/kit-mezclador-de-tintas-para-tatuajes-agitador-electrico-de-pigmentos-con-400-barritas-desechables\/\" \/>\n<meta property=\"og:locale\" content=\"es_ES\" \/>\n<meta property=\"og:type\" content=\"article\" \/>\n<meta property=\"og:title\" content=\"Tattoo Ink Mixer Kit - Electric Pigment Stirrer with 400 Disposable Sticks\" \/>\n<meta property=\"og:description\" content=\"Achieve perfect pigment consistency with our Tattoo Ink Mixer Kit. Includes 3 electric stirrers (Black, White, Red) and 400 disposable mixing rods. Lightweight, portable, and prevents sediment. Ideal for professional tattoo studios in US, UK &amp; EU.\" \/>\n<meta property=\"og:url\" content=\"https:\/\/gtartistoo.com\/es\/tienda\/suministros-para-tatuajes\/kit-mezclador-de-tintas-para-tatuajes-agitador-electrico-de-pigmentos-con-400-barritas-desechables\/\" \/>\n<meta property=\"og:site_name\" content=\"gtartistoo.com\" \/>\n<meta property=\"article:modified_time\" content=\"2026-01-12T06:44:07+00:00\" \/>\n<meta property=\"og:image\" content=\"https:\/\/gtartistoo.com\/wp-content\/uploads\/2026\/01\/tattoo-ink-mixer-kit.jpg\" \/>\n\t<meta property=\"og:image:width\" content=\"1000\" \/>\n\t<meta property=\"og:image:height\" content=\"1000\" \/>\n\t<meta property=\"og:image:type\" content=\"image\/jpeg\" \/>\n<meta name=\"twitter:card\" content=\"summary_large_image\" \/>\n<meta name=\"twitter:label1\" content=\"Disponibilidad\" \/>\n\t<meta name=\"twitter:data1\" content=\"Disponible\" \/>\n<script type=\"application\/ld+json\" class=\"yoast-schema-graph\">{\"@context\":\"https:\/\/schema.org\",\"@graph\":[{\"@type\":\"WebPage\",\"@id\":\"https:\/\/gtartistoo.com\/shop\/tattoo-supplies\/tattoo-ink-mixer-kit-electric-pigment-stirrer-with-400-disposable-sticks\/\",\"url\":\"https:\/\/gtartistoo.com\/shop\/tattoo-supplies\/tattoo-ink-mixer-kit-electric-pigment-stirrer-with-400-disposable-sticks\/\",\"name\":\"Tattoo Supplies Shop | Professional Tattoo Equipment\",\"isPartOf\":{\"@id\":\"https:\/\/gtartistoo.com\/#website\"},\"primaryImageOfPage\":{\"@id\":\"https:\/\/gtartistoo.com\/shop\/tattoo-supplies\/tattoo-ink-mixer-kit-electric-pigment-stirrer-with-400-disposable-sticks\/#primaryimage\"},\"image\":{\"@id\":\"https:\/\/gtartistoo.com\/shop\/tattoo-supplies\/tattoo-ink-mixer-kit-electric-pigment-stirrer-with-400-disposable-sticks\/#primaryimage\"},\"thumbnailUrl\":\"https:\/\/gtartistoo.com\/wp-content\/uploads\/2026\/01\/tattoo-ink-mixer-kit.jpg\",\"datePublished\":\"2026-01-06T09:34:17+00:00\",\"dateModified\":\"2026-01-12T06:44:07+00:00\",\"description\":\"Achieve perfect pigment consistency with our Tattoo Ink Mixer Kit. Includes 3 electric stirrers (Black, White, Red) and 400 disposable mixing rods. Lightweight, portable, and prevents sediment. Ideal for professional tattoo studios in US, UK & EU.\",\"breadcrumb\":{\"@id\":\"https:\/\/gtartistoo.com\/shop\/tattoo-supplies\/tattoo-ink-mixer-kit-electric-pigment-stirrer-with-400-disposable-sticks\/#breadcrumb\"},\"inLanguage\":\"es\",\"potentialAction\":[{\"@type\":\"ReadAction\",\"target\":[\"https:\/\/gtartistoo.com\/shop\/tattoo-supplies\/tattoo-ink-mixer-kit-electric-pigment-stirrer-with-400-disposable-sticks\/\"]}]},{\"@type\":\"ImageObject\",\"inLanguage\":\"es\",\"@id\":\"https:\/\/gtartistoo.com\/shop\/tattoo-supplies\/tattoo-ink-mixer-kit-electric-pigment-stirrer-with-400-disposable-sticks\/#primaryimage\",\"url\":\"https:\/\/gtartistoo.com\/wp-content\/uploads\/2026\/01\/tattoo-ink-mixer-kit.jpg\",\"contentUrl\":\"https:\/\/gtartistoo.com\/wp-content\/uploads\/2026\/01\/tattoo-ink-mixer-kit.jpg\",\"width\":1000,\"height\":1000,\"caption\":\"Versatile electric ink mixers in 3 colors.\"},{\"@type\":\"BreadcrumbList\",\"@id\":\"https:\/\/gtartistoo.com\/shop\/tattoo-supplies\/tattoo-ink-mixer-kit-electric-pigment-stirrer-with-400-disposable-sticks\/#breadcrumb\",\"itemListElement\":[{\"@type\":\"ListItem\",\"position\":1,\"name\":\"Home\",\"item\":\"https:\/\/gtartistoo.com\/\"},{\"@type\":\"ListItem\",\"position\":2,\"name\":\"Shop\",\"item\":\"https:\/\/gtartistoo.com\/shop\/\"},{\"@type\":\"ListItem\",\"position\":3,\"name\":\"Tattoo Ink Mixer Kit &#8211; Electric Pigment Stirrer with 400 Disposable Sticks\"}]},{\"@type\":\"WebSite\",\"@id\":\"https:\/\/gtartistoo.com\/#website\",\"url\":\"https:\/\/gtartistoo.com\/\",\"name\":\"gtartistoo.com\",\"description\":\"\",\"publisher\":{\"@id\":\"https:\/\/gtartistoo.com\/#organization\"},\"potentialAction\":[{\"@type\":\"SearchAction\",\"target\":{\"@type\":\"EntryPoint\",\"urlTemplate\":\"https:\/\/gtartistoo.com\/?s={search_term_string}\"},\"query-input\":{\"@type\":\"PropertyValueSpecification\",\"valueRequired\":true,\"valueName\":\"search_term_string\"}}],\"inLanguage\":\"es\"},{\"@type\":\"Organization\",\"@id\":\"https:\/\/gtartistoo.com\/#organization\",\"name\":\"gtartistoo.com\",\"url\":\"https:\/\/gtartistoo.com\/\",\"logo\":{\"@type\":\"ImageObject\",\"inLanguage\":\"es\",\"@id\":\"https:\/\/gtartistoo.com\/#\/schema\/logo\/image\/\",\"url\":\"https:\/\/gtartistoo.com\/wp-content\/uploads\/2025\/10\/logo.svg\",\"contentUrl\":\"https:\/\/gtartistoo.com\/wp-content\/uploads\/2025\/10\/logo.svg\",\"width\":369,\"height\":124,\"caption\":\"gtartistoo.com\"},\"image\":{\"@id\":\"https:\/\/gtartistoo.com\/#\/schema\/logo\/image\/\"}}]}<\/script>\n<meta property=\"og:availability\" content=\"instock\" \/>\n<meta property=\"product:availability\" content=\"instock\" \/>\n<meta property=\"product:retailer_item_id\" content=\"31111\" \/>\n<meta property=\"product:condition\" content=\"new\" \/>\n<!-- \/ Yoast SEO Premium plugin. -->","yoast_head_json":{"title":"Tattoo Supplies Shop | Equipo profesional para tatuajes","description":"Consigue una consistencia perfecta de los pigmentos con nuestro kit mezclador de tintas para tatuajes. Incluye 3 agitadores el\u00e9ctricos (Negro, Blanco, Rojo) y 400 varillas mezcladoras desechables. Ligero, port\u00e1til y evita los sedimentos. Ideal para estudios de tatuaje profesionales en EE.UU., Reino Unido y la UE.","robots":{"index":"index","follow":"follow","max-snippet":"max-snippet:-1","max-image-preview":"max-image-preview:large","max-video-preview":"max-video-preview:-1"},"canonical":"https:\/\/gtartistoo.com\/es\/tienda\/suministros-para-tatuajes\/kit-mezclador-de-tintas-para-tatuajes-agitador-electrico-de-pigmentos-con-400-barritas-desechables\/","og_locale":"es_ES","og_type":"article","og_title":"Tattoo Ink Mixer Kit - Electric Pigment Stirrer with 400 Disposable Sticks","og_description":"Achieve perfect pigment consistency with our Tattoo Ink Mixer Kit. Includes 3 electric stirrers (Black, White, Red) and 400 disposable mixing rods. Lightweight, portable, and prevents sediment. Ideal for professional tattoo studios in US, UK & EU.","og_url":"https:\/\/gtartistoo.com\/es\/tienda\/suministros-para-tatuajes\/kit-mezclador-de-tintas-para-tatuajes-agitador-electrico-de-pigmentos-con-400-barritas-desechables\/","og_site_name":"gtartistoo.com","article_modified_time":"2026-01-12T06:44:07+00:00","og_image":[{"width":1000,"height":1000,"url":"https:\/\/gtartistoo.com\/wp-content\/uploads\/2026\/01\/tattoo-ink-mixer-kit.jpg","type":"image\/jpeg"}],"twitter_card":"summary_large_image","twitter_misc":{"Disponibilidad":"Disponible"},"schema":{"@context":"https:\/\/schema.org","@graph":[{"@type":"WebPage","@id":"https:\/\/gtartistoo.com\/shop\/tattoo-supplies\/tattoo-ink-mixer-kit-electric-pigment-stirrer-with-400-disposable-sticks\/","url":"https:\/\/gtartistoo.com\/shop\/tattoo-supplies\/tattoo-ink-mixer-kit-electric-pigment-stirrer-with-400-disposable-sticks\/","name":"Tattoo Supplies Shop | Equipo profesional para tatuajes","isPartOf":{"@id":"https:\/\/gtartistoo.com\/#website"},"primaryImageOfPage":{"@id":"https:\/\/gtartistoo.com\/shop\/tattoo-supplies\/tattoo-ink-mixer-kit-electric-pigment-stirrer-with-400-disposable-sticks\/#primaryimage"},"image":{"@id":"https:\/\/gtartistoo.com\/shop\/tattoo-supplies\/tattoo-ink-mixer-kit-electric-pigment-stirrer-with-400-disposable-sticks\/#primaryimage"},"thumbnailUrl":"https:\/\/gtartistoo.com\/wp-content\/uploads\/2026\/01\/tattoo-ink-mixer-kit.jpg","datePublished":"2026-01-06T09:34:17+00:00","dateModified":"2026-01-12T06:44:07+00:00","description":"Consigue una consistencia perfecta de los pigmentos con nuestro kit mezclador de tintas para tatuajes. Incluye 3 agitadores el\u00e9ctricos (Negro, Blanco, Rojo) y 400 varillas mezcladoras desechables. Ligero, port\u00e1til y evita los sedimentos. Ideal para estudios de tatuaje profesionales en EE.UU., Reino Unido y la UE.","breadcrumb":{"@id":"https:\/\/gtartistoo.com\/shop\/tattoo-supplies\/tattoo-ink-mixer-kit-electric-pigment-stirrer-with-400-disposable-sticks\/#breadcrumb"},"inLanguage":"es","potentialAction":[{"@type":"ReadAction","target":["https:\/\/gtartistoo.com\/shop\/tattoo-supplies\/tattoo-ink-mixer-kit-electric-pigment-stirrer-with-400-disposable-sticks\/"]}]},{"@type":"ImageObject","inLanguage":"es","@id":"https:\/\/gtartistoo.com\/shop\/tattoo-supplies\/tattoo-ink-mixer-kit-electric-pigment-stirrer-with-400-disposable-sticks\/#primaryimage","url":"https:\/\/gtartistoo.com\/wp-content\/uploads\/2026\/01\/tattoo-ink-mixer-kit.jpg","contentUrl":"https:\/\/gtartistoo.com\/wp-content\/uploads\/2026\/01\/tattoo-ink-mixer-kit.jpg","width":1000,"height":1000,"caption":"Versatile electric ink mixers in 3 colors."},{"@type":"BreadcrumbList","@id":"https:\/\/gtartistoo.com\/shop\/tattoo-supplies\/tattoo-ink-mixer-kit-electric-pigment-stirrer-with-400-disposable-sticks\/#breadcrumb","itemListElement":[{"@type":"ListItem","position":1,"name":"Home","item":"https:\/\/gtartistoo.com\/"},{"@type":"ListItem","position":2,"name":"Shop","item":"https:\/\/gtartistoo.com\/shop\/"},{"@type":"ListItem","position":3,"name":"Tattoo Ink Mixer Kit &#8211; Electric Pigment Stirrer with 400 Disposable Sticks"}]},{"@type":"WebSite","@id":"https:\/\/gtartistoo.com\/#website","url":"https:\/\/gtartistoo.com\/","name":"gtartistoo.com","description":"","publisher":{"@id":"https:\/\/gtartistoo.com\/#organization"},"potentialAction":[{"@type":"SearchAction","target":{"@type":"EntryPoint","urlTemplate":"https:\/\/gtartistoo.com\/?s={search_term_string}"},"query-input":{"@type":"PropertyValueSpecification","valueRequired":true,"valueName":"search_term_string"}}],"inLanguage":"es"},{"@type":"Organization","@id":"https:\/\/gtartistoo.com\/#organization","name":"gtartistoo.com","url":"https:\/\/gtartistoo.com\/","logo":{"@type":"ImageObject","inLanguage":"es","@id":"https:\/\/gtartistoo.com\/#\/schema\/logo\/image\/","url":"https:\/\/gtartistoo.com\/wp-content\/uploads\/2025\/10\/logo.svg","contentUrl":"https:\/\/gtartistoo.com\/wp-content\/uploads\/2025\/10\/logo.svg","width":369,"height":124,"caption":"gtartistoo.com"},"image":{"@id":"https:\/\/gtartistoo.com\/#\/schema\/logo\/image\/"}}]},"og_availability":"instock","product_availability":"instock","product_retailer_item_id":"31111","product_condition":"new"},"_links":{"self":[{"href":"https:\/\/gtartistoo.com\/es\/wp-json\/wp\/v2\/product\/31111","targetHints":{"allow":["GET"]}}],"collection":[{"href":"https:\/\/gtartistoo.com\/es\/wp-json\/wp\/v2\/product"}],"about":[{"href":"https:\/\/gtartistoo.com\/es\/wp-json\/wp\/v2\/types\/product"}],"replies":[{"embeddable":true,"href":"https:\/\/gtartistoo.com\/es\/wp-json\/wp\/v2\/comments?post=31111"}],"version-history":[{"count":1,"href":"https:\/\/gtartistoo.com\/es\/wp-json\/wp\/v2\/product\/31111\/revisions"}],"predecessor-version":[{"id":31121,"href":"https:\/\/gtartistoo.com\/es\/wp-json\/wp\/v2\/product\/31111\/revisions\/31121"}],"wp:featuredmedia":[{"embeddable":true,"href":"https:\/\/gtartistoo.com\/es\/wp-json\/wp\/v2\/media\/31119"}],"wp:attachment":[{"href":"https:\/\/gtartistoo.com\/es\/wp-json\/wp\/v2\/media?parent=31111"}],"wp:term":[{"taxonomy":"product_brand","embeddable":true,"href":"https:\/\/gtartistoo.com\/es\/wp-json\/wp\/v2\/product_brand?post=31111"},{"taxonomy":"product_cat","embeddable":true,"href":"https:\/\/gtartistoo.com\/es\/wp-json\/wp\/v2\/product_cat?post=31111"},{"taxonomy":"product_tag","embeddable":true,"href":"https:\/\/gtartistoo.com\/es\/wp-json\/wp\/v2\/product_tag?post=31111"}],"curies":[{"name":"wp","href":"https:\/\/api.w.org\/{rel}","templated":true}]}}