{"id":31461,"date":"2026-01-20T07:23:53","date_gmt":"2026-01-20T07:23:53","guid":{"rendered":"https:\/\/gtartistoo.com\/?post_type=product&#038;p=31461"},"modified":"2026-01-20T07:23:54","modified_gmt":"2026-01-20T07:23:54","slug":"tattoo-rotulador-de-doble-punta","status":"publish","type":"product","link":"https:\/\/gtartistoo.com\/es\/tienda\/suministros-para-tatuajes\/tattoo-rotulador-de-doble-punta\/","title":{"rendered":"Tattoo Dual Tip Outline Marker Pen - Colorido rotulador de doble punta para esbozos de tatuajes"},"content":{"rendered":"<p data-start=\"1148\" data-end=\"1439\">En <strong data-start=\"1152\" data-end=\"1182\">tattoo rotulador de doble punta<\/strong> est\u00e1 dise\u00f1ado para tatuadores profesionales que necesitan trazos limpios y precisos y herramientas de dibujo fiables. Con un dise\u00f1o de doble punta, fina y gruesa, este rotulador permite un control flexible del trazo para dise\u00f1os de tatuaje detallados y l\u00edneas de trazo gruesas.<\/p>\n<p data-start=\"1441\" data-end=\"1691\">Fabricado con tinta resistente a la decoloraci\u00f3n, el marcador mantiene una visibilidad clara durante el proceso de tatuaje y resiste las manchas en la piel. Tanto si se utiliza para la planificaci\u00f3n inicial de la plantilla como para bocetos a mano alzada, proporciona un flujo de tinta estable y un rendimiento de color uniforme.<\/p>\n<p data-start=\"1693\" data-end=\"1962\">Cada rotulador incluye dos puntas funcionales, lo que lo hace adecuado tanto para delinear como para sombrear trabajos de referencia. El cuerpo ligero del rotulador ofrece un manejo c\u00f3modo durante largas sesiones, mientras que la f\u00f3rmula duradera de la tinta garantiza que los dise\u00f1os permanezcan visibles hasta que se termine el tatuaje.<\/p>\n<p data-start=\"1964\" data-end=\"2112\">Disponible en varios colores, este rotulador para esbozos de tatuajes es ideal para estudios, aprendices y artistas profesionales que buscan herramientas de marcado fiables.<\/p>\n<hr data-start=\"2114\" data-end=\"2117\" \/>\n<h3 data-start=\"2119\" data-end=\"2139\"><strong data-start=\"2123\" data-end=\"2139\">Caracter\u00edsticas principales<\/strong><\/h3>\n<ul data-start=\"2141\" data-end=\"2380\">\n<li data-start=\"2141\" data-end=\"2188\">\n<p data-start=\"2143\" data-end=\"2188\">Dise\u00f1o de doble punta para contornos finos y gruesos<\/p>\n<\/li>\n<li data-start=\"2189\" data-end=\"2238\">\n<p data-start=\"2191\" data-end=\"2238\">Tinta resistente a la decoloraci\u00f3n que permanece visible sobre la piel<\/p>\n<\/li>\n<li data-start=\"2239\" data-end=\"2287\">\n<p data-start=\"2241\" data-end=\"2287\">Flujo de tinta suave con salida de color uniforme<\/p>\n<\/li>\n<li data-start=\"2288\" data-end=\"2342\">\n<p data-start=\"2290\" data-end=\"2342\">Adecuado para esbozar tatuajes y planificar plantillas<\/p>\n<\/li>\n<li data-start=\"2343\" data-end=\"2380\">\n<p data-start=\"2345\" data-end=\"2380\">C\u00f3modo agarre para un uso prolongado<\/p>\n<\/li>\n<\/ul>\n<hr data-start=\"2382\" data-end=\"2385\" \/>\n<h3 data-start=\"2387\" data-end=\"2417\"><strong data-start=\"2391\" data-end=\"2417\">Colores disponibles\u00a0<\/strong><\/h3>\n<ul data-start=\"2419\" data-end=\"2456\">\n<li data-start=\"2419\" data-end=\"2426\">\n<p data-start=\"2421\" data-end=\"2426\">Rojo<\/p>\n<\/li>\n<li data-start=\"2427\" data-end=\"2436\">\n<p data-start=\"2429\" data-end=\"2436\">Negro<\/p>\n<\/li>\n<li data-start=\"2437\" data-end=\"2445\">\n<p data-start=\"2439\" data-end=\"2445\">Azul<\/p>\n<\/li>\n<li data-start=\"2446\" data-end=\"2456\">\n<p data-start=\"2448\" data-end=\"2456\">Morado<\/p>\n<\/li>\n<\/ul>","protected":false},"excerpt":{"rendered":"<p>The tattoo dual tip marker pen is designed for professional tattoo artists who need clean, precise outlines and reliable sketching<\/p>","protected":false},"featured_media":31468,"comment_status":"open","ping_status":"closed","template":"","meta":[],"product_brand":[71],"product_cat":[83],"product_tag":[343],"class_list":{"0":"post-31461","1":"product","2":"type-product","3":"status-publish","4":"has-post-thumbnail","6":"product_brand-gtartistoo","7":"product_cat-tattoo-supplies","8":"product_tag-tattoo-marker-pen","10":"first","11":"instock","12":"taxable","13":"shipping-taxable","14":"purchasable","15":"product-type-variable"},"yoast_head":"<!-- This site is optimized with the Yoast SEO Premium plugin v26.2 (Yoast SEO v26.2) - https:\/\/yoast.com\/wordpress\/plugins\/seo\/ -->\n<title>Tattoo Dual Tip Marker Pen for Tattoo Sketching | Gtartistoo<\/title>\n<meta name=\"description\" content=\"tattoo dual tip marker pen designed for clean outlining and sketching. Dual thickness tips, fade-resistant ink, and vibrant colors. Ideal for tattoo artists and studios.\" \/>\n<meta name=\"robots\" content=\"index, follow, max-snippet:-1, max-image-preview:large, max-video-preview:-1\" \/>\n<link rel=\"canonical\" href=\"https:\/\/gtartistoo.com\/es\/tienda\/suministros-para-tatuajes\/tattoo-rotulador-de-doble-punta\/\" \/>\n<meta property=\"og:locale\" content=\"es_ES\" \/>\n<meta property=\"og:type\" content=\"article\" \/>\n<meta property=\"og:title\" content=\"Tattoo Dual Tip Outline Marker Pen \u2013 Colorful Double-Ended Tattoo Sketch Pen\" \/>\n<meta property=\"og:description\" content=\"tattoo dual tip marker pen designed for clean outlining and sketching. Dual thickness tips, fade-resistant ink, and vibrant colors. Ideal for tattoo artists and studios.\" \/>\n<meta property=\"og:url\" content=\"https:\/\/gtartistoo.com\/es\/tienda\/suministros-para-tatuajes\/tattoo-rotulador-de-doble-punta\/\" \/>\n<meta property=\"og:site_name\" content=\"gtartistoo.com\" \/>\n<meta property=\"article:modified_time\" content=\"2026-01-20T07:23:54+00:00\" \/>\n<meta property=\"og:image\" content=\"https:\/\/gtartistoo.com\/wp-content\/uploads\/2026\/01\/tattoo-dual-tip-marker-pen2.webp\" \/>\n\t<meta property=\"og:image:width\" content=\"800\" \/>\n\t<meta property=\"og:image:height\" content=\"800\" \/>\n\t<meta property=\"og:image:type\" content=\"image\/webp\" \/>\n<meta name=\"twitter:card\" content=\"summary_large_image\" \/>\n<meta name=\"twitter:label1\" content=\"Disponibilidad\" \/>\n\t<meta name=\"twitter:data1\" content=\"Disponible\" \/>\n<script type=\"application\/ld+json\" class=\"yoast-schema-graph\">{\"@context\":\"https:\/\/schema.org\",\"@graph\":[{\"@type\":\"WebPage\",\"@id\":\"https:\/\/gtartistoo.com\/shop\/tattoo-supplies\/tattoo-dual-tip-marker-pen\/\",\"url\":\"https:\/\/gtartistoo.com\/shop\/tattoo-supplies\/tattoo-dual-tip-marker-pen\/\",\"name\":\"Tattoo Dual Tip Marker Pen for Tattoo Sketching | Gtartistoo\",\"isPartOf\":{\"@id\":\"https:\/\/gtartistoo.com\/#website\"},\"primaryImageOfPage\":{\"@id\":\"https:\/\/gtartistoo.com\/shop\/tattoo-supplies\/tattoo-dual-tip-marker-pen\/#primaryimage\"},\"image\":{\"@id\":\"https:\/\/gtartistoo.com\/shop\/tattoo-supplies\/tattoo-dual-tip-marker-pen\/#primaryimage\"},\"thumbnailUrl\":\"https:\/\/gtartistoo.com\/wp-content\/uploads\/2026\/01\/tattoo-dual-tip-marker-pen2.webp\",\"datePublished\":\"2026-01-20T07:23:53+00:00\",\"dateModified\":\"2026-01-20T07:23:54+00:00\",\"description\":\"tattoo dual tip marker pen designed for clean outlining and sketching. Dual thickness tips, fade-resistant ink, and vibrant colors. Ideal for tattoo artists and studios.\",\"breadcrumb\":{\"@id\":\"https:\/\/gtartistoo.com\/shop\/tattoo-supplies\/tattoo-dual-tip-marker-pen\/#breadcrumb\"},\"inLanguage\":\"es\",\"potentialAction\":[{\"@type\":\"ReadAction\",\"target\":[\"https:\/\/gtartistoo.com\/shop\/tattoo-supplies\/tattoo-dual-tip-marker-pen\/\"]}]},{\"@type\":\"ImageObject\",\"inLanguage\":\"es\",\"@id\":\"https:\/\/gtartistoo.com\/shop\/tattoo-supplies\/tattoo-dual-tip-marker-pen\/#primaryimage\",\"url\":\"https:\/\/gtartistoo.com\/wp-content\/uploads\/2026\/01\/tattoo-dual-tip-marker-pen2.webp\",\"contentUrl\":\"https:\/\/gtartistoo.com\/wp-content\/uploads\/2026\/01\/tattoo-dual-tip-marker-pen2.webp\",\"width\":800,\"height\":800,\"caption\":\"tattoo dual tip marker pen for tattoo sketching\"},{\"@type\":\"BreadcrumbList\",\"@id\":\"https:\/\/gtartistoo.com\/shop\/tattoo-supplies\/tattoo-dual-tip-marker-pen\/#breadcrumb\",\"itemListElement\":[{\"@type\":\"ListItem\",\"position\":1,\"name\":\"Home\",\"item\":\"https:\/\/gtartistoo.com\/\"},{\"@type\":\"ListItem\",\"position\":2,\"name\":\"Shop\",\"item\":\"https:\/\/gtartistoo.com\/shop\/\"},{\"@type\":\"ListItem\",\"position\":3,\"name\":\"Tattoo Dual Tip Outline Marker Pen \u2013 Colorful Double-Ended Tattoo Sketch Pen\"}]},{\"@type\":\"WebSite\",\"@id\":\"https:\/\/gtartistoo.com\/#website\",\"url\":\"https:\/\/gtartistoo.com\/\",\"name\":\"gtartistoo.com\",\"description\":\"\",\"publisher\":{\"@id\":\"https:\/\/gtartistoo.com\/#organization\"},\"potentialAction\":[{\"@type\":\"SearchAction\",\"target\":{\"@type\":\"EntryPoint\",\"urlTemplate\":\"https:\/\/gtartistoo.com\/?s={search_term_string}\"},\"query-input\":{\"@type\":\"PropertyValueSpecification\",\"valueRequired\":true,\"valueName\":\"search_term_string\"}}],\"inLanguage\":\"es\"},{\"@type\":\"Organization\",\"@id\":\"https:\/\/gtartistoo.com\/#organization\",\"name\":\"gtartistoo.com\",\"url\":\"https:\/\/gtartistoo.com\/\",\"logo\":{\"@type\":\"ImageObject\",\"inLanguage\":\"es\",\"@id\":\"https:\/\/gtartistoo.com\/#\/schema\/logo\/image\/\",\"url\":\"https:\/\/gtartistoo.com\/wp-content\/uploads\/2025\/10\/logo.svg\",\"contentUrl\":\"https:\/\/gtartistoo.com\/wp-content\/uploads\/2025\/10\/logo.svg\",\"width\":369,\"height\":124,\"caption\":\"gtartistoo.com\"},\"image\":{\"@id\":\"https:\/\/gtartistoo.com\/#\/schema\/logo\/image\/\"}}]}<\/script>\n<meta property=\"og:availability\" content=\"instock\" \/>\n<meta property=\"product:availability\" content=\"instock\" \/>\n<meta property=\"product:retailer_item_id\" content=\"31461\" \/>\n<meta property=\"product:condition\" content=\"new\" \/>\n<!-- \/ Yoast SEO Premium plugin. -->","yoast_head_json":{"title":"Tattoo Rotulador de doble punta para dibujo de tatuajes | Gtartistoo","description":"Rotulador de doble punta para tatuajes, dise\u00f1ado para trazar contornos y esbozos n\u00edtidos. Puntas de doble grosor, tinta resistente a la decoloraci\u00f3n y colores vibrantes. Ideal para artistas y estudios de tatuaje.","robots":{"index":"index","follow":"follow","max-snippet":"max-snippet:-1","max-image-preview":"max-image-preview:large","max-video-preview":"max-video-preview:-1"},"canonical":"https:\/\/gtartistoo.com\/es\/tienda\/suministros-para-tatuajes\/tattoo-rotulador-de-doble-punta\/","og_locale":"es_ES","og_type":"article","og_title":"Tattoo Dual Tip Outline Marker Pen \u2013 Colorful Double-Ended Tattoo Sketch Pen","og_description":"tattoo dual tip marker pen designed for clean outlining and sketching. Dual thickness tips, fade-resistant ink, and vibrant colors. Ideal for tattoo artists and studios.","og_url":"https:\/\/gtartistoo.com\/es\/tienda\/suministros-para-tatuajes\/tattoo-rotulador-de-doble-punta\/","og_site_name":"gtartistoo.com","article_modified_time":"2026-01-20T07:23:54+00:00","og_image":[{"width":800,"height":800,"url":"https:\/\/gtartistoo.com\/wp-content\/uploads\/2026\/01\/tattoo-dual-tip-marker-pen2.webp","type":"image\/webp"}],"twitter_card":"summary_large_image","twitter_misc":{"Disponibilidad":"Disponible"},"schema":{"@context":"https:\/\/schema.org","@graph":[{"@type":"WebPage","@id":"https:\/\/gtartistoo.com\/shop\/tattoo-supplies\/tattoo-dual-tip-marker-pen\/","url":"https:\/\/gtartistoo.com\/shop\/tattoo-supplies\/tattoo-dual-tip-marker-pen\/","name":"Tattoo Rotulador de doble punta para dibujo de tatuajes | Gtartistoo","isPartOf":{"@id":"https:\/\/gtartistoo.com\/#website"},"primaryImageOfPage":{"@id":"https:\/\/gtartistoo.com\/shop\/tattoo-supplies\/tattoo-dual-tip-marker-pen\/#primaryimage"},"image":{"@id":"https:\/\/gtartistoo.com\/shop\/tattoo-supplies\/tattoo-dual-tip-marker-pen\/#primaryimage"},"thumbnailUrl":"https:\/\/gtartistoo.com\/wp-content\/uploads\/2026\/01\/tattoo-dual-tip-marker-pen2.webp","datePublished":"2026-01-20T07:23:53+00:00","dateModified":"2026-01-20T07:23:54+00:00","description":"Rotulador de doble punta para tatuajes, dise\u00f1ado para trazar contornos y esbozos n\u00edtidos. Puntas de doble grosor, tinta resistente a la decoloraci\u00f3n y colores vibrantes. Ideal para artistas y estudios de tatuaje.","breadcrumb":{"@id":"https:\/\/gtartistoo.com\/shop\/tattoo-supplies\/tattoo-dual-tip-marker-pen\/#breadcrumb"},"inLanguage":"es","potentialAction":[{"@type":"ReadAction","target":["https:\/\/gtartistoo.com\/shop\/tattoo-supplies\/tattoo-dual-tip-marker-pen\/"]}]},{"@type":"ImageObject","inLanguage":"es","@id":"https:\/\/gtartistoo.com\/shop\/tattoo-supplies\/tattoo-dual-tip-marker-pen\/#primaryimage","url":"https:\/\/gtartistoo.com\/wp-content\/uploads\/2026\/01\/tattoo-dual-tip-marker-pen2.webp","contentUrl":"https:\/\/gtartistoo.com\/wp-content\/uploads\/2026\/01\/tattoo-dual-tip-marker-pen2.webp","width":800,"height":800,"caption":"tattoo dual tip marker pen for tattoo sketching"},{"@type":"BreadcrumbList","@id":"https:\/\/gtartistoo.com\/shop\/tattoo-supplies\/tattoo-dual-tip-marker-pen\/#breadcrumb","itemListElement":[{"@type":"ListItem","position":1,"name":"Home","item":"https:\/\/gtartistoo.com\/"},{"@type":"ListItem","position":2,"name":"Shop","item":"https:\/\/gtartistoo.com\/shop\/"},{"@type":"ListItem","position":3,"name":"Tattoo Dual Tip Outline Marker Pen \u2013 Colorful Double-Ended Tattoo Sketch Pen"}]},{"@type":"WebSite","@id":"https:\/\/gtartistoo.com\/#website","url":"https:\/\/gtartistoo.com\/","name":"gtartistoo.com","description":"","publisher":{"@id":"https:\/\/gtartistoo.com\/#organization"},"potentialAction":[{"@type":"SearchAction","target":{"@type":"EntryPoint","urlTemplate":"https:\/\/gtartistoo.com\/?s={search_term_string}"},"query-input":{"@type":"PropertyValueSpecification","valueRequired":true,"valueName":"search_term_string"}}],"inLanguage":"es"},{"@type":"Organization","@id":"https:\/\/gtartistoo.com\/#organization","name":"gtartistoo.com","url":"https:\/\/gtartistoo.com\/","logo":{"@type":"ImageObject","inLanguage":"es","@id":"https:\/\/gtartistoo.com\/#\/schema\/logo\/image\/","url":"https:\/\/gtartistoo.com\/wp-content\/uploads\/2025\/10\/logo.svg","contentUrl":"https:\/\/gtartistoo.com\/wp-content\/uploads\/2025\/10\/logo.svg","width":369,"height":124,"caption":"gtartistoo.com"},"image":{"@id":"https:\/\/gtartistoo.com\/#\/schema\/logo\/image\/"}}]},"og_availability":"instock","product_availability":"instock","product_retailer_item_id":"31461","product_condition":"new"},"_links":{"self":[{"href":"https:\/\/gtartistoo.com\/es\/wp-json\/wp\/v2\/product\/31461","targetHints":{"allow":["GET"]}}],"collection":[{"href":"https:\/\/gtartistoo.com\/es\/wp-json\/wp\/v2\/product"}],"about":[{"href":"https:\/\/gtartistoo.com\/es\/wp-json\/wp\/v2\/types\/product"}],"replies":[{"embeddable":true,"href":"https:\/\/gtartistoo.com\/es\/wp-json\/wp\/v2\/comments?post=31461"}],"version-history":[{"count":1,"href":"https:\/\/gtartistoo.com\/es\/wp-json\/wp\/v2\/product\/31461\/revisions"}],"predecessor-version":[{"id":31474,"href":"https:\/\/gtartistoo.com\/es\/wp-json\/wp\/v2\/product\/31461\/revisions\/31474"}],"wp:featuredmedia":[{"embeddable":true,"href":"https:\/\/gtartistoo.com\/es\/wp-json\/wp\/v2\/media\/31468"}],"wp:attachment":[{"href":"https:\/\/gtartistoo.com\/es\/wp-json\/wp\/v2\/media?parent=31461"}],"wp:term":[{"taxonomy":"product_brand","embeddable":true,"href":"https:\/\/gtartistoo.com\/es\/wp-json\/wp\/v2\/product_brand?post=31461"},{"taxonomy":"product_cat","embeddable":true,"href":"https:\/\/gtartistoo.com\/es\/wp-json\/wp\/v2\/product_cat?post=31461"},{"taxonomy":"product_tag","embeddable":true,"href":"https:\/\/gtartistoo.com\/es\/wp-json\/wp\/v2\/product_tag?post=31461"}],"curies":[{"name":"wp","href":"https:\/\/api.w.org\/{rel}","templated":true}]}}