{"id":31491,"date":"2026-01-29T05:31:44","date_gmt":"2026-01-29T05:31:44","guid":{"rendered":"https:\/\/gtartistoo.com\/?post_type=product&#038;p=31491"},"modified":"2026-01-29T05:31:56","modified_gmt":"2026-01-29T05:31:56","slug":"stencil-stuff-tattoo-stencil-transfer-gel","status":"publish","type":"product","link":"https:\/\/gtartistoo.com\/es\/tienda\/suministros-para-tatuajes\/stencil-stuff-tattoo-stencil-transfer-gel\/","title":{"rendered":"Stencil Stuff Gel para Transferencia de Plantillas de Tatuaje"},"content":{"rendered":"<h2 data-start=\"429\" data-end=\"473\">Gel profesional para transferir plantillas de tatuaje<\/h2>\n<p data-start=\"475\" data-end=\"795\"><strong data-start=\"475\" data-end=\"520\">Stencil Stuff Gel para Transferencia de Plantillas de Tatuaje<\/strong> es una soluci\u00f3n de calidad profesional dise\u00f1ada para ofrecer transferencias de est\u00e9nciles limpias, n\u00edtidas y fiables. Desde la primera aplicaci\u00f3n, los artistas pueden ver claramente la diferencia en precisi\u00f3n y consistencia. Como resultado, la colocaci\u00f3n de las ilustraciones es m\u00e1s r\u00e1pida, sencilla y precisa.<\/p>\n<hr data-start=\"797\" data-end=\"800\" \/>\n<h2 data-start=\"802\" data-end=\"849\">Transferencias limpias, duraderas y sin manchas<\/h2>\n<p data-start=\"851\" data-end=\"1199\">Durante el proceso de tatuaje, la claridad de la plantilla es fundamental. <strong data-start=\"910\" data-end=\"923\">Por lo tanto<\/strong>, Este gel de transferencia est\u00e1 formulado para proporcionar una excelente adherencia y evitar que se emborrone o se desvanezca. Adem\u00e1s, una vez fijada la plantilla, se mantiene n\u00edtida durante toda la sesi\u00f3n. <strong data-start=\"1100\" data-end=\"1115\">Adem\u00e1s<\/strong>, La f\u00f3rmula permite m\u00faltiples aplicaciones sin comprometer la definici\u00f3n del trazo.<\/p>\n<hr data-start=\"1201\" data-end=\"1204\" \/>\n<h2 data-start=\"1206\" data-end=\"1252\">F\u00f3rmula suave, inocua para la piel y apta para veganos<\/h2>\n<p data-start=\"1254\" data-end=\"1570\">La seguridad del cliente siempre es lo primero. <strong data-start=\"1288\" data-end=\"1307\">Por este motivo<\/strong>, Stencil Stuff est\u00e1 elaborado con ingredientes limpios, respetuosos con el medio ambiente y suaves con la mayor\u00eda de tipos de piel. <strong data-start=\"1406\" data-end=\"1421\">Adem\u00e1s<\/strong>, La f\u00f3rmula no irritante reduce el riesgo de rojeces o molestias, por lo que es adecuada tanto para estudios profesionales como para clientes con piel sensible.<\/p>\n<hr data-start=\"1572\" data-end=\"1575\" \/>\n<h2 data-start=\"1577\" data-end=\"1623\">F\u00e1cil aplicaci\u00f3n con resultados profesionales<\/h2>\n<p data-start=\"1625\" data-end=\"1941\">La aplicaci\u00f3n del gel es sencilla y eficaz. <strong data-start=\"1667\" data-end=\"1695\">Con s\u00f3lo una peque\u00f1a cantidad<\/strong>, Los artistas pueden conseguir una adhesi\u00f3n \u00f3ptima y resultados duraderos. <strong data-start=\"1760\" data-end=\"1773\">Mientras tanto<\/strong>, La textura suave garantiza una cobertura uniforme, lo que ayuda a mantener una calidad constante de la plantilla. <strong data-start=\"1866\" data-end=\"1882\">En consecuencia<\/strong>, se desperdicia menos producto y mejora la eficacia del flujo de trabajo.<\/p>\n<hr data-start=\"1943\" data-end=\"1946\" \/>\n<h2 data-start=\"1948\" data-end=\"1989\">Tama\u00f1os disponibles para todas las necesidades del estudio<\/h2>\n<p data-start=\"1991\" data-end=\"2211\">Para satisfacer los distintos requisitos de uso, este gel de transferencia para plantillas de tatuaje est\u00e1 disponible en varios tama\u00f1os. <strong data-start=\"2094\" data-end=\"2172\">Tanto si viaja como si trabaja a diario o gestiona un estudio de gran volumen<\/strong>, hay una opci\u00f3n adecuada disponible.<\/p>\n<ul data-start=\"2213\" data-end=\"2370\">\n<li data-start=\"2213\" data-end=\"2257\">\n<p data-start=\"2215\" data-end=\"2257\"><strong data-start=\"2215\" data-end=\"2223\">1 onza<\/strong> - Ideal para viajes o pruebas<\/p>\n<\/li>\n<li data-start=\"2258\" data-end=\"2309\">\n<p data-start=\"2260\" data-end=\"2309\"><strong data-start=\"2260\" data-end=\"2268\">4 oz<\/strong> - Adecuado para sesiones de estudio regulares<\/p>\n<\/li>\n<li data-start=\"2310\" data-end=\"2370\">\n<p data-start=\"2312\" data-end=\"2370\"><strong data-start=\"2312\" data-end=\"2320\">8 onzas<\/strong> - La mejor opci\u00f3n para uso profesional de gran volumen<\/p>\n<\/li>\n<\/ul>\n<hr data-start=\"2372\" data-end=\"2375\" \/>\n<h2 data-start=\"2377\" data-end=\"2403\">Especificaciones del producto<\/h2>\n<ul data-start=\"2405\" data-end=\"2603\">\n<li data-start=\"2405\" data-end=\"2433\">\n<p data-start=\"2407\" data-end=\"2433\"><strong data-start=\"2407\" data-end=\"2417\">Marca:<\/strong> Plantillas<\/p>\n<\/li>\n<li data-start=\"2434\" data-end=\"2458\">\n<p data-start=\"2436\" data-end=\"2458\"><strong data-start=\"2436\" data-end=\"2446\">Color:<\/strong> Blanco hueso<\/p>\n<\/li>\n<li data-start=\"2459\" data-end=\"2483\">\n<p data-start=\"2461\" data-end=\"2483\"><strong data-start=\"2461\" data-end=\"2471\">Estilo:<\/strong> Vers\u00e1til<\/p>\n<\/li>\n<li data-start=\"2484\" data-end=\"2525\">\n<p data-start=\"2486\" data-end=\"2525\"><strong data-start=\"2486\" data-end=\"2507\">Resistencia al agua:<\/strong> Resistente al agua<\/p>\n<\/li>\n<li data-start=\"2526\" data-end=\"2571\">\n<p data-start=\"2528\" data-end=\"2571\"><strong data-start=\"2528\" data-end=\"2540\">F\u00f3rmula:<\/strong> Respetuoso con el medio ambiente y la piel<\/p>\n<\/li>\n<li data-start=\"2572\" data-end=\"2603\">\n<p data-start=\"2574\" data-end=\"2603\"><strong data-start=\"2574\" data-end=\"2585\">Origen:<\/strong> Fabricado en EE.UU.<\/p>\n<\/li>\n<\/ul>\n<hr data-start=\"2605\" data-end=\"2608\" \/>\n<h2 data-start=\"2610\" data-end=\"2657\">Por qu\u00e9 los tatuadores eligen este gel de transferencia<\/h2>\n<p data-start=\"2659\" data-end=\"2911\"><strong data-start=\"2659\" data-end=\"2670\">En general<\/strong>, Stencil Stuff Tattoo Stencil Transfer Gel combina precisi\u00f3n, seguridad y facilidad de uso en una soluci\u00f3n profesional. <strong data-start=\"2790\" data-end=\"2805\">En consecuencia<\/strong>, De este modo, los artistas pueden centrarse m\u00e1s en su oficio, garantizando al mismo tiempo transferencias limpias y precisas para cada tatuaje.<\/p>","protected":false},"excerpt":{"rendered":"<p>Un gel profesional para transferencias de plantillas de tatuaje dise\u00f1ado para transferencias limpias, n\u00edtidas y sin manchas. Suave con la piel, apto para veganos y en el que conf\u00edan tatuadores de todo el mundo.<\/p>","protected":false},"featured_media":31496,"comment_status":"open","ping_status":"closed","template":"","meta":[],"product_brand":[344],"product_cat":[83],"product_tag":[345],"class_list":{"0":"post-31491","1":"product","2":"type-product","3":"status-publish","4":"has-post-thumbnail","6":"product_brand-stencil-stuff","7":"product_cat-tattoo-supplies","8":"product_tag-tattoo-stencil","10":"first","11":"instock","12":"taxable","13":"shipping-taxable","14":"purchasable","15":"product-type-variable"},"yoast_head":"<!-- This site is optimized with the Yoast SEO Premium plugin v26.2 (Yoast SEO v26.2) - https:\/\/yoast.com\/wordpress\/plugins\/seo\/ -->\n<title>Stencil Stuff Tattoo Stencil Transfer Gel | Tattoo Transfer Solution<\/title>\n<meta name=\"description\" content=\"Stencil Stuff Tattoo Stencil Transfer Gel delivers clean, sharp, and long-lasting stencil transfers. Vegan-friendly, skin-safe formula trusted by professional tattoo artists. Available in 1oz, 4oz, and 8oz sizes.\" \/>\n<meta name=\"robots\" content=\"index, follow, max-snippet:-1, max-image-preview:large, max-video-preview:-1\" \/>\n<link rel=\"canonical\" href=\"https:\/\/gtartistoo.com\/es\/tienda\/suministros-para-tatuajes\/stencil-stuff-tattoo-stencil-transfer-gel\/\" \/>\n<meta property=\"og:locale\" content=\"es_ES\" \/>\n<meta property=\"og:type\" content=\"article\" \/>\n<meta property=\"og:title\" content=\"Stencil Stuff Tattoo Stencil Transfer Gel\" \/>\n<meta property=\"og:description\" content=\"Stencil Stuff Tattoo Stencil Transfer Gel delivers clean, sharp, and long-lasting stencil transfers. Vegan-friendly, skin-safe formula trusted by professional tattoo artists. Available in 1oz, 4oz, and 8oz sizes.\" \/>\n<meta property=\"og:url\" content=\"https:\/\/gtartistoo.com\/es\/tienda\/suministros-para-tatuajes\/stencil-stuff-tattoo-stencil-transfer-gel\/\" \/>\n<meta property=\"og:site_name\" content=\"gtartistoo.com\" \/>\n<meta property=\"article:modified_time\" content=\"2026-01-29T05:31:56+00:00\" \/>\n<meta property=\"og:image\" content=\"https:\/\/gtartistoo.com\/wp-content\/uploads\/2026\/01\/stencil-stuff-tattoo-stencil-transfer-gel1.webp\" \/>\n\t<meta property=\"og:image:width\" content=\"800\" \/>\n\t<meta property=\"og:image:height\" content=\"800\" \/>\n\t<meta property=\"og:image:type\" content=\"image\/webp\" \/>\n<meta name=\"twitter:card\" content=\"summary_large_image\" \/>\n<meta name=\"twitter:label1\" content=\"Disponibilidad\" \/>\n\t<meta name=\"twitter:data1\" content=\"Disponible\" \/>\n<script type=\"application\/ld+json\" class=\"yoast-schema-graph\">{\"@context\":\"https:\/\/schema.org\",\"@graph\":[{\"@type\":\"WebPage\",\"@id\":\"https:\/\/gtartistoo.com\/shop\/tattoo-supplies\/stencil-stuff-tattoo-stencil-transfer-gel\/\",\"url\":\"https:\/\/gtartistoo.com\/shop\/tattoo-supplies\/stencil-stuff-tattoo-stencil-transfer-gel\/\",\"name\":\"Stencil Stuff Tattoo Stencil Transfer Gel | Tattoo Transfer Solution\",\"isPartOf\":{\"@id\":\"https:\/\/gtartistoo.com\/#website\"},\"primaryImageOfPage\":{\"@id\":\"https:\/\/gtartistoo.com\/shop\/tattoo-supplies\/stencil-stuff-tattoo-stencil-transfer-gel\/#primaryimage\"},\"image\":{\"@id\":\"https:\/\/gtartistoo.com\/shop\/tattoo-supplies\/stencil-stuff-tattoo-stencil-transfer-gel\/#primaryimage\"},\"thumbnailUrl\":\"https:\/\/gtartistoo.com\/wp-content\/uploads\/2026\/01\/stencil-stuff-tattoo-stencil-transfer-gel1.webp\",\"datePublished\":\"2026-01-29T05:31:44+00:00\",\"dateModified\":\"2026-01-29T05:31:56+00:00\",\"description\":\"Stencil Stuff Tattoo Stencil Transfer Gel delivers clean, sharp, and long-lasting stencil transfers. Vegan-friendly, skin-safe formula trusted by professional tattoo artists. Available in 1oz, 4oz, and 8oz sizes.\",\"breadcrumb\":{\"@id\":\"https:\/\/gtartistoo.com\/shop\/tattoo-supplies\/stencil-stuff-tattoo-stencil-transfer-gel\/#breadcrumb\"},\"inLanguage\":\"es\",\"potentialAction\":[{\"@type\":\"ReadAction\",\"target\":[\"https:\/\/gtartistoo.com\/shop\/tattoo-supplies\/stencil-stuff-tattoo-stencil-transfer-gel\/\"]}]},{\"@type\":\"ImageObject\",\"inLanguage\":\"es\",\"@id\":\"https:\/\/gtartistoo.com\/shop\/tattoo-supplies\/stencil-stuff-tattoo-stencil-transfer-gel\/#primaryimage\",\"url\":\"https:\/\/gtartistoo.com\/wp-content\/uploads\/2026\/01\/stencil-stuff-tattoo-stencil-transfer-gel1.webp\",\"contentUrl\":\"https:\/\/gtartistoo.com\/wp-content\/uploads\/2026\/01\/stencil-stuff-tattoo-stencil-transfer-gel1.webp\",\"width\":800,\"height\":800,\"caption\":\"Stencil Stuff tattoo stencil transfer gel for clean and precise tattoo transfers\"},{\"@type\":\"BreadcrumbList\",\"@id\":\"https:\/\/gtartistoo.com\/shop\/tattoo-supplies\/stencil-stuff-tattoo-stencil-transfer-gel\/#breadcrumb\",\"itemListElement\":[{\"@type\":\"ListItem\",\"position\":1,\"name\":\"Home\",\"item\":\"https:\/\/gtartistoo.com\/\"},{\"@type\":\"ListItem\",\"position\":2,\"name\":\"Shop\",\"item\":\"https:\/\/gtartistoo.com\/shop\/\"},{\"@type\":\"ListItem\",\"position\":3,\"name\":\"Stencil Stuff Tattoo Stencil Transfer Gel\"}]},{\"@type\":\"WebSite\",\"@id\":\"https:\/\/gtartistoo.com\/#website\",\"url\":\"https:\/\/gtartistoo.com\/\",\"name\":\"gtartistoo.com\",\"description\":\"\",\"publisher\":{\"@id\":\"https:\/\/gtartistoo.com\/#organization\"},\"potentialAction\":[{\"@type\":\"SearchAction\",\"target\":{\"@type\":\"EntryPoint\",\"urlTemplate\":\"https:\/\/gtartistoo.com\/?s={search_term_string}\"},\"query-input\":{\"@type\":\"PropertyValueSpecification\",\"valueRequired\":true,\"valueName\":\"search_term_string\"}}],\"inLanguage\":\"es\"},{\"@type\":\"Organization\",\"@id\":\"https:\/\/gtartistoo.com\/#organization\",\"name\":\"gtartistoo.com\",\"url\":\"https:\/\/gtartistoo.com\/\",\"logo\":{\"@type\":\"ImageObject\",\"inLanguage\":\"es\",\"@id\":\"https:\/\/gtartistoo.com\/#\/schema\/logo\/image\/\",\"url\":\"https:\/\/gtartistoo.com\/wp-content\/uploads\/2025\/10\/logo.svg\",\"contentUrl\":\"https:\/\/gtartistoo.com\/wp-content\/uploads\/2025\/10\/logo.svg\",\"width\":369,\"height\":124,\"caption\":\"gtartistoo.com\"},\"image\":{\"@id\":\"https:\/\/gtartistoo.com\/#\/schema\/logo\/image\/\"}}]}<\/script>\n<meta property=\"og:availability\" content=\"instock\" \/>\n<meta property=\"product:availability\" content=\"instock\" \/>\n<meta property=\"product:retailer_item_id\" content=\"31491\" \/>\n<meta property=\"product:condition\" content=\"new\" \/>\n<!-- \/ Yoast SEO Premium plugin. -->","yoast_head_json":{"title":"Stencil Stuff Tattoo Gel para Transferencia de Plantillas | Soluci\u00f3n para Transferencia de Tatuajes","description":"Stencil Stuff Tattoo Stencil Transfer Gel proporciona transferencias limpias, n\u00edtidas y duraderas. Vegan-friendly, f\u00f3rmula segura para la piel en la que conf\u00edan los artistas profesionales del tatuaje. Disponible en tama\u00f1os de 1oz, 4oz y 8oz.","robots":{"index":"index","follow":"follow","max-snippet":"max-snippet:-1","max-image-preview":"max-image-preview:large","max-video-preview":"max-video-preview:-1"},"canonical":"https:\/\/gtartistoo.com\/es\/tienda\/suministros-para-tatuajes\/stencil-stuff-tattoo-stencil-transfer-gel\/","og_locale":"es_ES","og_type":"article","og_title":"Stencil Stuff Tattoo Stencil Transfer Gel","og_description":"Stencil Stuff Tattoo Stencil Transfer Gel delivers clean, sharp, and long-lasting stencil transfers. Vegan-friendly, skin-safe formula trusted by professional tattoo artists. Available in 1oz, 4oz, and 8oz sizes.","og_url":"https:\/\/gtartistoo.com\/es\/tienda\/suministros-para-tatuajes\/stencil-stuff-tattoo-stencil-transfer-gel\/","og_site_name":"gtartistoo.com","article_modified_time":"2026-01-29T05:31:56+00:00","og_image":[{"width":800,"height":800,"url":"https:\/\/gtartistoo.com\/wp-content\/uploads\/2026\/01\/stencil-stuff-tattoo-stencil-transfer-gel1.webp","type":"image\/webp"}],"twitter_card":"summary_large_image","twitter_misc":{"Disponibilidad":"Disponible"},"schema":{"@context":"https:\/\/schema.org","@graph":[{"@type":"WebPage","@id":"https:\/\/gtartistoo.com\/shop\/tattoo-supplies\/stencil-stuff-tattoo-stencil-transfer-gel\/","url":"https:\/\/gtartistoo.com\/shop\/tattoo-supplies\/stencil-stuff-tattoo-stencil-transfer-gel\/","name":"Stencil Stuff Tattoo Gel para Transferencia de Plantillas | Soluci\u00f3n para Transferencia de Tatuajes","isPartOf":{"@id":"https:\/\/gtartistoo.com\/#website"},"primaryImageOfPage":{"@id":"https:\/\/gtartistoo.com\/shop\/tattoo-supplies\/stencil-stuff-tattoo-stencil-transfer-gel\/#primaryimage"},"image":{"@id":"https:\/\/gtartistoo.com\/shop\/tattoo-supplies\/stencil-stuff-tattoo-stencil-transfer-gel\/#primaryimage"},"thumbnailUrl":"https:\/\/gtartistoo.com\/wp-content\/uploads\/2026\/01\/stencil-stuff-tattoo-stencil-transfer-gel1.webp","datePublished":"2026-01-29T05:31:44+00:00","dateModified":"2026-01-29T05:31:56+00:00","description":"Stencil Stuff Tattoo Stencil Transfer Gel proporciona transferencias limpias, n\u00edtidas y duraderas. Vegan-friendly, f\u00f3rmula segura para la piel en la que conf\u00edan los artistas profesionales del tatuaje. Disponible en tama\u00f1os de 1oz, 4oz y 8oz.","breadcrumb":{"@id":"https:\/\/gtartistoo.com\/shop\/tattoo-supplies\/stencil-stuff-tattoo-stencil-transfer-gel\/#breadcrumb"},"inLanguage":"es","potentialAction":[{"@type":"ReadAction","target":["https:\/\/gtartistoo.com\/shop\/tattoo-supplies\/stencil-stuff-tattoo-stencil-transfer-gel\/"]}]},{"@type":"ImageObject","inLanguage":"es","@id":"https:\/\/gtartistoo.com\/shop\/tattoo-supplies\/stencil-stuff-tattoo-stencil-transfer-gel\/#primaryimage","url":"https:\/\/gtartistoo.com\/wp-content\/uploads\/2026\/01\/stencil-stuff-tattoo-stencil-transfer-gel1.webp","contentUrl":"https:\/\/gtartistoo.com\/wp-content\/uploads\/2026\/01\/stencil-stuff-tattoo-stencil-transfer-gel1.webp","width":800,"height":800,"caption":"Stencil Stuff tattoo stencil transfer gel for clean and precise tattoo transfers"},{"@type":"BreadcrumbList","@id":"https:\/\/gtartistoo.com\/shop\/tattoo-supplies\/stencil-stuff-tattoo-stencil-transfer-gel\/#breadcrumb","itemListElement":[{"@type":"ListItem","position":1,"name":"Home","item":"https:\/\/gtartistoo.com\/"},{"@type":"ListItem","position":2,"name":"Shop","item":"https:\/\/gtartistoo.com\/shop\/"},{"@type":"ListItem","position":3,"name":"Stencil Stuff Tattoo Stencil Transfer Gel"}]},{"@type":"WebSite","@id":"https:\/\/gtartistoo.com\/#website","url":"https:\/\/gtartistoo.com\/","name":"gtartistoo.com","description":"","publisher":{"@id":"https:\/\/gtartistoo.com\/#organization"},"potentialAction":[{"@type":"SearchAction","target":{"@type":"EntryPoint","urlTemplate":"https:\/\/gtartistoo.com\/?s={search_term_string}"},"query-input":{"@type":"PropertyValueSpecification","valueRequired":true,"valueName":"search_term_string"}}],"inLanguage":"es"},{"@type":"Organization","@id":"https:\/\/gtartistoo.com\/#organization","name":"gtartistoo.com","url":"https:\/\/gtartistoo.com\/","logo":{"@type":"ImageObject","inLanguage":"es","@id":"https:\/\/gtartistoo.com\/#\/schema\/logo\/image\/","url":"https:\/\/gtartistoo.com\/wp-content\/uploads\/2025\/10\/logo.svg","contentUrl":"https:\/\/gtartistoo.com\/wp-content\/uploads\/2025\/10\/logo.svg","width":369,"height":124,"caption":"gtartistoo.com"},"image":{"@id":"https:\/\/gtartistoo.com\/#\/schema\/logo\/image\/"}}]},"og_availability":"instock","product_availability":"instock","product_retailer_item_id":"31491","product_condition":"new"},"_links":{"self":[{"href":"https:\/\/gtartistoo.com\/es\/wp-json\/wp\/v2\/product\/31491","targetHints":{"allow":["GET"]}}],"collection":[{"href":"https:\/\/gtartistoo.com\/es\/wp-json\/wp\/v2\/product"}],"about":[{"href":"https:\/\/gtartistoo.com\/es\/wp-json\/wp\/v2\/types\/product"}],"replies":[{"embeddable":true,"href":"https:\/\/gtartistoo.com\/es\/wp-json\/wp\/v2\/comments?post=31491"}],"version-history":[{"count":2,"href":"https:\/\/gtartistoo.com\/es\/wp-json\/wp\/v2\/product\/31491\/revisions"}],"predecessor-version":[{"id":31504,"href":"https:\/\/gtartistoo.com\/es\/wp-json\/wp\/v2\/product\/31491\/revisions\/31504"}],"wp:featuredmedia":[{"embeddable":true,"href":"https:\/\/gtartistoo.com\/es\/wp-json\/wp\/v2\/media\/31496"}],"wp:attachment":[{"href":"https:\/\/gtartistoo.com\/es\/wp-json\/wp\/v2\/media?parent=31491"}],"wp:term":[{"taxonomy":"product_brand","embeddable":true,"href":"https:\/\/gtartistoo.com\/es\/wp-json\/wp\/v2\/product_brand?post=31491"},{"taxonomy":"product_cat","embeddable":true,"href":"https:\/\/gtartistoo.com\/es\/wp-json\/wp\/v2\/product_cat?post=31491"},{"taxonomy":"product_tag","embeddable":true,"href":"https:\/\/gtartistoo.com\/es\/wp-json\/wp\/v2\/product_tag?post=31491"}],"curies":[{"name":"wp","href":"https:\/\/api.w.org\/{rel}","templated":true}]}}