{"id":31505,"date":"2026-01-29T05:31:52","date_gmt":"2026-01-29T05:31:52","guid":{"rendered":"https:\/\/gtartistoo.com\/?post_type=product&#038;p=31505"},"modified":"2026-01-29T05:31:56","modified_gmt":"2026-01-29T05:31:56","slug":"tuffking-tp-046r2-wireless-tattoo-pen-machine","status":"publish","type":"product","link":"https:\/\/gtartistoo.com\/es\/tienda\/maquina-de-tatuar\/tuffking-tp-046r2-wireless-tattoo-pen-machine\/","title":{"rendered":"Tuffking TP-046R2 M\u00e1quina Inal\u00e1mbrica de Tatuaje con Bol\u00edgrafo"},"content":{"rendered":"<p data-start=\"1301\" data-end=\"1653\">En <strong data-start=\"1305\" data-end=\"1354\">Tuffking TP-046R2 m\u00e1quina inal\u00e1mbrica de tatuaje con bol\u00edgrafo<\/strong> est\u00e1 dise\u00f1ado para artistas profesionales del tatuaje que exigen precisi\u00f3n, estabilidad y fiabilidad durante largas sesiones de trabajo. Construido con un motor sin n\u00facleo recientemente actualizado y un cuerpo de aleaci\u00f3n de aluminio duradero, este bol\u00edgrafo de tatuaje ofrece una potencia constante y un movimiento suave de la aguja tanto para delinear como para sombrear.<\/p>\n<p data-start=\"1655\" data-end=\"1991\">Adem\u00e1s, el TP-046R2 incorpora un avanzado sistema de control de tensi\u00f3n con un <strong data-start=\"1729\" data-end=\"1755\">Rango ajustable 4-12V<\/strong>, El circuito de hardware mejorado y el algoritmo de software optimizado hacen que los cambios de voltaje sean m\u00e1s r\u00e1pidos y precisos. Gracias al circuito de hardware mejorado y al algoritmo de software optimizado, los cambios de voltaje son m\u00e1s r\u00e1pidos y precisos, lo que garantiza una salida estable incluso en uso continuo.<\/p>\n<p data-start=\"1993\" data-end=\"2276\">Adem\u00e1s, la alta resoluci\u00f3n <strong data-start=\"2026\" data-end=\"2042\">Pantalla OLED<\/strong> muestra claramente el voltaje, el estado de la bater\u00eda y el tiempo de trabajo de un vistazo. Los modos de arranque dual - arranque est\u00e1ndar y arranque mejorado - hacen que esta m\u00e1quina de tatuaje inal\u00e1mbrica sea adecuada para varias agujas de cartucho y diferentes escenarios de trabajo.<\/p>\n<p data-start=\"2278\" data-end=\"2612\">Para mayor seguridad y durabilidad, Tuffking ha integrado m\u00faltiples sistemas de protecci\u00f3n, entre ellos <strong data-start=\"2368\" data-end=\"2462\">protecci\u00f3n contra sobrecarga, protecci\u00f3n contra bloqueo del cartucho y protecci\u00f3n contra cortocircuito de salida<\/strong>. Cuando se produce cualquier condici\u00f3n an\u00f3mala, las claras alertas en pantalla ayudan a los artistas a responder inmediatamente, garantizando un proceso de tatuaje m\u00e1s seguro y controlado.<\/p>\n<h2 data-start=\"2278\" data-end=\"2612\">Caracter\u00edsticas principales<\/h2>\n<ul>\n<li data-start=\"2671\" data-end=\"2734\">\n<p data-start=\"2673\" data-end=\"2734\">Alto rendimiento <strong data-start=\"2690\" data-end=\"2708\">motor sin n\u00facleo<\/strong> para una potencia estable<\/p>\n<\/li>\n<li data-start=\"2735\" data-end=\"2798\">\n<p data-start=\"2737\" data-end=\"2798\">Ajustable <strong data-start=\"2748\" data-end=\"2773\">Tensi\u00f3n de trabajo de 4-12 V<\/strong> para forrar y sombrear<\/p>\n<\/li>\n<li data-start=\"2799\" data-end=\"2857\">\n<p data-start=\"2801\" data-end=\"2857\"><strong data-start=\"2801\" data-end=\"2820\">Bater\u00eda de 1700 mAh<\/strong> con hasta 8 horas de tiempo de trabajo<\/p>\n<\/li>\n<li data-start=\"2858\" data-end=\"2911\">\n<p data-start=\"2860\" data-end=\"2911\"><strong data-start=\"2860\" data-end=\"2876\">Pantalla OLED<\/strong> con informaci\u00f3n clara en tiempo real<\/p>\n<\/li>\n<li data-start=\"2912\" data-end=\"2969\">\n<p data-start=\"2914\" data-end=\"2969\">Modos de inicio duales para diferentes aplicaciones de tatuaje<\/p>\n<\/li>\n<li data-start=\"2970\" data-end=\"3024\">\n<p data-start=\"2972\" data-end=\"3024\">M\u00faltiples protecciones de seguridad para un funcionamiento fiable<\/p>\n<\/li>\n<\/ul>\n<h2 data-start=\"3065\" data-end=\"3092\">Especificaciones t\u00e9cnicas<\/h2>\n<ul data-start=\"3094\" data-end=\"3601\">\n<li data-start=\"3094\" data-end=\"3121\">\n<p data-start=\"3096\" data-end=\"3121\"><strong data-start=\"3096\" data-end=\"3106\">Modelo:<\/strong> TP-046R2-1PC<\/p>\n<\/li>\n<li data-start=\"3122\" data-end=\"3145\">\n<p data-start=\"3124\" data-end=\"3145\"><strong data-start=\"3124\" data-end=\"3134\">Marca:<\/strong> Tuffking<\/p>\n<\/li>\n<li data-start=\"3146\" data-end=\"3182\">\n<p data-start=\"3148\" data-end=\"3182\"><strong data-start=\"3148\" data-end=\"3164\">Velocidad del motor:<\/strong> Hasta 12000 RPM<\/p>\n<\/li>\n<li data-start=\"3183\" data-end=\"3211\">\n<p data-start=\"3185\" data-end=\"3211\"><strong data-start=\"3185\" data-end=\"3203\">Longitud de la carrera:<\/strong> 3,5 mm<\/p>\n<\/li>\n<li data-start=\"3212\" data-end=\"3241\">\n<p data-start=\"3214\" data-end=\"3241\"><strong data-start=\"3214\" data-end=\"3233\">Tensi\u00f3n de salida:<\/strong> 4-12V<\/p>\n<\/li>\n<li data-start=\"3242\" data-end=\"3275\">\n<p data-start=\"3244\" data-end=\"3275\"><strong data-start=\"3244\" data-end=\"3265\">Capacidad de la bater\u00eda:<\/strong> 1700mAh<\/p>\n<\/li>\n<li data-start=\"3276\" data-end=\"3311\">\n<p data-start=\"3278\" data-end=\"3311\"><strong data-start=\"3278\" data-end=\"3295\">Tiempo de trabajo:<\/strong> Alrededor de 8 horas<\/p>\n<\/li>\n<li data-start=\"3312\" data-end=\"3350\">\n<p data-start=\"3314\" data-end=\"3350\"><strong data-start=\"3314\" data-end=\"3332\">Tiempo de carga:<\/strong> Alrededor de 2,5 horas<\/p>\n<\/li>\n<li data-start=\"3351\" data-end=\"3389\">\n<p data-start=\"3353\" data-end=\"3389\"><strong data-start=\"3353\" data-end=\"3376\">Interfaz de carga:<\/strong> USB Tipo-C<\/p>\n<\/li>\n<li data-start=\"3390\" data-end=\"3421\">\n<p data-start=\"3392\" data-end=\"3421\"><strong data-start=\"3392\" data-end=\"3404\">Pantalla:<\/strong> OLED de 0,66 pulgadas<\/p>\n<\/li>\n<li data-start=\"3422\" data-end=\"3478\">\n<p data-start=\"3424\" data-end=\"3478\"><strong data-start=\"3424\" data-end=\"3437\">Material:<\/strong> Aleaci\u00f3n de aluminio (superficie anodizada dura)<\/p>\n<\/li>\n<li data-start=\"3479\" data-end=\"3499\">\n<p data-start=\"3481\" data-end=\"3499\"><strong data-start=\"3481\" data-end=\"3492\">Peso:<\/strong> 238g<\/p>\n<\/li>\n<li data-start=\"3500\" data-end=\"3525\">\n<p data-start=\"3502\" data-end=\"3525\"><strong data-start=\"3502\" data-end=\"3511\">Tama\u00f1o:<\/strong> 140 \u00d7 35 mm<\/p>\n<\/li>\n<li data-start=\"3526\" data-end=\"3601\">\n<p data-start=\"3528\" data-end=\"3601\"><strong data-start=\"3528\" data-end=\"3553\">Compatibilidad de agujas:<\/strong> Compatible con la mayor\u00eda de agujas de cartuchos de tatuaje<\/p>\n<\/li>\n<\/ul>","protected":false},"excerpt":{"rendered":"<p>The Tuffking TP-046R2 wireless tattoo pen machine is designed for professional tattoo artists who demand precision, stability, and reliability during<\/p>","protected":false},"featured_media":31519,"comment_status":"open","ping_status":"closed","template":"","meta":[],"product_brand":[346],"product_cat":[77],"product_tag":[259],"class_list":{"0":"post-31505","1":"product","2":"type-product","3":"status-publish","4":"has-post-thumbnail","6":"product_brand-tuffking","7":"product_cat-tattoo-machine","8":"product_tag-wireless-tattoo-pen","10":"first","11":"instock","12":"taxable","13":"shipping-taxable","14":"purchasable","15":"product-type-variable"},"yoast_head":"<!-- This site is optimized with the Yoast SEO Premium plugin v26.2 (Yoast SEO v26.2) - https:\/\/yoast.com\/wordpress\/plugins\/seo\/ -->\n<title>Tuffking TP-046R2 Wireless Tattoo Pen Machine<\/title>\n<meta name=\"description\" content=\"Tuffking TP-046R2 wireless tattoo pen features a high-performance coreless motor, 4\u201312V adjustable output, 1700mAh battery, OLED display, and dual start modes.\" \/>\n<meta name=\"robots\" content=\"index, follow, max-snippet:-1, max-image-preview:large, max-video-preview:-1\" \/>\n<link rel=\"canonical\" href=\"https:\/\/gtartistoo.com\/es\/tienda\/maquina-de-tatuar\/tuffking-tp-046r2-wireless-tattoo-pen-machine\/\" \/>\n<meta property=\"og:locale\" content=\"es_ES\" \/>\n<meta property=\"og:type\" content=\"article\" \/>\n<meta property=\"og:title\" content=\"Tuffking TP-046R2 Wireless Tattoo Pen Machine\" \/>\n<meta property=\"og:description\" content=\"Tuffking TP-046R2 wireless tattoo pen features a high-performance coreless motor, 4\u201312V adjustable output, 1700mAh battery, OLED display, and dual start modes.\" \/>\n<meta property=\"og:url\" content=\"https:\/\/gtartistoo.com\/es\/tienda\/maquina-de-tatuar\/tuffking-tp-046r2-wireless-tattoo-pen-machine\/\" \/>\n<meta property=\"og:site_name\" content=\"gtartistoo.com\" \/>\n<meta property=\"article:modified_time\" content=\"2026-01-29T05:31:56+00:00\" \/>\n<meta property=\"og:image\" content=\"https:\/\/gtartistoo.com\/wp-content\/uploads\/2026\/01\/wireless-tattoo-machine-coreless-motor.jpg\" \/>\n\t<meta property=\"og:image:width\" content=\"1600\" \/>\n\t<meta property=\"og:image:height\" content=\"1600\" \/>\n\t<meta property=\"og:image:type\" content=\"image\/jpeg\" \/>\n<meta name=\"twitter:card\" content=\"summary_large_image\" \/>\n<meta name=\"twitter:label1\" content=\"Disponibilidad\" \/>\n\t<meta name=\"twitter:data1\" content=\"Disponible\" \/>\n<script type=\"application\/ld+json\" class=\"yoast-schema-graph\">{\"@context\":\"https:\/\/schema.org\",\"@graph\":[{\"@type\":\"WebPage\",\"@id\":\"https:\/\/gtartistoo.com\/shop\/tattoo-machine\/tuffking-tp-046r2-wireless-tattoo-pen-machine\/\",\"url\":\"https:\/\/gtartistoo.com\/shop\/tattoo-machine\/tuffking-tp-046r2-wireless-tattoo-pen-machine\/\",\"name\":\"Tuffking TP-046R2 Wireless Tattoo Pen Machine\",\"isPartOf\":{\"@id\":\"https:\/\/gtartistoo.com\/#website\"},\"primaryImageOfPage\":{\"@id\":\"https:\/\/gtartistoo.com\/shop\/tattoo-machine\/tuffking-tp-046r2-wireless-tattoo-pen-machine\/#primaryimage\"},\"image\":{\"@id\":\"https:\/\/gtartistoo.com\/shop\/tattoo-machine\/tuffking-tp-046r2-wireless-tattoo-pen-machine\/#primaryimage\"},\"thumbnailUrl\":\"https:\/\/gtartistoo.com\/wp-content\/uploads\/2026\/01\/wireless-tattoo-machine-coreless-motor.jpg\",\"datePublished\":\"2026-01-29T05:31:52+00:00\",\"dateModified\":\"2026-01-29T05:31:56+00:00\",\"description\":\"Tuffking TP-046R2 wireless tattoo pen features a high-performance coreless motor, 4\u201312V adjustable output, 1700mAh battery, OLED display, and dual start modes.\",\"breadcrumb\":{\"@id\":\"https:\/\/gtartistoo.com\/shop\/tattoo-machine\/tuffking-tp-046r2-wireless-tattoo-pen-machine\/#breadcrumb\"},\"inLanguage\":\"es\",\"potentialAction\":[{\"@type\":\"ReadAction\",\"target\":[\"https:\/\/gtartistoo.com\/shop\/tattoo-machine\/tuffking-tp-046r2-wireless-tattoo-pen-machine\/\"]}]},{\"@type\":\"ImageObject\",\"inLanguage\":\"es\",\"@id\":\"https:\/\/gtartistoo.com\/shop\/tattoo-machine\/tuffking-tp-046r2-wireless-tattoo-pen-machine\/#primaryimage\",\"url\":\"https:\/\/gtartistoo.com\/wp-content\/uploads\/2026\/01\/wireless-tattoo-machine-coreless-motor.jpg\",\"contentUrl\":\"https:\/\/gtartistoo.com\/wp-content\/uploads\/2026\/01\/wireless-tattoo-machine-coreless-motor.jpg\",\"width\":1600,\"height\":1600},{\"@type\":\"BreadcrumbList\",\"@id\":\"https:\/\/gtartistoo.com\/shop\/tattoo-machine\/tuffking-tp-046r2-wireless-tattoo-pen-machine\/#breadcrumb\",\"itemListElement\":[{\"@type\":\"ListItem\",\"position\":1,\"name\":\"Home\",\"item\":\"https:\/\/gtartistoo.com\/\"},{\"@type\":\"ListItem\",\"position\":2,\"name\":\"Shop\",\"item\":\"https:\/\/gtartistoo.com\/shop\/\"},{\"@type\":\"ListItem\",\"position\":3,\"name\":\"Tuffking TP-046R2 Wireless Tattoo Pen Machine\"}]},{\"@type\":\"WebSite\",\"@id\":\"https:\/\/gtartistoo.com\/#website\",\"url\":\"https:\/\/gtartistoo.com\/\",\"name\":\"gtartistoo.com\",\"description\":\"\",\"publisher\":{\"@id\":\"https:\/\/gtartistoo.com\/#organization\"},\"potentialAction\":[{\"@type\":\"SearchAction\",\"target\":{\"@type\":\"EntryPoint\",\"urlTemplate\":\"https:\/\/gtartistoo.com\/?s={search_term_string}\"},\"query-input\":{\"@type\":\"PropertyValueSpecification\",\"valueRequired\":true,\"valueName\":\"search_term_string\"}}],\"inLanguage\":\"es\"},{\"@type\":\"Organization\",\"@id\":\"https:\/\/gtartistoo.com\/#organization\",\"name\":\"gtartistoo.com\",\"url\":\"https:\/\/gtartistoo.com\/\",\"logo\":{\"@type\":\"ImageObject\",\"inLanguage\":\"es\",\"@id\":\"https:\/\/gtartistoo.com\/#\/schema\/logo\/image\/\",\"url\":\"https:\/\/gtartistoo.com\/wp-content\/uploads\/2025\/10\/logo.svg\",\"contentUrl\":\"https:\/\/gtartistoo.com\/wp-content\/uploads\/2025\/10\/logo.svg\",\"width\":369,\"height\":124,\"caption\":\"gtartistoo.com\"},\"image\":{\"@id\":\"https:\/\/gtartistoo.com\/#\/schema\/logo\/image\/\"}}]}<\/script>\n<meta property=\"og:availability\" content=\"instock\" \/>\n<meta property=\"product:availability\" content=\"instock\" \/>\n<meta property=\"product:retailer_item_id\" content=\"31505\" \/>\n<meta property=\"product:condition\" content=\"new\" \/>\n<!-- \/ Yoast SEO Premium plugin. -->","yoast_head_json":{"title":"Tuffking TP-046R2 M\u00e1quina Inal\u00e1mbrica de Tatuaje con Bol\u00edgrafo","description":"El l\u00e1piz inal\u00e1mbrico para tatuajes Tuffking TP-046R2 cuenta con un motor sin n\u00facleo de alto rendimiento, salida ajustable de 4-12 V, bater\u00eda de 1700 mAh, pantalla OLED y modos de inicio dual.","robots":{"index":"index","follow":"follow","max-snippet":"max-snippet:-1","max-image-preview":"max-image-preview:large","max-video-preview":"max-video-preview:-1"},"canonical":"https:\/\/gtartistoo.com\/es\/tienda\/maquina-de-tatuar\/tuffking-tp-046r2-wireless-tattoo-pen-machine\/","og_locale":"es_ES","og_type":"article","og_title":"Tuffking TP-046R2 Wireless Tattoo Pen Machine","og_description":"Tuffking TP-046R2 wireless tattoo pen features a high-performance coreless motor, 4\u201312V adjustable output, 1700mAh battery, OLED display, and dual start modes.","og_url":"https:\/\/gtartistoo.com\/es\/tienda\/maquina-de-tatuar\/tuffking-tp-046r2-wireless-tattoo-pen-machine\/","og_site_name":"gtartistoo.com","article_modified_time":"2026-01-29T05:31:56+00:00","og_image":[{"width":1600,"height":1600,"url":"https:\/\/gtartistoo.com\/wp-content\/uploads\/2026\/01\/wireless-tattoo-machine-coreless-motor.jpg","type":"image\/jpeg"}],"twitter_card":"summary_large_image","twitter_misc":{"Disponibilidad":"Disponible"},"schema":{"@context":"https:\/\/schema.org","@graph":[{"@type":"WebPage","@id":"https:\/\/gtartistoo.com\/shop\/tattoo-machine\/tuffking-tp-046r2-wireless-tattoo-pen-machine\/","url":"https:\/\/gtartistoo.com\/shop\/tattoo-machine\/tuffking-tp-046r2-wireless-tattoo-pen-machine\/","name":"Tuffking TP-046R2 M\u00e1quina Inal\u00e1mbrica de Tatuaje con Bol\u00edgrafo","isPartOf":{"@id":"https:\/\/gtartistoo.com\/#website"},"primaryImageOfPage":{"@id":"https:\/\/gtartistoo.com\/shop\/tattoo-machine\/tuffking-tp-046r2-wireless-tattoo-pen-machine\/#primaryimage"},"image":{"@id":"https:\/\/gtartistoo.com\/shop\/tattoo-machine\/tuffking-tp-046r2-wireless-tattoo-pen-machine\/#primaryimage"},"thumbnailUrl":"https:\/\/gtartistoo.com\/wp-content\/uploads\/2026\/01\/wireless-tattoo-machine-coreless-motor.jpg","datePublished":"2026-01-29T05:31:52+00:00","dateModified":"2026-01-29T05:31:56+00:00","description":"El l\u00e1piz inal\u00e1mbrico para tatuajes Tuffking TP-046R2 cuenta con un motor sin n\u00facleo de alto rendimiento, salida ajustable de 4-12 V, bater\u00eda de 1700 mAh, pantalla OLED y modos de inicio dual.","breadcrumb":{"@id":"https:\/\/gtartistoo.com\/shop\/tattoo-machine\/tuffking-tp-046r2-wireless-tattoo-pen-machine\/#breadcrumb"},"inLanguage":"es","potentialAction":[{"@type":"ReadAction","target":["https:\/\/gtartistoo.com\/shop\/tattoo-machine\/tuffking-tp-046r2-wireless-tattoo-pen-machine\/"]}]},{"@type":"ImageObject","inLanguage":"es","@id":"https:\/\/gtartistoo.com\/shop\/tattoo-machine\/tuffking-tp-046r2-wireless-tattoo-pen-machine\/#primaryimage","url":"https:\/\/gtartistoo.com\/wp-content\/uploads\/2026\/01\/wireless-tattoo-machine-coreless-motor.jpg","contentUrl":"https:\/\/gtartistoo.com\/wp-content\/uploads\/2026\/01\/wireless-tattoo-machine-coreless-motor.jpg","width":1600,"height":1600},{"@type":"BreadcrumbList","@id":"https:\/\/gtartistoo.com\/shop\/tattoo-machine\/tuffking-tp-046r2-wireless-tattoo-pen-machine\/#breadcrumb","itemListElement":[{"@type":"ListItem","position":1,"name":"Home","item":"https:\/\/gtartistoo.com\/"},{"@type":"ListItem","position":2,"name":"Shop","item":"https:\/\/gtartistoo.com\/shop\/"},{"@type":"ListItem","position":3,"name":"Tuffking TP-046R2 Wireless Tattoo Pen Machine"}]},{"@type":"WebSite","@id":"https:\/\/gtartistoo.com\/#website","url":"https:\/\/gtartistoo.com\/","name":"gtartistoo.com","description":"","publisher":{"@id":"https:\/\/gtartistoo.com\/#organization"},"potentialAction":[{"@type":"SearchAction","target":{"@type":"EntryPoint","urlTemplate":"https:\/\/gtartistoo.com\/?s={search_term_string}"},"query-input":{"@type":"PropertyValueSpecification","valueRequired":true,"valueName":"search_term_string"}}],"inLanguage":"es"},{"@type":"Organization","@id":"https:\/\/gtartistoo.com\/#organization","name":"gtartistoo.com","url":"https:\/\/gtartistoo.com\/","logo":{"@type":"ImageObject","inLanguage":"es","@id":"https:\/\/gtartistoo.com\/#\/schema\/logo\/image\/","url":"https:\/\/gtartistoo.com\/wp-content\/uploads\/2025\/10\/logo.svg","contentUrl":"https:\/\/gtartistoo.com\/wp-content\/uploads\/2025\/10\/logo.svg","width":369,"height":124,"caption":"gtartistoo.com"},"image":{"@id":"https:\/\/gtartistoo.com\/#\/schema\/logo\/image\/"}}]},"og_availability":"instock","product_availability":"instock","product_retailer_item_id":"31505","product_condition":"new"},"_links":{"self":[{"href":"https:\/\/gtartistoo.com\/es\/wp-json\/wp\/v2\/product\/31505","targetHints":{"allow":["GET"]}}],"collection":[{"href":"https:\/\/gtartistoo.com\/es\/wp-json\/wp\/v2\/product"}],"about":[{"href":"https:\/\/gtartistoo.com\/es\/wp-json\/wp\/v2\/types\/product"}],"replies":[{"embeddable":true,"href":"https:\/\/gtartistoo.com\/es\/wp-json\/wp\/v2\/comments?post=31505"}],"version-history":[{"count":1,"href":"https:\/\/gtartistoo.com\/es\/wp-json\/wp\/v2\/product\/31505\/revisions"}],"predecessor-version":[{"id":31525,"href":"https:\/\/gtartistoo.com\/es\/wp-json\/wp\/v2\/product\/31505\/revisions\/31525"}],"wp:featuredmedia":[{"embeddable":true,"href":"https:\/\/gtartistoo.com\/es\/wp-json\/wp\/v2\/media\/31519"}],"wp:attachment":[{"href":"https:\/\/gtartistoo.com\/es\/wp-json\/wp\/v2\/media?parent=31505"}],"wp:term":[{"taxonomy":"product_brand","embeddable":true,"href":"https:\/\/gtartistoo.com\/es\/wp-json\/wp\/v2\/product_brand?post=31505"},{"taxonomy":"product_cat","embeddable":true,"href":"https:\/\/gtartistoo.com\/es\/wp-json\/wp\/v2\/product_cat?post=31505"},{"taxonomy":"product_tag","embeddable":true,"href":"https:\/\/gtartistoo.com\/es\/wp-json\/wp\/v2\/product_tag?post=31505"}],"curies":[{"name":"wp","href":"https:\/\/api.w.org\/{rel}","templated":true}]}}