{"id":31526,"date":"2026-01-29T05:31:53","date_gmt":"2026-01-29T05:31:53","guid":{"rendered":"https:\/\/gtartistoo.com\/?post_type=product&#038;p=31526"},"modified":"2026-01-29T05:31:56","modified_gmt":"2026-01-29T05:31:56","slug":"tuffking-atk-2523-wireless-tattoo-pen-machine","status":"publish","type":"product","link":"https:\/\/gtartistoo.com\/es\/tienda\/maquina-de-tatuar\/tuffking-atk-2523-wireless-tattoo-pen-machine\/","title":{"rendered":"Tuffking ATK-2523 M\u00e1quina Inal\u00e1mbrica de Tatuajes con Bol\u00edgrafo"},"content":{"rendered":"<h2 data-start=\"1536\" data-end=\"1595\">M\u00e1quina profesional inal\u00e1mbrica para tatuajes con bol\u00edgrafo para artistas<\/h2>\n<p data-start=\"1597\" data-end=\"1899\">El Tuffking ATK-2523 es una m\u00e1quina de tatuaje inal\u00e1mbrica de alto rendimiento construida para artistas profesionales del tatuaje que exigen precisi\u00f3n, estabilidad y flexibilidad. A diferencia de las m\u00e1quinas tradicionales con cable, este l\u00e1piz de tatuaje inal\u00e1mbrico permite un movimiento sin restricciones, haciendo que las sesiones largas sean m\u00e1s c\u00f3modas y eficientes.<\/p>\n<p data-start=\"1901\" data-end=\"2055\">Adem\u00e1s, su cuerpo ergon\u00f3mico de aleaci\u00f3n de aluminio proporciona un excelente equilibrio, mientras que la s\u00f3lida estructura interna minimiza las vibraciones y el ruido durante el funcionamiento.<\/p>\n<hr data-start=\"2057\" data-end=\"2060\" \/>\n<h2 data-start=\"2062\" data-end=\"2113\">Trazo ajustable para m\u00faltiples estilos de tatuaje<\/h2>\n<p data-start=\"2115\" data-end=\"2310\">Una de las principales ventajas de este bol\u00edgrafo m\u00e1quina de tatuar es su longitud de trazo ajustable que va desde <strong data-start=\"2213\" data-end=\"2231\">De 2,0 mm a 4,2 mm<\/strong>. Por lo tanto, los artistas pueden ajustar f\u00e1cilmente la m\u00e1quina para diferentes t\u00e9cnicas.<\/p>\n<h3 data-start=\"2312\" data-end=\"2364\">Ideal para forrar, sombrear y dar color<\/h3>\n<ul data-start=\"2365\" data-end=\"2477\">\n<li data-start=\"2365\" data-end=\"2401\">\n<p data-start=\"2367\" data-end=\"2401\">Trazo corto para un revestimiento detallado<\/p>\n<\/li>\n<li data-start=\"2402\" data-end=\"2438\">\n<p data-start=\"2404\" data-end=\"2438\">Trazo medio para un sombreado suave<\/p>\n<\/li>\n<li data-start=\"2439\" data-end=\"2477\">\n<p data-start=\"2441\" data-end=\"2477\">Trazo largo para un color intenso<\/p>\n<\/li>\n<\/ul>\n<p data-start=\"2479\" data-end=\"2571\">Como resultado, una m\u00e1quina puede manejar m\u00faltiples estilos de tatuaje sin cambios frecuentes de herramientas.<\/p>\n<hr data-start=\"2573\" data-end=\"2576\" \/>\n<h2 data-start=\"2578\" data-end=\"2626\">Potencia de salida estable y bater\u00eda de larga duraci\u00f3n<\/h2>\n<p data-start=\"2628\" data-end=\"2896\">El ATK-2523 est\u00e1 equipado con un <strong data-start=\"2660\" data-end=\"2692\">Bater\u00eda recargable de 1600 mAh<\/strong>, proporcionando hasta <strong data-start=\"2710\" data-end=\"2737\">6 horas de trabajo<\/strong> con una carga completa. Adem\u00e1s, la interfaz de carga r\u00e1pida Type-C permite recargar la bater\u00eda en aproximadamente 2 horas, lo que reduce el tiempo de inactividad entre sesiones.<\/p>\n<p data-start=\"2898\" data-end=\"3041\">Adem\u00e1s, la pantalla OLED muestra claramente el voltaje, el nivel de bater\u00eda y el estado de funcionamiento, lo que garantiza un control preciso durante todo el proceso de tatuaje.<\/p>\n<hr data-start=\"3043\" data-end=\"3046\" \/>\n<h2 data-start=\"3048\" data-end=\"3103\">Motor inal\u00e1mbrico fiable y dise\u00f1o de baja vibraci\u00f3n<\/h2>\n<p data-start=\"3105\" data-end=\"3364\">Gracias a su potente motor inal\u00e1mbrico, esta m\u00e1quina inal\u00e1mbrica para tatuajes ofrece un par de torsi\u00f3n constante y un movimiento suave de la aguja. Mientras tanto, la estructura interna integrada reduce significativamente la vibraci\u00f3n, lo que permite l\u00edneas m\u00e1s limpias y una mejor respuesta de la piel.<\/p>\n<p data-start=\"3366\" data-end=\"3475\">En consecuencia, los artistas experimentan un mejor control, mientras que los clientes disfrutan de una experiencia de tatuaje m\u00e1s c\u00f3moda.<\/p>\n<hr data-start=\"3477\" data-end=\"3480\" \/>\n<h2 data-start=\"3482\" data-end=\"3540\">Amplia compatibilidad y funciones de seguridad profesionales<\/h2>\n<p data-start=\"3542\" data-end=\"3698\">Esta m\u00e1quina es compatible con la mayor\u00eda de agujas de cartucho est\u00e1ndar del mercado. Adem\u00e1s, m\u00faltiples protecciones de seguridad est\u00e1n incorporados, incluyendo:<\/p>\n<ul data-start=\"3699\" data-end=\"3779\">\n<li data-start=\"3699\" data-end=\"3724\">\n<p data-start=\"3701\" data-end=\"3724\">Protecci\u00f3n contra sobrecarga<\/p>\n<\/li>\n<li data-start=\"3725\" data-end=\"3753\">\n<p data-start=\"3727\" data-end=\"3753\">Protecci\u00f3n contra cortocircuitos<\/p>\n<\/li>\n<li data-start=\"3754\" data-end=\"3779\">\n<p data-start=\"3756\" data-end=\"3779\">Protecci\u00f3n contra atascos de agujas<\/p>\n<\/li>\n<\/ul>\n<p data-start=\"3781\" data-end=\"3861\">Como resultado, la m\u00e1quina sigue siendo fiable incluso durante un uso profesional prolongado.<\/p>\n<hr data-start=\"3863\" data-end=\"3866\" \/>\n<h2 data-start=\"3868\" data-end=\"3900\">Especificaciones del producto<\/h2>\n<ul data-start=\"3901\" data-end=\"4145\">\n<li data-start=\"3901\" data-end=\"3926\">\n<p data-start=\"3903\" data-end=\"3926\">Motor: Motor inal\u00e1mbrico<\/p>\n<\/li>\n<li data-start=\"3927\" data-end=\"3956\">\n<p data-start=\"3929\" data-end=\"3956\">Capacidad de la bater\u00eda: 1600 mAh<\/p>\n<\/li>\n<li data-start=\"3957\" data-end=\"3983\">\n<p data-start=\"3959\" data-end=\"3983\">Tensi\u00f3n de funcionamiento: 4-12 V<\/p>\n<\/li>\n<li data-start=\"3984\" data-end=\"4016\">\n<p data-start=\"3986\" data-end=\"4016\">Carrera ajustable: 2,0-4,2 mm<\/p>\n<\/li>\n<li data-start=\"4017\" data-end=\"4048\">\n<p data-start=\"4019\" data-end=\"4048\">Tiempo de trabajo: unas 6 horas<\/p>\n<\/li>\n<li data-start=\"4049\" data-end=\"4081\">\n<p data-start=\"4051\" data-end=\"4081\">Tiempo de carga: unas 2 horas<\/p>\n<\/li>\n<li data-start=\"4082\" data-end=\"4120\">\n<p data-start=\"4084\" data-end=\"4120\">Interfaz de carga: Tipo-C (5V\/2A)<\/p>\n<\/li>\n<li data-start=\"4121\" data-end=\"4145\">\n<p data-start=\"4123\" data-end=\"4145\">Peso: Aprox. 237g<\/p>\n<\/li>\n<\/ul>","protected":false},"excerpt":{"rendered":"<p>La Tuffking ATK-2523 es una m\u00e1quina de tatuaje profesional inal\u00e1mbrica dise\u00f1ada para la precisi\u00f3n y versatilidad. Con un rango de trazo ajustable de 2.0mm a 4.2mm, se adapta f\u00e1cilmente al delineado, sombreado y empaquetado de color. Adem\u00e1s, el potente motor inal\u00e1mbrico y la salida de voltaje estable garantizan un rendimiento constante durante largas sesiones de tatuaje.<\/p>","protected":false},"featured_media":31531,"comment_status":"open","ping_status":"closed","template":"","meta":[],"product_brand":[346],"product_cat":[77],"product_tag":[347,259],"class_list":{"0":"post-31526","1":"product","2":"type-product","3":"status-publish","4":"has-post-thumbnail","6":"product_brand-tuffking","7":"product_cat-tattoo-machine","8":"product_tag-tuffking-tattoo-machine","9":"product_tag-wireless-tattoo-pen","11":"first","12":"instock","13":"taxable","14":"shipping-taxable","15":"purchasable","16":"product-type-variable"},"yoast_head":"<!-- This site is optimized with the Yoast SEO Premium plugin v26.2 (Yoast SEO v26.2) - https:\/\/yoast.com\/wordpress\/plugins\/seo\/ -->\n<title>Tuffking ATK-2523 Wireless Tattoo Pen Machine<\/title>\n<meta name=\"description\" content=\"Tuffking ATK-2523 wireless tattoo pen machine features an adjustable 2.0\u20134.2mm stroke, stable motor output, and long-lasting 1600mAh battery. As a result, it delivers smooth lining, shading, and color packing with reliable performance for professional tattoo artists.\" \/>\n<meta name=\"robots\" content=\"index, follow, max-snippet:-1, max-image-preview:large, max-video-preview:-1\" \/>\n<link rel=\"canonical\" href=\"https:\/\/gtartistoo.com\/es\/tienda\/maquina-de-tatuar\/tuffking-atk-2523-wireless-tattoo-pen-machine\/\" \/>\n<meta property=\"og:locale\" content=\"es_ES\" \/>\n<meta property=\"og:type\" content=\"article\" \/>\n<meta property=\"og:title\" content=\"Tuffking ATK-2523 Wireless Tattoo Pen Machine\" \/>\n<meta property=\"og:description\" content=\"Tuffking ATK-2523 wireless tattoo pen machine features an adjustable 2.0\u20134.2mm stroke, stable motor output, and long-lasting 1600mAh battery. As a result, it delivers smooth lining, shading, and color packing with reliable performance for professional tattoo artists.\" \/>\n<meta property=\"og:url\" content=\"https:\/\/gtartistoo.com\/es\/tienda\/maquina-de-tatuar\/tuffking-atk-2523-wireless-tattoo-pen-machine\/\" \/>\n<meta property=\"og:site_name\" content=\"gtartistoo.com\" \/>\n<meta property=\"article:modified_time\" content=\"2026-01-29T05:31:56+00:00\" \/>\n<meta property=\"og:image\" content=\"https:\/\/gtartistoo.com\/wp-content\/uploads\/2026\/01\/tattoo-pen-machine-adjustable-stroke-red-device-with-dual-batteries.webp\" \/>\n\t<meta property=\"og:image:width\" content=\"1200\" \/>\n\t<meta property=\"og:image:height\" content=\"1200\" \/>\n\t<meta property=\"og:image:type\" content=\"image\/webp\" \/>\n<meta name=\"twitter:card\" content=\"summary_large_image\" \/>\n<meta name=\"twitter:label1\" content=\"Disponibilidad\" \/>\n\t<meta name=\"twitter:data1\" content=\"Disponible\" \/>\n<script type=\"application\/ld+json\" class=\"yoast-schema-graph\">{\"@context\":\"https:\/\/schema.org\",\"@graph\":[{\"@type\":\"WebPage\",\"@id\":\"https:\/\/gtartistoo.com\/shop\/tattoo-machine\/tuffking-atk-2523-wireless-tattoo-pen-machine\/\",\"url\":\"https:\/\/gtartistoo.com\/shop\/tattoo-machine\/tuffking-atk-2523-wireless-tattoo-pen-machine\/\",\"name\":\"Tuffking ATK-2523 Wireless Tattoo Pen Machine\",\"isPartOf\":{\"@id\":\"https:\/\/gtartistoo.com\/#website\"},\"primaryImageOfPage\":{\"@id\":\"https:\/\/gtartistoo.com\/shop\/tattoo-machine\/tuffking-atk-2523-wireless-tattoo-pen-machine\/#primaryimage\"},\"image\":{\"@id\":\"https:\/\/gtartistoo.com\/shop\/tattoo-machine\/tuffking-atk-2523-wireless-tattoo-pen-machine\/#primaryimage\"},\"thumbnailUrl\":\"https:\/\/gtartistoo.com\/wp-content\/uploads\/2026\/01\/tattoo-pen-machine-adjustable-stroke-red-device-with-dual-batteries.webp\",\"datePublished\":\"2026-01-29T05:31:53+00:00\",\"dateModified\":\"2026-01-29T05:31:56+00:00\",\"description\":\"Tuffking ATK-2523 wireless tattoo pen machine features an adjustable 2.0\u20134.2mm stroke, stable motor output, and long-lasting 1600mAh battery. As a result, it delivers smooth lining, shading, and color packing with reliable performance for professional tattoo artists.\",\"breadcrumb\":{\"@id\":\"https:\/\/gtartistoo.com\/shop\/tattoo-machine\/tuffking-atk-2523-wireless-tattoo-pen-machine\/#breadcrumb\"},\"inLanguage\":\"es\",\"potentialAction\":[{\"@type\":\"ReadAction\",\"target\":[\"https:\/\/gtartistoo.com\/shop\/tattoo-machine\/tuffking-atk-2523-wireless-tattoo-pen-machine\/\"]}]},{\"@type\":\"ImageObject\",\"inLanguage\":\"es\",\"@id\":\"https:\/\/gtartistoo.com\/shop\/tattoo-machine\/tuffking-atk-2523-wireless-tattoo-pen-machine\/#primaryimage\",\"url\":\"https:\/\/gtartistoo.com\/wp-content\/uploads\/2026\/01\/tattoo-pen-machine-adjustable-stroke-red-device-with-dual-batteries.webp\",\"contentUrl\":\"https:\/\/gtartistoo.com\/wp-content\/uploads\/2026\/01\/tattoo-pen-machine-adjustable-stroke-red-device-with-dual-batteries.webp\",\"width\":1200,\"height\":1200,\"caption\":\"Tuffking ATK-2523 cordless tattoo pen adjustable stroke 2.0\u20134.2mm\"},{\"@type\":\"BreadcrumbList\",\"@id\":\"https:\/\/gtartistoo.com\/shop\/tattoo-machine\/tuffking-atk-2523-wireless-tattoo-pen-machine\/#breadcrumb\",\"itemListElement\":[{\"@type\":\"ListItem\",\"position\":1,\"name\":\"Home\",\"item\":\"https:\/\/gtartistoo.com\/\"},{\"@type\":\"ListItem\",\"position\":2,\"name\":\"Shop\",\"item\":\"https:\/\/gtartistoo.com\/shop\/\"},{\"@type\":\"ListItem\",\"position\":3,\"name\":\"Tuffking ATK-2523 Wireless Tattoo Pen Machine\"}]},{\"@type\":\"WebSite\",\"@id\":\"https:\/\/gtartistoo.com\/#website\",\"url\":\"https:\/\/gtartistoo.com\/\",\"name\":\"gtartistoo.com\",\"description\":\"\",\"publisher\":{\"@id\":\"https:\/\/gtartistoo.com\/#organization\"},\"potentialAction\":[{\"@type\":\"SearchAction\",\"target\":{\"@type\":\"EntryPoint\",\"urlTemplate\":\"https:\/\/gtartistoo.com\/?s={search_term_string}\"},\"query-input\":{\"@type\":\"PropertyValueSpecification\",\"valueRequired\":true,\"valueName\":\"search_term_string\"}}],\"inLanguage\":\"es\"},{\"@type\":\"Organization\",\"@id\":\"https:\/\/gtartistoo.com\/#organization\",\"name\":\"gtartistoo.com\",\"url\":\"https:\/\/gtartistoo.com\/\",\"logo\":{\"@type\":\"ImageObject\",\"inLanguage\":\"es\",\"@id\":\"https:\/\/gtartistoo.com\/#\/schema\/logo\/image\/\",\"url\":\"https:\/\/gtartistoo.com\/wp-content\/uploads\/2025\/10\/logo.svg\",\"contentUrl\":\"https:\/\/gtartistoo.com\/wp-content\/uploads\/2025\/10\/logo.svg\",\"width\":369,\"height\":124,\"caption\":\"gtartistoo.com\"},\"image\":{\"@id\":\"https:\/\/gtartistoo.com\/#\/schema\/logo\/image\/\"}}]}<\/script>\n<meta property=\"og:availability\" content=\"instock\" \/>\n<meta property=\"product:availability\" content=\"instock\" \/>\n<meta property=\"product:retailer_item_id\" content=\"31526\" \/>\n<meta property=\"product:condition\" content=\"new\" \/>\n<!-- \/ Yoast SEO Premium plugin. -->","yoast_head_json":{"title":"Tuffking ATK-2523 M\u00e1quina Inal\u00e1mbrica de Tatuajes con Bol\u00edgrafo","description":"La m\u00e1quina de tatuaje inal\u00e1mbrica Tuffking ATK-2523 cuenta con una carrera ajustable de 2.0-4.2mm, salida de motor estable y bater\u00eda de larga duraci\u00f3n de 1600mAh. Como resultado, ofrece un delineado suave, sombreado y empaquetado de color con un rendimiento fiable para los artistas profesionales del tatuaje.","robots":{"index":"index","follow":"follow","max-snippet":"max-snippet:-1","max-image-preview":"max-image-preview:large","max-video-preview":"max-video-preview:-1"},"canonical":"https:\/\/gtartistoo.com\/es\/tienda\/maquina-de-tatuar\/tuffking-atk-2523-wireless-tattoo-pen-machine\/","og_locale":"es_ES","og_type":"article","og_title":"Tuffking ATK-2523 Wireless Tattoo Pen Machine","og_description":"Tuffking ATK-2523 wireless tattoo pen machine features an adjustable 2.0\u20134.2mm stroke, stable motor output, and long-lasting 1600mAh battery. As a result, it delivers smooth lining, shading, and color packing with reliable performance for professional tattoo artists.","og_url":"https:\/\/gtartistoo.com\/es\/tienda\/maquina-de-tatuar\/tuffking-atk-2523-wireless-tattoo-pen-machine\/","og_site_name":"gtartistoo.com","article_modified_time":"2026-01-29T05:31:56+00:00","og_image":[{"width":1200,"height":1200,"url":"https:\/\/gtartistoo.com\/wp-content\/uploads\/2026\/01\/tattoo-pen-machine-adjustable-stroke-red-device-with-dual-batteries.webp","type":"image\/webp"}],"twitter_card":"summary_large_image","twitter_misc":{"Disponibilidad":"Disponible"},"schema":{"@context":"https:\/\/schema.org","@graph":[{"@type":"WebPage","@id":"https:\/\/gtartistoo.com\/shop\/tattoo-machine\/tuffking-atk-2523-wireless-tattoo-pen-machine\/","url":"https:\/\/gtartistoo.com\/shop\/tattoo-machine\/tuffking-atk-2523-wireless-tattoo-pen-machine\/","name":"Tuffking ATK-2523 M\u00e1quina Inal\u00e1mbrica de Tatuajes con Bol\u00edgrafo","isPartOf":{"@id":"https:\/\/gtartistoo.com\/#website"},"primaryImageOfPage":{"@id":"https:\/\/gtartistoo.com\/shop\/tattoo-machine\/tuffking-atk-2523-wireless-tattoo-pen-machine\/#primaryimage"},"image":{"@id":"https:\/\/gtartistoo.com\/shop\/tattoo-machine\/tuffking-atk-2523-wireless-tattoo-pen-machine\/#primaryimage"},"thumbnailUrl":"https:\/\/gtartistoo.com\/wp-content\/uploads\/2026\/01\/tattoo-pen-machine-adjustable-stroke-red-device-with-dual-batteries.webp","datePublished":"2026-01-29T05:31:53+00:00","dateModified":"2026-01-29T05:31:56+00:00","description":"La m\u00e1quina de tatuaje inal\u00e1mbrica Tuffking ATK-2523 cuenta con una carrera ajustable de 2.0-4.2mm, salida de motor estable y bater\u00eda de larga duraci\u00f3n de 1600mAh. Como resultado, ofrece un delineado suave, sombreado y empaquetado de color con un rendimiento fiable para los artistas profesionales del tatuaje.","breadcrumb":{"@id":"https:\/\/gtartistoo.com\/shop\/tattoo-machine\/tuffking-atk-2523-wireless-tattoo-pen-machine\/#breadcrumb"},"inLanguage":"es","potentialAction":[{"@type":"ReadAction","target":["https:\/\/gtartistoo.com\/shop\/tattoo-machine\/tuffking-atk-2523-wireless-tattoo-pen-machine\/"]}]},{"@type":"ImageObject","inLanguage":"es","@id":"https:\/\/gtartistoo.com\/shop\/tattoo-machine\/tuffking-atk-2523-wireless-tattoo-pen-machine\/#primaryimage","url":"https:\/\/gtartistoo.com\/wp-content\/uploads\/2026\/01\/tattoo-pen-machine-adjustable-stroke-red-device-with-dual-batteries.webp","contentUrl":"https:\/\/gtartistoo.com\/wp-content\/uploads\/2026\/01\/tattoo-pen-machine-adjustable-stroke-red-device-with-dual-batteries.webp","width":1200,"height":1200,"caption":"Tuffking ATK-2523 cordless tattoo pen adjustable stroke 2.0\u20134.2mm"},{"@type":"BreadcrumbList","@id":"https:\/\/gtartistoo.com\/shop\/tattoo-machine\/tuffking-atk-2523-wireless-tattoo-pen-machine\/#breadcrumb","itemListElement":[{"@type":"ListItem","position":1,"name":"Home","item":"https:\/\/gtartistoo.com\/"},{"@type":"ListItem","position":2,"name":"Shop","item":"https:\/\/gtartistoo.com\/shop\/"},{"@type":"ListItem","position":3,"name":"Tuffking ATK-2523 Wireless Tattoo Pen Machine"}]},{"@type":"WebSite","@id":"https:\/\/gtartistoo.com\/#website","url":"https:\/\/gtartistoo.com\/","name":"gtartistoo.com","description":"","publisher":{"@id":"https:\/\/gtartistoo.com\/#organization"},"potentialAction":[{"@type":"SearchAction","target":{"@type":"EntryPoint","urlTemplate":"https:\/\/gtartistoo.com\/?s={search_term_string}"},"query-input":{"@type":"PropertyValueSpecification","valueRequired":true,"valueName":"search_term_string"}}],"inLanguage":"es"},{"@type":"Organization","@id":"https:\/\/gtartistoo.com\/#organization","name":"gtartistoo.com","url":"https:\/\/gtartistoo.com\/","logo":{"@type":"ImageObject","inLanguage":"es","@id":"https:\/\/gtartistoo.com\/#\/schema\/logo\/image\/","url":"https:\/\/gtartistoo.com\/wp-content\/uploads\/2025\/10\/logo.svg","contentUrl":"https:\/\/gtartistoo.com\/wp-content\/uploads\/2025\/10\/logo.svg","width":369,"height":124,"caption":"gtartistoo.com"},"image":{"@id":"https:\/\/gtartistoo.com\/#\/schema\/logo\/image\/"}}]},"og_availability":"instock","product_availability":"instock","product_retailer_item_id":"31526","product_condition":"new"},"_links":{"self":[{"href":"https:\/\/gtartistoo.com\/es\/wp-json\/wp\/v2\/product\/31526","targetHints":{"allow":["GET"]}}],"collection":[{"href":"https:\/\/gtartistoo.com\/es\/wp-json\/wp\/v2\/product"}],"about":[{"href":"https:\/\/gtartistoo.com\/es\/wp-json\/wp\/v2\/types\/product"}],"replies":[{"embeddable":true,"href":"https:\/\/gtartistoo.com\/es\/wp-json\/wp\/v2\/comments?post=31526"}],"version-history":[{"count":1,"href":"https:\/\/gtartistoo.com\/es\/wp-json\/wp\/v2\/product\/31526\/revisions"}],"predecessor-version":[{"id":31536,"href":"https:\/\/gtartistoo.com\/es\/wp-json\/wp\/v2\/product\/31526\/revisions\/31536"}],"wp:featuredmedia":[{"embeddable":true,"href":"https:\/\/gtartistoo.com\/es\/wp-json\/wp\/v2\/media\/31531"}],"wp:attachment":[{"href":"https:\/\/gtartistoo.com\/es\/wp-json\/wp\/v2\/media?parent=31526"}],"wp:term":[{"taxonomy":"product_brand","embeddable":true,"href":"https:\/\/gtartistoo.com\/es\/wp-json\/wp\/v2\/product_brand?post=31526"},{"taxonomy":"product_cat","embeddable":true,"href":"https:\/\/gtartistoo.com\/es\/wp-json\/wp\/v2\/product_cat?post=31526"},{"taxonomy":"product_tag","embeddable":true,"href":"https:\/\/gtartistoo.com\/es\/wp-json\/wp\/v2\/product_tag?post=31526"}],"curies":[{"name":"wp","href":"https:\/\/api.w.org\/{rel}","templated":true}]}}