{"id":31578,"date":"2026-01-22T09:11:08","date_gmt":"2026-01-22T09:11:08","guid":{"rendered":"https:\/\/gtartistoo.com\/?post_type=product&#038;p=31578"},"modified":"2026-01-22T09:11:09","modified_gmt":"2026-01-22T09:11:09","slug":"aurora-wireless-tattoo-battery","status":"publish","type":"product","link":"https:\/\/gtartistoo.com\/es\/tienda\/suministros-para-tatuajes\/accesorios-electricos-para-tatuajes\/aurora-wireless-tattoo-battery\/","title":{"rendered":"Bater\u00eda para tatuaje inal\u00e1mbrica Aurora Gtartistoo"},"content":{"rendered":"<p data-start=\"275\" data-end=\"521\">En <strong data-start=\"279\" data-end=\"324\">Bater\u00eda para tatuaje Aurora Wireless gtartistoo<\/strong> ofrece una potencia estable en un dise\u00f1o compacto y ligero.<br data-start=\"383\" data-end=\"386\" \/>Ayuda a los artistas del tatuaje a trabajar libremente sin cables.<br data-start=\"437\" data-end=\"440\" \/>La bater\u00eda se adapta a la mayor\u00eda de las m\u00e1quinas de tatuaje RCA.<br data-start=\"482\" data-end=\"485\" \/>Se adapta al trabajo en estudio y al uso en viajes.<\/p>\n<p data-start=\"523\" data-end=\"787\">Esta bater\u00eda inal\u00e1mbrica para tatuajes ofrece un control preciso del voltaje de <strong data-start=\"588\" data-end=\"601\">4 V a 12 V<\/strong>.<br data-start=\"602\" data-end=\"605\" \/>Los artistas pueden alternar sin problemas entre el delineado, el sombreado y el empaquetado del color.<br data-start=\"676\" data-end=\"679\" \/>La pantalla OLED muestra claramente el voltaje y el estado de la bater\u00eda.<br data-start=\"736\" data-end=\"739\" \/>Puedes ajustar la configuraci\u00f3n r\u00e1pidamente durante las sesiones.<\/p>\n<hr data-start=\"789\" data-end=\"792\" \/>\n<h2 data-start=\"794\" data-end=\"813\">\u00a0Caracter\u00edsticas principales<\/h2>\n<ul data-start=\"815\" data-end=\"1151\">\n<li data-start=\"815\" data-end=\"864\">\n<p data-start=\"817\" data-end=\"864\">Bater\u00eda inal\u00e1mbrica para tatuajes con <strong data-start=\"846\" data-end=\"864\">Conexi\u00f3n RCA<\/strong><\/p>\n<\/li>\n<li data-start=\"865\" data-end=\"910\">\n<p data-start=\"867\" data-end=\"910\">Rango de tensi\u00f3n ajustable de <strong data-start=\"897\" data-end=\"910\">4 V a 12 V<\/strong><\/p>\n<\/li>\n<li data-start=\"911\" data-end=\"959\">\n<p data-start=\"913\" data-end=\"959\"><strong data-start=\"913\" data-end=\"941\">Bater\u00eda de 1600 mAh de capacidad<\/strong> para sesiones largas<\/p>\n<\/li>\n<li data-start=\"960\" data-end=\"1017\">\n<p data-start=\"962\" data-end=\"1017\"><strong data-start=\"962\" data-end=\"978\">Pantalla OLED<\/strong> para conocer el estado de la tensi\u00f3n y la potencia en tiempo real<\/p>\n<\/li>\n<li data-start=\"1018\" data-end=\"1066\">\n<p data-start=\"1020\" data-end=\"1066\"><strong data-start=\"1020\" data-end=\"1044\">Carga r\u00e1pida Tipo-C<\/strong> para la comodidad diaria<\/p>\n<\/li>\n<li data-start=\"1067\" data-end=\"1106\">\n<p data-start=\"1069\" data-end=\"1106\">Cuerpo ligero que reduce la fatiga de las manos<\/p>\n<\/li>\n<li data-start=\"1107\" data-end=\"1151\">\n<p data-start=\"1109\" data-end=\"1151\">Tama\u00f1o compacto apto para viajes y configuraciones m\u00f3viles<\/p>\n<\/li>\n<\/ul>\n<hr data-start=\"1153\" data-end=\"1156\" \/>\n<h2 data-start=\"1158\" data-end=\"1191\">Rendimiento y duraci\u00f3n de la bater\u00eda<\/h2>\n<p data-start=\"1193\" data-end=\"1400\">La bater\u00eda del tatuaje Aurora dura <strong data-start=\"1228\" data-end=\"1241\">5-6 horas<\/strong> con una carga completa.<br data-start=\"1259\" data-end=\"1262\" \/>Admite un uso profesional continuado.<br data-start=\"1302\" data-end=\"1305\" \/>La carga de tipo C recarga la bater\u00eda en <strong data-start=\"1344\" data-end=\"1357\">2-3 horas<\/strong>.<br data-start=\"1358\" data-end=\"1361\" \/>Esto reduce el tiempo de inactividad entre sesiones.<\/p>\n<p data-start=\"1402\" data-end=\"1556\">La salida estable mantiene la m\u00e1quina funcionando sin problemas.<br data-start=\"1455\" data-end=\"1458\" \/>Los artistas mantienen un rendimiento constante de las agujas.<br data-start=\"1505\" data-end=\"1508\" \/>Esto mejora el control de las l\u00edneas y la saturaci\u00f3n del color.<\/p>\n<hr data-start=\"1558\" data-end=\"1561\" \/>\n<h2 data-start=\"1563\" data-end=\"1592\">\u00a0Compatibilidad y dise\u00f1o<\/h2>\n<p data-start=\"1594\" data-end=\"1782\">En <strong data-start=\"1598\" data-end=\"1615\">Conector RCA<\/strong> funciona con la mayor\u00eda de las m\u00e1quinas de tatuar del mercado.<br data-start=\"1662\" data-end=\"1665\" \/>La carcasa de aluminio es s\u00f3lida y duradera.<br data-start=\"1710\" data-end=\"1713\" \/>Su <strong data-start=\"1717\" data-end=\"1743\">Dise\u00f1o ligero de 68 g<\/strong> mejora la comodidad durante las sesiones largas.<\/p>\n<p data-start=\"1784\" data-end=\"1899\">Esta bater\u00eda es adecuada tanto para principiantes como para tatuadores profesionales.<br data-start=\"1845\" data-end=\"1848\" \/>Tambi\u00e9n funciona bien para anuncios de invitados y convenciones.<\/p>\n<hr data-start=\"1901\" data-end=\"1904\" \/>\n<h2 data-start=\"1906\" data-end=\"1927\">\u00a0Especificaciones<\/h2>\n<ul data-start=\"1929\" data-end=\"2281\">\n<li data-start=\"1929\" data-end=\"1954\">\n<p data-start=\"1931\" data-end=\"1954\"><strong data-start=\"1931\" data-end=\"1941\">Marca:<\/strong> gtartistoo<\/p>\n<\/li>\n<li data-start=\"1955\" data-end=\"2007\">\n<p data-start=\"1957\" data-end=\"2007\"><strong data-start=\"1957\" data-end=\"1974\">Nombre del producto:<\/strong> Bater\u00eda Aurora Wireless Tattoo<\/p>\n<\/li>\n<li data-start=\"2008\" data-end=\"2035\">\n<p data-start=\"2010\" data-end=\"2035\"><strong data-start=\"2010\" data-end=\"2029\">Tipo de conector:<\/strong> RCA<\/p>\n<\/li>\n<li data-start=\"2036\" data-end=\"2065\">\n<p data-start=\"2038\" data-end=\"2065\"><strong data-start=\"2038\" data-end=\"2057\">Tensi\u00f3n de salida:<\/strong> 4-12V<\/p>\n<\/li>\n<li data-start=\"2066\" data-end=\"2099\">\n<p data-start=\"2068\" data-end=\"2099\"><strong data-start=\"2068\" data-end=\"2089\">Capacidad de la bater\u00eda:<\/strong> 1600mAh<\/p>\n<\/li>\n<li data-start=\"2100\" data-end=\"2131\">\n<p data-start=\"2102\" data-end=\"2131\"><strong data-start=\"2102\" data-end=\"2119\">Tiempo de trabajo:<\/strong> 5-6 horas<\/p>\n<\/li>\n<li data-start=\"2132\" data-end=\"2164\">\n<p data-start=\"2134\" data-end=\"2164\"><strong data-start=\"2134\" data-end=\"2152\">Tiempo de carga:<\/strong> 2-3 horas<\/p>\n<\/li>\n<li data-start=\"2165\" data-end=\"2199\">\n<p data-start=\"2167\" data-end=\"2199\"><strong data-start=\"2167\" data-end=\"2190\">Interfaz de carga:<\/strong> Tipo-C<\/p>\n<\/li>\n<li data-start=\"2200\" data-end=\"2233\">\n<p data-start=\"2202\" data-end=\"2233\"><strong data-start=\"2202\" data-end=\"2220\">Tensi\u00f3n de entrada:<\/strong> DC 5V \/ 1A<\/p>\n<\/li>\n<li data-start=\"2234\" data-end=\"2253\">\n<p data-start=\"2236\" data-end=\"2253\"><strong data-start=\"2236\" data-end=\"2247\">Peso:<\/strong> 68g<\/p>\n<\/li>\n<li data-start=\"2254\" data-end=\"2281\">\n<p data-start=\"2256\" data-end=\"2281\"><strong data-start=\"2256\" data-end=\"2265\">Tama\u00f1o:<\/strong> 3,3 cm \u00d7 6,5 cm<\/p>\n<\/li>\n<\/ul>","protected":false},"excerpt":{"rendered":"<p>The gtartistoo Aurora Wireless Tattoo Battery delivers stable power in a compact and lightweight design.It helps tattoo artists work freely<\/p>","protected":false},"featured_media":31584,"comment_status":"open","ping_status":"closed","template":"","meta":[],"product_brand":[71],"product_cat":[317,83],"product_tag":[350],"class_list":{"0":"post-31578","1":"product","2":"type-product","3":"status-publish","4":"has-post-thumbnail","6":"product_brand-gtartistoo","7":"product_cat-tattoo-power-accessories","8":"product_cat-tattoo-supplies","9":"product_tag-wireless-tattoo-battery","11":"first","12":"instock","13":"taxable","14":"shipping-taxable","15":"purchasable","16":"product-type-variable"},"yoast_head":"<!-- This site is optimized with the Yoast SEO Premium plugin v26.2 (Yoast SEO v26.2) - https:\/\/yoast.com\/wordpress\/plugins\/seo\/ -->\n<title>Aurora Wireless Tattoo Battery RCA | gtartistoo<\/title>\n<meta name=\"description\" content=\"Aurora wireless tattoo battery by gtartistoo features 4\u201312V output, 1600mAh capacity, Type-C charging, and RCA compatibility for professionals.\" \/>\n<meta name=\"robots\" content=\"index, follow, max-snippet:-1, max-image-preview:large, max-video-preview:-1\" \/>\n<link rel=\"canonical\" href=\"https:\/\/gtartistoo.com\/es\/tienda\/suministros-para-tatuajes\/accesorios-electricos-para-tatuajes\/aurora-wireless-tattoo-battery\/\" \/>\n<meta property=\"og:locale\" content=\"es_ES\" \/>\n<meta property=\"og:type\" content=\"article\" \/>\n<meta property=\"og:title\" content=\"Gtartistoo Aurora Wireless Tattoo Battery\" \/>\n<meta property=\"og:description\" content=\"Aurora wireless tattoo battery by gtartistoo features 4\u201312V output, 1600mAh capacity, Type-C charging, and RCA compatibility for professionals.\" \/>\n<meta property=\"og:url\" content=\"https:\/\/gtartistoo.com\/es\/tienda\/suministros-para-tatuajes\/accesorios-electricos-para-tatuajes\/aurora-wireless-tattoo-battery\/\" \/>\n<meta property=\"og:site_name\" content=\"gtartistoo.com\" \/>\n<meta property=\"article:modified_time\" content=\"2026-01-22T09:11:09+00:00\" \/>\n<meta property=\"og:image\" content=\"https:\/\/gtartistoo.com\/wp-content\/uploads\/2026\/01\/aurora-wireless-tattoo-battery-black.webp\" \/>\n\t<meta property=\"og:image:width\" content=\"1600\" \/>\n\t<meta property=\"og:image:height\" content=\"1600\" \/>\n\t<meta property=\"og:image:type\" content=\"image\/webp\" \/>\n<meta name=\"twitter:card\" content=\"summary_large_image\" \/>\n<meta name=\"twitter:label1\" content=\"Disponibilidad\" \/>\n\t<meta name=\"twitter:data1\" content=\"Disponible\" \/>\n<script type=\"application\/ld+json\" class=\"yoast-schema-graph\">{\"@context\":\"https:\/\/schema.org\",\"@graph\":[{\"@type\":\"WebPage\",\"@id\":\"https:\/\/gtartistoo.com\/shop\/tattoo-supplies\/tattoo-power-accessories\/aurora-wireless-tattoo-battery\/\",\"url\":\"https:\/\/gtartistoo.com\/shop\/tattoo-supplies\/tattoo-power-accessories\/aurora-wireless-tattoo-battery\/\",\"name\":\"Aurora Wireless Tattoo Battery RCA | gtartistoo\",\"isPartOf\":{\"@id\":\"https:\/\/gtartistoo.com\/#website\"},\"primaryImageOfPage\":{\"@id\":\"https:\/\/gtartistoo.com\/shop\/tattoo-supplies\/tattoo-power-accessories\/aurora-wireless-tattoo-battery\/#primaryimage\"},\"image\":{\"@id\":\"https:\/\/gtartistoo.com\/shop\/tattoo-supplies\/tattoo-power-accessories\/aurora-wireless-tattoo-battery\/#primaryimage\"},\"thumbnailUrl\":\"https:\/\/gtartistoo.com\/wp-content\/uploads\/2026\/01\/aurora-wireless-tattoo-battery-black.webp\",\"datePublished\":\"2026-01-22T09:11:08+00:00\",\"dateModified\":\"2026-01-22T09:11:09+00:00\",\"description\":\"Aurora wireless tattoo battery by gtartistoo features 4\u201312V output, 1600mAh capacity, Type-C charging, and RCA compatibility for professionals.\",\"breadcrumb\":{\"@id\":\"https:\/\/gtartistoo.com\/shop\/tattoo-supplies\/tattoo-power-accessories\/aurora-wireless-tattoo-battery\/#breadcrumb\"},\"inLanguage\":\"es\",\"potentialAction\":[{\"@type\":\"ReadAction\",\"target\":[\"https:\/\/gtartistoo.com\/shop\/tattoo-supplies\/tattoo-power-accessories\/aurora-wireless-tattoo-battery\/\"]}]},{\"@type\":\"ImageObject\",\"inLanguage\":\"es\",\"@id\":\"https:\/\/gtartistoo.com\/shop\/tattoo-supplies\/tattoo-power-accessories\/aurora-wireless-tattoo-battery\/#primaryimage\",\"url\":\"https:\/\/gtartistoo.com\/wp-content\/uploads\/2026\/01\/aurora-wireless-tattoo-battery-black.webp\",\"contentUrl\":\"https:\/\/gtartistoo.com\/wp-content\/uploads\/2026\/01\/aurora-wireless-tattoo-battery-black.webp\",\"width\":1600,\"height\":1600,\"caption\":\"gtartistoo Aurora wireless tattoo battery RCA power supply\"},{\"@type\":\"BreadcrumbList\",\"@id\":\"https:\/\/gtartistoo.com\/shop\/tattoo-supplies\/tattoo-power-accessories\/aurora-wireless-tattoo-battery\/#breadcrumb\",\"itemListElement\":[{\"@type\":\"ListItem\",\"position\":1,\"name\":\"Home\",\"item\":\"https:\/\/gtartistoo.com\/\"},{\"@type\":\"ListItem\",\"position\":2,\"name\":\"Shop\",\"item\":\"https:\/\/gtartistoo.com\/shop\/\"},{\"@type\":\"ListItem\",\"position\":3,\"name\":\"Gtartistoo Aurora Wireless Tattoo Battery\"}]},{\"@type\":\"WebSite\",\"@id\":\"https:\/\/gtartistoo.com\/#website\",\"url\":\"https:\/\/gtartistoo.com\/\",\"name\":\"gtartistoo.com\",\"description\":\"\",\"publisher\":{\"@id\":\"https:\/\/gtartistoo.com\/#organization\"},\"potentialAction\":[{\"@type\":\"SearchAction\",\"target\":{\"@type\":\"EntryPoint\",\"urlTemplate\":\"https:\/\/gtartistoo.com\/?s={search_term_string}\"},\"query-input\":{\"@type\":\"PropertyValueSpecification\",\"valueRequired\":true,\"valueName\":\"search_term_string\"}}],\"inLanguage\":\"es\"},{\"@type\":\"Organization\",\"@id\":\"https:\/\/gtartistoo.com\/#organization\",\"name\":\"gtartistoo.com\",\"url\":\"https:\/\/gtartistoo.com\/\",\"logo\":{\"@type\":\"ImageObject\",\"inLanguage\":\"es\",\"@id\":\"https:\/\/gtartistoo.com\/#\/schema\/logo\/image\/\",\"url\":\"https:\/\/gtartistoo.com\/wp-content\/uploads\/2025\/10\/logo.svg\",\"contentUrl\":\"https:\/\/gtartistoo.com\/wp-content\/uploads\/2025\/10\/logo.svg\",\"width\":369,\"height\":124,\"caption\":\"gtartistoo.com\"},\"image\":{\"@id\":\"https:\/\/gtartistoo.com\/#\/schema\/logo\/image\/\"}}]}<\/script>\n<meta property=\"og:availability\" content=\"instock\" \/>\n<meta property=\"product:availability\" content=\"instock\" \/>\n<meta property=\"product:retailer_item_id\" content=\"31578\" \/>\n<meta property=\"product:condition\" content=\"new\" \/>\n<!-- \/ Yoast SEO Premium plugin. -->","yoast_head_json":{"title":"Aurora Wireless Tattoo Battery RCA | gtartistoo","description":"La bater\u00eda inal\u00e1mbrica Aurora para tatuajes de gtartistoo cuenta con salida de 4-12V, capacidad de 1600mAh, carga Type-C y compatibilidad RCA para profesionales.","robots":{"index":"index","follow":"follow","max-snippet":"max-snippet:-1","max-image-preview":"max-image-preview:large","max-video-preview":"max-video-preview:-1"},"canonical":"https:\/\/gtartistoo.com\/es\/tienda\/suministros-para-tatuajes\/accesorios-electricos-para-tatuajes\/aurora-wireless-tattoo-battery\/","og_locale":"es_ES","og_type":"article","og_title":"Gtartistoo Aurora Wireless Tattoo Battery","og_description":"Aurora wireless tattoo battery by gtartistoo features 4\u201312V output, 1600mAh capacity, Type-C charging, and RCA compatibility for professionals.","og_url":"https:\/\/gtartistoo.com\/es\/tienda\/suministros-para-tatuajes\/accesorios-electricos-para-tatuajes\/aurora-wireless-tattoo-battery\/","og_site_name":"gtartistoo.com","article_modified_time":"2026-01-22T09:11:09+00:00","og_image":[{"width":1600,"height":1600,"url":"https:\/\/gtartistoo.com\/wp-content\/uploads\/2026\/01\/aurora-wireless-tattoo-battery-black.webp","type":"image\/webp"}],"twitter_card":"summary_large_image","twitter_misc":{"Disponibilidad":"Disponible"},"schema":{"@context":"https:\/\/schema.org","@graph":[{"@type":"WebPage","@id":"https:\/\/gtartistoo.com\/shop\/tattoo-supplies\/tattoo-power-accessories\/aurora-wireless-tattoo-battery\/","url":"https:\/\/gtartistoo.com\/shop\/tattoo-supplies\/tattoo-power-accessories\/aurora-wireless-tattoo-battery\/","name":"Aurora Wireless Tattoo Battery RCA | gtartistoo","isPartOf":{"@id":"https:\/\/gtartistoo.com\/#website"},"primaryImageOfPage":{"@id":"https:\/\/gtartistoo.com\/shop\/tattoo-supplies\/tattoo-power-accessories\/aurora-wireless-tattoo-battery\/#primaryimage"},"image":{"@id":"https:\/\/gtartistoo.com\/shop\/tattoo-supplies\/tattoo-power-accessories\/aurora-wireless-tattoo-battery\/#primaryimage"},"thumbnailUrl":"https:\/\/gtartistoo.com\/wp-content\/uploads\/2026\/01\/aurora-wireless-tattoo-battery-black.webp","datePublished":"2026-01-22T09:11:08+00:00","dateModified":"2026-01-22T09:11:09+00:00","description":"La bater\u00eda inal\u00e1mbrica Aurora para tatuajes de gtartistoo cuenta con salida de 4-12V, capacidad de 1600mAh, carga Type-C y compatibilidad RCA para profesionales.","breadcrumb":{"@id":"https:\/\/gtartistoo.com\/shop\/tattoo-supplies\/tattoo-power-accessories\/aurora-wireless-tattoo-battery\/#breadcrumb"},"inLanguage":"es","potentialAction":[{"@type":"ReadAction","target":["https:\/\/gtartistoo.com\/shop\/tattoo-supplies\/tattoo-power-accessories\/aurora-wireless-tattoo-battery\/"]}]},{"@type":"ImageObject","inLanguage":"es","@id":"https:\/\/gtartistoo.com\/shop\/tattoo-supplies\/tattoo-power-accessories\/aurora-wireless-tattoo-battery\/#primaryimage","url":"https:\/\/gtartistoo.com\/wp-content\/uploads\/2026\/01\/aurora-wireless-tattoo-battery-black.webp","contentUrl":"https:\/\/gtartistoo.com\/wp-content\/uploads\/2026\/01\/aurora-wireless-tattoo-battery-black.webp","width":1600,"height":1600,"caption":"gtartistoo Aurora wireless tattoo battery RCA power supply"},{"@type":"BreadcrumbList","@id":"https:\/\/gtartistoo.com\/shop\/tattoo-supplies\/tattoo-power-accessories\/aurora-wireless-tattoo-battery\/#breadcrumb","itemListElement":[{"@type":"ListItem","position":1,"name":"Home","item":"https:\/\/gtartistoo.com\/"},{"@type":"ListItem","position":2,"name":"Shop","item":"https:\/\/gtartistoo.com\/shop\/"},{"@type":"ListItem","position":3,"name":"Gtartistoo Aurora Wireless Tattoo Battery"}]},{"@type":"WebSite","@id":"https:\/\/gtartistoo.com\/#website","url":"https:\/\/gtartistoo.com\/","name":"gtartistoo.com","description":"","publisher":{"@id":"https:\/\/gtartistoo.com\/#organization"},"potentialAction":[{"@type":"SearchAction","target":{"@type":"EntryPoint","urlTemplate":"https:\/\/gtartistoo.com\/?s={search_term_string}"},"query-input":{"@type":"PropertyValueSpecification","valueRequired":true,"valueName":"search_term_string"}}],"inLanguage":"es"},{"@type":"Organization","@id":"https:\/\/gtartistoo.com\/#organization","name":"gtartistoo.com","url":"https:\/\/gtartistoo.com\/","logo":{"@type":"ImageObject","inLanguage":"es","@id":"https:\/\/gtartistoo.com\/#\/schema\/logo\/image\/","url":"https:\/\/gtartistoo.com\/wp-content\/uploads\/2025\/10\/logo.svg","contentUrl":"https:\/\/gtartistoo.com\/wp-content\/uploads\/2025\/10\/logo.svg","width":369,"height":124,"caption":"gtartistoo.com"},"image":{"@id":"https:\/\/gtartistoo.com\/#\/schema\/logo\/image\/"}}]},"og_availability":"instock","product_availability":"instock","product_retailer_item_id":"31578","product_condition":"new"},"_links":{"self":[{"href":"https:\/\/gtartistoo.com\/es\/wp-json\/wp\/v2\/product\/31578","targetHints":{"allow":["GET"]}}],"collection":[{"href":"https:\/\/gtartistoo.com\/es\/wp-json\/wp\/v2\/product"}],"about":[{"href":"https:\/\/gtartistoo.com\/es\/wp-json\/wp\/v2\/types\/product"}],"replies":[{"embeddable":true,"href":"https:\/\/gtartistoo.com\/es\/wp-json\/wp\/v2\/comments?post=31578"}],"version-history":[{"count":1,"href":"https:\/\/gtartistoo.com\/es\/wp-json\/wp\/v2\/product\/31578\/revisions"}],"predecessor-version":[{"id":31590,"href":"https:\/\/gtartistoo.com\/es\/wp-json\/wp\/v2\/product\/31578\/revisions\/31590"}],"wp:featuredmedia":[{"embeddable":true,"href":"https:\/\/gtartistoo.com\/es\/wp-json\/wp\/v2\/media\/31584"}],"wp:attachment":[{"href":"https:\/\/gtartistoo.com\/es\/wp-json\/wp\/v2\/media?parent=31578"}],"wp:term":[{"taxonomy":"product_brand","embeddable":true,"href":"https:\/\/gtartistoo.com\/es\/wp-json\/wp\/v2\/product_brand?post=31578"},{"taxonomy":"product_cat","embeddable":true,"href":"https:\/\/gtartistoo.com\/es\/wp-json\/wp\/v2\/product_cat?post=31578"},{"taxonomy":"product_tag","embeddable":true,"href":"https:\/\/gtartistoo.com\/es\/wp-json\/wp\/v2\/product_tag?post=31578"}],"curies":[{"name":"wp","href":"https:\/\/api.w.org\/{rel}","templated":true}]}}