{"id":31671,"date":"2026-01-28T05:57:27","date_gmt":"2026-01-28T05:57:27","guid":{"rendered":"https:\/\/gtartistoo.com\/?post_type=product&#038;p=31671"},"modified":"2026-03-04T05:51:43","modified_gmt":"2026-03-04T05:51:43","slug":"gtartistoo-tinta-para-tatuajes-verde-claro-1oz","status":"publish","type":"product","link":"https:\/\/gtartistoo.com\/es\/tienda\/tintas-para-tatuajes\/gtartistoo-tinta-para-tatuajes-verde-claro-1oz\/","title":{"rendered":"Gtartistoo Tinta de Tatuaje Verde Claro - Botella de 1 oz"},"content":{"rendered":"<p data-start=\"1439\" data-end=\"1669\">La Tinta de Tatuaje Verde Claro Gtartistoo est\u00e1 desarrollada para trabajos de tatuaje profesionales que requieren una salida de color verde estable. Cada botella contiene 1 oz de tinta de tatuaje. El envase permite una dosificaci\u00f3n controlada y precisa durante el uso.<\/p>\n<h3 data-start=\"1671\" data-end=\"1700\">Caracter\u00edsticas principales\uff08Lista de balas\uff09<\/h3>\n<ul data-start=\"1701\" data-end=\"1871\">\n<li data-start=\"1701\" data-end=\"1733\">\n<p data-start=\"1703\" data-end=\"1733\">Tinta de tatuaje de color verde claro<\/p>\n<\/li>\n<li data-start=\"1734\" data-end=\"1766\">\n<p data-start=\"1736\" data-end=\"1766\">Formulaci\u00f3n de tinta monocolor<\/p>\n<\/li>\n<li data-start=\"1767\" data-end=\"1795\">\n<p data-start=\"1769\" data-end=\"1795\">Frasco de 30 ml<\/p>\n<\/li>\n<li data-start=\"1796\" data-end=\"1824\">\n<p data-start=\"1798\" data-end=\"1824\">Punta dosificadora de precisi\u00f3n<\/p>\n<\/li>\n<li data-start=\"1825\" data-end=\"1871\">\n<p data-start=\"1827\" data-end=\"1871\">Adecuado para equipos de tatuaje profesionales<\/p>\n<\/li>\n<\/ul>\n<h3 data-start=\"1873\" data-end=\"1910\">Especificaciones t\u00e9cnicas<\/h3>\n<ul data-start=\"1911\" data-end=\"2009\">\n<li data-start=\"1911\" data-end=\"1932\">\n<p data-start=\"1913\" data-end=\"1932\">Marca: Gtartistoo<\/p>\n<\/li>\n<li data-start=\"1933\" data-end=\"1961\">\n<p data-start=\"1935\" data-end=\"1961\">Tipo de producto: Tinta para tatuajes<\/p>\n<\/li>\n<li data-start=\"1962\" data-end=\"1984\">\n<p data-start=\"1964\" data-end=\"1984\">Color: Verde claro<\/p>\n<\/li>\n<li data-start=\"1985\" data-end=\"2009\">\n<p data-start=\"1987\" data-end=\"2009\">Volumen: 30 ml<\/p>\n<\/li>\n<\/ul>\n<h3 data-start=\"2011\" data-end=\"2054\">Compatibilidad \/ apartado de uso<\/h3>\n<p data-start=\"2055\" data-end=\"2310\">Tinta de tatuaje verde claro de calidad profesional. Frasco de 30 ml con punta de precisi\u00f3n para una aplicaci\u00f3n uniforme. F\u00f3rmula de alta pigmentaci\u00f3n para artistas del tatuaje.<\/p>","protected":false},"excerpt":{"rendered":"<p data-start=\"943\" data-end=\"1237\">La Tinta de Tatuaje Verde Claro Gtartistoo se suministra en una botella de 1 oz para aplicaciones de tatuaje profesional. Esta tinta monocolor est\u00e1 dise\u00f1ada para uso controlado en estudio donde se requiere un manejo consistente del color. El dise\u00f1o de la botella permite una dispensaci\u00f3n precisa durante el trabajo de tatuaje y la configuraci\u00f3n de rutina.<\/p>\n<p data-start=\"1239\" data-end=\"1262\"><strong data-start=\"1239\" data-end=\"1262\">Caracter\u00edsticas del producto:<\/strong><\/p>\n<ul data-start=\"1263\" data-end=\"1365\">\n<li data-start=\"1263\" data-end=\"1287\">\n<p data-start=\"1265\" data-end=\"1287\">Tinta de tatuaje verde claro<\/p>\n<\/li>\n<li data-start=\"1288\" data-end=\"1306\">\n<p data-start=\"1290\" data-end=\"1306\">Frasco de 1 oz<\/p>\n<\/li>\n<li data-start=\"1307\" data-end=\"1333\">\n<p data-start=\"1309\" data-end=\"1333\">Formulaci\u00f3n monocolor<\/p>\n<\/li>\n<li data-start=\"1334\" data-end=\"1365\">\n<p data-start=\"1336\" data-end=\"1365\">Dise\u00f1ado para uso profesional<\/p>\n<\/li>\n<\/ul>","protected":false},"featured_media":31730,"comment_status":"open","ping_status":"closed","template":"","meta":[],"product_brand":[71],"product_cat":[352,72],"product_tag":[],"class_list":{"0":"post-31671","1":"product","2":"type-product","3":"status-publish","4":"has-post-thumbnail","6":"product_brand-gtartistoo","7":"product_cat-single-bottle-tattoo-ink","8":"product_cat-tattoo-inks","10":"first","11":"instock","12":"taxable","13":"shipping-taxable","14":"purchasable","15":"product-type-simple"},"yoast_head":"<!-- This site is optimized with the Yoast SEO Premium plugin v26.2 (Yoast SEO v26.2) - https:\/\/yoast.com\/wordpress\/plugins\/seo\/ -->\n<title>Gtartistoo Light Green Tattoo Ink \u2013 1 oz Bottle<\/title>\n<meta name=\"description\" content=\"Gtartistoo Light Green tattoo ink in a 1 oz bottle, designed for professional tattoo applications requiring controlled ink flow and consistent color handling.\" \/>\n<meta name=\"robots\" content=\"index, follow, max-snippet:-1, max-image-preview:large, max-video-preview:-1\" \/>\n<link rel=\"canonical\" href=\"https:\/\/gtartistoo.com\/es\/tienda\/tintas-para-tatuajes\/gtartistoo-tinta-para-tatuajes-verde-claro-1oz\/\" \/>\n<meta property=\"og:locale\" content=\"es_ES\" \/>\n<meta property=\"og:type\" content=\"article\" \/>\n<meta property=\"og:title\" content=\"Gtartistoo Light Green Tattoo Ink \u2013 1 oz Bottle\" \/>\n<meta property=\"og:description\" content=\"Gtartistoo Light Green tattoo ink in a 1 oz bottle, designed for professional tattoo applications requiring controlled ink flow and consistent color handling.\" \/>\n<meta property=\"og:url\" content=\"https:\/\/gtartistoo.com\/es\/tienda\/tintas-para-tatuajes\/gtartistoo-tinta-para-tatuajes-verde-claro-1oz\/\" \/>\n<meta property=\"og:site_name\" content=\"gtartistoo.com\" \/>\n<meta property=\"article:modified_time\" content=\"2026-03-04T05:51:43+00:00\" \/>\n<meta property=\"og:image\" content=\"https:\/\/gtartistoo.com\/wp-content\/uploads\/2026\/01\/Gtartistoo-light-green-tattoo-ink.jpg\" \/>\n\t<meta property=\"og:image:width\" content=\"800\" \/>\n\t<meta property=\"og:image:height\" content=\"800\" \/>\n\t<meta property=\"og:image:type\" content=\"image\/jpeg\" \/>\n<meta name=\"twitter:card\" content=\"summary_large_image\" \/>\n<meta name=\"twitter:label1\" content=\"Precio\" \/>\n\t<meta name=\"twitter:data1\" content=\"6.99&#036;\" \/>\n\t<meta name=\"twitter:label2\" content=\"Disponibilidad\" \/>\n\t<meta name=\"twitter:data2\" content=\"Disponible\" \/>\n<script type=\"application\/ld+json\" class=\"yoast-schema-graph\">{\"@context\":\"https:\/\/schema.org\",\"@graph\":[{\"@type\":\"WebPage\",\"@id\":\"https:\/\/gtartistoo.com\/shop\/tattoo-inks\/gtartistoo-light-green-tattoo-ink-1oz\/\",\"url\":\"https:\/\/gtartistoo.com\/shop\/tattoo-inks\/gtartistoo-light-green-tattoo-ink-1oz\/\",\"name\":\"Gtartistoo Light Green Tattoo Ink \u2013 1 oz Bottle\",\"isPartOf\":{\"@id\":\"https:\/\/gtartistoo.com\/#website\"},\"primaryImageOfPage\":{\"@id\":\"https:\/\/gtartistoo.com\/shop\/tattoo-inks\/gtartistoo-light-green-tattoo-ink-1oz\/#primaryimage\"},\"image\":{\"@id\":\"https:\/\/gtartistoo.com\/shop\/tattoo-inks\/gtartistoo-light-green-tattoo-ink-1oz\/#primaryimage\"},\"thumbnailUrl\":\"https:\/\/gtartistoo.com\/wp-content\/uploads\/2026\/01\/Gtartistoo-light-green-tattoo-ink.jpg\",\"datePublished\":\"2026-01-28T05:57:27+00:00\",\"dateModified\":\"2026-03-04T05:51:43+00:00\",\"description\":\"Gtartistoo Light Green tattoo ink in a 1 oz bottle, designed for professional tattoo applications requiring controlled ink flow and consistent color handling.\",\"breadcrumb\":{\"@id\":\"https:\/\/gtartistoo.com\/shop\/tattoo-inks\/gtartistoo-light-green-tattoo-ink-1oz\/#breadcrumb\"},\"inLanguage\":\"es\",\"potentialAction\":[{\"@type\":\"ReadAction\",\"target\":[\"https:\/\/gtartistoo.com\/shop\/tattoo-inks\/gtartistoo-light-green-tattoo-ink-1oz\/\"]}]},{\"@type\":\"ImageObject\",\"inLanguage\":\"es\",\"@id\":\"https:\/\/gtartistoo.com\/shop\/tattoo-inks\/gtartistoo-light-green-tattoo-ink-1oz\/#primaryimage\",\"url\":\"https:\/\/gtartistoo.com\/wp-content\/uploads\/2026\/01\/Gtartistoo-light-green-tattoo-ink.jpg\",\"contentUrl\":\"https:\/\/gtartistoo.com\/wp-content\/uploads\/2026\/01\/Gtartistoo-light-green-tattoo-ink.jpg\",\"width\":800,\"height\":800,\"caption\":\"Gtartistoo Light Green tattoo ink bottle\"},{\"@type\":\"BreadcrumbList\",\"@id\":\"https:\/\/gtartistoo.com\/shop\/tattoo-inks\/gtartistoo-light-green-tattoo-ink-1oz\/#breadcrumb\",\"itemListElement\":[{\"@type\":\"ListItem\",\"position\":1,\"name\":\"Home\",\"item\":\"https:\/\/gtartistoo.com\/\"},{\"@type\":\"ListItem\",\"position\":2,\"name\":\"Shop\",\"item\":\"https:\/\/gtartistoo.com\/shop\/\"},{\"@type\":\"ListItem\",\"position\":3,\"name\":\"Gtartistoo Light Green Tattoo Ink \u2013 1 oz Bottle\"}]},{\"@type\":\"WebSite\",\"@id\":\"https:\/\/gtartistoo.com\/#website\",\"url\":\"https:\/\/gtartistoo.com\/\",\"name\":\"gtartistoo.com\",\"description\":\"\",\"publisher\":{\"@id\":\"https:\/\/gtartistoo.com\/#organization\"},\"potentialAction\":[{\"@type\":\"SearchAction\",\"target\":{\"@type\":\"EntryPoint\",\"urlTemplate\":\"https:\/\/gtartistoo.com\/?s={search_term_string}\"},\"query-input\":{\"@type\":\"PropertyValueSpecification\",\"valueRequired\":true,\"valueName\":\"search_term_string\"}}],\"inLanguage\":\"es\"},{\"@type\":\"Organization\",\"@id\":\"https:\/\/gtartistoo.com\/#organization\",\"name\":\"gtartistoo.com\",\"url\":\"https:\/\/gtartistoo.com\/\",\"logo\":{\"@type\":\"ImageObject\",\"inLanguage\":\"es\",\"@id\":\"https:\/\/gtartistoo.com\/#\/schema\/logo\/image\/\",\"url\":\"https:\/\/gtartistoo.com\/wp-content\/uploads\/2025\/10\/logo.svg\",\"contentUrl\":\"https:\/\/gtartistoo.com\/wp-content\/uploads\/2025\/10\/logo.svg\",\"width\":369,\"height\":124,\"caption\":\"gtartistoo.com\"},\"image\":{\"@id\":\"https:\/\/gtartistoo.com\/#\/schema\/logo\/image\/\"}}]}<\/script>\n<meta property=\"product:price:amount\" content=\"6.99\" \/>\n<meta property=\"product:price:currency\" content=\"USD\" \/>\n<meta property=\"og:availability\" content=\"instock\" \/>\n<meta property=\"product:availability\" content=\"instock\" \/>\n<meta property=\"product:retailer_item_id\" content=\"31671\" \/>\n<meta property=\"product:condition\" content=\"new\" \/>\n<!-- \/ Yoast SEO Premium plugin. -->","yoast_head_json":{"title":"Gtartistoo Tinta de Tatuaje Verde Claro - Botella de 1 oz","description":"Tinta de tatuaje Verde Claro Gtartistoo en una botella de 1 oz, dise\u00f1ada para aplicaciones de tatuaje profesional que requieren un flujo de tinta controlado y un manejo consistente del color.","robots":{"index":"index","follow":"follow","max-snippet":"max-snippet:-1","max-image-preview":"max-image-preview:large","max-video-preview":"max-video-preview:-1"},"canonical":"https:\/\/gtartistoo.com\/es\/tienda\/tintas-para-tatuajes\/gtartistoo-tinta-para-tatuajes-verde-claro-1oz\/","og_locale":"es_ES","og_type":"article","og_title":"Gtartistoo Light Green Tattoo Ink \u2013 1 oz Bottle","og_description":"Gtartistoo Light Green tattoo ink in a 1 oz bottle, designed for professional tattoo applications requiring controlled ink flow and consistent color handling.","og_url":"https:\/\/gtartistoo.com\/es\/tienda\/tintas-para-tatuajes\/gtartistoo-tinta-para-tatuajes-verde-claro-1oz\/","og_site_name":"gtartistoo.com","article_modified_time":"2026-03-04T05:51:43+00:00","og_image":[{"width":800,"height":800,"url":"https:\/\/gtartistoo.com\/wp-content\/uploads\/2026\/01\/Gtartistoo-light-green-tattoo-ink.jpg","type":"image\/jpeg"}],"twitter_card":"summary_large_image","twitter_misc":{"Precio":"6.99&#36;","Disponibilidad":"Disponible"},"schema":{"@context":"https:\/\/schema.org","@graph":[{"@type":"WebPage","@id":"https:\/\/gtartistoo.com\/shop\/tattoo-inks\/gtartistoo-light-green-tattoo-ink-1oz\/","url":"https:\/\/gtartistoo.com\/shop\/tattoo-inks\/gtartistoo-light-green-tattoo-ink-1oz\/","name":"Gtartistoo Tinta de Tatuaje Verde Claro - Botella de 1 oz","isPartOf":{"@id":"https:\/\/gtartistoo.com\/#website"},"primaryImageOfPage":{"@id":"https:\/\/gtartistoo.com\/shop\/tattoo-inks\/gtartistoo-light-green-tattoo-ink-1oz\/#primaryimage"},"image":{"@id":"https:\/\/gtartistoo.com\/shop\/tattoo-inks\/gtartistoo-light-green-tattoo-ink-1oz\/#primaryimage"},"thumbnailUrl":"https:\/\/gtartistoo.com\/wp-content\/uploads\/2026\/01\/Gtartistoo-light-green-tattoo-ink.jpg","datePublished":"2026-01-28T05:57:27+00:00","dateModified":"2026-03-04T05:51:43+00:00","description":"Tinta de tatuaje Verde Claro Gtartistoo en una botella de 1 oz, dise\u00f1ada para aplicaciones de tatuaje profesional que requieren un flujo de tinta controlado y un manejo consistente del color.","breadcrumb":{"@id":"https:\/\/gtartistoo.com\/shop\/tattoo-inks\/gtartistoo-light-green-tattoo-ink-1oz\/#breadcrumb"},"inLanguage":"es","potentialAction":[{"@type":"ReadAction","target":["https:\/\/gtartistoo.com\/shop\/tattoo-inks\/gtartistoo-light-green-tattoo-ink-1oz\/"]}]},{"@type":"ImageObject","inLanguage":"es","@id":"https:\/\/gtartistoo.com\/shop\/tattoo-inks\/gtartistoo-light-green-tattoo-ink-1oz\/#primaryimage","url":"https:\/\/gtartistoo.com\/wp-content\/uploads\/2026\/01\/Gtartistoo-light-green-tattoo-ink.jpg","contentUrl":"https:\/\/gtartistoo.com\/wp-content\/uploads\/2026\/01\/Gtartistoo-light-green-tattoo-ink.jpg","width":800,"height":800,"caption":"Gtartistoo Light Green tattoo ink bottle"},{"@type":"BreadcrumbList","@id":"https:\/\/gtartistoo.com\/shop\/tattoo-inks\/gtartistoo-light-green-tattoo-ink-1oz\/#breadcrumb","itemListElement":[{"@type":"ListItem","position":1,"name":"Home","item":"https:\/\/gtartistoo.com\/"},{"@type":"ListItem","position":2,"name":"Shop","item":"https:\/\/gtartistoo.com\/shop\/"},{"@type":"ListItem","position":3,"name":"Gtartistoo Light Green Tattoo Ink \u2013 1 oz Bottle"}]},{"@type":"WebSite","@id":"https:\/\/gtartistoo.com\/#website","url":"https:\/\/gtartistoo.com\/","name":"gtartistoo.com","description":"","publisher":{"@id":"https:\/\/gtartistoo.com\/#organization"},"potentialAction":[{"@type":"SearchAction","target":{"@type":"EntryPoint","urlTemplate":"https:\/\/gtartistoo.com\/?s={search_term_string}"},"query-input":{"@type":"PropertyValueSpecification","valueRequired":true,"valueName":"search_term_string"}}],"inLanguage":"es"},{"@type":"Organization","@id":"https:\/\/gtartistoo.com\/#organization","name":"gtartistoo.com","url":"https:\/\/gtartistoo.com\/","logo":{"@type":"ImageObject","inLanguage":"es","@id":"https:\/\/gtartistoo.com\/#\/schema\/logo\/image\/","url":"https:\/\/gtartistoo.com\/wp-content\/uploads\/2025\/10\/logo.svg","contentUrl":"https:\/\/gtartistoo.com\/wp-content\/uploads\/2025\/10\/logo.svg","width":369,"height":124,"caption":"gtartistoo.com"},"image":{"@id":"https:\/\/gtartistoo.com\/#\/schema\/logo\/image\/"}}]},"product_price_amount":"6.99","product_price_currency":"USD","og_availability":"instock","product_availability":"instock","product_retailer_item_id":"31671","product_condition":"new"},"_links":{"self":[{"href":"https:\/\/gtartistoo.com\/es\/wp-json\/wp\/v2\/product\/31671","targetHints":{"allow":["GET"]}}],"collection":[{"href":"https:\/\/gtartistoo.com\/es\/wp-json\/wp\/v2\/product"}],"about":[{"href":"https:\/\/gtartistoo.com\/es\/wp-json\/wp\/v2\/types\/product"}],"replies":[{"embeddable":true,"href":"https:\/\/gtartistoo.com\/es\/wp-json\/wp\/v2\/comments?post=31671"}],"version-history":[{"count":2,"href":"https:\/\/gtartistoo.com\/es\/wp-json\/wp\/v2\/product\/31671\/revisions"}],"predecessor-version":[{"id":31731,"href":"https:\/\/gtartistoo.com\/es\/wp-json\/wp\/v2\/product\/31671\/revisions\/31731"}],"wp:featuredmedia":[{"embeddable":true,"href":"https:\/\/gtartistoo.com\/es\/wp-json\/wp\/v2\/media\/31730"}],"wp:attachment":[{"href":"https:\/\/gtartistoo.com\/es\/wp-json\/wp\/v2\/media?parent=31671"}],"wp:term":[{"taxonomy":"product_brand","embeddable":true,"href":"https:\/\/gtartistoo.com\/es\/wp-json\/wp\/v2\/product_brand?post=31671"},{"taxonomy":"product_cat","embeddable":true,"href":"https:\/\/gtartistoo.com\/es\/wp-json\/wp\/v2\/product_cat?post=31671"},{"taxonomy":"product_tag","embeddable":true,"href":"https:\/\/gtartistoo.com\/es\/wp-json\/wp\/v2\/product_tag?post=31671"}],"curies":[{"name":"wp","href":"https:\/\/api.w.org\/{rel}","templated":true}]}}