{"id":31676,"date":"2026-01-28T06:19:33","date_gmt":"2026-01-28T06:19:33","guid":{"rendered":"https:\/\/gtartistoo.com\/?post_type=product&#038;p=31676"},"modified":"2026-03-04T05:51:42","modified_gmt":"2026-03-04T05:51:42","slug":"gtartistoo-light-purple-tattoo-ink-1oz","status":"publish","type":"product","link":"https:\/\/gtartistoo.com\/es\/tienda\/tintas-para-tatuajes\/gtartistoo-light-purple-tattoo-ink-1oz\/","title":{"rendered":"Gtartistoo Tinta para Tatuajes Morado Claro - Botella de 1 oz"},"content":{"rendered":"<p data-start=\"1421\" data-end=\"1653\">La Tinta de Tatuaje P\u00farpura Claro Gtartistoo est\u00e1 desarrollada para trabajos de tatuaje profesionales que requieren una salida de color p\u00farpura estable. Cada botella contiene 1 oz de tinta de tatuaje. El envase permite una dosificaci\u00f3n controlada y precisa durante el uso.<\/p>\n<h3 data-start=\"1655\" data-end=\"1671\">Caracter\u00edsticas principales<\/h3>\n<ul data-start=\"1672\" data-end=\"1838\">\n<li data-start=\"1672\" data-end=\"1705\">\n<p data-start=\"1674\" data-end=\"1705\">Tatuaje de color p\u00farpura claro<\/p>\n<\/li>\n<li data-start=\"1706\" data-end=\"1738\">\n<p data-start=\"1708\" data-end=\"1738\">Formulaci\u00f3n de tinta monocolor<\/p>\n<\/li>\n<li data-start=\"1739\" data-end=\"1762\">\n<p data-start=\"1741\" data-end=\"1762\">Frasco de 30 ml<\/p>\n<\/li>\n<li data-start=\"1763\" data-end=\"1791\">\n<p data-start=\"1765\" data-end=\"1791\">Punta dosificadora de precisi\u00f3n<\/p>\n<\/li>\n<li data-start=\"1792\" data-end=\"1838\">\n<p data-start=\"1794\" data-end=\"1838\">Adecuado para equipos de tatuaje profesionales<\/p>\n<\/li>\n<\/ul>\n<h3 data-start=\"1840\" data-end=\"1868\">Especificaciones t\u00e9cnicas<\/h3>\n<ul data-start=\"1869\" data-end=\"1968\">\n<li data-start=\"1869\" data-end=\"1890\">\n<p data-start=\"1871\" data-end=\"1890\">Marca: Gtartistoo<\/p>\n<\/li>\n<li data-start=\"1891\" data-end=\"1919\">\n<p data-start=\"1893\" data-end=\"1919\">Tipo de producto: Tinta para tatuajes<\/p>\n<\/li>\n<li data-start=\"1920\" data-end=\"1943\">\n<p data-start=\"1922\" data-end=\"1943\">Color: morado claro<\/p>\n<\/li>\n<li data-start=\"1944\" data-end=\"1968\">\n<p data-start=\"1946\" data-end=\"1968\">Volumen: 30 ml<\/p>\n<\/li>\n<\/ul>\n<h3 data-start=\"1970\" data-end=\"1985\">Notas de uso<\/h3>\n<p data-start=\"1986\" data-end=\"2228\">Tinta de tatuaje p\u00farpura claro de calidad profesional. Frasco de 30 ml con punta de precisi\u00f3n para una aplicaci\u00f3n uniforme. F\u00f3rmula de alta pigmentaci\u00f3n para artistas del tatuaje.<\/p>","protected":false},"excerpt":{"rendered":"<p data-start=\"922\" data-end=\"1224\">La Tinta de Tatuaje Gtartistoo Light Purple se suministra en una botella de 1 oz para aplicaciones de tatuaje profesional. Esta tinta de tatuaje de un solo color est\u00e1 pensada para uso controlado en estudio donde se requiere un manejo consistente del color. El dise\u00f1o de la botella permite una dispensaci\u00f3n precisa durante el trabajo de tatuaje y la configuraci\u00f3n de rutina.<\/p>\n<p data-start=\"1226\" data-end=\"1249\"><strong data-start=\"1226\" data-end=\"1249\">Caracter\u00edsticas del producto:<\/strong><\/p>\n<ul data-start=\"1250\" data-end=\"1361\">\n<li data-start=\"1250\" data-end=\"1277\">\n<p data-start=\"1252\" data-end=\"1277\">Tinta morada clara para tatuajes<\/p>\n<\/li>\n<li data-start=\"1278\" data-end=\"1298\">\n<p data-start=\"1280\" data-end=\"1298\">Frasco de 1 oz<\/p>\n<\/li>\n<li data-start=\"1299\" data-end=\"1327\">\n<p data-start=\"1301\" data-end=\"1327\">Formulaci\u00f3n monocolor<\/p>\n<\/li>\n<li data-start=\"1328\" data-end=\"1361\">\n<p data-start=\"1330\" data-end=\"1361\">Dise\u00f1ado para uso profesional<\/p>\n<\/li>\n<\/ul>","protected":false},"featured_media":31728,"comment_status":"open","ping_status":"closed","template":"","meta":[],"product_brand":[71],"product_cat":[352,72],"product_tag":[],"class_list":{"0":"post-31676","1":"product","2":"type-product","3":"status-publish","4":"has-post-thumbnail","6":"product_brand-gtartistoo","7":"product_cat-single-bottle-tattoo-ink","8":"product_cat-tattoo-inks","10":"first","11":"instock","12":"taxable","13":"shipping-taxable","14":"purchasable","15":"product-type-simple"},"yoast_head":"<!-- This site is optimized with the Yoast SEO Premium plugin v26.2 (Yoast SEO v26.2) - https:\/\/yoast.com\/wordpress\/plugins\/seo\/ -->\n<title>Gtartistoo Light Purple Tattoo Ink \u2013 1 oz Bottle<\/title>\n<meta name=\"description\" content=\"Gtartistoo Light Purple tattoo ink in a 1 oz bottle, designed for professional tattoo applications requiring controlled ink flow and consistent color handling.\" \/>\n<meta name=\"robots\" content=\"index, follow, max-snippet:-1, max-image-preview:large, max-video-preview:-1\" \/>\n<link rel=\"canonical\" href=\"https:\/\/gtartistoo.com\/es\/tienda\/tintas-para-tatuajes\/gtartistoo-light-purple-tattoo-ink-1oz\/\" \/>\n<meta property=\"og:locale\" content=\"es_ES\" \/>\n<meta property=\"og:type\" content=\"article\" \/>\n<meta property=\"og:title\" content=\"Gtartistoo Light Purple Tattoo Ink \u2013 1 oz Bottle\" \/>\n<meta property=\"og:description\" content=\"Gtartistoo Light Purple tattoo ink in a 1 oz bottle, designed for professional tattoo applications requiring controlled ink flow and consistent color handling.\" \/>\n<meta property=\"og:url\" content=\"https:\/\/gtartistoo.com\/es\/tienda\/tintas-para-tatuajes\/gtartistoo-light-purple-tattoo-ink-1oz\/\" \/>\n<meta property=\"og:site_name\" content=\"gtartistoo.com\" \/>\n<meta property=\"article:modified_time\" content=\"2026-03-04T05:51:42+00:00\" \/>\n<meta property=\"og:image\" content=\"https:\/\/gtartistoo.com\/wp-content\/uploads\/2026\/01\/Gtartistoo-light-purple-tattoo-ink.jpg\" \/>\n\t<meta property=\"og:image:width\" content=\"800\" \/>\n\t<meta property=\"og:image:height\" content=\"800\" \/>\n\t<meta property=\"og:image:type\" content=\"image\/jpeg\" \/>\n<meta name=\"twitter:card\" content=\"summary_large_image\" \/>\n<meta name=\"twitter:label1\" content=\"Precio\" \/>\n\t<meta name=\"twitter:data1\" content=\"6.99&#036;\" \/>\n\t<meta name=\"twitter:label2\" content=\"Disponibilidad\" \/>\n\t<meta name=\"twitter:data2\" content=\"Disponible\" \/>\n<script type=\"application\/ld+json\" class=\"yoast-schema-graph\">{\"@context\":\"https:\/\/schema.org\",\"@graph\":[{\"@type\":\"WebPage\",\"@id\":\"https:\/\/gtartistoo.com\/shop\/tattoo-inks\/gtartistoo-light-purple-tattoo-ink-1oz\/\",\"url\":\"https:\/\/gtartistoo.com\/shop\/tattoo-inks\/gtartistoo-light-purple-tattoo-ink-1oz\/\",\"name\":\"Gtartistoo Light Purple Tattoo Ink \u2013 1 oz Bottle\",\"isPartOf\":{\"@id\":\"https:\/\/gtartistoo.com\/#website\"},\"primaryImageOfPage\":{\"@id\":\"https:\/\/gtartistoo.com\/shop\/tattoo-inks\/gtartistoo-light-purple-tattoo-ink-1oz\/#primaryimage\"},\"image\":{\"@id\":\"https:\/\/gtartistoo.com\/shop\/tattoo-inks\/gtartistoo-light-purple-tattoo-ink-1oz\/#primaryimage\"},\"thumbnailUrl\":\"https:\/\/gtartistoo.com\/wp-content\/uploads\/2026\/01\/Gtartistoo-light-purple-tattoo-ink.jpg\",\"datePublished\":\"2026-01-28T06:19:33+00:00\",\"dateModified\":\"2026-03-04T05:51:42+00:00\",\"description\":\"Gtartistoo Light Purple tattoo ink in a 1 oz bottle, designed for professional tattoo applications requiring controlled ink flow and consistent color handling.\",\"breadcrumb\":{\"@id\":\"https:\/\/gtartistoo.com\/shop\/tattoo-inks\/gtartistoo-light-purple-tattoo-ink-1oz\/#breadcrumb\"},\"inLanguage\":\"es\",\"potentialAction\":[{\"@type\":\"ReadAction\",\"target\":[\"https:\/\/gtartistoo.com\/shop\/tattoo-inks\/gtartistoo-light-purple-tattoo-ink-1oz\/\"]}]},{\"@type\":\"ImageObject\",\"inLanguage\":\"es\",\"@id\":\"https:\/\/gtartistoo.com\/shop\/tattoo-inks\/gtartistoo-light-purple-tattoo-ink-1oz\/#primaryimage\",\"url\":\"https:\/\/gtartistoo.com\/wp-content\/uploads\/2026\/01\/Gtartistoo-light-purple-tattoo-ink.jpg\",\"contentUrl\":\"https:\/\/gtartistoo.com\/wp-content\/uploads\/2026\/01\/Gtartistoo-light-purple-tattoo-ink.jpg\",\"width\":800,\"height\":800,\"caption\":\"Gtartistoo Light Purple tattoo ink bottle\"},{\"@type\":\"BreadcrumbList\",\"@id\":\"https:\/\/gtartistoo.com\/shop\/tattoo-inks\/gtartistoo-light-purple-tattoo-ink-1oz\/#breadcrumb\",\"itemListElement\":[{\"@type\":\"ListItem\",\"position\":1,\"name\":\"Home\",\"item\":\"https:\/\/gtartistoo.com\/\"},{\"@type\":\"ListItem\",\"position\":2,\"name\":\"Shop\",\"item\":\"https:\/\/gtartistoo.com\/shop\/\"},{\"@type\":\"ListItem\",\"position\":3,\"name\":\"Gtartistoo Light Purple Tattoo Ink \u2013 1 oz Bottle\"}]},{\"@type\":\"WebSite\",\"@id\":\"https:\/\/gtartistoo.com\/#website\",\"url\":\"https:\/\/gtartistoo.com\/\",\"name\":\"gtartistoo.com\",\"description\":\"\",\"publisher\":{\"@id\":\"https:\/\/gtartistoo.com\/#organization\"},\"potentialAction\":[{\"@type\":\"SearchAction\",\"target\":{\"@type\":\"EntryPoint\",\"urlTemplate\":\"https:\/\/gtartistoo.com\/?s={search_term_string}\"},\"query-input\":{\"@type\":\"PropertyValueSpecification\",\"valueRequired\":true,\"valueName\":\"search_term_string\"}}],\"inLanguage\":\"es\"},{\"@type\":\"Organization\",\"@id\":\"https:\/\/gtartistoo.com\/#organization\",\"name\":\"gtartistoo.com\",\"url\":\"https:\/\/gtartistoo.com\/\",\"logo\":{\"@type\":\"ImageObject\",\"inLanguage\":\"es\",\"@id\":\"https:\/\/gtartistoo.com\/#\/schema\/logo\/image\/\",\"url\":\"https:\/\/gtartistoo.com\/wp-content\/uploads\/2025\/10\/logo.svg\",\"contentUrl\":\"https:\/\/gtartistoo.com\/wp-content\/uploads\/2025\/10\/logo.svg\",\"width\":369,\"height\":124,\"caption\":\"gtartistoo.com\"},\"image\":{\"@id\":\"https:\/\/gtartistoo.com\/#\/schema\/logo\/image\/\"}}]}<\/script>\n<meta property=\"product:price:amount\" content=\"6.99\" \/>\n<meta property=\"product:price:currency\" content=\"USD\" \/>\n<meta property=\"og:availability\" content=\"instock\" \/>\n<meta property=\"product:availability\" content=\"instock\" \/>\n<meta property=\"product:retailer_item_id\" content=\"31676\" \/>\n<meta property=\"product:condition\" content=\"new\" \/>\n<!-- \/ Yoast SEO Premium plugin. -->","yoast_head_json":{"title":"Gtartistoo Tinta para Tatuajes Morado Claro - Botella de 1 oz","description":"Tinta de tatuaje Gtartistoo Light Purple en una botella de 1 oz, dise\u00f1ada para aplicaciones de tatuaje profesional que requieren un flujo de tinta controlado y un manejo consistente del color.","robots":{"index":"index","follow":"follow","max-snippet":"max-snippet:-1","max-image-preview":"max-image-preview:large","max-video-preview":"max-video-preview:-1"},"canonical":"https:\/\/gtartistoo.com\/es\/tienda\/tintas-para-tatuajes\/gtartistoo-light-purple-tattoo-ink-1oz\/","og_locale":"es_ES","og_type":"article","og_title":"Gtartistoo Light Purple Tattoo Ink \u2013 1 oz Bottle","og_description":"Gtartistoo Light Purple tattoo ink in a 1 oz bottle, designed for professional tattoo applications requiring controlled ink flow and consistent color handling.","og_url":"https:\/\/gtartistoo.com\/es\/tienda\/tintas-para-tatuajes\/gtartistoo-light-purple-tattoo-ink-1oz\/","og_site_name":"gtartistoo.com","article_modified_time":"2026-03-04T05:51:42+00:00","og_image":[{"width":800,"height":800,"url":"https:\/\/gtartistoo.com\/wp-content\/uploads\/2026\/01\/Gtartistoo-light-purple-tattoo-ink.jpg","type":"image\/jpeg"}],"twitter_card":"summary_large_image","twitter_misc":{"Precio":"6.99&#36;","Disponibilidad":"Disponible"},"schema":{"@context":"https:\/\/schema.org","@graph":[{"@type":"WebPage","@id":"https:\/\/gtartistoo.com\/shop\/tattoo-inks\/gtartistoo-light-purple-tattoo-ink-1oz\/","url":"https:\/\/gtartistoo.com\/shop\/tattoo-inks\/gtartistoo-light-purple-tattoo-ink-1oz\/","name":"Gtartistoo Tinta para Tatuajes Morado Claro - Botella de 1 oz","isPartOf":{"@id":"https:\/\/gtartistoo.com\/#website"},"primaryImageOfPage":{"@id":"https:\/\/gtartistoo.com\/shop\/tattoo-inks\/gtartistoo-light-purple-tattoo-ink-1oz\/#primaryimage"},"image":{"@id":"https:\/\/gtartistoo.com\/shop\/tattoo-inks\/gtartistoo-light-purple-tattoo-ink-1oz\/#primaryimage"},"thumbnailUrl":"https:\/\/gtartistoo.com\/wp-content\/uploads\/2026\/01\/Gtartistoo-light-purple-tattoo-ink.jpg","datePublished":"2026-01-28T06:19:33+00:00","dateModified":"2026-03-04T05:51:42+00:00","description":"Tinta de tatuaje Gtartistoo Light Purple en una botella de 1 oz, dise\u00f1ada para aplicaciones de tatuaje profesional que requieren un flujo de tinta controlado y un manejo consistente del color.","breadcrumb":{"@id":"https:\/\/gtartistoo.com\/shop\/tattoo-inks\/gtartistoo-light-purple-tattoo-ink-1oz\/#breadcrumb"},"inLanguage":"es","potentialAction":[{"@type":"ReadAction","target":["https:\/\/gtartistoo.com\/shop\/tattoo-inks\/gtartistoo-light-purple-tattoo-ink-1oz\/"]}]},{"@type":"ImageObject","inLanguage":"es","@id":"https:\/\/gtartistoo.com\/shop\/tattoo-inks\/gtartistoo-light-purple-tattoo-ink-1oz\/#primaryimage","url":"https:\/\/gtartistoo.com\/wp-content\/uploads\/2026\/01\/Gtartistoo-light-purple-tattoo-ink.jpg","contentUrl":"https:\/\/gtartistoo.com\/wp-content\/uploads\/2026\/01\/Gtartistoo-light-purple-tattoo-ink.jpg","width":800,"height":800,"caption":"Gtartistoo Light Purple tattoo ink bottle"},{"@type":"BreadcrumbList","@id":"https:\/\/gtartistoo.com\/shop\/tattoo-inks\/gtartistoo-light-purple-tattoo-ink-1oz\/#breadcrumb","itemListElement":[{"@type":"ListItem","position":1,"name":"Home","item":"https:\/\/gtartistoo.com\/"},{"@type":"ListItem","position":2,"name":"Shop","item":"https:\/\/gtartistoo.com\/shop\/"},{"@type":"ListItem","position":3,"name":"Gtartistoo Light Purple Tattoo Ink \u2013 1 oz Bottle"}]},{"@type":"WebSite","@id":"https:\/\/gtartistoo.com\/#website","url":"https:\/\/gtartistoo.com\/","name":"gtartistoo.com","description":"","publisher":{"@id":"https:\/\/gtartistoo.com\/#organization"},"potentialAction":[{"@type":"SearchAction","target":{"@type":"EntryPoint","urlTemplate":"https:\/\/gtartistoo.com\/?s={search_term_string}"},"query-input":{"@type":"PropertyValueSpecification","valueRequired":true,"valueName":"search_term_string"}}],"inLanguage":"es"},{"@type":"Organization","@id":"https:\/\/gtartistoo.com\/#organization","name":"gtartistoo.com","url":"https:\/\/gtartistoo.com\/","logo":{"@type":"ImageObject","inLanguage":"es","@id":"https:\/\/gtartistoo.com\/#\/schema\/logo\/image\/","url":"https:\/\/gtartistoo.com\/wp-content\/uploads\/2025\/10\/logo.svg","contentUrl":"https:\/\/gtartistoo.com\/wp-content\/uploads\/2025\/10\/logo.svg","width":369,"height":124,"caption":"gtartistoo.com"},"image":{"@id":"https:\/\/gtartistoo.com\/#\/schema\/logo\/image\/"}}]},"product_price_amount":"6.99","product_price_currency":"USD","og_availability":"instock","product_availability":"instock","product_retailer_item_id":"31676","product_condition":"new"},"_links":{"self":[{"href":"https:\/\/gtartistoo.com\/es\/wp-json\/wp\/v2\/product\/31676","targetHints":{"allow":["GET"]}}],"collection":[{"href":"https:\/\/gtartistoo.com\/es\/wp-json\/wp\/v2\/product"}],"about":[{"href":"https:\/\/gtartistoo.com\/es\/wp-json\/wp\/v2\/types\/product"}],"replies":[{"embeddable":true,"href":"https:\/\/gtartistoo.com\/es\/wp-json\/wp\/v2\/comments?post=31676"}],"version-history":[{"count":2,"href":"https:\/\/gtartistoo.com\/es\/wp-json\/wp\/v2\/product\/31676\/revisions"}],"predecessor-version":[{"id":31729,"href":"https:\/\/gtartistoo.com\/es\/wp-json\/wp\/v2\/product\/31676\/revisions\/31729"}],"wp:featuredmedia":[{"embeddable":true,"href":"https:\/\/gtartistoo.com\/es\/wp-json\/wp\/v2\/media\/31728"}],"wp:attachment":[{"href":"https:\/\/gtartistoo.com\/es\/wp-json\/wp\/v2\/media?parent=31676"}],"wp:term":[{"taxonomy":"product_brand","embeddable":true,"href":"https:\/\/gtartistoo.com\/es\/wp-json\/wp\/v2\/product_brand?post=31676"},{"taxonomy":"product_cat","embeddable":true,"href":"https:\/\/gtartistoo.com\/es\/wp-json\/wp\/v2\/product_cat?post=31676"},{"taxonomy":"product_tag","embeddable":true,"href":"https:\/\/gtartistoo.com\/es\/wp-json\/wp\/v2\/product_tag?post=31676"}],"curies":[{"name":"wp","href":"https:\/\/api.w.org\/{rel}","templated":true}]}}