{"id":31682,"date":"2026-01-28T06:23:59","date_gmt":"2026-01-28T06:23:59","guid":{"rendered":"https:\/\/gtartistoo.com\/?post_type=product&#038;p=31682"},"modified":"2026-03-04T05:51:41","modified_gmt":"2026-03-04T05:51:41","slug":"gtartistoo-tinta-blanca-para-tatuajes-1oz","status":"publish","type":"product","link":"https:\/\/gtartistoo.com\/es\/tienda\/tintas-para-tatuajes\/gtartistoo-tinta-blanca-para-tatuajes-1oz\/","title":{"rendered":"Gtartistoo Tinta Blanca para Tatuajes - Botella de 1 oz"},"content":{"rendered":"<p data-start=\"1479\" data-end=\"1703\">La Tinta de Tatuaje Blanca Gtartistoo est\u00e1 desarrollada para trabajos de tatuaje profesionales que requieren una salida de color blanco estable. Cada botella contiene 1 oz de tinta de tatuaje. El envase permite una dosificaci\u00f3n controlada y precisa durante el uso.<\/p>\n<h3 data-start=\"1705\" data-end=\"1734\">Caracter\u00edsticas principales\uff08Lista de balas\uff09<\/h3>\n<ul data-start=\"1735\" data-end=\"1899\">\n<li data-start=\"1735\" data-end=\"1761\">\n<p data-start=\"1737\" data-end=\"1761\">Tinta blanca para tatuajes<\/p>\n<\/li>\n<li data-start=\"1762\" data-end=\"1794\">\n<p data-start=\"1764\" data-end=\"1794\">Formulaci\u00f3n de tinta monocolor<\/p>\n<\/li>\n<li data-start=\"1795\" data-end=\"1823\">\n<p data-start=\"1797\" data-end=\"1823\">Frasco de 30 ml<\/p>\n<\/li>\n<li data-start=\"1824\" data-end=\"1852\">\n<p data-start=\"1826\" data-end=\"1852\">Punta dosificadora de precisi\u00f3n<\/p>\n<\/li>\n<li data-start=\"1853\" data-end=\"1899\">\n<p data-start=\"1855\" data-end=\"1899\">Adecuado para equipos de tatuaje profesionales<\/p>\n<\/li>\n<\/ul>\n<h3 data-start=\"1901\" data-end=\"1939\">Especificaciones t\u00e9cnicas<\/h3>\n<ul data-start=\"1940\" data-end=\"2032\">\n<li data-start=\"1940\" data-end=\"1961\">\n<p data-start=\"1942\" data-end=\"1961\">Marca: Gtartistoo<\/p>\n<\/li>\n<li data-start=\"1962\" data-end=\"1990\">\n<p data-start=\"1964\" data-end=\"1990\">Tipo de producto: Tinta para tatuajes<\/p>\n<\/li>\n<li data-start=\"1991\" data-end=\"2007\">\n<p data-start=\"1993\" data-end=\"2007\">Color: Blanco<\/p>\n<\/li>\n<li data-start=\"2008\" data-end=\"2032\">\n<p data-start=\"2010\" data-end=\"2032\">Volumen: 30 ml<\/p>\n<\/li>\n<\/ul>\n<h3 data-start=\"2034\" data-end=\"2067\">Compatibilidad \/ Uso<\/h3>\n<p data-start=\"2068\" data-end=\"2323\">Tinta blanca de calidad profesional. Frasco de 30 ml con punta de precisi\u00f3n para una aplicaci\u00f3n uniforme. F\u00f3rmula de alta pigmentaci\u00f3n para artistas del tatuaje.<\/p>","protected":false},"excerpt":{"rendered":"<p data-start=\"980\" data-end=\"1275\">La Tinta de Tatuaje Blanca Gtartistoo se suministra en una botella de 1 oz para aplicaciones de tatuaje profesional. Esta tinta de tatuaje de un solo color est\u00e1 pensada para uso controlado en estudio donde se requiere un manejo consistente del color. El dise\u00f1o de la botella permite una dosificaci\u00f3n precisa durante el trabajo de tatuaje y la configuraci\u00f3n de rutina.<\/p>\n<p data-start=\"1277\" data-end=\"1300\"><strong data-start=\"1277\" data-end=\"1300\">Caracter\u00edsticas del producto:<\/strong><\/p>\n<ul data-start=\"1301\" data-end=\"1405\">\n<li data-start=\"1301\" data-end=\"1321\">\n<p data-start=\"1303\" data-end=\"1321\">Tinta blanca para tatuajes<\/p>\n<\/li>\n<li data-start=\"1322\" data-end=\"1342\">\n<p data-start=\"1324\" data-end=\"1342\">Frasco de 1 oz<\/p>\n<\/li>\n<li data-start=\"1343\" data-end=\"1371\">\n<p data-start=\"1345\" data-end=\"1371\">Formulaci\u00f3n monocolor<\/p>\n<\/li>\n<li data-start=\"1372\" data-end=\"1405\">\n<p data-start=\"1374\" data-end=\"1405\">Dise\u00f1ado para uso profesional<\/p>\n<\/li>\n<\/ul>","protected":false},"featured_media":31726,"comment_status":"open","ping_status":"closed","template":"","meta":[],"product_brand":[71],"product_cat":[352,72],"product_tag":[],"class_list":{"0":"post-31682","1":"product","2":"type-product","3":"status-publish","4":"has-post-thumbnail","6":"product_brand-gtartistoo","7":"product_cat-single-bottle-tattoo-ink","8":"product_cat-tattoo-inks","10":"first","11":"instock","12":"taxable","13":"shipping-taxable","14":"purchasable","15":"product-type-simple"},"yoast_head":"<!-- This site is optimized with the Yoast SEO Premium plugin v26.2 (Yoast SEO v26.2) - https:\/\/yoast.com\/wordpress\/plugins\/seo\/ -->\n<title>Gtartistoo White Tattoo Ink \u2013 1 oz Bottle<\/title>\n<meta name=\"description\" content=\"Gtartistoo White tattoo ink in a 1 oz bottle, designed for professional tattoo applications requiring controlled ink flow and consistent color handling.\" \/>\n<meta name=\"robots\" content=\"index, follow, max-snippet:-1, max-image-preview:large, max-video-preview:-1\" \/>\n<link rel=\"canonical\" href=\"https:\/\/gtartistoo.com\/es\/tienda\/tintas-para-tatuajes\/gtartistoo-tinta-blanca-para-tatuajes-1oz\/\" \/>\n<meta property=\"og:locale\" content=\"es_ES\" \/>\n<meta property=\"og:type\" content=\"article\" \/>\n<meta property=\"og:title\" content=\"Gtartistoo White Tattoo Ink \u2013 1 oz Bottle\" \/>\n<meta property=\"og:description\" content=\"Gtartistoo White tattoo ink in a 1 oz bottle, designed for professional tattoo applications requiring controlled ink flow and consistent color handling.\" \/>\n<meta property=\"og:url\" content=\"https:\/\/gtartistoo.com\/es\/tienda\/tintas-para-tatuajes\/gtartistoo-tinta-blanca-para-tatuajes-1oz\/\" \/>\n<meta property=\"og:site_name\" content=\"gtartistoo.com\" \/>\n<meta property=\"article:modified_time\" content=\"2026-03-04T05:51:41+00:00\" \/>\n<meta property=\"og:image\" content=\"https:\/\/gtartistoo.com\/wp-content\/uploads\/2026\/01\/Gtartistoo-white-tattoo-ink.jpg\" \/>\n\t<meta property=\"og:image:width\" content=\"800\" \/>\n\t<meta property=\"og:image:height\" content=\"800\" \/>\n\t<meta property=\"og:image:type\" content=\"image\/jpeg\" \/>\n<meta name=\"twitter:card\" content=\"summary_large_image\" \/>\n<meta name=\"twitter:label1\" content=\"Precio\" \/>\n\t<meta name=\"twitter:data1\" content=\"6.99&#036;\" \/>\n\t<meta name=\"twitter:label2\" content=\"Disponibilidad\" \/>\n\t<meta name=\"twitter:data2\" content=\"Disponible\" \/>\n<script type=\"application\/ld+json\" class=\"yoast-schema-graph\">{\"@context\":\"https:\/\/schema.org\",\"@graph\":[{\"@type\":\"WebPage\",\"@id\":\"https:\/\/gtartistoo.com\/shop\/tattoo-inks\/gtartistoo-white-tattoo-ink-1oz\/\",\"url\":\"https:\/\/gtartistoo.com\/shop\/tattoo-inks\/gtartistoo-white-tattoo-ink-1oz\/\",\"name\":\"Gtartistoo White Tattoo Ink \u2013 1 oz Bottle\",\"isPartOf\":{\"@id\":\"https:\/\/gtartistoo.com\/#website\"},\"primaryImageOfPage\":{\"@id\":\"https:\/\/gtartistoo.com\/shop\/tattoo-inks\/gtartistoo-white-tattoo-ink-1oz\/#primaryimage\"},\"image\":{\"@id\":\"https:\/\/gtartistoo.com\/shop\/tattoo-inks\/gtartistoo-white-tattoo-ink-1oz\/#primaryimage\"},\"thumbnailUrl\":\"https:\/\/gtartistoo.com\/wp-content\/uploads\/2026\/01\/Gtartistoo-white-tattoo-ink.jpg\",\"datePublished\":\"2026-01-28T06:23:59+00:00\",\"dateModified\":\"2026-03-04T05:51:41+00:00\",\"description\":\"Gtartistoo White tattoo ink in a 1 oz bottle, designed for professional tattoo applications requiring controlled ink flow and consistent color handling.\",\"breadcrumb\":{\"@id\":\"https:\/\/gtartistoo.com\/shop\/tattoo-inks\/gtartistoo-white-tattoo-ink-1oz\/#breadcrumb\"},\"inLanguage\":\"es\",\"potentialAction\":[{\"@type\":\"ReadAction\",\"target\":[\"https:\/\/gtartistoo.com\/shop\/tattoo-inks\/gtartistoo-white-tattoo-ink-1oz\/\"]}]},{\"@type\":\"ImageObject\",\"inLanguage\":\"es\",\"@id\":\"https:\/\/gtartistoo.com\/shop\/tattoo-inks\/gtartistoo-white-tattoo-ink-1oz\/#primaryimage\",\"url\":\"https:\/\/gtartistoo.com\/wp-content\/uploads\/2026\/01\/Gtartistoo-white-tattoo-ink.jpg\",\"contentUrl\":\"https:\/\/gtartistoo.com\/wp-content\/uploads\/2026\/01\/Gtartistoo-white-tattoo-ink.jpg\",\"width\":800,\"height\":800,\"caption\":\"Gtartistoo White tattoo ink 1 oz bottle\"},{\"@type\":\"BreadcrumbList\",\"@id\":\"https:\/\/gtartistoo.com\/shop\/tattoo-inks\/gtartistoo-white-tattoo-ink-1oz\/#breadcrumb\",\"itemListElement\":[{\"@type\":\"ListItem\",\"position\":1,\"name\":\"Home\",\"item\":\"https:\/\/gtartistoo.com\/\"},{\"@type\":\"ListItem\",\"position\":2,\"name\":\"Shop\",\"item\":\"https:\/\/gtartistoo.com\/shop\/\"},{\"@type\":\"ListItem\",\"position\":3,\"name\":\"Gtartistoo White Tattoo Ink \u2013 1 oz Bottle\"}]},{\"@type\":\"WebSite\",\"@id\":\"https:\/\/gtartistoo.com\/#website\",\"url\":\"https:\/\/gtartistoo.com\/\",\"name\":\"gtartistoo.com\",\"description\":\"\",\"publisher\":{\"@id\":\"https:\/\/gtartistoo.com\/#organization\"},\"potentialAction\":[{\"@type\":\"SearchAction\",\"target\":{\"@type\":\"EntryPoint\",\"urlTemplate\":\"https:\/\/gtartistoo.com\/?s={search_term_string}\"},\"query-input\":{\"@type\":\"PropertyValueSpecification\",\"valueRequired\":true,\"valueName\":\"search_term_string\"}}],\"inLanguage\":\"es\"},{\"@type\":\"Organization\",\"@id\":\"https:\/\/gtartistoo.com\/#organization\",\"name\":\"gtartistoo.com\",\"url\":\"https:\/\/gtartistoo.com\/\",\"logo\":{\"@type\":\"ImageObject\",\"inLanguage\":\"es\",\"@id\":\"https:\/\/gtartistoo.com\/#\/schema\/logo\/image\/\",\"url\":\"https:\/\/gtartistoo.com\/wp-content\/uploads\/2025\/10\/logo.svg\",\"contentUrl\":\"https:\/\/gtartistoo.com\/wp-content\/uploads\/2025\/10\/logo.svg\",\"width\":369,\"height\":124,\"caption\":\"gtartistoo.com\"},\"image\":{\"@id\":\"https:\/\/gtartistoo.com\/#\/schema\/logo\/image\/\"}}]}<\/script>\n<meta property=\"product:price:amount\" content=\"6.99\" \/>\n<meta property=\"product:price:currency\" content=\"USD\" \/>\n<meta property=\"og:availability\" content=\"instock\" \/>\n<meta property=\"product:availability\" content=\"instock\" \/>\n<meta property=\"product:retailer_item_id\" content=\"31682\" \/>\n<meta property=\"product:condition\" content=\"new\" \/>\n<!-- \/ Yoast SEO Premium plugin. -->","yoast_head_json":{"title":"Gtartistoo Tinta Blanca para Tatuajes - Botella de 1 oz","description":"Tinta de tatuaje blanca Gtartistoo en una botella de 1 oz, dise\u00f1ada para aplicaciones de tatuaje profesional que requieren un flujo de tinta controlado y un manejo consistente del color.","robots":{"index":"index","follow":"follow","max-snippet":"max-snippet:-1","max-image-preview":"max-image-preview:large","max-video-preview":"max-video-preview:-1"},"canonical":"https:\/\/gtartistoo.com\/es\/tienda\/tintas-para-tatuajes\/gtartistoo-tinta-blanca-para-tatuajes-1oz\/","og_locale":"es_ES","og_type":"article","og_title":"Gtartistoo White Tattoo Ink \u2013 1 oz Bottle","og_description":"Gtartistoo White tattoo ink in a 1 oz bottle, designed for professional tattoo applications requiring controlled ink flow and consistent color handling.","og_url":"https:\/\/gtartistoo.com\/es\/tienda\/tintas-para-tatuajes\/gtartistoo-tinta-blanca-para-tatuajes-1oz\/","og_site_name":"gtartistoo.com","article_modified_time":"2026-03-04T05:51:41+00:00","og_image":[{"width":800,"height":800,"url":"https:\/\/gtartistoo.com\/wp-content\/uploads\/2026\/01\/Gtartistoo-white-tattoo-ink.jpg","type":"image\/jpeg"}],"twitter_card":"summary_large_image","twitter_misc":{"Precio":"6.99&#36;","Disponibilidad":"Disponible"},"schema":{"@context":"https:\/\/schema.org","@graph":[{"@type":"WebPage","@id":"https:\/\/gtartistoo.com\/shop\/tattoo-inks\/gtartistoo-white-tattoo-ink-1oz\/","url":"https:\/\/gtartistoo.com\/shop\/tattoo-inks\/gtartistoo-white-tattoo-ink-1oz\/","name":"Gtartistoo Tinta Blanca para Tatuajes - Botella de 1 oz","isPartOf":{"@id":"https:\/\/gtartistoo.com\/#website"},"primaryImageOfPage":{"@id":"https:\/\/gtartistoo.com\/shop\/tattoo-inks\/gtartistoo-white-tattoo-ink-1oz\/#primaryimage"},"image":{"@id":"https:\/\/gtartistoo.com\/shop\/tattoo-inks\/gtartistoo-white-tattoo-ink-1oz\/#primaryimage"},"thumbnailUrl":"https:\/\/gtartistoo.com\/wp-content\/uploads\/2026\/01\/Gtartistoo-white-tattoo-ink.jpg","datePublished":"2026-01-28T06:23:59+00:00","dateModified":"2026-03-04T05:51:41+00:00","description":"Tinta de tatuaje blanca Gtartistoo en una botella de 1 oz, dise\u00f1ada para aplicaciones de tatuaje profesional que requieren un flujo de tinta controlado y un manejo consistente del color.","breadcrumb":{"@id":"https:\/\/gtartistoo.com\/shop\/tattoo-inks\/gtartistoo-white-tattoo-ink-1oz\/#breadcrumb"},"inLanguage":"es","potentialAction":[{"@type":"ReadAction","target":["https:\/\/gtartistoo.com\/shop\/tattoo-inks\/gtartistoo-white-tattoo-ink-1oz\/"]}]},{"@type":"ImageObject","inLanguage":"es","@id":"https:\/\/gtartistoo.com\/shop\/tattoo-inks\/gtartistoo-white-tattoo-ink-1oz\/#primaryimage","url":"https:\/\/gtartistoo.com\/wp-content\/uploads\/2026\/01\/Gtartistoo-white-tattoo-ink.jpg","contentUrl":"https:\/\/gtartistoo.com\/wp-content\/uploads\/2026\/01\/Gtartistoo-white-tattoo-ink.jpg","width":800,"height":800,"caption":"Gtartistoo White tattoo ink 1 oz bottle"},{"@type":"BreadcrumbList","@id":"https:\/\/gtartistoo.com\/shop\/tattoo-inks\/gtartistoo-white-tattoo-ink-1oz\/#breadcrumb","itemListElement":[{"@type":"ListItem","position":1,"name":"Home","item":"https:\/\/gtartistoo.com\/"},{"@type":"ListItem","position":2,"name":"Shop","item":"https:\/\/gtartistoo.com\/shop\/"},{"@type":"ListItem","position":3,"name":"Gtartistoo White Tattoo Ink \u2013 1 oz Bottle"}]},{"@type":"WebSite","@id":"https:\/\/gtartistoo.com\/#website","url":"https:\/\/gtartistoo.com\/","name":"gtartistoo.com","description":"","publisher":{"@id":"https:\/\/gtartistoo.com\/#organization"},"potentialAction":[{"@type":"SearchAction","target":{"@type":"EntryPoint","urlTemplate":"https:\/\/gtartistoo.com\/?s={search_term_string}"},"query-input":{"@type":"PropertyValueSpecification","valueRequired":true,"valueName":"search_term_string"}}],"inLanguage":"es"},{"@type":"Organization","@id":"https:\/\/gtartistoo.com\/#organization","name":"gtartistoo.com","url":"https:\/\/gtartistoo.com\/","logo":{"@type":"ImageObject","inLanguage":"es","@id":"https:\/\/gtartistoo.com\/#\/schema\/logo\/image\/","url":"https:\/\/gtartistoo.com\/wp-content\/uploads\/2025\/10\/logo.svg","contentUrl":"https:\/\/gtartistoo.com\/wp-content\/uploads\/2025\/10\/logo.svg","width":369,"height":124,"caption":"gtartistoo.com"},"image":{"@id":"https:\/\/gtartistoo.com\/#\/schema\/logo\/image\/"}}]},"product_price_amount":"6.99","product_price_currency":"USD","og_availability":"instock","product_availability":"instock","product_retailer_item_id":"31682","product_condition":"new"},"_links":{"self":[{"href":"https:\/\/gtartistoo.com\/es\/wp-json\/wp\/v2\/product\/31682","targetHints":{"allow":["GET"]}}],"collection":[{"href":"https:\/\/gtartistoo.com\/es\/wp-json\/wp\/v2\/product"}],"about":[{"href":"https:\/\/gtartistoo.com\/es\/wp-json\/wp\/v2\/types\/product"}],"replies":[{"embeddable":true,"href":"https:\/\/gtartistoo.com\/es\/wp-json\/wp\/v2\/comments?post=31682"}],"version-history":[{"count":3,"href":"https:\/\/gtartistoo.com\/es\/wp-json\/wp\/v2\/product\/31682\/revisions"}],"predecessor-version":[{"id":31727,"href":"https:\/\/gtartistoo.com\/es\/wp-json\/wp\/v2\/product\/31682\/revisions\/31727"}],"wp:featuredmedia":[{"embeddable":true,"href":"https:\/\/gtartistoo.com\/es\/wp-json\/wp\/v2\/media\/31726"}],"wp:attachment":[{"href":"https:\/\/gtartistoo.com\/es\/wp-json\/wp\/v2\/media?parent=31682"}],"wp:term":[{"taxonomy":"product_brand","embeddable":true,"href":"https:\/\/gtartistoo.com\/es\/wp-json\/wp\/v2\/product_brand?post=31682"},{"taxonomy":"product_cat","embeddable":true,"href":"https:\/\/gtartistoo.com\/es\/wp-json\/wp\/v2\/product_cat?post=31682"},{"taxonomy":"product_tag","embeddable":true,"href":"https:\/\/gtartistoo.com\/es\/wp-json\/wp\/v2\/product_tag?post=31682"}],"curies":[{"name":"wp","href":"https:\/\/api.w.org\/{rel}","templated":true}]}}