{"id":13,"date":"2025-10-20T09:21:27","date_gmt":"2025-10-20T09:21:27","guid":{"rendered":"https:\/\/gtartistoo.com\/?page_id=13"},"modified":"2026-01-12T07:18:10","modified_gmt":"2026-01-12T07:18:10","slug":"retours-remboursements","status":"publish","type":"page","link":"https:\/\/gtartistoo.com\/fr\/retours-remboursements\/","title":{"rendered":"Remboursement et retours"},"content":{"rendered":"<div data-elementor-type=\"wp-page\" data-elementor-id=\"13\" class=\"elementor elementor-13\" data-elementor-post-type=\"page\">\n\t\t\t\t<div class=\"wd-negative-gap elementor-element elementor-element-428c3976 e-flex e-con-boxed e-con e-parent\" data-id=\"428c3976\" data-element_type=\"container\" data-e-type=\"container\" data-settings=\"{&quot;ekit_has_onepagescroll_dot&quot;:&quot;yes&quot;}\">\n\t\t\t\t\t<div class=\"e-con-inner\">\n\t\t<div class=\"elementor-element elementor-element-cb994ea e-con-full e-flex e-con e-child\" data-id=\"cb994ea\" data-element_type=\"container\" data-e-type=\"container\" data-settings=\"{&quot;ekit_has_onepagescroll_dot&quot;:&quot;yes&quot;}\">\n\t\t\t\t<div class=\"elementor-element elementor-element-0c0e663 elementor-widget elementor-widget-wd_text_block\" data-id=\"0c0e663\" data-element_type=\"widget\" data-e-type=\"widget\" data-settings=\"{&quot;ekit_we_effect_on&quot;:&quot;none&quot;}\" data-widget_type=\"wd_text_block.default\">\n\t\t\t\t<div class=\"elementor-widget-container\">\n\t\t\t\t\t\t\t<div class=\"wd-text-block reset-last-child text-left\">\n\t\t\t\n\t\t\t<h2><strong>Politique de retour et de remboursement de gtartistoo<\/strong><\/h2>\n\t\t\t\t\t<\/div>\n\t\t\t\t\t\t<\/div>\n\t\t\t\t<\/div>\n\t\t\t\t<\/div>\n\t\t<div class=\"elementor-element elementor-element-b643512 e-con-full e-flex e-con e-child\" data-id=\"b643512\" data-element_type=\"container\" data-e-type=\"container\" data-settings=\"{&quot;ekit_has_onepagescroll_dot&quot;:&quot;yes&quot;}\">\n\t\t\t\t<div class=\"elementor-element elementor-element-7f14e1b elementor-widget elementor-widget-wd_text_block\" data-id=\"7f14e1b\" data-element_type=\"widget\" data-e-type=\"widget\" data-settings=\"{&quot;ekit_we_effect_on&quot;:&quot;none&quot;}\" data-widget_type=\"wd_text_block.default\">\n\t\t\t\t<div class=\"elementor-widget-container\">\n\t\t\t\t\t\t\t<div class=\"wd-text-block reset-last-child text-left color-title\">\n\t\t\t\n\t\t\t<p>gtartistoo offre une politique de retour de 30 jours pour toutes les commandes pass\u00e9es sur notre site officiel, et si vous n'\u00eates pas satisfait de votre commande pour quelque raison que ce soit, vous pouvez nous contacter pour organiser un retour.<\/p><p>Cette police est soumise aux conditions suivantes : \u00a0<\/p><ol><li>gtartistoo doit \u00eatre notifi\u00e9 <strong>au plus tard 30 jours apr\u00e8s avoir pass\u00e9 votre commande<\/strong>(pour lancer la proc\u00e9dure de retour). \u00a0<\/li><li>Les produits retourn\u00e9s doivent \u00eatre en <strong>\u201c\u00c9tat neuf<\/strong>(inutilis\u00e9s, intacts et sans signes d'usure), dans leur emballage d'origine et accompagn\u00e9s de tous les accessoires d'origine (par exemple, manuels, \u00e9tiquettes, cadeaux). gtartistoo se r\u00e9serve le droit d'imposer des frais pour les produits endommag\u00e9s, les pi\u00e8ces manquantes ou l'emballage incomplet - ces frais seront d\u00e9duits du montant de votre remboursement. \u00a0<\/li><li>Les frais d'exp\u00e9dition et de manutention s'\u00e9l\u00e8vent \u00e0 <strong>non remboursable<\/strong>. Si votre commande b\u00e9n\u00e9ficiait \u00e0 l'origine d'une livraison gratuite, les frais d'exp\u00e9dition r\u00e9els encourus par gtartistoo (\u00e0 notre prix co\u00fbtant) seront d\u00e9duits de votre remboursement total. \u00a0<\/li><li>C'est \u00e0 vous (le client) qu'il incombe de couvrir tous les frais et de prendre les dispositions n\u00e9cessaires pour le retour de l'article. Tous les frais d'exp\u00e9dition et les frais associ\u00e9s au retour doivent \u00eatre pr\u00e9pay\u00e9s par le client. \u00a0<\/li><li>Tu porteras<strong>l'enti\u00e8re responsabilit\u00e9 de toute perte ou de tout dommage subi par le produit pendant le transport<\/strong>\u00e0 l'entrep\u00f4t de gtartistoo.<\/li><li>ou sans emballage appropri\u00e9 (entra\u00eenant des dommages)<\/li><\/ol><ol start=\"7\"><li>gtartistoo se r\u00e9serve le droit de refuser la livraison du retour ou de vous renvoyer l'article \u00e0 vos frais (sans remboursement) si un article retourn\u00e9 est envoy\u00e9 dans l'une des circonstances suivantes :<\/li><li>Les remboursements seront effectu\u00e9s <strong>dans les 7 jours suivant l'inspection et l'approbation de l'article retourn\u00e9<\/strong>par gtartistoo. Nous n'acceptons aucune responsabilit\u00e9 pour les retards caus\u00e9s par des tiers (par exemple, les processeurs de paiement, les banques ou les services de messagerie). \u00a0<\/li><\/ol><p><strong>Comment retourner un article ?<\/strong><\/p><p>Pour effectuer un retour, veuillez nous envoyer un courriel \u00e0 l'adresse suivante <a href=\"mailto:service@gtartistoo.com\"><strong>service@gtartistoo.com<\/strong><\/a>\u00a0avec les informations suivantes : \u00a0<\/p><ol><li>Votre num\u00e9ro de commande \u00a0<\/li><li>Le nom\/mod\u00e8le du\/des article(s) \u00e0 retourner \u00a0<\/li><li>\u00c9tat actuel de l'article (par exemple, \u201cnon utilis\u00e9, dans l'emballage d'origine\u201d) \u00a0<\/li><li>Raison du retour (par exemple, \u201cchangement d'avis\u201d, \u201cincompatibilit\u00e9 de taille\u201d) \u00a0<\/li><\/ol><p>Nous r\u00e9pondrons \u00e0 votre demande dans un d\u00e9lai de <strong>24 heures ouvrables<\/strong>\u00a0(\u00e0 l'exclusion des week-ends et des jours f\u00e9ri\u00e9s) afin de fournir votre num\u00e9ro RMA et l'adresse de retour sp\u00e9cifique (les adresses de retour pouvant varier d'une r\u00e9gion \u00e0 l'autre). \u00a0<\/p><p><strong>IMPORTANT : Ne renvoyez PAS d'articles sans autorisation.<\/strong><\/p><p>Veuillez ne pas tenter de retourner votre article \u00e0 gtartistoo sans autorisation pr\u00e9alable ou sans num\u00e9ro d'autorisation de retour valide. \u00a0<\/p><p>Cette information est essentielle pour nous permettre de suivre votre article retourn\u00e9, d'\u00e9viter les erreurs d'exp\u00e9dition et de traiter votre retour de mani\u00e8re efficace. \u00a0<\/p><p><strong>Remboursements (le cas \u00e9ch\u00e9ant)<\/strong><\/p><ol><li>Une fois l'article retourn\u00e9 re\u00e7u et inspect\u00e9 par notre \u00e9quipe, nous vous enverrons un e-mail pour confirmer la r\u00e9ception de l'article. \u00a0<\/li><li>Nous vous informerons \u00e9galement par courrier \u00e9lectronique si votre remboursement a \u00e9t\u00e9 effectu\u00e9. <strong>approuv\u00e9e ou rejet\u00e9e<\/strong>(sur la base du respect des conditions susmentionn\u00e9es). \u00a0<\/li><li>En cas d'approbation, votre remboursement sera effectu\u00e9 imm\u00e9diatement. Un cr\u00e9dit sera automatiquement appliqu\u00e9 \u00e0 votre m\u00e9thode de paiement initiale (par exemple, carte de cr\u00e9dit, PayPal ou autres plateformes de paiement utilis\u00e9es pour la commande). \u00a0<\/li><\/ol><p><strong>Remboursements tardifs ou manquants (le cas \u00e9ch\u00e9ant)<\/strong><\/p><ul><li>Si vous avez \u00e9t\u00e9 inform\u00e9 que votre remboursement a \u00e9t\u00e9 \u00e9mis mais que vous ne l'avez pas re\u00e7u, veuillez d'abord contacter votre institution financi\u00e8re (par exemple, votre banque, l'\u00e9metteur de votre carte de cr\u00e9dit ou PayPal) pour vous renseigner sur les \u00e9ventuels d\u00e9lais de traitement - la plupart des plateformes de paiement ont besoin de 3 \u00e0 7 jours ouvrables pour r\u00e9percuter les remboursements sur votre compte. \u00a0<\/li><li>Si vous avez v\u00e9rifi\u00e9 aupr\u00e8s de votre institution financi\u00e8re et que vous n'avez toujours pas re\u00e7u votre remboursement, veuillez nous contacter \u00e0 l'adresse suivante <a href=\"mailto:service@gtartistoo.com\"><strong>service@gtartistoo.com<\/strong><\/a>-Notre \u00e9quipe vous aidera \u00e0 r\u00e9soudre le probl\u00e8me dans les plus brefs d\u00e9lais. \u00a0<\/li><\/ul><p><strong>\u00c9changes (le cas \u00e9ch\u00e9ant)<\/strong><\/p><p>gtartistoo ne remplace les articles que dans les circonstances suivantes : \u00a0<\/p><ul><li>L'article est d\u00e9fectueux ou endommag\u00e9 (confirm\u00e9 par notre inspection) ; \u00a0<\/li><li>Vous avez re\u00e7u le mauvais article (par exemple, un mod\u00e8le, une couleur ou une taille incorrects) en raison d'une erreur de gtartistoo. \u00a0<\/li><\/ul><p>Pour les \u00e9changes dus \u00e0 d'autres raisons (par exemple, \u201cchangement d'avis\u201d ou \u201cincompatibilit\u00e9 de taille\u201d), veuillez nous contacter \u00e0 l'adresse suivante <a href=\"mailto:service@gtartistoo.com\"><strong>service@gtartistoo.com<\/strong><\/a>\u00a0pour discuter de solutions alternatives. \u00a0<\/p><p><strong>Lignes directrices pour l'exp\u00e9dition des retours<\/strong><\/p><ul><li>En cas de retour pour cause de \u201cchangement d'avis\u201d ou d'erreur de la part d'un tiers, vous \u00eates responsable de tous les frais d'exp\u00e9dition li\u00e9s au retour de l'article. Ces frais ne sont pas remboursables. \u00a0<\/li><li>Nous recommandons vivement l'utilisation d'un <strong>service d'exp\u00e9dition avec suivi<\/strong>(par exemple, DHL, FedEx ou courrier recommand\u00e9 local) et de souscrire une assurance d'exp\u00e9dition pour les articles de grande valeur, ce qui vous permet de suivre l'\u00e9tat du transit et de vous prot\u00e9ger contre la perte ou les dommages. \u00a0<\/li><\/ul><p><strong>Adresse de retour approuv\u00e9e<\/strong><\/p><p>Veuillez suivre l'adresse de retour fournie par notre service client\u00e8le. \u00a0<\/p><p>Une fois votre demande de retour confirm\u00e9e, notre service client\u00e8le vous enverra l'adresse de retour sp\u00e9cifique par courrier \u00e9lectronique (les adresses de retour peuvent varier selon les r\u00e9gions afin d'assurer un traitement efficace). N'exp\u00e9diez pas \u00e0 une adresse non confirm\u00e9e, car cela pourrait entra\u00eener un retard de traitement ou la perte d'articles, ce dont gtartistoo ne saurait \u00eatre tenu responsable.<\/p><p>Pour toute question concernant les retours ou les remboursements, veuillez nous envoyer un courrier \u00e9lectronique \u00e0 l'adresse suivante <a href=\"mailto:service@gtartistoo.com\"><strong>service@gtartistoo.com<\/strong><\/a>-Notre \u00e9quipe de service \u00e0 la client\u00e8le est heureuse de vous aider !<\/p>\n\t\t\t\t\t<\/div>\n\t\t\t\t\t\t<\/div>\n\t\t\t\t<\/div>\n\t\t\t\t<\/div>\n\t\t\t\t\t<\/div>\n\t\t\t\t<\/div>\n\t\t\t\t<\/div>","protected":false},"excerpt":{"rendered":"<p>gtartistoo Return &amp; Refund Policy gtartistoo offers a 30-day return policy for all orders placed on our official website, and<\/p>","protected":false},"author":1,"featured_media":0,"parent":0,"menu_order":0,"comment_status":"closed","ping_status":"closed","template":"","meta":{"footnotes":""},"class_list":["post-13","page","type-page","status-publish","hentry"],"yoast_head":"<!-- This site is optimized with the Yoast SEO Premium plugin v26.2 (Yoast SEO v26.2) - https:\/\/yoast.com\/wordpress\/plugins\/seo\/ -->\n<title>Refund &amp; Returns - gtartistoo.com<\/title>\n<meta name=\"robots\" content=\"noindex, nofollow\" \/>\n<meta property=\"og:locale\" content=\"fr_FR\" \/>\n<meta property=\"og:type\" content=\"article\" \/>\n<meta property=\"og:title\" content=\"Refund &amp; Returns\" \/>\n<meta property=\"og:description\" content=\"gtartistoo Return &amp; Refund Policy gtartistoo offers a 30-day return policy for all orders placed on our official website, and\" \/>\n<meta property=\"og:url\" content=\"https:\/\/gtartistoo.com\/fr\/retours-remboursements\/\" \/>\n<meta property=\"og:site_name\" content=\"gtartistoo.com\" \/>\n<meta property=\"article:modified_time\" content=\"2026-01-12T07:18:10+00:00\" \/>\n<meta name=\"twitter:card\" content=\"summary_large_image\" \/>\n<meta name=\"twitter:label1\" content=\"Dur\u00e9e de lecture estim\u00e9e\" \/>\n\t<meta name=\"twitter:data1\" content=\"4 minutes\" \/>\n<script type=\"application\/ld+json\" class=\"yoast-schema-graph\">{\"@context\":\"https:\/\/schema.org\",\"@graph\":[{\"@type\":\"WebPage\",\"@id\":\"https:\/\/gtartistoo.com\/returns-refunds\/\",\"url\":\"https:\/\/gtartistoo.com\/returns-refunds\/\",\"name\":\"Refund & Returns - gtartistoo.com\",\"isPartOf\":{\"@id\":\"https:\/\/gtartistoo.com\/#website\"},\"datePublished\":\"2025-10-20T09:21:27+00:00\",\"dateModified\":\"2026-01-12T07:18:10+00:00\",\"breadcrumb\":{\"@id\":\"https:\/\/gtartistoo.com\/returns-refunds\/#breadcrumb\"},\"inLanguage\":\"fr-FR\",\"potentialAction\":[{\"@type\":\"ReadAction\",\"target\":[\"https:\/\/gtartistoo.com\/returns-refunds\/\"]}]},{\"@type\":\"BreadcrumbList\",\"@id\":\"https:\/\/gtartistoo.com\/returns-refunds\/#breadcrumb\",\"itemListElement\":[{\"@type\":\"ListItem\",\"position\":1,\"name\":\"Home\",\"item\":\"https:\/\/gtartistoo.com\/\"},{\"@type\":\"ListItem\",\"position\":2,\"name\":\"Refund &#038; Returns\"}]},{\"@type\":\"WebSite\",\"@id\":\"https:\/\/gtartistoo.com\/#website\",\"url\":\"https:\/\/gtartistoo.com\/\",\"name\":\"gtartistoo.com\",\"description\":\"\",\"publisher\":{\"@id\":\"https:\/\/gtartistoo.com\/#organization\"},\"potentialAction\":[{\"@type\":\"SearchAction\",\"target\":{\"@type\":\"EntryPoint\",\"urlTemplate\":\"https:\/\/gtartistoo.com\/?s={search_term_string}\"},\"query-input\":{\"@type\":\"PropertyValueSpecification\",\"valueRequired\":true,\"valueName\":\"search_term_string\"}}],\"inLanguage\":\"fr-FR\"},{\"@type\":\"Organization\",\"@id\":\"https:\/\/gtartistoo.com\/#organization\",\"name\":\"gtartistoo.com\",\"url\":\"https:\/\/gtartistoo.com\/\",\"logo\":{\"@type\":\"ImageObject\",\"inLanguage\":\"fr-FR\",\"@id\":\"https:\/\/gtartistoo.com\/#\/schema\/logo\/image\/\",\"url\":\"https:\/\/gtartistoo.com\/wp-content\/uploads\/2025\/10\/logo.svg\",\"contentUrl\":\"https:\/\/gtartistoo.com\/wp-content\/uploads\/2025\/10\/logo.svg\",\"width\":369,\"height\":124,\"caption\":\"gtartistoo.com\"},\"image\":{\"@id\":\"https:\/\/gtartistoo.com\/#\/schema\/logo\/image\/\"}}]}<\/script>\n<!-- \/ Yoast SEO Premium plugin. -->","yoast_head_json":{"title":"Remboursement et retours - gtartistoo.com","robots":{"index":"noindex","follow":"nofollow"},"og_locale":"fr_FR","og_type":"article","og_title":"Refund & Returns","og_description":"gtartistoo Return &amp; Refund Policy gtartistoo offers a 30-day return policy for all orders placed on our official website, and","og_url":"https:\/\/gtartistoo.com\/fr\/retours-remboursements\/","og_site_name":"gtartistoo.com","article_modified_time":"2026-01-12T07:18:10+00:00","twitter_card":"summary_large_image","twitter_misc":{"Dur\u00e9e de lecture estim\u00e9e":"4 minutes"},"schema":{"@context":"https:\/\/schema.org","@graph":[{"@type":"WebPage","@id":"https:\/\/gtartistoo.com\/returns-refunds\/","url":"https:\/\/gtartistoo.com\/returns-refunds\/","name":"Remboursement et retours - gtartistoo.com","isPartOf":{"@id":"https:\/\/gtartistoo.com\/#website"},"datePublished":"2025-10-20T09:21:27+00:00","dateModified":"2026-01-12T07:18:10+00:00","breadcrumb":{"@id":"https:\/\/gtartistoo.com\/returns-refunds\/#breadcrumb"},"inLanguage":"fr-FR","potentialAction":[{"@type":"ReadAction","target":["https:\/\/gtartistoo.com\/returns-refunds\/"]}]},{"@type":"BreadcrumbList","@id":"https:\/\/gtartistoo.com\/returns-refunds\/#breadcrumb","itemListElement":[{"@type":"ListItem","position":1,"name":"Home","item":"https:\/\/gtartistoo.com\/"},{"@type":"ListItem","position":2,"name":"Refund &#038; Returns"}]},{"@type":"WebSite","@id":"https:\/\/gtartistoo.com\/#website","url":"https:\/\/gtartistoo.com\/","name":"gtartistoo.com","description":"","publisher":{"@id":"https:\/\/gtartistoo.com\/#organization"},"potentialAction":[{"@type":"SearchAction","target":{"@type":"EntryPoint","urlTemplate":"https:\/\/gtartistoo.com\/?s={search_term_string}"},"query-input":{"@type":"PropertyValueSpecification","valueRequired":true,"valueName":"search_term_string"}}],"inLanguage":"fr-FR"},{"@type":"Organization","@id":"https:\/\/gtartistoo.com\/#organization","name":"gtartistoo.com","url":"https:\/\/gtartistoo.com\/","logo":{"@type":"ImageObject","inLanguage":"fr-FR","@id":"https:\/\/gtartistoo.com\/#\/schema\/logo\/image\/","url":"https:\/\/gtartistoo.com\/wp-content\/uploads\/2025\/10\/logo.svg","contentUrl":"https:\/\/gtartistoo.com\/wp-content\/uploads\/2025\/10\/logo.svg","width":369,"height":124,"caption":"gtartistoo.com"},"image":{"@id":"https:\/\/gtartistoo.com\/#\/schema\/logo\/image\/"}}]}},"_hostinger_reach_plugin_has_subscription_block":false,"_hostinger_reach_plugin_is_elementor":false,"_links":{"self":[{"href":"https:\/\/gtartistoo.com\/fr\/wp-json\/wp\/v2\/pages\/13","targetHints":{"allow":["GET"]}}],"collection":[{"href":"https:\/\/gtartistoo.com\/fr\/wp-json\/wp\/v2\/pages"}],"about":[{"href":"https:\/\/gtartistoo.com\/fr\/wp-json\/wp\/v2\/types\/page"}],"author":[{"embeddable":true,"href":"https:\/\/gtartistoo.com\/fr\/wp-json\/wp\/v2\/users\/1"}],"replies":[{"embeddable":true,"href":"https:\/\/gtartistoo.com\/fr\/wp-json\/wp\/v2\/comments?post=13"}],"version-history":[{"count":23,"href":"https:\/\/gtartistoo.com\/fr\/wp-json\/wp\/v2\/pages\/13\/revisions"}],"predecessor-version":[{"id":30551,"href":"https:\/\/gtartistoo.com\/fr\/wp-json\/wp\/v2\/pages\/13\/revisions\/30551"}],"wp:attachment":[{"href":"https:\/\/gtartistoo.com\/fr\/wp-json\/wp\/v2\/media?parent=13"}],"curies":[{"name":"wp","href":"https:\/\/api.w.org\/{rel}","templated":true}]}}