{"id":29511,"date":"2025-10-21T05:15:05","date_gmt":"2025-10-21T05:15:05","guid":{"rendered":"https:\/\/gtartistoo.com\/?page_id=29511"},"modified":"2026-01-14T01:33:40","modified_gmt":"2026-01-14T01:33:40","slug":"politique-dexpedition","status":"publish","type":"page","link":"https:\/\/gtartistoo.com\/fr\/politique-dexpedition\/","title":{"rendered":"Politique d'exp\u00e9dition"},"content":{"rendered":"<div data-elementor-type=\"wp-page\" data-elementor-id=\"29511\" class=\"elementor elementor-29511\" data-elementor-post-type=\"page\">\n\t\t\t\t<div class=\"wd-negative-gap elementor-element elementor-element-b841402 e-flex e-con-boxed e-con e-parent\" data-id=\"b841402\" data-element_type=\"container\" data-e-type=\"container\" data-settings=\"{&quot;ekit_has_onepagescroll_dot&quot;:&quot;yes&quot;}\">\n\t\t\t\t\t<div class=\"e-con-inner\">\n\t\t<div class=\"elementor-element elementor-element-1de0686 e-con-full e-flex e-con e-child\" data-id=\"1de0686\" data-element_type=\"container\" data-e-type=\"container\" data-settings=\"{&quot;ekit_has_onepagescroll_dot&quot;:&quot;yes&quot;}\">\n\t\t\t\t<div class=\"elementor-element elementor-element-ea8bb0b elementor-widget elementor-widget-wd_text_block\" data-id=\"ea8bb0b\" data-element_type=\"widget\" data-e-type=\"widget\" data-settings=\"{&quot;ekit_we_effect_on&quot;:&quot;none&quot;}\" data-widget_type=\"wd_text_block.default\">\n\t\t\t\t<div class=\"elementor-widget-container\">\n\t\t\t\t\t\t\t<div class=\"wd-text-block reset-last-child text-left\">\n\t\t\t\n\t\t\t<h3><strong><b>Politique d'exp\u00e9dition de gtartistoo<\/b><\/strong><\/h3>\n\t\t\t\t\t<\/div>\n\t\t\t\t\t\t<\/div>\n\t\t\t\t<\/div>\n\t\t\t\t<\/div>\n\t\t<div class=\"elementor-element elementor-element-a985542 e-con-full e-flex e-con e-child\" data-id=\"a985542\" data-element_type=\"container\" data-e-type=\"container\" data-settings=\"{&quot;ekit_has_onepagescroll_dot&quot;:&quot;yes&quot;}\">\n\t\t\t\t<div class=\"elementor-element elementor-element-e4891bc elementor-widget elementor-widget-wd_text_block\" data-id=\"e4891bc\" data-element_type=\"widget\" data-e-type=\"widget\" data-settings=\"{&quot;ekit_we_effect_on&quot;:&quot;none&quot;}\" data-widget_type=\"wd_text_block.default\">\n\t\t\t\t<div class=\"elementor-widget-container\">\n\t\t\t\t\t\t\t<div class=\"wd-text-block reset-last-child text-left color-title\">\n\t\t\t\n\t\t\t<h3><strong><b>1. <\/b><\/strong><strong><b>O\u00f9 pouvons-nous exp\u00e9dier nos produits ?<\/b><\/strong><\/h3><p>Notre d\u00e9lai d'exp\u00e9dition standard est de 6 \u00e0 14 jours ouvrables. Merci beaucoup pour votre soutien et votre compr\u00e9hension !<\/p><h4><strong><b>Pays \u00e9ligibles \u00e0 l'exp\u00e9dition<\/b><\/strong><\/h4><p>Vous trouverez ci-dessous une liste des pays que nous prenons actuellement en charge pour l'exp\u00e9dition :<\/p><p><strong>Am\u00e9rique du Nord<\/strong>: Canada, Mexique, \u00c9tats-Unis (US)<\/p><p><strong>L'Europe<\/strong>: Allemagne, Autriche, Belgique, Bulgarie, Chypre, Croatie, Danemark, Espagne, Estonie, Finlande, France, Gr\u00e8ce, Hongrie, Irlande, Italie, Lettonie, Lituanie, Luxembourg, Malte, Pays-Bas, Pologne, Portugal, R\u00e9publique tch\u00e8que, Roumanie, Royaume-Uni (UK), Slovaquie, Slov\u00e9nie, Su\u00e8de.&nbsp;<\/p><h3><strong><b>2. Quels sont les frais d'exp\u00e9dition ?<\/b><\/strong><\/h3><p>Les clients qui effectuent des achats d'un montant sup\u00e9rieur \u00e0 $99 (ou la valeur \u00e9quivalente dans d'autres devises) pourront b\u00e9n\u00e9ficier de la livraison gratuite.<\/p><h3><strong><b>3. Quel est le d\u00e9lai d'exp\u00e9dition ?<\/b><\/strong><\/h3><p>Le d\u00e9lai de livraison des commandes est divis\u00e9 en deux parties :<\/p><p>- <strong>D\u00e9lai de traitement (2-3 jours ouvrables)<\/strong>: Toutes les commandes sont trait\u00e9es dans les 24 heures. Une confirmation de commande vous sera envoy\u00e9e dans les 10 minutes suivant votre commande. En outre, nous avons besoin de 1 \u00e0 2 jours ouvrables pour inspecter et emballer les produits avant de les exp\u00e9dier, afin de nous assurer que tout est en bon \u00e9tat.<\/p><p>- <strong>D\u00e9lai d'exp\u00e9dition (4-11 jours ouvrables)<\/strong>: Apr\u00e8s traitement et d\u00e9part de l'entrep\u00f4t, les commandes prennent g\u00e9n\u00e9ralement de 4 \u00e0 11 jours ouvrables pour arriver \u00e0 destination. Veuillez noter que les appareils sans fil et les piles sont des articles sp\u00e9ciaux (en raison des r\u00e8gles d'exp\u00e9dition) et que leur livraison prend g\u00e9n\u00e9ralement de 8 \u00e0 18 jours.<\/p><p><strong>Note<\/strong>: Ces d\u00e9lais sont des estimations et ne sont pas garantis. Nous ne remboursons pas les frais d'exp\u00e9dition acc\u00e9l\u00e9r\u00e9e pour les colis qui ne respectent pas la date de livraison estim\u00e9e, ni les frais d'exp\u00e9dition pour les articles retourn\u00e9s. Si vous avez des questions concernant l'exp\u00e9dition ou la livraison, veuillez contacter notre service client\u00e8le.<\/p><h3><strong><b>4. Devrai-je payer des droits de douane ou des taxes sur mes commandes ?<\/b><\/strong><\/h3><p>Les clients de certains pays europ\u00e9ens (Allemagne, Italie, Royaume-Uni) et du Canada peuvent \u00eatre amen\u00e9s \u00e0 payer des droits de douane, la taxe sur la valeur ajout\u00e9e (TVA) ou d'autres taxes applicables, en fonction de la r\u00e9glementation de leur pays en mati\u00e8re de droits et de taxes.<\/p>\n\t\t\t\t\t<\/div>\n\t\t\t\t\t\t<\/div>\n\t\t\t\t<\/div>\n\t\t\t\t<\/div>\n\t\t\t\t\t<\/div>\n\t\t\t\t<\/div>\n\t\t\t\t<\/div>","protected":false},"excerpt":{"rendered":"<p>gtartistoo Politique d'exp\u00e9dition 1. O\u00f9 pouvons-nous exp\u00e9dier nos produits ? Notre d\u00e9lai de livraison standard est de 6 \u00e0 14 jours ouvrables. Nous vous remercions de votre attention.<\/p>","protected":false},"author":1,"featured_media":0,"parent":0,"menu_order":0,"comment_status":"closed","ping_status":"closed","template":"","meta":{"footnotes":""},"class_list":["post-29511","page","type-page","status-publish","hentry"],"yoast_head":"<!-- This site is optimized with the Yoast SEO Premium plugin v26.2 (Yoast SEO v26.2) - https:\/\/yoast.com\/wordpress\/plugins\/seo\/ -->\n<title>Shipping Policy - gtartistoo.com<\/title>\n<meta name=\"robots\" content=\"noindex, nofollow\" \/>\n<meta property=\"og:locale\" content=\"fr_FR\" \/>\n<meta property=\"og:type\" content=\"article\" \/>\n<meta property=\"og:title\" content=\"Shipping Policy\" \/>\n<meta property=\"og:description\" content=\"gtartistoo\u00a0Shipping Policy 1. Where we can ship to? Our standard shipping time is 6-14 working days. Thank you very much\" \/>\n<meta property=\"og:url\" content=\"https:\/\/gtartistoo.com\/fr\/politique-dexpedition\/\" \/>\n<meta property=\"og:site_name\" content=\"gtartistoo.com\" \/>\n<meta property=\"article:modified_time\" content=\"2026-01-14T01:33:40+00:00\" \/>\n<meta name=\"twitter:card\" content=\"summary_large_image\" \/>\n<meta name=\"twitter:label1\" content=\"Dur\u00e9e de lecture estim\u00e9e\" \/>\n\t<meta name=\"twitter:data1\" content=\"2 minutes\" \/>\n<script type=\"application\/ld+json\" class=\"yoast-schema-graph\">{\"@context\":\"https:\/\/schema.org\",\"@graph\":[{\"@type\":\"WebPage\",\"@id\":\"https:\/\/gtartistoo.com\/shipping-policy\/\",\"url\":\"https:\/\/gtartistoo.com\/shipping-policy\/\",\"name\":\"Shipping Policy - gtartistoo.com\",\"isPartOf\":{\"@id\":\"https:\/\/gtartistoo.com\/#website\"},\"datePublished\":\"2025-10-21T05:15:05+00:00\",\"dateModified\":\"2026-01-14T01:33:40+00:00\",\"breadcrumb\":{\"@id\":\"https:\/\/gtartistoo.com\/shipping-policy\/#breadcrumb\"},\"inLanguage\":\"fr-FR\",\"potentialAction\":[{\"@type\":\"ReadAction\",\"target\":[\"https:\/\/gtartistoo.com\/shipping-policy\/\"]}]},{\"@type\":\"BreadcrumbList\",\"@id\":\"https:\/\/gtartistoo.com\/shipping-policy\/#breadcrumb\",\"itemListElement\":[{\"@type\":\"ListItem\",\"position\":1,\"name\":\"Home\",\"item\":\"https:\/\/gtartistoo.com\/\"},{\"@type\":\"ListItem\",\"position\":2,\"name\":\"Shipping Policy\"}]},{\"@type\":\"WebSite\",\"@id\":\"https:\/\/gtartistoo.com\/#website\",\"url\":\"https:\/\/gtartistoo.com\/\",\"name\":\"gtartistoo.com\",\"description\":\"\",\"publisher\":{\"@id\":\"https:\/\/gtartistoo.com\/#organization\"},\"potentialAction\":[{\"@type\":\"SearchAction\",\"target\":{\"@type\":\"EntryPoint\",\"urlTemplate\":\"https:\/\/gtartistoo.com\/?s={search_term_string}\"},\"query-input\":{\"@type\":\"PropertyValueSpecification\",\"valueRequired\":true,\"valueName\":\"search_term_string\"}}],\"inLanguage\":\"fr-FR\"},{\"@type\":\"Organization\",\"@id\":\"https:\/\/gtartistoo.com\/#organization\",\"name\":\"gtartistoo.com\",\"url\":\"https:\/\/gtartistoo.com\/\",\"logo\":{\"@type\":\"ImageObject\",\"inLanguage\":\"fr-FR\",\"@id\":\"https:\/\/gtartistoo.com\/#\/schema\/logo\/image\/\",\"url\":\"https:\/\/gtartistoo.com\/wp-content\/uploads\/2025\/10\/logo.svg\",\"contentUrl\":\"https:\/\/gtartistoo.com\/wp-content\/uploads\/2025\/10\/logo.svg\",\"width\":369,\"height\":124,\"caption\":\"gtartistoo.com\"},\"image\":{\"@id\":\"https:\/\/gtartistoo.com\/#\/schema\/logo\/image\/\"}}]}<\/script>\n<!-- \/ Yoast SEO Premium plugin. -->","yoast_head_json":{"title":"Politique d'exp\u00e9dition - gtartistoo.com","robots":{"index":"noindex","follow":"nofollow"},"og_locale":"fr_FR","og_type":"article","og_title":"Shipping Policy","og_description":"gtartistoo\u00a0Shipping Policy 1. Where we can ship to? Our standard shipping time is 6-14 working days. Thank you very much","og_url":"https:\/\/gtartistoo.com\/fr\/politique-dexpedition\/","og_site_name":"gtartistoo.com","article_modified_time":"2026-01-14T01:33:40+00:00","twitter_card":"summary_large_image","twitter_misc":{"Dur\u00e9e de lecture estim\u00e9e":"2 minutes"},"schema":{"@context":"https:\/\/schema.org","@graph":[{"@type":"WebPage","@id":"https:\/\/gtartistoo.com\/shipping-policy\/","url":"https:\/\/gtartistoo.com\/shipping-policy\/","name":"Politique d'exp\u00e9dition - gtartistoo.com","isPartOf":{"@id":"https:\/\/gtartistoo.com\/#website"},"datePublished":"2025-10-21T05:15:05+00:00","dateModified":"2026-01-14T01:33:40+00:00","breadcrumb":{"@id":"https:\/\/gtartistoo.com\/shipping-policy\/#breadcrumb"},"inLanguage":"fr-FR","potentialAction":[{"@type":"ReadAction","target":["https:\/\/gtartistoo.com\/shipping-policy\/"]}]},{"@type":"BreadcrumbList","@id":"https:\/\/gtartistoo.com\/shipping-policy\/#breadcrumb","itemListElement":[{"@type":"ListItem","position":1,"name":"Home","item":"https:\/\/gtartistoo.com\/"},{"@type":"ListItem","position":2,"name":"Shipping Policy"}]},{"@type":"WebSite","@id":"https:\/\/gtartistoo.com\/#website","url":"https:\/\/gtartistoo.com\/","name":"gtartistoo.com","description":"","publisher":{"@id":"https:\/\/gtartistoo.com\/#organization"},"potentialAction":[{"@type":"SearchAction","target":{"@type":"EntryPoint","urlTemplate":"https:\/\/gtartistoo.com\/?s={search_term_string}"},"query-input":{"@type":"PropertyValueSpecification","valueRequired":true,"valueName":"search_term_string"}}],"inLanguage":"fr-FR"},{"@type":"Organization","@id":"https:\/\/gtartistoo.com\/#organization","name":"gtartistoo.com","url":"https:\/\/gtartistoo.com\/","logo":{"@type":"ImageObject","inLanguage":"fr-FR","@id":"https:\/\/gtartistoo.com\/#\/schema\/logo\/image\/","url":"https:\/\/gtartistoo.com\/wp-content\/uploads\/2025\/10\/logo.svg","contentUrl":"https:\/\/gtartistoo.com\/wp-content\/uploads\/2025\/10\/logo.svg","width":369,"height":124,"caption":"gtartistoo.com"},"image":{"@id":"https:\/\/gtartistoo.com\/#\/schema\/logo\/image\/"}}]}},"_hostinger_reach_plugin_has_subscription_block":false,"_hostinger_reach_plugin_is_elementor":false,"_links":{"self":[{"href":"https:\/\/gtartistoo.com\/fr\/wp-json\/wp\/v2\/pages\/29511","targetHints":{"allow":["GET"]}}],"collection":[{"href":"https:\/\/gtartistoo.com\/fr\/wp-json\/wp\/v2\/pages"}],"about":[{"href":"https:\/\/gtartistoo.com\/fr\/wp-json\/wp\/v2\/types\/page"}],"author":[{"embeddable":true,"href":"https:\/\/gtartistoo.com\/fr\/wp-json\/wp\/v2\/users\/1"}],"replies":[{"embeddable":true,"href":"https:\/\/gtartistoo.com\/fr\/wp-json\/wp\/v2\/comments?post=29511"}],"version-history":[{"count":34,"href":"https:\/\/gtartistoo.com\/fr\/wp-json\/wp\/v2\/pages\/29511\/revisions"}],"predecessor-version":[{"id":31302,"href":"https:\/\/gtartistoo.com\/fr\/wp-json\/wp\/v2\/pages\/29511\/revisions\/31302"}],"wp:attachment":[{"href":"https:\/\/gtartistoo.com\/fr\/wp-json\/wp\/v2\/media?parent=29511"}],"curies":[{"name":"wp","href":"https:\/\/api.w.org\/{rel}","templated":true}]}}