{"id":29521,"date":"2025-10-21T06:19:12","date_gmt":"2025-10-21T06:19:12","guid":{"rendered":"https:\/\/gtartistoo.com\/?page_id=29521"},"modified":"2026-01-12T07:21:09","modified_gmt":"2026-01-12T07:21:09","slug":"politique-de-garantie","status":"publish","type":"page","link":"https:\/\/gtartistoo.com\/fr\/politique-de-garantie\/","title":{"rendered":"Politique de garantie"},"content":{"rendered":"<div data-elementor-type=\"wp-page\" data-elementor-id=\"29521\" class=\"elementor elementor-29521\" data-elementor-post-type=\"page\">\n\t\t\t\t<div class=\"elementor-element elementor-element-3233646 e-flex e-con-boxed e-con e-parent\" data-id=\"3233646\" data-element_type=\"container\" data-e-type=\"container\" data-settings=\"{&quot;ekit_has_onepagescroll_dot&quot;:&quot;yes&quot;}\">\n\t\t\t\t\t<div class=\"e-con-inner\">\n\t\t<div class=\"elementor-element elementor-element-8840c3b e-con-full e-flex e-con e-child\" data-id=\"8840c3b\" data-element_type=\"container\" data-e-type=\"container\" data-settings=\"{&quot;ekit_has_onepagescroll_dot&quot;:&quot;yes&quot;}\">\n\t\t<div class=\"elementor-element elementor-element-ebf662a e-con-full e-flex e-con e-child\" data-id=\"ebf662a\" data-element_type=\"container\" data-e-type=\"container\" data-settings=\"{&quot;ekit_has_onepagescroll_dot&quot;:&quot;yes&quot;}\">\n\t\t\t\t<div class=\"elementor-element elementor-element-cb871d5 wd-width-100 elementor-widget elementor-widget-wd_title\" data-id=\"cb871d5\" data-element_type=\"widget\" data-e-type=\"widget\" data-settings=\"{&quot;ekit_we_effect_on&quot;:&quot;none&quot;}\" data-widget_type=\"wd_title.default\">\n\t\t\t\t<div class=\"elementor-widget-container\">\n\t\t\t\t\t\t\t<div class=\"title-wrapper wd-set-mb reset-last-child wd-title-color-default wd-title-style-underlined wd-title-size-default text-left\">\n\n\t\t\t\n\t\t\t<div class=\"liner-continer\">\n\t\t\t\t<h4 class=\"woodmart-title-container title wd-fontsize-l\">Gtartistoo offre une garantie de qualit\u00e9 d'un an pour toutes les machines \u00e0 tatouer.<\/h4> \n\t\t\t\t\t\t\t<\/div>\n\n\t\t\t\t\t<\/div>\n\t\t\t\t\t\t<\/div>\n\t\t\t\t<\/div>\n\t\t\t\t<\/div>\n\t\t<div class=\"elementor-element elementor-element-ca8f67d e-con-full e-flex e-con e-child\" data-id=\"ca8f67d\" data-element_type=\"container\" data-e-type=\"container\" data-settings=\"{&quot;ekit_has_onepagescroll_dot&quot;:&quot;yes&quot;}\">\n\t\t\t\t<div class=\"elementor-element elementor-element-3b1230c elementor-widget elementor-widget-wd_text_block\" data-id=\"3b1230c\" data-element_type=\"widget\" data-e-type=\"widget\" data-settings=\"{&quot;ekit_we_effect_on&quot;:&quot;none&quot;}\" data-widget_type=\"wd_text_block.default\">\n\t\t\t\t<div class=\"elementor-widget-container\">\n\t\t\t\t\t\t\t<div class=\"wd-text-block reset-last-child text-left color-title\">\n\t\t\t\n\t\t\t<p>Nous sommes convaincus que nous fabriquons certains des produits les plus innovants au monde, et nous voulons appuyer cette conviction en offrant une garantie sans risque.\u00a0<b>Garantie de 360 jours.<\/b><\/p><p>Si vous n'avez pas une exp\u00e9rience positive pour quelque raison que ce soit, nous ferons tout ce qui est en notre pouvoir pour que vous soyez 100% satisfait de votre achat. L'achat d'articles en ligne peut \u00eatre intimidant, c'est pourquoi nous voulons que vous sachiez qu'il n'y a absolument aucun risque \u00e0 acheter quelque chose sur notre site Web. Si vous n'\u00eates pas satisfait, nous ferons le n\u00e9cessaire.<\/p><p><b>La garantie d'un an est annul\u00e9e si vous :<\/b><\/p><p>- Surgraissage de la machine<\/p><p>- L'appareil est tomb\u00e9 en panne<\/p><p>- Moteur d\u00e9r\u00e9gl\u00e9<\/p><p>- Remplacement de pi\u00e8ces par vos propres moyens<\/p><p>Si vous avez des questions ou des pr\u00e9occupations, ou si vous avez besoin de recommandations sur un produit, vous pouvez toujours nous contacter ! Vous pouvez nous joindre par courrier \u00e9lectronique \u00e0 l'adresse suivante\u00a0<a href=\"mailto:service@gtartistoo.com\">service@gtartistoo.com<\/a>. Veuillez indiquer le num\u00e9ro de commande, les photos du produit et la vid\u00e9o lorsque vous envoyez l'e-mail de v\u00e9rification de la garantie. Ces informations peuvent acc\u00e9l\u00e9rer le processus de v\u00e9rification. Le r\u00e9sultat de la v\u00e9rification vous sera envoy\u00e9 par courrier \u00e9lectronique.<\/p><ol><li>Si l'appareil tombe en panne dans les 30 jours suivant la r\u00e9ception de la commande et qu'il n'est toujours pas r\u00e9par\u00e9 apr\u00e8s avoir contact\u00e9 le service client\u00e8le, nous vous enverrons un nouvel appareil gratuitement.<\/li><li>Si l'appareil tombe en panne pendant la p\u00e9riode de garantie, nous assurons une maintenance gratuite. Les probl\u00e8mes des machines ne peuvent pas \u00eatre r\u00e9solus par l'assistance \u00e0 distance ; vous pouvez envoyer la machine \u00e0 notre adresse de maintenance pour une maintenance gratuite. Dans le m\u00eame temps, l'acheteur paiera les frais d'exp\u00e9dition pour le renvoi de la machine.<\/li><\/ol><p>Vous pouvez nous contacter 24 heures sur 24, 7 jours sur 7, et nous vous r\u00e9pondrons dans les 24 heures.<\/p>\n\t\t\t\t\t<\/div>\n\t\t\t\t\t\t<\/div>\n\t\t\t\t<\/div>\n\t\t\t\t<\/div>\n\t\t\t\t<\/div>\n\t\t<div class=\"elementor-element elementor-element-b9349fd e-con-full e-flex e-con e-child\" data-id=\"b9349fd\" data-element_type=\"container\" data-e-type=\"container\" data-settings=\"{&quot;ekit_has_onepagescroll_dot&quot;:&quot;yes&quot;}\">\n\t\t\t\t<div class=\"elementor-element elementor-element-142951f wd-width-100 elementor-widget elementor-widget-wd_title\" data-id=\"142951f\" data-element_type=\"widget\" data-e-type=\"widget\" data-settings=\"{&quot;ekit_we_effect_on&quot;:&quot;none&quot;}\" data-widget_type=\"wd_title.default\">\n\t\t\t\t<div class=\"elementor-widget-container\">\n\t\t\t\t\t\t\t<div class=\"title-wrapper wd-set-mb reset-last-child wd-title-color-default wd-title-style-default wd-title-size-default text-left\">\n\n\t\t\t\n\t\t\t<div class=\"liner-continer\">\n\t\t\t\t<h4 class=\"woodmart-title-container title wd-fontsize-l\">Contactez l'\u00e9quipe de Gtartistoo et nous vous r\u00e9pondrons dans les 24 heures.<\/h4> \n\t\t\t\t\t\t\t<\/div>\n\n\t\t\t\t\t<\/div>\n\t\t\t\t\t\t<\/div>\n\t\t\t\t<\/div>\n\t\t\t\t<div class=\"elementor-element elementor-element-fc0b7b3 elementor-widget elementor-widget-wpforms\" data-id=\"fc0b7b3\" data-element_type=\"widget\" data-e-type=\"widget\" data-settings=\"{&quot;ekit_we_effect_on&quot;:&quot;none&quot;}\" data-widget_type=\"wpforms.default\">\n\t\t\t\t<div class=\"elementor-widget-container\">\n\t\t\t\t\t<style id=\"wpforms-css-vars-elementor-widget-fc0b7b3\">\n\t\t\t\t.elementor-widget-wpforms.elementor-element-fc0b7b3 {\n\t\t\t\t--wpforms-field-border-color: #cccccc;\n--wpforms-field-border-color-spare: #cccccc;\n--wpforms-field-text-color: #444444;\n--wpforms-label-color: #262626;\n--wpforms-label-sublabel-color: #7f7f7f;\n--wpforms-label-error-color: #ff0000;\n--wpforms-button-border-style: solid;\n--wpforms-button-background-color: #dddddd;\n--wpforms-button-border-color: #cccccc;\n--wpforms-button-text-color: #666666;\n--wpforms-page-break-color: #dddddd;\n--wpforms-label-size-font-size: 14px;\n--wpforms-label-size-line-height: 17px;\n--wpforms-label-size-sublabel-font-size: 13px;\n--wpforms-label-size-sublabel-line-height: 16px;\n\t\t\t}\n\t\t\t<\/style><div class=\"wpforms-container wpforms-container-full wpforms-render-modern\" id=\"wpforms-30159\"><form id=\"wpforms-form-30159\" class=\"wpforms-validate wpforms-form wpforms-ajax-form\" data-formid=\"30159\" method=\"post\" enctype=\"multipart\/form-data\" action=\"\/fr\/wp-json\/wp\/v2\/pages\/29521\" data-token=\"068e6205b9746f7dba76657cb284d7c4\" data-token-time=\"1776601200\" data-trp-original-action=\"\/fr\/wp-json\/wp\/v2\/pages\/29521\"><noscript class=\"wpforms-error-noscript\">Veuillez activer JavaScript dans votre navigateur pour remplir ce formulaire.<\/noscript><div id=\"wpforms-error-noscript\" style=\"display: none;\">Veuillez activer JavaScript dans votre navigateur pour remplir ce formulaire.<\/div><div class=\"wpforms-field-container\"><div id=\"wpforms-30159-field_8-container\" class=\"wpforms-field wpforms-field-name\" data-field-id=\"8\"><fieldset><legend class=\"wpforms-field-label\">Nom <span class=\"wpforms-required-label\" aria-hidden=\"true\">*<\/span><\/legend><div class=\"wpforms-field-row wpforms-field-medium\"><div class=\"wpforms-field-row-block wpforms-first wpforms-one-half\"><input type=\"text\" id=\"wpforms-30159-field_8\" class=\"wpforms-field-name-first wpforms-field-required\" name=\"wpforms[fields][8][first]\" aria-errormessage=\"wpforms-30159-field_8-error\" required><label for=\"wpforms-30159-field_8\" class=\"wpforms-field-sublabel after\">Pr\u00e9nom<\/label><\/div><div class=\"wpforms-field-row-block wpforms-one-half\"><input type=\"text\" id=\"wpforms-30159-field_8-last\" class=\"wpforms-field-name-last wpforms-field-required\" name=\"wpforms[fields][8][last]\" aria-errormessage=\"wpforms-30159-field_8-last-error\" required><label for=\"wpforms-30159-field_8-last\" class=\"wpforms-field-sublabel after\">Nom<\/label><\/div><\/div><\/fieldset><\/div>\t\t<div id=\"wpforms-30159-field_1-container\"\n\t\t\tclass=\"wpforms-field wpforms-field-text\"\n\t\t\tdata-field-type=\"text\"\n\t\t\tdata-field-id=\"1\"\n\t\t\t>\n\t\t\t<label class=\"wpforms-field-label\" for=\"wpforms-30159-field_1\" >Objet Message \u00e9lectronique<\/label>\n\t\t\t<input type=\"text\" id=\"wpforms-30159-field_1\" class=\"wpforms-field-medium\" name=\"wpforms[fields][1]\" >\n\t\t<\/div>\n\t\t<div id=\"wpforms-30159-field_7-container\" class=\"wpforms-field wpforms-field-email\" data-field-id=\"7\"><label class=\"wpforms-field-label\" for=\"wpforms-30159-field_7\">Courriel <span class=\"wpforms-required-label\" aria-hidden=\"true\">*<\/span><\/label><input type=\"email\" id=\"wpforms-30159-field_7\" class=\"wpforms-field-medium wpforms-field-required\" name=\"wpforms[fields][7]\" spellcheck=\"false\" aria-errormessage=\"wpforms-30159-field_7-error\" required><\/div><div id=\"wpforms-30159-field_11-container\" class=\"wpforms-field wpforms-field-text\" data-field-id=\"11\"><label class=\"wpforms-field-label\" for=\"wpforms-30159-field_11\">Sujet<\/label><input type=\"text\" id=\"wpforms-30159-field_11\" class=\"wpforms-field-medium\" name=\"wpforms[fields][11]\" aria-errormessage=\"wpforms-30159-field_11-error\" ><\/div><div id=\"wpforms-30159-field_10-container\" class=\"wpforms-field wpforms-field-textarea\" data-field-id=\"10\"><label class=\"wpforms-field-label\" for=\"wpforms-30159-field_10\">Message<\/label><textarea id=\"wpforms-30159-field_10\" class=\"wpforms-field-medium\" name=\"wpforms[fields][10]\" aria-errormessage=\"wpforms-30159-field_10-error\" ><\/textarea><\/div><script>\n\t\t\t\t( function() {\n\t\t\t\t\tconst style = document.createElement( 'style' );\n\t\t\t\t\tstyle.appendChild( document.createTextNode( '#wpforms-30159-field_1-container { position: absolute !important; overflow: hidden !important; display: inline !important; height: 1px !important; width: 1px !important; z-index: -1000 !important; padding: 0 !important; } #wpforms-30159-field_1-container input { visibility: hidden; } #wpforms-conversational-form-page #wpforms-30159-field_1-container label { counter-increment: none; }' ) );\n\t\t\t\t\tdocument.head.appendChild( style );\n\t\t\t\t\tdocument.currentScript?.remove();\n\t\t\t\t} )();\n\t\t\t<\/script><\/div><!-- .wpforms-field-container --><div class=\"wpforms-submit-container\" ><input type=\"hidden\" name=\"wpforms[id]\" value=\"30159\"><input type=\"hidden\" name=\"page_title\" value=\"\"><input type=\"hidden\" name=\"page_url\" value=\"https:\/\/gtartistoo.com\/fr\/wp-json\/wp\/v2\/pages\/29521\"><input type=\"hidden\" name=\"url_referer\" value=\"\"><button type=\"submit\" name=\"wpforms[submit]\" id=\"wpforms-submit-30159\" class=\"wpforms-submit\" data-alt-text=\"Sending...\" data-submit-text=\"Submit\" aria-live=\"assertive\" value=\"wpforms-submit\">Soumettre<\/button><img decoding=\"async\" src=\"https:\/\/gtartistoo.com\/wp-content\/plugins\/wpforms-lite\/assets\/images\/submit-spin.svg\" class=\"wpforms-submit-spinner\" style=\"display: none;\" width=\"26\" height=\"26\" alt=\"Chargement en cours\"><\/div><input type=\"hidden\" name=\"trp-form-language\" value=\"fr\"\/><\/form><\/div>  <!-- .wpforms-container -->\t\t\t\t<\/div>\n\t\t\t\t<\/div>\n\t\t\t\t<\/div>\n\t\t\t\t\t<\/div>\n\t\t\t\t<\/div>\n\t\t\t\t<\/div>","protected":false},"excerpt":{"rendered":"<p>Gtartistoo offre une garantie de qualit\u00e9 d'un an pour toutes les machines \u00e0 tatouer. Nous croyons sinc\u00e8rement que nous fabriquons certains des produits les plus innovants.<\/p>","protected":false},"author":1,"featured_media":0,"parent":0,"menu_order":0,"comment_status":"closed","ping_status":"closed","template":"","meta":{"footnotes":""},"class_list":["post-29521","page","type-page","status-publish","hentry"],"yoast_head":"<!-- This site is optimized with the Yoast SEO Premium plugin v26.2 (Yoast SEO v26.2) - https:\/\/yoast.com\/wordpress\/plugins\/seo\/ -->\n<title>Warranty Policy - gtartistoo.com<\/title>\n<meta name=\"robots\" content=\"noindex, nofollow\" \/>\n<meta property=\"og:locale\" content=\"fr_FR\" \/>\n<meta property=\"og:type\" content=\"article\" \/>\n<meta property=\"og:title\" content=\"Warranty Policy\" \/>\n<meta property=\"og:description\" content=\"Gtartistoo offers a 1-Year Quality\u00a0Warranty for all Tattoo Machines. We truly believe we make some of the most innovative products\" \/>\n<meta property=\"og:url\" content=\"https:\/\/gtartistoo.com\/fr\/politique-de-garantie\/\" \/>\n<meta property=\"og:site_name\" content=\"gtartistoo.com\" \/>\n<meta property=\"article:modified_time\" content=\"2026-01-12T07:21:09+00:00\" \/>\n<meta property=\"og:image\" content=\"https:\/\/gtartistoo.com\/wp-content\/plugins\/wpforms-lite\/assets\/images\/submit-spin.svg\" \/>\n<meta name=\"twitter:card\" content=\"summary_large_image\" \/>\n<meta name=\"twitter:label1\" content=\"Dur\u00e9e de lecture estim\u00e9e\" \/>\n\t<meta name=\"twitter:data1\" content=\"2 minutes\" \/>\n<script type=\"application\/ld+json\" class=\"yoast-schema-graph\">{\"@context\":\"https:\/\/schema.org\",\"@graph\":[{\"@type\":\"WebPage\",\"@id\":\"https:\/\/gtartistoo.com\/warranty-policy\/\",\"url\":\"https:\/\/gtartistoo.com\/warranty-policy\/\",\"name\":\"Warranty Policy - gtartistoo.com\",\"isPartOf\":{\"@id\":\"https:\/\/gtartistoo.com\/#website\"},\"primaryImageOfPage\":{\"@id\":\"https:\/\/gtartistoo.com\/warranty-policy\/#primaryimage\"},\"image\":{\"@id\":\"https:\/\/gtartistoo.com\/warranty-policy\/#primaryimage\"},\"thumbnailUrl\":\"https:\/\/gtartistoo.com\/wp-content\/plugins\/wpforms-lite\/assets\/images\/submit-spin.svg\",\"datePublished\":\"2025-10-21T06:19:12+00:00\",\"dateModified\":\"2026-01-12T07:21:09+00:00\",\"breadcrumb\":{\"@id\":\"https:\/\/gtartistoo.com\/warranty-policy\/#breadcrumb\"},\"inLanguage\":\"fr-FR\",\"potentialAction\":[{\"@type\":\"ReadAction\",\"target\":[\"https:\/\/gtartistoo.com\/warranty-policy\/\"]}]},{\"@type\":\"ImageObject\",\"inLanguage\":\"fr-FR\",\"@id\":\"https:\/\/gtartistoo.com\/warranty-policy\/#primaryimage\",\"url\":\"https:\/\/gtartistoo.com\/wp-content\/plugins\/wpforms-lite\/assets\/images\/submit-spin.svg\",\"contentUrl\":\"https:\/\/gtartistoo.com\/wp-content\/plugins\/wpforms-lite\/assets\/images\/submit-spin.svg\"},{\"@type\":\"BreadcrumbList\",\"@id\":\"https:\/\/gtartistoo.com\/warranty-policy\/#breadcrumb\",\"itemListElement\":[{\"@type\":\"ListItem\",\"position\":1,\"name\":\"Home\",\"item\":\"https:\/\/gtartistoo.com\/\"},{\"@type\":\"ListItem\",\"position\":2,\"name\":\"Warranty Policy\"}]},{\"@type\":\"WebSite\",\"@id\":\"https:\/\/gtartistoo.com\/#website\",\"url\":\"https:\/\/gtartistoo.com\/\",\"name\":\"gtartistoo.com\",\"description\":\"\",\"publisher\":{\"@id\":\"https:\/\/gtartistoo.com\/#organization\"},\"potentialAction\":[{\"@type\":\"SearchAction\",\"target\":{\"@type\":\"EntryPoint\",\"urlTemplate\":\"https:\/\/gtartistoo.com\/?s={search_term_string}\"},\"query-input\":{\"@type\":\"PropertyValueSpecification\",\"valueRequired\":true,\"valueName\":\"search_term_string\"}}],\"inLanguage\":\"fr-FR\"},{\"@type\":\"Organization\",\"@id\":\"https:\/\/gtartistoo.com\/#organization\",\"name\":\"gtartistoo.com\",\"url\":\"https:\/\/gtartistoo.com\/\",\"logo\":{\"@type\":\"ImageObject\",\"inLanguage\":\"fr-FR\",\"@id\":\"https:\/\/gtartistoo.com\/#\/schema\/logo\/image\/\",\"url\":\"https:\/\/gtartistoo.com\/wp-content\/uploads\/2025\/10\/logo.svg\",\"contentUrl\":\"https:\/\/gtartistoo.com\/wp-content\/uploads\/2025\/10\/logo.svg\",\"width\":369,\"height\":124,\"caption\":\"gtartistoo.com\"},\"image\":{\"@id\":\"https:\/\/gtartistoo.com\/#\/schema\/logo\/image\/\"}}]}<\/script>\n<!-- \/ Yoast SEO Premium plugin. -->","yoast_head_json":{"title":"Politique de garantie - gtartistoo.com","robots":{"index":"noindex","follow":"nofollow"},"og_locale":"fr_FR","og_type":"article","og_title":"Warranty Policy","og_description":"Gtartistoo offers a 1-Year Quality\u00a0Warranty for all Tattoo Machines. We truly believe we make some of the most innovative products","og_url":"https:\/\/gtartistoo.com\/fr\/politique-de-garantie\/","og_site_name":"gtartistoo.com","article_modified_time":"2026-01-12T07:21:09+00:00","og_image":[{"url":"https:\/\/gtartistoo.com\/wp-content\/plugins\/wpforms-lite\/assets\/images\/submit-spin.svg","type":"","width":"","height":""}],"twitter_card":"summary_large_image","twitter_misc":{"Dur\u00e9e de lecture estim\u00e9e":"2 minutes"},"schema":{"@context":"https:\/\/schema.org","@graph":[{"@type":"WebPage","@id":"https:\/\/gtartistoo.com\/warranty-policy\/","url":"https:\/\/gtartistoo.com\/warranty-policy\/","name":"Politique de garantie - gtartistoo.com","isPartOf":{"@id":"https:\/\/gtartistoo.com\/#website"},"primaryImageOfPage":{"@id":"https:\/\/gtartistoo.com\/warranty-policy\/#primaryimage"},"image":{"@id":"https:\/\/gtartistoo.com\/warranty-policy\/#primaryimage"},"thumbnailUrl":"https:\/\/gtartistoo.com\/wp-content\/plugins\/wpforms-lite\/assets\/images\/submit-spin.svg","datePublished":"2025-10-21T06:19:12+00:00","dateModified":"2026-01-12T07:21:09+00:00","breadcrumb":{"@id":"https:\/\/gtartistoo.com\/warranty-policy\/#breadcrumb"},"inLanguage":"fr-FR","potentialAction":[{"@type":"ReadAction","target":["https:\/\/gtartistoo.com\/warranty-policy\/"]}]},{"@type":"ImageObject","inLanguage":"fr-FR","@id":"https:\/\/gtartistoo.com\/warranty-policy\/#primaryimage","url":"https:\/\/gtartistoo.com\/wp-content\/plugins\/wpforms-lite\/assets\/images\/submit-spin.svg","contentUrl":"https:\/\/gtartistoo.com\/wp-content\/plugins\/wpforms-lite\/assets\/images\/submit-spin.svg"},{"@type":"BreadcrumbList","@id":"https:\/\/gtartistoo.com\/warranty-policy\/#breadcrumb","itemListElement":[{"@type":"ListItem","position":1,"name":"Home","item":"https:\/\/gtartistoo.com\/"},{"@type":"ListItem","position":2,"name":"Warranty Policy"}]},{"@type":"WebSite","@id":"https:\/\/gtartistoo.com\/#website","url":"https:\/\/gtartistoo.com\/","name":"gtartistoo.com","description":"","publisher":{"@id":"https:\/\/gtartistoo.com\/#organization"},"potentialAction":[{"@type":"SearchAction","target":{"@type":"EntryPoint","urlTemplate":"https:\/\/gtartistoo.com\/?s={search_term_string}"},"query-input":{"@type":"PropertyValueSpecification","valueRequired":true,"valueName":"search_term_string"}}],"inLanguage":"fr-FR"},{"@type":"Organization","@id":"https:\/\/gtartistoo.com\/#organization","name":"gtartistoo.com","url":"https:\/\/gtartistoo.com\/","logo":{"@type":"ImageObject","inLanguage":"fr-FR","@id":"https:\/\/gtartistoo.com\/#\/schema\/logo\/image\/","url":"https:\/\/gtartistoo.com\/wp-content\/uploads\/2025\/10\/logo.svg","contentUrl":"https:\/\/gtartistoo.com\/wp-content\/uploads\/2025\/10\/logo.svg","width":369,"height":124,"caption":"gtartistoo.com"},"image":{"@id":"https:\/\/gtartistoo.com\/#\/schema\/logo\/image\/"}}]}},"_hostinger_reach_plugin_has_subscription_block":false,"_hostinger_reach_plugin_is_elementor":false,"_links":{"self":[{"href":"https:\/\/gtartistoo.com\/fr\/wp-json\/wp\/v2\/pages\/29521","targetHints":{"allow":["GET"]}}],"collection":[{"href":"https:\/\/gtartistoo.com\/fr\/wp-json\/wp\/v2\/pages"}],"about":[{"href":"https:\/\/gtartistoo.com\/fr\/wp-json\/wp\/v2\/types\/page"}],"author":[{"embeddable":true,"href":"https:\/\/gtartistoo.com\/fr\/wp-json\/wp\/v2\/users\/1"}],"replies":[{"embeddable":true,"href":"https:\/\/gtartistoo.com\/fr\/wp-json\/wp\/v2\/comments?post=29521"}],"version-history":[{"count":6,"href":"https:\/\/gtartistoo.com\/fr\/wp-json\/wp\/v2\/pages\/29521\/revisions"}],"predecessor-version":[{"id":30166,"href":"https:\/\/gtartistoo.com\/fr\/wp-json\/wp\/v2\/pages\/29521\/revisions\/30166"}],"wp:attachment":[{"href":"https:\/\/gtartistoo.com\/fr\/wp-json\/wp\/v2\/media?parent=29521"}],"curies":[{"name":"wp","href":"https:\/\/api.w.org\/{rel}","templated":true}]}}