{"id":29533,"date":"2025-10-21T07:05:13","date_gmt":"2025-10-21T07:05:13","guid":{"rendered":"https:\/\/gtartistoo.com\/?page_id=29533"},"modified":"2026-01-12T07:20:08","modified_gmt":"2026-01-12T07:20:08","slug":"conditions-generales","status":"publish","type":"page","link":"https:\/\/gtartistoo.com\/fr\/conditions-generales\/","title":{"rendered":"Conditions g\u00e9n\u00e9rales d'utilisation"},"content":{"rendered":"<div data-elementor-type=\"wp-page\" data-elementor-id=\"29533\" class=\"elementor elementor-29533\" data-elementor-post-type=\"page\">\n\t\t\t\t<div class=\"wd-negative-gap elementor-element elementor-element-0dcece5 e-flex e-con-boxed e-con e-parent\" data-id=\"0dcece5\" data-element_type=\"container\" data-e-type=\"container\" data-settings=\"{&quot;ekit_has_onepagescroll_dot&quot;:&quot;yes&quot;}\">\n\t\t\t\t\t<div class=\"e-con-inner\">\n\t\t\t\t<div class=\"elementor-element elementor-element-6601e7e elementor-widget elementor-widget-wd_text_block\" data-id=\"6601e7e\" data-element_type=\"widget\" data-e-type=\"widget\" data-settings=\"{&quot;ekit_we_effect_on&quot;:&quot;none&quot;}\" data-widget_type=\"wd_text_block.default\">\n\t\t\t\t<div class=\"elementor-widget-container\">\n\t\t\t\t\t\t\t<div class=\"wd-text-block reset-last-child text-left color-title\">\n\t\t\t\n\t\t\t<p>Les pr\u00e9sentes conditions de service (ci-apr\u00e8s d\u00e9nomm\u00e9es \"conditions\") sont conclues entre gtartistoo (exploit\u00e9 par Yiwu Yiran E-commerce Co., Ltd, ci-apr\u00e8s d\u00e9nomm\u00e9 \"nous\", dont l'adresse est Room 906, Building 3, Qingyunli, Fotang Town, Yiwu City, Jinhua City, Zhejiang Province) et les utilisateurs qui utilisent notre site web (domaine : https:\/\/gtartistoo.com, ci-apr\u00e8s d\u00e9nomm\u00e9 le \"site web\") et les services connexes (ci-apr\u00e8s d\u00e9nomm\u00e9s \"vous\" ou \"votre\"). En acc\u00e9dant au site web, en y naviguant, en achetant des produits et en utilisant des services par l'interm\u00e9diaire du site web, vous signifiez que vous avez enti\u00e8rement lu, compris et accept\u00e9 de vous conformer \u00e0 l'ensemble du contenu des pr\u00e9sentes conditions, ainsi qu'aux r\u00e8gles compl\u00e9mentaires (le cas \u00e9ch\u00e9ant) que nous avons publi\u00e9es, telles que les conditions g\u00e9n\u00e9rales d'utilisation du site web. <em>Politique de confidentialit\u00e9<\/em> et <em>Politique de retour et de garantie<\/em> (collectivement d\u00e9nomm\u00e9es \"r\u00e8gles de la plate-forme\" ci-apr\u00e8s). Si vous n'acceptez pas les pr\u00e9sentes conditions ou les r\u00e8gles de la plate-forme, veuillez ne pas utiliser le site web et les services connexes.<\/p><p><b>1. Champ d'application et d\u00e9finitions<\/b><\/p><p>Champ d'application : Les pr\u00e9sentes conditions s'appliquent \u00e0 toutes les relations juridiques d\u00e9coulant de tous les services du site web (y compris la vente de fournitures professionnelles de tatouage, le traitement des commandes, l'assistance apr\u00e8s-vente, la consultation d'informations, etc.) entre vous et nous, y compris, mais sans s'y limiter, les utilisateurs qui naviguent, les utilisateurs qui ach\u00e8tent et les utilisateurs qui soumettent du contenu (s'il y en a).<\/p><p>D\u00e9finitions cl\u00e9s :<\/p><ul><li>\"Produits\" : D\u00e9signe les diverses fournitures de tatouage professionnel pr\u00e9sent\u00e9es et vendues sur le site Web, y compris, mais sans s'y limiter, les encres de tatouage biologiques (par exemple, 15ML 8 couleurs\/14 couleurs\/16 couleurs, etc.), le mat\u00e9riel de tatouage (par exemple, stylos de tatouage, machines \u00e0 tatouer, etc.) et les accessoires connexes (sous r\u00e9serve de la description sur la page des d\u00e9tails du produit) ;<\/li><li>\"Commandes\" : D\u00e9signe les demandes d'achat que vous soumettez par l'interm\u00e9diaire du site web, y compris les informations sur les produits, les informations sur la livraison, les informations sur le paiement et d'autres contenus ;<\/li><li>\"Services\" : Tous les services que nous vous fournissons en rapport avec les fournitures de tatouage professionnel, tels que la consultation avant-vente, le traitement des commandes, le suivi logistique, l'entretien apr\u00e8s-vente et l'assistance au titre de la garantie.<\/li><\/ul><p><b>2. Droits et obligations de l'utilisateur<\/b><\/p><p>Vos droits :<\/p><ul><li>Acc\u00e9der l\u00e9galement aux informations publiques sur le site web et se renseigner sur les d\u00e9tails, les prix, les sp\u00e9cifications et les param\u00e8tres, la logistique et les politiques d'apr\u00e8s-vente des fournitures de tatouage professionnelles ;<\/li><li>Acheter des fournitures de tatouage professionnel par l'interm\u00e9diaire du site web et obtenir les services correspondants conform\u00e9ment aux pr\u00e9sentes conditions et aux r\u00e8gles de la plate-forme ;<\/li><li>Soumettre des demandes, des plaintes ou des suggestions concernant des produits ou des services, et nous y r\u00e9pondrons conform\u00e9ment \u00e0 la r\u00e9glementation en vigueur ;<\/li><li>B\u00e9n\u00e9ficier l\u00e9galement des services de retour, d'\u00e9change et de garantie que nous avons promis (sous r\u00e9serve de la <em>Politique de retour et de garantie<\/em>).<\/li><\/ul><p>Vos obligations :<\/p><ul><li>Fournir des informations personnelles v\u00e9ridiques, exactes et compl\u00e8tes (telles que le nom, les coordonn\u00e9es, l'adresse de livraison, etc.) lors de l'enregistrement ou de l'utilisation du site web, et mettre \u00e0 jour les informations en temps utile pour garantir leur validit\u00e9 ;<\/li><li>Respecter les lois et r\u00e9glementations nationales ainsi que les pr\u00e9sentes conditions, et ne pas utiliser le site web pour des activit\u00e9s ill\u00e9gales (telles que la diffusion d'informations ill\u00e9gales, la fraude, le blanchiment d'argent, etc.) ou enfreindre les droits de propri\u00e9t\u00e9 intellectuelle, les droits \u00e0 la vie priv\u00e9e et les autres droits et int\u00e9r\u00eats l\u00e9gitimes de nous-m\u00eames ou de tiers ;<\/li><li>conserver correctement les informations relatives \u00e0 votre compte (le cas \u00e9ch\u00e9ant) et assumer la responsabilit\u00e9 de toutes les op\u00e9rations effectu\u00e9es \u00e0 l'aide du compte. En cas de vol du compte, vous devez nous en informer imm\u00e9diatement ;<\/li><li>ne doit pas interf\u00e9rer avec le fonctionnement normal du site web par des moyens techniques (tels que des robots, des virus, des logiciels malveillants, etc.), ni alt\u00e9rer ou voler les donn\u00e9es et le contenu du site web.<\/li><\/ul><p><b>3. R\u00e8gles d'ordre et de transaction<\/b><\/p><p>Soumission et confirmation de la commande :<\/p><ul><li>Lorsque vous passez une commande sur le site web, vous devez confirmer que les informations relatives au produit (telles que la couleur et les sp\u00e9cifications des encres de tatouage, le mod\u00e8le de l'\u00e9quipement de tatouage), l'adresse de livraison, le montant du paiement et d'autres \u00e9l\u00e9ments sont corrects ; le fait de passer une commande est uniquement consid\u00e9r\u00e9 comme l'\u00e9mission d'une offre d'achat, et nous avons le droit de d\u00e9cider d'accepter ou non l'offre (c'est-\u00e0-dire de confirmer la commande) en fonction de l'inventaire, de la conformit\u00e9 du produit et d'autres facteurs ;<\/li><li>Si la commande ne peut \u00eatre confirm\u00e9e pour des raisons telles qu'un stock insuffisant ou une tarification incorrecte, nous vous en informerons rapidement et vous rembourserons le montant pay\u00e9 (le cas \u00e9ch\u00e9ant).<\/li><\/ul><p>Prix et paiement :<\/p><ul><li>Les prix des produits sur le site web sont soumis \u00e0 l'affichage en temps r\u00e9el sur la page des d\u00e9tails du produit. Nous nous r\u00e9servons le droit d'ajuster les prix en fonction des conditions du march\u00e9, et ces ajustements ne s'appliquent pas aux commandes confirm\u00e9es ;<\/li><li>Vous devez effectuer le paiement en temps utile conform\u00e9ment au mode de paiement indiqu\u00e9 dans la commande. Si le paiement n'est pas effectu\u00e9 dans le d\u00e9lai imparti, la commande sera automatiquement annul\u00e9e (sauf accords sp\u00e9ciaux) ; les frais de traitement encourus au cours du processus de paiement (tels que les frais de paiement transfrontalier) seront support\u00e9s conform\u00e9ment aux r\u00e8gles de la plateforme de paiement ou aux accords conclus entre les deux parties.<\/li><\/ul><p>Logistique et livraison :<\/p><ul><li>Nous confierons \u00e0 des prestataires de services logistiques tiers (tels que YunExpress, 4PX Express, etc., en fonction des d\u00e9tails de la commande) le soin de livrer les produits conform\u00e9ment \u00e0 l'adresse de livraison indiqu\u00e9e dans votre commande. Le d\u00e9lai de livraison et le fret seront mis en \u0153uvre conform\u00e9ment aux <em>Politique logistique<\/em> publi\u00e9 sur le site web ;<\/li><li>Vous devez signer pour les produits en temps voulu. Avant de signer, veuillez v\u00e9rifier si la quantit\u00e9, l'apparence et les sp\u00e9cifications des produits sont conformes \u00e0 la commande, et confirmer que l'emballage de l'encre de tatouage est intact et que le mat\u00e9riel de tatouage n'est pas endommag\u00e9 ; si vous constatez que les produits sont endommag\u00e9s, manquants ou mal livr\u00e9s, vous devez refuser de signer et contacter imm\u00e9diatement notre service client\u00e8le. Si vous constatez que les produits sont endommag\u00e9s, manquants ou mal livr\u00e9s, vous devez refuser de signer et contacter imm\u00e9diatement notre service client\u00e8le. L'absence de r\u00e9clamation dans le d\u00e9lai imparti est consid\u00e9r\u00e9e comme une livraison en bon \u00e9tat.<\/li><\/ul><p><b>4. Services apr\u00e8s-vente et de garantie<\/b><\/p><p>Retour et \u00e9change :<\/p><ul><li>Si vous n'\u00eates pas satisfait des produits, vous pouvez demander le retour ou l'\u00e9change dans les 7 jours suivant la r\u00e9ception des produits conform\u00e9ment \u00e0 la <em>Politique de retour et de garantie<\/em> (les produits doivent \u00eatre non ouverts, non utilis\u00e9s, non endommag\u00e9s et l'emballage doit \u00eatre intact ; les encres de tatouage doivent rester dans leur \u00e9tat scell\u00e9 d'origine) ;<\/li><li>Pour les retours\/\u00e9changes dus \u00e0 des probl\u00e8mes de qualit\u00e9 des produits (tels que des encres de tatouage d\u00e9t\u00e9rior\u00e9es, du mat\u00e9riel de tatouage non fonctionnel), les frais de transport aller-retour sont \u00e0 notre charge ; pour les retours\/\u00e9changes dus \u00e0 des raisons personnelles (telles qu'un achat erron\u00e9, une aversion), les frais de transport pour le retour des produits sont \u00e0 votre charge, et nous ne prenons en charge que les frais de r\u00e9exp\u00e9dition (sauf accords sp\u00e9ciaux).<\/li><\/ul><p>Service de garantie :<\/p><ul><li>Nous fournissons un service de garantie de qualit\u00e9 d'un an pour le mat\u00e9riel de tatouage vendu sur le site Web (calcul\u00e9 \u00e0 partir de la date \u00e0 laquelle vous signez pour les produits), et une garantie de qualit\u00e9 de 30 jours pour les encres de tatouage apr\u00e8s la livraison (la port\u00e9e de la garantie comprend la d\u00e9t\u00e9rioration de l'encre, les fuites, etc.) L'\u00e9tendue et les proc\u00e9dures sp\u00e9cifiques de la garantie sont soumises aux conditions suivantes <em>Politique de retour et de garantie<\/em>;<\/li><li>Le service de garantie n'est pas valable si le produit fonctionne mal en raison des circonstances suivantes : \u2460 Lubrification excessive de l'\u00e9quipement de tatouage ; \u2461 Dommages d'origine humaine caus\u00e9s par une chute, une collision, etc.\u2462 D\u00e9montage ou modification non autoris\u00e9s du moteur ou des composants centraux du mat\u00e9riel de tatouage ; \u2463 Remplacement de pi\u00e8ces non fournies par nous ; \u2464 D\u00e9t\u00e9rioration des encres de tatouage due \u00e0 un stockage inappropri\u00e9 (tel que l'exposition au soleil, la contamination) apr\u00e8s ouverture ; \u2465 Dommages caus\u00e9s par des cas de force majeure (tels que les catastrophes naturelles, les accidents).<\/li><\/ul><p>R\u00e9ponse apr\u00e8s-vente :<\/p><ul><li>Vous pouvez soumettre une demande de service apr\u00e8s-vente par l'interm\u00e9diaire de l'entr\u00e9e du service client\u00e8le sur le site Web ou par courrier \u00e9lectronique (service@gtartistoo.com). Lors de la soumission de la demande, vous devez fournir le num\u00e9ro de commande et des photos\/vid\u00e9os du produit (pour prouver le probl\u00e8me, tel que l'\u00e9cran d'erreur de l'\u00e9quipement de tatouage, la situation de fuite d'encre) ;<\/li><li>Nous examinerons la demande et communiquerons le plan de traitement dans les deux jours ouvrables suivant la r\u00e9ception de la demande. Le cycle g\u00e9n\u00e9ral de r\u00e9paration sous garantie est de 7 \u00e0 15 jours ouvrables (hors temps de logistique).<\/li><\/ul><p><b>5. Protection de la vie priv\u00e9e<\/b><\/p><p>Nous attachons une grande importance \u00e0 la protection de vos informations personnelles et nous nous engageons \u00e0 collecter, utiliser, stocker et prot\u00e9ger vos informations (nom, coordonn\u00e9es, adresse de livraison, informations de paiement, etc. <em>Politique de confidentialit\u00e9<\/em>;<\/p><p>Nous ne divulguerons pas vos informations personnelles \u00e0 des tiers sans votre autorisation, sauf si cela est requis par les lois, les r\u00e9glementations gouvernementales ou pour l'ex\u00e9cution d'obligations en vertu des pr\u00e9sentes conditions (comme la fourniture d'informations sur la livraison au prestataire de services logistiques charg\u00e9 de la livraison).<\/p><p><b>6. Utilisations interdites<\/b><\/p><p>Vous ne devez pas utiliser le site web et les services connexes pour les actes suivants ; dans le cas contraire, nous avons le droit de mettre fin aux services, de geler les commandes et nous nous r\u00e9servons le droit d'engager notre responsabilit\u00e9 juridique :<\/p><ul><li>Violation des lois et r\u00e8glements nationaux et diffusion d'informations ill\u00e9gales, violentes, pornographiques, diffamatoires et autres informations pr\u00e9judiciables ;<\/li><li>enfreindre les droits de propri\u00e9t\u00e9 intellectuelle de l'entreprise ou de tiers (par exemple, voler des images de produits et des descriptions de texte sur le site web, vendre des fournitures de tatouage contrefaites) ;<\/li><li>Falsifier des commandes, proc\u00e9der \u00e0 des brossages de commandes malveillants, obtenir des remises de mani\u00e8re inappropri\u00e9e ou faire des r\u00e9clamations malveillantes en profitant des r\u00e8gles de service apr\u00e8s-vente (comme endommager intentionnellement des produits et demander ensuite un retour) ;<\/li><li>Interf\u00e9rer avec le fonctionnement normal du site web, y compris, mais sans s'y limiter, envoyer des messages de spam, implanter des codes malveillants et attaquer des serveurs ;<\/li><li>d'autres actes qui violent les pr\u00e9sentes conditions ou portent atteinte aux droits et int\u00e9r\u00eats l\u00e9gitimes de l'entreprise ou d'autres utilisateurs.<\/li><\/ul><p><b>7. Limitation de la responsabilit\u00e9 et clause de non-responsabilit\u00e9<\/b><\/p><p>Les informations sur les produits (telles que les photos, les param\u00e8tres, les descriptions) fournies sur le site web le sont uniquement \u00e0 titre de r\u00e9f\u00e9rence. Nous nous sommes efforc\u00e9s de garantir l'exactitude des informations, mais en raison de facteurs tels que l'\u00e9clairage pendant la photographie, les diff\u00e9rences de moniteur et les diff\u00e9rences mineures dans la production des lots, l'apparence et la couleur r\u00e9elles des produits peuvent diff\u00e9rer l\u00e9g\u00e8rement des photos. Les produits r\u00e9els pr\u00e9valent ;<\/p><p>En ce qui concerne les retards de livraison des produits, les pertes ou les dommages caus\u00e9s par les retards du fournisseur de services logistiques, les cas de force majeure (tels que les catastrophes naturelles, les \u00e9pid\u00e9mies, les ajustements de politique) ou les informations de livraison incorrectes fournies par vous, nous vous aiderons \u00e0 n\u00e9gocier avec les parties concern\u00e9es pour r\u00e9soudre le probl\u00e8me, mais nous n'assumerons pas directement la responsabilit\u00e9 de l'indemnisation (sauf dans les cas o\u00f9 notre faute est en cause) ;<\/p><p>Le site web peut contenir des liens de tiers (tels que des liens vers des plateformes de paiement, des liens vers des demandes de renseignements logistiques). Nous ne sommes pas responsables du contenu, des services et de la s\u00e9curit\u00e9 des sites web de tiers. Vous devez assumer les risques li\u00e9s \u00e0 l'acc\u00e8s aux sites web de tiers par vos propres moyens ;<\/p><p>Dans la mesure o\u00f9 la loi le permet, nous n'assumons que la responsabilit\u00e9 de fournir des services \"en l'\u00e9tat\" dans le cadre des pr\u00e9sentes conditions. Nous ne garantissons pas que les services seront ininterrompus ou exempts d'erreurs, et nous ne prenons pas en charge les pertes indirectes (telles que les pertes de b\u00e9n\u00e9fices, les pertes li\u00e9es \u00e0 l'interruption des activit\u00e9s) r\u00e9sultant de votre utilisation des services.<\/p><p><b>8. Modification et r\u00e9siliation des conditions<\/b><\/p><p>Modification des conditions : Nous avons le droit de mettre \u00e0 jour les pr\u00e9sentes conditions en fonction des ajustements commerciaux ou des changements juridiques. Les conditions mises \u00e0 jour seront publi\u00e9es sur la page \"Conditions de service\" du site web. Si vous continuez \u00e0 utiliser les services du site web apr\u00e8s la publication, vous serez r\u00e9put\u00e9 avoir accept\u00e9 les conditions mises \u00e0 jour ;<\/p><p>R\u00e9siliation des conditions :<\/p><ul><li>Vous pouvez cesser d'utiliser les services du site web \u00e0 tout moment. Si vous ne respectez pas ces conditions, nous avons le droit de mettre fin imm\u00e9diatement aux services (y compris, mais sans s'y limiter, la fermeture du compte, l'annulation de la commande, le refus des services apr\u00e8s-vente) et nous ne rembourserons pas le montant pay\u00e9 (sauf en cas de faute de notre part) ;<\/li><li>Apr\u00e8s la r\u00e9siliation des pr\u00e9sentes conditions, les droits et obligations existants entre les deux parties (tels que les commandes non ex\u00e9cut\u00e9es, les responsabilit\u00e9s apr\u00e8s-vente, les obligations en mati\u00e8re de protection de la vie priv\u00e9e) continueront d'\u00eatre ex\u00e9cut\u00e9s conform\u00e9ment aux pr\u00e9sentes conditions.<\/li><\/ul><p><b>9. Droit applicable et r\u00e8glement des litiges<\/b><\/p><p>Les pr\u00e9sentes conditions sont r\u00e9gies par les lois de la R\u00e9publique populaire de Chine (\u00e0 l'exclusion des lois des r\u00e9gions de Hong Kong, Macao et Ta\u00efwan) ;<\/p><p>Les litiges survenant entre vous et nous en relation avec les pr\u00e9sentes conditions seront d'abord r\u00e9solus par une n\u00e9gociation amicale ; si la n\u00e9gociation \u00e9choue, l'une ou l'autre partie peut intenter une action en justice aupr\u00e8s du tribunal populaire comp\u00e9tent dans le lieu o\u00f9 se trouve notre entit\u00e9 op\u00e9rationnelle (c'est-\u00e0-dire la ville de Yiwu, la ville de Jinhua, la province de Zhejiang).<\/p><p><b>10. Divers<\/b><\/p><p>Les titres des pr\u00e9sentes conditions sont uniquement destin\u00e9s \u00e0 faciliter la lecture et n'affectent pas l'interpr\u00e9tation du contenu des conditions ;<\/p><p>Si une disposition des pr\u00e9sentes conditions est jug\u00e9e invalide ou inapplicable, elle n'affectera pas la validit\u00e9 des autres dispositions ;<\/p><p>Si vous avez des questions concernant les pr\u00e9sentes conditions, vous pouvez nous contacter par les moyens suivants :<\/p><p>Courriel : service@gtartistoo.com<\/p><p>Adresse d'exploitation : Room 906, Building 3, Qingyunli, Fotang Town, Yiwu City, Jinhua City, Zhejiang Province<\/p><p>Op\u00e9rateur de gtartistoo : Yiwu Yiran E-commerce Co, Ltd.<\/p>\n\t\t\t\t\t<\/div>\n\t\t\t\t\t\t<\/div>\n\t\t\t\t<\/div>\n\t\t\t\t\t<\/div>\n\t\t\t\t<\/div>\n\t\t\t\t<\/div>","protected":false},"excerpt":{"rendered":"<p>These Terms of Service (hereinafter referred to as the &#8220;Terms&#8221;) are entered into between gtartistoo (operated by Yiwu Yiran E-commerce<\/p>","protected":false},"author":1,"featured_media":0,"parent":0,"menu_order":0,"comment_status":"closed","ping_status":"closed","template":"","meta":{"footnotes":""},"class_list":["post-29533","page","type-page","status-publish","hentry"],"yoast_head":"<!-- This site is optimized with the Yoast SEO Premium plugin v26.2 (Yoast SEO v26.2) - https:\/\/yoast.com\/wordpress\/plugins\/seo\/ -->\n<title>Terms and Conditions - gtartistoo.com<\/title>\n<meta name=\"robots\" content=\"noindex, nofollow\" \/>\n<meta property=\"og:locale\" content=\"fr_FR\" \/>\n<meta property=\"og:type\" content=\"article\" \/>\n<meta property=\"og:title\" content=\"Terms and Conditions\" \/>\n<meta property=\"og:description\" content=\"These Terms of Service (hereinafter referred to as the &#8220;Terms&#8221;) are entered into between gtartistoo (operated by Yiwu Yiran E-commerce\" \/>\n<meta property=\"og:url\" content=\"https:\/\/gtartistoo.com\/fr\/conditions-generales\/\" \/>\n<meta property=\"og:site_name\" content=\"gtartistoo.com\" \/>\n<meta property=\"article:modified_time\" content=\"2026-01-12T07:20:08+00:00\" \/>\n<meta name=\"twitter:card\" content=\"summary_large_image\" \/>\n<meta name=\"twitter:label1\" content=\"Dur\u00e9e de lecture estim\u00e9e\" \/>\n\t<meta name=\"twitter:data1\" content=\"9 minutes\" \/>\n<script type=\"application\/ld+json\" class=\"yoast-schema-graph\">{\"@context\":\"https:\/\/schema.org\",\"@graph\":[{\"@type\":\"WebPage\",\"@id\":\"https:\/\/gtartistoo.com\/terms-and-conditions\/\",\"url\":\"https:\/\/gtartistoo.com\/terms-and-conditions\/\",\"name\":\"Terms and Conditions - gtartistoo.com\",\"isPartOf\":{\"@id\":\"https:\/\/gtartistoo.com\/#website\"},\"datePublished\":\"2025-10-21T07:05:13+00:00\",\"dateModified\":\"2026-01-12T07:20:08+00:00\",\"breadcrumb\":{\"@id\":\"https:\/\/gtartistoo.com\/terms-and-conditions\/#breadcrumb\"},\"inLanguage\":\"fr-FR\",\"potentialAction\":[{\"@type\":\"ReadAction\",\"target\":[\"https:\/\/gtartistoo.com\/terms-and-conditions\/\"]}]},{\"@type\":\"BreadcrumbList\",\"@id\":\"https:\/\/gtartistoo.com\/terms-and-conditions\/#breadcrumb\",\"itemListElement\":[{\"@type\":\"ListItem\",\"position\":1,\"name\":\"Home\",\"item\":\"https:\/\/gtartistoo.com\/\"},{\"@type\":\"ListItem\",\"position\":2,\"name\":\"Terms and Conditions\"}]},{\"@type\":\"WebSite\",\"@id\":\"https:\/\/gtartistoo.com\/#website\",\"url\":\"https:\/\/gtartistoo.com\/\",\"name\":\"gtartistoo.com\",\"description\":\"\",\"publisher\":{\"@id\":\"https:\/\/gtartistoo.com\/#organization\"},\"potentialAction\":[{\"@type\":\"SearchAction\",\"target\":{\"@type\":\"EntryPoint\",\"urlTemplate\":\"https:\/\/gtartistoo.com\/?s={search_term_string}\"},\"query-input\":{\"@type\":\"PropertyValueSpecification\",\"valueRequired\":true,\"valueName\":\"search_term_string\"}}],\"inLanguage\":\"fr-FR\"},{\"@type\":\"Organization\",\"@id\":\"https:\/\/gtartistoo.com\/#organization\",\"name\":\"gtartistoo.com\",\"url\":\"https:\/\/gtartistoo.com\/\",\"logo\":{\"@type\":\"ImageObject\",\"inLanguage\":\"fr-FR\",\"@id\":\"https:\/\/gtartistoo.com\/#\/schema\/logo\/image\/\",\"url\":\"https:\/\/gtartistoo.com\/wp-content\/uploads\/2025\/10\/logo.svg\",\"contentUrl\":\"https:\/\/gtartistoo.com\/wp-content\/uploads\/2025\/10\/logo.svg\",\"width\":369,\"height\":124,\"caption\":\"gtartistoo.com\"},\"image\":{\"@id\":\"https:\/\/gtartistoo.com\/#\/schema\/logo\/image\/\"}}]}<\/script>\n<!-- \/ Yoast SEO Premium plugin. -->","yoast_head_json":{"title":"Conditions d'utilisation - gtartistoo.com","robots":{"index":"noindex","follow":"nofollow"},"og_locale":"fr_FR","og_type":"article","og_title":"Terms and Conditions","og_description":"These Terms of Service (hereinafter referred to as the &#8220;Terms&#8221;) are entered into between gtartistoo (operated by Yiwu Yiran E-commerce","og_url":"https:\/\/gtartistoo.com\/fr\/conditions-generales\/","og_site_name":"gtartistoo.com","article_modified_time":"2026-01-12T07:20:08+00:00","twitter_card":"summary_large_image","twitter_misc":{"Dur\u00e9e de lecture estim\u00e9e":"9 minutes"},"schema":{"@context":"https:\/\/schema.org","@graph":[{"@type":"WebPage","@id":"https:\/\/gtartistoo.com\/terms-and-conditions\/","url":"https:\/\/gtartistoo.com\/terms-and-conditions\/","name":"Conditions d'utilisation - gtartistoo.com","isPartOf":{"@id":"https:\/\/gtartistoo.com\/#website"},"datePublished":"2025-10-21T07:05:13+00:00","dateModified":"2026-01-12T07:20:08+00:00","breadcrumb":{"@id":"https:\/\/gtartistoo.com\/terms-and-conditions\/#breadcrumb"},"inLanguage":"fr-FR","potentialAction":[{"@type":"ReadAction","target":["https:\/\/gtartistoo.com\/terms-and-conditions\/"]}]},{"@type":"BreadcrumbList","@id":"https:\/\/gtartistoo.com\/terms-and-conditions\/#breadcrumb","itemListElement":[{"@type":"ListItem","position":1,"name":"Home","item":"https:\/\/gtartistoo.com\/"},{"@type":"ListItem","position":2,"name":"Terms and Conditions"}]},{"@type":"WebSite","@id":"https:\/\/gtartistoo.com\/#website","url":"https:\/\/gtartistoo.com\/","name":"gtartistoo.com","description":"","publisher":{"@id":"https:\/\/gtartistoo.com\/#organization"},"potentialAction":[{"@type":"SearchAction","target":{"@type":"EntryPoint","urlTemplate":"https:\/\/gtartistoo.com\/?s={search_term_string}"},"query-input":{"@type":"PropertyValueSpecification","valueRequired":true,"valueName":"search_term_string"}}],"inLanguage":"fr-FR"},{"@type":"Organization","@id":"https:\/\/gtartistoo.com\/#organization","name":"gtartistoo.com","url":"https:\/\/gtartistoo.com\/","logo":{"@type":"ImageObject","inLanguage":"fr-FR","@id":"https:\/\/gtartistoo.com\/#\/schema\/logo\/image\/","url":"https:\/\/gtartistoo.com\/wp-content\/uploads\/2025\/10\/logo.svg","contentUrl":"https:\/\/gtartistoo.com\/wp-content\/uploads\/2025\/10\/logo.svg","width":369,"height":124,"caption":"gtartistoo.com"},"image":{"@id":"https:\/\/gtartistoo.com\/#\/schema\/logo\/image\/"}}]}},"_hostinger_reach_plugin_has_subscription_block":false,"_hostinger_reach_plugin_is_elementor":false,"_links":{"self":[{"href":"https:\/\/gtartistoo.com\/fr\/wp-json\/wp\/v2\/pages\/29533","targetHints":{"allow":["GET"]}}],"collection":[{"href":"https:\/\/gtartistoo.com\/fr\/wp-json\/wp\/v2\/pages"}],"about":[{"href":"https:\/\/gtartistoo.com\/fr\/wp-json\/wp\/v2\/types\/page"}],"author":[{"embeddable":true,"href":"https:\/\/gtartistoo.com\/fr\/wp-json\/wp\/v2\/users\/1"}],"replies":[{"embeddable":true,"href":"https:\/\/gtartistoo.com\/fr\/wp-json\/wp\/v2\/comments?post=29533"}],"version-history":[{"count":4,"href":"https:\/\/gtartistoo.com\/fr\/wp-json\/wp\/v2\/pages\/29533\/revisions"}],"predecessor-version":[{"id":29538,"href":"https:\/\/gtartistoo.com\/fr\/wp-json\/wp\/v2\/pages\/29533\/revisions\/29538"}],"wp:attachment":[{"href":"https:\/\/gtartistoo.com\/fr\/wp-json\/wp\/v2\/media?parent=29533"}],"curies":[{"name":"wp","href":"https:\/\/api.w.org\/{rel}","templated":true}]}}