{"id":29642,"date":"2025-10-23T08:46:56","date_gmt":"2025-10-23T08:46:56","guid":{"rendered":"https:\/\/gtartistoo.com\/?page_id=29642"},"modified":"2026-01-12T06:56:41","modified_gmt":"2026-01-12T06:56:41","slug":"apercu-de-la-certification-des-produits","status":"publish","type":"page","link":"https:\/\/gtartistoo.com\/fr\/apercu-de-la-certification-des-produits\/","title":{"rendered":"Aper\u00e7u de la certification des produits"},"content":{"rendered":"<div data-elementor-type=\"wp-page\" data-elementor-id=\"29642\" class=\"elementor elementor-29642\" data-elementor-post-type=\"page\">\n\t\t\t\t<div class=\"wd-negative-gap elementor-element elementor-element-69b3f35 e-flex e-con-boxed e-con e-parent\" data-id=\"69b3f35\" data-element_type=\"container\" data-e-type=\"container\" data-settings=\"{&quot;ekit_has_onepagescroll_dot&quot;:&quot;yes&quot;}\">\n\t\t\t\t\t<div class=\"e-con-inner\">\n\t\t\t\t<div class=\"elementor-element elementor-element-83fc12b color-scheme-inherit text-left elementor-widget elementor-widget-text-editor\" data-id=\"83fc12b\" data-element_type=\"widget\" data-e-type=\"widget\" data-settings=\"{&quot;ekit_we_effect_on&quot;:&quot;none&quot;}\" data-widget_type=\"text-editor.default\">\n\t\t\t\t\t\t\t\t\t<div style=\"font-family: Arial, sans-serif; color: #000; line-height: 1.8; font-size: 16px;  margin: auto;\">\n\n  <h2 style=\"font-size: 28px; color: #000; text-align: center; margin-bottom: 20px;\">Aper\u00e7u de la certification des produits<\/h2>\n\n  <p style=\"text-align: justify;\">Notre <strong>\u201cGTARTISTOO\u201d<\/strong> Les produits de la marque \"S\" poss\u00e8dent des certifications faisant autorit\u00e9 dans de nombreuses r\u00e9gions et normes de conformit\u00e9, garantissant ainsi la conformit\u00e9 l\u00e9gale, la fiabilit\u00e9 de la qualit\u00e9 des produits et la s\u00e9curit\u00e9 des utilisateurs dans le monde entier. Tous les certificats suivants peuvent \u00eatre t\u00e9l\u00e9charg\u00e9s et v\u00e9rifi\u00e9s. Vous pouvez acc\u00e9der aux copies \u00e9lectroniques des certificats originaux en cliquant sur les liens de t\u00e9l\u00e9chargement pr\u00e9vus \u00e0 cet effet sous chaque section de certification.<\/p>\n\n  <hr style=\"border: none; border-top: 2px solid #eee; margin: 40px 0;\">\n\n  <h3 style=\"font-size: 22px; color: #000;\">1. Enregistrements de marques<\/h3>\n\n  <div style=\"background-color: #fafafa; padding: 25px; border-radius: 10px; box-shadow: 0 2px 6px rgba(0,0,0,0.05); margin-top: 20px;\">\n    <h4 style=\"color: #000; margin-top: 0;\">Royaume-Uni et Irlande du Nord<\/h4>\n    <ul>\n      <li>Num\u00e9ro d'enregistrement : <strong>UK00004166746<\/strong><\/li>\n      <li>Date d'entr\u00e9e en vigueur : 28 f\u00e9vrier 2025<\/li>\n      <li>Date d'inscription : 23 mai 2025<\/li>\n      <li>Classes couvertes :<\/li>\n      <ul>\n        <li>Classe 2 : Encres de tatouage, teintures de tatouage, peintures pour l'artisanat (aquarelles, peintures \u00e0 l'huile), encres d'imprimerie pour les arts graphiques, pigments de couleur, peintures pour artistes, encres pour pansements, etc.<\/li>\n        <li>Classe 8 : Outils \u00e0 main pour les soins de beaut\u00e9, appareils\/aiguilles de tatouage, instruments st\u00e9riles de per\u00e7age corporel, appareils d'\u00e9pilation au laser (\u00e0 des fins non m\u00e9dicales), sets de manucure \u00e9lectriques, rasoirs, outils de manucure et de p\u00e9dicure, outils d'art corporel, etc.<\/li>\n      <\/ul>\n    <\/ul>\n    <a href=\"https:\/\/gtartistoo.com\/wp-content\/uploads\/2025\/10\/GTARTISTOO-UK-Trademark-Certificate.pdf\" style=\"display:inline-block; margin-top:10px; padding:10px 22px; background-color:#555; color:#fff; border-radius:6px; text-decoration:none;\">T\u00e9l\u00e9charger le certificat de marque britannique<\/a>\n  <\/div>\n\n  <div style=\"background-color: #fafafa; padding: 25px; border-radius: 10px; box-shadow: 0 2px 6px rgba(0,0,0,0.05); margin-top: 30px;\">\n    <h4 style=\"color: #000; margin-top: 0;\">\u00c9tats-Unis<\/h4>\n    <ul>\n      <li>Num\u00e9ro d'enregistrement : <strong>7,664,645<\/strong><\/li>\n      <li>Date d'enregistrement : 21 janvier 2025<\/li>\n      <li>Date de premi\u00e8re utilisation : 20 septembre 2023 (premi\u00e8re utilisation dans le commerce)<\/li>\n      <li>Classe couverte : Classe 2<\/li>\n      <li>Les produits comprennent des pigments de couleur, des kits de peinture pour artistes, des peintures pour l'artisanat, des couleurs\/encres pour tatouage et des peintures pour aquarelle.<\/li>\n    <\/ul>\n    <a href=\"https:\/\/gtartistoo.com\/wp-content\/uploads\/2025\/10\/GTARTISTOO-US-Certificate-98141997.pdf\" style=\"display:inline-block; margin-top:10px; padding:10px 22px; background-color:#555; color:#fff; border-radius:6px; text-decoration:none;\">T\u00e9l\u00e9charger le certificat de marque am\u00e9ricaine<\/a>\n  <\/div>\n\n  <div style=\"background-color: #fafafa; padding: 25px; border-radius: 10px; box-shadow: 0 2px 6px rgba(0,0,0,0.05); margin-top: 30px;\">\n    <h4 style=\"color: #000; margin-top: 0;\">Union europ\u00e9enne<\/h4>\n    <ul>\n      <li>Num\u00e9ro d'enregistrement : <strong>018922793<\/strong><\/li>\n      <li>Date d'enregistrement : 21 d\u00e9cembre 2023<\/li>\n      <li>P\u00e9riode de validit\u00e9 : Expire le 7 septembre 2033<\/li>\n      <li>Classes couvertes :<\/li>\n      <ul>\n        <li>Classe 2 : Encres\/colorants de tatouage, peintures pour l'artisanat (aquarelles, peintures \u00e0 l'huile), encres d'imprimerie pour les arts graphiques, pigments de couleur, peintures pour artistes, encres pour pansements, etc.<\/li>\n        <li>Classe 8 : Outils \u00e0 main pour les soins de beaut\u00e9, appareils\/aiguilles de tatouage, instruments st\u00e9riles de per\u00e7age corporel, appareils d'\u00e9pilation au laser (\u00e0 des fins non m\u00e9dicales), sets de manucure \u00e9lectriques, rasoirs, outils de manucure et de p\u00e9dicure, outils d'art corporel, etc.<\/li>\n      <\/ul>\n    <\/ul>\n    <a href=\"https:\/\/gtartistoo.com\/wp-content\/uploads\/2025\/10\/018922793-GTARTISTOO-EU-Certificate.pdf\" style=\"display:inline-block; margin-top:10px; padding:10px 22px; background-color:#555; color:#fff; border-radius:6px; text-decoration:none;\">T\u00e9l\u00e9charger le certificat de marque de l'UE<\/a>\n  <\/div>\n\n  <hr style=\"border: none; border-top: 2px solid #eee; margin: 50px 0;\">\n\n  <h3 style=\"font-size: 22px; color: #000;\">2. Certification de conformit\u00e9 ROHS<\/h3>\n\n  <div style=\"background-color: #fafafa; padding: 25px; border-radius: 10px; box-shadow: 0 2px 6px rgba(0,0,0,0.05); margin-top: 20px;\">\n    <ul>\n      <li>Num\u00e9ro de certificat : <strong>AZT250609118C-EV0<\/strong><\/li>\n      <li>Date d'\u00e9mission : 13 juin 2025<\/li>\n      <li>Organisme de certification : Shenzhen AZT Technology Co, Ltd.<\/li>\n      <li>Norme de conformit\u00e9 : Conforme \u00e0 la directive RoHS 2011\/65\/EU Annexe II (modifi\u00e9e par la directive (UE) 2015\/863) - limitant l'utilisation de certaines substances dangereuses dans les \u00e9quipements \u00e9lectriques et \u00e9lectroniques.<\/li>\n      <li>M\u00e9thodes d'essai : IEC 62321-5:2013 ; IEC 62321-4:2013+AMD1:2017 CSV ; IEC 62321-6:2015 ; IEC 62321-7-2:2017 ; IEC 62321-8:2017<\/li>\n      <li>Produits couverts : Encre de tatouage GTARTISTOO (mod\u00e8les : 14 couleurs 15ml, 14 couleurs 30ml, 60ml noir, 120ml noir)<\/li>\n    <\/ul>\n    <a href=\"https:\/\/gtartistoo.com\/wp-content\/uploads\/2025\/10\/AZT250609118C-EV0-TattooInk-cert-ROHS.pdf\" style=\"display:inline-block; margin-top:10px; padding:10px 22px; background-color:#555; color:#fff; border-radius:6px; text-decoration:none;\">T\u00e9l\u00e9charger le certificat de conformit\u00e9 ROHS<\/a>\n  <\/div>\n\n  <hr style=\"border: none; border-top: 2px solid #eee; margin: 50px 0;\">\n\n  <h3 style=\"font-size: 22px; color: #000;\">3. Certification de conformit\u00e9 REACH<\/h3>\n\n  <div style=\"background-color: #fafafa; padding: 25px; border-radius: 10px; box-shadow: 0 2px 6px rgba(0,0,0,0.05); margin-top: 20px;\">\n    <ul>\n      <li>N\u00b0 de certificat (N\u00b0 de rapport d'essai) : <strong>M2510208XY-R0169<\/strong><\/li>\n      <li>Date d'\u00e9mission : 22 octobre 2025<\/li>\n      <li>P\u00e9riode d'essai : Du 16 octobre 2025 au 22 octobre 2025<\/li>\n      <li>Organisme de certification : Shenzhen Meiou Testing Technology Co, Ltd.<\/li>\n      <li>Norme de conformit\u00e9 : Conforme au r\u00e8glement (CE) n\u00b0 1907\/2006 (REACH) et \u00e0 ses modifications ult\u00e9rieures, sur la base de la liste candidate des substances extr\u00eamement pr\u00e9occupantes (SVHC) publi\u00e9e par l'Agence europ\u00e9enne des produits chimiques (ECHA) - couvrant 250 substances extr\u00eamement pr\u00e9occupantes (SVHC).<\/li>\n      <li>M\u00e9thodes de test : M\u00e9thode interne (limite de d\u00e9tection : 0,005%)<\/li>\n      <li>R\u00e9sultat du test : PASS (Toutes les SVHC test\u00e9es dans la liste candidate n'ont pas \u00e9t\u00e9 d\u00e9tect\u00e9es, marqu\u00e9es comme \u201cN.D.\u201d)<\/li>\n      <li>Produits couverts : GTARTISTOO Tattoo Ink (Mod\u00e8le principal : 14 couleurs 15ml ; mod\u00e8les de s\u00e9rie : 14 couleurs 30 ml, 60 ml noir, 120 ml noir, 8 couleurs 15 ml, 16 couleurs 16 ml, 300 ml noir).<\/li>\n    <\/ul>\n    <a href=\"https:\/\/gtartistoo.com\/wp-content\/uploads\/2025\/10\/M2510208XY-R0169-tattoo-ink-REACH250.pdf\" style=\"display:inline-block; margin-top:10px; padding:10px 22px; background-color:#555; color:#fff; border-radius:6px; text-decoration:none;\">T\u00e9l\u00e9charger le certificat de conformit\u00e9 REACH<\/a>\n  <\/div>\n\n  <p style=\"margin-top: 40px; text-align: justify;\">Toutes les certifications susmentionn\u00e9es sont d\u00e9tenues par <strong>Yiwu Yiran E-commerce Co, Ltd.<\/strong>, Les normes de qualit\u00e9 et de s\u00e9curit\u00e9 de l'Union europ\u00e9enne garantissent que nos produits satisfont pleinement aux normes r\u00e9gionales et internationales strictes en mati\u00e8re de qualit\u00e9, de s\u00e9curit\u00e9 et d'exploitation l\u00e9gale sur les march\u00e9s mondiaux.<\/p>\n\n<\/div>\t\t\t\t\t\t\t\t<\/div>\n\t\t\t\t\t<\/div>\n\t\t\t\t<\/div>\n\t\t\t\t<\/div>","protected":false},"excerpt":{"rendered":"<p>Product Certification Overview Our &#8220;GTARTISTOO&#8221; brand products hold authoritative certifications across multiple regions and compliance standards, ensuring legal compliance, reliable<\/p>","protected":false},"author":1,"featured_media":0,"parent":0,"menu_order":0,"comment_status":"closed","ping_status":"closed","template":"","meta":{"footnotes":""},"class_list":["post-29642","page","type-page","status-publish","hentry"],"yoast_head":"<!-- This site is optimized with the Yoast SEO Premium plugin v26.2 (Yoast SEO v26.2) - https:\/\/yoast.com\/wordpress\/plugins\/seo\/ -->\n<title>Tattoo Product Certifications | Safety &amp; Compliance<\/title>\n<meta name=\"description\" content=\"Learn about our tattoo product certifications and quality standards. Designed to meet professional and international compliance requirements.\" \/>\n<meta name=\"robots\" content=\"index, follow, max-snippet:-1, max-image-preview:large, max-video-preview:-1\" \/>\n<link rel=\"canonical\" href=\"https:\/\/gtartistoo.com\/fr\/apercu-de-la-certification-des-produits\/\" \/>\n<meta property=\"og:locale\" content=\"fr_FR\" \/>\n<meta property=\"og:type\" content=\"article\" \/>\n<meta property=\"og:title\" content=\"Product Certification Overview\" \/>\n<meta property=\"og:description\" content=\"Learn about our tattoo product certifications and quality standards. Designed to meet professional and international compliance requirements.\" \/>\n<meta property=\"og:url\" content=\"https:\/\/gtartistoo.com\/fr\/apercu-de-la-certification-des-produits\/\" \/>\n<meta property=\"og:site_name\" content=\"gtartistoo.com\" \/>\n<meta property=\"article:modified_time\" content=\"2026-01-12T06:56:41+00:00\" \/>\n<meta name=\"twitter:card\" content=\"summary_large_image\" \/>\n<meta name=\"twitter:label1\" content=\"Dur\u00e9e de lecture estim\u00e9e\" \/>\n\t<meta name=\"twitter:data1\" content=\"3 minutes\" \/>\n<script type=\"application\/ld+json\" class=\"yoast-schema-graph\">{\"@context\":\"https:\/\/schema.org\",\"@graph\":[{\"@type\":\"WebPage\",\"@id\":\"https:\/\/gtartistoo.com\/product-certification-overview\/\",\"url\":\"https:\/\/gtartistoo.com\/product-certification-overview\/\",\"name\":\"Tattoo Product Certifications | Safety & Compliance\",\"isPartOf\":{\"@id\":\"https:\/\/gtartistoo.com\/#website\"},\"datePublished\":\"2025-10-23T08:46:56+00:00\",\"dateModified\":\"2026-01-12T06:56:41+00:00\",\"description\":\"Learn about our tattoo product certifications and quality standards. Designed to meet professional and international compliance requirements.\",\"breadcrumb\":{\"@id\":\"https:\/\/gtartistoo.com\/product-certification-overview\/#breadcrumb\"},\"inLanguage\":\"fr-FR\",\"potentialAction\":[{\"@type\":\"ReadAction\",\"target\":[\"https:\/\/gtartistoo.com\/product-certification-overview\/\"]}]},{\"@type\":\"BreadcrumbList\",\"@id\":\"https:\/\/gtartistoo.com\/product-certification-overview\/#breadcrumb\",\"itemListElement\":[{\"@type\":\"ListItem\",\"position\":1,\"name\":\"Home\",\"item\":\"https:\/\/gtartistoo.com\/\"},{\"@type\":\"ListItem\",\"position\":2,\"name\":\"Product Certification Overview\"}]},{\"@type\":\"WebSite\",\"@id\":\"https:\/\/gtartistoo.com\/#website\",\"url\":\"https:\/\/gtartistoo.com\/\",\"name\":\"gtartistoo.com\",\"description\":\"\",\"publisher\":{\"@id\":\"https:\/\/gtartistoo.com\/#organization\"},\"potentialAction\":[{\"@type\":\"SearchAction\",\"target\":{\"@type\":\"EntryPoint\",\"urlTemplate\":\"https:\/\/gtartistoo.com\/?s={search_term_string}\"},\"query-input\":{\"@type\":\"PropertyValueSpecification\",\"valueRequired\":true,\"valueName\":\"search_term_string\"}}],\"inLanguage\":\"fr-FR\"},{\"@type\":\"Organization\",\"@id\":\"https:\/\/gtartistoo.com\/#organization\",\"name\":\"gtartistoo.com\",\"url\":\"https:\/\/gtartistoo.com\/\",\"logo\":{\"@type\":\"ImageObject\",\"inLanguage\":\"fr-FR\",\"@id\":\"https:\/\/gtartistoo.com\/#\/schema\/logo\/image\/\",\"url\":\"https:\/\/gtartistoo.com\/wp-content\/uploads\/2025\/10\/logo.svg\",\"contentUrl\":\"https:\/\/gtartistoo.com\/wp-content\/uploads\/2025\/10\/logo.svg\",\"width\":369,\"height\":124,\"caption\":\"gtartistoo.com\"},\"image\":{\"@id\":\"https:\/\/gtartistoo.com\/#\/schema\/logo\/image\/\"}}]}<\/script>\n<!-- \/ Yoast SEO Premium plugin. -->","yoast_head_json":{"title":"Tattoo Product Certifications | S\u00e9curit\u00e9 et conformit\u00e9","description":"D\u00e9couvrez les certifications de nos produits de tatouage et nos normes de qualit\u00e9. Con\u00e7us pour r\u00e9pondre aux exigences de conformit\u00e9 professionnelles et internationales.","robots":{"index":"index","follow":"follow","max-snippet":"max-snippet:-1","max-image-preview":"max-image-preview:large","max-video-preview":"max-video-preview:-1"},"canonical":"https:\/\/gtartistoo.com\/fr\/apercu-de-la-certification-des-produits\/","og_locale":"fr_FR","og_type":"article","og_title":"Product Certification Overview","og_description":"Learn about our tattoo product certifications and quality standards. Designed to meet professional and international compliance requirements.","og_url":"https:\/\/gtartistoo.com\/fr\/apercu-de-la-certification-des-produits\/","og_site_name":"gtartistoo.com","article_modified_time":"2026-01-12T06:56:41+00:00","twitter_card":"summary_large_image","twitter_misc":{"Dur\u00e9e de lecture estim\u00e9e":"3 minutes"},"schema":{"@context":"https:\/\/schema.org","@graph":[{"@type":"WebPage","@id":"https:\/\/gtartistoo.com\/product-certification-overview\/","url":"https:\/\/gtartistoo.com\/product-certification-overview\/","name":"Tattoo Product Certifications | S\u00e9curit\u00e9 et conformit\u00e9","isPartOf":{"@id":"https:\/\/gtartistoo.com\/#website"},"datePublished":"2025-10-23T08:46:56+00:00","dateModified":"2026-01-12T06:56:41+00:00","description":"D\u00e9couvrez les certifications de nos produits de tatouage et nos normes de qualit\u00e9. Con\u00e7us pour r\u00e9pondre aux exigences de conformit\u00e9 professionnelles et internationales.","breadcrumb":{"@id":"https:\/\/gtartistoo.com\/product-certification-overview\/#breadcrumb"},"inLanguage":"fr-FR","potentialAction":[{"@type":"ReadAction","target":["https:\/\/gtartistoo.com\/product-certification-overview\/"]}]},{"@type":"BreadcrumbList","@id":"https:\/\/gtartistoo.com\/product-certification-overview\/#breadcrumb","itemListElement":[{"@type":"ListItem","position":1,"name":"Home","item":"https:\/\/gtartistoo.com\/"},{"@type":"ListItem","position":2,"name":"Product Certification Overview"}]},{"@type":"WebSite","@id":"https:\/\/gtartistoo.com\/#website","url":"https:\/\/gtartistoo.com\/","name":"gtartistoo.com","description":"","publisher":{"@id":"https:\/\/gtartistoo.com\/#organization"},"potentialAction":[{"@type":"SearchAction","target":{"@type":"EntryPoint","urlTemplate":"https:\/\/gtartistoo.com\/?s={search_term_string}"},"query-input":{"@type":"PropertyValueSpecification","valueRequired":true,"valueName":"search_term_string"}}],"inLanguage":"fr-FR"},{"@type":"Organization","@id":"https:\/\/gtartistoo.com\/#organization","name":"gtartistoo.com","url":"https:\/\/gtartistoo.com\/","logo":{"@type":"ImageObject","inLanguage":"fr-FR","@id":"https:\/\/gtartistoo.com\/#\/schema\/logo\/image\/","url":"https:\/\/gtartistoo.com\/wp-content\/uploads\/2025\/10\/logo.svg","contentUrl":"https:\/\/gtartistoo.com\/wp-content\/uploads\/2025\/10\/logo.svg","width":369,"height":124,"caption":"gtartistoo.com"},"image":{"@id":"https:\/\/gtartistoo.com\/#\/schema\/logo\/image\/"}}]}},"_hostinger_reach_plugin_has_subscription_block":false,"_hostinger_reach_plugin_is_elementor":false,"_links":{"self":[{"href":"https:\/\/gtartistoo.com\/fr\/wp-json\/wp\/v2\/pages\/29642","targetHints":{"allow":["GET"]}}],"collection":[{"href":"https:\/\/gtartistoo.com\/fr\/wp-json\/wp\/v2\/pages"}],"about":[{"href":"https:\/\/gtartistoo.com\/fr\/wp-json\/wp\/v2\/types\/page"}],"author":[{"embeddable":true,"href":"https:\/\/gtartistoo.com\/fr\/wp-json\/wp\/v2\/users\/1"}],"replies":[{"embeddable":true,"href":"https:\/\/gtartistoo.com\/fr\/wp-json\/wp\/v2\/comments?post=29642"}],"version-history":[{"count":25,"href":"https:\/\/gtartistoo.com\/fr\/wp-json\/wp\/v2\/pages\/29642\/revisions"}],"predecessor-version":[{"id":29683,"href":"https:\/\/gtartistoo.com\/fr\/wp-json\/wp\/v2\/pages\/29642\/revisions\/29683"}],"wp:attachment":[{"href":"https:\/\/gtartistoo.com\/fr\/wp-json\/wp\/v2\/media?parent=29642"}],"curies":[{"name":"wp","href":"https:\/\/api.w.org\/{rel}","templated":true}]}}