{"id":3,"date":"2025-10-13T04:00:44","date_gmt":"2025-10-13T04:00:44","guid":{"rendered":"http:\/\/gtartistoo.com\/?page_id=3"},"modified":"2026-01-12T07:17:35","modified_gmt":"2026-01-12T07:17:35","slug":"politique-de-confidentialite","status":"publish","type":"page","link":"https:\/\/gtartistoo.com\/fr\/politique-de-confidentialite\/","title":{"rendered":"Politique de confidentialit\u00e9"},"content":{"rendered":"<div data-elementor-type=\"wp-page\" data-elementor-id=\"3\" class=\"elementor elementor-3\" data-elementor-post-type=\"page\">\n\t\t\t\t<div class=\"wd-negative-gap elementor-element elementor-element-fa9461d e-flex e-con-boxed e-con e-parent\" data-id=\"fa9461d\" data-element_type=\"container\" data-e-type=\"container\" data-settings=\"{&quot;ekit_has_onepagescroll_dot&quot;:&quot;yes&quot;}\">\n\t\t\t\t\t<div class=\"e-con-inner\">\n\t\t\t\t<div class=\"elementor-element elementor-element-34310a4 elementor-widget elementor-widget-wd_text_block\" data-id=\"34310a4\" data-element_type=\"widget\" data-e-type=\"widget\" data-settings=\"{&quot;ekit_we_effect_on&quot;:&quot;none&quot;}\" data-widget_type=\"wd_text_block.default\">\n\t\t\t\t<div class=\"elementor-widget-container\">\n\t\t\t\t\t\t\t<div class=\"wd-text-block reset-last-child text-left color-title\">\n\t\t\t\n\t\t\t<p>Nous prenons votre vie priv\u00e9e au s\u00e9rieux et la pr\u00e9sente d\u00e9claration de confidentialit\u00e9 explique comment nous recueillons, utilisons, partageons et traitons vos informations.<\/p><p><strong><u>Collecte et utilisation des donn\u00e9es personnelles<\/u><\/strong><\/p><p>Les donn\u00e9es \u00e0 caract\u00e8re personnel sont des informations qui peuvent \u00eatre utilis\u00e9es pour vous identifier directement ou indirectement. Les donn\u00e9es \u00e0 caract\u00e8re personnel comprennent \u00e9galement des donn\u00e9es anonymes li\u00e9es \u00e0 des informations qui peuvent \u00eatre utilis\u00e9es pour vous identifier directement ou indirectement. Les donn\u00e9es \u00e0 caract\u00e8re personnel n'incluent pas les donn\u00e9es qui ont \u00e9t\u00e9 anonymis\u00e9es ou agr\u00e9g\u00e9es de mani\u00e8re irr\u00e9versible de sorte qu'elles ne nous permettent plus, en combinaison avec d'autres informations ou d'une autre mani\u00e8re, de vous identifier.<\/p><p><strong><u>Promouvoir la s\u00fbret\u00e9 et la s\u00e9curit\u00e9<\/u><\/strong><\/p><p>Nous respectons les principes de l\u00e9galit\u00e9, de l\u00e9gitimit\u00e9 et de transparence, nous utilisons et traitons les donn\u00e9es les moins importantes dans un cadre limit\u00e9 et nous prenons des mesures techniques et administratives pour prot\u00e9ger la s\u00e9curit\u00e9 des donn\u00e9es. Nous utilisons les donn\u00e9es personnelles pour v\u00e9rifier les comptes et l'activit\u00e9 des utilisateurs, ainsi que pour promouvoir la s\u00fbret\u00e9 et la s\u00e9curit\u00e9, par exemple en surveillant la fraude et en enqu\u00eatant sur les activit\u00e9s suspectes ou potentiellement ill\u00e9gales ou sur les violations de nos conditions ou politiques. Ce traitement est fond\u00e9 sur notre int\u00e9r\u00eat l\u00e9gitime \u00e0 contribuer \u00e0 la s\u00e9curit\u00e9 de nos produits et services.<\/p><p>Voici une description des types de donn\u00e9es \u00e0 caract\u00e8re personnel que nous pouvons collecter et de la mani\u00e8re dont nous pouvons les utiliser :<\/p><p><strong><u>Quelles sont les donn\u00e9es personnelles que nous recueillons ?<\/u><\/strong><\/p><p>\u2160. Donn\u00e9es fournies :\u00a0<\/p><p>Nous recueillons les donn\u00e9es \u00e0 caract\u00e8re personnel que vous nous fournissez lorsque vous utilisez nos produits et services ou lorsque vous interagissez avec nous, par exemple lorsque vous cr\u00e9ez un compte, nous contactez, participez \u00e0 une enqu\u00eate en ligne, utilisez notre aide en ligne ou notre outil de chat en ligne. Si vous effectuez un achat, nous recueillons des donn\u00e9es \u00e0 caract\u00e8re personnel en rapport avec cet achat. Ces donn\u00e9es comprennent vos donn\u00e9es de paiement, telles que votre num\u00e9ro de carte de cr\u00e9dit ou de d\u00e9bit et d'autres informations relatives \u00e0 la carte, et d'autres informations relatives au compte et \u00e0 l'authentification, ainsi que des informations relatives \u00e0 la facturation, \u00e0 l'exp\u00e9dition et aux coordonn\u00e9es.<\/p><p>\u2161. Donn\u00e9es relatives \u00e0 l'utilisation de nos services et produits :<\/p><p>Lorsque vous visitez nos sites web, nous pouvons collecter des donn\u00e9es sur le type d'appareil que vous utilisez, l'identifiant unique de votre appareil, l'adresse IP de votre appareil, votre syst\u00e8me d'exploitation, le type de navigateur Internet que vous utilisez, des informations d'utilisation, des informations de diagnostic et des informations de localisation provenant de ou concernant les ordinateurs, t\u00e9l\u00e9phones ou autres appareils sur lesquels vous installez ou acc\u00e9dez \u00e0 nos produits ou services. Le cas \u00e9ch\u00e9ant, nos services peuvent utiliser le GPS, votre adresse IP et d'autres technologies pour d\u00e9terminer la localisation approximative d'un appareil afin de nous permettre d'am\u00e9liorer nos produits et services.<\/p><p><strong><u>Comment nous utilisons vos donn\u00e9es personnelles<\/u><\/strong><\/p><p>D'une mani\u00e8re g\u00e9n\u00e9rale, nous utilisons les donn\u00e9es \u00e0 caract\u00e8re personnel pour fournir, am\u00e9liorer et d\u00e9velopper nos produits et services, pour communiquer avec vous, pour vous proposer des publicit\u00e9s et des services cibl\u00e9s et pour nous prot\u00e9ger ainsi que nos clients.<\/p><p>\u2160. Fournir, am\u00e9liorer et d\u00e9velopper nos produits et services :<\/p><p>Nous utilisons les donn\u00e9es \u00e0 caract\u00e8re personnel pour nous aider \u00e0 fournir, am\u00e9liorer et d\u00e9velopper nos produits, nos services et notre publicit\u00e9. Cela inclut l'utilisation de donn\u00e9es personnelles \u00e0 des fins d'analyse de donn\u00e9es, de recherche et d'audit. Ce traitement est fond\u00e9 sur notre int\u00e9r\u00eat l\u00e9gitime \u00e0 vous offrir des produits et des services et \u00e0 assurer la continuit\u00e9 de nos activit\u00e9s.<\/p><p>\u2161. Communiquer avec vous :<\/p><p>Sous r\u00e9serve de votre consentement expr\u00e8s pr\u00e9alable, nous pouvons utiliser des donn\u00e9es personnelles pour vous envoyer des communications marketing en rapport avec nos propres produits et services, pour communiquer avec vous au sujet de votre compte ou de vos transactions, et pour vous informer de nos politiques et conditions. Si vous ne souhaitez plus recevoir de communications par courrier \u00e9lectronique \u00e0 des fins de marketing, veuillez nous contacter pour vous d\u00e9sinscrire. Nous pouvons \u00e9galement utiliser vos donn\u00e9es pour traiter et r\u00e9pondre \u00e0 vos demandes lorsque vous nous contactez.<\/p><p>NOTE : Pour toute utilisation de vos donn\u00e9es d\u00e9crite ci-dessus qui n\u00e9cessite votre consentement expr\u00e8s pr\u00e9alable, notez que vous pouvez retirer votre consentement en nous contactant.<\/p><p><strong><u>D\u00e9finition de \u201cCookies\u201d<\/u><\/strong><\/p><p>Les cookies sont de petits morceaux de texte utilis\u00e9s pour stocker des informations sur les navigateurs web. Ils sont largement utilis\u00e9s pour stocker et recevoir des identifiants et d'autres informations sur des ordinateurs, des t\u00e9l\u00e9phones et d'autres appareils. Nous utilisons \u00e9galement d'autres technologies, y compris les donn\u00e9es que nous stockons sur votre navigateur web ou votre appareil, les identifiants associ\u00e9s \u00e0 votre appareil et d'autres logiciels, \u00e0 des fins similaires. Dans la pr\u00e9sente d\u00e9claration sur les cookies, nous d\u00e9signons l'ensemble de ces technologies par le terme \u201ccookies\u201d.\u201d<\/p><p><strong><u>Utilisation des cookies<\/u><\/strong><\/p><p>Nous utilisons des cookies pour fournir, prot\u00e9ger et am\u00e9liorer nos produits et services, notamment en personnalisant le contenu, en proposant et en mesurant les publicit\u00e9s, en comprenant le comportement des utilisateurs et en offrant une exp\u00e9rience plus s\u00fbre. Veuillez noter que les cookies sp\u00e9cifiques que nous pouvons utiliser varient en fonction des sites web et des services que vous utilisez.<\/p><p><strong><u>Les enfants<\/u><\/strong><\/p><p>Nos produits et services sont destin\u00e9s aux adultes. Par cons\u00e9quent, nous ne collectons pas, n'utilisons pas et ne divulguons pas sciemment des donn\u00e9es concernant des enfants de moins de 16 ans. Si nous apprenons que nous avons collect\u00e9 les donn\u00e9es personnelles d'un enfant de moins de 16 ans, ou l'\u00e2ge minimum \u00e9quivalent selon la juridiction, nous prendrons des mesures pour supprimer les donn\u00e9es d\u00e8s que possible. Veuillez nous contacter imm\u00e9diatement si vous apprenez qu'un enfant de moins de 16 ans nous a fourni des donn\u00e9es \u00e0 caract\u00e8re personnel.<\/p><p><strong><u>Vos droits<\/u><\/strong><\/p><p>Nous prenons des mesures raisonnables pour nous assurer que vos donn\u00e9es personnelles sont exactes, compl\u00e8tes et \u00e0 jour. Vous avez le droit d'acc\u00e9der aux donn\u00e9es personnelles que nous collectons, de les corriger ou de les supprimer. Vous avez \u00e9galement le droit de restreindre ou de vous opposer, \u00e0 tout moment, au traitement ult\u00e9rieur de vos donn\u00e9es \u00e0 caract\u00e8re personnel. Vous avez le droit de recevoir vos donn\u00e9es personnelles dans un format structur\u00e9 et standard. Vous pouvez d\u00e9poser une plainte aupr\u00e8s de l'autorit\u00e9 comp\u00e9tente en mati\u00e8re de protection des donn\u00e9es concernant le traitement de vos donn\u00e9es \u00e0 caract\u00e8re personnel.  Pour prot\u00e9ger la confidentialit\u00e9 et la s\u00e9curit\u00e9 de vos donn\u00e9es \u00e0 caract\u00e8re personnel, nous pouvons vous demander des donn\u00e9es qui nous permettent de confirmer votre identit\u00e9 et votre droit d'acc\u00e8s \u00e0 ces donn\u00e9es, ainsi que de rechercher et de vous fournir les donn\u00e9es \u00e0 caract\u00e8re personnel que nous conservons. Dans certains cas, les lois applicables ou les exigences r\u00e9glementaires nous autorisent ou nous obligent \u00e0 refuser de fournir ou \u00e0 supprimer tout ou partie des donn\u00e9es \u00e0 caract\u00e8re personnel que nous conservons. Vous pouvez nous contacter pour exercer vos droits. Nous r\u00e9pondrons \u00e0 votre demande dans un d\u00e9lai raisonnable et, en tout \u00e9tat de cause, dans un d\u00e9lai inf\u00e9rieur \u00e0 30 jours.<\/p><p><strong><u>Sites web et services de tiers<\/u><\/strong><\/p><p>Lorsqu'un client propose un lien vers le site web d'un tiers qui a une relation avec nous, nous n'assumons aucune obligation ou responsabilit\u00e9 \u00e0 l'\u00e9gard de cette politique en raison de la politique de confidentialit\u00e9 du tiers. Nos sites web, produits et services peuvent contenir des liens vers des sites web, produits et services de tiers ou vous permettre d'y acc\u00e9der. Nous ne sommes pas responsables des pratiques de ces tiers en mati\u00e8re de protection de la vie priv\u00e9e, ni des informations ou du contenu de leurs produits et services. La pr\u00e9sente d\u00e9claration de confidentialit\u00e9 s'applique uniquement aux donn\u00e9es que nous collectons par le biais de nos produits et services. Nous vous encourageons \u00e0 lire les politiques de confidentialit\u00e9 des tiers avant d'utiliser leurs sites web, produits ou services.<\/p><p><strong><u>S\u00e9curit\u00e9, int\u00e9grit\u00e9 et conservation des donn\u00e9es<\/u><\/strong><\/p><p>Nous utilisons des mesures raisonnables de s\u00e9curit\u00e9 technique, administrative et physique con\u00e7ues pour sauvegarder et aider \u00e0 pr\u00e9venir l'acc\u00e8s non autoris\u00e9 \u00e0 vos donn\u00e9es, et pour utiliser correctement les donn\u00e9es que nous collectons. Nous conserverons vos donn\u00e9es \u00e0 caract\u00e8re personnel aussi longtemps que n\u00e9cessaire pour atteindre les objectifs d\u00e9crits dans la pr\u00e9sente d\u00e9claration de confidentialit\u00e9, \u00e0 moins qu'une p\u00e9riode de conservation plus longue ne soit requise ou autoris\u00e9e par la loi.<\/p><p><strong><u>Modifications de la pr\u00e9sente d\u00e9claration de confidentialit\u00e9<\/u><\/strong><\/p><p>Nous pouvons modifier p\u00e9riodiquement la pr\u00e9sente d\u00e9claration de confidentialit\u00e9 pour suivre l'\u00e9volution des nouvelles technologies, des pratiques du secteur et des exigences r\u00e9glementaires, entre autres raisons.  Si vous continuez \u00e0 utiliser nos produits et services apr\u00e8s la date d'entr\u00e9e en vigueur de la d\u00e9claration de confidentialit\u00e9, cela signifie que vous acceptez la d\u00e9claration de confidentialit\u00e9 r\u00e9vis\u00e9e. Si vous n'acceptez pas la version r\u00e9vis\u00e9e de la d\u00e9claration de confidentialit\u00e9, veuillez vous abstenir d'utiliser nos produits ou services et nous contacter pour fermer tout compte que vous auriez cr\u00e9\u00e9.<\/p><p><strong><u>Nous contacter<\/u><\/strong><\/p><p>Si vous avez des questions concernant la pr\u00e9sente d\u00e9claration de confidentialit\u00e9 ou sa mise en \u0153uvre, voici comment vous pouvez nous contacter :\u00a0<a href=\"mailto:service@gtartistoo.com\"><u>service@gtartistoo.com<\/u><\/a><\/p>\n\t\t\t\t\t<\/div>\n\t\t\t\t\t\t<\/div>\n\t\t\t\t<\/div>\n\t\t\t\t\t<\/div>\n\t\t\t\t<\/div>\n\t\t\t\t<\/div>","protected":false},"excerpt":{"rendered":"<p>Nous prenons votre vie priv\u00e9e au s\u00e9rieux et la pr\u00e9sente d\u00e9claration de confidentialit\u00e9 explique comment nous collectons, utilisons, partageons et traitons vos informations. Collecte<\/p>","protected":false},"author":1,"featured_media":0,"parent":0,"menu_order":0,"comment_status":"closed","ping_status":"open","template":"elementor_header_footer","meta":{"footnotes":""},"class_list":["post-3","page","type-page","status-publish","hentry"],"yoast_head":"<!-- This site is optimized with the Yoast SEO Premium plugin v26.2 (Yoast SEO v26.2) - https:\/\/yoast.com\/wordpress\/plugins\/seo\/ -->\n<title>Privacy Policy - gtartistoo.com<\/title>\n<meta name=\"robots\" content=\"noindex, nofollow\" \/>\n<meta property=\"og:locale\" content=\"fr_FR\" \/>\n<meta property=\"og:type\" content=\"article\" \/>\n<meta property=\"og:title\" content=\"Privacy Policy\" \/>\n<meta property=\"og:description\" content=\"We take your privacy seriously and this privacy statement explains how we collect, use, share and process your information. Collection\" \/>\n<meta property=\"og:url\" content=\"https:\/\/gtartistoo.com\/fr\/politique-de-confidentialite\/\" \/>\n<meta property=\"og:site_name\" content=\"gtartistoo.com\" \/>\n<meta property=\"article:modified_time\" content=\"2026-01-12T07:17:35+00:00\" \/>\n<meta name=\"twitter:card\" content=\"summary_large_image\" \/>\n<meta name=\"twitter:label1\" content=\"Dur\u00e9e de lecture estim\u00e9e\" \/>\n\t<meta name=\"twitter:data1\" content=\"6 minutes\" \/>\n<script type=\"application\/ld+json\" class=\"yoast-schema-graph\">{\"@context\":\"https:\/\/schema.org\",\"@graph\":[{\"@type\":\"WebPage\",\"@id\":\"https:\/\/gtartistoo.com\/privacy-policy\/\",\"url\":\"https:\/\/gtartistoo.com\/privacy-policy\/\",\"name\":\"Privacy Policy - gtartistoo.com\",\"isPartOf\":{\"@id\":\"https:\/\/gtartistoo.com\/#website\"},\"datePublished\":\"2025-10-13T04:00:44+00:00\",\"dateModified\":\"2026-01-12T07:17:35+00:00\",\"breadcrumb\":{\"@id\":\"https:\/\/gtartistoo.com\/privacy-policy\/#breadcrumb\"},\"inLanguage\":\"fr-FR\",\"potentialAction\":[{\"@type\":\"ReadAction\",\"target\":[\"https:\/\/gtartistoo.com\/privacy-policy\/\"]}]},{\"@type\":\"BreadcrumbList\",\"@id\":\"https:\/\/gtartistoo.com\/privacy-policy\/#breadcrumb\",\"itemListElement\":[{\"@type\":\"ListItem\",\"position\":1,\"name\":\"Home\",\"item\":\"https:\/\/gtartistoo.com\/\"},{\"@type\":\"ListItem\",\"position\":2,\"name\":\"Privacy Policy\"}]},{\"@type\":\"WebSite\",\"@id\":\"https:\/\/gtartistoo.com\/#website\",\"url\":\"https:\/\/gtartistoo.com\/\",\"name\":\"gtartistoo.com\",\"description\":\"\",\"publisher\":{\"@id\":\"https:\/\/gtartistoo.com\/#organization\"},\"potentialAction\":[{\"@type\":\"SearchAction\",\"target\":{\"@type\":\"EntryPoint\",\"urlTemplate\":\"https:\/\/gtartistoo.com\/?s={search_term_string}\"},\"query-input\":{\"@type\":\"PropertyValueSpecification\",\"valueRequired\":true,\"valueName\":\"search_term_string\"}}],\"inLanguage\":\"fr-FR\"},{\"@type\":\"Organization\",\"@id\":\"https:\/\/gtartistoo.com\/#organization\",\"name\":\"gtartistoo.com\",\"url\":\"https:\/\/gtartistoo.com\/\",\"logo\":{\"@type\":\"ImageObject\",\"inLanguage\":\"fr-FR\",\"@id\":\"https:\/\/gtartistoo.com\/#\/schema\/logo\/image\/\",\"url\":\"https:\/\/gtartistoo.com\/wp-content\/uploads\/2025\/10\/logo.svg\",\"contentUrl\":\"https:\/\/gtartistoo.com\/wp-content\/uploads\/2025\/10\/logo.svg\",\"width\":369,\"height\":124,\"caption\":\"gtartistoo.com\"},\"image\":{\"@id\":\"https:\/\/gtartistoo.com\/#\/schema\/logo\/image\/\"}}]}<\/script>\n<!-- \/ Yoast SEO Premium plugin. -->","yoast_head_json":{"title":"Politique de confidentialit\u00e9 - gtartistoo.com","robots":{"index":"noindex","follow":"nofollow"},"og_locale":"fr_FR","og_type":"article","og_title":"Privacy Policy","og_description":"We take your privacy seriously and this privacy statement explains how we collect, use, share and process your information. Collection","og_url":"https:\/\/gtartistoo.com\/fr\/politique-de-confidentialite\/","og_site_name":"gtartistoo.com","article_modified_time":"2026-01-12T07:17:35+00:00","twitter_card":"summary_large_image","twitter_misc":{"Dur\u00e9e de lecture estim\u00e9e":"6 minutes"},"schema":{"@context":"https:\/\/schema.org","@graph":[{"@type":"WebPage","@id":"https:\/\/gtartistoo.com\/privacy-policy\/","url":"https:\/\/gtartistoo.com\/privacy-policy\/","name":"Politique de confidentialit\u00e9 - gtartistoo.com","isPartOf":{"@id":"https:\/\/gtartistoo.com\/#website"},"datePublished":"2025-10-13T04:00:44+00:00","dateModified":"2026-01-12T07:17:35+00:00","breadcrumb":{"@id":"https:\/\/gtartistoo.com\/privacy-policy\/#breadcrumb"},"inLanguage":"fr-FR","potentialAction":[{"@type":"ReadAction","target":["https:\/\/gtartistoo.com\/privacy-policy\/"]}]},{"@type":"BreadcrumbList","@id":"https:\/\/gtartistoo.com\/privacy-policy\/#breadcrumb","itemListElement":[{"@type":"ListItem","position":1,"name":"Home","item":"https:\/\/gtartistoo.com\/"},{"@type":"ListItem","position":2,"name":"Privacy Policy"}]},{"@type":"WebSite","@id":"https:\/\/gtartistoo.com\/#website","url":"https:\/\/gtartistoo.com\/","name":"gtartistoo.com","description":"","publisher":{"@id":"https:\/\/gtartistoo.com\/#organization"},"potentialAction":[{"@type":"SearchAction","target":{"@type":"EntryPoint","urlTemplate":"https:\/\/gtartistoo.com\/?s={search_term_string}"},"query-input":{"@type":"PropertyValueSpecification","valueRequired":true,"valueName":"search_term_string"}}],"inLanguage":"fr-FR"},{"@type":"Organization","@id":"https:\/\/gtartistoo.com\/#organization","name":"gtartistoo.com","url":"https:\/\/gtartistoo.com\/","logo":{"@type":"ImageObject","inLanguage":"fr-FR","@id":"https:\/\/gtartistoo.com\/#\/schema\/logo\/image\/","url":"https:\/\/gtartistoo.com\/wp-content\/uploads\/2025\/10\/logo.svg","contentUrl":"https:\/\/gtartistoo.com\/wp-content\/uploads\/2025\/10\/logo.svg","width":369,"height":124,"caption":"gtartistoo.com"},"image":{"@id":"https:\/\/gtartistoo.com\/#\/schema\/logo\/image\/"}}]}},"_hostinger_reach_plugin_has_subscription_block":false,"_hostinger_reach_plugin_is_elementor":false,"_links":{"self":[{"href":"https:\/\/gtartistoo.com\/fr\/wp-json\/wp\/v2\/pages\/3","targetHints":{"allow":["GET"]}}],"collection":[{"href":"https:\/\/gtartistoo.com\/fr\/wp-json\/wp\/v2\/pages"}],"about":[{"href":"https:\/\/gtartistoo.com\/fr\/wp-json\/wp\/v2\/types\/page"}],"author":[{"embeddable":true,"href":"https:\/\/gtartistoo.com\/fr\/wp-json\/wp\/v2\/users\/1"}],"replies":[{"embeddable":true,"href":"https:\/\/gtartistoo.com\/fr\/wp-json\/wp\/v2\/comments?post=3"}],"version-history":[{"count":12,"href":"https:\/\/gtartistoo.com\/fr\/wp-json\/wp\/v2\/pages\/3\/revisions"}],"predecessor-version":[{"id":29469,"href":"https:\/\/gtartistoo.com\/fr\/wp-json\/wp\/v2\/pages\/3\/revisions\/29469"}],"wp:attachment":[{"href":"https:\/\/gtartistoo.com\/fr\/wp-json\/wp\/v2\/media?parent=3"}],"curies":[{"name":"wp","href":"https:\/\/api.w.org\/{rel}","templated":true}]}}