{"id":30269,"date":"2025-11-13T05:41:07","date_gmt":"2025-11-13T05:41:07","guid":{"rendered":"https:\/\/gtartistoo.com\/?post_type=product&#038;p=30269"},"modified":"2026-01-28T06:35:52","modified_gmt":"2026-01-28T06:35:52","slug":"kit-dencre-de-tatouage-14-couleurs-15ml","status":"publish","type":"product","link":"https:\/\/gtartistoo.com\/fr\/boutique\/encres-de-tatouage\/kit-dencre-de-tatouage-14-couleurs-15ml\/","title":{"rendered":"Gtartistoo Tattoo Ink Set - 14 couleurs, flacons de 1\/2oz"},"content":{"rendered":"<p data-start=\"1361\" data-end=\"1543\">Ce set d'encre de tatouage offre une gamme de couleurs \u00e9quilibr\u00e9e pour un travail de tatouage professionnel. Chaque bouteille contient 1\/2 oz d'encre de tatouage. Le set permet de r\u00e9aliser des doublures, des ombres et des dessins ax\u00e9s sur la couleur.<\/p>\n<h3 data-start=\"1545\" data-end=\"1563\">Caract\u00e9ristiques principales<\/h3>\n<ul data-start=\"1564\" data-end=\"1750\">\n<li data-start=\"1564\" data-end=\"1598\">\n<p data-start=\"1566\" data-end=\"1598\">Assortiment d'encres de tatouage 14 couleurs<\/p>\n<\/li>\n<li data-start=\"1599\" data-end=\"1627\">\n<p data-start=\"1601\" data-end=\"1627\">Bouteilles individuelles de 1\/2 oz<\/p>\n<\/li>\n<li data-start=\"1628\" data-end=\"1670\">\n<p data-start=\"1630\" data-end=\"1670\">\u00c9tiquetage clair pour une identification facile<\/p>\n<\/li>\n<li data-start=\"1671\" data-end=\"1717\">\n<p data-start=\"1673\" data-end=\"1717\">Convient \u00e0 l'\u00e9quipement de tatouage professionnel<\/p>\n<\/li>\n<li data-start=\"1718\" data-end=\"1750\">\n<p data-start=\"1720\" data-end=\"1750\">Ensemble organis\u00e9 pour l'utilisation en studio<\/p>\n<\/li>\n<\/ul>\n<h3 data-start=\"1752\" data-end=\"1782\">Sp\u00e9cifications techniques<\/h3>\n<ul data-start=\"1783\" data-end=\"1897\">\n<li data-start=\"1783\" data-end=\"1804\">\n<p data-start=\"1785\" data-end=\"1804\">Marque : Gtartistoo<\/p>\n<\/li>\n<li data-start=\"1805\" data-end=\"1833\">\n<p data-start=\"1807\" data-end=\"1833\">Type de produit : Encre de tatouage<\/p>\n<\/li>\n<li data-start=\"1834\" data-end=\"1872\">\n<p data-start=\"1836\" data-end=\"1872\">Volume par bouteille : 0.5 oz (1\/2 oz)<\/p>\n<\/li>\n<li data-start=\"1873\" data-end=\"1897\">\n<p data-start=\"1875\" data-end=\"1897\">Quantit\u00e9 : 14 bouteilles<\/p>\n<\/li>\n<\/ul>\n<h3 data-start=\"1899\" data-end=\"1926\">Compatibilit\u00e9 \/ Utilisation<\/h3>\n<p data-start=\"1927\" data-end=\"2173\">Ce kit d'encre de tatouage est destin\u00e9 \u00e0 \u00eatre utilis\u00e9 avec des machines et accessoires de tatouage professionnels standard. L'utilisation doit \u00eatre conforme aux pratiques professionnelles de tatouage et aux r\u00e9glementations locales en vigueur. L'apparence des couleurs peut varier en fonction des conditions d'\u00e9clairage.<\/p>","protected":false},"excerpt":{"rendered":"<p data-start=\"883\" data-end=\"1207\">L'ensemble d'encres de tatouage 14 couleurs Gtartistoo comprend quatorze bouteilles de 1\/2 oz couvrant une large gamme de couleurs principales et de couleurs d'accentuation. Ce set est con\u00e7u pour les applications de tatouage professionnel qui n\u00e9cessitent une s\u00e9lection coh\u00e9rente des couleurs et une utilisation contr\u00f4l\u00e9e. Chaque bouteille est clairement \u00e9tiquet\u00e9e pour faciliter le travail en studio.<\/p>\n<p data-start=\"1209\" data-end=\"1228\"><strong data-start=\"1209\" data-end=\"1226\">L'ensemble comprend<\/strong><\/p>\n<ul data-start=\"1229\" data-end=\"1308\">\n<li data-start=\"1229\" data-end=\"1253\">\n<p data-start=\"1231\" data-end=\"1253\">14 couleurs d'encre de tatouage<\/p>\n<\/li>\n<li data-start=\"1254\" data-end=\"1274\">\n<p data-start=\"1256\" data-end=\"1274\">1\/2oz par bouteille<\/p>\n<\/li>\n<li data-start=\"1275\" data-end=\"1308\">\n<p data-start=\"1277\" data-end=\"1308\">Con\u00e7u pour une utilisation professionnelle<\/p>\n<\/li>\n<\/ul>","protected":false},"featured_media":31638,"comment_status":"open","ping_status":"closed","template":"","meta":[],"product_brand":[71],"product_cat":[353,72],"product_tag":[205,199,211,190,207,210,196,209,213],"class_list":{"0":"post-30269","1":"product","2":"type-product","3":"status-publish","4":"has-post-thumbnail","6":"product_brand-gtartistoo","7":"product_cat-tattoo-ink-sets","8":"product_cat-tattoo-inks","9":"product_tag-bright-orange-ink","10":"product_tag-brown-ink","11":"product_tag-fuschia-ink","12":"product_tag-light-purple-ink","13":"product_tag-red-ink","14":"product_tag-rose-pink-ink","15":"product_tag-silver-ink","16":"product_tag-white-ink","17":"product_tag-yellow-ink","19":"first","20":"instock","21":"sale","22":"taxable","23":"shipping-taxable","24":"purchasable","25":"product-type-simple"},"yoast_head":"<!-- This site is optimized with the Yoast SEO Premium plugin v26.2 (Yoast SEO v26.2) - https:\/\/yoast.com\/wordpress\/plugins\/seo\/ -->\n<title>Gtartistoo Tattoo Ink Set \u2013 14 Colors, 1\/2oz Bottles<\/title>\n<meta name=\"description\" content=\"Buy the Gtartistoo 14-color essential tattoo ink set (15ml) for beginners and practicing artists. Features a stable, low-irritation formula.\" \/>\n<meta name=\"robots\" content=\"index, follow, max-snippet:-1, max-image-preview:large, max-video-preview:-1\" \/>\n<link rel=\"canonical\" href=\"https:\/\/gtartistoo.com\/fr\/boutique\/encres-de-tatouage\/kit-dencre-de-tatouage-14-couleurs-15ml\/\" \/>\n<meta property=\"og:locale\" content=\"fr_FR\" \/>\n<meta property=\"og:type\" content=\"article\" \/>\n<meta property=\"og:title\" content=\"Gtartistoo Tattoo Ink Set \u2013 14 Colors, 1\/2oz Bottles\" \/>\n<meta property=\"og:description\" content=\"Buy the Gtartistoo 14-color essential tattoo ink set (15ml) for beginners and practicing artists. Features a stable, low-irritation formula.\" \/>\n<meta property=\"og:url\" content=\"https:\/\/gtartistoo.com\/fr\/boutique\/encres-de-tatouage\/kit-dencre-de-tatouage-14-couleurs-15ml\/\" \/>\n<meta property=\"og:site_name\" content=\"gtartistoo.com\" \/>\n<meta property=\"article:modified_time\" content=\"2026-01-28T06:35:52+00:00\" \/>\n<meta property=\"og:image\" content=\"https:\/\/gtartistoo.com\/wp-content\/uploads\/2025\/11\/gtartistoo-tattoo-ink-14-color-set-0.5oz-1.jpg\" \/>\n\t<meta property=\"og:image:width\" content=\"1600\" \/>\n\t<meta property=\"og:image:height\" content=\"1600\" \/>\n\t<meta property=\"og:image:type\" content=\"image\/jpeg\" \/>\n<meta name=\"twitter:card\" content=\"summary_large_image\" \/>\n<meta name=\"twitter:label1\" content=\"Prix\" \/>\n\t<meta name=\"twitter:data1\" content=\"25.99&#036;\" \/>\n\t<meta name=\"twitter:label2\" content=\"Disponibilit\u00e9\" \/>\n\t<meta name=\"twitter:data2\" content=\"En stock\" \/>\n<script type=\"application\/ld+json\" class=\"yoast-schema-graph\">{\"@context\":\"https:\/\/schema.org\",\"@graph\":[{\"@type\":\"WebPage\",\"@id\":\"https:\/\/gtartistoo.com\/shop\/tattoo-inks\/14colors-15ml-tattoo-ink-set\/\",\"url\":\"https:\/\/gtartistoo.com\/shop\/tattoo-inks\/14colors-15ml-tattoo-ink-set\/\",\"name\":\"Gtartistoo Tattoo Ink Set \u2013 14 Colors, 1\/2oz Bottles\",\"isPartOf\":{\"@id\":\"https:\/\/gtartistoo.com\/#website\"},\"primaryImageOfPage\":{\"@id\":\"https:\/\/gtartistoo.com\/shop\/tattoo-inks\/14colors-15ml-tattoo-ink-set\/#primaryimage\"},\"image\":{\"@id\":\"https:\/\/gtartistoo.com\/shop\/tattoo-inks\/14colors-15ml-tattoo-ink-set\/#primaryimage\"},\"thumbnailUrl\":\"https:\/\/gtartistoo.com\/wp-content\/uploads\/2025\/11\/gtartistoo-tattoo-ink-14-color-set-0.5oz-1.jpg\",\"datePublished\":\"2025-11-13T05:41:07+00:00\",\"dateModified\":\"2026-01-28T06:35:52+00:00\",\"description\":\"Buy the Gtartistoo 14-color essential tattoo ink set (15ml) for beginners and practicing artists. Features a stable, low-irritation formula.\",\"breadcrumb\":{\"@id\":\"https:\/\/gtartistoo.com\/shop\/tattoo-inks\/14colors-15ml-tattoo-ink-set\/#breadcrumb\"},\"inLanguage\":\"fr-FR\",\"potentialAction\":[{\"@type\":\"ReadAction\",\"target\":[\"https:\/\/gtartistoo.com\/shop\/tattoo-inks\/14colors-15ml-tattoo-ink-set\/\"]}]},{\"@type\":\"ImageObject\",\"inLanguage\":\"fr-FR\",\"@id\":\"https:\/\/gtartistoo.com\/shop\/tattoo-inks\/14colors-15ml-tattoo-ink-set\/#primaryimage\",\"url\":\"https:\/\/gtartistoo.com\/wp-content\/uploads\/2025\/11\/gtartistoo-tattoo-ink-14-color-set-0.5oz-1.jpg\",\"contentUrl\":\"https:\/\/gtartistoo.com\/wp-content\/uploads\/2025\/11\/gtartistoo-tattoo-ink-14-color-set-0.5oz-1.jpg\",\"width\":1600,\"height\":1600,\"caption\":\"Gtartistoo tattoo ink 14 color set with 1\/2oz bottles\"},{\"@type\":\"BreadcrumbList\",\"@id\":\"https:\/\/gtartistoo.com\/shop\/tattoo-inks\/14colors-15ml-tattoo-ink-set\/#breadcrumb\",\"itemListElement\":[{\"@type\":\"ListItem\",\"position\":1,\"name\":\"Home\",\"item\":\"https:\/\/gtartistoo.com\/\"},{\"@type\":\"ListItem\",\"position\":2,\"name\":\"Shop\",\"item\":\"https:\/\/gtartistoo.com\/shop\/\"},{\"@type\":\"ListItem\",\"position\":3,\"name\":\"Gtartistoo Tattoo Ink Set \u2013 14 Colors, 1\/2oz Bottles\"}]},{\"@type\":\"WebSite\",\"@id\":\"https:\/\/gtartistoo.com\/#website\",\"url\":\"https:\/\/gtartistoo.com\/\",\"name\":\"gtartistoo.com\",\"description\":\"\",\"publisher\":{\"@id\":\"https:\/\/gtartistoo.com\/#organization\"},\"potentialAction\":[{\"@type\":\"SearchAction\",\"target\":{\"@type\":\"EntryPoint\",\"urlTemplate\":\"https:\/\/gtartistoo.com\/?s={search_term_string}\"},\"query-input\":{\"@type\":\"PropertyValueSpecification\",\"valueRequired\":true,\"valueName\":\"search_term_string\"}}],\"inLanguage\":\"fr-FR\"},{\"@type\":\"Organization\",\"@id\":\"https:\/\/gtartistoo.com\/#organization\",\"name\":\"gtartistoo.com\",\"url\":\"https:\/\/gtartistoo.com\/\",\"logo\":{\"@type\":\"ImageObject\",\"inLanguage\":\"fr-FR\",\"@id\":\"https:\/\/gtartistoo.com\/#\/schema\/logo\/image\/\",\"url\":\"https:\/\/gtartistoo.com\/wp-content\/uploads\/2025\/10\/logo.svg\",\"contentUrl\":\"https:\/\/gtartistoo.com\/wp-content\/uploads\/2025\/10\/logo.svg\",\"width\":369,\"height\":124,\"caption\":\"gtartistoo.com\"},\"image\":{\"@id\":\"https:\/\/gtartistoo.com\/#\/schema\/logo\/image\/\"}}]}<\/script>\n<meta property=\"product:price:amount\" content=\"25.99\" \/>\n<meta property=\"product:price:currency\" content=\"USD\" \/>\n<meta property=\"og:availability\" content=\"instock\" \/>\n<meta property=\"product:availability\" content=\"instock\" \/>\n<meta property=\"product:retailer_item_id\" content=\"30269\" \/>\n<meta property=\"product:condition\" content=\"new\" \/>\n<!-- \/ Yoast SEO Premium plugin. -->","yoast_head_json":{"title":"Gtartistoo Tattoo Ink Set - 14 couleurs, flacons de 1\/2oz","description":"Achetez l'ensemble d'encres de tatouage essentielles de 14 couleurs (15ml) de Gtartistoo pour les d\u00e9butants et les artistes pratiquants. Comprend une formule stable, \u00e0 faible irritation.","robots":{"index":"index","follow":"follow","max-snippet":"max-snippet:-1","max-image-preview":"max-image-preview:large","max-video-preview":"max-video-preview:-1"},"canonical":"https:\/\/gtartistoo.com\/fr\/boutique\/encres-de-tatouage\/kit-dencre-de-tatouage-14-couleurs-15ml\/","og_locale":"fr_FR","og_type":"article","og_title":"Gtartistoo Tattoo Ink Set \u2013 14 Colors, 1\/2oz Bottles","og_description":"Buy the Gtartistoo 14-color essential tattoo ink set (15ml) for beginners and practicing artists. Features a stable, low-irritation formula.","og_url":"https:\/\/gtartistoo.com\/fr\/boutique\/encres-de-tatouage\/kit-dencre-de-tatouage-14-couleurs-15ml\/","og_site_name":"gtartistoo.com","article_modified_time":"2026-01-28T06:35:52+00:00","og_image":[{"width":1600,"height":1600,"url":"https:\/\/gtartistoo.com\/wp-content\/uploads\/2025\/11\/gtartistoo-tattoo-ink-14-color-set-0.5oz-1.jpg","type":"image\/jpeg"}],"twitter_card":"summary_large_image","twitter_misc":{"Prix":"25.99&#36;","Disponibilit\u00e9":"En stock"},"schema":{"@context":"https:\/\/schema.org","@graph":[{"@type":"WebPage","@id":"https:\/\/gtartistoo.com\/shop\/tattoo-inks\/14colors-15ml-tattoo-ink-set\/","url":"https:\/\/gtartistoo.com\/shop\/tattoo-inks\/14colors-15ml-tattoo-ink-set\/","name":"Gtartistoo Tattoo Ink Set - 14 couleurs, flacons de 1\/2oz","isPartOf":{"@id":"https:\/\/gtartistoo.com\/#website"},"primaryImageOfPage":{"@id":"https:\/\/gtartistoo.com\/shop\/tattoo-inks\/14colors-15ml-tattoo-ink-set\/#primaryimage"},"image":{"@id":"https:\/\/gtartistoo.com\/shop\/tattoo-inks\/14colors-15ml-tattoo-ink-set\/#primaryimage"},"thumbnailUrl":"https:\/\/gtartistoo.com\/wp-content\/uploads\/2025\/11\/gtartistoo-tattoo-ink-14-color-set-0.5oz-1.jpg","datePublished":"2025-11-13T05:41:07+00:00","dateModified":"2026-01-28T06:35:52+00:00","description":"Achetez l'ensemble d'encres de tatouage essentielles de 14 couleurs (15ml) de Gtartistoo pour les d\u00e9butants et les artistes pratiquants. Comprend une formule stable, \u00e0 faible irritation.","breadcrumb":{"@id":"https:\/\/gtartistoo.com\/shop\/tattoo-inks\/14colors-15ml-tattoo-ink-set\/#breadcrumb"},"inLanguage":"fr-FR","potentialAction":[{"@type":"ReadAction","target":["https:\/\/gtartistoo.com\/shop\/tattoo-inks\/14colors-15ml-tattoo-ink-set\/"]}]},{"@type":"ImageObject","inLanguage":"fr-FR","@id":"https:\/\/gtartistoo.com\/shop\/tattoo-inks\/14colors-15ml-tattoo-ink-set\/#primaryimage","url":"https:\/\/gtartistoo.com\/wp-content\/uploads\/2025\/11\/gtartistoo-tattoo-ink-14-color-set-0.5oz-1.jpg","contentUrl":"https:\/\/gtartistoo.com\/wp-content\/uploads\/2025\/11\/gtartistoo-tattoo-ink-14-color-set-0.5oz-1.jpg","width":1600,"height":1600,"caption":"Gtartistoo tattoo ink 14 color set with 1\/2oz bottles"},{"@type":"BreadcrumbList","@id":"https:\/\/gtartistoo.com\/shop\/tattoo-inks\/14colors-15ml-tattoo-ink-set\/#breadcrumb","itemListElement":[{"@type":"ListItem","position":1,"name":"Home","item":"https:\/\/gtartistoo.com\/"},{"@type":"ListItem","position":2,"name":"Shop","item":"https:\/\/gtartistoo.com\/shop\/"},{"@type":"ListItem","position":3,"name":"Gtartistoo Tattoo Ink Set \u2013 14 Colors, 1\/2oz Bottles"}]},{"@type":"WebSite","@id":"https:\/\/gtartistoo.com\/#website","url":"https:\/\/gtartistoo.com\/","name":"gtartistoo.com","description":"","publisher":{"@id":"https:\/\/gtartistoo.com\/#organization"},"potentialAction":[{"@type":"SearchAction","target":{"@type":"EntryPoint","urlTemplate":"https:\/\/gtartistoo.com\/?s={search_term_string}"},"query-input":{"@type":"PropertyValueSpecification","valueRequired":true,"valueName":"search_term_string"}}],"inLanguage":"fr-FR"},{"@type":"Organization","@id":"https:\/\/gtartistoo.com\/#organization","name":"gtartistoo.com","url":"https:\/\/gtartistoo.com\/","logo":{"@type":"ImageObject","inLanguage":"fr-FR","@id":"https:\/\/gtartistoo.com\/#\/schema\/logo\/image\/","url":"https:\/\/gtartistoo.com\/wp-content\/uploads\/2025\/10\/logo.svg","contentUrl":"https:\/\/gtartistoo.com\/wp-content\/uploads\/2025\/10\/logo.svg","width":369,"height":124,"caption":"gtartistoo.com"},"image":{"@id":"https:\/\/gtartistoo.com\/#\/schema\/logo\/image\/"}}]},"product_price_amount":"25.99","product_price_currency":"USD","og_availability":"instock","product_availability":"instock","product_retailer_item_id":"30269","product_condition":"new"},"_links":{"self":[{"href":"https:\/\/gtartistoo.com\/fr\/wp-json\/wp\/v2\/product\/30269","targetHints":{"allow":["GET"]}}],"collection":[{"href":"https:\/\/gtartistoo.com\/fr\/wp-json\/wp\/v2\/product"}],"about":[{"href":"https:\/\/gtartistoo.com\/fr\/wp-json\/wp\/v2\/types\/product"}],"replies":[{"embeddable":true,"href":"https:\/\/gtartistoo.com\/fr\/wp-json\/wp\/v2\/comments?post=30269"}],"version-history":[{"count":7,"href":"https:\/\/gtartistoo.com\/fr\/wp-json\/wp\/v2\/product\/30269\/revisions"}],"predecessor-version":[{"id":31641,"href":"https:\/\/gtartistoo.com\/fr\/wp-json\/wp\/v2\/product\/30269\/revisions\/31641"}],"wp:featuredmedia":[{"embeddable":true,"href":"https:\/\/gtartistoo.com\/fr\/wp-json\/wp\/v2\/media\/31638"}],"wp:attachment":[{"href":"https:\/\/gtartistoo.com\/fr\/wp-json\/wp\/v2\/media?parent=30269"}],"wp:term":[{"taxonomy":"product_brand","embeddable":true,"href":"https:\/\/gtartistoo.com\/fr\/wp-json\/wp\/v2\/product_brand?post=30269"},{"taxonomy":"product_cat","embeddable":true,"href":"https:\/\/gtartistoo.com\/fr\/wp-json\/wp\/v2\/product_cat?post=30269"},{"taxonomy":"product_tag","embeddable":true,"href":"https:\/\/gtartistoo.com\/fr\/wp-json\/wp\/v2\/product_tag?post=30269"}],"curies":[{"name":"wp","href":"https:\/\/api.w.org\/{rel}","templated":true}]}}