{"id":30552,"date":"2026-01-29T05:31:54","date_gmt":"2026-01-29T05:31:54","guid":{"rendered":"https:\/\/gtartistoo.com\/?post_type=product&#038;p=30552"},"modified":"2026-01-29T05:31:55","modified_gmt":"2026-01-29T05:31:55","slug":"machine-a-tatouer-sans-fil-cnc-e400-or","status":"publish","type":"product","link":"https:\/\/gtartistoo.com\/fr\/boutique\/machine-a-tatouer\/machine-a-tatouer-sans-fil-cnc-e400-or\/","title":{"rendered":"Machine \u00e0 tatouer sans fil CNC E400 - Or"},"content":{"rendered":"<h1 class=\"header-iWP5WJ auto-hide-last-sibling-br\">Stylo de tatouage sans fil E400 : Des performances de niveau professionnel pour un tatouage sans faille<\/h1>\n<div class=\"auto-hide-last-sibling-br paragraph-pP9ZLC paragraph-element br-paragraph-space\">Le stylo de tatouage sans fil E400 est taill\u00e9 sur mesure pour les tatoueurs. Il allie une fiabilit\u00e9 \u00e0 long terme, un r\u00e9glage pr\u00e9cis et un fonctionnement stable pour prendre en charge toutes les \u00e9tapes de votre processus cr\u00e9atif, des contours fins aux textures riches.<\/div>\n<h3 class=\"header-iWP5WJ auto-hide-last-sibling-br\">Deux batteries RCA de 1800 mAh : Z\u00e9ro temps d'arr\u00eat pour des sessions ininterrompues<\/h3>\n<div class=\"auto-hide-last-sibling-br paragraph-pP9ZLC paragraph-element br-paragraph-space\">\u00c9quip\u00e9 de deux batteries RCA haute capacit\u00e9 de 1 800 mAh, le stylo offre jusqu'\u00e0 10 heures d'utilisation continue sans fil, ce qui est suffisant pour alimenter des s\u00e9ances de tatouage d'une journ\u00e9e enti\u00e8re. Lorsqu'une batterie est utilis\u00e9e, l'autre peut \u00eatre recharg\u00e9e en parall\u00e8le ; un \u00e9change rapide vous permet de continuer \u00e0 travailler sans interruption, \u00e9liminant ainsi la frustration des coupures de courant en milieu de s\u00e9ance et garantissant une productivit\u00e9 ininterrompue.<\/div>\n<h3 class=\"header-iWP5WJ auto-hide-last-sibling-br\">R\u00e9glage \u00e0 7 positions et profondeur d'aiguille de 0 \u00e0 4,5 mm : La pr\u00e9cision pour chaque technique<\/h3>\n<div class=\"auto-hide-last-sibling-br paragraph-pP9ZLC paragraph-element br-paragraph-space\">Il offre 7 longueurs de course personnalisables (2,4 mm-4,2 mm) et une plage de profondeur d'aiguille flexible (0-4,5 mm), ce qui vous permet de r\u00e9gler l'outil avec pr\u00e9cision pour qu'il corresponde \u00e0 vos besoins.\u00a0<em>exactement<\/em>\u00a0ce que votre art exige :<\/div>\n<div class=\"container-Uxvbjy md-box-line-break wrapper-GYqxgQ undefined\"><\/div>\n<ul class=\"auto-hide-last-sibling-br\">\n<li>Utilisez des traits plus courts (2,4 mm-3,0 mm) pour un trac\u00e9 net et pr\u00e9cis ;<\/li>\n<li>Optez pour des traits moyens (3,2 mm-3,8 mm) pour obtenir des couleurs \u00e9clatantes ;<\/li>\n<li>Choisissez des traits plus longs (4,0 \u00e0 4,2 mm) pour obtenir des ombres douces et lisses.\n<div class=\"container-Uxvbjy md-box-line-break wrapper-GYqxgQ undefined\"><\/div>\n<p>Cette adaptabilit\u00e9 signifie que l'E400 convient aussi bien aux styles traditionnels audacieux qu'au micro-r\u00e9alisme d\u00e9licat, et \u00e0 tout ce qui se trouve entre les deux.<\/li>\n<\/ul>\n<h3 class=\"header-iWP5WJ auto-hide-last-sibling-br\">Moteur sans balais ni noyau + conception antiroulis : Fonctionnement stable et sans fatigue<\/h3>\n<div class=\"auto-hide-last-sibling-br paragraph-pP9ZLC paragraph-element br-paragraph-space\">Aliment\u00e9 par un moteur sans balai et un syst\u00e8me d'entra\u00eenement direct, le stylo fonctionne avec un niveau de vibration et de bruit minimal, ce qui est essentiel pour r\u00e9duire la fatigue de la main pendant les sessions de plus de 4 heures. Son corps anti-roulement et antid\u00e9rapant maintient le stylo bien en place sur votre poste de travail (m\u00eame avec de l'encre ou du gel \u00e0 proximit\u00e9), \u00e9vitant ainsi les d\u00e9placements accidentels qui pourraient g\u00e2cher les d\u00e9tails les plus fins. Le syst\u00e8me d'entra\u00eenement direct assure \u00e9galement un transfert de puissance constant vers l'aiguille, de sorte que chaque ligne et chaque nuance restent uniformes.<\/div>\n<h3 class=\"header-iWP5WJ auto-hide-last-sibling-br\">Deux modes et 3 pr\u00e9r\u00e9glages de m\u00e9moire : Gagnez du temps, stimulez votre cr\u00e9ativit\u00e9<\/h3>\n<div class=\"auto-hide-last-sibling-br paragraph-pP9ZLC paragraph-element br-paragraph-space\">Passez d'un mode sp\u00e9cialis\u00e9 \u00e0 l'autre d'une simple pression :<\/div>\n<div class=\"container-Uxvbjy md-box-line-break wrapper-GYqxgQ undefined\"><\/div>\n<ul class=\"auto-hide-last-sibling-br\">\n<li><strong>Mode normal<\/strong>: Pour le tatouage standard (doublure, ombrage, couleur) ;<\/li>\n<li><strong>Mode stippling<\/strong>: Pour les d\u00e9tails textur\u00e9s (par exemple, la texture de la peau, les m\u00e8ches de cheveux).\n<div class=\"container-Uxvbjy md-box-line-break wrapper-GYqxgQ undefined\"><\/div>\n<p>Il comprend \u00e9galement une fonction de d\u00e9marrage rapide (mise sous tension instantan\u00e9e pour une installation rapide) et 3 pr\u00e9r\u00e9glages de m\u00e9moire - sauvegardez vos r\u00e9glages habituels (par exemple, longueur de course + tension) pour diff\u00e9rents types d'aiguilles (round liners, magnum shaders) ou de projets. Finis les r\u00e9glages r\u00e9p\u00e9t\u00e9s : il vous suffit de s\u00e9lectionner votre pr\u00e9r\u00e9glage et de commencer \u00e0 cr\u00e9er.<\/li>\n<\/ul>\n<h3 class=\"header-iWP5WJ auto-hide-last-sibling-br\">\u00c9cran couleur HD : Contr\u00f4le en temps r\u00e9el en un coup d'\u0153il<\/h3>\n<div class=\"auto-hide-last-sibling-br paragraph-pP9ZLC paragraph-element br-paragraph-space\">Un \u00e9cran couleur HD int\u00e9gr\u00e9 affiche des informations cl\u00e9s en temps r\u00e9el : niveau de batterie (pour ne jamais tomber en panne), tension actuelle, longueur de la course et mode actif. L'interface est intuitive (pas de menus compliqu\u00e9s), ce qui vous permet de modifier les param\u00e8tres en cours de s\u00e9ance sans perdre de vue la peau du client.<\/div>","protected":false},"excerpt":{"rendered":"<p>E400 Wireless Tattoo Pen: Professional-Grade Performance for Seamless Tattooing The E400 Wireless Tattoo Pen is tailor-made for tattoo artists, combining<\/p>","protected":false},"featured_media":30557,"comment_status":"open","ping_status":"closed","template":"","meta":[],"product_brand":[248],"product_cat":[77],"product_tag":[],"class_list":{"0":"post-30552","1":"product","2":"type-product","3":"status-publish","4":"has-post-thumbnail","6":"product_brand-cnc","7":"product_cat-tattoo-machine","9":"first","10":"instock","11":"taxable","12":"shipping-taxable","13":"purchasable","14":"product-type-simple"},"yoast_head":"<!-- This site is optimized with the Yoast SEO Premium plugin v26.2 (Yoast SEO v26.2) - https:\/\/yoast.com\/wordpress\/plugins\/seo\/ -->\n<title>Tattoo Supplies Shop | Professional Tattoo Equipment<\/title>\n<meta name=\"description\" content=\"The E400 Wireless Tattoo Pen is tailor-made for tattoo artists, combining long-lasting reliability, precise adjustability, and stable operation to support every stage of your creative process\u2014from fine outlines to rich textures.\" \/>\n<meta name=\"robots\" content=\"index, follow, max-snippet:-1, max-image-preview:large, max-video-preview:-1\" \/>\n<link rel=\"canonical\" href=\"https:\/\/gtartistoo.com\/fr\/boutique\/machine-a-tatouer\/machine-a-tatouer-sans-fil-cnc-e400-or\/\" \/>\n<meta property=\"og:locale\" content=\"fr_FR\" \/>\n<meta property=\"og:type\" content=\"article\" \/>\n<meta property=\"og:title\" content=\"CNC E400 Wireless Tattoo Pen Machine - Gold\" \/>\n<meta property=\"og:description\" content=\"The E400 Wireless Tattoo Pen is tailor-made for tattoo artists, combining long-lasting reliability, precise adjustability, and stable operation to support every stage of your creative process\u2014from fine outlines to rich textures.\" \/>\n<meta property=\"og:url\" content=\"https:\/\/gtartistoo.com\/fr\/boutique\/machine-a-tatouer\/machine-a-tatouer-sans-fil-cnc-e400-or\/\" \/>\n<meta property=\"og:site_name\" content=\"gtartistoo.com\" \/>\n<meta property=\"article:modified_time\" content=\"2026-01-29T05:31:55+00:00\" \/>\n<meta property=\"og:image\" content=\"https:\/\/gtartistoo.com\/wp-content\/uploads\/2025\/12\/CNC-E400-1.jpg\" \/>\n\t<meta property=\"og:image:width\" content=\"1600\" \/>\n\t<meta property=\"og:image:height\" content=\"1600\" \/>\n\t<meta property=\"og:image:type\" content=\"image\/jpeg\" \/>\n<meta name=\"twitter:card\" content=\"summary_large_image\" \/>\n<meta name=\"twitter:label1\" content=\"Prix\" \/>\n\t<meta name=\"twitter:data1\" content=\"309.98&#036;\" \/>\n\t<meta name=\"twitter:label2\" content=\"Disponibilit\u00e9\" \/>\n\t<meta name=\"twitter:data2\" content=\"En stock\" \/>\n<script type=\"application\/ld+json\" class=\"yoast-schema-graph\">{\"@context\":\"https:\/\/schema.org\",\"@graph\":[{\"@type\":\"WebPage\",\"@id\":\"https:\/\/gtartistoo.com\/shop\/tattoo-machine\/cnc-e400-wireless-tattoo-pen-machine-gold\/\",\"url\":\"https:\/\/gtartistoo.com\/shop\/tattoo-machine\/cnc-e400-wireless-tattoo-pen-machine-gold\/\",\"name\":\"Tattoo Supplies Shop | Professional Tattoo Equipment\",\"isPartOf\":{\"@id\":\"https:\/\/gtartistoo.com\/#website\"},\"primaryImageOfPage\":{\"@id\":\"https:\/\/gtartistoo.com\/shop\/tattoo-machine\/cnc-e400-wireless-tattoo-pen-machine-gold\/#primaryimage\"},\"image\":{\"@id\":\"https:\/\/gtartistoo.com\/shop\/tattoo-machine\/cnc-e400-wireless-tattoo-pen-machine-gold\/#primaryimage\"},\"thumbnailUrl\":\"https:\/\/gtartistoo.com\/wp-content\/uploads\/2025\/12\/CNC-E400-1.jpg\",\"datePublished\":\"2026-01-29T05:31:54+00:00\",\"dateModified\":\"2026-01-29T05:31:55+00:00\",\"description\":\"The E400 Wireless Tattoo Pen is tailor-made for tattoo artists, combining long-lasting reliability, precise adjustability, and stable operation to support every stage of your creative process\u2014from fine outlines to rich textures.\",\"breadcrumb\":{\"@id\":\"https:\/\/gtartistoo.com\/shop\/tattoo-machine\/cnc-e400-wireless-tattoo-pen-machine-gold\/#breadcrumb\"},\"inLanguage\":\"fr-FR\",\"potentialAction\":[{\"@type\":\"ReadAction\",\"target\":[\"https:\/\/gtartistoo.com\/shop\/tattoo-machine\/cnc-e400-wireless-tattoo-pen-machine-gold\/\"]}]},{\"@type\":\"ImageObject\",\"inLanguage\":\"fr-FR\",\"@id\":\"https:\/\/gtartistoo.com\/shop\/tattoo-machine\/cnc-e400-wireless-tattoo-pen-machine-gold\/#primaryimage\",\"url\":\"https:\/\/gtartistoo.com\/wp-content\/uploads\/2025\/12\/CNC-E400-1.jpg\",\"contentUrl\":\"https:\/\/gtartistoo.com\/wp-content\/uploads\/2025\/12\/CNC-E400-1.jpg\",\"width\":1600,\"height\":1600},{\"@type\":\"BreadcrumbList\",\"@id\":\"https:\/\/gtartistoo.com\/shop\/tattoo-machine\/cnc-e400-wireless-tattoo-pen-machine-gold\/#breadcrumb\",\"itemListElement\":[{\"@type\":\"ListItem\",\"position\":1,\"name\":\"Home\",\"item\":\"https:\/\/gtartistoo.com\/\"},{\"@type\":\"ListItem\",\"position\":2,\"name\":\"Shop\",\"item\":\"https:\/\/gtartistoo.com\/shop\/\"},{\"@type\":\"ListItem\",\"position\":3,\"name\":\"CNC E400 Wireless Tattoo Pen Machine &#8211; Gold\"}]},{\"@type\":\"WebSite\",\"@id\":\"https:\/\/gtartistoo.com\/#website\",\"url\":\"https:\/\/gtartistoo.com\/\",\"name\":\"gtartistoo.com\",\"description\":\"\",\"publisher\":{\"@id\":\"https:\/\/gtartistoo.com\/#organization\"},\"potentialAction\":[{\"@type\":\"SearchAction\",\"target\":{\"@type\":\"EntryPoint\",\"urlTemplate\":\"https:\/\/gtartistoo.com\/?s={search_term_string}\"},\"query-input\":{\"@type\":\"PropertyValueSpecification\",\"valueRequired\":true,\"valueName\":\"search_term_string\"}}],\"inLanguage\":\"fr-FR\"},{\"@type\":\"Organization\",\"@id\":\"https:\/\/gtartistoo.com\/#organization\",\"name\":\"gtartistoo.com\",\"url\":\"https:\/\/gtartistoo.com\/\",\"logo\":{\"@type\":\"ImageObject\",\"inLanguage\":\"fr-FR\",\"@id\":\"https:\/\/gtartistoo.com\/#\/schema\/logo\/image\/\",\"url\":\"https:\/\/gtartistoo.com\/wp-content\/uploads\/2025\/10\/logo.svg\",\"contentUrl\":\"https:\/\/gtartistoo.com\/wp-content\/uploads\/2025\/10\/logo.svg\",\"width\":369,\"height\":124,\"caption\":\"gtartistoo.com\"},\"image\":{\"@id\":\"https:\/\/gtartistoo.com\/#\/schema\/logo\/image\/\"}}]}<\/script>\n<meta property=\"product:price:amount\" content=\"309.98\" \/>\n<meta property=\"product:price:currency\" content=\"USD\" \/>\n<meta property=\"og:availability\" content=\"instock\" \/>\n<meta property=\"product:availability\" content=\"instock\" \/>\n<meta property=\"product:retailer_item_id\" content=\"30552\" \/>\n<meta property=\"product:condition\" content=\"new\" \/>\n<!-- \/ Yoast SEO Premium plugin. -->","yoast_head_json":{"title":"Tattoo Supplies Shop | Mat\u00e9riel de tatouage professionnel","description":"Le stylo de tatouage sans fil E400 est taill\u00e9 sur mesure pour les tatoueurs. Il allie une fiabilit\u00e9 \u00e0 long terme, un r\u00e9glage pr\u00e9cis et un fonctionnement stable pour prendre en charge toutes les \u00e9tapes de votre processus cr\u00e9atif, des contours fins aux textures riches.","robots":{"index":"index","follow":"follow","max-snippet":"max-snippet:-1","max-image-preview":"max-image-preview:large","max-video-preview":"max-video-preview:-1"},"canonical":"https:\/\/gtartistoo.com\/fr\/boutique\/machine-a-tatouer\/machine-a-tatouer-sans-fil-cnc-e400-or\/","og_locale":"fr_FR","og_type":"article","og_title":"CNC E400 Wireless Tattoo Pen Machine - Gold","og_description":"The E400 Wireless Tattoo Pen is tailor-made for tattoo artists, combining long-lasting reliability, precise adjustability, and stable operation to support every stage of your creative process\u2014from fine outlines to rich textures.","og_url":"https:\/\/gtartistoo.com\/fr\/boutique\/machine-a-tatouer\/machine-a-tatouer-sans-fil-cnc-e400-or\/","og_site_name":"gtartistoo.com","article_modified_time":"2026-01-29T05:31:55+00:00","og_image":[{"width":1600,"height":1600,"url":"https:\/\/gtartistoo.com\/wp-content\/uploads\/2025\/12\/CNC-E400-1.jpg","type":"image\/jpeg"}],"twitter_card":"summary_large_image","twitter_misc":{"Prix":"309.98&#36;","Disponibilit\u00e9":"En stock"},"schema":{"@context":"https:\/\/schema.org","@graph":[{"@type":"WebPage","@id":"https:\/\/gtartistoo.com\/shop\/tattoo-machine\/cnc-e400-wireless-tattoo-pen-machine-gold\/","url":"https:\/\/gtartistoo.com\/shop\/tattoo-machine\/cnc-e400-wireless-tattoo-pen-machine-gold\/","name":"Tattoo Supplies Shop | Mat\u00e9riel de tatouage professionnel","isPartOf":{"@id":"https:\/\/gtartistoo.com\/#website"},"primaryImageOfPage":{"@id":"https:\/\/gtartistoo.com\/shop\/tattoo-machine\/cnc-e400-wireless-tattoo-pen-machine-gold\/#primaryimage"},"image":{"@id":"https:\/\/gtartistoo.com\/shop\/tattoo-machine\/cnc-e400-wireless-tattoo-pen-machine-gold\/#primaryimage"},"thumbnailUrl":"https:\/\/gtartistoo.com\/wp-content\/uploads\/2025\/12\/CNC-E400-1.jpg","datePublished":"2026-01-29T05:31:54+00:00","dateModified":"2026-01-29T05:31:55+00:00","description":"Le stylo de tatouage sans fil E400 est taill\u00e9 sur mesure pour les tatoueurs. Il allie une fiabilit\u00e9 \u00e0 long terme, un r\u00e9glage pr\u00e9cis et un fonctionnement stable pour prendre en charge toutes les \u00e9tapes de votre processus cr\u00e9atif, des contours fins aux textures riches.","breadcrumb":{"@id":"https:\/\/gtartistoo.com\/shop\/tattoo-machine\/cnc-e400-wireless-tattoo-pen-machine-gold\/#breadcrumb"},"inLanguage":"fr-FR","potentialAction":[{"@type":"ReadAction","target":["https:\/\/gtartistoo.com\/shop\/tattoo-machine\/cnc-e400-wireless-tattoo-pen-machine-gold\/"]}]},{"@type":"ImageObject","inLanguage":"fr-FR","@id":"https:\/\/gtartistoo.com\/shop\/tattoo-machine\/cnc-e400-wireless-tattoo-pen-machine-gold\/#primaryimage","url":"https:\/\/gtartistoo.com\/wp-content\/uploads\/2025\/12\/CNC-E400-1.jpg","contentUrl":"https:\/\/gtartistoo.com\/wp-content\/uploads\/2025\/12\/CNC-E400-1.jpg","width":1600,"height":1600},{"@type":"BreadcrumbList","@id":"https:\/\/gtartistoo.com\/shop\/tattoo-machine\/cnc-e400-wireless-tattoo-pen-machine-gold\/#breadcrumb","itemListElement":[{"@type":"ListItem","position":1,"name":"Home","item":"https:\/\/gtartistoo.com\/"},{"@type":"ListItem","position":2,"name":"Shop","item":"https:\/\/gtartistoo.com\/shop\/"},{"@type":"ListItem","position":3,"name":"CNC E400 Wireless Tattoo Pen Machine &#8211; Gold"}]},{"@type":"WebSite","@id":"https:\/\/gtartistoo.com\/#website","url":"https:\/\/gtartistoo.com\/","name":"gtartistoo.com","description":"","publisher":{"@id":"https:\/\/gtartistoo.com\/#organization"},"potentialAction":[{"@type":"SearchAction","target":{"@type":"EntryPoint","urlTemplate":"https:\/\/gtartistoo.com\/?s={search_term_string}"},"query-input":{"@type":"PropertyValueSpecification","valueRequired":true,"valueName":"search_term_string"}}],"inLanguage":"fr-FR"},{"@type":"Organization","@id":"https:\/\/gtartistoo.com\/#organization","name":"gtartistoo.com","url":"https:\/\/gtartistoo.com\/","logo":{"@type":"ImageObject","inLanguage":"fr-FR","@id":"https:\/\/gtartistoo.com\/#\/schema\/logo\/image\/","url":"https:\/\/gtartistoo.com\/wp-content\/uploads\/2025\/10\/logo.svg","contentUrl":"https:\/\/gtartistoo.com\/wp-content\/uploads\/2025\/10\/logo.svg","width":369,"height":124,"caption":"gtartistoo.com"},"image":{"@id":"https:\/\/gtartistoo.com\/#\/schema\/logo\/image\/"}}]},"product_price_amount":"309.98","product_price_currency":"USD","og_availability":"instock","product_availability":"instock","product_retailer_item_id":"30552","product_condition":"new"},"_links":{"self":[{"href":"https:\/\/gtartistoo.com\/fr\/wp-json\/wp\/v2\/product\/30552","targetHints":{"allow":["GET"]}}],"collection":[{"href":"https:\/\/gtartistoo.com\/fr\/wp-json\/wp\/v2\/product"}],"about":[{"href":"https:\/\/gtartistoo.com\/fr\/wp-json\/wp\/v2\/types\/product"}],"replies":[{"embeddable":true,"href":"https:\/\/gtartistoo.com\/fr\/wp-json\/wp\/v2\/comments?post=30552"}],"version-history":[{"count":3,"href":"https:\/\/gtartistoo.com\/fr\/wp-json\/wp\/v2\/product\/30552\/revisions"}],"predecessor-version":[{"id":30572,"href":"https:\/\/gtartistoo.com\/fr\/wp-json\/wp\/v2\/product\/30552\/revisions\/30572"}],"wp:featuredmedia":[{"embeddable":true,"href":"https:\/\/gtartistoo.com\/fr\/wp-json\/wp\/v2\/media\/30557"}],"wp:attachment":[{"href":"https:\/\/gtartistoo.com\/fr\/wp-json\/wp\/v2\/media?parent=30552"}],"wp:term":[{"taxonomy":"product_brand","embeddable":true,"href":"https:\/\/gtartistoo.com\/fr\/wp-json\/wp\/v2\/product_brand?post=30552"},{"taxonomy":"product_cat","embeddable":true,"href":"https:\/\/gtartistoo.com\/fr\/wp-json\/wp\/v2\/product_cat?post=30552"},{"taxonomy":"product_tag","embeddable":true,"href":"https:\/\/gtartistoo.com\/fr\/wp-json\/wp\/v2\/product_tag?post=30552"}],"curies":[{"name":"wp","href":"https:\/\/api.w.org\/{rel}","templated":true}]}}