{"id":30596,"date":"2025-12-15T05:36:26","date_gmt":"2025-12-15T05:36:26","guid":{"rendered":"https:\/\/gtartistoo.com\/?post_type=product&#038;p=30596"},"modified":"2025-12-27T06:39:21","modified_gmt":"2025-12-27T06:39:21","slug":"pratique-du-tatouage-peau","status":"publish","type":"product","link":"https:\/\/gtartistoo.com\/fr\/boutique\/fournitures-pour-tatouage\/pratique-du-tatouage-peau\/","title":{"rendered":"Peau de pratique de tatouage 8\u2033x12\u2033x0.12\u2033 | 3mm d'\u00e9paisseur"},"content":{"rendered":"<h1 class=\"header-iWP5WJ auto-hide-last-sibling-br\" data-cici-select-uid=\"13ae3a34-c823-4f0f-8acd-20cd1ab16262\">Peau d'entra\u00eenement au tatouage 8\u2033x12\u2033x0.12\u2033 (3mm d'\u00e9paisseur) - Essentiel pour l'entra\u00eenement des d\u00e9butants<\/h1>\n<p><strong>Mat\u00e9riaux :<\/strong>\u00a0Caoutchouc de silicone<br \/>\n<strong>Taille :<\/strong><br \/>\nMoyen-12\u2033 x 8\u2033 ;<\/p>\n<p><strong>\u00c9paisseur : 3,0 mm (0,12 pouce)<\/strong><\/p>\n<ul>\n<li>Haute r\u00e9silience, retour d'information fid\u00e8le sur la texture de la peau<\/li>\n<li>Silicone \u00e9paissi, utilis\u00e9 des deux c\u00f4t\u00e9s<\/li>\n<li>Pas d'odeur particuli\u00e8re, s\u00fbr et inoffensif<\/li>\n<li>Convient \u00e0 la pratique quotidienne des d\u00e9butants en tatouage<\/li>\n<\/ul>\n<div class=\"auto-hide-last-sibling-br paragraph-pP9ZLC paragraph-element br-paragraph-space\" data-cici-select-uid=\"54aea7a9-7c49-4d57-8e15-c250a8918c23\">Con\u00e7ue pour les d\u00e9butants en tatouage, cette peau d'entra\u00eenement offre une sensation r\u00e9aliste et une durabilit\u00e9 permettant de ma\u00eetriser les comp\u00e9tences de base. Mesurant 8\u2033x12\u2033 (20,3cm x 30,5cm) avec une \u00e9paisseur de silicone de 0,12 pouces (3mm), elle \u00e9quilibre la portabilit\u00e9 pour un usage quotidien et la robustesse pour une pratique r\u00e9p\u00e9t\u00e9e.<\/div>\n<div class=\"container-Uxvbjy md-box-line-break wrapper-GYqxgQ undefined\" data-cici-select-uid=\"8f1b4f1e-3961-477b-a4c6-2cdd020d0abc\"><\/div>\n<div class=\"auto-hide-last-sibling-br paragraph-pP9ZLC paragraph-element br-paragraph-space\" data-cici-select-uid=\"210570a8-4e55-416e-9f63-67e881d9d50d\">Un entra\u00eenement r\u00e9aliste : Sa surface imite la r\u00e9sistance de la peau r\u00e9elle et l'absorption de l'encre, de sorte que votre contr\u00f4le de l'aiguille, votre travail de ligne et votre pratique de l'ombrage se traduisent directement pour les clients r\u00e9els - pas de \u201cd\u00e9connexion de la pratique par rapport \u00e0 la r\u00e9alit\u00e9\u201d.\u201d<\/div>\n<div class=\"container-Uxvbjy md-box-line-break wrapper-GYqxgQ undefined\" data-cici-select-uid=\"1236354c-af55-4c28-be2f-8a14c6fb4389\"><\/div>\n<div class=\"auto-hide-last-sibling-br paragraph-pP9ZLC paragraph-element br-paragraph-space\" data-cici-select-uid=\"a6f59778-6872-47d2-809e-f32778c10107\">Le silicone durable de 3 mm r\u00e9siste aux perforations, ne se d\u00e9forme pas et ne se d\u00e9chire pas apr\u00e8s une utilisation r\u00e9p\u00e9t\u00e9e, et se nettoie facilement pour \u00eatre r\u00e9utilis\u00e9. S\u00fbr et inodore, il est fabriqu\u00e9 \u00e0 partir de silicone non toxique - pas de vapeurs agressives ni d'irritation de la peau, m\u00eame pendant de longues sessions.<\/div>\n<div class=\"container-Uxvbjy md-box-line-break wrapper-GYqxgQ undefined\" data-cici-select-uid=\"f3f17fc7-dc12-46d6-b869-c0dee528073d\"><\/div>\n<div class=\"auto-hide-last-sibling-br paragraph-pP9ZLC paragraph-element br-paragraph-space\" data-cici-select-uid=\"c0123735-07fc-4e6d-85f0-08c5ee1039bd\">Id\u00e9al pour les exercices quotidiens : Le format 8\u2033x12\u2033 convient \u00e0 la plupart des mod\u00e8les d'entra\u00eenement (dessins petits \u00e0 moyens) et est facile \u00e0 ranger\/transporter. Parfait pour affiner les lignes, tester l'ombrage ou copier des motifs de r\u00e9f\u00e9rence afin d'acqu\u00e9rir de l'assurance pour les vrais tatouages.<\/div>","protected":false},"excerpt":{"rendered":"<p>Tattoo Practice Skin 8\u2033x12\u2033x0.12\u2033 (3mm Thick) \u2013 Beginner-Friendly Training Essential Materials:\u00a0Silicone Rubber Size: Medium-12\u2033 x 8\u2033; Thickness:0.12 inches (3.0mm) High<\/p>","protected":false},"featured_media":30604,"comment_status":"open","ping_status":"closed","template":"","meta":[],"product_brand":[71],"product_cat":[74,83],"product_tag":[249,250,251],"class_list":{"0":"post-30596","1":"product","2":"type-product","3":"status-publish","4":"has-post-thumbnail","6":"product_brand-gtartistoo","7":"product_cat-tattoo-skin","8":"product_cat-tattoo-supplies","9":"product_tag-practice","10":"product_tag-tattoo-training","11":"product_tag-training","13":"first","14":"instock","15":"taxable","16":"shipping-taxable","17":"purchasable","18":"product-type-variable","19":"has-default-attributes"},"yoast_head":"<!-- This site is optimized with the Yoast SEO Premium plugin v26.2 (Yoast SEO v26.2) - https:\/\/yoast.com\/wordpress\/plugins\/seo\/ -->\n<title>Tattoo Supplies Shop | Professional Tattoo Equipment<\/title>\n<meta name=\"description\" content=\"Tattoo Practice Skin 8\u2033x12\u2033x0.12\u2033 (3mm Thick) \u2013 Beginner-friendly with realistic skin feel. Durable, odorless silicone for line work\/shading drills. Build confidence for real tattoos.\" \/>\n<meta name=\"robots\" content=\"index, follow, max-snippet:-1, max-image-preview:large, max-video-preview:-1\" \/>\n<link rel=\"canonical\" href=\"https:\/\/gtartistoo.com\/fr\/boutique\/fournitures-pour-tatouage\/pratique-du-tatouage-peau\/\" \/>\n<meta property=\"og:locale\" content=\"fr_FR\" \/>\n<meta property=\"og:type\" content=\"article\" \/>\n<meta property=\"og:title\" content=\"Tattoo Practice Skin 8\u2033x12\u2033x0.12\u2033 | 3mm Thick\" \/>\n<meta property=\"og:description\" content=\"Tattoo Practice Skin 8\u2033x12\u2033x0.12\u2033 (3mm Thick) \u2013 Beginner-friendly with realistic skin feel. Durable, odorless silicone for line work\/shading drills. Build confidence for real tattoos.\" \/>\n<meta property=\"og:url\" content=\"https:\/\/gtartistoo.com\/fr\/boutique\/fournitures-pour-tatouage\/pratique-du-tatouage-peau\/\" \/>\n<meta property=\"og:site_name\" content=\"gtartistoo.com\" \/>\n<meta property=\"article:modified_time\" content=\"2025-12-27T06:39:21+00:00\" \/>\n<meta property=\"og:image\" content=\"https:\/\/gtartistoo.com\/wp-content\/uploads\/2025\/12\/Tattoo-Practice-Skin4.jpg\" \/>\n\t<meta property=\"og:image:width\" content=\"1500\" \/>\n\t<meta property=\"og:image:height\" content=\"1500\" \/>\n\t<meta property=\"og:image:type\" content=\"image\/jpeg\" \/>\n<meta name=\"twitter:card\" content=\"summary_large_image\" \/>\n<meta name=\"twitter:label1\" content=\"Disponibilit\u00e9\" \/>\n\t<meta name=\"twitter:data1\" content=\"En stock\" \/>\n<script type=\"application\/ld+json\" class=\"yoast-schema-graph\">{\"@context\":\"https:\/\/schema.org\",\"@graph\":[{\"@type\":\"WebPage\",\"@id\":\"https:\/\/gtartistoo.com\/shop\/tattoo-supplies\/tattoo-practice-skin\/\",\"url\":\"https:\/\/gtartistoo.com\/shop\/tattoo-supplies\/tattoo-practice-skin\/\",\"name\":\"Tattoo Supplies Shop | Professional Tattoo Equipment\",\"isPartOf\":{\"@id\":\"https:\/\/gtartistoo.com\/#website\"},\"primaryImageOfPage\":{\"@id\":\"https:\/\/gtartistoo.com\/shop\/tattoo-supplies\/tattoo-practice-skin\/#primaryimage\"},\"image\":{\"@id\":\"https:\/\/gtartistoo.com\/shop\/tattoo-supplies\/tattoo-practice-skin\/#primaryimage\"},\"thumbnailUrl\":\"https:\/\/gtartistoo.com\/wp-content\/uploads\/2025\/12\/Tattoo-Practice-Skin4.jpg\",\"datePublished\":\"2025-12-15T05:36:26+00:00\",\"dateModified\":\"2025-12-27T06:39:21+00:00\",\"description\":\"Tattoo Practice Skin 8\u2033x12\u2033x0.12\u2033 (3mm Thick) \u2013 Beginner-friendly with realistic skin feel. Durable, odorless silicone for line work\/shading drills. Build confidence for real tattoos.\",\"breadcrumb\":{\"@id\":\"https:\/\/gtartistoo.com\/shop\/tattoo-supplies\/tattoo-practice-skin\/#breadcrumb\"},\"inLanguage\":\"fr-FR\",\"potentialAction\":[{\"@type\":\"ReadAction\",\"target\":[\"https:\/\/gtartistoo.com\/shop\/tattoo-supplies\/tattoo-practice-skin\/\"]}]},{\"@type\":\"ImageObject\",\"inLanguage\":\"fr-FR\",\"@id\":\"https:\/\/gtartistoo.com\/shop\/tattoo-supplies\/tattoo-practice-skin\/#primaryimage\",\"url\":\"https:\/\/gtartistoo.com\/wp-content\/uploads\/2025\/12\/Tattoo-Practice-Skin4.jpg\",\"contentUrl\":\"https:\/\/gtartistoo.com\/wp-content\/uploads\/2025\/12\/Tattoo-Practice-Skin4.jpg\",\"width\":1500,\"height\":1500},{\"@type\":\"BreadcrumbList\",\"@id\":\"https:\/\/gtartistoo.com\/shop\/tattoo-supplies\/tattoo-practice-skin\/#breadcrumb\",\"itemListElement\":[{\"@type\":\"ListItem\",\"position\":1,\"name\":\"Home\",\"item\":\"https:\/\/gtartistoo.com\/\"},{\"@type\":\"ListItem\",\"position\":2,\"name\":\"Shop\",\"item\":\"https:\/\/gtartistoo.com\/shop\/\"},{\"@type\":\"ListItem\",\"position\":3,\"name\":\"Tattoo Practice Skin 8\u2033x12\u2033x0.12\u2033 | 3mm Thick\"}]},{\"@type\":\"WebSite\",\"@id\":\"https:\/\/gtartistoo.com\/#website\",\"url\":\"https:\/\/gtartistoo.com\/\",\"name\":\"gtartistoo.com\",\"description\":\"\",\"publisher\":{\"@id\":\"https:\/\/gtartistoo.com\/#organization\"},\"potentialAction\":[{\"@type\":\"SearchAction\",\"target\":{\"@type\":\"EntryPoint\",\"urlTemplate\":\"https:\/\/gtartistoo.com\/?s={search_term_string}\"},\"query-input\":{\"@type\":\"PropertyValueSpecification\",\"valueRequired\":true,\"valueName\":\"search_term_string\"}}],\"inLanguage\":\"fr-FR\"},{\"@type\":\"Organization\",\"@id\":\"https:\/\/gtartistoo.com\/#organization\",\"name\":\"gtartistoo.com\",\"url\":\"https:\/\/gtartistoo.com\/\",\"logo\":{\"@type\":\"ImageObject\",\"inLanguage\":\"fr-FR\",\"@id\":\"https:\/\/gtartistoo.com\/#\/schema\/logo\/image\/\",\"url\":\"https:\/\/gtartistoo.com\/wp-content\/uploads\/2025\/10\/logo.svg\",\"contentUrl\":\"https:\/\/gtartistoo.com\/wp-content\/uploads\/2025\/10\/logo.svg\",\"width\":369,\"height\":124,\"caption\":\"gtartistoo.com\"},\"image\":{\"@id\":\"https:\/\/gtartistoo.com\/#\/schema\/logo\/image\/\"}}]}<\/script>\n<meta property=\"og:availability\" content=\"instock\" \/>\n<meta property=\"product:availability\" content=\"instock\" \/>\n<meta property=\"product:retailer_item_id\" content=\"30596\" \/>\n<meta property=\"product:condition\" content=\"new\" \/>\n<!-- \/ Yoast SEO Premium plugin. -->","yoast_head_json":{"title":"Tattoo Supplies Shop | Mat\u00e9riel de tatouage professionnel","description":"Peau d'entra\u00eenement au tatouage 8\u2033x12\u2033x0.12\u2033 (3mm d'\u00e9paisseur) - Adapt\u00e9e aux d\u00e9butants avec une sensation de peau r\u00e9aliste. Silicone durable et inodore pour les exercices de tra\u00e7age et d'ombrage. D\u00e9veloppe la confiance en soi pour les vrais tatouages.","robots":{"index":"index","follow":"follow","max-snippet":"max-snippet:-1","max-image-preview":"max-image-preview:large","max-video-preview":"max-video-preview:-1"},"canonical":"https:\/\/gtartistoo.com\/fr\/boutique\/fournitures-pour-tatouage\/pratique-du-tatouage-peau\/","og_locale":"fr_FR","og_type":"article","og_title":"Tattoo Practice Skin 8\u2033x12\u2033x0.12\u2033 | 3mm Thick","og_description":"Tattoo Practice Skin 8\u2033x12\u2033x0.12\u2033 (3mm Thick) \u2013 Beginner-friendly with realistic skin feel. Durable, odorless silicone for line work\/shading drills. Build confidence for real tattoos.","og_url":"https:\/\/gtartistoo.com\/fr\/boutique\/fournitures-pour-tatouage\/pratique-du-tatouage-peau\/","og_site_name":"gtartistoo.com","article_modified_time":"2025-12-27T06:39:21+00:00","og_image":[{"width":1500,"height":1500,"url":"https:\/\/gtartistoo.com\/wp-content\/uploads\/2025\/12\/Tattoo-Practice-Skin4.jpg","type":"image\/jpeg"}],"twitter_card":"summary_large_image","twitter_misc":{"Disponibilit\u00e9":"En stock"},"schema":{"@context":"https:\/\/schema.org","@graph":[{"@type":"WebPage","@id":"https:\/\/gtartistoo.com\/shop\/tattoo-supplies\/tattoo-practice-skin\/","url":"https:\/\/gtartistoo.com\/shop\/tattoo-supplies\/tattoo-practice-skin\/","name":"Tattoo Supplies Shop | Mat\u00e9riel de tatouage professionnel","isPartOf":{"@id":"https:\/\/gtartistoo.com\/#website"},"primaryImageOfPage":{"@id":"https:\/\/gtartistoo.com\/shop\/tattoo-supplies\/tattoo-practice-skin\/#primaryimage"},"image":{"@id":"https:\/\/gtartistoo.com\/shop\/tattoo-supplies\/tattoo-practice-skin\/#primaryimage"},"thumbnailUrl":"https:\/\/gtartistoo.com\/wp-content\/uploads\/2025\/12\/Tattoo-Practice-Skin4.jpg","datePublished":"2025-12-15T05:36:26+00:00","dateModified":"2025-12-27T06:39:21+00:00","description":"Peau d'entra\u00eenement au tatouage 8\u2033x12\u2033x0.12\u2033 (3mm d'\u00e9paisseur) - Adapt\u00e9e aux d\u00e9butants avec une sensation de peau r\u00e9aliste. Silicone durable et inodore pour les exercices de tra\u00e7age et d'ombrage. D\u00e9veloppe la confiance en soi pour les vrais tatouages.","breadcrumb":{"@id":"https:\/\/gtartistoo.com\/shop\/tattoo-supplies\/tattoo-practice-skin\/#breadcrumb"},"inLanguage":"fr-FR","potentialAction":[{"@type":"ReadAction","target":["https:\/\/gtartistoo.com\/shop\/tattoo-supplies\/tattoo-practice-skin\/"]}]},{"@type":"ImageObject","inLanguage":"fr-FR","@id":"https:\/\/gtartistoo.com\/shop\/tattoo-supplies\/tattoo-practice-skin\/#primaryimage","url":"https:\/\/gtartistoo.com\/wp-content\/uploads\/2025\/12\/Tattoo-Practice-Skin4.jpg","contentUrl":"https:\/\/gtartistoo.com\/wp-content\/uploads\/2025\/12\/Tattoo-Practice-Skin4.jpg","width":1500,"height":1500},{"@type":"BreadcrumbList","@id":"https:\/\/gtartistoo.com\/shop\/tattoo-supplies\/tattoo-practice-skin\/#breadcrumb","itemListElement":[{"@type":"ListItem","position":1,"name":"Home","item":"https:\/\/gtartistoo.com\/"},{"@type":"ListItem","position":2,"name":"Shop","item":"https:\/\/gtartistoo.com\/shop\/"},{"@type":"ListItem","position":3,"name":"Tattoo Practice Skin 8\u2033x12\u2033x0.12\u2033 | 3mm Thick"}]},{"@type":"WebSite","@id":"https:\/\/gtartistoo.com\/#website","url":"https:\/\/gtartistoo.com\/","name":"gtartistoo.com","description":"","publisher":{"@id":"https:\/\/gtartistoo.com\/#organization"},"potentialAction":[{"@type":"SearchAction","target":{"@type":"EntryPoint","urlTemplate":"https:\/\/gtartistoo.com\/?s={search_term_string}"},"query-input":{"@type":"PropertyValueSpecification","valueRequired":true,"valueName":"search_term_string"}}],"inLanguage":"fr-FR"},{"@type":"Organization","@id":"https:\/\/gtartistoo.com\/#organization","name":"gtartistoo.com","url":"https:\/\/gtartistoo.com\/","logo":{"@type":"ImageObject","inLanguage":"fr-FR","@id":"https:\/\/gtartistoo.com\/#\/schema\/logo\/image\/","url":"https:\/\/gtartistoo.com\/wp-content\/uploads\/2025\/10\/logo.svg","contentUrl":"https:\/\/gtartistoo.com\/wp-content\/uploads\/2025\/10\/logo.svg","width":369,"height":124,"caption":"gtartistoo.com"},"image":{"@id":"https:\/\/gtartistoo.com\/#\/schema\/logo\/image\/"}}]},"og_availability":"instock","product_availability":"instock","product_retailer_item_id":"30596","product_condition":"new"},"_links":{"self":[{"href":"https:\/\/gtartistoo.com\/fr\/wp-json\/wp\/v2\/product\/30596","targetHints":{"allow":["GET"]}}],"collection":[{"href":"https:\/\/gtartistoo.com\/fr\/wp-json\/wp\/v2\/product"}],"about":[{"href":"https:\/\/gtartistoo.com\/fr\/wp-json\/wp\/v2\/types\/product"}],"replies":[{"embeddable":true,"href":"https:\/\/gtartistoo.com\/fr\/wp-json\/wp\/v2\/comments?post=30596"}],"version-history":[{"count":1,"href":"https:\/\/gtartistoo.com\/fr\/wp-json\/wp\/v2\/product\/30596\/revisions"}],"predecessor-version":[{"id":30608,"href":"https:\/\/gtartistoo.com\/fr\/wp-json\/wp\/v2\/product\/30596\/revisions\/30608"}],"wp:featuredmedia":[{"embeddable":true,"href":"https:\/\/gtartistoo.com\/fr\/wp-json\/wp\/v2\/media\/30604"}],"wp:attachment":[{"href":"https:\/\/gtartistoo.com\/fr\/wp-json\/wp\/v2\/media?parent=30596"}],"wp:term":[{"taxonomy":"product_brand","embeddable":true,"href":"https:\/\/gtartistoo.com\/fr\/wp-json\/wp\/v2\/product_brand?post=30596"},{"taxonomy":"product_cat","embeddable":true,"href":"https:\/\/gtartistoo.com\/fr\/wp-json\/wp\/v2\/product_cat?post=30596"},{"taxonomy":"product_tag","embeddable":true,"href":"https:\/\/gtartistoo.com\/fr\/wp-json\/wp\/v2\/product_tag?post=30596"}],"curies":[{"name":"wp","href":"https:\/\/api.w.org\/{rel}","templated":true}]}}