{"id":30625,"date":"2025-12-15T07:35:17","date_gmt":"2025-12-15T07:35:17","guid":{"rendered":"https:\/\/gtartistoo.com\/?post_type=product&#038;p=30625"},"modified":"2025-12-17T05:26:21","modified_gmt":"2025-12-17T05:26:21","slug":"support-portable-pour-accoudoir-de-tatouage-rose","status":"publish","type":"product","link":"https:\/\/gtartistoo.com\/fr\/boutique\/fournitures-pour-tatouage\/meubles-de-tatouage\/support-portable-pour-accoudoir-de-tatouage-rose\/","title":{"rendered":"Support portable pour bras de tatouage - rose"},"content":{"rendered":"<div data-page-id=\"TQjVf5CH0dCdZYcTNKrcjlTpnwN\" data-lark-html-role=\"root\" data-docx-has-block-data=\"false\">\n<h1 class=\"heading-1 ace-line old-record-id-XtZ4fCdSydcaercurH9rpLrgz0O\">Appui-bras de tatouage \u00e0 quatre coins de la base, conception solide et stable<\/h1>\n<div class=\"ace-line ace-line old-record-id-MCIQfCvcqd5TSTcsvnEkGmJdemh\">Double hauteur fixe avec une plage de r\u00e9glage de 72 \u00e0 104 cm, plus une base \u00e0 quatre coins de 40 cm x 37 cm pour une prise en main tr\u00e8s solide. La structure stable \u00e9limine les oscillations pendant le travail, ce qui am\u00e9liore directement l'efficacit\u00e9 des tatoueurs.<\/div>\n<h1 class=\"heading-1 ace-line old-record-id-HddpfrKT1dVQdJcuyB0Ii4FgrQY\">Hauteur r\u00e9glable, panneau plus grand et plus \u00e9pais<\/h1>\n<div class=\"ace-line ace-line old-record-id-A6KMfHcv8dnDEVcyJkBbwugdiLK\">Le panneau rotatif \u00e0 360\u00b0 (dimensions : 35,5 cm x 24 cm x 6,5 cm) r\u00e9pond aux besoins d'utilisation sous plusieurs angles. Le panneau \u00e9pais permet un positionnement stable du bras, tandis que la hauteur r\u00e9glable (72-104 cm) s'adapte aux diff\u00e9rentes postures de travail des artistes et aux positions des clients.<\/div>\n<h1 class=\"heading-1 ace-line old-record-id-TXkffhxqvdVUs4c7gqDoC5kepok\">Mat\u00e9riau de premi\u00e8re qualit\u00e9<\/h1>\n<div class=\"ace-line ace-line old-record-id-F1zEfdpMPdzeVFc4ovBW3tRfXV3\">Socle et base en acier inoxydable + panneau en cuir PU : Le cadre en acier inoxydable est robuste et r\u00e9sistant \u00e0 l'usure pour une longue dur\u00e9e de vie ; la surface en PU est douce, agr\u00e9able pour la peau et facile \u00e0 nettoyer (il suffit d'essuyer les r\u00e9sidus d'encre rapidement apr\u00e8s utilisation).<\/div>\n<h1 class=\"heading-1 ace-line old-record-id-WLKyfeCKodptA4cxDKogQXRfYcj\">Facile \u00e0 installer et portable<\/h1>\n<div class=\"ace-line ace-line old-record-id-H6GFfsuj8d7p1QcodKgGvlJcDYl\">Il p\u00e8se 3,2 kg et est d\u00e9tachable pour faciliter le stockage et le transport. Aucun outil complexe n'est n\u00e9cessaire - l'installation se fait en 5 minutes environ, ce qui est parfait pour les d\u00e9placements entre les salons, les studios ou le travail sur site.<\/div>\n<h1 class=\"heading-1 ace-line old-record-id-GIzEfxiKYdgOnscKyfP2Fc4gEKO\">Accoudoir pour tatouage \u00e0 usage large<\/h1>\n<div class=\"ace-line ace-line old-record-id-SkjlfZ8Pwdram1chGP1OmS4cPHZ\">Id\u00e9al pour les salons de tatouage professionnels, les tatoueurs personnels et m\u00eame les sc\u00e9narios de formation au tatouage. Il offre un soutien stable du bras pour tous les styles de tatouage (travail au trait, ombrage, dessins sur l'ensemble du corps), r\u00e9pondant ainsi aux besoins quotidiens de travail et de formation.<\/div>\n<h1 class=\"heading-1 ace-line old-record-id-NDrgf6pPddwY0fcPOQ6HHVUgwd8\">Tattoo Armrest Stand Upgrade<\/h1>\n<div class=\"ace-line ace-line old-record-id-RRcCfRvYRdMqUec0RAJQm8Kh2vC\">Passage de 5 petites vis (ancienne version) \u00e0 2 grandes vis (nouvelle version) : Les 2 grandes vis conservent la m\u00eame stabilit\u00e9 que l'ancien mod\u00e8le, tout en r\u00e9duisant le temps d'installation - une installation plus rapide, sans compromis sur la solidit\u00e9.<\/div>\n<\/div>","protected":false},"excerpt":{"rendered":"<p>Four-corner Base Tattoo Arm Rest, Strong Stable Design Double fixed height with a 72-104cm (28.3-40.9in) adjustable range, plus a 40cm<\/p>","protected":false},"featured_media":30636,"comment_status":"open","ping_status":"closed","template":"","meta":[],"product_brand":[71],"product_cat":[252,83],"product_tag":[253],"class_list":{"0":"post-30625","1":"product","2":"type-product","3":"status-publish","4":"has-post-thumbnail","6":"product_brand-gtartistoo","7":"product_cat-tattoo-furniture","8":"product_cat-tattoo-supplies","9":"product_tag-furniture","11":"first","12":"instock","13":"taxable","14":"shipping-taxable","15":"purchasable","16":"product-type-simple"},"yoast_head":"<!-- This site is optimized with the Yoast SEO Premium plugin v26.2 (Yoast SEO v26.2) - https:\/\/yoast.com\/wordpress\/plugins\/seo\/ -->\n<title>Tattoo Supplies Shop | Professional Tattoo Equipment<\/title>\n<meta name=\"description\" content=\"Stable Four-Corner Base Tattoo Arm Rest: 35.5\u00d724cm adjustable pad, 72-104cm height, portable &amp; durable. Ideal for tattoo artists\/studio\u2014steady support to boost work efficiency.\" \/>\n<meta name=\"robots\" content=\"index, follow, max-snippet:-1, max-image-preview:large, max-video-preview:-1\" \/>\n<link rel=\"canonical\" href=\"https:\/\/gtartistoo.com\/fr\/boutique\/fournitures-pour-tatouage\/meubles-de-tatouage\/support-portable-pour-accoudoir-de-tatouage-rose\/\" \/>\n<meta property=\"og:locale\" content=\"fr_FR\" \/>\n<meta property=\"og:type\" content=\"article\" \/>\n<meta property=\"og:title\" content=\"Portable Tattoo Arm rest Stand-Pink\" \/>\n<meta property=\"og:description\" content=\"Stable Four-Corner Base Tattoo Arm Rest: 35.5\u00d724cm adjustable pad, 72-104cm height, portable &amp; durable. Ideal for tattoo artists\/studio\u2014steady support to boost work efficiency.\" \/>\n<meta property=\"og:url\" content=\"https:\/\/gtartistoo.com\/fr\/boutique\/fournitures-pour-tatouage\/meubles-de-tatouage\/support-portable-pour-accoudoir-de-tatouage-rose\/\" \/>\n<meta property=\"og:site_name\" content=\"gtartistoo.com\" \/>\n<meta property=\"article:modified_time\" content=\"2025-12-17T05:26:21+00:00\" \/>\n<meta property=\"og:image\" content=\"https:\/\/gtartistoo.com\/wp-content\/uploads\/2025\/12\/Portable-Tattoo-Armrest-Stand-Pink1.jpg\" \/>\n\t<meta property=\"og:image:width\" content=\"1500\" \/>\n\t<meta property=\"og:image:height\" content=\"1500\" \/>\n\t<meta property=\"og:image:type\" content=\"image\/jpeg\" \/>\n<meta name=\"twitter:card\" content=\"summary_large_image\" \/>\n<meta name=\"twitter:label1\" content=\"Prix\" \/>\n\t<meta name=\"twitter:data1\" content=\"59.99&#036;\" \/>\n\t<meta name=\"twitter:label2\" content=\"Disponibilit\u00e9\" \/>\n\t<meta name=\"twitter:data2\" content=\"En stock\" \/>\n<script type=\"application\/ld+json\" class=\"yoast-schema-graph\">{\"@context\":\"https:\/\/schema.org\",\"@graph\":[{\"@type\":\"WebPage\",\"@id\":\"https:\/\/gtartistoo.com\/shop\/tattoo-supplies\/tattoo-furniture\/portable-tattoo-arm-rest-stand-pink\/\",\"url\":\"https:\/\/gtartistoo.com\/shop\/tattoo-supplies\/tattoo-furniture\/portable-tattoo-arm-rest-stand-pink\/\",\"name\":\"Tattoo Supplies Shop | Professional Tattoo Equipment\",\"isPartOf\":{\"@id\":\"https:\/\/gtartistoo.com\/#website\"},\"primaryImageOfPage\":{\"@id\":\"https:\/\/gtartistoo.com\/shop\/tattoo-supplies\/tattoo-furniture\/portable-tattoo-arm-rest-stand-pink\/#primaryimage\"},\"image\":{\"@id\":\"https:\/\/gtartistoo.com\/shop\/tattoo-supplies\/tattoo-furniture\/portable-tattoo-arm-rest-stand-pink\/#primaryimage\"},\"thumbnailUrl\":\"https:\/\/gtartistoo.com\/wp-content\/uploads\/2025\/12\/Portable-Tattoo-Armrest-Stand-Pink1.jpg\",\"datePublished\":\"2025-12-15T07:35:17+00:00\",\"dateModified\":\"2025-12-17T05:26:21+00:00\",\"description\":\"Stable Four-Corner Base Tattoo Arm Rest: 35.5\u00d724cm adjustable pad, 72-104cm height, portable & durable. Ideal for tattoo artists\/studio\u2014steady support to boost work efficiency.\",\"breadcrumb\":{\"@id\":\"https:\/\/gtartistoo.com\/shop\/tattoo-supplies\/tattoo-furniture\/portable-tattoo-arm-rest-stand-pink\/#breadcrumb\"},\"inLanguage\":\"fr-FR\",\"potentialAction\":[{\"@type\":\"ReadAction\",\"target\":[\"https:\/\/gtartistoo.com\/shop\/tattoo-supplies\/tattoo-furniture\/portable-tattoo-arm-rest-stand-pink\/\"]}]},{\"@type\":\"ImageObject\",\"inLanguage\":\"fr-FR\",\"@id\":\"https:\/\/gtartistoo.com\/shop\/tattoo-supplies\/tattoo-furniture\/portable-tattoo-arm-rest-stand-pink\/#primaryimage\",\"url\":\"https:\/\/gtartistoo.com\/wp-content\/uploads\/2025\/12\/Portable-Tattoo-Armrest-Stand-Pink1.jpg\",\"contentUrl\":\"https:\/\/gtartistoo.com\/wp-content\/uploads\/2025\/12\/Portable-Tattoo-Armrest-Stand-Pink1.jpg\",\"width\":1500,\"height\":1500},{\"@type\":\"BreadcrumbList\",\"@id\":\"https:\/\/gtartistoo.com\/shop\/tattoo-supplies\/tattoo-furniture\/portable-tattoo-arm-rest-stand-pink\/#breadcrumb\",\"itemListElement\":[{\"@type\":\"ListItem\",\"position\":1,\"name\":\"Home\",\"item\":\"https:\/\/gtartistoo.com\/\"},{\"@type\":\"ListItem\",\"position\":2,\"name\":\"Shop\",\"item\":\"https:\/\/gtartistoo.com\/shop\/\"},{\"@type\":\"ListItem\",\"position\":3,\"name\":\"Portable Tattoo Arm rest Stand-Pink\"}]},{\"@type\":\"WebSite\",\"@id\":\"https:\/\/gtartistoo.com\/#website\",\"url\":\"https:\/\/gtartistoo.com\/\",\"name\":\"gtartistoo.com\",\"description\":\"\",\"publisher\":{\"@id\":\"https:\/\/gtartistoo.com\/#organization\"},\"potentialAction\":[{\"@type\":\"SearchAction\",\"target\":{\"@type\":\"EntryPoint\",\"urlTemplate\":\"https:\/\/gtartistoo.com\/?s={search_term_string}\"},\"query-input\":{\"@type\":\"PropertyValueSpecification\",\"valueRequired\":true,\"valueName\":\"search_term_string\"}}],\"inLanguage\":\"fr-FR\"},{\"@type\":\"Organization\",\"@id\":\"https:\/\/gtartistoo.com\/#organization\",\"name\":\"gtartistoo.com\",\"url\":\"https:\/\/gtartistoo.com\/\",\"logo\":{\"@type\":\"ImageObject\",\"inLanguage\":\"fr-FR\",\"@id\":\"https:\/\/gtartistoo.com\/#\/schema\/logo\/image\/\",\"url\":\"https:\/\/gtartistoo.com\/wp-content\/uploads\/2025\/10\/logo.svg\",\"contentUrl\":\"https:\/\/gtartistoo.com\/wp-content\/uploads\/2025\/10\/logo.svg\",\"width\":369,\"height\":124,\"caption\":\"gtartistoo.com\"},\"image\":{\"@id\":\"https:\/\/gtartistoo.com\/#\/schema\/logo\/image\/\"}}]}<\/script>\n<meta property=\"product:price:amount\" content=\"59.99\" \/>\n<meta property=\"product:price:currency\" content=\"USD\" \/>\n<meta property=\"og:availability\" content=\"instock\" \/>\n<meta property=\"product:availability\" content=\"instock\" \/>\n<meta property=\"product:retailer_item_id\" content=\"30625\" \/>\n<meta property=\"product:condition\" content=\"new\" \/>\n<!-- \/ Yoast SEO Premium plugin. -->","yoast_head_json":{"title":"Tattoo Supplies Shop | Mat\u00e9riel de tatouage professionnel","description":"Appui-bras stable pour tatouage \u00e0 quatre coins : coussin r\u00e9glable 35,5\u00d724 cm, hauteur 72-104 cm, portable et durable. Id\u00e9al pour les tatoueurs\/studios - support stable pour augmenter l'efficacit\u00e9 du travail.","robots":{"index":"index","follow":"follow","max-snippet":"max-snippet:-1","max-image-preview":"max-image-preview:large","max-video-preview":"max-video-preview:-1"},"canonical":"https:\/\/gtartistoo.com\/fr\/boutique\/fournitures-pour-tatouage\/meubles-de-tatouage\/support-portable-pour-accoudoir-de-tatouage-rose\/","og_locale":"fr_FR","og_type":"article","og_title":"Portable Tattoo Arm rest Stand-Pink","og_description":"Stable Four-Corner Base Tattoo Arm Rest: 35.5\u00d724cm adjustable pad, 72-104cm height, portable & durable. Ideal for tattoo artists\/studio\u2014steady support to boost work efficiency.","og_url":"https:\/\/gtartistoo.com\/fr\/boutique\/fournitures-pour-tatouage\/meubles-de-tatouage\/support-portable-pour-accoudoir-de-tatouage-rose\/","og_site_name":"gtartistoo.com","article_modified_time":"2025-12-17T05:26:21+00:00","og_image":[{"width":1500,"height":1500,"url":"https:\/\/gtartistoo.com\/wp-content\/uploads\/2025\/12\/Portable-Tattoo-Armrest-Stand-Pink1.jpg","type":"image\/jpeg"}],"twitter_card":"summary_large_image","twitter_misc":{"Prix":"59.99&#36;","Disponibilit\u00e9":"En stock"},"schema":{"@context":"https:\/\/schema.org","@graph":[{"@type":"WebPage","@id":"https:\/\/gtartistoo.com\/shop\/tattoo-supplies\/tattoo-furniture\/portable-tattoo-arm-rest-stand-pink\/","url":"https:\/\/gtartistoo.com\/shop\/tattoo-supplies\/tattoo-furniture\/portable-tattoo-arm-rest-stand-pink\/","name":"Tattoo Supplies Shop | Mat\u00e9riel de tatouage professionnel","isPartOf":{"@id":"https:\/\/gtartistoo.com\/#website"},"primaryImageOfPage":{"@id":"https:\/\/gtartistoo.com\/shop\/tattoo-supplies\/tattoo-furniture\/portable-tattoo-arm-rest-stand-pink\/#primaryimage"},"image":{"@id":"https:\/\/gtartistoo.com\/shop\/tattoo-supplies\/tattoo-furniture\/portable-tattoo-arm-rest-stand-pink\/#primaryimage"},"thumbnailUrl":"https:\/\/gtartistoo.com\/wp-content\/uploads\/2025\/12\/Portable-Tattoo-Armrest-Stand-Pink1.jpg","datePublished":"2025-12-15T07:35:17+00:00","dateModified":"2025-12-17T05:26:21+00:00","description":"Appui-bras stable pour tatouage \u00e0 quatre coins : coussin r\u00e9glable 35,5\u00d724 cm, hauteur 72-104 cm, portable et durable. Id\u00e9al pour les tatoueurs\/studios - support stable pour augmenter l'efficacit\u00e9 du travail.","breadcrumb":{"@id":"https:\/\/gtartistoo.com\/shop\/tattoo-supplies\/tattoo-furniture\/portable-tattoo-arm-rest-stand-pink\/#breadcrumb"},"inLanguage":"fr-FR","potentialAction":[{"@type":"ReadAction","target":["https:\/\/gtartistoo.com\/shop\/tattoo-supplies\/tattoo-furniture\/portable-tattoo-arm-rest-stand-pink\/"]}]},{"@type":"ImageObject","inLanguage":"fr-FR","@id":"https:\/\/gtartistoo.com\/shop\/tattoo-supplies\/tattoo-furniture\/portable-tattoo-arm-rest-stand-pink\/#primaryimage","url":"https:\/\/gtartistoo.com\/wp-content\/uploads\/2025\/12\/Portable-Tattoo-Armrest-Stand-Pink1.jpg","contentUrl":"https:\/\/gtartistoo.com\/wp-content\/uploads\/2025\/12\/Portable-Tattoo-Armrest-Stand-Pink1.jpg","width":1500,"height":1500},{"@type":"BreadcrumbList","@id":"https:\/\/gtartistoo.com\/shop\/tattoo-supplies\/tattoo-furniture\/portable-tattoo-arm-rest-stand-pink\/#breadcrumb","itemListElement":[{"@type":"ListItem","position":1,"name":"Home","item":"https:\/\/gtartistoo.com\/"},{"@type":"ListItem","position":2,"name":"Shop","item":"https:\/\/gtartistoo.com\/shop\/"},{"@type":"ListItem","position":3,"name":"Portable Tattoo Arm rest Stand-Pink"}]},{"@type":"WebSite","@id":"https:\/\/gtartistoo.com\/#website","url":"https:\/\/gtartistoo.com\/","name":"gtartistoo.com","description":"","publisher":{"@id":"https:\/\/gtartistoo.com\/#organization"},"potentialAction":[{"@type":"SearchAction","target":{"@type":"EntryPoint","urlTemplate":"https:\/\/gtartistoo.com\/?s={search_term_string}"},"query-input":{"@type":"PropertyValueSpecification","valueRequired":true,"valueName":"search_term_string"}}],"inLanguage":"fr-FR"},{"@type":"Organization","@id":"https:\/\/gtartistoo.com\/#organization","name":"gtartistoo.com","url":"https:\/\/gtartistoo.com\/","logo":{"@type":"ImageObject","inLanguage":"fr-FR","@id":"https:\/\/gtartistoo.com\/#\/schema\/logo\/image\/","url":"https:\/\/gtartistoo.com\/wp-content\/uploads\/2025\/10\/logo.svg","contentUrl":"https:\/\/gtartistoo.com\/wp-content\/uploads\/2025\/10\/logo.svg","width":369,"height":124,"caption":"gtartistoo.com"},"image":{"@id":"https:\/\/gtartistoo.com\/#\/schema\/logo\/image\/"}}]},"product_price_amount":"59.99","product_price_currency":"USD","og_availability":"instock","product_availability":"instock","product_retailer_item_id":"30625","product_condition":"new"},"_links":{"self":[{"href":"https:\/\/gtartistoo.com\/fr\/wp-json\/wp\/v2\/product\/30625","targetHints":{"allow":["GET"]}}],"collection":[{"href":"https:\/\/gtartistoo.com\/fr\/wp-json\/wp\/v2\/product"}],"about":[{"href":"https:\/\/gtartistoo.com\/fr\/wp-json\/wp\/v2\/types\/product"}],"replies":[{"embeddable":true,"href":"https:\/\/gtartistoo.com\/fr\/wp-json\/wp\/v2\/comments?post=30625"}],"version-history":[{"count":1,"href":"https:\/\/gtartistoo.com\/fr\/wp-json\/wp\/v2\/product\/30625\/revisions"}],"predecessor-version":[{"id":30644,"href":"https:\/\/gtartistoo.com\/fr\/wp-json\/wp\/v2\/product\/30625\/revisions\/30644"}],"wp:featuredmedia":[{"embeddable":true,"href":"https:\/\/gtartistoo.com\/fr\/wp-json\/wp\/v2\/media\/30636"}],"wp:attachment":[{"href":"https:\/\/gtartistoo.com\/fr\/wp-json\/wp\/v2\/media?parent=30625"}],"wp:term":[{"taxonomy":"product_brand","embeddable":true,"href":"https:\/\/gtartistoo.com\/fr\/wp-json\/wp\/v2\/product_brand?post=30625"},{"taxonomy":"product_cat","embeddable":true,"href":"https:\/\/gtartistoo.com\/fr\/wp-json\/wp\/v2\/product_cat?post=30625"},{"taxonomy":"product_tag","embeddable":true,"href":"https:\/\/gtartistoo.com\/fr\/wp-json\/wp\/v2\/product_tag?post=30625"}],"curies":[{"name":"wp","href":"https:\/\/api.w.org\/{rel}","templated":true}]}}