{"id":30742,"date":"2025-12-23T09:05:14","date_gmt":"2025-12-23T09:05:14","guid":{"rendered":"https:\/\/gtartistoo.com\/?post_type=product&#038;p=30742"},"modified":"2026-01-06T07:34:34","modified_gmt":"2026-01-06T07:34:34","slug":"gtartistoo-lightweight-wireless-tattoo-pen-091","status":"publish","type":"product","link":"https:\/\/gtartistoo.com\/fr\/boutique\/machine-a-tatouer\/gtartistoo-lightweight-wireless-tattoo-pen-091\/","title":{"rendered":"Machine \u00e0 tatouer sans fil l\u00e9g\u00e8re Gtartistoo \u2013 091"},"content":{"rendered":"<p data-path-to-node=\"7\">Cette machine \u00e0 tatouer sans fil l\u00e9g\u00e8re est fabriqu\u00e9e en aluminium de qualit\u00e9 a\u00e9ronautique et ne p\u00e8se que 170 g pour une hauteur compacte de 120 mm. Elle est \u00e9quip\u00e9e d'un moteur personnalis\u00e9 \u00e0 grande vitesse et d'un \u00e9cran num\u00e9rique \u00e0 LED pour un contr\u00f4le pr\u00e9cis lors des s\u00e9ances de tatouage professionnelles.<\/p>\n<h3 data-path-to-node=\"8\"><b data-path-to-node=\"8\" data-index-in-node=\"0\">Sp\u00e9cifications techniques<\/b><\/h3>\n<ul data-path-to-node=\"9\">\n<li>\n<p data-path-to-node=\"9,0,0\"><b data-path-to-node=\"9,0,0\" data-index-in-node=\"0\">Dimensions :<\/b> H 120 mm x L 32 mm<\/p>\n<\/li>\n<li>\n<p data-path-to-node=\"9,1,0\"><b data-path-to-node=\"9,1,0\" data-index-in-node=\"0\">Poids :<\/b> 170g<\/p>\n<\/li>\n<li>\n<p data-path-to-node=\"9,2,0\"><b data-path-to-node=\"9,2,0\" data-index-in-node=\"0\">Mat\u00e9riau :<\/b> Alliage d'aluminium de qualit\u00e9 a\u00e9ronautique<\/p>\n<\/li>\n<li>\n<p data-path-to-node=\"9,3,0\"><b data-path-to-node=\"9,3,0\" data-index-in-node=\"0\">Type de moteur :<\/b> Moteur \u00e0 grande vitesse sur mesure<\/p>\n<\/li>\n<li>\n<p data-path-to-node=\"9,4,0\"><b data-path-to-node=\"9,4,0\" data-index-in-node=\"0\">Longueur de la course :<\/b> 3,5 mm<\/p>\n<\/li>\n<li>\n<p data-path-to-node=\"9,5,0\"><b data-path-to-node=\"9,5,0\" data-index-in-node=\"0\">Vitesse de sortie :<\/b> 12000RPM (\u00e0 12V)<\/p>\n<\/li>\n<li>\n<p data-path-to-node=\"9,6,0\"><b data-path-to-node=\"9,6,0\" data-index-in-node=\"0\">Couple de d\u00e9crochage :<\/b> 220 \u00b1 10% g.cm<\/p>\n<\/li>\n<li>\n<p data-path-to-node=\"9,7,0\"><b data-path-to-node=\"9,7,0\" data-index-in-node=\"0\">Tension de sortie :<\/b> 4,0V - 12V (r\u00e9glable par 0,1V)<\/p>\n<\/li>\n<li>\n<p data-path-to-node=\"9,8,0\"><b data-path-to-node=\"9,8,0\" data-index-in-node=\"0\">Courant de sortie max :<\/b> 2A<\/p>\n<\/li>\n<\/ul>\n<h3 data-path-to-node=\"10\"><b data-path-to-node=\"10\" data-index-in-node=\"0\">Batterie et charge<\/b><\/h3>\n<ul data-path-to-node=\"11\">\n<li>\n<p data-path-to-node=\"11,0,0\"><b data-path-to-node=\"11,0,0\" data-index-in-node=\"0\">Capacit\u00e9 de la batterie :<\/b> 1500mAh<\/p>\n<\/li>\n<li>\n<p data-path-to-node=\"11,1,0\"><b data-path-to-node=\"11,1,0\" data-index-in-node=\"0\">Temps de travail :<\/b> 4 - 6 heures (en fonction de la tension et de la r\u00e9sistance de l'aiguille)<\/p>\n<\/li>\n<li>\n<p data-path-to-node=\"11,2,0\"><b data-path-to-node=\"11,2,0\" data-index-in-node=\"0\">Temps de charge :<\/b> 1,5 - 2 heures<\/p>\n<\/li>\n<li>\n<p data-path-to-node=\"11,3,0\"><b data-path-to-node=\"11,3,0\" data-index-in-node=\"0\">Entr\u00e9e de chargement :<\/b> USB-C 5V\u23931A<\/p>\n<\/li>\n<\/ul>\n<h3 data-path-to-node=\"12\"><b data-path-to-node=\"12\" data-index-in-node=\"0\">Caract\u00e9ristiques fonctionnelles<\/b><\/h3>\n<ul data-path-to-node=\"13\">\n<li>\n<p data-path-to-node=\"13,0,0\"><b data-path-to-node=\"13,0,0\" data-index-in-node=\"0\">Affichage num\u00e9rique LED :<\/b> Contr\u00f4le en temps r\u00e9el de la tension, du niveau de la batterie et de la minuterie de fonctionnement.<\/p>\n<\/li>\n<li>\n<p data-path-to-node=\"13,1,0\"><b data-path-to-node=\"13,1,0\" data-index-in-node=\"0\">Modes de m\u00e9moire :<\/b> Comprend des emplacements de m\u00e9moire M1 \u00e0 M4 pour enregistrer les r\u00e9glages de tension pr\u00e9f\u00e9r\u00e9s.<\/p>\n<\/li>\n<li>\n<p data-path-to-node=\"13,2,0\"><b data-path-to-node=\"13,2,0\" data-index-in-node=\"0\">Conception ergonomique :<\/b> Poign\u00e9e fine de 32 mm et r\u00e9partition \u00e9quilibr\u00e9e du poids pour r\u00e9duire la fatigue de la main.<\/p>\n<\/li>\n<\/ul>\n<p><a href=\"https:\/\/gtartistoo.com\/wp-content\/uploads\/2025\/12\/Wireless-Tattoo-Machine-091-12.jpg\"><img fetchpriority=\"high\" decoding=\"async\" class=\"alignnone size-medium wp-image-30751\" src=\"https:\/\/gtartistoo.com\/wp-content\/uploads\/2025\/12\/Wireless-Tattoo-Machine-091-12-300x300.jpg\" alt=\"\" width=\"300\" height=\"300\" srcset=\"https:\/\/gtartistoo.com\/wp-content\/uploads\/2025\/12\/Wireless-Tattoo-Machine-091-12-300x300.jpg 300w, https:\/\/gtartistoo.com\/wp-content\/uploads\/2025\/12\/Wireless-Tattoo-Machine-091-12-150x150.jpg 150w, https:\/\/gtartistoo.com\/wp-content\/uploads\/2025\/12\/Wireless-Tattoo-Machine-091-12-768x768.jpg 768w, https:\/\/gtartistoo.com\/wp-content\/uploads\/2025\/12\/Wireless-Tattoo-Machine-091-12-12x12.jpg 12w, https:\/\/gtartistoo.com\/wp-content\/uploads\/2025\/12\/Wireless-Tattoo-Machine-091-12-430x430.jpg 430w, https:\/\/gtartistoo.com\/wp-content\/uploads\/2025\/12\/Wireless-Tattoo-Machine-091-12-700x700.jpg 700w, https:\/\/gtartistoo.com\/wp-content\/uploads\/2025\/12\/Wireless-Tattoo-Machine-091-12.jpg 800w\" sizes=\"(max-width: 300px) 100vw, 300px\" \/><\/a> <a href=\"https:\/\/gtartistoo.com\/wp-content\/uploads\/2025\/12\/Wireless-Tattoo-Machine-091-13.jpg\"><img decoding=\"async\" class=\"alignnone size-medium wp-image-30752\" src=\"https:\/\/gtartistoo.com\/wp-content\/uploads\/2025\/12\/Wireless-Tattoo-Machine-091-13-300x300.jpg\" alt=\"\" width=\"300\" height=\"300\" srcset=\"https:\/\/gtartistoo.com\/wp-content\/uploads\/2025\/12\/Wireless-Tattoo-Machine-091-13-300x300.jpg 300w, https:\/\/gtartistoo.com\/wp-content\/uploads\/2025\/12\/Wireless-Tattoo-Machine-091-13-150x150.jpg 150w, https:\/\/gtartistoo.com\/wp-content\/uploads\/2025\/12\/Wireless-Tattoo-Machine-091-13-768x768.jpg 768w, https:\/\/gtartistoo.com\/wp-content\/uploads\/2025\/12\/Wireless-Tattoo-Machine-091-13-12x12.jpg 12w, https:\/\/gtartistoo.com\/wp-content\/uploads\/2025\/12\/Wireless-Tattoo-Machine-091-13-430x430.jpg 430w, https:\/\/gtartistoo.com\/wp-content\/uploads\/2025\/12\/Wireless-Tattoo-Machine-091-13-700x700.jpg 700w, https:\/\/gtartistoo.com\/wp-content\/uploads\/2025\/12\/Wireless-Tattoo-Machine-091-13.jpg 800w\" sizes=\"(max-width: 300px) 100vw, 300px\" \/><\/a> <a href=\"https:\/\/gtartistoo.com\/wp-content\/uploads\/2025\/12\/Wireless-Tattoo-Machine-091-14.jpg\"><img decoding=\"async\" class=\"alignnone size-medium wp-image-30753\" src=\"https:\/\/gtartistoo.com\/wp-content\/uploads\/2025\/12\/Wireless-Tattoo-Machine-091-14-300x300.jpg\" alt=\"\" width=\"300\" height=\"300\" srcset=\"https:\/\/gtartistoo.com\/wp-content\/uploads\/2025\/12\/Wireless-Tattoo-Machine-091-14-300x300.jpg 300w, https:\/\/gtartistoo.com\/wp-content\/uploads\/2025\/12\/Wireless-Tattoo-Machine-091-14-150x150.jpg 150w, https:\/\/gtartistoo.com\/wp-content\/uploads\/2025\/12\/Wireless-Tattoo-Machine-091-14-768x768.jpg 768w, https:\/\/gtartistoo.com\/wp-content\/uploads\/2025\/12\/Wireless-Tattoo-Machine-091-14-12x12.jpg 12w, https:\/\/gtartistoo.com\/wp-content\/uploads\/2025\/12\/Wireless-Tattoo-Machine-091-14-430x430.jpg 430w, https:\/\/gtartistoo.com\/wp-content\/uploads\/2025\/12\/Wireless-Tattoo-Machine-091-14-700x700.jpg 700w, https:\/\/gtartistoo.com\/wp-content\/uploads\/2025\/12\/Wireless-Tattoo-Machine-091-14.jpg 800w\" sizes=\"(max-width: 300px) 100vw, 300px\" \/><\/a> <a href=\"https:\/\/gtartistoo.com\/wp-content\/uploads\/2025\/12\/Wireless-Tattoo-Machine-091-15.jpg\"><img loading=\"lazy\" decoding=\"async\" class=\"alignnone size-medium wp-image-30754\" src=\"https:\/\/gtartistoo.com\/wp-content\/uploads\/2025\/12\/Wireless-Tattoo-Machine-091-15-300x300.jpg\" alt=\"\" width=\"300\" height=\"300\" srcset=\"https:\/\/gtartistoo.com\/wp-content\/uploads\/2025\/12\/Wireless-Tattoo-Machine-091-15-300x300.jpg 300w, https:\/\/gtartistoo.com\/wp-content\/uploads\/2025\/12\/Wireless-Tattoo-Machine-091-15-150x150.jpg 150w, https:\/\/gtartistoo.com\/wp-content\/uploads\/2025\/12\/Wireless-Tattoo-Machine-091-15-768x768.jpg 768w, https:\/\/gtartistoo.com\/wp-content\/uploads\/2025\/12\/Wireless-Tattoo-Machine-091-15-12x12.jpg 12w, https:\/\/gtartistoo.com\/wp-content\/uploads\/2025\/12\/Wireless-Tattoo-Machine-091-15-430x430.jpg 430w, https:\/\/gtartistoo.com\/wp-content\/uploads\/2025\/12\/Wireless-Tattoo-Machine-091-15-700x700.jpg 700w, https:\/\/gtartistoo.com\/wp-content\/uploads\/2025\/12\/Wireless-Tattoo-Machine-091-15.jpg 800w\" sizes=\"(max-width: 300px) 100vw, 300px\" \/><\/a> <a href=\"https:\/\/gtartistoo.com\/wp-content\/uploads\/2025\/12\/Wireless-Tattoo-Machine-091-16.jpg\"><img loading=\"lazy\" decoding=\"async\" class=\"alignnone size-medium wp-image-30755\" src=\"https:\/\/gtartistoo.com\/wp-content\/uploads\/2025\/12\/Wireless-Tattoo-Machine-091-16-300x300.jpg\" alt=\"\" width=\"300\" height=\"300\" srcset=\"https:\/\/gtartistoo.com\/wp-content\/uploads\/2025\/12\/Wireless-Tattoo-Machine-091-16-300x300.jpg 300w, https:\/\/gtartistoo.com\/wp-content\/uploads\/2025\/12\/Wireless-Tattoo-Machine-091-16-150x150.jpg 150w, https:\/\/gtartistoo.com\/wp-content\/uploads\/2025\/12\/Wireless-Tattoo-Machine-091-16-768x768.jpg 768w, https:\/\/gtartistoo.com\/wp-content\/uploads\/2025\/12\/Wireless-Tattoo-Machine-091-16-12x12.jpg 12w, https:\/\/gtartistoo.com\/wp-content\/uploads\/2025\/12\/Wireless-Tattoo-Machine-091-16-430x430.jpg 430w, https:\/\/gtartistoo.com\/wp-content\/uploads\/2025\/12\/Wireless-Tattoo-Machine-091-16-700x700.jpg 700w, https:\/\/gtartistoo.com\/wp-content\/uploads\/2025\/12\/Wireless-Tattoo-Machine-091-16.jpg 800w\" sizes=\"(max-width: 300px) 100vw, 300px\" \/><\/a><\/p>","protected":false},"excerpt":{"rendered":"<p>This lightweight wireless tattoo machine is constructed from aircraft-grade aluminum, weighing only 170g with a compact height of 120mm. It<\/p>","protected":false},"featured_media":30747,"comment_status":"open","ping_status":"closed","template":"","meta":[],"product_brand":[71],"product_cat":[77],"product_tag":[265,266,264,267,259],"class_list":{"0":"post-30742","1":"product","2":"type-product","3":"status-publish","4":"has-post-thumbnail","6":"product_brand-gtartistoo","7":"product_cat-tattoo-machine","8":"product_tag-12000rpm","9":"product_tag-3-5mm-stroke","10":"product_tag-lightweight-machine","11":"product_tag-portable-tattoo-gear","12":"product_tag-wireless-tattoo-pen","14":"first","15":"instock","16":"taxable","17":"shipping-taxable","18":"purchasable","19":"product-type-variable","20":"has-default-attributes"},"yoast_head":"<!-- This site is optimized with the Yoast SEO Premium plugin v26.2 (Yoast SEO v26.2) - https:\/\/yoast.com\/wordpress\/plugins\/seo\/ -->\n<title>Tattoo Supplies Shop | Professional Tattoo Equipment<\/title>\n<meta name=\"description\" content=\"Professional lightweight wireless tattoo machine (170g) featuring a 12000RPM custom motor and 3.5mm stroke. Equipped with a 1500mAh battery for 4-6 hours of work. Accurate 0.1V voltage adjustment and LED memory display.\" \/>\n<meta name=\"robots\" content=\"index, follow, max-snippet:-1, max-image-preview:large, max-video-preview:-1\" \/>\n<link rel=\"canonical\" href=\"https:\/\/gtartistoo.com\/fr\/boutique\/machine-a-tatouer\/gtartistoo-lightweight-wireless-tattoo-pen-091\/\" \/>\n<meta property=\"og:locale\" content=\"fr_FR\" \/>\n<meta property=\"og:type\" content=\"article\" \/>\n<meta property=\"og:title\" content=\"Gtartistoo Lightweight Wireless Tattoo Machine - 091\" \/>\n<meta property=\"og:description\" content=\"Professional lightweight wireless tattoo machine (170g) featuring a 12000RPM custom motor and 3.5mm stroke. Equipped with a 1500mAh battery for 4-6 hours of work. Accurate 0.1V voltage adjustment and LED memory display.\" \/>\n<meta property=\"og:url\" content=\"https:\/\/gtartistoo.com\/fr\/boutique\/machine-a-tatouer\/gtartistoo-lightweight-wireless-tattoo-pen-091\/\" \/>\n<meta property=\"og:site_name\" content=\"gtartistoo.com\" \/>\n<meta property=\"article:modified_time\" content=\"2026-01-06T07:34:34+00:00\" \/>\n<meta property=\"og:image\" content=\"https:\/\/gtartistoo.com\/wp-content\/uploads\/2025\/12\/Wireless-Tattoo-Machine-091-mian5.jpg\" \/>\n\t<meta property=\"og:image:width\" content=\"800\" \/>\n\t<meta property=\"og:image:height\" content=\"800\" \/>\n\t<meta property=\"og:image:type\" content=\"image\/jpeg\" \/>\n<meta name=\"twitter:card\" content=\"summary_large_image\" \/>\n<meta name=\"twitter:label1\" content=\"Disponibilit\u00e9\" \/>\n\t<meta name=\"twitter:data1\" content=\"En stock\" \/>\n<script type=\"application\/ld+json\" class=\"yoast-schema-graph\">{\"@context\":\"https:\/\/schema.org\",\"@graph\":[{\"@type\":\"WebPage\",\"@id\":\"https:\/\/gtartistoo.com\/shop\/tattoo-machine\/gtartistoo-lightweight-wireless-tattoo-pen-091\/\",\"url\":\"https:\/\/gtartistoo.com\/shop\/tattoo-machine\/gtartistoo-lightweight-wireless-tattoo-pen-091\/\",\"name\":\"Tattoo Supplies Shop | Professional Tattoo Equipment\",\"isPartOf\":{\"@id\":\"https:\/\/gtartistoo.com\/#website\"},\"primaryImageOfPage\":{\"@id\":\"https:\/\/gtartistoo.com\/shop\/tattoo-machine\/gtartistoo-lightweight-wireless-tattoo-pen-091\/#primaryimage\"},\"image\":{\"@id\":\"https:\/\/gtartistoo.com\/shop\/tattoo-machine\/gtartistoo-lightweight-wireless-tattoo-pen-091\/#primaryimage\"},\"thumbnailUrl\":\"https:\/\/gtartistoo.com\/wp-content\/uploads\/2025\/12\/Wireless-Tattoo-Machine-091-mian5.jpg\",\"datePublished\":\"2025-12-23T09:05:14+00:00\",\"dateModified\":\"2026-01-06T07:34:34+00:00\",\"description\":\"Professional lightweight wireless tattoo machine (170g) featuring a 12000RPM custom motor and 3.5mm stroke. Equipped with a 1500mAh battery for 4-6 hours of work. Accurate 0.1V voltage adjustment and LED memory display.\",\"breadcrumb\":{\"@id\":\"https:\/\/gtartistoo.com\/shop\/tattoo-machine\/gtartistoo-lightweight-wireless-tattoo-pen-091\/#breadcrumb\"},\"inLanguage\":\"fr-FR\",\"potentialAction\":[{\"@type\":\"ReadAction\",\"target\":[\"https:\/\/gtartistoo.com\/shop\/tattoo-machine\/gtartistoo-lightweight-wireless-tattoo-pen-091\/\"]}]},{\"@type\":\"ImageObject\",\"inLanguage\":\"fr-FR\",\"@id\":\"https:\/\/gtartistoo.com\/shop\/tattoo-machine\/gtartistoo-lightweight-wireless-tattoo-pen-091\/#primaryimage\",\"url\":\"https:\/\/gtartistoo.com\/wp-content\/uploads\/2025\/12\/Wireless-Tattoo-Machine-091-mian5.jpg\",\"contentUrl\":\"https:\/\/gtartistoo.com\/wp-content\/uploads\/2025\/12\/Wireless-Tattoo-Machine-091-mian5.jpg\",\"width\":800,\"height\":800},{\"@type\":\"BreadcrumbList\",\"@id\":\"https:\/\/gtartistoo.com\/shop\/tattoo-machine\/gtartistoo-lightweight-wireless-tattoo-pen-091\/#breadcrumb\",\"itemListElement\":[{\"@type\":\"ListItem\",\"position\":1,\"name\":\"Home\",\"item\":\"https:\/\/gtartistoo.com\/\"},{\"@type\":\"ListItem\",\"position\":2,\"name\":\"Shop\",\"item\":\"https:\/\/gtartistoo.com\/shop\/\"},{\"@type\":\"ListItem\",\"position\":3,\"name\":\"Gtartistoo Lightweight Wireless Tattoo Machine &#8211; 091\"}]},{\"@type\":\"WebSite\",\"@id\":\"https:\/\/gtartistoo.com\/#website\",\"url\":\"https:\/\/gtartistoo.com\/\",\"name\":\"gtartistoo.com\",\"description\":\"\",\"publisher\":{\"@id\":\"https:\/\/gtartistoo.com\/#organization\"},\"potentialAction\":[{\"@type\":\"SearchAction\",\"target\":{\"@type\":\"EntryPoint\",\"urlTemplate\":\"https:\/\/gtartistoo.com\/?s={search_term_string}\"},\"query-input\":{\"@type\":\"PropertyValueSpecification\",\"valueRequired\":true,\"valueName\":\"search_term_string\"}}],\"inLanguage\":\"fr-FR\"},{\"@type\":\"Organization\",\"@id\":\"https:\/\/gtartistoo.com\/#organization\",\"name\":\"gtartistoo.com\",\"url\":\"https:\/\/gtartistoo.com\/\",\"logo\":{\"@type\":\"ImageObject\",\"inLanguage\":\"fr-FR\",\"@id\":\"https:\/\/gtartistoo.com\/#\/schema\/logo\/image\/\",\"url\":\"https:\/\/gtartistoo.com\/wp-content\/uploads\/2025\/10\/logo.svg\",\"contentUrl\":\"https:\/\/gtartistoo.com\/wp-content\/uploads\/2025\/10\/logo.svg\",\"width\":369,\"height\":124,\"caption\":\"gtartistoo.com\"},\"image\":{\"@id\":\"https:\/\/gtartistoo.com\/#\/schema\/logo\/image\/\"}}]}<\/script>\n<meta property=\"og:availability\" content=\"instock\" \/>\n<meta property=\"product:availability\" content=\"instock\" \/>\n<meta property=\"product:retailer_item_id\" content=\"30742\" \/>\n<meta property=\"product:condition\" content=\"new\" \/>\n<!-- \/ Yoast SEO Premium plugin. -->","yoast_head_json":{"title":"Tattoo Supplies Shop | Mat\u00e9riel de tatouage professionnel","description":"Machine \u00e0 tatouer sans fil professionnelle et l\u00e9g\u00e8re (170 g) dot\u00e9e d'un moteur personnalis\u00e9 de 12 000 tr\/min et d'une course de 3,5 mm. \u00c9quip\u00e9e d'une batterie de 1500mAh pour 4 \u00e0 6 heures de travail. R\u00e9glage pr\u00e9cis de la tension \u00e0 0,1 V et affichage de la m\u00e9moire par LED.","robots":{"index":"index","follow":"follow","max-snippet":"max-snippet:-1","max-image-preview":"max-image-preview:large","max-video-preview":"max-video-preview:-1"},"canonical":"https:\/\/gtartistoo.com\/fr\/boutique\/machine-a-tatouer\/gtartistoo-lightweight-wireless-tattoo-pen-091\/","og_locale":"fr_FR","og_type":"article","og_title":"Gtartistoo Lightweight Wireless Tattoo Machine - 091","og_description":"Professional lightweight wireless tattoo machine (170g) featuring a 12000RPM custom motor and 3.5mm stroke. Equipped with a 1500mAh battery for 4-6 hours of work. Accurate 0.1V voltage adjustment and LED memory display.","og_url":"https:\/\/gtartistoo.com\/fr\/boutique\/machine-a-tatouer\/gtartistoo-lightweight-wireless-tattoo-pen-091\/","og_site_name":"gtartistoo.com","article_modified_time":"2026-01-06T07:34:34+00:00","og_image":[{"width":800,"height":800,"url":"https:\/\/gtartistoo.com\/wp-content\/uploads\/2025\/12\/Wireless-Tattoo-Machine-091-mian5.jpg","type":"image\/jpeg"}],"twitter_card":"summary_large_image","twitter_misc":{"Disponibilit\u00e9":"En stock"},"schema":{"@context":"https:\/\/schema.org","@graph":[{"@type":"WebPage","@id":"https:\/\/gtartistoo.com\/shop\/tattoo-machine\/gtartistoo-lightweight-wireless-tattoo-pen-091\/","url":"https:\/\/gtartistoo.com\/shop\/tattoo-machine\/gtartistoo-lightweight-wireless-tattoo-pen-091\/","name":"Tattoo Supplies Shop | Mat\u00e9riel de tatouage professionnel","isPartOf":{"@id":"https:\/\/gtartistoo.com\/#website"},"primaryImageOfPage":{"@id":"https:\/\/gtartistoo.com\/shop\/tattoo-machine\/gtartistoo-lightweight-wireless-tattoo-pen-091\/#primaryimage"},"image":{"@id":"https:\/\/gtartistoo.com\/shop\/tattoo-machine\/gtartistoo-lightweight-wireless-tattoo-pen-091\/#primaryimage"},"thumbnailUrl":"https:\/\/gtartistoo.com\/wp-content\/uploads\/2025\/12\/Wireless-Tattoo-Machine-091-mian5.jpg","datePublished":"2025-12-23T09:05:14+00:00","dateModified":"2026-01-06T07:34:34+00:00","description":"Machine \u00e0 tatouer sans fil professionnelle et l\u00e9g\u00e8re (170 g) dot\u00e9e d'un moteur personnalis\u00e9 de 12 000 tr\/min et d'une course de 3,5 mm. \u00c9quip\u00e9e d'une batterie de 1500mAh pour 4 \u00e0 6 heures de travail. R\u00e9glage pr\u00e9cis de la tension \u00e0 0,1 V et affichage de la m\u00e9moire par LED.","breadcrumb":{"@id":"https:\/\/gtartistoo.com\/shop\/tattoo-machine\/gtartistoo-lightweight-wireless-tattoo-pen-091\/#breadcrumb"},"inLanguage":"fr-FR","potentialAction":[{"@type":"ReadAction","target":["https:\/\/gtartistoo.com\/shop\/tattoo-machine\/gtartistoo-lightweight-wireless-tattoo-pen-091\/"]}]},{"@type":"ImageObject","inLanguage":"fr-FR","@id":"https:\/\/gtartistoo.com\/shop\/tattoo-machine\/gtartistoo-lightweight-wireless-tattoo-pen-091\/#primaryimage","url":"https:\/\/gtartistoo.com\/wp-content\/uploads\/2025\/12\/Wireless-Tattoo-Machine-091-mian5.jpg","contentUrl":"https:\/\/gtartistoo.com\/wp-content\/uploads\/2025\/12\/Wireless-Tattoo-Machine-091-mian5.jpg","width":800,"height":800},{"@type":"BreadcrumbList","@id":"https:\/\/gtartistoo.com\/shop\/tattoo-machine\/gtartistoo-lightweight-wireless-tattoo-pen-091\/#breadcrumb","itemListElement":[{"@type":"ListItem","position":1,"name":"Home","item":"https:\/\/gtartistoo.com\/"},{"@type":"ListItem","position":2,"name":"Shop","item":"https:\/\/gtartistoo.com\/shop\/"},{"@type":"ListItem","position":3,"name":"Gtartistoo Lightweight Wireless Tattoo Machine &#8211; 091"}]},{"@type":"WebSite","@id":"https:\/\/gtartistoo.com\/#website","url":"https:\/\/gtartistoo.com\/","name":"gtartistoo.com","description":"","publisher":{"@id":"https:\/\/gtartistoo.com\/#organization"},"potentialAction":[{"@type":"SearchAction","target":{"@type":"EntryPoint","urlTemplate":"https:\/\/gtartistoo.com\/?s={search_term_string}"},"query-input":{"@type":"PropertyValueSpecification","valueRequired":true,"valueName":"search_term_string"}}],"inLanguage":"fr-FR"},{"@type":"Organization","@id":"https:\/\/gtartistoo.com\/#organization","name":"gtartistoo.com","url":"https:\/\/gtartistoo.com\/","logo":{"@type":"ImageObject","inLanguage":"fr-FR","@id":"https:\/\/gtartistoo.com\/#\/schema\/logo\/image\/","url":"https:\/\/gtartistoo.com\/wp-content\/uploads\/2025\/10\/logo.svg","contentUrl":"https:\/\/gtartistoo.com\/wp-content\/uploads\/2025\/10\/logo.svg","width":369,"height":124,"caption":"gtartistoo.com"},"image":{"@id":"https:\/\/gtartistoo.com\/#\/schema\/logo\/image\/"}}]},"og_availability":"instock","product_availability":"instock","product_retailer_item_id":"30742","product_condition":"new"},"_links":{"self":[{"href":"https:\/\/gtartistoo.com\/fr\/wp-json\/wp\/v2\/product\/30742","targetHints":{"allow":["GET"]}}],"collection":[{"href":"https:\/\/gtartistoo.com\/fr\/wp-json\/wp\/v2\/product"}],"about":[{"href":"https:\/\/gtartistoo.com\/fr\/wp-json\/wp\/v2\/types\/product"}],"replies":[{"embeddable":true,"href":"https:\/\/gtartistoo.com\/fr\/wp-json\/wp\/v2\/comments?post=30742"}],"version-history":[{"count":1,"href":"https:\/\/gtartistoo.com\/fr\/wp-json\/wp\/v2\/product\/30742\/revisions"}],"predecessor-version":[{"id":30757,"href":"https:\/\/gtartistoo.com\/fr\/wp-json\/wp\/v2\/product\/30742\/revisions\/30757"}],"wp:featuredmedia":[{"embeddable":true,"href":"https:\/\/gtartistoo.com\/fr\/wp-json\/wp\/v2\/media\/30747"}],"wp:attachment":[{"href":"https:\/\/gtartistoo.com\/fr\/wp-json\/wp\/v2\/media?parent=30742"}],"wp:term":[{"taxonomy":"product_brand","embeddable":true,"href":"https:\/\/gtartistoo.com\/fr\/wp-json\/wp\/v2\/product_brand?post=30742"},{"taxonomy":"product_cat","embeddable":true,"href":"https:\/\/gtartistoo.com\/fr\/wp-json\/wp\/v2\/product_cat?post=30742"},{"taxonomy":"product_tag","embeddable":true,"href":"https:\/\/gtartistoo.com\/fr\/wp-json\/wp\/v2\/product_tag?post=30742"}],"curies":[{"name":"wp","href":"https:\/\/api.w.org\/{rel}","templated":true}]}}