{"id":31019,"date":"2025-12-30T08:42:35","date_gmt":"2025-12-30T08:42:35","guid":{"rendered":"https:\/\/gtartistoo.com\/?post_type=product&#038;p=31019"},"modified":"2026-01-20T05:28:41","modified_gmt":"2026-01-20T05:28:41","slug":"stylo-de-tatouage-sans-fil-fy018","status":"publish","type":"product","link":"https:\/\/gtartistoo.com\/fr\/boutique\/machine-a-tatouer\/stylo-de-tatouage-sans-fil-fy018\/","title":{"rendered":"Gtartistoo Stylo de tatouage sans fil - FY018"},"content":{"rendered":"<h3 data-path-to-node=\"6\"><b data-path-to-node=\"6\" data-index-in-node=\"0\">Pr\u00e9cision et performance avanc\u00e9es<\/b><\/h3>\n<p data-path-to-node=\"7\">Le stylo de tatouage sans fil FY018 est une machine rotative de qualit\u00e9 professionnelle fabriqu\u00e9e \u00e0 partir d'un alliage d'aluminium de qualit\u00e9 a\u00e9ronautique, con\u00e7ue pour offrir des performances optimales gr\u00e2ce \u00e0 un moteur CNC personnalis\u00e9. Son syst\u00e8me polyvalent de course r\u00e9glable \u00e0 6 vitesses permet aux artistes de passer d'un style \u00e0 l'autre sans effort, du trac\u00e9 fin \u00e0 l'application de couleurs intenses.<\/p>\n<h3 data-path-to-node=\"8\"><b data-path-to-node=\"8\" data-index-in-node=\"0\">Fonctionnement et affichage intelligents<\/b><\/h3>\n<ul data-path-to-node=\"9\">\n<li>\n<p data-path-to-node=\"9,0,0\"><b data-path-to-node=\"9,0,0\" data-index-in-node=\"0\">\u00c9cran couleur IPS haute d\u00e9finition :<\/b> Permet une surveillance claire et en temps r\u00e9el du courant du moteur, de la fr\u00e9quence de l'aiguille, du temps de travail accumul\u00e9, du pourcentage de la batterie et de la tension de sortie.<\/p>\n<\/li>\n<li>\n<p data-path-to-node=\"9,1,0\"><b data-path-to-node=\"9,1,0\" data-index-in-node=\"0\">6 courses r\u00e9glables :<\/b> Le choix entre 2,3 mm, 2,7 mm, 3,2 mm, 3,8 mm, 4,2 mm et 4,5 mm permet de s'adapter aux diff\u00e9rentes techniques de tatouage.<\/p>\n<\/li>\n<li>\n<p data-path-to-node=\"9,2,0\"><b data-path-to-node=\"9,2,0\" data-index-in-node=\"0\">Fonctionnalit\u00e9 \u00e0 double usage :<\/b> Dot\u00e9 d'un syst\u00e8me magn\u00e9tique interchangeable, il vous permet d'alterner entre la batterie sans fil et un connecteur RCA magn\u00e9tique pour une utilisation traditionnelle du cordon d'alimentation.<\/p>\n<\/li>\n<li>\n<p data-path-to-node=\"9,3,0\"><b data-path-to-node=\"9,3,0\" data-index-in-node=\"0\">M\u00e9moire et s\u00e9curit\u00e9 :<\/b> Comprend 3 jeux d'engrenages \u00e0 m\u00e9moire de tension (M1\/M2\/M3), une puissante fonction de d\u00e9marrage pour les grands groupes d'aiguilles et une architecture interne fiable et s\u00fbre.<\/p>\n<\/li>\n<\/ul>\n<h3 data-path-to-node=\"10\"><b data-path-to-node=\"10\" data-index-in-node=\"0\">Sp\u00e9cifications techniques<\/b><\/h3>\n<ul data-path-to-node=\"11\">\n<li>\n<p data-path-to-node=\"11,0,0\"><b data-path-to-node=\"11,0,0\" data-index-in-node=\"0\">Mat\u00e9riau :<\/b> Alliage d'aluminium d'aviation.<\/p>\n<\/li>\n<li>\n<p data-path-to-node=\"11,1,0\"><b data-path-to-node=\"11,1,0\" data-index-in-node=\"0\">Dimensions :<\/b> 32 mm (largeur) x 133 mm (hauteur).<\/p>\n<\/li>\n<li>\n<p data-path-to-node=\"11,2,0\"><b data-path-to-node=\"11,2,0\" data-index-in-node=\"0\">Poids de la machine :<\/b> 215g.<\/p>\n<\/li>\n<li>\n<p data-path-to-node=\"11,3,0\"><b data-path-to-node=\"11,3,0\" data-index-in-node=\"0\">Capacit\u00e9 de la batterie :<\/b> 2000mAh pour une endurance de longue dur\u00e9e.<\/p>\n<\/li>\n<li>\n<p data-path-to-node=\"11,4,0\"><b data-path-to-node=\"11,4,0\" data-index-in-node=\"0\">Tension de sortie :<\/b> 4V - 12V.<\/p>\n<\/li>\n<li>\n<p data-path-to-node=\"11,5,0\"><b data-path-to-node=\"11,5,0\" data-index-in-node=\"0\">Courant de sortie :<\/b> 2A.<\/p>\n<\/li>\n<li>\n<p data-path-to-node=\"11,6,0\"><b data-path-to-node=\"11,6,0\" data-index-in-node=\"0\">Taille de l'emballage :<\/b> 16 cm x 16 cm x 5,4 cm.<\/p>\n<\/li>\n<\/ul>\n<h3 data-path-to-node=\"12\"><b data-path-to-node=\"12\" data-index-in-node=\"0\">Contenu du kit<\/b><\/h3>\n<ul data-path-to-node=\"13\">\n<li>\n<p data-path-to-node=\"13,0,0\">1 x FY018 Machine \u00e0 tatouer avec moteur \u00e0 course magn\u00e9tique<\/p>\n<\/li>\n<li>\n<p data-path-to-node=\"13,1,0\">1 x Batterie magn\u00e9tique pour \u00e9cran couleur<\/p>\n<\/li>\n<li>\n<p data-path-to-node=\"13,2,0\">1 x Connecteur magn\u00e9tique RCA<\/p>\n<\/li>\n<li>\n<p data-path-to-node=\"13,3,0\">1 x Cordon d'alimentation RCA<\/p>\n<\/li>\n<li>\n<p data-path-to-node=\"13,4,0\">1 x C\u00e2ble de charge USB-C<\/p>\n<\/li>\n<li>\n<p data-path-to-node=\"13,5,0\">4 x tapis de remplacement en caoutchouc<\/p>\n<\/li>\n<\/ul>","protected":false},"excerpt":{"rendered":"<p>Advanced Precision &amp; Performance The FY018 Wireless Tattoo Pen is a professional-grade rotary machine crafted from aircraft-grade aluminum alloy, designed<\/p>","protected":false},"featured_media":31027,"comment_status":"open","ping_status":"closed","template":"","meta":[],"product_brand":[71],"product_cat":[77],"product_tag":[260,270,259],"class_list":{"0":"post-31019","1":"product","2":"type-product","3":"status-publish","4":"has-post-thumbnail","6":"product_brand-gtartistoo","7":"product_cat-tattoo-machine","8":"product_tag-adjustable-stroke","9":"product_tag-tattoo-supplies","10":"product_tag-wireless-tattoo-pen","12":"first","13":"instock","14":"taxable","15":"shipping-taxable","16":"purchasable","17":"product-type-variable"},"yoast_head":"<!-- This site is optimized with the Yoast SEO Premium plugin v26.2 (Yoast SEO v26.2) - https:\/\/yoast.com\/wordpress\/plugins\/seo\/ -->\n<title>Tattoo Supplies Shop | Professional Tattoo Equipment<\/title>\n<meta name=\"description\" content=\"Upgrade to the FY018 Wireless Tattoo Pen featuring an IPS color screen, 2000mAh battery, and 6 adjustable stroke lengths (2.3mm-4.5mm). Shop professional tattoo gear today.\" \/>\n<meta name=\"robots\" content=\"index, follow, max-snippet:-1, max-image-preview:large, max-video-preview:-1\" \/>\n<link rel=\"canonical\" href=\"https:\/\/gtartistoo.com\/fr\/boutique\/machine-a-tatouer\/stylo-de-tatouage-sans-fil-fy018\/\" \/>\n<meta property=\"og:locale\" content=\"fr_FR\" \/>\n<meta property=\"og:type\" content=\"article\" \/>\n<meta property=\"og:title\" content=\"Gtartistoo Wireless Tattoo Pen - FY018\" \/>\n<meta property=\"og:description\" content=\"Upgrade to the FY018 Wireless Tattoo Pen featuring an IPS color screen, 2000mAh battery, and 6 adjustable stroke lengths (2.3mm-4.5mm). Shop professional tattoo gear today.\" \/>\n<meta property=\"og:url\" content=\"https:\/\/gtartistoo.com\/fr\/boutique\/machine-a-tatouer\/stylo-de-tatouage-sans-fil-fy018\/\" \/>\n<meta property=\"og:site_name\" content=\"gtartistoo.com\" \/>\n<meta property=\"article:modified_time\" content=\"2026-01-20T05:28:41+00:00\" \/>\n<meta property=\"og:image\" content=\"https:\/\/gtartistoo.com\/wp-content\/uploads\/2025\/12\/Wireless-Tattoo-Pen-FY018-main-1.jpg\" \/>\n\t<meta property=\"og:image:width\" content=\"800\" \/>\n\t<meta property=\"og:image:height\" content=\"800\" \/>\n\t<meta property=\"og:image:type\" content=\"image\/jpeg\" \/>\n<meta name=\"twitter:card\" content=\"summary_large_image\" \/>\n<meta name=\"twitter:label1\" content=\"Disponibilit\u00e9\" \/>\n\t<meta name=\"twitter:data1\" content=\"En stock\" \/>\n<script type=\"application\/ld+json\" class=\"yoast-schema-graph\">{\"@context\":\"https:\/\/schema.org\",\"@graph\":[{\"@type\":\"WebPage\",\"@id\":\"https:\/\/gtartistoo.com\/shop\/tattoo-machine\/wireless-tattoo-pen-fy018\/\",\"url\":\"https:\/\/gtartistoo.com\/shop\/tattoo-machine\/wireless-tattoo-pen-fy018\/\",\"name\":\"Tattoo Supplies Shop | Professional Tattoo Equipment\",\"isPartOf\":{\"@id\":\"https:\/\/gtartistoo.com\/#website\"},\"primaryImageOfPage\":{\"@id\":\"https:\/\/gtartistoo.com\/shop\/tattoo-machine\/wireless-tattoo-pen-fy018\/#primaryimage\"},\"image\":{\"@id\":\"https:\/\/gtartistoo.com\/shop\/tattoo-machine\/wireless-tattoo-pen-fy018\/#primaryimage\"},\"thumbnailUrl\":\"https:\/\/gtartistoo.com\/wp-content\/uploads\/2025\/12\/Wireless-Tattoo-Pen-FY018-main-1.jpg\",\"datePublished\":\"2025-12-30T08:42:35+00:00\",\"dateModified\":\"2026-01-20T05:28:41+00:00\",\"description\":\"Upgrade to the FY018 Wireless Tattoo Pen featuring an IPS color screen, 2000mAh battery, and 6 adjustable stroke lengths (2.3mm-4.5mm). Shop professional tattoo gear today.\",\"breadcrumb\":{\"@id\":\"https:\/\/gtartistoo.com\/shop\/tattoo-machine\/wireless-tattoo-pen-fy018\/#breadcrumb\"},\"inLanguage\":\"fr-FR\",\"potentialAction\":[{\"@type\":\"ReadAction\",\"target\":[\"https:\/\/gtartistoo.com\/shop\/tattoo-machine\/wireless-tattoo-pen-fy018\/\"]}]},{\"@type\":\"ImageObject\",\"inLanguage\":\"fr-FR\",\"@id\":\"https:\/\/gtartistoo.com\/shop\/tattoo-machine\/wireless-tattoo-pen-fy018\/#primaryimage\",\"url\":\"https:\/\/gtartistoo.com\/wp-content\/uploads\/2025\/12\/Wireless-Tattoo-Pen-FY018-main-1.jpg\",\"contentUrl\":\"https:\/\/gtartistoo.com\/wp-content\/uploads\/2025\/12\/Wireless-Tattoo-Pen-FY018-main-1.jpg\",\"width\":800,\"height\":800,\"caption\":\"FY018 Wireless Tattoo Pen featuring an IPS color screen, 2000mAh battery, and 6 adjustable stroke lengths (2.3mm-4.5mm)\"},{\"@type\":\"BreadcrumbList\",\"@id\":\"https:\/\/gtartistoo.com\/shop\/tattoo-machine\/wireless-tattoo-pen-fy018\/#breadcrumb\",\"itemListElement\":[{\"@type\":\"ListItem\",\"position\":1,\"name\":\"Home\",\"item\":\"https:\/\/gtartistoo.com\/\"},{\"@type\":\"ListItem\",\"position\":2,\"name\":\"Shop\",\"item\":\"https:\/\/gtartistoo.com\/shop\/\"},{\"@type\":\"ListItem\",\"position\":3,\"name\":\"Gtartistoo Wireless Tattoo Pen &#8211; FY018\"}]},{\"@type\":\"WebSite\",\"@id\":\"https:\/\/gtartistoo.com\/#website\",\"url\":\"https:\/\/gtartistoo.com\/\",\"name\":\"gtartistoo.com\",\"description\":\"\",\"publisher\":{\"@id\":\"https:\/\/gtartistoo.com\/#organization\"},\"potentialAction\":[{\"@type\":\"SearchAction\",\"target\":{\"@type\":\"EntryPoint\",\"urlTemplate\":\"https:\/\/gtartistoo.com\/?s={search_term_string}\"},\"query-input\":{\"@type\":\"PropertyValueSpecification\",\"valueRequired\":true,\"valueName\":\"search_term_string\"}}],\"inLanguage\":\"fr-FR\"},{\"@type\":\"Organization\",\"@id\":\"https:\/\/gtartistoo.com\/#organization\",\"name\":\"gtartistoo.com\",\"url\":\"https:\/\/gtartistoo.com\/\",\"logo\":{\"@type\":\"ImageObject\",\"inLanguage\":\"fr-FR\",\"@id\":\"https:\/\/gtartistoo.com\/#\/schema\/logo\/image\/\",\"url\":\"https:\/\/gtartistoo.com\/wp-content\/uploads\/2025\/10\/logo.svg\",\"contentUrl\":\"https:\/\/gtartistoo.com\/wp-content\/uploads\/2025\/10\/logo.svg\",\"width\":369,\"height\":124,\"caption\":\"gtartistoo.com\"},\"image\":{\"@id\":\"https:\/\/gtartistoo.com\/#\/schema\/logo\/image\/\"}}]}<\/script>\n<meta property=\"og:availability\" content=\"instock\" \/>\n<meta property=\"product:availability\" content=\"instock\" \/>\n<meta property=\"product:retailer_item_id\" content=\"31019\" \/>\n<meta property=\"product:condition\" content=\"new\" \/>\n<!-- \/ Yoast SEO Premium plugin. -->","yoast_head_json":{"title":"Tattoo Supplies Shop | Mat\u00e9riel de tatouage professionnel","description":"Passez au stylo de tatouage sans fil FY018, dot\u00e9 d'un \u00e9cran couleur IPS, d'une batterie 2000mAh et de 6 longueurs de trait r\u00e9glables (2,3mm-4,5mm). Achetez du mat\u00e9riel de tatouage professionnel d\u00e8s aujourd'hui.","robots":{"index":"index","follow":"follow","max-snippet":"max-snippet:-1","max-image-preview":"max-image-preview:large","max-video-preview":"max-video-preview:-1"},"canonical":"https:\/\/gtartistoo.com\/fr\/boutique\/machine-a-tatouer\/stylo-de-tatouage-sans-fil-fy018\/","og_locale":"fr_FR","og_type":"article","og_title":"Gtartistoo Wireless Tattoo Pen - FY018","og_description":"Upgrade to the FY018 Wireless Tattoo Pen featuring an IPS color screen, 2000mAh battery, and 6 adjustable stroke lengths (2.3mm-4.5mm). Shop professional tattoo gear today.","og_url":"https:\/\/gtartistoo.com\/fr\/boutique\/machine-a-tatouer\/stylo-de-tatouage-sans-fil-fy018\/","og_site_name":"gtartistoo.com","article_modified_time":"2026-01-20T05:28:41+00:00","og_image":[{"width":800,"height":800,"url":"https:\/\/gtartistoo.com\/wp-content\/uploads\/2025\/12\/Wireless-Tattoo-Pen-FY018-main-1.jpg","type":"image\/jpeg"}],"twitter_card":"summary_large_image","twitter_misc":{"Disponibilit\u00e9":"En stock"},"schema":{"@context":"https:\/\/schema.org","@graph":[{"@type":"WebPage","@id":"https:\/\/gtartistoo.com\/shop\/tattoo-machine\/wireless-tattoo-pen-fy018\/","url":"https:\/\/gtartistoo.com\/shop\/tattoo-machine\/wireless-tattoo-pen-fy018\/","name":"Tattoo Supplies Shop | Mat\u00e9riel de tatouage professionnel","isPartOf":{"@id":"https:\/\/gtartistoo.com\/#website"},"primaryImageOfPage":{"@id":"https:\/\/gtartistoo.com\/shop\/tattoo-machine\/wireless-tattoo-pen-fy018\/#primaryimage"},"image":{"@id":"https:\/\/gtartistoo.com\/shop\/tattoo-machine\/wireless-tattoo-pen-fy018\/#primaryimage"},"thumbnailUrl":"https:\/\/gtartistoo.com\/wp-content\/uploads\/2025\/12\/Wireless-Tattoo-Pen-FY018-main-1.jpg","datePublished":"2025-12-30T08:42:35+00:00","dateModified":"2026-01-20T05:28:41+00:00","description":"Passez au stylo de tatouage sans fil FY018, dot\u00e9 d'un \u00e9cran couleur IPS, d'une batterie 2000mAh et de 6 longueurs de trait r\u00e9glables (2,3mm-4,5mm). Achetez du mat\u00e9riel de tatouage professionnel d\u00e8s aujourd'hui.","breadcrumb":{"@id":"https:\/\/gtartistoo.com\/shop\/tattoo-machine\/wireless-tattoo-pen-fy018\/#breadcrumb"},"inLanguage":"fr-FR","potentialAction":[{"@type":"ReadAction","target":["https:\/\/gtartistoo.com\/shop\/tattoo-machine\/wireless-tattoo-pen-fy018\/"]}]},{"@type":"ImageObject","inLanguage":"fr-FR","@id":"https:\/\/gtartistoo.com\/shop\/tattoo-machine\/wireless-tattoo-pen-fy018\/#primaryimage","url":"https:\/\/gtartistoo.com\/wp-content\/uploads\/2025\/12\/Wireless-Tattoo-Pen-FY018-main-1.jpg","contentUrl":"https:\/\/gtartistoo.com\/wp-content\/uploads\/2025\/12\/Wireless-Tattoo-Pen-FY018-main-1.jpg","width":800,"height":800,"caption":"FY018 Wireless Tattoo Pen featuring an IPS color screen, 2000mAh battery, and 6 adjustable stroke lengths (2.3mm-4.5mm)"},{"@type":"BreadcrumbList","@id":"https:\/\/gtartistoo.com\/shop\/tattoo-machine\/wireless-tattoo-pen-fy018\/#breadcrumb","itemListElement":[{"@type":"ListItem","position":1,"name":"Home","item":"https:\/\/gtartistoo.com\/"},{"@type":"ListItem","position":2,"name":"Shop","item":"https:\/\/gtartistoo.com\/shop\/"},{"@type":"ListItem","position":3,"name":"Gtartistoo Wireless Tattoo Pen &#8211; FY018"}]},{"@type":"WebSite","@id":"https:\/\/gtartistoo.com\/#website","url":"https:\/\/gtartistoo.com\/","name":"gtartistoo.com","description":"","publisher":{"@id":"https:\/\/gtartistoo.com\/#organization"},"potentialAction":[{"@type":"SearchAction","target":{"@type":"EntryPoint","urlTemplate":"https:\/\/gtartistoo.com\/?s={search_term_string}"},"query-input":{"@type":"PropertyValueSpecification","valueRequired":true,"valueName":"search_term_string"}}],"inLanguage":"fr-FR"},{"@type":"Organization","@id":"https:\/\/gtartistoo.com\/#organization","name":"gtartistoo.com","url":"https:\/\/gtartistoo.com\/","logo":{"@type":"ImageObject","inLanguage":"fr-FR","@id":"https:\/\/gtartistoo.com\/#\/schema\/logo\/image\/","url":"https:\/\/gtartistoo.com\/wp-content\/uploads\/2025\/10\/logo.svg","contentUrl":"https:\/\/gtartistoo.com\/wp-content\/uploads\/2025\/10\/logo.svg","width":369,"height":124,"caption":"gtartistoo.com"},"image":{"@id":"https:\/\/gtartistoo.com\/#\/schema\/logo\/image\/"}}]},"og_availability":"instock","product_availability":"instock","product_retailer_item_id":"31019","product_condition":"new"},"_links":{"self":[{"href":"https:\/\/gtartistoo.com\/fr\/wp-json\/wp\/v2\/product\/31019","targetHints":{"allow":["GET"]}}],"collection":[{"href":"https:\/\/gtartistoo.com\/fr\/wp-json\/wp\/v2\/product"}],"about":[{"href":"https:\/\/gtartistoo.com\/fr\/wp-json\/wp\/v2\/types\/product"}],"replies":[{"embeddable":true,"href":"https:\/\/gtartistoo.com\/fr\/wp-json\/wp\/v2\/comments?post=31019"}],"version-history":[{"count":2,"href":"https:\/\/gtartistoo.com\/fr\/wp-json\/wp\/v2\/product\/31019\/revisions"}],"predecessor-version":[{"id":31447,"href":"https:\/\/gtartistoo.com\/fr\/wp-json\/wp\/v2\/product\/31019\/revisions\/31447"}],"wp:featuredmedia":[{"embeddable":true,"href":"https:\/\/gtartistoo.com\/fr\/wp-json\/wp\/v2\/media\/31027"}],"wp:attachment":[{"href":"https:\/\/gtartistoo.com\/fr\/wp-json\/wp\/v2\/media?parent=31019"}],"wp:term":[{"taxonomy":"product_brand","embeddable":true,"href":"https:\/\/gtartistoo.com\/fr\/wp-json\/wp\/v2\/product_brand?post=31019"},{"taxonomy":"product_cat","embeddable":true,"href":"https:\/\/gtartistoo.com\/fr\/wp-json\/wp\/v2\/product_cat?post=31019"},{"taxonomy":"product_tag","embeddable":true,"href":"https:\/\/gtartistoo.com\/fr\/wp-json\/wp\/v2\/product_tag?post=31019"}],"curies":[{"name":"wp","href":"https:\/\/api.w.org\/{rel}","templated":true}]}}