{"id":31033,"date":"2025-12-31T08:42:07","date_gmt":"2025-12-31T08:42:07","guid":{"rendered":"https:\/\/gtartistoo.com\/?post_type=product&#038;p=31033"},"modified":"2026-01-12T06:44:07","modified_gmt":"2026-01-12T06:44:07","slug":"gants-en-nitrile-noirs","status":"publish","type":"product","link":"https:\/\/gtartistoo.com\/fr\/boutique\/fournitures-pour-tatouage\/gants-en-nitrile-noirs\/","title":{"rendered":"Gants en nitrile noir, bo\u00eete de 50 pi\u00e8ces"},"content":{"rendered":"<h3 data-path-to-node=\"6\"><b data-path-to-node=\"6\" data-index-in-node=\"0\">Protection et pr\u00e9cision de haute performance<\/b><\/h3>\n<p data-path-to-node=\"7\">Con\u00e7us pour r\u00e9pondre aux besoins des tatoueurs, des professionnels de la beaut\u00e9 et des m\u00e9decins l\u00e9gistes, ces produits ont \u00e9t\u00e9 con\u00e7us pour r\u00e9pondre aux exigences de l'industrie du tatouage. <b data-path-to-node=\"7\" data-index-in-node=\"103\">Gants jetables en nitrile noir<\/b> offrent une barri\u00e8re sup\u00e9rieure sans compromettre la sensibilit\u00e9 tactile. Fabriqu\u00e9s en caoutchouc naturel de haute qualit\u00e9, ils offrent un ajustement exceptionnel et un aspect professionnel pour tout espace de travail.<\/p>\n<h3 data-path-to-node=\"8\"><b data-path-to-node=\"8\" data-index-in-node=\"0\">Principales caract\u00e9ristiques et avantages<\/b><\/h3>\n<ul data-path-to-node=\"9\">\n<li>\n<p data-path-to-node=\"9,0,0\"><b data-path-to-node=\"9,0,0\" data-index-in-node=\"0\">\u00c9lasticit\u00e9 sup\u00e9rieure :<\/b> Fabriqu\u00e9s \u00e0 l'aide d'une technologie avanc\u00e9e, ces gants sont fins mais incroyablement r\u00e9sistants, offrant une \u00e9lasticit\u00e9 et une durabilit\u00e9 surprenantes pour un usage intensif.<\/p>\n<\/li>\n<li>\n<p data-path-to-node=\"9,1,0\"><b data-path-to-node=\"9,1,0\" data-index-in-node=\"0\">Poign\u00e9e am\u00e9lior\u00e9e :<\/b> Le bout des doigts est textur\u00e9 (conception antid\u00e9rapante) pour assurer une prise ferme sur les instruments et les aiguilles, m\u00eame lorsque l'on travaille avec des liquides ou des pigments.<\/p>\n<\/li>\n<li>\n<p data-path-to-node=\"9,2,0\"><b data-path-to-node=\"9,2,0\" data-index-in-node=\"0\">Excellente r\u00e9sistance :<\/b> La haute r\u00e9sistance \u00e0 la traction et \u00e0 la perforation prot\u00e8ge les mains des produits chimiques quotidiens et des d\u00e9chirures accidentelles.<\/p>\n<\/li>\n<li>\n<p data-path-to-node=\"9,3,0\"><b data-path-to-node=\"9,3,0\" data-index-in-node=\"0\">Performance anti-fuite :<\/b> La pr\u00e9cision de la fabrication garantit l'\u00e9tanch\u00e9it\u00e9 de ces gants, ce qui permet de les utiliser en toute s\u00e9curit\u00e9 dans l'eau ou lors de la manipulation de mat\u00e9riaux humides.<\/p>\n<\/li>\n<li>\n<p data-path-to-node=\"9,4,0\"><b data-path-to-node=\"9,4,0\" data-index-in-node=\"0\">Ambidextre et confortable :<\/b> Con\u00e7u pour s'adapter confortablement \u00e0 la main gauche et \u00e0 la main droite, il r\u00e9duit la fatigue des mains pendant les longues sessions.<\/p>\n<\/li>\n<li>\n<p data-path-to-node=\"9,5,0\"><b data-path-to-node=\"9,5,0\" data-index-in-node=\"0\">Distribution pratique :<\/b> Emball\u00e9 dans une bo\u00eete extractible pour un acc\u00e8s rapide et hygi\u00e9nique pendant les proc\u00e9dures les plus charg\u00e9es.<\/p>\n<\/li>\n<\/ul>\n<h3 data-path-to-node=\"10\"><b data-path-to-node=\"10\" data-index-in-node=\"0\">Sp\u00e9cifications techniques<\/b><\/h3>\n<ul data-path-to-node=\"11\">\n<li>\n<p data-path-to-node=\"11,0,0\"><b data-path-to-node=\"11,0,0\" data-index-in-node=\"0\">Mat\u00e9riau :<\/b> Caoutchouc naturel de premi\u00e8re qualit\u00e9.<\/p>\n<\/li>\n<li>\n<p data-path-to-node=\"11,1,0\"><b data-path-to-node=\"11,1,0\" data-index-in-node=\"0\">Couleur :<\/b> Noir professionnel.<\/p>\n<\/li>\n<li>\n<p data-path-to-node=\"11,2,0\"><b data-path-to-node=\"11,2,0\" data-index-in-node=\"0\">Tailles disponibles :<\/b> S \/ M \/ L.<\/p>\n<\/li>\n<li>\n<p data-path-to-node=\"11,3,0\"><b data-path-to-node=\"11,3,0\" data-index-in-node=\"0\">Quantit\u00e9 :<\/b> 50 pi\u00e8ces par bo\u00eete.<\/p>\n<\/li>\n<li>\n<p data-path-to-node=\"11,4,0\"><b data-path-to-node=\"11,4,0\" data-index-in-node=\"0\">Applications :<\/b> Tatouage et piercing, beaut\u00e9 et esth\u00e9tique, nettoyage domestique et transformation des aliments.<\/p>\n<\/li>\n<\/ul>","protected":false},"excerpt":{"rendered":"<p>High-Performance Protection &amp; Precision Designed for the demanding needs of tattoo artists, beauty professionals, and medical examiners, these Disposable Black<\/p>","protected":false},"featured_media":31039,"comment_status":"open","ping_status":"closed","template":"","meta":[],"product_brand":[256],"product_cat":[307,83],"product_tag":[282,283,270],"class_list":{"0":"post-31033","1":"product","2":"type-product","3":"status-publish","4":"has-post-thumbnail","6":"product_brand-other","7":"product_cat-disposable-tattoo-supplies","8":"product_cat-tattoo-supplies","9":"product_tag-black-nitrile-gloves","10":"product_tag-disposable-gloves","11":"product_tag-tattoo-supplies","13":"first","14":"instock","15":"taxable","16":"shipping-taxable","17":"purchasable","18":"product-type-variable"},"yoast_head":"<!-- This site is optimized with the Yoast SEO Premium plugin v26.2 (Yoast SEO v26.2) - https:\/\/yoast.com\/wordpress\/plugins\/seo\/ -->\n<title>Tattoo Supplies Shop | Professional Tattoo Equipment<\/title>\n<meta name=\"description\" content=\"Professional 50pcs box of Black Nitrile Gloves. Latex-free, high-elasticity, and puncture-resistant with textured fingertips for superior grip. Ideal for tattoo artists, beauty professionals, and cleaning. Shop durable, high-quality disposable gloves now.\" \/>\n<meta name=\"robots\" content=\"index, follow, max-snippet:-1, max-image-preview:large, max-video-preview:-1\" \/>\n<link rel=\"canonical\" href=\"https:\/\/gtartistoo.com\/fr\/boutique\/fournitures-pour-tatouage\/gants-en-nitrile-noirs\/\" \/>\n<meta property=\"og:locale\" content=\"fr_FR\" \/>\n<meta property=\"og:type\" content=\"article\" \/>\n<meta property=\"og:title\" content=\"Black Nitrile Gloves 50 PCS Box\" \/>\n<meta property=\"og:description\" content=\"Professional 50pcs box of Black Nitrile Gloves. Latex-free, high-elasticity, and puncture-resistant with textured fingertips for superior grip. Ideal for tattoo artists, beauty professionals, and cleaning. Shop durable, high-quality disposable gloves now.\" \/>\n<meta property=\"og:url\" content=\"https:\/\/gtartistoo.com\/fr\/boutique\/fournitures-pour-tatouage\/gants-en-nitrile-noirs\/\" \/>\n<meta property=\"og:site_name\" content=\"gtartistoo.com\" \/>\n<meta property=\"article:modified_time\" content=\"2026-01-12T06:44:07+00:00\" \/>\n<meta property=\"og:image\" content=\"https:\/\/gtartistoo.com\/wp-content\/uploads\/2025\/12\/Black-Nitrile-Gloves-10.jpg\" \/>\n\t<meta property=\"og:image:width\" content=\"800\" \/>\n\t<meta property=\"og:image:height\" content=\"800\" \/>\n\t<meta property=\"og:image:type\" content=\"image\/jpeg\" \/>\n<meta name=\"twitter:card\" content=\"summary_large_image\" \/>\n<meta name=\"twitter:label1\" content=\"Disponibilit\u00e9\" \/>\n\t<meta name=\"twitter:data1\" content=\"En stock\" \/>\n<script type=\"application\/ld+json\" class=\"yoast-schema-graph\">{\"@context\":\"https:\/\/schema.org\",\"@graph\":[{\"@type\":\"WebPage\",\"@id\":\"https:\/\/gtartistoo.com\/shop\/tattoo-supplies\/black-nitrile-gloves\/\",\"url\":\"https:\/\/gtartistoo.com\/shop\/tattoo-supplies\/black-nitrile-gloves\/\",\"name\":\"Tattoo Supplies Shop | Professional Tattoo Equipment\",\"isPartOf\":{\"@id\":\"https:\/\/gtartistoo.com\/#website\"},\"primaryImageOfPage\":{\"@id\":\"https:\/\/gtartistoo.com\/shop\/tattoo-supplies\/black-nitrile-gloves\/#primaryimage\"},\"image\":{\"@id\":\"https:\/\/gtartistoo.com\/shop\/tattoo-supplies\/black-nitrile-gloves\/#primaryimage\"},\"thumbnailUrl\":\"https:\/\/gtartistoo.com\/wp-content\/uploads\/2025\/12\/Black-Nitrile-Gloves-10.jpg\",\"datePublished\":\"2025-12-31T08:42:07+00:00\",\"dateModified\":\"2026-01-12T06:44:07+00:00\",\"description\":\"Professional 50pcs box of Black Nitrile Gloves. Latex-free, high-elasticity, and puncture-resistant with textured fingertips for superior grip. Ideal for tattoo artists, beauty professionals, and cleaning. Shop durable, high-quality disposable gloves now.\",\"breadcrumb\":{\"@id\":\"https:\/\/gtartistoo.com\/shop\/tattoo-supplies\/black-nitrile-gloves\/#breadcrumb\"},\"inLanguage\":\"fr-FR\",\"potentialAction\":[{\"@type\":\"ReadAction\",\"target\":[\"https:\/\/gtartistoo.com\/shop\/tattoo-supplies\/black-nitrile-gloves\/\"]}]},{\"@type\":\"ImageObject\",\"inLanguage\":\"fr-FR\",\"@id\":\"https:\/\/gtartistoo.com\/shop\/tattoo-supplies\/black-nitrile-gloves\/#primaryimage\",\"url\":\"https:\/\/gtartistoo.com\/wp-content\/uploads\/2025\/12\/Black-Nitrile-Gloves-10.jpg\",\"contentUrl\":\"https:\/\/gtartistoo.com\/wp-content\/uploads\/2025\/12\/Black-Nitrile-Gloves-10.jpg\",\"width\":800,\"height\":800},{\"@type\":\"BreadcrumbList\",\"@id\":\"https:\/\/gtartistoo.com\/shop\/tattoo-supplies\/black-nitrile-gloves\/#breadcrumb\",\"itemListElement\":[{\"@type\":\"ListItem\",\"position\":1,\"name\":\"Home\",\"item\":\"https:\/\/gtartistoo.com\/\"},{\"@type\":\"ListItem\",\"position\":2,\"name\":\"Shop\",\"item\":\"https:\/\/gtartistoo.com\/shop\/\"},{\"@type\":\"ListItem\",\"position\":3,\"name\":\"Black Nitrile Gloves 50 PCS Box\"}]},{\"@type\":\"WebSite\",\"@id\":\"https:\/\/gtartistoo.com\/#website\",\"url\":\"https:\/\/gtartistoo.com\/\",\"name\":\"gtartistoo.com\",\"description\":\"\",\"publisher\":{\"@id\":\"https:\/\/gtartistoo.com\/#organization\"},\"potentialAction\":[{\"@type\":\"SearchAction\",\"target\":{\"@type\":\"EntryPoint\",\"urlTemplate\":\"https:\/\/gtartistoo.com\/?s={search_term_string}\"},\"query-input\":{\"@type\":\"PropertyValueSpecification\",\"valueRequired\":true,\"valueName\":\"search_term_string\"}}],\"inLanguage\":\"fr-FR\"},{\"@type\":\"Organization\",\"@id\":\"https:\/\/gtartistoo.com\/#organization\",\"name\":\"gtartistoo.com\",\"url\":\"https:\/\/gtartistoo.com\/\",\"logo\":{\"@type\":\"ImageObject\",\"inLanguage\":\"fr-FR\",\"@id\":\"https:\/\/gtartistoo.com\/#\/schema\/logo\/image\/\",\"url\":\"https:\/\/gtartistoo.com\/wp-content\/uploads\/2025\/10\/logo.svg\",\"contentUrl\":\"https:\/\/gtartistoo.com\/wp-content\/uploads\/2025\/10\/logo.svg\",\"width\":369,\"height\":124,\"caption\":\"gtartistoo.com\"},\"image\":{\"@id\":\"https:\/\/gtartistoo.com\/#\/schema\/logo\/image\/\"}}]}<\/script>\n<meta property=\"og:availability\" content=\"instock\" \/>\n<meta property=\"product:availability\" content=\"instock\" \/>\n<meta property=\"product:retailer_item_id\" content=\"31033\" \/>\n<meta property=\"product:condition\" content=\"new\" \/>\n<!-- \/ Yoast SEO Premium plugin. -->","yoast_head_json":{"title":"Tattoo Supplies Shop | Mat\u00e9riel de tatouage professionnel","description":"Bo\u00eete professionnelle de 50 gants en nitrile noirs. Sans latex, tr\u00e8s \u00e9lastiques et r\u00e9sistants \u00e0 la perforation, avec des bouts de doigts textur\u00e9s pour une meilleure adh\u00e9rence. Id\u00e9al pour les tatoueurs, les professionnels de la beaut\u00e9 et le nettoyage. Achetez d\u00e8s maintenant des gants jetables durables et de haute qualit\u00e9.","robots":{"index":"index","follow":"follow","max-snippet":"max-snippet:-1","max-image-preview":"max-image-preview:large","max-video-preview":"max-video-preview:-1"},"canonical":"https:\/\/gtartistoo.com\/fr\/boutique\/fournitures-pour-tatouage\/gants-en-nitrile-noirs\/","og_locale":"fr_FR","og_type":"article","og_title":"Black Nitrile Gloves 50 PCS Box","og_description":"Professional 50pcs box of Black Nitrile Gloves. Latex-free, high-elasticity, and puncture-resistant with textured fingertips for superior grip. Ideal for tattoo artists, beauty professionals, and cleaning. Shop durable, high-quality disposable gloves now.","og_url":"https:\/\/gtartistoo.com\/fr\/boutique\/fournitures-pour-tatouage\/gants-en-nitrile-noirs\/","og_site_name":"gtartistoo.com","article_modified_time":"2026-01-12T06:44:07+00:00","og_image":[{"width":800,"height":800,"url":"https:\/\/gtartistoo.com\/wp-content\/uploads\/2025\/12\/Black-Nitrile-Gloves-10.jpg","type":"image\/jpeg"}],"twitter_card":"summary_large_image","twitter_misc":{"Disponibilit\u00e9":"En stock"},"schema":{"@context":"https:\/\/schema.org","@graph":[{"@type":"WebPage","@id":"https:\/\/gtartistoo.com\/shop\/tattoo-supplies\/black-nitrile-gloves\/","url":"https:\/\/gtartistoo.com\/shop\/tattoo-supplies\/black-nitrile-gloves\/","name":"Tattoo Supplies Shop | Mat\u00e9riel de tatouage professionnel","isPartOf":{"@id":"https:\/\/gtartistoo.com\/#website"},"primaryImageOfPage":{"@id":"https:\/\/gtartistoo.com\/shop\/tattoo-supplies\/black-nitrile-gloves\/#primaryimage"},"image":{"@id":"https:\/\/gtartistoo.com\/shop\/tattoo-supplies\/black-nitrile-gloves\/#primaryimage"},"thumbnailUrl":"https:\/\/gtartistoo.com\/wp-content\/uploads\/2025\/12\/Black-Nitrile-Gloves-10.jpg","datePublished":"2025-12-31T08:42:07+00:00","dateModified":"2026-01-12T06:44:07+00:00","description":"Bo\u00eete professionnelle de 50 gants en nitrile noirs. Sans latex, tr\u00e8s \u00e9lastiques et r\u00e9sistants \u00e0 la perforation, avec des bouts de doigts textur\u00e9s pour une meilleure adh\u00e9rence. Id\u00e9al pour les tatoueurs, les professionnels de la beaut\u00e9 et le nettoyage. Achetez d\u00e8s maintenant des gants jetables durables et de haute qualit\u00e9.","breadcrumb":{"@id":"https:\/\/gtartistoo.com\/shop\/tattoo-supplies\/black-nitrile-gloves\/#breadcrumb"},"inLanguage":"fr-FR","potentialAction":[{"@type":"ReadAction","target":["https:\/\/gtartistoo.com\/shop\/tattoo-supplies\/black-nitrile-gloves\/"]}]},{"@type":"ImageObject","inLanguage":"fr-FR","@id":"https:\/\/gtartistoo.com\/shop\/tattoo-supplies\/black-nitrile-gloves\/#primaryimage","url":"https:\/\/gtartistoo.com\/wp-content\/uploads\/2025\/12\/Black-Nitrile-Gloves-10.jpg","contentUrl":"https:\/\/gtartistoo.com\/wp-content\/uploads\/2025\/12\/Black-Nitrile-Gloves-10.jpg","width":800,"height":800},{"@type":"BreadcrumbList","@id":"https:\/\/gtartistoo.com\/shop\/tattoo-supplies\/black-nitrile-gloves\/#breadcrumb","itemListElement":[{"@type":"ListItem","position":1,"name":"Home","item":"https:\/\/gtartistoo.com\/"},{"@type":"ListItem","position":2,"name":"Shop","item":"https:\/\/gtartistoo.com\/shop\/"},{"@type":"ListItem","position":3,"name":"Black Nitrile Gloves 50 PCS Box"}]},{"@type":"WebSite","@id":"https:\/\/gtartistoo.com\/#website","url":"https:\/\/gtartistoo.com\/","name":"gtartistoo.com","description":"","publisher":{"@id":"https:\/\/gtartistoo.com\/#organization"},"potentialAction":[{"@type":"SearchAction","target":{"@type":"EntryPoint","urlTemplate":"https:\/\/gtartistoo.com\/?s={search_term_string}"},"query-input":{"@type":"PropertyValueSpecification","valueRequired":true,"valueName":"search_term_string"}}],"inLanguage":"fr-FR"},{"@type":"Organization","@id":"https:\/\/gtartistoo.com\/#organization","name":"gtartistoo.com","url":"https:\/\/gtartistoo.com\/","logo":{"@type":"ImageObject","inLanguage":"fr-FR","@id":"https:\/\/gtartistoo.com\/#\/schema\/logo\/image\/","url":"https:\/\/gtartistoo.com\/wp-content\/uploads\/2025\/10\/logo.svg","contentUrl":"https:\/\/gtartistoo.com\/wp-content\/uploads\/2025\/10\/logo.svg","width":369,"height":124,"caption":"gtartistoo.com"},"image":{"@id":"https:\/\/gtartistoo.com\/#\/schema\/logo\/image\/"}}]},"og_availability":"instock","product_availability":"instock","product_retailer_item_id":"31033","product_condition":"new"},"_links":{"self":[{"href":"https:\/\/gtartistoo.com\/fr\/wp-json\/wp\/v2\/product\/31033","targetHints":{"allow":["GET"]}}],"collection":[{"href":"https:\/\/gtartistoo.com\/fr\/wp-json\/wp\/v2\/product"}],"about":[{"href":"https:\/\/gtartistoo.com\/fr\/wp-json\/wp\/v2\/types\/product"}],"replies":[{"embeddable":true,"href":"https:\/\/gtartistoo.com\/fr\/wp-json\/wp\/v2\/comments?post=31033"}],"version-history":[{"count":2,"href":"https:\/\/gtartistoo.com\/fr\/wp-json\/wp\/v2\/product\/31033\/revisions"}],"predecessor-version":[{"id":31061,"href":"https:\/\/gtartistoo.com\/fr\/wp-json\/wp\/v2\/product\/31033\/revisions\/31061"}],"wp:featuredmedia":[{"embeddable":true,"href":"https:\/\/gtartistoo.com\/fr\/wp-json\/wp\/v2\/media\/31039"}],"wp:attachment":[{"href":"https:\/\/gtartistoo.com\/fr\/wp-json\/wp\/v2\/media?parent=31033"}],"wp:term":[{"taxonomy":"product_brand","embeddable":true,"href":"https:\/\/gtartistoo.com\/fr\/wp-json\/wp\/v2\/product_brand?post=31033"},{"taxonomy":"product_cat","embeddable":true,"href":"https:\/\/gtartistoo.com\/fr\/wp-json\/wp\/v2\/product_cat?post=31033"},{"taxonomy":"product_tag","embeddable":true,"href":"https:\/\/gtartistoo.com\/fr\/wp-json\/wp\/v2\/product_tag?post=31033"}],"curies":[{"name":"wp","href":"https:\/\/api.w.org\/{rel}","templated":true}]}}