{"id":31111,"date":"2026-01-06T09:34:17","date_gmt":"2026-01-06T09:34:17","guid":{"rendered":"https:\/\/gtartistoo.com\/?post_type=product&#038;p=31111"},"modified":"2026-01-12T06:44:07","modified_gmt":"2026-01-12T06:44:07","slug":"kit-melangeur-dencre-de-tatouage-agitateur-electrique-de-pigment-avec-400-batonnets-jetables","status":"publish","type":"product","link":"https:\/\/gtartistoo.com\/fr\/boutique\/fournitures-pour-tatouage\/kit-melangeur-dencre-de-tatouage-agitateur-electrique-de-pigment-avec-400-batonnets-jetables\/","title":{"rendered":"Kit m\u00e9langeur d'encre de tatouage - Agitateur \u00e9lectrique de pigments avec 400 b\u00e2tonnets jetables"},"content":{"rendered":"<p data-path-to-node=\"11\">Veillez \u00e0 ce que vos couleurs soient toujours lisses, \u00e9clatantes et parfaitement m\u00e9lang\u00e9es. Cette <b data-path-to-node=\"11\" data-index-in-node=\"75\">Kit m\u00e9langeur d'encre de tatouage<\/b> est un must pour les artistes professionnels qui exigent coh\u00e9rence et hygi\u00e8ne dans leur flux de travail. Dites adieu \u00e0 la s\u00e9dimentation des pigments et aux tons in\u00e9gaux.<\/p>\n<p data-path-to-node=\"12\"><b data-path-to-node=\"12\" data-index-in-node=\"0\">Pourquoi choisir notre kit de mixage ?<\/b><\/p>\n<ul data-path-to-node=\"13\">\n<li>\n<p data-path-to-node=\"13,0,0\"><b data-path-to-node=\"13,0,0\" data-index-in-node=\"0\">Pack de valeur complet :<\/b> Comprend <b data-path-to-node=\"13,0,0\" data-index-in-node=\"30\">3 M\u00e9langeurs d'encre \u00e9lectriques<\/b> (Noir \u00e9pur\u00e9, Blanc \u00e9pur\u00e9 et Rouge audacieux) plus <b data-path-to-node=\"13,0,0\" data-index-in-node=\"98\">400 tiges d'agitation jetables<\/b> pour approvisionner votre station pendant des mois.<\/p>\n<\/li>\n<li>\n<p data-path-to-node=\"13,1,0\"><b data-path-to-node=\"13,1,0\" data-index-in-node=\"0\">M\u00e9lange minutieux :<\/b> Avec une \u00e9quipe sp\u00e9cialis\u00e9e dans la <b data-path-to-node=\"13,1,0\" data-index-in-node=\"43\">conception du barreau d'agitation en croix<\/b>, Notre m\u00e9langeur permet de m\u00e9langer l'encre de mani\u00e8re homog\u00e8ne, ce qui \u00e9vite les bouchons et garantit un d\u00e9bit r\u00e9gulier dans les aiguilles.<\/p>\n<\/li>\n<li>\n<p data-path-to-node=\"13,2,0\"><b data-path-to-node=\"13,2,0\" data-index-in-node=\"0\">Utilisation d'un seul bouton :<\/b> La conception simple et ergonomique permet une utilisation rapide d'une seule main. L\u00e9ger (seulement <b data-path-to-node=\"13,2,0\" data-index-in-node=\"107\">40g<\/b> pour un confort maximal lors des sessions de travail.<\/p>\n<\/li>\n<li>\n<p data-path-to-node=\"13,3,0\"><b data-path-to-node=\"13,3,0\" data-index-in-node=\"0\">Hygi\u00e9nique et s\u00fbr :<\/b> Chacun des 400 b\u00e2tonnets de m\u00e9lange est jetable, ce qui permet d'\u00e9viter la contamination crois\u00e9e et de respecter les normes de s\u00e9curit\u00e9 les plus strictes pour vos clients.<\/p>\n<\/li>\n<li>\n<p data-path-to-node=\"13,4,0\"><b data-path-to-node=\"13,4,0\" data-index-in-node=\"0\">Portable et sans fil :<\/b> Propuls\u00e9 par <b data-path-to-node=\"13,4,0\" data-index-in-node=\"32\">2 piles AA<\/b> (non inclus), ce qui en fait l'outil id\u00e9al pour le travail en studio et pour les invit\u00e9s aux conventions de tatouage.<\/p>\n<\/li>\n<\/ul>\n<p data-path-to-node=\"14\"><b data-path-to-node=\"14\" data-index-in-node=\"0\">Sp\u00e9cifications techniques :<\/b><\/p>\n<ul data-path-to-node=\"15\">\n<li>\n<p data-path-to-node=\"15,0,0\"><b data-path-to-node=\"15,0,0\" data-index-in-node=\"0\">Dimensions du m\u00e9langeur :<\/b> 132mm x 46mm<\/p>\n<\/li>\n<li>\n<p data-path-to-node=\"15,1,0\"><b data-path-to-node=\"15,1,0\" data-index-in-node=\"0\">Poids du m\u00e9langeur :<\/b> 40g (l\u00e9ger et portable)<\/p>\n<\/li>\n<li>\n<p data-path-to-node=\"15,2,0\"><b data-path-to-node=\"15,2,0\" data-index-in-node=\"0\">Dimensions de la tige :<\/b> 33 mm de longueur, 4 mm de largeur de t\u00eate<\/p>\n<\/li>\n<li>\n<p data-path-to-node=\"15,3,0\"><b data-path-to-node=\"15,3,0\" data-index-in-node=\"0\">Mat\u00e9riau :<\/b> Plastique ABS de haute qualit\u00e9<\/p>\n<\/li>\n<li>\n<p data-path-to-node=\"15,4,0\"><b data-path-to-node=\"15,4,0\" data-index-in-node=\"0\">Puissance :<\/b> 2 piles AA (vendues s\u00e9par\u00e9ment)<\/p>\n<\/li>\n<li>\n<p data-path-to-node=\"15,5,0\"><b data-path-to-node=\"15,5,0\" data-index-in-node=\"0\">Quantit\u00e9 :<\/b> 3 m\u00e9langeurs + 400 agitateurs<\/p>\n<\/li>\n<\/ul>","protected":false},"excerpt":{"rendered":"<p>Ensure your colors are always smooth, vibrant, and perfectly blended. This Tattoo Ink Mixer Kit is a must-have for professional<\/p>","protected":false},"featured_media":31119,"comment_status":"open","ping_status":"closed","template":"","meta":[],"product_brand":[256],"product_cat":[307,83],"product_tag":[289],"class_list":{"0":"post-31111","1":"product","2":"type-product","3":"status-publish","4":"has-post-thumbnail","6":"product_brand-other","7":"product_cat-disposable-tattoo-supplies","8":"product_cat-tattoo-supplies","9":"product_tag-tattoo-ink-mixer","11":"first","12":"instock","13":"sale","14":"taxable","15":"shipping-taxable","16":"purchasable","17":"product-type-variable"},"yoast_head":"<!-- This site is optimized with the Yoast SEO Premium plugin v26.2 (Yoast SEO v26.2) - https:\/\/yoast.com\/wordpress\/plugins\/seo\/ -->\n<title>Tattoo Supplies Shop | Professional Tattoo Equipment<\/title>\n<meta name=\"description\" content=\"Achieve perfect pigment consistency with our Tattoo Ink Mixer Kit. Includes 3 electric stirrers (Black, White, Red) and 400 disposable mixing rods. Lightweight, portable, and prevents sediment. Ideal for professional tattoo studios in US, UK &amp; EU.\" \/>\n<meta name=\"robots\" content=\"index, follow, max-snippet:-1, max-image-preview:large, max-video-preview:-1\" \/>\n<link rel=\"canonical\" href=\"https:\/\/gtartistoo.com\/fr\/boutique\/fournitures-pour-tatouage\/kit-melangeur-dencre-de-tatouage-agitateur-electrique-de-pigment-avec-400-batonnets-jetables\/\" \/>\n<meta property=\"og:locale\" content=\"fr_FR\" \/>\n<meta property=\"og:type\" content=\"article\" \/>\n<meta property=\"og:title\" content=\"Tattoo Ink Mixer Kit - Electric Pigment Stirrer with 400 Disposable Sticks\" \/>\n<meta property=\"og:description\" content=\"Achieve perfect pigment consistency with our Tattoo Ink Mixer Kit. Includes 3 electric stirrers (Black, White, Red) and 400 disposable mixing rods. Lightweight, portable, and prevents sediment. Ideal for professional tattoo studios in US, UK &amp; EU.\" \/>\n<meta property=\"og:url\" content=\"https:\/\/gtartistoo.com\/fr\/boutique\/fournitures-pour-tatouage\/kit-melangeur-dencre-de-tatouage-agitateur-electrique-de-pigment-avec-400-batonnets-jetables\/\" \/>\n<meta property=\"og:site_name\" content=\"gtartistoo.com\" \/>\n<meta property=\"article:modified_time\" content=\"2026-01-12T06:44:07+00:00\" \/>\n<meta property=\"og:image\" content=\"https:\/\/gtartistoo.com\/wp-content\/uploads\/2026\/01\/tattoo-ink-mixer-kit.jpg\" \/>\n\t<meta property=\"og:image:width\" content=\"1000\" \/>\n\t<meta property=\"og:image:height\" content=\"1000\" \/>\n\t<meta property=\"og:image:type\" content=\"image\/jpeg\" \/>\n<meta name=\"twitter:card\" content=\"summary_large_image\" \/>\n<meta name=\"twitter:label1\" content=\"Disponibilit\u00e9\" \/>\n\t<meta name=\"twitter:data1\" content=\"En stock\" \/>\n<script type=\"application\/ld+json\" class=\"yoast-schema-graph\">{\"@context\":\"https:\/\/schema.org\",\"@graph\":[{\"@type\":\"WebPage\",\"@id\":\"https:\/\/gtartistoo.com\/shop\/tattoo-supplies\/tattoo-ink-mixer-kit-electric-pigment-stirrer-with-400-disposable-sticks\/\",\"url\":\"https:\/\/gtartistoo.com\/shop\/tattoo-supplies\/tattoo-ink-mixer-kit-electric-pigment-stirrer-with-400-disposable-sticks\/\",\"name\":\"Tattoo Supplies Shop | Professional Tattoo Equipment\",\"isPartOf\":{\"@id\":\"https:\/\/gtartistoo.com\/#website\"},\"primaryImageOfPage\":{\"@id\":\"https:\/\/gtartistoo.com\/shop\/tattoo-supplies\/tattoo-ink-mixer-kit-electric-pigment-stirrer-with-400-disposable-sticks\/#primaryimage\"},\"image\":{\"@id\":\"https:\/\/gtartistoo.com\/shop\/tattoo-supplies\/tattoo-ink-mixer-kit-electric-pigment-stirrer-with-400-disposable-sticks\/#primaryimage\"},\"thumbnailUrl\":\"https:\/\/gtartistoo.com\/wp-content\/uploads\/2026\/01\/tattoo-ink-mixer-kit.jpg\",\"datePublished\":\"2026-01-06T09:34:17+00:00\",\"dateModified\":\"2026-01-12T06:44:07+00:00\",\"description\":\"Achieve perfect pigment consistency with our Tattoo Ink Mixer Kit. Includes 3 electric stirrers (Black, White, Red) and 400 disposable mixing rods. Lightweight, portable, and prevents sediment. Ideal for professional tattoo studios in US, UK & EU.\",\"breadcrumb\":{\"@id\":\"https:\/\/gtartistoo.com\/shop\/tattoo-supplies\/tattoo-ink-mixer-kit-electric-pigment-stirrer-with-400-disposable-sticks\/#breadcrumb\"},\"inLanguage\":\"fr-FR\",\"potentialAction\":[{\"@type\":\"ReadAction\",\"target\":[\"https:\/\/gtartistoo.com\/shop\/tattoo-supplies\/tattoo-ink-mixer-kit-electric-pigment-stirrer-with-400-disposable-sticks\/\"]}]},{\"@type\":\"ImageObject\",\"inLanguage\":\"fr-FR\",\"@id\":\"https:\/\/gtartistoo.com\/shop\/tattoo-supplies\/tattoo-ink-mixer-kit-electric-pigment-stirrer-with-400-disposable-sticks\/#primaryimage\",\"url\":\"https:\/\/gtartistoo.com\/wp-content\/uploads\/2026\/01\/tattoo-ink-mixer-kit.jpg\",\"contentUrl\":\"https:\/\/gtartistoo.com\/wp-content\/uploads\/2026\/01\/tattoo-ink-mixer-kit.jpg\",\"width\":1000,\"height\":1000,\"caption\":\"Versatile electric ink mixers in 3 colors.\"},{\"@type\":\"BreadcrumbList\",\"@id\":\"https:\/\/gtartistoo.com\/shop\/tattoo-supplies\/tattoo-ink-mixer-kit-electric-pigment-stirrer-with-400-disposable-sticks\/#breadcrumb\",\"itemListElement\":[{\"@type\":\"ListItem\",\"position\":1,\"name\":\"Home\",\"item\":\"https:\/\/gtartistoo.com\/\"},{\"@type\":\"ListItem\",\"position\":2,\"name\":\"Shop\",\"item\":\"https:\/\/gtartistoo.com\/shop\/\"},{\"@type\":\"ListItem\",\"position\":3,\"name\":\"Tattoo Ink Mixer Kit &#8211; Electric Pigment Stirrer with 400 Disposable Sticks\"}]},{\"@type\":\"WebSite\",\"@id\":\"https:\/\/gtartistoo.com\/#website\",\"url\":\"https:\/\/gtartistoo.com\/\",\"name\":\"gtartistoo.com\",\"description\":\"\",\"publisher\":{\"@id\":\"https:\/\/gtartistoo.com\/#organization\"},\"potentialAction\":[{\"@type\":\"SearchAction\",\"target\":{\"@type\":\"EntryPoint\",\"urlTemplate\":\"https:\/\/gtartistoo.com\/?s={search_term_string}\"},\"query-input\":{\"@type\":\"PropertyValueSpecification\",\"valueRequired\":true,\"valueName\":\"search_term_string\"}}],\"inLanguage\":\"fr-FR\"},{\"@type\":\"Organization\",\"@id\":\"https:\/\/gtartistoo.com\/#organization\",\"name\":\"gtartistoo.com\",\"url\":\"https:\/\/gtartistoo.com\/\",\"logo\":{\"@type\":\"ImageObject\",\"inLanguage\":\"fr-FR\",\"@id\":\"https:\/\/gtartistoo.com\/#\/schema\/logo\/image\/\",\"url\":\"https:\/\/gtartistoo.com\/wp-content\/uploads\/2025\/10\/logo.svg\",\"contentUrl\":\"https:\/\/gtartistoo.com\/wp-content\/uploads\/2025\/10\/logo.svg\",\"width\":369,\"height\":124,\"caption\":\"gtartistoo.com\"},\"image\":{\"@id\":\"https:\/\/gtartistoo.com\/#\/schema\/logo\/image\/\"}}]}<\/script>\n<meta property=\"og:availability\" content=\"instock\" \/>\n<meta property=\"product:availability\" content=\"instock\" \/>\n<meta property=\"product:retailer_item_id\" content=\"31111\" \/>\n<meta property=\"product:condition\" content=\"new\" \/>\n<!-- \/ Yoast SEO Premium plugin. -->","yoast_head_json":{"title":"Tattoo Supplies Shop | Mat\u00e9riel de tatouage professionnel","description":"Obtenez une consistance parfaite des pigments gr\u00e2ce \u00e0 notre kit de m\u00e9lange d'encre de tatouage. Comprend 3 agitateurs \u00e9lectriques (noir, blanc, rouge) et 400 tiges de m\u00e9lange jetables. L\u00e9ger, portable, il emp\u00eache la s\u00e9dimentation. Id\u00e9al pour les studios de tatouage professionnels aux \u00c9tats-Unis, au Royaume-Uni et dans l'Union europ\u00e9enne.","robots":{"index":"index","follow":"follow","max-snippet":"max-snippet:-1","max-image-preview":"max-image-preview:large","max-video-preview":"max-video-preview:-1"},"canonical":"https:\/\/gtartistoo.com\/fr\/boutique\/fournitures-pour-tatouage\/kit-melangeur-dencre-de-tatouage-agitateur-electrique-de-pigment-avec-400-batonnets-jetables\/","og_locale":"fr_FR","og_type":"article","og_title":"Tattoo Ink Mixer Kit - Electric Pigment Stirrer with 400 Disposable Sticks","og_description":"Achieve perfect pigment consistency with our Tattoo Ink Mixer Kit. Includes 3 electric stirrers (Black, White, Red) and 400 disposable mixing rods. Lightweight, portable, and prevents sediment. Ideal for professional tattoo studios in US, UK & EU.","og_url":"https:\/\/gtartistoo.com\/fr\/boutique\/fournitures-pour-tatouage\/kit-melangeur-dencre-de-tatouage-agitateur-electrique-de-pigment-avec-400-batonnets-jetables\/","og_site_name":"gtartistoo.com","article_modified_time":"2026-01-12T06:44:07+00:00","og_image":[{"width":1000,"height":1000,"url":"https:\/\/gtartistoo.com\/wp-content\/uploads\/2026\/01\/tattoo-ink-mixer-kit.jpg","type":"image\/jpeg"}],"twitter_card":"summary_large_image","twitter_misc":{"Disponibilit\u00e9":"En stock"},"schema":{"@context":"https:\/\/schema.org","@graph":[{"@type":"WebPage","@id":"https:\/\/gtartistoo.com\/shop\/tattoo-supplies\/tattoo-ink-mixer-kit-electric-pigment-stirrer-with-400-disposable-sticks\/","url":"https:\/\/gtartistoo.com\/shop\/tattoo-supplies\/tattoo-ink-mixer-kit-electric-pigment-stirrer-with-400-disposable-sticks\/","name":"Tattoo Supplies Shop | Mat\u00e9riel de tatouage professionnel","isPartOf":{"@id":"https:\/\/gtartistoo.com\/#website"},"primaryImageOfPage":{"@id":"https:\/\/gtartistoo.com\/shop\/tattoo-supplies\/tattoo-ink-mixer-kit-electric-pigment-stirrer-with-400-disposable-sticks\/#primaryimage"},"image":{"@id":"https:\/\/gtartistoo.com\/shop\/tattoo-supplies\/tattoo-ink-mixer-kit-electric-pigment-stirrer-with-400-disposable-sticks\/#primaryimage"},"thumbnailUrl":"https:\/\/gtartistoo.com\/wp-content\/uploads\/2026\/01\/tattoo-ink-mixer-kit.jpg","datePublished":"2026-01-06T09:34:17+00:00","dateModified":"2026-01-12T06:44:07+00:00","description":"Obtenez une consistance parfaite des pigments gr\u00e2ce \u00e0 notre kit de m\u00e9lange d'encre de tatouage. Comprend 3 agitateurs \u00e9lectriques (noir, blanc, rouge) et 400 tiges de m\u00e9lange jetables. L\u00e9ger, portable, il emp\u00eache la s\u00e9dimentation. Id\u00e9al pour les studios de tatouage professionnels aux \u00c9tats-Unis, au Royaume-Uni et dans l'Union europ\u00e9enne.","breadcrumb":{"@id":"https:\/\/gtartistoo.com\/shop\/tattoo-supplies\/tattoo-ink-mixer-kit-electric-pigment-stirrer-with-400-disposable-sticks\/#breadcrumb"},"inLanguage":"fr-FR","potentialAction":[{"@type":"ReadAction","target":["https:\/\/gtartistoo.com\/shop\/tattoo-supplies\/tattoo-ink-mixer-kit-electric-pigment-stirrer-with-400-disposable-sticks\/"]}]},{"@type":"ImageObject","inLanguage":"fr-FR","@id":"https:\/\/gtartistoo.com\/shop\/tattoo-supplies\/tattoo-ink-mixer-kit-electric-pigment-stirrer-with-400-disposable-sticks\/#primaryimage","url":"https:\/\/gtartistoo.com\/wp-content\/uploads\/2026\/01\/tattoo-ink-mixer-kit.jpg","contentUrl":"https:\/\/gtartistoo.com\/wp-content\/uploads\/2026\/01\/tattoo-ink-mixer-kit.jpg","width":1000,"height":1000,"caption":"Versatile electric ink mixers in 3 colors."},{"@type":"BreadcrumbList","@id":"https:\/\/gtartistoo.com\/shop\/tattoo-supplies\/tattoo-ink-mixer-kit-electric-pigment-stirrer-with-400-disposable-sticks\/#breadcrumb","itemListElement":[{"@type":"ListItem","position":1,"name":"Home","item":"https:\/\/gtartistoo.com\/"},{"@type":"ListItem","position":2,"name":"Shop","item":"https:\/\/gtartistoo.com\/shop\/"},{"@type":"ListItem","position":3,"name":"Tattoo Ink Mixer Kit &#8211; Electric Pigment Stirrer with 400 Disposable Sticks"}]},{"@type":"WebSite","@id":"https:\/\/gtartistoo.com\/#website","url":"https:\/\/gtartistoo.com\/","name":"gtartistoo.com","description":"","publisher":{"@id":"https:\/\/gtartistoo.com\/#organization"},"potentialAction":[{"@type":"SearchAction","target":{"@type":"EntryPoint","urlTemplate":"https:\/\/gtartistoo.com\/?s={search_term_string}"},"query-input":{"@type":"PropertyValueSpecification","valueRequired":true,"valueName":"search_term_string"}}],"inLanguage":"fr-FR"},{"@type":"Organization","@id":"https:\/\/gtartistoo.com\/#organization","name":"gtartistoo.com","url":"https:\/\/gtartistoo.com\/","logo":{"@type":"ImageObject","inLanguage":"fr-FR","@id":"https:\/\/gtartistoo.com\/#\/schema\/logo\/image\/","url":"https:\/\/gtartistoo.com\/wp-content\/uploads\/2025\/10\/logo.svg","contentUrl":"https:\/\/gtartistoo.com\/wp-content\/uploads\/2025\/10\/logo.svg","width":369,"height":124,"caption":"gtartistoo.com"},"image":{"@id":"https:\/\/gtartistoo.com\/#\/schema\/logo\/image\/"}}]},"og_availability":"instock","product_availability":"instock","product_retailer_item_id":"31111","product_condition":"new"},"_links":{"self":[{"href":"https:\/\/gtartistoo.com\/fr\/wp-json\/wp\/v2\/product\/31111","targetHints":{"allow":["GET"]}}],"collection":[{"href":"https:\/\/gtartistoo.com\/fr\/wp-json\/wp\/v2\/product"}],"about":[{"href":"https:\/\/gtartistoo.com\/fr\/wp-json\/wp\/v2\/types\/product"}],"replies":[{"embeddable":true,"href":"https:\/\/gtartistoo.com\/fr\/wp-json\/wp\/v2\/comments?post=31111"}],"version-history":[{"count":1,"href":"https:\/\/gtartistoo.com\/fr\/wp-json\/wp\/v2\/product\/31111\/revisions"}],"predecessor-version":[{"id":31121,"href":"https:\/\/gtartistoo.com\/fr\/wp-json\/wp\/v2\/product\/31111\/revisions\/31121"}],"wp:featuredmedia":[{"embeddable":true,"href":"https:\/\/gtartistoo.com\/fr\/wp-json\/wp\/v2\/media\/31119"}],"wp:attachment":[{"href":"https:\/\/gtartistoo.com\/fr\/wp-json\/wp\/v2\/media?parent=31111"}],"wp:term":[{"taxonomy":"product_brand","embeddable":true,"href":"https:\/\/gtartistoo.com\/fr\/wp-json\/wp\/v2\/product_brand?post=31111"},{"taxonomy":"product_cat","embeddable":true,"href":"https:\/\/gtartistoo.com\/fr\/wp-json\/wp\/v2\/product_cat?post=31111"},{"taxonomy":"product_tag","embeddable":true,"href":"https:\/\/gtartistoo.com\/fr\/wp-json\/wp\/v2\/product_tag?post=31111"}],"curies":[{"name":"wp","href":"https:\/\/api.w.org\/{rel}","templated":true}]}}