{"id":31139,"date":"2026-01-08T09:53:08","date_gmt":"2026-01-08T09:53:08","guid":{"rendered":"https:\/\/gtartistoo.com\/?post_type=product&#038;p=31139"},"modified":"2026-01-23T08:11:27","modified_gmt":"2026-01-23T08:11:27","slug":"gobelets-dencre-de-tatouage-en-nid-dabeille-gobelets-de-pigment-a-emboitement-200pcs","status":"publish","type":"product","link":"https:\/\/gtartistoo.com\/fr\/boutique\/fournitures-pour-tatouage\/materiel-de-tatouage-jetable\/gobelets-dencre-de-tatouage-en-nid-dabeille-gobelets-de-pigment-a-emboitement-200pcs\/","title":{"rendered":"Gobelets d'encre de tatouage en nid d'abeille - Gobelets de pigment \u00e0 embo\u00eetement (200pcs)"},"content":{"rendered":"<h4 data-start=\"1595\" data-end=\"1687\"><strong data-start=\"1600\" data-end=\"1687\">Gobelets d'encre de tatouage en nid d'abeille - Gobelets de pigment \u00e0 embo\u00eetement jetables pour les artistes tatoueurs<\/strong><\/h4>\n<p data-start=\"1689\" data-end=\"2006\">Ces <strong data-start=\"1695\" data-end=\"1724\">gobelets d'encre de tatouage en nid d'abeille<\/strong> sont con\u00e7us pour les tatoueurs professionnels et les d\u00e9butants qui ont besoin d'un contr\u00f4le stable, propre et efficace de l'encre pendant les s\u00e9ances de tatouage. Les <strong data-start=\"1862\" data-end=\"1895\">nid d'abeilles \u00e0 embo\u00eetement<\/strong> permet \u00e0 plusieurs godets d'encre de tatouage de se connecter en toute s\u00e9curit\u00e9, r\u00e9duisant ainsi les d\u00e9versements et les mouvements ind\u00e9sirables sur le poste de travail.<\/p>\n<h3 data-start=\"2013\" data-end=\"2062\"><strong data-start=\"2017\" data-end=\"2062\">Caract\u00e9ristiques principales des godets d'encre de tatouage en nid d'abeille<\/strong><\/h3>\n<ul data-start=\"2064\" data-end=\"2577\">\n<li data-start=\"2064\" data-end=\"2175\">\n<p data-start=\"2066\" data-end=\"2175\"><strong data-start=\"2066\" data-end=\"2099\">Design en nid d'abeille \u00e0 embo\u00eetement<\/strong> - Les godets d'encre de tatouage sont reli\u00e9s entre eux pour am\u00e9liorer la stabilit\u00e9 et l'organisation.<\/p>\n<\/li>\n<li data-start=\"2176\" data-end=\"2266\">\n<p data-start=\"2178\" data-end=\"2266\"><strong data-start=\"2178\" data-end=\"2207\">Structure r\u00e9sistante aux d\u00e9versements<\/strong> - Aide \u00e0 pr\u00e9venir le renversement de l'encre pendant les longues s\u00e9ances de tatouage.<\/p>\n<\/li>\n<li data-start=\"2267\" data-end=\"2356\">\n<p data-start=\"2269\" data-end=\"2356\"><strong data-start=\"2269\" data-end=\"2297\">Bords lisses et sans bavures<\/strong> - Sans danger pour les gants et les mains, r\u00e9duisant les dommages accidentels.<\/p>\n<\/li>\n<li data-start=\"2357\" data-end=\"2474\">\n<p data-start=\"2359\" data-end=\"2474\"><strong data-start=\"2359\" data-end=\"2384\">Jetable et hygi\u00e9nique<\/strong> - Les gobelets d'encre de tatouage \u00e0 usage unique permettent de maintenir un environnement propre et professionnel dans le studio.<\/p>\n<\/li>\n<\/ul>\n<ul data-start=\"2064\" data-end=\"2577\">\n<li data-start=\"2475\" data-end=\"2577\">\n<p data-start=\"2477\" data-end=\"2577\"><strong data-start=\"2477\" data-end=\"2507\">Qualit\u00e9 professionnelle<\/strong> - Convient pour une utilisation quotidienne dans les studios de tatouage et les environnements de formation.<\/p>\n<\/li>\n<\/ul>\n<h3 data-start=\"2584\" data-end=\"2646\"><strong data-start=\"2588\" data-end=\"2646\">Coupes de pigment de tatouage pour les d\u00e9butants et les professionnels<\/strong><\/h3>\n<p data-start=\"2648\" data-end=\"2695\">Ces gobelets d'encre de tatouage jetables sont id\u00e9aux pour :<\/p>\n<ul data-start=\"2696\" data-end=\"2908\">\n<li data-start=\"2696\" data-end=\"2752\">\n<p data-start=\"2698\" data-end=\"2752\">Tatoueurs professionnels g\u00e9rant plusieurs couleurs<\/p>\n<\/li>\n<li data-start=\"2753\" data-end=\"2795\">\n<p data-start=\"2755\" data-end=\"2795\">D\u00e9butants s'exer\u00e7ant aux techniques de tatouage<\/p>\n<\/li>\n<li data-start=\"2796\" data-end=\"2848\">\n<p data-start=\"2798\" data-end=\"2848\">Des studios de tatouage ax\u00e9s sur l'hygi\u00e8ne et l'efficacit\u00e9<\/p>\n<\/li>\n<li data-start=\"2849\" data-end=\"2908\">\n<p data-start=\"2851\" data-end=\"2908\">S\u00e9ances de tatouage de longue dur\u00e9e n\u00e9cessitant un placement stable des pigments<\/p>\n<\/li>\n<\/ul>\n<h3 data-start=\"2915\" data-end=\"2937\"><strong data-start=\"2919\" data-end=\"2937\">Sp\u00e9cifications<\/strong><\/h3>\n<ul data-start=\"2939\" data-end=\"3170\">\n<li data-start=\"2939\" data-end=\"2983\">\n<p data-start=\"2941\" data-end=\"2983\"><strong data-start=\"2941\" data-end=\"2950\">Type :<\/strong> Coupes d'encre de tatouage \/ coupes de pigments<\/p>\n<\/li>\n<li data-start=\"2984\" data-end=\"3032\">\n<p data-start=\"2986\" data-end=\"3032\"><strong data-start=\"2986\" data-end=\"2997\">Conception :<\/strong> Structure d'embo\u00eetement en nid d'abeille<\/p>\n<\/li>\n<li data-start=\"3033\" data-end=\"3065\">\n<p data-start=\"3035\" data-end=\"3065\"><strong data-start=\"3035\" data-end=\"3048\">Capacit\u00e9 :<\/strong> 2,8 ml par tasse<\/p>\n<\/li>\n<li data-start=\"3066\" data-end=\"3101\">\n<p data-start=\"3068\" data-end=\"3101\"><strong data-start=\"3068\" data-end=\"3077\">Taille :<\/strong> 16 mm (L) \u00d7 19 mm (H)<\/p>\n<\/li>\n<li data-start=\"3102\" data-end=\"3136\">\n<p data-start=\"3104\" data-end=\"3136\"><strong data-start=\"3104\" data-end=\"3117\">Quantit\u00e9 :<\/strong> 200 pi\u00e8ces par paquet<\/p>\n<\/li>\n<li data-start=\"3137\" data-end=\"3170\">\n<p data-start=\"3139\" data-end=\"3170\"><strong data-start=\"3139\" data-end=\"3152\">Mat\u00e9riau :<\/strong> Plastique durable<\/p>\n<\/li>\n<\/ul>","protected":false},"excerpt":{"rendered":"<p>Encre de tatouage professionnelle en nid d'abeille avec des bords lisses et sans bavures.<br \/>\nLa conception \u00e0 embo\u00eetement emp\u00eache les basculements et les d\u00e9versements d'encre. Emballage de 200 pi\u00e8ces, id\u00e9al pour les studios de tatouage.<\/p>","protected":false},"featured_media":31163,"comment_status":"open","ping_status":"closed","template":"","meta":[],"product_brand":[71],"product_cat":[307,351,83],"product_tag":[293,295,292,294,270],"class_list":{"0":"post-31139","1":"product","2":"type-product","3":"status-publish","4":"has-post-thumbnail","6":"product_brand-gtartistoo","7":"product_cat-disposable-tattoo-supplies","8":"product_cat-tattoo-ink-cups-holders","9":"product_cat-tattoo-supplies","10":"product_tag-honeycomb-tattoo-ink-cups","11":"product_tag-professional-tattoo-accessories","12":"product_tag-tattoo-ink-cups","13":"product_tag-tattoo-pigment-cups","14":"product_tag-tattoo-supplies","16":"first","17":"instock","18":"sale","19":"taxable","20":"shipping-taxable","21":"purchasable","22":"product-type-variable"},"yoast_head":"<!-- This site is optimized with the Yoast SEO Premium plugin v26.2 (Yoast SEO v26.2) - https:\/\/yoast.com\/wordpress\/plugins\/seo\/ -->\n<title>Tattoo Ink Cups Honeycomb | Interlocking 200pcs<\/title>\n<meta name=\"description\" content=\"Professional honeycomb tattoo ink cups with smooth edges and interlocking design. Stable, hygienic, and perfect for studio use. 200pcs set.\" \/>\n<meta name=\"robots\" content=\"index, follow, max-snippet:-1, max-image-preview:large, max-video-preview:-1\" \/>\n<link rel=\"canonical\" href=\"https:\/\/gtartistoo.com\/fr\/boutique\/fournitures-pour-tatouage\/materiel-de-tatouage-jetable\/gobelets-dencre-de-tatouage-en-nid-dabeille-gobelets-de-pigment-a-emboitement-200pcs\/\" \/>\n<meta property=\"og:locale\" content=\"fr_FR\" \/>\n<meta property=\"og:type\" content=\"article\" \/>\n<meta property=\"og:title\" content=\"Honeycomb Tattoo Ink Cups \u2013 Interlocking Pigment Cups (200pcs)\" \/>\n<meta property=\"og:description\" content=\"Professional honeycomb tattoo ink cups with smooth edges and interlocking design. Stable, hygienic, and perfect for studio use. 200pcs set.\" \/>\n<meta property=\"og:url\" content=\"https:\/\/gtartistoo.com\/fr\/boutique\/fournitures-pour-tatouage\/materiel-de-tatouage-jetable\/gobelets-dencre-de-tatouage-en-nid-dabeille-gobelets-de-pigment-a-emboitement-200pcs\/\" \/>\n<meta property=\"og:site_name\" content=\"gtartistoo.com\" \/>\n<meta property=\"article:modified_time\" content=\"2026-01-23T08:11:27+00:00\" \/>\n<meta property=\"og:image\" content=\"https:\/\/gtartistoo.com\/wp-content\/uploads\/2026\/01\/honeycomb-tattoo-ink-cups-interlocking-200pcs-0.jpg\" \/>\n\t<meta property=\"og:image:width\" content=\"1920\" \/>\n\t<meta property=\"og:image:height\" content=\"1920\" \/>\n\t<meta property=\"og:image:type\" content=\"image\/jpeg\" \/>\n<meta name=\"twitter:card\" content=\"summary_large_image\" \/>\n<meta name=\"twitter:label1\" content=\"Disponibilit\u00e9\" \/>\n\t<meta name=\"twitter:data1\" content=\"En stock\" \/>\n<script type=\"application\/ld+json\" class=\"yoast-schema-graph\">{\"@context\":\"https:\/\/schema.org\",\"@graph\":[{\"@type\":\"WebPage\",\"@id\":\"https:\/\/gtartistoo.com\/shop\/tattoo-supplies\/disposable-tattoo-supplies\/honeycomb-tattoo-ink-cups-interlocking-pigment-cups-200pcs\/\",\"url\":\"https:\/\/gtartistoo.com\/shop\/tattoo-supplies\/disposable-tattoo-supplies\/honeycomb-tattoo-ink-cups-interlocking-pigment-cups-200pcs\/\",\"name\":\"Tattoo Ink Cups Honeycomb | Interlocking 200pcs\",\"isPartOf\":{\"@id\":\"https:\/\/gtartistoo.com\/#website\"},\"primaryImageOfPage\":{\"@id\":\"https:\/\/gtartistoo.com\/shop\/tattoo-supplies\/disposable-tattoo-supplies\/honeycomb-tattoo-ink-cups-interlocking-pigment-cups-200pcs\/#primaryimage\"},\"image\":{\"@id\":\"https:\/\/gtartistoo.com\/shop\/tattoo-supplies\/disposable-tattoo-supplies\/honeycomb-tattoo-ink-cups-interlocking-pigment-cups-200pcs\/#primaryimage\"},\"thumbnailUrl\":\"https:\/\/gtartistoo.com\/wp-content\/uploads\/2026\/01\/honeycomb-tattoo-ink-cups-interlocking-200pcs-0.jpg\",\"datePublished\":\"2026-01-08T09:53:08+00:00\",\"dateModified\":\"2026-01-23T08:11:27+00:00\",\"description\":\"Professional honeycomb tattoo ink cups with smooth edges and interlocking design. Stable, hygienic, and perfect for studio use. 200pcs set.\",\"breadcrumb\":{\"@id\":\"https:\/\/gtartistoo.com\/shop\/tattoo-supplies\/disposable-tattoo-supplies\/honeycomb-tattoo-ink-cups-interlocking-pigment-cups-200pcs\/#breadcrumb\"},\"inLanguage\":\"fr-FR\",\"potentialAction\":[{\"@type\":\"ReadAction\",\"target\":[\"https:\/\/gtartistoo.com\/shop\/tattoo-supplies\/disposable-tattoo-supplies\/honeycomb-tattoo-ink-cups-interlocking-pigment-cups-200pcs\/\"]}]},{\"@type\":\"ImageObject\",\"inLanguage\":\"fr-FR\",\"@id\":\"https:\/\/gtartistoo.com\/shop\/tattoo-supplies\/disposable-tattoo-supplies\/honeycomb-tattoo-ink-cups-interlocking-pigment-cups-200pcs\/#primaryimage\",\"url\":\"https:\/\/gtartistoo.com\/wp-content\/uploads\/2026\/01\/honeycomb-tattoo-ink-cups-interlocking-200pcs-0.jpg\",\"contentUrl\":\"https:\/\/gtartistoo.com\/wp-content\/uploads\/2026\/01\/honeycomb-tattoo-ink-cups-interlocking-200pcs-0.jpg\",\"width\":1920,\"height\":1920},{\"@type\":\"BreadcrumbList\",\"@id\":\"https:\/\/gtartistoo.com\/shop\/tattoo-supplies\/disposable-tattoo-supplies\/honeycomb-tattoo-ink-cups-interlocking-pigment-cups-200pcs\/#breadcrumb\",\"itemListElement\":[{\"@type\":\"ListItem\",\"position\":1,\"name\":\"Home\",\"item\":\"https:\/\/gtartistoo.com\/\"},{\"@type\":\"ListItem\",\"position\":2,\"name\":\"Shop\",\"item\":\"https:\/\/gtartistoo.com\/shop\/\"},{\"@type\":\"ListItem\",\"position\":3,\"name\":\"Honeycomb Tattoo Ink Cups \u2013 Interlocking Pigment Cups (200pcs)\"}]},{\"@type\":\"WebSite\",\"@id\":\"https:\/\/gtartistoo.com\/#website\",\"url\":\"https:\/\/gtartistoo.com\/\",\"name\":\"gtartistoo.com\",\"description\":\"\",\"publisher\":{\"@id\":\"https:\/\/gtartistoo.com\/#organization\"},\"potentialAction\":[{\"@type\":\"SearchAction\",\"target\":{\"@type\":\"EntryPoint\",\"urlTemplate\":\"https:\/\/gtartistoo.com\/?s={search_term_string}\"},\"query-input\":{\"@type\":\"PropertyValueSpecification\",\"valueRequired\":true,\"valueName\":\"search_term_string\"}}],\"inLanguage\":\"fr-FR\"},{\"@type\":\"Organization\",\"@id\":\"https:\/\/gtartistoo.com\/#organization\",\"name\":\"gtartistoo.com\",\"url\":\"https:\/\/gtartistoo.com\/\",\"logo\":{\"@type\":\"ImageObject\",\"inLanguage\":\"fr-FR\",\"@id\":\"https:\/\/gtartistoo.com\/#\/schema\/logo\/image\/\",\"url\":\"https:\/\/gtartistoo.com\/wp-content\/uploads\/2025\/10\/logo.svg\",\"contentUrl\":\"https:\/\/gtartistoo.com\/wp-content\/uploads\/2025\/10\/logo.svg\",\"width\":369,\"height\":124,\"caption\":\"gtartistoo.com\"},\"image\":{\"@id\":\"https:\/\/gtartistoo.com\/#\/schema\/logo\/image\/\"}}]}<\/script>\n<meta property=\"og:availability\" content=\"instock\" \/>\n<meta property=\"product:availability\" content=\"instock\" \/>\n<meta property=\"product:retailer_item_id\" content=\"31139\" \/>\n<meta property=\"product:condition\" content=\"new\" \/>\n<!-- \/ Yoast SEO Premium plugin. -->","yoast_head_json":{"title":"Tattoo Ink Cups Honeycomb | Interlocking 200pcs","description":"Gobelets professionnels en nid d'abeille pour l'encre de tatouage, avec des bords lisses et un design \u00e0 embo\u00eetement. Stables, hygi\u00e9niques et parfaits pour une utilisation en studio. Ensemble de 200 pi\u00e8ces.","robots":{"index":"index","follow":"follow","max-snippet":"max-snippet:-1","max-image-preview":"max-image-preview:large","max-video-preview":"max-video-preview:-1"},"canonical":"https:\/\/gtartistoo.com\/fr\/boutique\/fournitures-pour-tatouage\/materiel-de-tatouage-jetable\/gobelets-dencre-de-tatouage-en-nid-dabeille-gobelets-de-pigment-a-emboitement-200pcs\/","og_locale":"fr_FR","og_type":"article","og_title":"Honeycomb Tattoo Ink Cups \u2013 Interlocking Pigment Cups (200pcs)","og_description":"Professional honeycomb tattoo ink cups with smooth edges and interlocking design. Stable, hygienic, and perfect for studio use. 200pcs set.","og_url":"https:\/\/gtartistoo.com\/fr\/boutique\/fournitures-pour-tatouage\/materiel-de-tatouage-jetable\/gobelets-dencre-de-tatouage-en-nid-dabeille-gobelets-de-pigment-a-emboitement-200pcs\/","og_site_name":"gtartistoo.com","article_modified_time":"2026-01-23T08:11:27+00:00","og_image":[{"width":1920,"height":1920,"url":"https:\/\/gtartistoo.com\/wp-content\/uploads\/2026\/01\/honeycomb-tattoo-ink-cups-interlocking-200pcs-0.jpg","type":"image\/jpeg"}],"twitter_card":"summary_large_image","twitter_misc":{"Disponibilit\u00e9":"En stock"},"schema":{"@context":"https:\/\/schema.org","@graph":[{"@type":"WebPage","@id":"https:\/\/gtartistoo.com\/shop\/tattoo-supplies\/disposable-tattoo-supplies\/honeycomb-tattoo-ink-cups-interlocking-pigment-cups-200pcs\/","url":"https:\/\/gtartistoo.com\/shop\/tattoo-supplies\/disposable-tattoo-supplies\/honeycomb-tattoo-ink-cups-interlocking-pigment-cups-200pcs\/","name":"Tattoo Ink Cups Honeycomb | Interlocking 200pcs","isPartOf":{"@id":"https:\/\/gtartistoo.com\/#website"},"primaryImageOfPage":{"@id":"https:\/\/gtartistoo.com\/shop\/tattoo-supplies\/disposable-tattoo-supplies\/honeycomb-tattoo-ink-cups-interlocking-pigment-cups-200pcs\/#primaryimage"},"image":{"@id":"https:\/\/gtartistoo.com\/shop\/tattoo-supplies\/disposable-tattoo-supplies\/honeycomb-tattoo-ink-cups-interlocking-pigment-cups-200pcs\/#primaryimage"},"thumbnailUrl":"https:\/\/gtartistoo.com\/wp-content\/uploads\/2026\/01\/honeycomb-tattoo-ink-cups-interlocking-200pcs-0.jpg","datePublished":"2026-01-08T09:53:08+00:00","dateModified":"2026-01-23T08:11:27+00:00","description":"Gobelets professionnels en nid d'abeille pour l'encre de tatouage, avec des bords lisses et un design \u00e0 embo\u00eetement. Stables, hygi\u00e9niques et parfaits pour une utilisation en studio. Ensemble de 200 pi\u00e8ces.","breadcrumb":{"@id":"https:\/\/gtartistoo.com\/shop\/tattoo-supplies\/disposable-tattoo-supplies\/honeycomb-tattoo-ink-cups-interlocking-pigment-cups-200pcs\/#breadcrumb"},"inLanguage":"fr-FR","potentialAction":[{"@type":"ReadAction","target":["https:\/\/gtartistoo.com\/shop\/tattoo-supplies\/disposable-tattoo-supplies\/honeycomb-tattoo-ink-cups-interlocking-pigment-cups-200pcs\/"]}]},{"@type":"ImageObject","inLanguage":"fr-FR","@id":"https:\/\/gtartistoo.com\/shop\/tattoo-supplies\/disposable-tattoo-supplies\/honeycomb-tattoo-ink-cups-interlocking-pigment-cups-200pcs\/#primaryimage","url":"https:\/\/gtartistoo.com\/wp-content\/uploads\/2026\/01\/honeycomb-tattoo-ink-cups-interlocking-200pcs-0.jpg","contentUrl":"https:\/\/gtartistoo.com\/wp-content\/uploads\/2026\/01\/honeycomb-tattoo-ink-cups-interlocking-200pcs-0.jpg","width":1920,"height":1920},{"@type":"BreadcrumbList","@id":"https:\/\/gtartistoo.com\/shop\/tattoo-supplies\/disposable-tattoo-supplies\/honeycomb-tattoo-ink-cups-interlocking-pigment-cups-200pcs\/#breadcrumb","itemListElement":[{"@type":"ListItem","position":1,"name":"Home","item":"https:\/\/gtartistoo.com\/"},{"@type":"ListItem","position":2,"name":"Shop","item":"https:\/\/gtartistoo.com\/shop\/"},{"@type":"ListItem","position":3,"name":"Honeycomb Tattoo Ink Cups \u2013 Interlocking Pigment Cups (200pcs)"}]},{"@type":"WebSite","@id":"https:\/\/gtartistoo.com\/#website","url":"https:\/\/gtartistoo.com\/","name":"gtartistoo.com","description":"","publisher":{"@id":"https:\/\/gtartistoo.com\/#organization"},"potentialAction":[{"@type":"SearchAction","target":{"@type":"EntryPoint","urlTemplate":"https:\/\/gtartistoo.com\/?s={search_term_string}"},"query-input":{"@type":"PropertyValueSpecification","valueRequired":true,"valueName":"search_term_string"}}],"inLanguage":"fr-FR"},{"@type":"Organization","@id":"https:\/\/gtartistoo.com\/#organization","name":"gtartistoo.com","url":"https:\/\/gtartistoo.com\/","logo":{"@type":"ImageObject","inLanguage":"fr-FR","@id":"https:\/\/gtartistoo.com\/#\/schema\/logo\/image\/","url":"https:\/\/gtartistoo.com\/wp-content\/uploads\/2025\/10\/logo.svg","contentUrl":"https:\/\/gtartistoo.com\/wp-content\/uploads\/2025\/10\/logo.svg","width":369,"height":124,"caption":"gtartistoo.com"},"image":{"@id":"https:\/\/gtartistoo.com\/#\/schema\/logo\/image\/"}}]},"og_availability":"instock","product_availability":"instock","product_retailer_item_id":"31139","product_condition":"new"},"_links":{"self":[{"href":"https:\/\/gtartistoo.com\/fr\/wp-json\/wp\/v2\/product\/31139","targetHints":{"allow":["GET"]}}],"collection":[{"href":"https:\/\/gtartistoo.com\/fr\/wp-json\/wp\/v2\/product"}],"about":[{"href":"https:\/\/gtartistoo.com\/fr\/wp-json\/wp\/v2\/types\/product"}],"replies":[{"embeddable":true,"href":"https:\/\/gtartistoo.com\/fr\/wp-json\/wp\/v2\/comments?post=31139"}],"version-history":[{"count":3,"href":"https:\/\/gtartistoo.com\/fr\/wp-json\/wp\/v2\/product\/31139\/revisions"}],"predecessor-version":[{"id":31171,"href":"https:\/\/gtartistoo.com\/fr\/wp-json\/wp\/v2\/product\/31139\/revisions\/31171"}],"wp:featuredmedia":[{"embeddable":true,"href":"https:\/\/gtartistoo.com\/fr\/wp-json\/wp\/v2\/media\/31163"}],"wp:attachment":[{"href":"https:\/\/gtartistoo.com\/fr\/wp-json\/wp\/v2\/media?parent=31139"}],"wp:term":[{"taxonomy":"product_brand","embeddable":true,"href":"https:\/\/gtartistoo.com\/fr\/wp-json\/wp\/v2\/product_brand?post=31139"},{"taxonomy":"product_cat","embeddable":true,"href":"https:\/\/gtartistoo.com\/fr\/wp-json\/wp\/v2\/product_cat?post=31139"},{"taxonomy":"product_tag","embeddable":true,"href":"https:\/\/gtartistoo.com\/fr\/wp-json\/wp\/v2\/product_tag?post=31139"}],"curies":[{"name":"wp","href":"https:\/\/api.w.org\/{rel}","templated":true}]}}