{"id":31289,"date":"2026-01-13T09:09:21","date_gmt":"2026-01-13T09:09:21","guid":{"rendered":"https:\/\/gtartistoo.com\/?post_type=product&#038;p=31289"},"modified":"2026-01-23T07:59:47","modified_gmt":"2026-01-23T07:59:47","slug":"cartouche-de-tatouage-jetable-support-daiguille-20pcs","status":"publish","type":"product","link":"https:\/\/gtartistoo.com\/fr\/boutique\/fournitures-pour-tatouage\/materiel-de-tatouage-jetable\/cartouche-de-tatouage-jetable-support-daiguille-20pcs\/","title":{"rendered":"Porte-aiguille pour cartouche de tatouage jetable - 20PCS"},"content":{"rendered":"<h3 data-start=\"515\" data-end=\"575\">Support de cartouche de tatouage pour le tatouage professionnel<\/h3>\n<p data-start=\"577\" data-end=\"897\">Le pr\u00e9sent <strong data-start=\"582\" data-end=\"613\">porte-gobelet pour cartouche de tatouage<\/strong> est con\u00e7u pour les artistes qui ont besoin d'une solution propre, stable et jetable pour organiser les aiguilles \u00e0 cartouche pendant les s\u00e9ances de tatouage. Fabriqu\u00e9 en plastique transparent durable, ce porte-cartouches jetable permet de r\u00e9duire la contamination crois\u00e9e tout en maintenant votre poste de travail propre et efficace.<\/p>\n<p data-start=\"899\" data-end=\"1106\">Id\u00e9al pour les studios professionnels et les apprentis, ce produit permet de placer les aiguilles des cartouches \u00e0 la verticale dans un gobelet de rin\u00e7age, ce qui rend le nettoyage des aiguilles, le changement d'encre et les transitions de flux de travail plus rapides et plus s\u00fbrs.<\/p>\n<h2 data-start=\"1113\" data-end=\"1158\">Con\u00e7u pour l'organisation des aiguilles de cartouches<\/h2>\n<p data-start=\"1160\" data-end=\"1439\">Contrairement aux gobelets d'encre traditionnels, cette <strong data-start=\"1194\" data-end=\"1221\">porte-aiguille de la cartouche<\/strong> est sp\u00e9cialement con\u00e7u pour supporter les cartouches de tatouage int\u00e9gr\u00e9es. Il maintient les aiguilles en position s\u00fbre pendant le rin\u00e7age ou le repos entre les changements de couleur, minimisant ainsi les d\u00e9versements accidentels et le contact avec les surfaces contamin\u00e9es.<\/p>\n<h2 data-start=\"1446\" data-end=\"1483\">Jetable, hygi\u00e9nique et facile \u00e0 utiliser<\/h2>\n<p data-start=\"1485\" data-end=\"1705\">En tant que <strong data-start=\"1490\" data-end=\"1522\">porte-gobelet jetable pour tatouage<\/strong>, En outre, il \u00e9limine le besoin de nettoyage et de st\u00e9rilisation apr\u00e8s chaque s\u00e9ance. Il suffit de l'utiliser une fois et de le jeter, ce qui permet de respecter les normes d'hygi\u00e8ne et de gagner du temps lors de l'installation et de la d\u00e9sinstallation.<\/p>\n<h2 data-start=\"1712\" data-end=\"1737\">Sp\u00e9cifications des produits<\/h2>\n<ul data-start=\"1739\" data-end=\"1895\">\n<li data-start=\"1739\" data-end=\"1764\">\n<p data-start=\"1741\" data-end=\"1764\"><strong data-start=\"1741\" data-end=\"1754\">Mat\u00e9riau :<\/strong> Plastique<\/p>\n<\/li>\n<li data-start=\"1765\" data-end=\"1810\">\n<p data-start=\"1767\" data-end=\"1810\"><strong data-start=\"1767\" data-end=\"1783\">Application :<\/strong> Aiguilles pour cartouches de tatouage<\/p>\n<\/li>\n<li data-start=\"1811\" data-end=\"1835\">\n<p data-start=\"1813\" data-end=\"1835\"><strong data-start=\"1813\" data-end=\"1822\">Type :<\/strong> Jetable<\/p>\n<\/li>\n<li data-start=\"1836\" data-end=\"1862\">\n<p data-start=\"1838\" data-end=\"1862\"><strong data-start=\"1838\" data-end=\"1847\">Taille :<\/strong> 5,5 \u00d7 6,5 cm<\/p>\n<\/li>\n<li data-start=\"1863\" data-end=\"1895\">\n<p data-start=\"1865\" data-end=\"1895\"><strong data-start=\"1865\" data-end=\"1878\">Quantit\u00e9 :<\/strong> 20 pi\u00e8ces par bo\u00eete<\/p>\n<\/li>\n<\/ul>\n<h2 data-start=\"1902\" data-end=\"1945\">Convient aux studios de tatouage professionnels<\/h2>\n<p data-start=\"1947\" data-end=\"2157\">Ce support de cartouche de tatouage convient \u00e0 l'utilisation quotidienne en studio, aux artistes invit\u00e9s, aux conventions et aux environnements de formation. Il fonctionne avec la plupart des marques d'aiguilles de cartouches standard et s'adapte facilement aux installations de rin\u00e7age courantes.<\/p>\n<p data-start=\"2159\" data-end=\"2333\">Si vous recherchez un moyen simple et efficace de g\u00e9rer les aiguilles de cartouches tout en conservant un espace de travail propre, ce porte-gobelet pour cartouches jetables est un choix pratique.<\/p>","protected":false},"excerpt":{"rendered":"<p>Tattoo Cartridge Cup Holder for Professional Tattoo Work This tattoo cartridge cup holder is designed for artists who need a<\/p>","protected":false},"featured_media":31291,"comment_status":"open","ping_status":"closed","template":"","meta":[],"product_brand":[],"product_cat":[307,351,83],"product_tag":[335,334,333],"class_list":{"0":"post-31289","1":"product","2":"type-product","3":"status-publish","4":"has-post-thumbnail","6":"product_cat-disposable-tattoo-supplies","7":"product_cat-tattoo-ink-cups-holders","8":"product_cat-tattoo-supplies","9":"product_tag-needle-rinse-cup","10":"product_tag-tattoo-cartridge-holder","11":"product_tag-tattoo-workstation-accessories","13":"first","14":"instock","15":"sale","16":"taxable","17":"shipping-taxable","18":"purchasable","19":"product-type-simple"},"yoast_head":"<!-- This site is optimized with the Yoast SEO Premium plugin v26.2 (Yoast SEO v26.2) - https:\/\/yoast.com\/wordpress\/plugins\/seo\/ -->\n<title>Tattoo Cartridge Cup Holder | Disposable Needle Stand<\/title>\n<meta name=\"description\" content=\"Disposable tattoo cartridge cup holder for clean needle placement and rinsing. Hygienic, stable, and ideal for professional tattoo setups.\" \/>\n<meta name=\"robots\" content=\"index, follow, max-snippet:-1, max-image-preview:large, max-video-preview:-1\" \/>\n<link rel=\"canonical\" href=\"https:\/\/gtartistoo.com\/fr\/boutique\/fournitures-pour-tatouage\/materiel-de-tatouage-jetable\/cartouche-de-tatouage-jetable-support-daiguille-20pcs\/\" \/>\n<meta property=\"og:locale\" content=\"fr_FR\" \/>\n<meta property=\"og:type\" content=\"article\" \/>\n<meta property=\"og:title\" content=\"Disposable Tattoo Cartridge Needle Holder Cup \u2013 20PCS\" \/>\n<meta property=\"og:description\" content=\"Disposable tattoo cartridge cup holder for clean needle placement and rinsing. Hygienic, stable, and ideal for professional tattoo setups.\" \/>\n<meta property=\"og:url\" content=\"https:\/\/gtartistoo.com\/fr\/boutique\/fournitures-pour-tatouage\/materiel-de-tatouage-jetable\/cartouche-de-tatouage-jetable-support-daiguille-20pcs\/\" \/>\n<meta property=\"og:site_name\" content=\"gtartistoo.com\" \/>\n<meta property=\"article:modified_time\" content=\"2026-01-23T07:59:47+00:00\" \/>\n<meta property=\"og:image\" content=\"https:\/\/gtartistoo.com\/wp-content\/uploads\/2026\/01\/disposable-tattoo-cartridge-cup-holder.jpg\" \/>\n\t<meta property=\"og:image:width\" content=\"800\" \/>\n\t<meta property=\"og:image:height\" content=\"800\" \/>\n\t<meta property=\"og:image:type\" content=\"image\/jpeg\" \/>\n<meta name=\"twitter:card\" content=\"summary_large_image\" \/>\n<meta name=\"twitter:label1\" content=\"Prix\" \/>\n\t<meta name=\"twitter:data1\" content=\"7.99&#036;\" \/>\n\t<meta name=\"twitter:label2\" content=\"Disponibilit\u00e9\" \/>\n\t<meta name=\"twitter:data2\" content=\"En stock\" \/>\n<script type=\"application\/ld+json\" class=\"yoast-schema-graph\">{\"@context\":\"https:\/\/schema.org\",\"@graph\":[{\"@type\":\"WebPage\",\"@id\":\"https:\/\/gtartistoo.com\/shop\/tattoo-supplies\/disposable-tattoo-supplies\/disposable-tattoo-cartridge-needle-holder-cup-20pcs\/\",\"url\":\"https:\/\/gtartistoo.com\/shop\/tattoo-supplies\/disposable-tattoo-supplies\/disposable-tattoo-cartridge-needle-holder-cup-20pcs\/\",\"name\":\"Tattoo Cartridge Cup Holder | Disposable Needle Stand\",\"isPartOf\":{\"@id\":\"https:\/\/gtartistoo.com\/#website\"},\"primaryImageOfPage\":{\"@id\":\"https:\/\/gtartistoo.com\/shop\/tattoo-supplies\/disposable-tattoo-supplies\/disposable-tattoo-cartridge-needle-holder-cup-20pcs\/#primaryimage\"},\"image\":{\"@id\":\"https:\/\/gtartistoo.com\/shop\/tattoo-supplies\/disposable-tattoo-supplies\/disposable-tattoo-cartridge-needle-holder-cup-20pcs\/#primaryimage\"},\"thumbnailUrl\":\"https:\/\/gtartistoo.com\/wp-content\/uploads\/2026\/01\/disposable-tattoo-cartridge-cup-holder.jpg\",\"datePublished\":\"2026-01-13T09:09:21+00:00\",\"dateModified\":\"2026-01-23T07:59:47+00:00\",\"description\":\"Disposable tattoo cartridge cup holder for clean needle placement and rinsing. Hygienic, stable, and ideal for professional tattoo setups.\",\"breadcrumb\":{\"@id\":\"https:\/\/gtartistoo.com\/shop\/tattoo-supplies\/disposable-tattoo-supplies\/disposable-tattoo-cartridge-needle-holder-cup-20pcs\/#breadcrumb\"},\"inLanguage\":\"fr-FR\",\"potentialAction\":[{\"@type\":\"ReadAction\",\"target\":[\"https:\/\/gtartistoo.com\/shop\/tattoo-supplies\/disposable-tattoo-supplies\/disposable-tattoo-cartridge-needle-holder-cup-20pcs\/\"]}]},{\"@type\":\"ImageObject\",\"inLanguage\":\"fr-FR\",\"@id\":\"https:\/\/gtartistoo.com\/shop\/tattoo-supplies\/disposable-tattoo-supplies\/disposable-tattoo-cartridge-needle-holder-cup-20pcs\/#primaryimage\",\"url\":\"https:\/\/gtartistoo.com\/wp-content\/uploads\/2026\/01\/disposable-tattoo-cartridge-cup-holder.jpg\",\"contentUrl\":\"https:\/\/gtartistoo.com\/wp-content\/uploads\/2026\/01\/disposable-tattoo-cartridge-cup-holder.jpg\",\"width\":800,\"height\":800,\"caption\":\"Disposable tattoo cartridge needle holder cup with ink rinse function\"},{\"@type\":\"BreadcrumbList\",\"@id\":\"https:\/\/gtartistoo.com\/shop\/tattoo-supplies\/disposable-tattoo-supplies\/disposable-tattoo-cartridge-needle-holder-cup-20pcs\/#breadcrumb\",\"itemListElement\":[{\"@type\":\"ListItem\",\"position\":1,\"name\":\"Home\",\"item\":\"https:\/\/gtartistoo.com\/\"},{\"@type\":\"ListItem\",\"position\":2,\"name\":\"Shop\",\"item\":\"https:\/\/gtartistoo.com\/shop\/\"},{\"@type\":\"ListItem\",\"position\":3,\"name\":\"Disposable Tattoo Cartridge Needle Holder Cup \u2013 20PCS\"}]},{\"@type\":\"WebSite\",\"@id\":\"https:\/\/gtartistoo.com\/#website\",\"url\":\"https:\/\/gtartistoo.com\/\",\"name\":\"gtartistoo.com\",\"description\":\"\",\"publisher\":{\"@id\":\"https:\/\/gtartistoo.com\/#organization\"},\"potentialAction\":[{\"@type\":\"SearchAction\",\"target\":{\"@type\":\"EntryPoint\",\"urlTemplate\":\"https:\/\/gtartistoo.com\/?s={search_term_string}\"},\"query-input\":{\"@type\":\"PropertyValueSpecification\",\"valueRequired\":true,\"valueName\":\"search_term_string\"}}],\"inLanguage\":\"fr-FR\"},{\"@type\":\"Organization\",\"@id\":\"https:\/\/gtartistoo.com\/#organization\",\"name\":\"gtartistoo.com\",\"url\":\"https:\/\/gtartistoo.com\/\",\"logo\":{\"@type\":\"ImageObject\",\"inLanguage\":\"fr-FR\",\"@id\":\"https:\/\/gtartistoo.com\/#\/schema\/logo\/image\/\",\"url\":\"https:\/\/gtartistoo.com\/wp-content\/uploads\/2025\/10\/logo.svg\",\"contentUrl\":\"https:\/\/gtartistoo.com\/wp-content\/uploads\/2025\/10\/logo.svg\",\"width\":369,\"height\":124,\"caption\":\"gtartistoo.com\"},\"image\":{\"@id\":\"https:\/\/gtartistoo.com\/#\/schema\/logo\/image\/\"}}]}<\/script>\n<meta property=\"product:price:amount\" content=\"7.99\" \/>\n<meta property=\"product:price:currency\" content=\"USD\" \/>\n<meta property=\"og:availability\" content=\"instock\" \/>\n<meta property=\"product:availability\" content=\"instock\" \/>\n<meta property=\"product:retailer_item_id\" content=\"31289\" \/>\n<meta property=\"product:condition\" content=\"new\" \/>\n<!-- \/ Yoast SEO Premium plugin. -->","yoast_head_json":{"title":"Support de cartouche de tatouage | Support d'aiguille jetable","description":"Porte-cartouche de tatouage jetable pour un placement et un rin\u00e7age propres de l'aiguille. Hygi\u00e9nique, stable et id\u00e9al pour les installations de tatouage professionnelles.","robots":{"index":"index","follow":"follow","max-snippet":"max-snippet:-1","max-image-preview":"max-image-preview:large","max-video-preview":"max-video-preview:-1"},"canonical":"https:\/\/gtartistoo.com\/fr\/boutique\/fournitures-pour-tatouage\/materiel-de-tatouage-jetable\/cartouche-de-tatouage-jetable-support-daiguille-20pcs\/","og_locale":"fr_FR","og_type":"article","og_title":"Disposable Tattoo Cartridge Needle Holder Cup \u2013 20PCS","og_description":"Disposable tattoo cartridge cup holder for clean needle placement and rinsing. Hygienic, stable, and ideal for professional tattoo setups.","og_url":"https:\/\/gtartistoo.com\/fr\/boutique\/fournitures-pour-tatouage\/materiel-de-tatouage-jetable\/cartouche-de-tatouage-jetable-support-daiguille-20pcs\/","og_site_name":"gtartistoo.com","article_modified_time":"2026-01-23T07:59:47+00:00","og_image":[{"width":800,"height":800,"url":"https:\/\/gtartistoo.com\/wp-content\/uploads\/2026\/01\/disposable-tattoo-cartridge-cup-holder.jpg","type":"image\/jpeg"}],"twitter_card":"summary_large_image","twitter_misc":{"Prix":"7.99&#36;","Disponibilit\u00e9":"En stock"},"schema":{"@context":"https:\/\/schema.org","@graph":[{"@type":"WebPage","@id":"https:\/\/gtartistoo.com\/shop\/tattoo-supplies\/disposable-tattoo-supplies\/disposable-tattoo-cartridge-needle-holder-cup-20pcs\/","url":"https:\/\/gtartistoo.com\/shop\/tattoo-supplies\/disposable-tattoo-supplies\/disposable-tattoo-cartridge-needle-holder-cup-20pcs\/","name":"Support de cartouche de tatouage | Support d'aiguille jetable","isPartOf":{"@id":"https:\/\/gtartistoo.com\/#website"},"primaryImageOfPage":{"@id":"https:\/\/gtartistoo.com\/shop\/tattoo-supplies\/disposable-tattoo-supplies\/disposable-tattoo-cartridge-needle-holder-cup-20pcs\/#primaryimage"},"image":{"@id":"https:\/\/gtartistoo.com\/shop\/tattoo-supplies\/disposable-tattoo-supplies\/disposable-tattoo-cartridge-needle-holder-cup-20pcs\/#primaryimage"},"thumbnailUrl":"https:\/\/gtartistoo.com\/wp-content\/uploads\/2026\/01\/disposable-tattoo-cartridge-cup-holder.jpg","datePublished":"2026-01-13T09:09:21+00:00","dateModified":"2026-01-23T07:59:47+00:00","description":"Porte-cartouche de tatouage jetable pour un placement et un rin\u00e7age propres de l'aiguille. Hygi\u00e9nique, stable et id\u00e9al pour les installations de tatouage professionnelles.","breadcrumb":{"@id":"https:\/\/gtartistoo.com\/shop\/tattoo-supplies\/disposable-tattoo-supplies\/disposable-tattoo-cartridge-needle-holder-cup-20pcs\/#breadcrumb"},"inLanguage":"fr-FR","potentialAction":[{"@type":"ReadAction","target":["https:\/\/gtartistoo.com\/shop\/tattoo-supplies\/disposable-tattoo-supplies\/disposable-tattoo-cartridge-needle-holder-cup-20pcs\/"]}]},{"@type":"ImageObject","inLanguage":"fr-FR","@id":"https:\/\/gtartistoo.com\/shop\/tattoo-supplies\/disposable-tattoo-supplies\/disposable-tattoo-cartridge-needle-holder-cup-20pcs\/#primaryimage","url":"https:\/\/gtartistoo.com\/wp-content\/uploads\/2026\/01\/disposable-tattoo-cartridge-cup-holder.jpg","contentUrl":"https:\/\/gtartistoo.com\/wp-content\/uploads\/2026\/01\/disposable-tattoo-cartridge-cup-holder.jpg","width":800,"height":800,"caption":"Disposable tattoo cartridge needle holder cup with ink rinse function"},{"@type":"BreadcrumbList","@id":"https:\/\/gtartistoo.com\/shop\/tattoo-supplies\/disposable-tattoo-supplies\/disposable-tattoo-cartridge-needle-holder-cup-20pcs\/#breadcrumb","itemListElement":[{"@type":"ListItem","position":1,"name":"Home","item":"https:\/\/gtartistoo.com\/"},{"@type":"ListItem","position":2,"name":"Shop","item":"https:\/\/gtartistoo.com\/shop\/"},{"@type":"ListItem","position":3,"name":"Disposable Tattoo Cartridge Needle Holder Cup \u2013 20PCS"}]},{"@type":"WebSite","@id":"https:\/\/gtartistoo.com\/#website","url":"https:\/\/gtartistoo.com\/","name":"gtartistoo.com","description":"","publisher":{"@id":"https:\/\/gtartistoo.com\/#organization"},"potentialAction":[{"@type":"SearchAction","target":{"@type":"EntryPoint","urlTemplate":"https:\/\/gtartistoo.com\/?s={search_term_string}"},"query-input":{"@type":"PropertyValueSpecification","valueRequired":true,"valueName":"search_term_string"}}],"inLanguage":"fr-FR"},{"@type":"Organization","@id":"https:\/\/gtartistoo.com\/#organization","name":"gtartistoo.com","url":"https:\/\/gtartistoo.com\/","logo":{"@type":"ImageObject","inLanguage":"fr-FR","@id":"https:\/\/gtartistoo.com\/#\/schema\/logo\/image\/","url":"https:\/\/gtartistoo.com\/wp-content\/uploads\/2025\/10\/logo.svg","contentUrl":"https:\/\/gtartistoo.com\/wp-content\/uploads\/2025\/10\/logo.svg","width":369,"height":124,"caption":"gtartistoo.com"},"image":{"@id":"https:\/\/gtartistoo.com\/#\/schema\/logo\/image\/"}}]},"product_price_amount":"7.99","product_price_currency":"USD","og_availability":"instock","product_availability":"instock","product_retailer_item_id":"31289","product_condition":"new"},"_links":{"self":[{"href":"https:\/\/gtartistoo.com\/fr\/wp-json\/wp\/v2\/product\/31289","targetHints":{"allow":["GET"]}}],"collection":[{"href":"https:\/\/gtartistoo.com\/fr\/wp-json\/wp\/v2\/product"}],"about":[{"href":"https:\/\/gtartistoo.com\/fr\/wp-json\/wp\/v2\/types\/product"}],"replies":[{"embeddable":true,"href":"https:\/\/gtartistoo.com\/fr\/wp-json\/wp\/v2\/comments?post=31289"}],"version-history":[{"count":1,"href":"https:\/\/gtartistoo.com\/fr\/wp-json\/wp\/v2\/product\/31289\/revisions"}],"predecessor-version":[{"id":31295,"href":"https:\/\/gtartistoo.com\/fr\/wp-json\/wp\/v2\/product\/31289\/revisions\/31295"}],"wp:featuredmedia":[{"embeddable":true,"href":"https:\/\/gtartistoo.com\/fr\/wp-json\/wp\/v2\/media\/31291"}],"wp:attachment":[{"href":"https:\/\/gtartistoo.com\/fr\/wp-json\/wp\/v2\/media?parent=31289"}],"wp:term":[{"taxonomy":"product_brand","embeddable":true,"href":"https:\/\/gtartistoo.com\/fr\/wp-json\/wp\/v2\/product_brand?post=31289"},{"taxonomy":"product_cat","embeddable":true,"href":"https:\/\/gtartistoo.com\/fr\/wp-json\/wp\/v2\/product_cat?post=31289"},{"taxonomy":"product_tag","embeddable":true,"href":"https:\/\/gtartistoo.com\/fr\/wp-json\/wp\/v2\/product_tag?post=31289"}],"curies":[{"name":"wp","href":"https:\/\/api.w.org\/{rel}","templated":true}]}}