{"id":31321,"date":"2026-01-15T06:10:41","date_gmt":"2026-01-15T06:10:41","guid":{"rendered":"https:\/\/gtartistoo.com\/?post_type=product&#038;p=31321"},"modified":"2026-01-23T07:59:46","modified_gmt":"2026-01-23T07:59:46","slug":"gobelet-de-rincage-pour-aiguille-de-tatouage","status":"publish","type":"product","link":"https:\/\/gtartistoo.com\/fr\/boutique\/fournitures-pour-tatouage\/materiel-de-tatouage-jetable\/gobelet-de-rincage-pour-aiguille-de-tatouage\/","title":{"rendered":"Tasse de rin\u00e7age d'aiguille de tatouage jetable avec \u00e9ponge - 18pcs"},"content":{"rendered":"<h3 data-start=\"1542\" data-end=\"1593\">Gobelet de rin\u00e7age jetable pour le nettoyage des aiguilles de tatouage<\/h3>\n<p data-start=\"1595\" data-end=\"1874\">Le pr\u00e9sent <strong data-start=\"1600\" data-end=\"1627\">gobelet de rin\u00e7age pour aiguille de tatouage<\/strong> est con\u00e7u pour offrir un moyen simple et hygi\u00e9nique de nettoyer les aiguilles de tatouage pendant les s\u00e9ances. Compos\u00e9 d'un gobelet en plastique jetable et d'une \u00e9ponge absorbante, il permet aux artistes d'\u00e9liminer rapidement l'exc\u00e8s d'encre et les r\u00e9sidus entre les changements de couleur.<\/p>\n<p data-start=\"1876\" data-end=\"1980\">Sa conception compacte permet de l'int\u00e9grer facilement dans n'importe quel poste de travail de tatouage sans encombrer l'espace.<\/p>\n<hr data-start=\"1982\" data-end=\"1985\" \/>\n<h2 data-start=\"1987\" data-end=\"2030\">Nettoyage efficace pour les travaux de tatouage quotidiens<\/h2>\n<p data-start=\"2032\" data-end=\"2283\">Contrairement aux encriers standard, cette solution de rin\u00e7age jetable est optimis\u00e9e pour <strong data-start=\"2106\" data-end=\"2149\">le nettoyage des aiguilles plut\u00f4t que le stockage de l'encre<\/strong>. L'int\u00e9rieur en \u00e9ponge aide \u00e0 retenir le pigment et l'humidit\u00e9, r\u00e9duisant les \u00e9claboussures et am\u00e9liorant la propret\u00e9 g\u00e9n\u00e9rale pendant le processus de tatouage.<\/p>\n<p data-start=\"2285\" data-end=\"2405\">Il prend en charge les aiguilles traditionnelles et les syst\u00e8mes d'aiguilles \u00e0 cartouche, ce qui le rend adapt\u00e9 \u00e0 un large \u00e9ventail de configurations de tatouage.<\/p>\n<hr data-start=\"2407\" data-end=\"2410\" \/>\n<h2 data-start=\"2412\" data-end=\"2443\">Conception hygi\u00e9nique et \u00e0 usage unique<\/h2>\n<p data-start=\"2445\" data-end=\"2675\">L'utilisation d'un <strong data-start=\"2453\" data-end=\"2480\">gobelet de nettoyage jetable<\/strong> contribue \u00e0 r\u00e9duire les risques de contamination crois\u00e9e dans les environnements de tatouage professionnels. Apr\u00e8s utilisation, le gobelet peut \u00eatre jet\u00e9, ce qui \u00e9limine le besoin de lavage ou de st\u00e9rilisation et permet de gagner un temps pr\u00e9cieux lors de l'installation.<\/p>\n<p data-start=\"2677\" data-end=\"2768\">Il est donc particuli\u00e8rement utile pour les studios occup\u00e9s, les artistes invit\u00e9s et les environnements de formation.<\/p>\n<hr data-start=\"2770\" data-end=\"2773\" \/>\n<h2 data-start=\"2775\" data-end=\"2793\">D\u00e9tails du produit<\/h2>\n<ul data-start=\"2795\" data-end=\"3083\">\n<li data-start=\"2795\" data-end=\"2832\">\n<p data-start=\"2797\" data-end=\"2832\"><strong data-start=\"2797\" data-end=\"2806\">Type :<\/strong> Gobelet de nettoyage jetable<\/p>\n<\/li>\n<li data-start=\"2833\" data-end=\"2878\">\n<p data-start=\"2835\" data-end=\"2878\"><strong data-start=\"2835\" data-end=\"2848\">Mat\u00e9riau :<\/strong> Gobelet en plastique + insert en \u00e9ponge<\/p>\n<\/li>\n<li data-start=\"2879\" data-end=\"2906\">\n<p data-start=\"2881\" data-end=\"2906\"><strong data-start=\"2881\" data-end=\"2898\">Diam\u00e8tre de la coupe :<\/strong> 63 mm<\/p>\n<\/li>\n<li data-start=\"2907\" data-end=\"2941\">\n<p data-start=\"2909\" data-end=\"2941\"><strong data-start=\"2909\" data-end=\"2925\">Taille de l'\u00e9ponge :<\/strong> 50 mm \u00d7 25 mm<\/p>\n<\/li>\n<li data-start=\"2942\" data-end=\"2986\">\n<p data-start=\"2944\" data-end=\"2986\"><strong data-start=\"2944\" data-end=\"2954\">Couleur :<\/strong> Coupe transparente, \u00e9ponge blanche<\/p>\n<\/li>\n<li data-start=\"2987\" data-end=\"3020\">\n<p data-start=\"2989\" data-end=\"3020\"><strong data-start=\"2989\" data-end=\"3003\">Taille de l'emballage :<\/strong> 18 pi\u00e8ces par bo\u00eete<\/p>\n<\/li>\n<li data-start=\"3021\" data-end=\"3083\">\n<p data-start=\"3023\" data-end=\"3083\"><strong data-start=\"3023\" data-end=\"3041\">Compatibilit\u00e9 :<\/strong> Aiguilles \u00e0 cartouche et aiguilles traditionnelles<\/p>\n<\/li>\n<\/ul>\n<hr data-start=\"3085\" data-end=\"3088\" \/>\n<h2 data-start=\"3090\" data-end=\"3133\">Convient aux studios de tatouage professionnels<\/h2>\n<p data-start=\"3135\" data-end=\"3338\">Ce gobelet de rin\u00e7age est un choix pratique pour les artistes qui attachent de l'importance \u00e0 la propret\u00e9, \u00e0 l'efficacit\u00e9 et \u00e0 la coh\u00e9rence du flux de travail. Il est id\u00e9al pour les s\u00e9ances de tatouage quotidiennes, les transitions de couleurs et l'entretien des aiguilles pendant le travail.<\/p>","protected":false},"excerpt":{"rendered":"<p>Gobelet de rin\u00e7age jetable con\u00e7u pour nettoyer les aiguilles de tatouage lors des changements de couleur. Permet de garder les aiguilles propres et les flux de travail efficaces.<\/p>","protected":false},"featured_media":31323,"comment_status":"open","ping_status":"closed","template":"","meta":[],"product_brand":[],"product_cat":[307,351,83],"product_tag":[337,305,338],"class_list":{"0":"post-31321","1":"product","2":"type-product","3":"status-publish","4":"has-post-thumbnail","6":"product_cat-disposable-tattoo-supplies","7":"product_cat-tattoo-ink-cups-holders","8":"product_cat-tattoo-supplies","9":"product_tag-professional-tattoo-supplies","10":"product_tag-tattoo-needle-cleaning","11":"product_tag-tattoo-rinse-cup","13":"first","14":"instock","15":"taxable","16":"shipping-taxable","17":"purchasable","18":"product-type-simple"},"yoast_head":"<!-- This site is optimized with the Yoast SEO Premium plugin v26.2 (Yoast SEO v26.2) - https:\/\/yoast.com\/wordpress\/plugins\/seo\/ -->\n<title>Disposable Tattoo Needle Rinse Cup for Clean Sessions<\/title>\n<meta name=\"description\" content=\"Disposable tattoo needle rinse cup with absorbent sponge for fast, hygienic needle cleaning. Ideal for cartridge and traditional needles.\" \/>\n<meta name=\"robots\" content=\"index, follow, max-snippet:-1, max-image-preview:large, max-video-preview:-1\" \/>\n<link rel=\"canonical\" href=\"https:\/\/gtartistoo.com\/fr\/boutique\/fournitures-pour-tatouage\/materiel-de-tatouage-jetable\/gobelet-de-rincage-pour-aiguille-de-tatouage\/\" \/>\n<meta property=\"og:locale\" content=\"fr_FR\" \/>\n<meta property=\"og:type\" content=\"article\" \/>\n<meta property=\"og:title\" content=\"Disposable Tattoo Needle Rinse Cup with Sponge \u2013 18pcs\" \/>\n<meta property=\"og:description\" content=\"Disposable tattoo needle rinse cup with absorbent sponge for fast, hygienic needle cleaning. Ideal for cartridge and traditional needles.\" \/>\n<meta property=\"og:url\" content=\"https:\/\/gtartistoo.com\/fr\/boutique\/fournitures-pour-tatouage\/materiel-de-tatouage-jetable\/gobelet-de-rincage-pour-aiguille-de-tatouage\/\" \/>\n<meta property=\"og:site_name\" content=\"gtartistoo.com\" \/>\n<meta property=\"article:modified_time\" content=\"2026-01-23T07:59:46+00:00\" \/>\n<meta property=\"og:image\" content=\"https:\/\/gtartistoo.com\/wp-content\/uploads\/2026\/01\/tattoo-ink-wash-cup-disposable.jpg\" \/>\n\t<meta property=\"og:image:width\" content=\"800\" \/>\n\t<meta property=\"og:image:height\" content=\"800\" \/>\n\t<meta property=\"og:image:type\" content=\"image\/jpeg\" \/>\n<meta name=\"twitter:card\" content=\"summary_large_image\" \/>\n<meta name=\"twitter:label1\" content=\"Prix\" \/>\n\t<meta name=\"twitter:data1\" content=\"13.99&#036;\" \/>\n\t<meta name=\"twitter:label2\" content=\"Disponibilit\u00e9\" \/>\n\t<meta name=\"twitter:data2\" content=\"En stock\" \/>\n<script type=\"application\/ld+json\" class=\"yoast-schema-graph\">{\"@context\":\"https:\/\/schema.org\",\"@graph\":[{\"@type\":\"WebPage\",\"@id\":\"https:\/\/gtartistoo.com\/shop\/tattoo-supplies\/disposable-tattoo-supplies\/tattoo-needle-rinse-cup\/\",\"url\":\"https:\/\/gtartistoo.com\/shop\/tattoo-supplies\/disposable-tattoo-supplies\/tattoo-needle-rinse-cup\/\",\"name\":\"Disposable Tattoo Needle Rinse Cup for Clean Sessions\",\"isPartOf\":{\"@id\":\"https:\/\/gtartistoo.com\/#website\"},\"primaryImageOfPage\":{\"@id\":\"https:\/\/gtartistoo.com\/shop\/tattoo-supplies\/disposable-tattoo-supplies\/tattoo-needle-rinse-cup\/#primaryimage\"},\"image\":{\"@id\":\"https:\/\/gtartistoo.com\/shop\/tattoo-supplies\/disposable-tattoo-supplies\/tattoo-needle-rinse-cup\/#primaryimage\"},\"thumbnailUrl\":\"https:\/\/gtartistoo.com\/wp-content\/uploads\/2026\/01\/tattoo-ink-wash-cup-disposable.jpg\",\"datePublished\":\"2026-01-15T06:10:41+00:00\",\"dateModified\":\"2026-01-23T07:59:46+00:00\",\"description\":\"Disposable tattoo needle rinse cup with absorbent sponge for fast, hygienic needle cleaning. Ideal for cartridge and traditional needles.\",\"breadcrumb\":{\"@id\":\"https:\/\/gtartistoo.com\/shop\/tattoo-supplies\/disposable-tattoo-supplies\/tattoo-needle-rinse-cup\/#breadcrumb\"},\"inLanguage\":\"fr-FR\",\"potentialAction\":[{\"@type\":\"ReadAction\",\"target\":[\"https:\/\/gtartistoo.com\/shop\/tattoo-supplies\/disposable-tattoo-supplies\/tattoo-needle-rinse-cup\/\"]}]},{\"@type\":\"ImageObject\",\"inLanguage\":\"fr-FR\",\"@id\":\"https:\/\/gtartistoo.com\/shop\/tattoo-supplies\/disposable-tattoo-supplies\/tattoo-needle-rinse-cup\/#primaryimage\",\"url\":\"https:\/\/gtartistoo.com\/wp-content\/uploads\/2026\/01\/tattoo-ink-wash-cup-disposable.jpg\",\"contentUrl\":\"https:\/\/gtartistoo.com\/wp-content\/uploads\/2026\/01\/tattoo-ink-wash-cup-disposable.jpg\",\"width\":800,\"height\":800,\"caption\":\"Disposable tattoo needle rinse cup for hygienic tattoo sessions\"},{\"@type\":\"BreadcrumbList\",\"@id\":\"https:\/\/gtartistoo.com\/shop\/tattoo-supplies\/disposable-tattoo-supplies\/tattoo-needle-rinse-cup\/#breadcrumb\",\"itemListElement\":[{\"@type\":\"ListItem\",\"position\":1,\"name\":\"Home\",\"item\":\"https:\/\/gtartistoo.com\/\"},{\"@type\":\"ListItem\",\"position\":2,\"name\":\"Shop\",\"item\":\"https:\/\/gtartistoo.com\/shop\/\"},{\"@type\":\"ListItem\",\"position\":3,\"name\":\"Disposable Tattoo Needle Rinse Cup with Sponge \u2013 18pcs\"}]},{\"@type\":\"WebSite\",\"@id\":\"https:\/\/gtartistoo.com\/#website\",\"url\":\"https:\/\/gtartistoo.com\/\",\"name\":\"gtartistoo.com\",\"description\":\"\",\"publisher\":{\"@id\":\"https:\/\/gtartistoo.com\/#organization\"},\"potentialAction\":[{\"@type\":\"SearchAction\",\"target\":{\"@type\":\"EntryPoint\",\"urlTemplate\":\"https:\/\/gtartistoo.com\/?s={search_term_string}\"},\"query-input\":{\"@type\":\"PropertyValueSpecification\",\"valueRequired\":true,\"valueName\":\"search_term_string\"}}],\"inLanguage\":\"fr-FR\"},{\"@type\":\"Organization\",\"@id\":\"https:\/\/gtartistoo.com\/#organization\",\"name\":\"gtartistoo.com\",\"url\":\"https:\/\/gtartistoo.com\/\",\"logo\":{\"@type\":\"ImageObject\",\"inLanguage\":\"fr-FR\",\"@id\":\"https:\/\/gtartistoo.com\/#\/schema\/logo\/image\/\",\"url\":\"https:\/\/gtartistoo.com\/wp-content\/uploads\/2025\/10\/logo.svg\",\"contentUrl\":\"https:\/\/gtartistoo.com\/wp-content\/uploads\/2025\/10\/logo.svg\",\"width\":369,\"height\":124,\"caption\":\"gtartistoo.com\"},\"image\":{\"@id\":\"https:\/\/gtartistoo.com\/#\/schema\/logo\/image\/\"}}]}<\/script>\n<meta property=\"product:price:amount\" content=\"13.99\" \/>\n<meta property=\"product:price:currency\" content=\"USD\" \/>\n<meta property=\"og:availability\" content=\"instock\" \/>\n<meta property=\"product:availability\" content=\"instock\" \/>\n<meta property=\"product:retailer_item_id\" content=\"31321\" \/>\n<meta property=\"product:condition\" content=\"new\" \/>\n<!-- \/ Yoast SEO Premium plugin. -->","yoast_head_json":{"title":"Coupe de rin\u00e7age d'aiguille de tatouage jetable pour des s\u00e9ances propres","description":"Gobelet de rin\u00e7age jetable pour aiguilles de tatouage avec \u00e9ponge absorbante pour un nettoyage rapide et hygi\u00e9nique des aiguilles. Id\u00e9al pour les aiguilles \u00e0 cartouche et les aiguilles traditionnelles.","robots":{"index":"index","follow":"follow","max-snippet":"max-snippet:-1","max-image-preview":"max-image-preview:large","max-video-preview":"max-video-preview:-1"},"canonical":"https:\/\/gtartistoo.com\/fr\/boutique\/fournitures-pour-tatouage\/materiel-de-tatouage-jetable\/gobelet-de-rincage-pour-aiguille-de-tatouage\/","og_locale":"fr_FR","og_type":"article","og_title":"Disposable Tattoo Needle Rinse Cup with Sponge \u2013 18pcs","og_description":"Disposable tattoo needle rinse cup with absorbent sponge for fast, hygienic needle cleaning. Ideal for cartridge and traditional needles.","og_url":"https:\/\/gtartistoo.com\/fr\/boutique\/fournitures-pour-tatouage\/materiel-de-tatouage-jetable\/gobelet-de-rincage-pour-aiguille-de-tatouage\/","og_site_name":"gtartistoo.com","article_modified_time":"2026-01-23T07:59:46+00:00","og_image":[{"width":800,"height":800,"url":"https:\/\/gtartistoo.com\/wp-content\/uploads\/2026\/01\/tattoo-ink-wash-cup-disposable.jpg","type":"image\/jpeg"}],"twitter_card":"summary_large_image","twitter_misc":{"Prix":"13.99&#36;","Disponibilit\u00e9":"En stock"},"schema":{"@context":"https:\/\/schema.org","@graph":[{"@type":"WebPage","@id":"https:\/\/gtartistoo.com\/shop\/tattoo-supplies\/disposable-tattoo-supplies\/tattoo-needle-rinse-cup\/","url":"https:\/\/gtartistoo.com\/shop\/tattoo-supplies\/disposable-tattoo-supplies\/tattoo-needle-rinse-cup\/","name":"Coupe de rin\u00e7age d'aiguille de tatouage jetable pour des s\u00e9ances propres","isPartOf":{"@id":"https:\/\/gtartistoo.com\/#website"},"primaryImageOfPage":{"@id":"https:\/\/gtartistoo.com\/shop\/tattoo-supplies\/disposable-tattoo-supplies\/tattoo-needle-rinse-cup\/#primaryimage"},"image":{"@id":"https:\/\/gtartistoo.com\/shop\/tattoo-supplies\/disposable-tattoo-supplies\/tattoo-needle-rinse-cup\/#primaryimage"},"thumbnailUrl":"https:\/\/gtartistoo.com\/wp-content\/uploads\/2026\/01\/tattoo-ink-wash-cup-disposable.jpg","datePublished":"2026-01-15T06:10:41+00:00","dateModified":"2026-01-23T07:59:46+00:00","description":"Gobelet de rin\u00e7age jetable pour aiguilles de tatouage avec \u00e9ponge absorbante pour un nettoyage rapide et hygi\u00e9nique des aiguilles. Id\u00e9al pour les aiguilles \u00e0 cartouche et les aiguilles traditionnelles.","breadcrumb":{"@id":"https:\/\/gtartistoo.com\/shop\/tattoo-supplies\/disposable-tattoo-supplies\/tattoo-needle-rinse-cup\/#breadcrumb"},"inLanguage":"fr-FR","potentialAction":[{"@type":"ReadAction","target":["https:\/\/gtartistoo.com\/shop\/tattoo-supplies\/disposable-tattoo-supplies\/tattoo-needle-rinse-cup\/"]}]},{"@type":"ImageObject","inLanguage":"fr-FR","@id":"https:\/\/gtartistoo.com\/shop\/tattoo-supplies\/disposable-tattoo-supplies\/tattoo-needle-rinse-cup\/#primaryimage","url":"https:\/\/gtartistoo.com\/wp-content\/uploads\/2026\/01\/tattoo-ink-wash-cup-disposable.jpg","contentUrl":"https:\/\/gtartistoo.com\/wp-content\/uploads\/2026\/01\/tattoo-ink-wash-cup-disposable.jpg","width":800,"height":800,"caption":"Disposable tattoo needle rinse cup for hygienic tattoo sessions"},{"@type":"BreadcrumbList","@id":"https:\/\/gtartistoo.com\/shop\/tattoo-supplies\/disposable-tattoo-supplies\/tattoo-needle-rinse-cup\/#breadcrumb","itemListElement":[{"@type":"ListItem","position":1,"name":"Home","item":"https:\/\/gtartistoo.com\/"},{"@type":"ListItem","position":2,"name":"Shop","item":"https:\/\/gtartistoo.com\/shop\/"},{"@type":"ListItem","position":3,"name":"Disposable Tattoo Needle Rinse Cup with Sponge \u2013 18pcs"}]},{"@type":"WebSite","@id":"https:\/\/gtartistoo.com\/#website","url":"https:\/\/gtartistoo.com\/","name":"gtartistoo.com","description":"","publisher":{"@id":"https:\/\/gtartistoo.com\/#organization"},"potentialAction":[{"@type":"SearchAction","target":{"@type":"EntryPoint","urlTemplate":"https:\/\/gtartistoo.com\/?s={search_term_string}"},"query-input":{"@type":"PropertyValueSpecification","valueRequired":true,"valueName":"search_term_string"}}],"inLanguage":"fr-FR"},{"@type":"Organization","@id":"https:\/\/gtartistoo.com\/#organization","name":"gtartistoo.com","url":"https:\/\/gtartistoo.com\/","logo":{"@type":"ImageObject","inLanguage":"fr-FR","@id":"https:\/\/gtartistoo.com\/#\/schema\/logo\/image\/","url":"https:\/\/gtartistoo.com\/wp-content\/uploads\/2025\/10\/logo.svg","contentUrl":"https:\/\/gtartistoo.com\/wp-content\/uploads\/2025\/10\/logo.svg","width":369,"height":124,"caption":"gtartistoo.com"},"image":{"@id":"https:\/\/gtartistoo.com\/#\/schema\/logo\/image\/"}}]},"product_price_amount":"13.99","product_price_currency":"USD","og_availability":"instock","product_availability":"instock","product_retailer_item_id":"31321","product_condition":"new"},"_links":{"self":[{"href":"https:\/\/gtartistoo.com\/fr\/wp-json\/wp\/v2\/product\/31321","targetHints":{"allow":["GET"]}}],"collection":[{"href":"https:\/\/gtartistoo.com\/fr\/wp-json\/wp\/v2\/product"}],"about":[{"href":"https:\/\/gtartistoo.com\/fr\/wp-json\/wp\/v2\/types\/product"}],"replies":[{"embeddable":true,"href":"https:\/\/gtartistoo.com\/fr\/wp-json\/wp\/v2\/comments?post=31321"}],"version-history":[{"count":1,"href":"https:\/\/gtartistoo.com\/fr\/wp-json\/wp\/v2\/product\/31321\/revisions"}],"predecessor-version":[{"id":31327,"href":"https:\/\/gtartistoo.com\/fr\/wp-json\/wp\/v2\/product\/31321\/revisions\/31327"}],"wp:featuredmedia":[{"embeddable":true,"href":"https:\/\/gtartistoo.com\/fr\/wp-json\/wp\/v2\/media\/31323"}],"wp:attachment":[{"href":"https:\/\/gtartistoo.com\/fr\/wp-json\/wp\/v2\/media?parent=31321"}],"wp:term":[{"taxonomy":"product_brand","embeddable":true,"href":"https:\/\/gtartistoo.com\/fr\/wp-json\/wp\/v2\/product_brand?post=31321"},{"taxonomy":"product_cat","embeddable":true,"href":"https:\/\/gtartistoo.com\/fr\/wp-json\/wp\/v2\/product_cat?post=31321"},{"taxonomy":"product_tag","embeddable":true,"href":"https:\/\/gtartistoo.com\/fr\/wp-json\/wp\/v2\/product_tag?post=31321"}],"curies":[{"name":"wp","href":"https:\/\/api.w.org\/{rel}","templated":true}]}}