{"id":31335,"date":"2026-01-16T06:13:05","date_gmt":"2026-01-16T06:13:05","guid":{"rendered":"https:\/\/gtartistoo.com\/?post_type=product&#038;p=31335"},"modified":"2026-01-20T05:24:28","modified_gmt":"2026-01-20T05:24:28","slug":"machine-a-tatouer-sans-fil-fy012802bc","status":"publish","type":"product","link":"https:\/\/gtartistoo.com\/fr\/boutique\/machine-a-tatouer\/machine-a-tatouer-sans-fil-fy012802bc\/","title":{"rendered":"Gtartistoo Machine \u00e0 tatouer sans fil Stylo avec course r\u00e9glable et affichage num\u00e9rique"},"content":{"rendered":"<h3 data-start=\"1693\" data-end=\"1752\">Machine \u00e0 tatouer sans fil pour les tatoueurs professionnels<\/h3>\n<p data-start=\"1754\" data-end=\"2044\">Le pr\u00e9sent <strong data-start=\"1759\" data-end=\"1786\">machine \u00e0 tatouer sans fil<\/strong> est con\u00e7u pour les artistes professionnels qui ont besoin de pr\u00e9cision, de stabilit\u00e9 et de libert\u00e9 de mouvement pendant les s\u00e9ances de tatouage. Gr\u00e2ce \u00e0 sa conception sans fil et \u00e0 son affichage num\u00e9rique int\u00e9gr\u00e9, il permet aux artistes de se concentrer sur des lignes nettes et des ombres douces sans restriction de c\u00e2ble.<\/p>\n<p data-start=\"2046\" data-end=\"2125\">Le corps compact et le poids \u00e9quilibr\u00e9 permettent de r\u00e9aliser des travaux de tatouage prolong\u00e9s.<\/p>\n<hr data-start=\"2127\" data-end=\"2130\" \/>\n<h2 data-start=\"2132\" data-end=\"2175\">Course r\u00e9glable pour le trac\u00e9 et l'ombrage<\/h2>\n<p data-start=\"2177\" data-end=\"2461\">Ce stylo de tatouage est dot\u00e9 d'un <strong data-start=\"2205\" data-end=\"2233\">longueur de course r\u00e9glable<\/strong>, L'appareil est \u00e9quip\u00e9 d'un syst\u00e8me de r\u00e9glage de l'intensit\u00e9 de la lumi\u00e8re, ce qui permet aux artistes de passer facilement de la doublure \u00e0 l'ombrage et \u00e0 l'emballage de la couleur. La plage r\u00e9glable permet de s'adapter \u00e0 diff\u00e9rents styles de tatouage, ce qui rend la machine adapt\u00e9e aux d\u00e9butants comme aux professionnels exp\u00e9riment\u00e9s.<\/p>\n<p data-start=\"2463\" data-end=\"2541\">La bague de r\u00e9glage de la course pr\u00e9sente des rep\u00e8res clairs pour un r\u00e9glage rapide et pr\u00e9cis.<\/p>\n<hr data-start=\"2543\" data-end=\"2546\" \/>\n<h2 data-start=\"2548\" data-end=\"2588\">Affichage num\u00e9rique et puissance de sortie stable<\/h2>\n<p data-start=\"2590\" data-end=\"2791\">L'\u00e9cran num\u00e9rique int\u00e9gr\u00e9 affiche la tension, l'\u00e9tat de fonctionnement et le niveau de la batterie en un coup d'\u0153il. Cela permet de maintenir une puissance constante pendant les sessions et de r\u00e9duire les interruptions caus\u00e9es par les fluctuations de puissance.<\/p>\n<p data-start=\"2793\" data-end=\"2873\">La stabilit\u00e9 de la tension d\u00e9livr\u00e9e garantit un mouvement r\u00e9gulier de l'aiguille et des performances fiables.<\/p>\n<hr data-start=\"2875\" data-end=\"2878\" \/>\n<h2 data-start=\"2880\" data-end=\"2921\">Conception sans fil avec une longue dur\u00e9e de vie de la batterie<\/h2>\n<p data-start=\"2923\" data-end=\"3119\">Aliment\u00e9 par une batterie haute capacit\u00e9, ce stylo de tatouage sans fil offre une dur\u00e9e de travail prolong\u00e9e avec une seule charge. La conception sans fil am\u00e9liore la mobilit\u00e9 et permet de garder le poste de travail propre et organis\u00e9.<\/p>\n<p data-start=\"3121\" data-end=\"3194\">Le chargement est rapide et pratique, ce qui permet une utilisation quotidienne en studio.<\/p>\n<hr data-start=\"3196\" data-end=\"3199\" \/>\n<h2 data-start=\"3201\" data-end=\"3226\">Sp\u00e9cifications des produits<\/h2>\n<ul data-start=\"3228\" data-end=\"3558\">\n<li data-start=\"3228\" data-end=\"3269\">\n<p data-start=\"3230\" data-end=\"3269\"><strong data-start=\"3230\" data-end=\"3239\">Type :<\/strong> Machine \u00e0 tatouer sans fil<\/p>\n<\/li>\n<li data-start=\"3270\" data-end=\"3302\">\n<p data-start=\"3272\" data-end=\"3302\"><strong data-start=\"3272\" data-end=\"3285\">Mat\u00e9riau :<\/strong> Alliage d'aluminium<\/p>\n<\/li>\n<li data-start=\"3303\" data-end=\"3349\">\n<p data-start=\"3305\" data-end=\"3349\"><strong data-start=\"3305\" data-end=\"3323\">Longueur de la course :<\/strong> R\u00e9glable (2,3-4,5 mm)<\/p>\n<\/li>\n<li data-start=\"3350\" data-end=\"3379\">\n<p data-start=\"3352\" data-end=\"3379\"><strong data-start=\"3352\" data-end=\"3362\">Vitesse :<\/strong> 8000 RPM \/ 10V<\/p>\n<\/li>\n<li data-start=\"3380\" data-end=\"3410\">\n<p data-start=\"3382\" data-end=\"3410\"><strong data-start=\"3382\" data-end=\"3402\">Tension de fonctionnement :<\/strong> 4-12V<\/p>\n<\/li>\n<li data-start=\"3411\" data-end=\"3445\">\n<p data-start=\"3413\" data-end=\"3445\"><strong data-start=\"3413\" data-end=\"3434\">Capacit\u00e9 de la batterie :<\/strong> 2000 mAh<\/p>\n<\/li>\n<li data-start=\"3446\" data-end=\"3477\">\n<p data-start=\"3448\" data-end=\"3477\"><strong data-start=\"3448\" data-end=\"3465\">Temps de travail :<\/strong> 6-9 heures<\/p>\n<\/li>\n<li data-start=\"3478\" data-end=\"3510\">\n<p data-start=\"3480\" data-end=\"3510\"><strong data-start=\"3480\" data-end=\"3498\">Temps de charge :<\/strong> 2-3 heures<\/p>\n<\/li>\n<li data-start=\"3511\" data-end=\"3532\">\n<p data-start=\"3513\" data-end=\"3532\"><strong data-start=\"3513\" data-end=\"3524\">Poids :<\/strong> 220 g<\/p>\n<\/li>\n<li data-start=\"3533\" data-end=\"3558\">\n<p data-start=\"3535\" data-end=\"3558\"><strong data-start=\"3535\" data-end=\"3544\">Taille :<\/strong> 40 \u00d7 133 mm<\/p>\n<\/li>\n<\/ul>\n<hr data-start=\"3560\" data-end=\"3563\" \/>\n<h2 data-start=\"3565\" data-end=\"3608\">Convient aux studios de tatouage professionnels<\/h2>\n<p data-start=\"3610\" data-end=\"3759\">Ce stylo de tatouage sans fil est id\u00e9al pour les studios de tatouage professionnels, les artistes invit\u00e9s et les longues s\u00e9ances de tatouage o\u00f9 la stabilit\u00e9 et le confort sont essentiels.<\/p>","protected":false},"excerpt":{"rendered":"<p>Machine \u00e0 tatouer professionnelle sans fil con\u00e7ue pour une puissance de sortie stable, un contr\u00f4le r\u00e9glable de la course et une utilisation confortable pendant de longues sessions.<\/p>","protected":false},"featured_media":31346,"comment_status":"open","ping_status":"closed","template":"","meta":[],"product_brand":[],"product_cat":[77],"product_tag":[302,299],"class_list":{"0":"post-31335","1":"product","2":"type-product","3":"status-publish","4":"has-post-thumbnail","6":"product_cat-tattoo-machine","7":"product_tag-tattoo-pen-machine","8":"product_tag-wireless-tattoo-machine","10":"first","11":"instock","12":"taxable","13":"shipping-taxable","14":"purchasable","15":"product-type-variable","16":"has-default-attributes"},"yoast_head":"<!-- This site is optimized with the Yoast SEO Premium plugin v26.2 (Yoast SEO v26.2) - https:\/\/yoast.com\/wordpress\/plugins\/seo\/ -->\n<title>Wireless Tattoo Machine | Adjustable Stroke Tattoo Pen<\/title>\n<meta name=\"description\" content=\"Professional wireless tattoo machine with adjustable stroke and digital display. Cordless design for precise lining and smooth shading.\" \/>\n<meta name=\"robots\" content=\"index, follow, max-snippet:-1, max-image-preview:large, max-video-preview:-1\" \/>\n<link rel=\"canonical\" href=\"https:\/\/gtartistoo.com\/fr\/boutique\/machine-a-tatouer\/machine-a-tatouer-sans-fil-fy012802bc\/\" \/>\n<meta property=\"og:locale\" content=\"fr_FR\" \/>\n<meta property=\"og:type\" content=\"article\" \/>\n<meta property=\"og:title\" content=\"Gtartistoo Wireless Tattoo Machine Pen with Adjustable Stroke &amp; Digital Display\" \/>\n<meta property=\"og:description\" content=\"Professional wireless tattoo machine with adjustable stroke and digital display. Cordless design for precise lining and smooth shading.\" \/>\n<meta property=\"og:url\" content=\"https:\/\/gtartistoo.com\/fr\/boutique\/machine-a-tatouer\/machine-a-tatouer-sans-fil-fy012802bc\/\" \/>\n<meta property=\"og:site_name\" content=\"gtartistoo.com\" \/>\n<meta property=\"article:modified_time\" content=\"2026-01-20T05:24:28+00:00\" \/>\n<meta property=\"og:image\" content=\"https:\/\/gtartistoo.com\/wp-content\/uploads\/2026\/01\/FY012802BC-wireless-tattoo-machine-pen.jpg\" \/>\n\t<meta property=\"og:image:width\" content=\"1920\" \/>\n\t<meta property=\"og:image:height\" content=\"1920\" \/>\n\t<meta property=\"og:image:type\" content=\"image\/jpeg\" \/>\n<meta name=\"twitter:card\" content=\"summary_large_image\" \/>\n<meta name=\"twitter:label1\" content=\"Disponibilit\u00e9\" \/>\n\t<meta name=\"twitter:data1\" content=\"En stock\" \/>\n<script type=\"application\/ld+json\" class=\"yoast-schema-graph\">{\"@context\":\"https:\/\/schema.org\",\"@graph\":[{\"@type\":\"WebPage\",\"@id\":\"https:\/\/gtartistoo.com\/shop\/tattoo-machine\/wireless-tattoo-machine-fy012802bc\/\",\"url\":\"https:\/\/gtartistoo.com\/shop\/tattoo-machine\/wireless-tattoo-machine-fy012802bc\/\",\"name\":\"Wireless Tattoo Machine | Adjustable Stroke Tattoo Pen\",\"isPartOf\":{\"@id\":\"https:\/\/gtartistoo.com\/#website\"},\"primaryImageOfPage\":{\"@id\":\"https:\/\/gtartistoo.com\/shop\/tattoo-machine\/wireless-tattoo-machine-fy012802bc\/#primaryimage\"},\"image\":{\"@id\":\"https:\/\/gtartistoo.com\/shop\/tattoo-machine\/wireless-tattoo-machine-fy012802bc\/#primaryimage\"},\"thumbnailUrl\":\"https:\/\/gtartistoo.com\/wp-content\/uploads\/2026\/01\/FY012802BC-wireless-tattoo-machine-pen.jpg\",\"datePublished\":\"2026-01-16T06:13:05+00:00\",\"dateModified\":\"2026-01-20T05:24:28+00:00\",\"description\":\"Professional wireless tattoo machine with adjustable stroke and digital display. Cordless design for precise lining and smooth shading.\",\"breadcrumb\":{\"@id\":\"https:\/\/gtartistoo.com\/shop\/tattoo-machine\/wireless-tattoo-machine-fy012802bc\/#breadcrumb\"},\"inLanguage\":\"fr-FR\",\"potentialAction\":[{\"@type\":\"ReadAction\",\"target\":[\"https:\/\/gtartistoo.com\/shop\/tattoo-machine\/wireless-tattoo-machine-fy012802bc\/\"]}]},{\"@type\":\"ImageObject\",\"inLanguage\":\"fr-FR\",\"@id\":\"https:\/\/gtartistoo.com\/shop\/tattoo-machine\/wireless-tattoo-machine-fy012802bc\/#primaryimage\",\"url\":\"https:\/\/gtartistoo.com\/wp-content\/uploads\/2026\/01\/FY012802BC-wireless-tattoo-machine-pen.jpg\",\"contentUrl\":\"https:\/\/gtartistoo.com\/wp-content\/uploads\/2026\/01\/FY012802BC-wireless-tattoo-machine-pen.jpg\",\"width\":1920,\"height\":1920,\"caption\":\"Wireless tattoo machine with adjustable stroke and digital display\"},{\"@type\":\"BreadcrumbList\",\"@id\":\"https:\/\/gtartistoo.com\/shop\/tattoo-machine\/wireless-tattoo-machine-fy012802bc\/#breadcrumb\",\"itemListElement\":[{\"@type\":\"ListItem\",\"position\":1,\"name\":\"Home\",\"item\":\"https:\/\/gtartistoo.com\/\"},{\"@type\":\"ListItem\",\"position\":2,\"name\":\"Shop\",\"item\":\"https:\/\/gtartistoo.com\/shop\/\"},{\"@type\":\"ListItem\",\"position\":3,\"name\":\"Gtartistoo Wireless Tattoo Machine Pen with Adjustable Stroke &#038; Digital Display\"}]},{\"@type\":\"WebSite\",\"@id\":\"https:\/\/gtartistoo.com\/#website\",\"url\":\"https:\/\/gtartistoo.com\/\",\"name\":\"gtartistoo.com\",\"description\":\"\",\"publisher\":{\"@id\":\"https:\/\/gtartistoo.com\/#organization\"},\"potentialAction\":[{\"@type\":\"SearchAction\",\"target\":{\"@type\":\"EntryPoint\",\"urlTemplate\":\"https:\/\/gtartistoo.com\/?s={search_term_string}\"},\"query-input\":{\"@type\":\"PropertyValueSpecification\",\"valueRequired\":true,\"valueName\":\"search_term_string\"}}],\"inLanguage\":\"fr-FR\"},{\"@type\":\"Organization\",\"@id\":\"https:\/\/gtartistoo.com\/#organization\",\"name\":\"gtartistoo.com\",\"url\":\"https:\/\/gtartistoo.com\/\",\"logo\":{\"@type\":\"ImageObject\",\"inLanguage\":\"fr-FR\",\"@id\":\"https:\/\/gtartistoo.com\/#\/schema\/logo\/image\/\",\"url\":\"https:\/\/gtartistoo.com\/wp-content\/uploads\/2025\/10\/logo.svg\",\"contentUrl\":\"https:\/\/gtartistoo.com\/wp-content\/uploads\/2025\/10\/logo.svg\",\"width\":369,\"height\":124,\"caption\":\"gtartistoo.com\"},\"image\":{\"@id\":\"https:\/\/gtartistoo.com\/#\/schema\/logo\/image\/\"}}]}<\/script>\n<meta property=\"og:availability\" content=\"instock\" \/>\n<meta property=\"product:availability\" content=\"instock\" \/>\n<meta property=\"product:retailer_item_id\" content=\"31335\" \/>\n<meta property=\"product:condition\" content=\"new\" \/>\n<!-- \/ Yoast SEO Premium plugin. -->","yoast_head_json":{"title":"Machine \u00e0 tatouer sans fil | Stylo de tatouage \u00e0 course r\u00e9glable","description":"Machine \u00e0 tatouer professionnelle sans fil avec course r\u00e9glable et affichage num\u00e9rique. Conception sans fil pour un trac\u00e9 pr\u00e9cis et un ombrage doux.","robots":{"index":"index","follow":"follow","max-snippet":"max-snippet:-1","max-image-preview":"max-image-preview:large","max-video-preview":"max-video-preview:-1"},"canonical":"https:\/\/gtartistoo.com\/fr\/boutique\/machine-a-tatouer\/machine-a-tatouer-sans-fil-fy012802bc\/","og_locale":"fr_FR","og_type":"article","og_title":"Gtartistoo Wireless Tattoo Machine Pen with Adjustable Stroke & Digital Display","og_description":"Professional wireless tattoo machine with adjustable stroke and digital display. Cordless design for precise lining and smooth shading.","og_url":"https:\/\/gtartistoo.com\/fr\/boutique\/machine-a-tatouer\/machine-a-tatouer-sans-fil-fy012802bc\/","og_site_name":"gtartistoo.com","article_modified_time":"2026-01-20T05:24:28+00:00","og_image":[{"width":1920,"height":1920,"url":"https:\/\/gtartistoo.com\/wp-content\/uploads\/2026\/01\/FY012802BC-wireless-tattoo-machine-pen.jpg","type":"image\/jpeg"}],"twitter_card":"summary_large_image","twitter_misc":{"Disponibilit\u00e9":"En stock"},"schema":{"@context":"https:\/\/schema.org","@graph":[{"@type":"WebPage","@id":"https:\/\/gtartistoo.com\/shop\/tattoo-machine\/wireless-tattoo-machine-fy012802bc\/","url":"https:\/\/gtartistoo.com\/shop\/tattoo-machine\/wireless-tattoo-machine-fy012802bc\/","name":"Machine \u00e0 tatouer sans fil | Stylo de tatouage \u00e0 course r\u00e9glable","isPartOf":{"@id":"https:\/\/gtartistoo.com\/#website"},"primaryImageOfPage":{"@id":"https:\/\/gtartistoo.com\/shop\/tattoo-machine\/wireless-tattoo-machine-fy012802bc\/#primaryimage"},"image":{"@id":"https:\/\/gtartistoo.com\/shop\/tattoo-machine\/wireless-tattoo-machine-fy012802bc\/#primaryimage"},"thumbnailUrl":"https:\/\/gtartistoo.com\/wp-content\/uploads\/2026\/01\/FY012802BC-wireless-tattoo-machine-pen.jpg","datePublished":"2026-01-16T06:13:05+00:00","dateModified":"2026-01-20T05:24:28+00:00","description":"Machine \u00e0 tatouer professionnelle sans fil avec course r\u00e9glable et affichage num\u00e9rique. Conception sans fil pour un trac\u00e9 pr\u00e9cis et un ombrage doux.","breadcrumb":{"@id":"https:\/\/gtartistoo.com\/shop\/tattoo-machine\/wireless-tattoo-machine-fy012802bc\/#breadcrumb"},"inLanguage":"fr-FR","potentialAction":[{"@type":"ReadAction","target":["https:\/\/gtartistoo.com\/shop\/tattoo-machine\/wireless-tattoo-machine-fy012802bc\/"]}]},{"@type":"ImageObject","inLanguage":"fr-FR","@id":"https:\/\/gtartistoo.com\/shop\/tattoo-machine\/wireless-tattoo-machine-fy012802bc\/#primaryimage","url":"https:\/\/gtartistoo.com\/wp-content\/uploads\/2026\/01\/FY012802BC-wireless-tattoo-machine-pen.jpg","contentUrl":"https:\/\/gtartistoo.com\/wp-content\/uploads\/2026\/01\/FY012802BC-wireless-tattoo-machine-pen.jpg","width":1920,"height":1920,"caption":"Wireless tattoo machine with adjustable stroke and digital display"},{"@type":"BreadcrumbList","@id":"https:\/\/gtartistoo.com\/shop\/tattoo-machine\/wireless-tattoo-machine-fy012802bc\/#breadcrumb","itemListElement":[{"@type":"ListItem","position":1,"name":"Home","item":"https:\/\/gtartistoo.com\/"},{"@type":"ListItem","position":2,"name":"Shop","item":"https:\/\/gtartistoo.com\/shop\/"},{"@type":"ListItem","position":3,"name":"Gtartistoo Wireless Tattoo Machine Pen with Adjustable Stroke &#038; Digital Display"}]},{"@type":"WebSite","@id":"https:\/\/gtartistoo.com\/#website","url":"https:\/\/gtartistoo.com\/","name":"gtartistoo.com","description":"","publisher":{"@id":"https:\/\/gtartistoo.com\/#organization"},"potentialAction":[{"@type":"SearchAction","target":{"@type":"EntryPoint","urlTemplate":"https:\/\/gtartistoo.com\/?s={search_term_string}"},"query-input":{"@type":"PropertyValueSpecification","valueRequired":true,"valueName":"search_term_string"}}],"inLanguage":"fr-FR"},{"@type":"Organization","@id":"https:\/\/gtartistoo.com\/#organization","name":"gtartistoo.com","url":"https:\/\/gtartistoo.com\/","logo":{"@type":"ImageObject","inLanguage":"fr-FR","@id":"https:\/\/gtartistoo.com\/#\/schema\/logo\/image\/","url":"https:\/\/gtartistoo.com\/wp-content\/uploads\/2025\/10\/logo.svg","contentUrl":"https:\/\/gtartistoo.com\/wp-content\/uploads\/2025\/10\/logo.svg","width":369,"height":124,"caption":"gtartistoo.com"},"image":{"@id":"https:\/\/gtartistoo.com\/#\/schema\/logo\/image\/"}}]},"og_availability":"instock","product_availability":"instock","product_retailer_item_id":"31335","product_condition":"new"},"_links":{"self":[{"href":"https:\/\/gtartistoo.com\/fr\/wp-json\/wp\/v2\/product\/31335","targetHints":{"allow":["GET"]}}],"collection":[{"href":"https:\/\/gtartistoo.com\/fr\/wp-json\/wp\/v2\/product"}],"about":[{"href":"https:\/\/gtartistoo.com\/fr\/wp-json\/wp\/v2\/types\/product"}],"replies":[{"embeddable":true,"href":"https:\/\/gtartistoo.com\/fr\/wp-json\/wp\/v2\/comments?post=31335"}],"version-history":[{"count":2,"href":"https:\/\/gtartistoo.com\/fr\/wp-json\/wp\/v2\/product\/31335\/revisions"}],"predecessor-version":[{"id":31444,"href":"https:\/\/gtartistoo.com\/fr\/wp-json\/wp\/v2\/product\/31335\/revisions\/31444"}],"wp:featuredmedia":[{"embeddable":true,"href":"https:\/\/gtartistoo.com\/fr\/wp-json\/wp\/v2\/media\/31346"}],"wp:attachment":[{"href":"https:\/\/gtartistoo.com\/fr\/wp-json\/wp\/v2\/media?parent=31335"}],"wp:term":[{"taxonomy":"product_brand","embeddable":true,"href":"https:\/\/gtartistoo.com\/fr\/wp-json\/wp\/v2\/product_brand?post=31335"},{"taxonomy":"product_cat","embeddable":true,"href":"https:\/\/gtartistoo.com\/fr\/wp-json\/wp\/v2\/product_cat?post=31335"},{"taxonomy":"product_tag","embeddable":true,"href":"https:\/\/gtartistoo.com\/fr\/wp-json\/wp\/v2\/product_tag?post=31335"}],"curies":[{"name":"wp","href":"https:\/\/api.w.org\/{rel}","templated":true}]}}